{"id":42013,"date":"2020-12-21T08:29:22","date_gmt":"2023-06-05T14:56:29","guid":{"rendered":"https:\/\/cardinal.pixel-tal.de\/klebebaender\/bez-kategorii\/at132-tasma-klejaca\/"},"modified":"2025-07-02T14:14:14","modified_gmt":"2025-07-02T12:14:14","slug":"at132-duct-tape","status":"publish","type":"product","link":"https:\/\/cardinal-tapes.com\/pl\/ta\u015bmy-samoprzylepne\/obszary-zastosowan\/przemysl-budowlany\/at132-duct-tape\/","title":{"rendered":"AT132 Ta\u015bma klej\u0105ca"},"content":{"rendered":"<div class=\"first_para_desc\">\n<div class=\"first_para_desc\">\n<p>AT132 to laminowana, wodoodporna, b\u0142yszcz\u0105ca ta\u015bma z tkaniny poliuretanowej pokryta agresywnym, wra\u017cliwym na nacisk, bezrozpuszczalnikowym klejem kauczukowym.<\/p>\n<\/div>\n<div class=\"rest_of_desc\">\n<p>Grubo\u015b\u0107 pow\u0142oki AT132 zapewnia zwi\u0119kszon\u0105 wytrzyma\u0142o\u015b\u0107 i odporno\u015b\u0107 na \u015bcieranie. Ta\u015bma jest idealna do u\u017cytku wewn\u0105trz i na zewn\u0105trz pomieszcze\u0144. Ta\u015bma jest \u0142atwa do zerwania i bardzo dobrze dopasowuje si\u0119 do trudnych powierzchni.<\/p>\n<p>AT132 nadaje si\u0119 do wielu r\u00f3\u017cnych zastosowa\u0144, w kt\u00f3rych wymagana jest ta\u015bma tkaninowa o wysokiej przyczepno\u015bci, odporno\u015bci na \u015bcieranie i \u0142atwo\u015bci zrywania.<\/p>\n<p><strong>Zastosowania<\/strong><\/p>\n<ul>\n<li>Mocowanie folii, uszczelnianie kombinezon\u00f3w i work\u00f3w na odpady oraz do u\u017cytku og\u00f3lnego.<\/li>\n<li>Do maskowania wok\u00f3\u0142 podw\u00f3jnych szyb, dla \u0142atwej obs\u0142ugi i mocowania uszczelniacza.<\/li>\n<li>Do wi\u0105zania materia\u0142\u00f3w, uszczelniania kana\u0142\u00f3w powietrznych i mocowania os\u0142on do ramion natryskowych robot\u00f3w w przemy\u015ble motoryzacyjnym.<\/li>\n<li>Do konserwacji, napraw, uszczelniania, klejenia, pokrywania i ochrony wielu powierzchni i materia\u0142\u00f3w.<\/li>\n<li>Przytrzymywanie p\u0142yt aluminiowych w urz\u0105dzeniach ch\u0142odz\u0105cych<\/li>\n<\/ul>\n<\/div>\n<\/div>\n","protected":false},"excerpt":{"rendered":"<p>AT132 to laminowana, wodoodporna, b\u0142yszcz\u0105ca ta\u015bma z tkaniny poliuretanowej pokryta agresywnym, wra\u017cliwym na nacisk, bezrozpuszczalnikowym klejem kauczukowym. Grubo\u015b\u0107 pow\u0142oki AT132 zapewnia zwi\u0119kszon\u0105 wytrzyma\u0142o\u015b\u0107 i odporno\u015b\u0107 na \u015bcieranie. Ta\u015bma jest idealna do u\u017cytku wewn\u0105trz i na zewn\u0105trz pomieszcze\u0144. Ta\u015bma jest \u0142atwa do zerwania i bardzo dobrze dopasowuje si\u0119 do trudnych powierzchni. AT132 nadaje si\u0119 do wielu [&hellip;]<\/p>\n","protected":false},"featured_media":28662,"template":"","meta":{"_acf_changed":false},"pwb-brand":[2419],"product_brand":[],"product_cat":[1689,1715,1717,1816],"product_tag":[],"class_list":{"0":"post-42013","1":"product","2":"type-product","3":"status-publish","4":"has-post-thumbnail","6":"pwb-brand-advance-tapes-pl","7":"product_cat-przemysl-budowlany","8":"product_cat-tasma-klejaca-do-tkanin","9":"product_cat-tasma-powlekana-tworzywem-sztucznym","10":"product_cat-jednostronne-tasmy-samoprzylepne","12":"first","13":"instock","14":"taxable","15":"shipping-taxable","16":"purchasable","17":"product-type-variable"},"acf":[],"yoast_head":"<!-- This site is optimized with the Yoast SEO plugin v27.3 - https:\/\/yoast.com\/product\/yoast-seo-wordpress\/ -->\n<title>AT132 Ta\u015bma Duct-Tape o wysokiej przyczepno\u015bci | Cardinal TAPES<\/title>\n<meta name=\"description\" content=\"AT132 to laminowana, wodoodporna, b\u0142yszcz\u0105ca ta\u015bma z tkaniny poliuretanowej pokryta agresywnym, wra\u017cliwym na nacisk, bezrozpuszczalnikowym klejem kauczukowym.\" \/>\n<meta name=\"robots\" content=\"index, follow, max-snippet:-1, max-image-preview:large, max-video-preview:-1\" \/>\n<link rel=\"canonical\" href=\"https:\/\/cardinal-tapes.com\/pl\/ta\u015bmy-samoprzylepne\/obszary-zastosowan\/przemysl-budowlany\/at132-duct-tape\/\" \/>\n<meta property=\"og:locale\" content=\"pl_PL\" \/>\n<meta property=\"og:type\" content=\"article\" \/>\n<meta property=\"og:title\" content=\"AT132 Ta\u015bma Duct-Tape o wysokiej przyczepno\u015bci | Cardinal TAPES\" \/>\n<meta property=\"og:description\" content=\"AT132 to laminowana, wodoodporna, b\u0142yszcz\u0105ca ta\u015bma z tkaniny poliuretanowej pokryta agresywnym, wra\u017cliwym na nacisk, bezrozpuszczalnikowym klejem kauczukowym.\" \/>\n<meta property=\"og:url\" content=\"https:\/\/cardinal-tapes.com\/pl\/ta\u015bmy-samoprzylepne\/obszary-zastosowan\/przemysl-budowlany\/at132-duct-tape\/\" \/>\n<meta property=\"og:site_name\" content=\"cardinal TAPES\" \/>\n<meta property=\"article:modified_time\" content=\"2025-07-02T12:14:14+00:00\" \/>\n<meta property=\"og:image\" content=\"https:\/\/cardinal-tapes.com\/wp-content\/uploads\/Advance-Tapes_AT132_Group.jpg\" \/>\n\t<meta property=\"og:image:width\" content=\"600\" \/>\n\t<meta property=\"og:image:height\" content=\"600\" \/>\n\t<meta property=\"og:image:type\" content=\"image\/jpeg\" \/>\n<meta name=\"twitter:card\" content=\"summary_large_image\" \/>\n<meta name=\"twitter:label1\" content=\"Szacowany czas czytania\" \/>\n\t<meta name=\"twitter:data1\" content=\"1 minuta\" \/>\n<script type=\"application\/ld+json\" class=\"yoast-schema-graph\">{\"@context\":\"https:\\\/\\\/schema.org\",\"@graph\":[{\"@type\":\"WebPage\",\"@id\":\"https:\\\/\\\/cardinal-tapes.com\\\/pl\\\/ta\u015bmy-samoprzylepne\\\/obszary-zastosowan\\\/przemysl-budowlany\\\/at132-duct-tape\\\/\",\"url\":\"https:\\\/\\\/cardinal-tapes.com\\\/pl\\\/ta\u015bmy-samoprzylepne\\\/obszary-zastosowan\\\/przemysl-budowlany\\\/at132-duct-tape\\\/\",\"name\":\"AT132 Ta\u015bma Duct-Tape o wysokiej przyczepno\u015bci | Cardinal TAPES\",\"isPartOf\":{\"@id\":\"https:\\\/\\\/cardinal-tapes.com\\\/#website\"},\"primaryImageOfPage\":{\"@id\":\"https:\\\/\\\/cardinal-tapes.com\\\/pl\\\/ta\u015bmy-samoprzylepne\\\/obszary-zastosowan\\\/przemysl-budowlany\\\/at132-duct-tape\\\/#primaryimage\"},\"image\":{\"@id\":\"https:\\\/\\\/cardinal-tapes.com\\\/pl\\\/ta\u015bmy-samoprzylepne\\\/obszary-zastosowan\\\/przemysl-budowlany\\\/at132-duct-tape\\\/#primaryimage\"},\"thumbnailUrl\":\"https:\\\/\\\/cardinal-tapes.com\\\/wp-content\\\/uploads\\\/Advance-Tapes_AT132_Group.jpg\",\"datePublished\":\"2023-06-05T14:56:29+00:00\",\"dateModified\":\"2025-07-02T12:14:14+00:00\",\"description\":\"AT132 to laminowana, wodoodporna, b\u0142yszcz\u0105ca ta\u015bma z tkaniny poliuretanowej pokryta agresywnym, wra\u017cliwym na nacisk, bezrozpuszczalnikowym klejem kauczukowym.\",\"breadcrumb\":{\"@id\":\"https:\\\/\\\/cardinal-tapes.com\\\/pl\\\/ta\u015bmy-samoprzylepne\\\/obszary-zastosowan\\\/przemysl-budowlany\\\/at132-duct-tape\\\/#breadcrumb\"},\"inLanguage\":\"pl-PL\",\"potentialAction\":[{\"@type\":\"ReadAction\",\"target\":[\"https:\\\/\\\/cardinal-tapes.com\\\/pl\\\/ta\u015bmy-samoprzylepne\\\/obszary-zastosowan\\\/przemysl-budowlany\\\/at132-duct-tape\\\/\"]}]},{\"@type\":\"ImageObject\",\"inLanguage\":\"pl-PL\",\"@id\":\"https:\\\/\\\/cardinal-tapes.com\\\/pl\\\/ta\u015bmy-samoprzylepne\\\/obszary-zastosowan\\\/przemysl-budowlany\\\/at132-duct-tape\\\/#primaryimage\",\"url\":\"https:\\\/\\\/cardinal-tapes.com\\\/wp-content\\\/uploads\\\/Advance-Tapes_AT132_Group.jpg\",\"contentUrl\":\"https:\\\/\\\/cardinal-tapes.com\\\/wp-content\\\/uploads\\\/Advance-Tapes_AT132_Group.jpg\",\"width\":600,\"height\":600},{\"@type\":\"BreadcrumbList\",\"@id\":\"https:\\\/\\\/cardinal-tapes.com\\\/pl\\\/ta\u015bmy-samoprzylepne\\\/obszary-zastosowan\\\/przemysl-budowlany\\\/at132-duct-tape\\\/#breadcrumb\",\"itemListElement\":[{\"@type\":\"ListItem\",\"position\":1,\"name\":\"Startseite\",\"item\":\"https:\\\/\\\/cardinal-tapes.com\\\/pl\\\/strona-glowna\\\/\"},{\"@type\":\"ListItem\",\"position\":2,\"name\":\"Ta\u015bmy samoprzylepne\",\"item\":\"https:\\\/\\\/cardinal-tapes.com\\\/pl\\\/tasmy-samoprzylepne-pl\\\/\"},{\"@type\":\"ListItem\",\"position\":3,\"name\":\"Einseitige Klebeb\u00e4nder\",\"item\":\"https:\\\/\\\/cardinal-tapes.com\\\/kategorie\\\/einseitige-klebebaender\\\/\"},{\"@type\":\"ListItem\",\"position\":4,\"name\":\"AT132 Ta\u015bma klej\u0105ca\"}]},{\"@type\":\"WebSite\",\"@id\":\"https:\\\/\\\/cardinal-tapes.com\\\/#website\",\"url\":\"https:\\\/\\\/cardinal-tapes.com\\\/\",\"name\":\"cardinal TAPES\",\"description\":\"Klebetechnik aus Wuppertal\",\"potentialAction\":[{\"@type\":\"SearchAction\",\"target\":{\"@type\":\"EntryPoint\",\"urlTemplate\":\"https:\\\/\\\/cardinal-tapes.com\\\/?s={search_term_string}\"},\"query-input\":{\"@type\":\"PropertyValueSpecification\",\"valueRequired\":true,\"valueName\":\"search_term_string\"}}],\"inLanguage\":\"pl-PL\"}]}<\/script>\n<!-- \/ Yoast SEO plugin. -->","yoast_head_json":{"title":"AT132 Ta\u015bma Duct-Tape o wysokiej przyczepno\u015bci | Cardinal TAPES","description":"AT132 to laminowana, wodoodporna, b\u0142yszcz\u0105ca ta\u015bma z tkaniny poliuretanowej pokryta agresywnym, wra\u017cliwym na nacisk, bezrozpuszczalnikowym klejem kauczukowym.","robots":{"index":"index","follow":"follow","max-snippet":"max-snippet:-1","max-image-preview":"max-image-preview:large","max-video-preview":"max-video-preview:-1"},"canonical":"https:\/\/cardinal-tapes.com\/pl\/ta\u015bmy-samoprzylepne\/obszary-zastosowan\/przemysl-budowlany\/at132-duct-tape\/","og_locale":"pl_PL","og_type":"article","og_title":"AT132 Ta\u015bma Duct-Tape o wysokiej przyczepno\u015bci | Cardinal TAPES","og_description":"AT132 to laminowana, wodoodporna, b\u0142yszcz\u0105ca ta\u015bma z tkaniny poliuretanowej pokryta agresywnym, wra\u017cliwym na nacisk, bezrozpuszczalnikowym klejem kauczukowym.","og_url":"https:\/\/cardinal-tapes.com\/pl\/ta\u015bmy-samoprzylepne\/obszary-zastosowan\/przemysl-budowlany\/at132-duct-tape\/","og_site_name":"cardinal TAPES","article_modified_time":"2025-07-02T12:14:14+00:00","og_image":[{"width":600,"height":600,"url":"https:\/\/cardinal-tapes.com\/wp-content\/uploads\/Advance-Tapes_AT132_Group.jpg","type":"image\/jpeg"}],"twitter_card":"summary_large_image","twitter_misc":{"Szacowany czas czytania":"1 minuta"},"schema":{"@context":"https:\/\/schema.org","@graph":[{"@type":"WebPage","@id":"https:\/\/cardinal-tapes.com\/pl\/ta\u015bmy-samoprzylepne\/obszary-zastosowan\/przemysl-budowlany\/at132-duct-tape\/","url":"https:\/\/cardinal-tapes.com\/pl\/ta\u015bmy-samoprzylepne\/obszary-zastosowan\/przemysl-budowlany\/at132-duct-tape\/","name":"AT132 Ta\u015bma Duct-Tape o wysokiej przyczepno\u015bci | Cardinal TAPES","isPartOf":{"@id":"https:\/\/cardinal-tapes.com\/#website"},"primaryImageOfPage":{"@id":"https:\/\/cardinal-tapes.com\/pl\/ta\u015bmy-samoprzylepne\/obszary-zastosowan\/przemysl-budowlany\/at132-duct-tape\/#primaryimage"},"image":{"@id":"https:\/\/cardinal-tapes.com\/pl\/ta\u015bmy-samoprzylepne\/obszary-zastosowan\/przemysl-budowlany\/at132-duct-tape\/#primaryimage"},"thumbnailUrl":"https:\/\/cardinal-tapes.com\/wp-content\/uploads\/Advance-Tapes_AT132_Group.jpg","datePublished":"2023-06-05T14:56:29+00:00","dateModified":"2025-07-02T12:14:14+00:00","description":"AT132 to laminowana, wodoodporna, b\u0142yszcz\u0105ca ta\u015bma z tkaniny poliuretanowej pokryta agresywnym, wra\u017cliwym na nacisk, bezrozpuszczalnikowym klejem kauczukowym.","breadcrumb":{"@id":"https:\/\/cardinal-tapes.com\/pl\/ta\u015bmy-samoprzylepne\/obszary-zastosowan\/przemysl-budowlany\/at132-duct-tape\/#breadcrumb"},"inLanguage":"pl-PL","potentialAction":[{"@type":"ReadAction","target":["https:\/\/cardinal-tapes.com\/pl\/ta\u015bmy-samoprzylepne\/obszary-zastosowan\/przemysl-budowlany\/at132-duct-tape\/"]}]},{"@type":"ImageObject","inLanguage":"pl-PL","@id":"https:\/\/cardinal-tapes.com\/pl\/ta\u015bmy-samoprzylepne\/obszary-zastosowan\/przemysl-budowlany\/at132-duct-tape\/#primaryimage","url":"https:\/\/cardinal-tapes.com\/wp-content\/uploads\/Advance-Tapes_AT132_Group.jpg","contentUrl":"https:\/\/cardinal-tapes.com\/wp-content\/uploads\/Advance-Tapes_AT132_Group.jpg","width":600,"height":600},{"@type":"BreadcrumbList","@id":"https:\/\/cardinal-tapes.com\/pl\/ta\u015bmy-samoprzylepne\/obszary-zastosowan\/przemysl-budowlany\/at132-duct-tape\/#breadcrumb","itemListElement":[{"@type":"ListItem","position":1,"name":"Startseite","item":"https:\/\/cardinal-tapes.com\/pl\/strona-glowna\/"},{"@type":"ListItem","position":2,"name":"Ta\u015bmy samoprzylepne","item":"https:\/\/cardinal-tapes.com\/pl\/tasmy-samoprzylepne-pl\/"},{"@type":"ListItem","position":3,"name":"Einseitige Klebeb\u00e4nder","item":"https:\/\/cardinal-tapes.com\/kategorie\/einseitige-klebebaender\/"},{"@type":"ListItem","position":4,"name":"AT132 Ta\u015bma klej\u0105ca"}]},{"@type":"WebSite","@id":"https:\/\/cardinal-tapes.com\/#website","url":"https:\/\/cardinal-tapes.com\/","name":"cardinal TAPES","description":"Klebetechnik aus Wuppertal","potentialAction":[{"@type":"SearchAction","target":{"@type":"EntryPoint","urlTemplate":"https:\/\/cardinal-tapes.com\/?s={search_term_string}"},"query-input":{"@type":"PropertyValueSpecification","valueRequired":true,"valueName":"search_term_string"}}],"inLanguage":"pl-PL"}]}},"brands":[{"id":2419,"name":"Advance Tapes","slug":"advance-tapes-pl"}],"_links":{"self":[{"href":"https:\/\/cardinal-tapes.com\/pl\/wp-json\/wp\/v2\/product\/42013","targetHints":{"allow":["GET"]}}],"collection":[{"href":"https:\/\/cardinal-tapes.com\/pl\/wp-json\/wp\/v2\/product"}],"about":[{"href":"https:\/\/cardinal-tapes.com\/pl\/wp-json\/wp\/v2\/types\/product"}],"wp:featuredmedia":[{"embeddable":true,"href":"https:\/\/cardinal-tapes.com\/pl\/wp-json\/wp\/v2\/media\/28662"}],"wp:attachment":[{"href":"https:\/\/cardinal-tapes.com\/pl\/wp-json\/wp\/v2\/media?parent=42013"}],"wp:term":[{"taxonomy":"pwb-brand","embeddable":true,"href":"https:\/\/cardinal-tapes.com\/pl\/wp-json\/wp\/v2\/pwb-brand?post=42013"},{"taxonomy":"product_brand","embeddable":true,"href":"https:\/\/cardinal-tapes.com\/pl\/wp-json\/wp\/v2\/product_brand?post=42013"},{"taxonomy":"product_cat","embeddable":true,"href":"https:\/\/cardinal-tapes.com\/pl\/wp-json\/wp\/v2\/product_cat?post=42013"},{"taxonomy":"product_tag","embeddable":true,"href":"https:\/\/cardinal-tapes.com\/pl\/wp-json\/wp\/v2\/product_tag?post=42013"}],"curies":[{"name":"wp","href":"https:\/\/api.w.org\/{rel}","templated":true}]}}