{"id":41970,"date":"2020-12-21T14:20:58","date_gmt":"2023-06-05T14:56:28","guid":{"rendered":"https:\/\/cardinal.pixel-tal.de\/klebebaender\/bez-kategorii\/at121-tasma-tkaninowa-ze-sztucznego-jedwabiu\/"},"modified":"2025-07-02T14:14:56","modified_gmt":"2025-07-02T12:14:56","slug":"at121-tasma-z-tkaniny-rayon","status":"publish","type":"product","link":"https:\/\/cardinal-tapes.com\/pl\/ta\u015bmy-samoprzylepne\/obszary-zastosowan\/tasma-klejaca-do-tkanin\/at121-tasma-z-tkaniny-rayon\/","title":{"rendered":"AT121 Ta\u015bma tkaninowa ze sztucznego jedwabiu"},"content":{"rendered":"<div class=\"first_para_desc\">\n<div class=\"first_para_desc\">\n<div class=\"first_para_desc\">\n<p>AT121 to mocna, ciasno tkana, niebielona, niepowlekana ta\u015bma z tkaniny rayon pokryta bia\u0142ym, agresywnym, wra\u017cliwym na nacisk, bezrozpuszczalnikowym klejem kauczukowym. Ta\u015bma jest nie tylko ca\u0142kowicie biodegradowalna, ale tak\u017ce ma neutralne pH. Mocna, odporna na \u015bcieranie i \u0142atwa w klejeniu ta\u015bma AT121 jest dok\u0142adnie tym, czego oczekuj\u0105 profesjonali\u015bci. Nadaje si\u0119 do mocowania sprz\u0119tu sportowego i do wi\u0105zania nylonowych linek spadochron\u00f3w wojskowych.<br \/>\nPasek jest zgodny z wojskow\u0105 specyfikacj\u0105 standardow\u0105 DEF STAN 81-145\/2.<\/p>\n<\/div>\n<p><strong>Zastosowania<\/strong><\/p>\n<ul>\n<li>Owijanie uchwyt\u00f3w sprz\u0119tu sportowego<\/li>\n<li>Przywi\u0105zywanie nylonowych linek do spadochron\u00f3w wojskowych<\/li>\n<li>Mocowanie banda\u017cy i opatrunk\u00f3w na zwierz\u0119tach<\/li>\n<\/ul>\n<\/div>\n<\/div>\n","protected":false},"excerpt":{"rendered":"<p>AT121 to mocna, ciasno tkana, niebielona, niepowlekana ta\u015bma z tkaniny rayon pokryta bia\u0142ym, agresywnym, wra\u017cliwym na nacisk, bezrozpuszczalnikowym klejem kauczukowym. Ta\u015bma jest nie tylko ca\u0142kowicie biodegradowalna, ale tak\u017ce ma neutralne pH. Mocna, odporna na \u015bcieranie i \u0142atwa w klejeniu ta\u015bma AT121 jest dok\u0142adnie tym, czego oczekuj\u0105 profesjonali\u015bci. Nadaje si\u0119 do mocowania sprz\u0119tu sportowego i do [&hellip;]<\/p>\n","protected":false},"featured_media":28674,"template":"","meta":{"_acf_changed":false},"pwb-brand":[2419],"product_brand":[],"product_cat":[1816,1715,1717],"product_tag":[],"class_list":{"0":"post-41970","1":"product","2":"type-product","3":"status-publish","4":"has-post-thumbnail","6":"pwb-brand-advance-tapes-pl","7":"product_cat-jednostronne-tasmy-samoprzylepne","8":"product_cat-tasma-klejaca-do-tkanin","9":"product_cat-tasma-powlekana-tworzywem-sztucznym","11":"first","12":"instock","13":"taxable","14":"shipping-taxable","15":"purchasable","16":"product-type-variable"},"acf":[],"yoast_head":"<!-- This site is optimized with the Yoast SEO plugin v27.3 - https:\/\/yoast.com\/product\/yoast-seo-wordpress\/ -->\n<title>AT121 Ta\u015bma tkaninowa ze sztucznego jedwabiu | Cardinal TAPES<\/title>\n<meta name=\"description\" content=\"AT121 to mocna, ciasno tkana, niebielona, niepowlekana ta\u015bma z tkaniny rayon pokryta bia\u0142ym, agresywnym, wra\u017cliwym na nacisk, bezrozpuszczalnikowym klejem kauczukowym.\" \/>\n<meta name=\"robots\" content=\"index, follow, max-snippet:-1, max-image-preview:large, max-video-preview:-1\" \/>\n<link rel=\"canonical\" href=\"https:\/\/cardinal-tapes.com\/pl\/ta\u015bmy-samoprzylepne\/obszary-zastosowan\/tasma-klejaca-do-tkanin\/at121-tasma-z-tkaniny-rayon\/\" \/>\n<meta property=\"og:locale\" content=\"pl_PL\" \/>\n<meta property=\"og:type\" content=\"article\" \/>\n<meta property=\"og:title\" content=\"AT121 Ta\u015bma tkaninowa ze sztucznego jedwabiu | Cardinal TAPES\" \/>\n<meta property=\"og:description\" content=\"AT121 to mocna, ciasno tkana, niebielona, niepowlekana ta\u015bma z tkaniny rayon pokryta bia\u0142ym, agresywnym, wra\u017cliwym na nacisk, bezrozpuszczalnikowym klejem kauczukowym.\" \/>\n<meta property=\"og:url\" content=\"https:\/\/cardinal-tapes.com\/pl\/ta\u015bmy-samoprzylepne\/obszary-zastosowan\/tasma-klejaca-do-tkanin\/at121-tasma-z-tkaniny-rayon\/\" \/>\n<meta property=\"og:site_name\" content=\"cardinal TAPES\" \/>\n<meta property=\"article:modified_time\" content=\"2025-07-02T12:14:56+00:00\" \/>\n<meta property=\"og:image\" content=\"https:\/\/cardinal-tapes.com\/wp-content\/uploads\/Advance-Tapes_AT121_White.jpg\" \/>\n\t<meta property=\"og:image:width\" content=\"600\" \/>\n\t<meta property=\"og:image:height\" content=\"600\" \/>\n\t<meta property=\"og:image:type\" content=\"image\/jpeg\" \/>\n<meta name=\"twitter:card\" content=\"summary_large_image\" \/>\n<meta name=\"twitter:label1\" content=\"Szacowany czas czytania\" \/>\n\t<meta name=\"twitter:data1\" content=\"1 minuta\" \/>\n<script type=\"application\/ld+json\" class=\"yoast-schema-graph\">{\"@context\":\"https:\\\/\\\/schema.org\",\"@graph\":[{\"@type\":\"WebPage\",\"@id\":\"https:\\\/\\\/cardinal-tapes.com\\\/pl\\\/ta\u015bmy-samoprzylepne\\\/obszary-zastosowan\\\/tasma-klejaca-do-tkanin\\\/at121-tasma-z-tkaniny-rayon\\\/\",\"url\":\"https:\\\/\\\/cardinal-tapes.com\\\/pl\\\/ta\u015bmy-samoprzylepne\\\/obszary-zastosowan\\\/tasma-klejaca-do-tkanin\\\/at121-tasma-z-tkaniny-rayon\\\/\",\"name\":\"AT121 Ta\u015bma tkaninowa ze sztucznego jedwabiu | Cardinal TAPES\",\"isPartOf\":{\"@id\":\"https:\\\/\\\/cardinal-tapes.com\\\/#website\"},\"primaryImageOfPage\":{\"@id\":\"https:\\\/\\\/cardinal-tapes.com\\\/pl\\\/ta\u015bmy-samoprzylepne\\\/obszary-zastosowan\\\/tasma-klejaca-do-tkanin\\\/at121-tasma-z-tkaniny-rayon\\\/#primaryimage\"},\"image\":{\"@id\":\"https:\\\/\\\/cardinal-tapes.com\\\/pl\\\/ta\u015bmy-samoprzylepne\\\/obszary-zastosowan\\\/tasma-klejaca-do-tkanin\\\/at121-tasma-z-tkaniny-rayon\\\/#primaryimage\"},\"thumbnailUrl\":\"https:\\\/\\\/cardinal-tapes.com\\\/wp-content\\\/uploads\\\/Advance-Tapes_AT121_White.jpg\",\"datePublished\":\"2023-06-05T14:56:28+00:00\",\"dateModified\":\"2025-07-02T12:14:56+00:00\",\"description\":\"AT121 to mocna, ciasno tkana, niebielona, niepowlekana ta\u015bma z tkaniny rayon pokryta bia\u0142ym, agresywnym, wra\u017cliwym na nacisk, bezrozpuszczalnikowym klejem kauczukowym.\",\"breadcrumb\":{\"@id\":\"https:\\\/\\\/cardinal-tapes.com\\\/pl\\\/ta\u015bmy-samoprzylepne\\\/obszary-zastosowan\\\/tasma-klejaca-do-tkanin\\\/at121-tasma-z-tkaniny-rayon\\\/#breadcrumb\"},\"inLanguage\":\"pl-PL\",\"potentialAction\":[{\"@type\":\"ReadAction\",\"target\":[\"https:\\\/\\\/cardinal-tapes.com\\\/pl\\\/ta\u015bmy-samoprzylepne\\\/obszary-zastosowan\\\/tasma-klejaca-do-tkanin\\\/at121-tasma-z-tkaniny-rayon\\\/\"]}]},{\"@type\":\"ImageObject\",\"inLanguage\":\"pl-PL\",\"@id\":\"https:\\\/\\\/cardinal-tapes.com\\\/pl\\\/ta\u015bmy-samoprzylepne\\\/obszary-zastosowan\\\/tasma-klejaca-do-tkanin\\\/at121-tasma-z-tkaniny-rayon\\\/#primaryimage\",\"url\":\"https:\\\/\\\/cardinal-tapes.com\\\/wp-content\\\/uploads\\\/Advance-Tapes_AT121_White.jpg\",\"contentUrl\":\"https:\\\/\\\/cardinal-tapes.com\\\/wp-content\\\/uploads\\\/Advance-Tapes_AT121_White.jpg\",\"width\":600,\"height\":600},{\"@type\":\"BreadcrumbList\",\"@id\":\"https:\\\/\\\/cardinal-tapes.com\\\/pl\\\/ta\u015bmy-samoprzylepne\\\/obszary-zastosowan\\\/tasma-klejaca-do-tkanin\\\/at121-tasma-z-tkaniny-rayon\\\/#breadcrumb\",\"itemListElement\":[{\"@type\":\"ListItem\",\"position\":1,\"name\":\"Startseite\",\"item\":\"https:\\\/\\\/cardinal-tapes.com\\\/pl\\\/strona-glowna\\\/\"},{\"@type\":\"ListItem\",\"position\":2,\"name\":\"Ta\u015bmy samoprzylepne\",\"item\":\"https:\\\/\\\/cardinal-tapes.com\\\/pl\\\/tasmy-samoprzylepne-pl\\\/\"},{\"@type\":\"ListItem\",\"position\":3,\"name\":\"Einseitige Klebeb\u00e4nder\",\"item\":\"https:\\\/\\\/cardinal-tapes.com\\\/kategorie\\\/einseitige-klebebaender\\\/\"},{\"@type\":\"ListItem\",\"position\":4,\"name\":\"AT121 Ta\u015bma tkaninowa ze sztucznego jedwabiu\"}]},{\"@type\":\"WebSite\",\"@id\":\"https:\\\/\\\/cardinal-tapes.com\\\/#website\",\"url\":\"https:\\\/\\\/cardinal-tapes.com\\\/\",\"name\":\"cardinal TAPES\",\"description\":\"Klebetechnik aus Wuppertal\",\"potentialAction\":[{\"@type\":\"SearchAction\",\"target\":{\"@type\":\"EntryPoint\",\"urlTemplate\":\"https:\\\/\\\/cardinal-tapes.com\\\/?s={search_term_string}\"},\"query-input\":{\"@type\":\"PropertyValueSpecification\",\"valueRequired\":true,\"valueName\":\"search_term_string\"}}],\"inLanguage\":\"pl-PL\"}]}<\/script>\n<!-- \/ Yoast SEO plugin. -->","yoast_head_json":{"title":"AT121 Ta\u015bma tkaninowa ze sztucznego jedwabiu | Cardinal TAPES","description":"AT121 to mocna, ciasno tkana, niebielona, niepowlekana ta\u015bma z tkaniny rayon pokryta bia\u0142ym, agresywnym, wra\u017cliwym na nacisk, bezrozpuszczalnikowym klejem kauczukowym.","robots":{"index":"index","follow":"follow","max-snippet":"max-snippet:-1","max-image-preview":"max-image-preview:large","max-video-preview":"max-video-preview:-1"},"canonical":"https:\/\/cardinal-tapes.com\/pl\/ta\u015bmy-samoprzylepne\/obszary-zastosowan\/tasma-klejaca-do-tkanin\/at121-tasma-z-tkaniny-rayon\/","og_locale":"pl_PL","og_type":"article","og_title":"AT121 Ta\u015bma tkaninowa ze sztucznego jedwabiu | Cardinal TAPES","og_description":"AT121 to mocna, ciasno tkana, niebielona, niepowlekana ta\u015bma z tkaniny rayon pokryta bia\u0142ym, agresywnym, wra\u017cliwym na nacisk, bezrozpuszczalnikowym klejem kauczukowym.","og_url":"https:\/\/cardinal-tapes.com\/pl\/ta\u015bmy-samoprzylepne\/obszary-zastosowan\/tasma-klejaca-do-tkanin\/at121-tasma-z-tkaniny-rayon\/","og_site_name":"cardinal TAPES","article_modified_time":"2025-07-02T12:14:56+00:00","og_image":[{"width":600,"height":600,"url":"https:\/\/cardinal-tapes.com\/wp-content\/uploads\/Advance-Tapes_AT121_White.jpg","type":"image\/jpeg"}],"twitter_card":"summary_large_image","twitter_misc":{"Szacowany czas czytania":"1 minuta"},"schema":{"@context":"https:\/\/schema.org","@graph":[{"@type":"WebPage","@id":"https:\/\/cardinal-tapes.com\/pl\/ta\u015bmy-samoprzylepne\/obszary-zastosowan\/tasma-klejaca-do-tkanin\/at121-tasma-z-tkaniny-rayon\/","url":"https:\/\/cardinal-tapes.com\/pl\/ta\u015bmy-samoprzylepne\/obszary-zastosowan\/tasma-klejaca-do-tkanin\/at121-tasma-z-tkaniny-rayon\/","name":"AT121 Ta\u015bma tkaninowa ze sztucznego jedwabiu | Cardinal TAPES","isPartOf":{"@id":"https:\/\/cardinal-tapes.com\/#website"},"primaryImageOfPage":{"@id":"https:\/\/cardinal-tapes.com\/pl\/ta\u015bmy-samoprzylepne\/obszary-zastosowan\/tasma-klejaca-do-tkanin\/at121-tasma-z-tkaniny-rayon\/#primaryimage"},"image":{"@id":"https:\/\/cardinal-tapes.com\/pl\/ta\u015bmy-samoprzylepne\/obszary-zastosowan\/tasma-klejaca-do-tkanin\/at121-tasma-z-tkaniny-rayon\/#primaryimage"},"thumbnailUrl":"https:\/\/cardinal-tapes.com\/wp-content\/uploads\/Advance-Tapes_AT121_White.jpg","datePublished":"2023-06-05T14:56:28+00:00","dateModified":"2025-07-02T12:14:56+00:00","description":"AT121 to mocna, ciasno tkana, niebielona, niepowlekana ta\u015bma z tkaniny rayon pokryta bia\u0142ym, agresywnym, wra\u017cliwym na nacisk, bezrozpuszczalnikowym klejem kauczukowym.","breadcrumb":{"@id":"https:\/\/cardinal-tapes.com\/pl\/ta\u015bmy-samoprzylepne\/obszary-zastosowan\/tasma-klejaca-do-tkanin\/at121-tasma-z-tkaniny-rayon\/#breadcrumb"},"inLanguage":"pl-PL","potentialAction":[{"@type":"ReadAction","target":["https:\/\/cardinal-tapes.com\/pl\/ta\u015bmy-samoprzylepne\/obszary-zastosowan\/tasma-klejaca-do-tkanin\/at121-tasma-z-tkaniny-rayon\/"]}]},{"@type":"ImageObject","inLanguage":"pl-PL","@id":"https:\/\/cardinal-tapes.com\/pl\/ta\u015bmy-samoprzylepne\/obszary-zastosowan\/tasma-klejaca-do-tkanin\/at121-tasma-z-tkaniny-rayon\/#primaryimage","url":"https:\/\/cardinal-tapes.com\/wp-content\/uploads\/Advance-Tapes_AT121_White.jpg","contentUrl":"https:\/\/cardinal-tapes.com\/wp-content\/uploads\/Advance-Tapes_AT121_White.jpg","width":600,"height":600},{"@type":"BreadcrumbList","@id":"https:\/\/cardinal-tapes.com\/pl\/ta\u015bmy-samoprzylepne\/obszary-zastosowan\/tasma-klejaca-do-tkanin\/at121-tasma-z-tkaniny-rayon\/#breadcrumb","itemListElement":[{"@type":"ListItem","position":1,"name":"Startseite","item":"https:\/\/cardinal-tapes.com\/pl\/strona-glowna\/"},{"@type":"ListItem","position":2,"name":"Ta\u015bmy samoprzylepne","item":"https:\/\/cardinal-tapes.com\/pl\/tasmy-samoprzylepne-pl\/"},{"@type":"ListItem","position":3,"name":"Einseitige Klebeb\u00e4nder","item":"https:\/\/cardinal-tapes.com\/kategorie\/einseitige-klebebaender\/"},{"@type":"ListItem","position":4,"name":"AT121 Ta\u015bma tkaninowa ze sztucznego jedwabiu"}]},{"@type":"WebSite","@id":"https:\/\/cardinal-tapes.com\/#website","url":"https:\/\/cardinal-tapes.com\/","name":"cardinal TAPES","description":"Klebetechnik aus Wuppertal","potentialAction":[{"@type":"SearchAction","target":{"@type":"EntryPoint","urlTemplate":"https:\/\/cardinal-tapes.com\/?s={search_term_string}"},"query-input":{"@type":"PropertyValueSpecification","valueRequired":true,"valueName":"search_term_string"}}],"inLanguage":"pl-PL"}]}},"brands":[{"id":2419,"name":"Advance Tapes","slug":"advance-tapes-pl"}],"_links":{"self":[{"href":"https:\/\/cardinal-tapes.com\/pl\/wp-json\/wp\/v2\/product\/41970","targetHints":{"allow":["GET"]}}],"collection":[{"href":"https:\/\/cardinal-tapes.com\/pl\/wp-json\/wp\/v2\/product"}],"about":[{"href":"https:\/\/cardinal-tapes.com\/pl\/wp-json\/wp\/v2\/types\/product"}],"wp:featuredmedia":[{"embeddable":true,"href":"https:\/\/cardinal-tapes.com\/pl\/wp-json\/wp\/v2\/media\/28674"}],"wp:attachment":[{"href":"https:\/\/cardinal-tapes.com\/pl\/wp-json\/wp\/v2\/media?parent=41970"}],"wp:term":[{"taxonomy":"pwb-brand","embeddable":true,"href":"https:\/\/cardinal-tapes.com\/pl\/wp-json\/wp\/v2\/pwb-brand?post=41970"},{"taxonomy":"product_brand","embeddable":true,"href":"https:\/\/cardinal-tapes.com\/pl\/wp-json\/wp\/v2\/product_brand?post=41970"},{"taxonomy":"product_cat","embeddable":true,"href":"https:\/\/cardinal-tapes.com\/pl\/wp-json\/wp\/v2\/product_cat?post=41970"},{"taxonomy":"product_tag","embeddable":true,"href":"https:\/\/cardinal-tapes.com\/pl\/wp-json\/wp\/v2\/product_tag?post=41970"}],"curies":[{"name":"wp","href":"https:\/\/api.w.org\/{rel}","templated":true}]}}