{"id":41934,"date":"2020-12-21T14:15:46","date_gmt":"2023-06-05T14:56:28","guid":{"rendered":"https:\/\/cardinal.pixel-tal.de\/klebebaender\/bez-kategorii\/at8-tasma-do-znakowania-podlog\/"},"modified":"2025-07-02T13:39:57","modified_gmt":"2025-07-02T11:39:57","slug":"tasma-do-znakowania-podlog-at8","status":"publish","type":"product","link":"https:\/\/cardinal-tapes.com\/pl\/ta\u015bmy-samoprzylepne\/jednostronne-tasmy-samoprzylepne\/folia-pvc\/tasma-do-znakowania-podlog-at8\/","title":{"rendered":"AT8 Ta\u015bma do znakowania pod\u0142\u00f3g"},"content":{"rendered":"<div class=\"first_para_desc\">\n<div class=\"first_para_desc\">\n<div class=\"first_para_desc\">\n<p>AT8 to folia PVC o niskim wyd\u0142u\u017ceniu pokryta usieciowanym klejem kauczukowym na bazie rozcie\u0144czalnika.<\/p>\n<\/div>\n<div class=\"rest_of_desc\">\n<p>AT8 wi\u0105\u017ce bardzo dobrze i przez d\u0142ugi czas dzi\u0119ki wysokiej przyczepno\u015bci na chropowatych powierzchniach. Jest odporna na \u015bcieranie i intensywne u\u017cytkowanie przez pieszych i maszyny. Ze wzgl\u0119du na nisk\u0105 rozci\u0105gliwo\u015b\u0107 folii PVC, AT8 nie kurczy si\u0119 po na\u0142o\u017ceniu. Idealnie nadaje si\u0119 do stref o du\u017cym nat\u0119\u017ceniu ruchu i mo\u017cna po niej chodzi\u0107 natychmiast, bez konieczno\u015bci schni\u0119cia.<\/p>\n<p>Ta ta\u015bma do znakowania jest dost\u0119pna w wielu kolorach. Idealnie nadaje si\u0119 do skutecznego znakowania ostrzegawczego i prowadzenia wewn\u0105trz budynk\u00f3w, fabryk, szk\u00f3\u0142, hal sportowych i miejsc publicznych.<\/p>\n<\/div>\n<p><strong>Zastosowania<br \/>\n<\/strong>&#8211; wyznaczanie chodnik\u00f3w w fabrykach i magazynach<br \/>\n&#8211; kierunkowe znakowanie pod\u0142\u00f3g w szpitalach, szko\u0142ach i innych budynkach u\u017cyteczno\u015bci publicznej<br \/>\n&#8211; znakowanie hal sportowych i kort\u00f3w<br \/>\n&#8211; folia maskuj\u0105ca cienkie linie<\/p>\n<\/div>\n<\/div>\n","protected":false},"excerpt":{"rendered":"<p>AT8 to folia PVC o niskim wyd\u0142u\u017ceniu pokryta usieciowanym klejem kauczukowym na bazie rozcie\u0144czalnika. AT8 wi\u0105\u017ce bardzo dobrze i przez d\u0142ugi czas dzi\u0119ki wysokiej przyczepno\u015bci na chropowatych powierzchniach. Jest odporna na \u015bcieranie i intensywne u\u017cytkowanie przez pieszych i maszyny. Ze wzgl\u0119du na nisk\u0105 rozci\u0105gliwo\u015b\u0107 folii PVC, AT8 nie kurczy si\u0119 po na\u0142o\u017ceniu. Idealnie nadaje si\u0119 [&hellip;]<\/p>\n","protected":false},"featured_media":28618,"template":"","meta":{"_acf_changed":false},"pwb-brand":[2419],"product_brand":[],"product_cat":[1691,1715,1816,1821],"product_tag":[],"class_list":{"0":"post-41934","1":"product","2":"type-product","3":"status-publish","4":"has-post-thumbnail","6":"pwb-brand-advance-tapes-pl","7":"product_cat-tasma-do-znakowania-podlog","8":"product_cat-tasma-klejaca-do-tkanin","9":"product_cat-jednostronne-tasmy-samoprzylepne","10":"product_cat-folia-pvc","12":"first","13":"instock","14":"sale","15":"taxable","16":"shipping-taxable","17":"purchasable","18":"product-type-variable"},"acf":[],"yoast_head":"<!-- This site is optimized with the Yoast SEO plugin v27.3 - https:\/\/yoast.com\/product\/yoast-seo-wordpress\/ -->\n<title>AT8 Ta\u015bma do znakowania pod\u0142\u00f3g | Cardinal TAPES<\/title>\n<meta name=\"description\" content=\"AT8 to folia PVC o niskim wyd\u0142u\u017ceniu pokryta usieciowanym klejem kauczukowym na bazie rozcie\u0144czalnika.\" \/>\n<meta name=\"robots\" content=\"index, follow, max-snippet:-1, max-image-preview:large, max-video-preview:-1\" \/>\n<link rel=\"canonical\" href=\"https:\/\/cardinal-tapes.com\/pl\/ta\u015bmy-samoprzylepne\/jednostronne-tasmy-samoprzylepne\/folia-pvc\/tasma-do-znakowania-podlog-at8\/\" \/>\n<meta property=\"og:locale\" content=\"pl_PL\" \/>\n<meta property=\"og:type\" content=\"article\" \/>\n<meta property=\"og:title\" content=\"AT8 Ta\u015bma do znakowania pod\u0142\u00f3g | Cardinal TAPES\" \/>\n<meta property=\"og:description\" content=\"AT8 to folia PVC o niskim wyd\u0142u\u017ceniu pokryta usieciowanym klejem kauczukowym na bazie rozcie\u0144czalnika.\" \/>\n<meta property=\"og:url\" content=\"https:\/\/cardinal-tapes.com\/pl\/ta\u015bmy-samoprzylepne\/jednostronne-tasmy-samoprzylepne\/folia-pvc\/tasma-do-znakowania-podlog-at8\/\" \/>\n<meta property=\"og:site_name\" content=\"cardinal TAPES\" \/>\n<meta property=\"article:modified_time\" content=\"2025-07-02T11:39:57+00:00\" \/>\n<meta property=\"og:image\" content=\"https:\/\/cardinal-tapes.com\/wp-content\/uploads\/Advance-Tapes_AT0008_Group.jpg\" \/>\n\t<meta property=\"og:image:width\" content=\"600\" \/>\n\t<meta property=\"og:image:height\" content=\"600\" \/>\n\t<meta property=\"og:image:type\" content=\"image\/jpeg\" \/>\n<meta name=\"twitter:card\" content=\"summary_large_image\" \/>\n<meta name=\"twitter:label1\" content=\"Szacowany czas czytania\" \/>\n\t<meta name=\"twitter:data1\" content=\"1 minuta\" \/>\n<script type=\"application\/ld+json\" class=\"yoast-schema-graph\">{\"@context\":\"https:\\\/\\\/schema.org\",\"@graph\":[{\"@type\":\"WebPage\",\"@id\":\"https:\\\/\\\/cardinal-tapes.com\\\/pl\\\/ta\u015bmy-samoprzylepne\\\/jednostronne-tasmy-samoprzylepne\\\/folia-pvc\\\/tasma-do-znakowania-podlog-at8\\\/\",\"url\":\"https:\\\/\\\/cardinal-tapes.com\\\/pl\\\/ta\u015bmy-samoprzylepne\\\/jednostronne-tasmy-samoprzylepne\\\/folia-pvc\\\/tasma-do-znakowania-podlog-at8\\\/\",\"name\":\"AT8 Ta\u015bma do znakowania pod\u0142\u00f3g | Cardinal TAPES\",\"isPartOf\":{\"@id\":\"https:\\\/\\\/cardinal-tapes.com\\\/#website\"},\"primaryImageOfPage\":{\"@id\":\"https:\\\/\\\/cardinal-tapes.com\\\/pl\\\/ta\u015bmy-samoprzylepne\\\/jednostronne-tasmy-samoprzylepne\\\/folia-pvc\\\/tasma-do-znakowania-podlog-at8\\\/#primaryimage\"},\"image\":{\"@id\":\"https:\\\/\\\/cardinal-tapes.com\\\/pl\\\/ta\u015bmy-samoprzylepne\\\/jednostronne-tasmy-samoprzylepne\\\/folia-pvc\\\/tasma-do-znakowania-podlog-at8\\\/#primaryimage\"},\"thumbnailUrl\":\"https:\\\/\\\/cardinal-tapes.com\\\/wp-content\\\/uploads\\\/Advance-Tapes_AT0008_Group.jpg\",\"datePublished\":\"2023-06-05T14:56:28+00:00\",\"dateModified\":\"2025-07-02T11:39:57+00:00\",\"description\":\"AT8 to folia PVC o niskim wyd\u0142u\u017ceniu pokryta usieciowanym klejem kauczukowym na bazie rozcie\u0144czalnika.\",\"breadcrumb\":{\"@id\":\"https:\\\/\\\/cardinal-tapes.com\\\/pl\\\/ta\u015bmy-samoprzylepne\\\/jednostronne-tasmy-samoprzylepne\\\/folia-pvc\\\/tasma-do-znakowania-podlog-at8\\\/#breadcrumb\"},\"inLanguage\":\"pl-PL\",\"potentialAction\":[{\"@type\":\"ReadAction\",\"target\":[\"https:\\\/\\\/cardinal-tapes.com\\\/pl\\\/ta\u015bmy-samoprzylepne\\\/jednostronne-tasmy-samoprzylepne\\\/folia-pvc\\\/tasma-do-znakowania-podlog-at8\\\/\"]}]},{\"@type\":\"ImageObject\",\"inLanguage\":\"pl-PL\",\"@id\":\"https:\\\/\\\/cardinal-tapes.com\\\/pl\\\/ta\u015bmy-samoprzylepne\\\/jednostronne-tasmy-samoprzylepne\\\/folia-pvc\\\/tasma-do-znakowania-podlog-at8\\\/#primaryimage\",\"url\":\"https:\\\/\\\/cardinal-tapes.com\\\/wp-content\\\/uploads\\\/Advance-Tapes_AT0008_Group.jpg\",\"contentUrl\":\"https:\\\/\\\/cardinal-tapes.com\\\/wp-content\\\/uploads\\\/Advance-Tapes_AT0008_Group.jpg\",\"width\":600,\"height\":600},{\"@type\":\"BreadcrumbList\",\"@id\":\"https:\\\/\\\/cardinal-tapes.com\\\/pl\\\/ta\u015bmy-samoprzylepne\\\/jednostronne-tasmy-samoprzylepne\\\/folia-pvc\\\/tasma-do-znakowania-podlog-at8\\\/#breadcrumb\",\"itemListElement\":[{\"@type\":\"ListItem\",\"position\":1,\"name\":\"Startseite\",\"item\":\"https:\\\/\\\/cardinal-tapes.com\\\/pl\\\/strona-glowna\\\/\"},{\"@type\":\"ListItem\",\"position\":2,\"name\":\"Ta\u015bmy samoprzylepne\",\"item\":\"https:\\\/\\\/cardinal-tapes.com\\\/pl\\\/tasmy-samoprzylepne-pl\\\/\"},{\"@type\":\"ListItem\",\"position\":3,\"name\":\"Obszary zastosowa\u0144\",\"item\":\"https:\\\/\\\/cardinal-tapes.com\\\/pl\\\/kategoria\\\/obszary-zastosowan\\\/\"},{\"@type\":\"ListItem\",\"position\":4,\"name\":\"Ta\u015bma do znakowania pod\u0142\u00f3g\",\"item\":\"https:\\\/\\\/cardinal-tapes.com\\\/pl\\\/kategoria\\\/tasma-do-znakowania-podlog\\\/\"},{\"@type\":\"ListItem\",\"position\":5,\"name\":\"AT8 Ta\u015bma do znakowania pod\u0142\u00f3g\"}]},{\"@type\":\"WebSite\",\"@id\":\"https:\\\/\\\/cardinal-tapes.com\\\/#website\",\"url\":\"https:\\\/\\\/cardinal-tapes.com\\\/\",\"name\":\"cardinal TAPES\",\"description\":\"Klebetechnik aus Wuppertal\",\"potentialAction\":[{\"@type\":\"SearchAction\",\"target\":{\"@type\":\"EntryPoint\",\"urlTemplate\":\"https:\\\/\\\/cardinal-tapes.com\\\/?s={search_term_string}\"},\"query-input\":{\"@type\":\"PropertyValueSpecification\",\"valueRequired\":true,\"valueName\":\"search_term_string\"}}],\"inLanguage\":\"pl-PL\"}]}<\/script>\n<!-- \/ Yoast SEO plugin. -->","yoast_head_json":{"title":"AT8 Ta\u015bma do znakowania pod\u0142\u00f3g | Cardinal TAPES","description":"AT8 to folia PVC o niskim wyd\u0142u\u017ceniu pokryta usieciowanym klejem kauczukowym na bazie rozcie\u0144czalnika.","robots":{"index":"index","follow":"follow","max-snippet":"max-snippet:-1","max-image-preview":"max-image-preview:large","max-video-preview":"max-video-preview:-1"},"canonical":"https:\/\/cardinal-tapes.com\/pl\/ta\u015bmy-samoprzylepne\/jednostronne-tasmy-samoprzylepne\/folia-pvc\/tasma-do-znakowania-podlog-at8\/","og_locale":"pl_PL","og_type":"article","og_title":"AT8 Ta\u015bma do znakowania pod\u0142\u00f3g | Cardinal TAPES","og_description":"AT8 to folia PVC o niskim wyd\u0142u\u017ceniu pokryta usieciowanym klejem kauczukowym na bazie rozcie\u0144czalnika.","og_url":"https:\/\/cardinal-tapes.com\/pl\/ta\u015bmy-samoprzylepne\/jednostronne-tasmy-samoprzylepne\/folia-pvc\/tasma-do-znakowania-podlog-at8\/","og_site_name":"cardinal TAPES","article_modified_time":"2025-07-02T11:39:57+00:00","og_image":[{"width":600,"height":600,"url":"https:\/\/cardinal-tapes.com\/wp-content\/uploads\/Advance-Tapes_AT0008_Group.jpg","type":"image\/jpeg"}],"twitter_card":"summary_large_image","twitter_misc":{"Szacowany czas czytania":"1 minuta"},"schema":{"@context":"https:\/\/schema.org","@graph":[{"@type":"WebPage","@id":"https:\/\/cardinal-tapes.com\/pl\/ta\u015bmy-samoprzylepne\/jednostronne-tasmy-samoprzylepne\/folia-pvc\/tasma-do-znakowania-podlog-at8\/","url":"https:\/\/cardinal-tapes.com\/pl\/ta\u015bmy-samoprzylepne\/jednostronne-tasmy-samoprzylepne\/folia-pvc\/tasma-do-znakowania-podlog-at8\/","name":"AT8 Ta\u015bma do znakowania pod\u0142\u00f3g | Cardinal TAPES","isPartOf":{"@id":"https:\/\/cardinal-tapes.com\/#website"},"primaryImageOfPage":{"@id":"https:\/\/cardinal-tapes.com\/pl\/ta\u015bmy-samoprzylepne\/jednostronne-tasmy-samoprzylepne\/folia-pvc\/tasma-do-znakowania-podlog-at8\/#primaryimage"},"image":{"@id":"https:\/\/cardinal-tapes.com\/pl\/ta\u015bmy-samoprzylepne\/jednostronne-tasmy-samoprzylepne\/folia-pvc\/tasma-do-znakowania-podlog-at8\/#primaryimage"},"thumbnailUrl":"https:\/\/cardinal-tapes.com\/wp-content\/uploads\/Advance-Tapes_AT0008_Group.jpg","datePublished":"2023-06-05T14:56:28+00:00","dateModified":"2025-07-02T11:39:57+00:00","description":"AT8 to folia PVC o niskim wyd\u0142u\u017ceniu pokryta usieciowanym klejem kauczukowym na bazie rozcie\u0144czalnika.","breadcrumb":{"@id":"https:\/\/cardinal-tapes.com\/pl\/ta\u015bmy-samoprzylepne\/jednostronne-tasmy-samoprzylepne\/folia-pvc\/tasma-do-znakowania-podlog-at8\/#breadcrumb"},"inLanguage":"pl-PL","potentialAction":[{"@type":"ReadAction","target":["https:\/\/cardinal-tapes.com\/pl\/ta\u015bmy-samoprzylepne\/jednostronne-tasmy-samoprzylepne\/folia-pvc\/tasma-do-znakowania-podlog-at8\/"]}]},{"@type":"ImageObject","inLanguage":"pl-PL","@id":"https:\/\/cardinal-tapes.com\/pl\/ta\u015bmy-samoprzylepne\/jednostronne-tasmy-samoprzylepne\/folia-pvc\/tasma-do-znakowania-podlog-at8\/#primaryimage","url":"https:\/\/cardinal-tapes.com\/wp-content\/uploads\/Advance-Tapes_AT0008_Group.jpg","contentUrl":"https:\/\/cardinal-tapes.com\/wp-content\/uploads\/Advance-Tapes_AT0008_Group.jpg","width":600,"height":600},{"@type":"BreadcrumbList","@id":"https:\/\/cardinal-tapes.com\/pl\/ta\u015bmy-samoprzylepne\/jednostronne-tasmy-samoprzylepne\/folia-pvc\/tasma-do-znakowania-podlog-at8\/#breadcrumb","itemListElement":[{"@type":"ListItem","position":1,"name":"Startseite","item":"https:\/\/cardinal-tapes.com\/pl\/strona-glowna\/"},{"@type":"ListItem","position":2,"name":"Ta\u015bmy samoprzylepne","item":"https:\/\/cardinal-tapes.com\/pl\/tasmy-samoprzylepne-pl\/"},{"@type":"ListItem","position":3,"name":"Obszary zastosowa\u0144","item":"https:\/\/cardinal-tapes.com\/pl\/kategoria\/obszary-zastosowan\/"},{"@type":"ListItem","position":4,"name":"Ta\u015bma do znakowania pod\u0142\u00f3g","item":"https:\/\/cardinal-tapes.com\/pl\/kategoria\/tasma-do-znakowania-podlog\/"},{"@type":"ListItem","position":5,"name":"AT8 Ta\u015bma do znakowania pod\u0142\u00f3g"}]},{"@type":"WebSite","@id":"https:\/\/cardinal-tapes.com\/#website","url":"https:\/\/cardinal-tapes.com\/","name":"cardinal TAPES","description":"Klebetechnik aus Wuppertal","potentialAction":[{"@type":"SearchAction","target":{"@type":"EntryPoint","urlTemplate":"https:\/\/cardinal-tapes.com\/?s={search_term_string}"},"query-input":{"@type":"PropertyValueSpecification","valueRequired":true,"valueName":"search_term_string"}}],"inLanguage":"pl-PL"}]}},"brands":[{"id":2419,"name":"Advance Tapes","slug":"advance-tapes-pl"}],"_links":{"self":[{"href":"https:\/\/cardinal-tapes.com\/pl\/wp-json\/wp\/v2\/product\/41934","targetHints":{"allow":["GET"]}}],"collection":[{"href":"https:\/\/cardinal-tapes.com\/pl\/wp-json\/wp\/v2\/product"}],"about":[{"href":"https:\/\/cardinal-tapes.com\/pl\/wp-json\/wp\/v2\/types\/product"}],"wp:featuredmedia":[{"embeddable":true,"href":"https:\/\/cardinal-tapes.com\/pl\/wp-json\/wp\/v2\/media\/28618"}],"wp:attachment":[{"href":"https:\/\/cardinal-tapes.com\/pl\/wp-json\/wp\/v2\/media?parent=41934"}],"wp:term":[{"taxonomy":"pwb-brand","embeddable":true,"href":"https:\/\/cardinal-tapes.com\/pl\/wp-json\/wp\/v2\/pwb-brand?post=41934"},{"taxonomy":"product_brand","embeddable":true,"href":"https:\/\/cardinal-tapes.com\/pl\/wp-json\/wp\/v2\/product_brand?post=41934"},{"taxonomy":"product_cat","embeddable":true,"href":"https:\/\/cardinal-tapes.com\/pl\/wp-json\/wp\/v2\/product_cat?post=41934"},{"taxonomy":"product_tag","embeddable":true,"href":"https:\/\/cardinal-tapes.com\/pl\/wp-json\/wp\/v2\/product_tag?post=41934"}],"curies":[{"name":"wp","href":"https:\/\/api.w.org\/{rel}","templated":true}]}}