{"id":41458,"date":"2021-02-22T17:10:41","date_gmt":"2023-06-05T14:56:13","guid":{"rendered":"https:\/\/cardinal.pixel-tal.de\/klebebaender\/bez-kategorii\/system-tasm-samoprzylepnych-relink-1292\/"},"modified":"2025-07-02T13:49:15","modified_gmt":"2025-07-02T11:49:15","slug":"relink-1292-system-tasmowy","status":"publish","type":"product","link":"https:\/\/cardinal-tapes.com\/pl\/ta\u015bmy-samoprzylepne\/jednostronne-tasmy-samoprzylepne\/relink-1292-system-tasmowy\/","title":{"rendered":"System ta\u015bm samoprzylepnych ReLink 1292"},"content":{"rendered":"<p>Saint-Gobain\u00ae Biolink\u00ae relink 1292 to jednostronna ta\u015bma samoprzylepna z przezroczystym no\u015bnikiem z folii poliestrowej. Usuwalny klej zapewnia dobr\u0105 przyczepno\u015b\u0107 i wytrzyma\u0142o\u015b\u0107 na \u015bcinanie, a tak\u017ce dobr\u0105 pocz\u0105tkow\u0105 repozycjonowalno\u015b\u0107 i mo\u017cna go usun\u0105\u0107 z wi\u0119kszo\u015bci powierzchni bez pozostawiania \u015blad\u00f3w, nawet po d\u0142ugim okresie czasu.<\/p>\n<p><strong>W\u0142a\u015bciwo\u015bci<\/strong><br \/>\n&#8211; Doskona\u0142a, bezpieczna przyczepno\u015b\u0107 do pod\u0142o\u017ca<br \/>\n&#8211; Mo\u017cliwo\u015b\u0107 usuwania bez pozostawiania \u015blad\u00f3w<br \/>\n&#8211; Doskona\u0142a odporno\u015b\u0107 na starzenie, warunki atmosferyczne i temperatur\u0119<\/p>\n<p><strong>Zastosowania<\/strong><br \/>\n&#8211; Zastosowanie w bran\u017cy etykietowania<br \/>\n&#8211; Tymczasowe klejenie w wielu r\u00f3\u017cnych obszarach<br \/>\n&#8211; Folia ochronna \/ pomoc w procesie technologicznym<\/p>\n","protected":false},"excerpt":{"rendered":"<p>Saint-Gobain\u00ae Biolink\u00ae relink 1292 to jednostronna ta\u015bma samoprzylepna z przezroczystym no\u015bnikiem z folii poliestrowej. Usuwalny klej zapewnia dobr\u0105 przyczepno\u015b\u0107 i wytrzyma\u0142o\u015b\u0107 na \u015bcinanie, a tak\u017ce dobr\u0105 pocz\u0105tkow\u0105 repozycjonowalno\u015b\u0107 i mo\u017cna go usun\u0105\u0107 z wi\u0119kszo\u015bci powierzchni bez pozostawiania \u015blad\u00f3w, nawet po d\u0142ugim okresie czasu. W\u0142a\u015bciwo\u015bci &#8211; Doskona\u0142a, bezpieczna przyczepno\u015b\u0107 do pod\u0142o\u017ca &#8211; Mo\u017cliwo\u015b\u0107 usuwania bez pozostawiania [&hellip;]<\/p>\n","protected":false},"featured_media":0,"template":"","meta":{"_acf_changed":false},"pwb-brand":[2400,2513],"product_brand":[],"product_cat":[1816],"product_tag":[],"class_list":{"0":"post-41458","1":"product","2":"type-product","3":"status-publish","5":"pwb-brand-saint-gobain-pl","6":"pwb-brand-biolink-pl","7":"product_cat-jednostronne-tasmy-samoprzylepne","9":"first","10":"instock","11":"taxable","12":"shipping-taxable","13":"product-type-variable"},"acf":[],"yoast_head":"<!-- This site is optimized with the Yoast SEO plugin v27.3 - https:\/\/yoast.com\/product\/yoast-seo-wordpress\/ -->\n<title>System ta\u015bm klej\u0105cych ReLink 1292 | Cardinal TAPES<\/title>\n<meta name=\"description\" content=\"ReLink 1292 to jednostronna ta\u015bma samoprzylepna o niskiej przylepno\u015bci, kt\u00f3r\u0105 mo\u017cna usun\u0105\u0107 z wi\u0119kszo\u015bci powierzchni bez pozostawiania \u015blad\u00f3w, nawet po d\u0142ugim okresie u\u017cytkowania.\" \/>\n<meta name=\"robots\" content=\"index, follow, max-snippet:-1, max-image-preview:large, max-video-preview:-1\" \/>\n<link rel=\"canonical\" href=\"https:\/\/cardinal-tapes.com\/pl\/ta\u015bmy-samoprzylepne\/jednostronne-tasmy-samoprzylepne\/relink-1292-system-tasmowy\/\" \/>\n<meta property=\"og:locale\" content=\"pl_PL\" \/>\n<meta property=\"og:type\" content=\"article\" \/>\n<meta property=\"og:title\" content=\"System ta\u015bm klej\u0105cych ReLink 1292 | Cardinal TAPES\" \/>\n<meta property=\"og:description\" content=\"ReLink 1292 to jednostronna ta\u015bma samoprzylepna o niskiej przylepno\u015bci, kt\u00f3r\u0105 mo\u017cna usun\u0105\u0107 z wi\u0119kszo\u015bci powierzchni bez pozostawiania \u015blad\u00f3w, nawet po d\u0142ugim okresie u\u017cytkowania.\" \/>\n<meta property=\"og:url\" content=\"https:\/\/cardinal-tapes.com\/pl\/ta\u015bmy-samoprzylepne\/jednostronne-tasmy-samoprzylepne\/relink-1292-system-tasmowy\/\" \/>\n<meta property=\"og:site_name\" content=\"cardinal TAPES\" \/>\n<meta property=\"article:modified_time\" content=\"2025-07-02T11:49:15+00:00\" \/>\n<meta name=\"twitter:card\" content=\"summary_large_image\" \/>\n<meta name=\"twitter:label1\" content=\"Szacowany czas czytania\" \/>\n\t<meta name=\"twitter:data1\" content=\"1 minuta\" \/>\n<script type=\"application\/ld+json\" class=\"yoast-schema-graph\">{\"@context\":\"https:\\\/\\\/schema.org\",\"@graph\":[{\"@type\":\"WebPage\",\"@id\":\"https:\\\/\\\/cardinal-tapes.com\\\/pl\\\/ta\u015bmy-samoprzylepne\\\/jednostronne-tasmy-samoprzylepne\\\/relink-1292-system-tasmowy\\\/\",\"url\":\"https:\\\/\\\/cardinal-tapes.com\\\/pl\\\/ta\u015bmy-samoprzylepne\\\/jednostronne-tasmy-samoprzylepne\\\/relink-1292-system-tasmowy\\\/\",\"name\":\"System ta\u015bm klej\u0105cych ReLink 1292 | Cardinal TAPES\",\"isPartOf\":{\"@id\":\"https:\\\/\\\/cardinal-tapes.com\\\/#website\"},\"datePublished\":\"2023-06-05T14:56:13+00:00\",\"dateModified\":\"2025-07-02T11:49:15+00:00\",\"description\":\"ReLink 1292 to jednostronna ta\u015bma samoprzylepna o niskiej przylepno\u015bci, kt\u00f3r\u0105 mo\u017cna usun\u0105\u0107 z wi\u0119kszo\u015bci powierzchni bez pozostawiania \u015blad\u00f3w, nawet po d\u0142ugim okresie u\u017cytkowania.\",\"breadcrumb\":{\"@id\":\"https:\\\/\\\/cardinal-tapes.com\\\/pl\\\/ta\u015bmy-samoprzylepne\\\/jednostronne-tasmy-samoprzylepne\\\/relink-1292-system-tasmowy\\\/#breadcrumb\"},\"inLanguage\":\"pl-PL\",\"potentialAction\":[{\"@type\":\"ReadAction\",\"target\":[\"https:\\\/\\\/cardinal-tapes.com\\\/pl\\\/ta\u015bmy-samoprzylepne\\\/jednostronne-tasmy-samoprzylepne\\\/relink-1292-system-tasmowy\\\/\"]}]},{\"@type\":\"BreadcrumbList\",\"@id\":\"https:\\\/\\\/cardinal-tapes.com\\\/pl\\\/ta\u015bmy-samoprzylepne\\\/jednostronne-tasmy-samoprzylepne\\\/relink-1292-system-tasmowy\\\/#breadcrumb\",\"itemListElement\":[{\"@type\":\"ListItem\",\"position\":1,\"name\":\"Startseite\",\"item\":\"https:\\\/\\\/cardinal-tapes.com\\\/pl\\\/strona-glowna\\\/\"},{\"@type\":\"ListItem\",\"position\":2,\"name\":\"Ta\u015bmy samoprzylepne\",\"item\":\"https:\\\/\\\/cardinal-tapes.com\\\/pl\\\/tasmy-samoprzylepne-pl\\\/\"},{\"@type\":\"ListItem\",\"position\":3,\"name\":\"Jednostronne ta\u015bmy samoprzylepne\",\"item\":\"https:\\\/\\\/cardinal-tapes.com\\\/pl\\\/kategoria\\\/jednostronne-tasmy-samoprzylepne\\\/\"},{\"@type\":\"ListItem\",\"position\":4,\"name\":\"System ta\u015bm samoprzylepnych ReLink 1292\"}]},{\"@type\":\"WebSite\",\"@id\":\"https:\\\/\\\/cardinal-tapes.com\\\/#website\",\"url\":\"https:\\\/\\\/cardinal-tapes.com\\\/\",\"name\":\"cardinal TAPES\",\"description\":\"Klebetechnik aus Wuppertal\",\"potentialAction\":[{\"@type\":\"SearchAction\",\"target\":{\"@type\":\"EntryPoint\",\"urlTemplate\":\"https:\\\/\\\/cardinal-tapes.com\\\/?s={search_term_string}\"},\"query-input\":{\"@type\":\"PropertyValueSpecification\",\"valueRequired\":true,\"valueName\":\"search_term_string\"}}],\"inLanguage\":\"pl-PL\"}]}<\/script>\n<!-- \/ Yoast SEO plugin. -->","yoast_head_json":{"title":"System ta\u015bm klej\u0105cych ReLink 1292 | Cardinal TAPES","description":"ReLink 1292 to jednostronna ta\u015bma samoprzylepna o niskiej przylepno\u015bci, kt\u00f3r\u0105 mo\u017cna usun\u0105\u0107 z wi\u0119kszo\u015bci powierzchni bez pozostawiania \u015blad\u00f3w, nawet po d\u0142ugim okresie u\u017cytkowania.","robots":{"index":"index","follow":"follow","max-snippet":"max-snippet:-1","max-image-preview":"max-image-preview:large","max-video-preview":"max-video-preview:-1"},"canonical":"https:\/\/cardinal-tapes.com\/pl\/ta\u015bmy-samoprzylepne\/jednostronne-tasmy-samoprzylepne\/relink-1292-system-tasmowy\/","og_locale":"pl_PL","og_type":"article","og_title":"System ta\u015bm klej\u0105cych ReLink 1292 | Cardinal TAPES","og_description":"ReLink 1292 to jednostronna ta\u015bma samoprzylepna o niskiej przylepno\u015bci, kt\u00f3r\u0105 mo\u017cna usun\u0105\u0107 z wi\u0119kszo\u015bci powierzchni bez pozostawiania \u015blad\u00f3w, nawet po d\u0142ugim okresie u\u017cytkowania.","og_url":"https:\/\/cardinal-tapes.com\/pl\/ta\u015bmy-samoprzylepne\/jednostronne-tasmy-samoprzylepne\/relink-1292-system-tasmowy\/","og_site_name":"cardinal TAPES","article_modified_time":"2025-07-02T11:49:15+00:00","twitter_card":"summary_large_image","twitter_misc":{"Szacowany czas czytania":"1 minuta"},"schema":{"@context":"https:\/\/schema.org","@graph":[{"@type":"WebPage","@id":"https:\/\/cardinal-tapes.com\/pl\/ta\u015bmy-samoprzylepne\/jednostronne-tasmy-samoprzylepne\/relink-1292-system-tasmowy\/","url":"https:\/\/cardinal-tapes.com\/pl\/ta\u015bmy-samoprzylepne\/jednostronne-tasmy-samoprzylepne\/relink-1292-system-tasmowy\/","name":"System ta\u015bm klej\u0105cych ReLink 1292 | Cardinal TAPES","isPartOf":{"@id":"https:\/\/cardinal-tapes.com\/#website"},"datePublished":"2023-06-05T14:56:13+00:00","dateModified":"2025-07-02T11:49:15+00:00","description":"ReLink 1292 to jednostronna ta\u015bma samoprzylepna o niskiej przylepno\u015bci, kt\u00f3r\u0105 mo\u017cna usun\u0105\u0107 z wi\u0119kszo\u015bci powierzchni bez pozostawiania \u015blad\u00f3w, nawet po d\u0142ugim okresie u\u017cytkowania.","breadcrumb":{"@id":"https:\/\/cardinal-tapes.com\/pl\/ta\u015bmy-samoprzylepne\/jednostronne-tasmy-samoprzylepne\/relink-1292-system-tasmowy\/#breadcrumb"},"inLanguage":"pl-PL","potentialAction":[{"@type":"ReadAction","target":["https:\/\/cardinal-tapes.com\/pl\/ta\u015bmy-samoprzylepne\/jednostronne-tasmy-samoprzylepne\/relink-1292-system-tasmowy\/"]}]},{"@type":"BreadcrumbList","@id":"https:\/\/cardinal-tapes.com\/pl\/ta\u015bmy-samoprzylepne\/jednostronne-tasmy-samoprzylepne\/relink-1292-system-tasmowy\/#breadcrumb","itemListElement":[{"@type":"ListItem","position":1,"name":"Startseite","item":"https:\/\/cardinal-tapes.com\/pl\/strona-glowna\/"},{"@type":"ListItem","position":2,"name":"Ta\u015bmy samoprzylepne","item":"https:\/\/cardinal-tapes.com\/pl\/tasmy-samoprzylepne-pl\/"},{"@type":"ListItem","position":3,"name":"Jednostronne ta\u015bmy samoprzylepne","item":"https:\/\/cardinal-tapes.com\/pl\/kategoria\/jednostronne-tasmy-samoprzylepne\/"},{"@type":"ListItem","position":4,"name":"System ta\u015bm samoprzylepnych ReLink 1292"}]},{"@type":"WebSite","@id":"https:\/\/cardinal-tapes.com\/#website","url":"https:\/\/cardinal-tapes.com\/","name":"cardinal TAPES","description":"Klebetechnik aus Wuppertal","potentialAction":[{"@type":"SearchAction","target":{"@type":"EntryPoint","urlTemplate":"https:\/\/cardinal-tapes.com\/?s={search_term_string}"},"query-input":{"@type":"PropertyValueSpecification","valueRequired":true,"valueName":"search_term_string"}}],"inLanguage":"pl-PL"}]}},"brands":[{"id":2400,"name":"Saint-Gobain Performance Plastics","slug":"saint-gobain-pl"},{"id":2513,"name":"Saint-Gobain Biolink","slug":"biolink-pl"}],"_links":{"self":[{"href":"https:\/\/cardinal-tapes.com\/pl\/wp-json\/wp\/v2\/product\/41458","targetHints":{"allow":["GET"]}}],"collection":[{"href":"https:\/\/cardinal-tapes.com\/pl\/wp-json\/wp\/v2\/product"}],"about":[{"href":"https:\/\/cardinal-tapes.com\/pl\/wp-json\/wp\/v2\/types\/product"}],"wp:attachment":[{"href":"https:\/\/cardinal-tapes.com\/pl\/wp-json\/wp\/v2\/media?parent=41458"}],"wp:term":[{"taxonomy":"pwb-brand","embeddable":true,"href":"https:\/\/cardinal-tapes.com\/pl\/wp-json\/wp\/v2\/pwb-brand?post=41458"},{"taxonomy":"product_brand","embeddable":true,"href":"https:\/\/cardinal-tapes.com\/pl\/wp-json\/wp\/v2\/product_brand?post=41458"},{"taxonomy":"product_cat","embeddable":true,"href":"https:\/\/cardinal-tapes.com\/pl\/wp-json\/wp\/v2\/product_cat?post=41458"},{"taxonomy":"product_tag","embeddable":true,"href":"https:\/\/cardinal-tapes.com\/pl\/wp-json\/wp\/v2\/product_tag?post=41458"}],"curies":[{"name":"wp","href":"https:\/\/api.w.org\/{rel}","templated":true}]}}