{"id":41457,"date":"2021-02-22T17:05:18","date_gmt":"2023-06-05T14:56:13","guid":{"rendered":"https:\/\/cardinal.pixel-tal.de\/klebebaender\/bez-kategorii\/system-tasm-samoprzylepnych-relink-1300\/"},"modified":"2023-06-05T16:56:13","modified_gmt":"2023-06-05T14:56:13","slug":"system-tasm-samoprzylepnych-relink-1300","status":"publish","type":"product","link":"https:\/\/cardinal-tapes.com\/pl\/ta\u015bmy-samoprzylepne\/tasmy-dwustronnie-klejace\/system-tasm-samoprzylepnych-relink-1300\/","title":{"rendered":"System ta\u015bm samoprzylepnych ReLink 1300"},"content":{"rendered":"<p><strong><span style=\"color: #0000ff;\"><span style=\"color: #000080;\">ReLink 1300 to system ta\u015bm z dwiema r\u00f3\u017cnymi stronami klej\u0105cymi.<\/span><\/span><\/strong><\/p>\n<div>\n<div class=\"page\" title=\"Strona 1\">\n<div class=\"section\">\n<div class=\"layoutArea\">\n<div class=\"column\">\n<div class=\"page\" title=\"Strona 1\">\n<div class=\"section\">\n<div class=\"layoutArea\">\n<div class=\"column\">\n<p>Nawet przy d\u0142ugotrwa\u0142ym klejeniu, s\u0142abo klej\u0105ca strona zapewnia usuwalno\u015b\u0107 bez pozosta\u0142o\u015bci, podczas gdy silnie klej\u0105ca strona gwarantuje optymaln\u0105 przyczepno\u015b\u0107 na g\u0142adkich powierzchniach.<\/p>\n<\/div>\n<\/div>\n<\/div>\n<\/div>\n<\/div>\n<\/div>\n<\/div>\n<\/div>\n<\/div>\n","protected":false},"excerpt":{"rendered":"<p>ReLink 1300 to system ta\u015bm z dwiema r\u00f3\u017cnymi stronami klej\u0105cymi. Nawet przy d\u0142ugotrwa\u0142ym klejeniu, s\u0142abo klej\u0105ca strona zapewnia usuwalno\u015b\u0107 bez pozosta\u0142o\u015bci, podczas gdy silnie klej\u0105ca strona gwarantuje optymaln\u0105 przyczepno\u015b\u0107 na g\u0142adkich powierzchniach.<\/p>\n","protected":false},"featured_media":0,"template":"","meta":{"_acf_changed":false},"pwb-brand":[2400,2513],"product_brand":[],"product_cat":[1814],"product_tag":[],"class_list":{"0":"post-41457","1":"product","2":"type-product","3":"status-publish","5":"pwb-brand-saint-gobain-pl","6":"pwb-brand-biolink-pl","7":"product_cat-tasmy-dwustronnie-klejace","9":"first","10":"instock","11":"taxable","12":"shipping-taxable","13":"product-type-variable"},"acf":[],"yoast_head":"<!-- This site is optimized with the Yoast SEO plugin v27.3 - https:\/\/yoast.com\/product\/yoast-seo-wordpress\/ -->\n<title>System ta\u015bm ReLink 1300 | Cardinal TAPES<\/title>\n<meta name=\"description\" content=\"Nawet przy d\u0142ugotrwa\u0142ym klejeniu, s\u0142abo klej\u0105ca strona zapewnia usuwalno\u015b\u0107 bez pozosta\u0142o\u015bci, podczas gdy silnie klej\u0105ca strona gwarantuje optymaln\u0105 przyczepno\u015b\u0107 na g\u0142adkich powierzchniach.\" \/>\n<meta name=\"robots\" content=\"index, follow, max-snippet:-1, max-image-preview:large, max-video-preview:-1\" \/>\n<link rel=\"canonical\" href=\"https:\/\/cardinal-tapes.com\/pl\/ta\u015bmy-samoprzylepne\/tasmy-dwustronnie-klejace\/system-tasm-samoprzylepnych-relink-1300\/\" \/>\n<meta property=\"og:locale\" content=\"pl_PL\" \/>\n<meta property=\"og:type\" content=\"article\" \/>\n<meta property=\"og:title\" content=\"System ta\u015bm ReLink 1300 | Cardinal TAPES\" \/>\n<meta property=\"og:description\" content=\"Nawet przy d\u0142ugotrwa\u0142ym klejeniu, s\u0142abo klej\u0105ca strona zapewnia usuwalno\u015b\u0107 bez pozosta\u0142o\u015bci, podczas gdy silnie klej\u0105ca strona gwarantuje optymaln\u0105 przyczepno\u015b\u0107 na g\u0142adkich powierzchniach.\" \/>\n<meta property=\"og:url\" content=\"https:\/\/cardinal-tapes.com\/pl\/ta\u015bmy-samoprzylepne\/tasmy-dwustronnie-klejace\/system-tasm-samoprzylepnych-relink-1300\/\" \/>\n<meta property=\"og:site_name\" content=\"cardinal TAPES\" \/>\n<meta name=\"twitter:card\" content=\"summary_large_image\" \/>\n<script type=\"application\/ld+json\" class=\"yoast-schema-graph\">{\"@context\":\"https:\\\/\\\/schema.org\",\"@graph\":[{\"@type\":\"WebPage\",\"@id\":\"https:\\\/\\\/cardinal-tapes.com\\\/pl\\\/ta\u015bmy-samoprzylepne\\\/tasmy-dwustronnie-klejace\\\/system-tasm-samoprzylepnych-relink-1300\\\/\",\"url\":\"https:\\\/\\\/cardinal-tapes.com\\\/pl\\\/ta\u015bmy-samoprzylepne\\\/tasmy-dwustronnie-klejace\\\/system-tasm-samoprzylepnych-relink-1300\\\/\",\"name\":\"System ta\u015bm ReLink 1300 | Cardinal TAPES\",\"isPartOf\":{\"@id\":\"https:\\\/\\\/cardinal-tapes.com\\\/#website\"},\"datePublished\":\"2023-06-05T14:56:13+00:00\",\"description\":\"Nawet przy d\u0142ugotrwa\u0142ym klejeniu, s\u0142abo klej\u0105ca strona zapewnia usuwalno\u015b\u0107 bez pozosta\u0142o\u015bci, podczas gdy silnie klej\u0105ca strona gwarantuje optymaln\u0105 przyczepno\u015b\u0107 na g\u0142adkich powierzchniach.\",\"breadcrumb\":{\"@id\":\"https:\\\/\\\/cardinal-tapes.com\\\/pl\\\/ta\u015bmy-samoprzylepne\\\/tasmy-dwustronnie-klejace\\\/system-tasm-samoprzylepnych-relink-1300\\\/#breadcrumb\"},\"inLanguage\":\"pl-PL\",\"potentialAction\":[{\"@type\":\"ReadAction\",\"target\":[\"https:\\\/\\\/cardinal-tapes.com\\\/pl\\\/ta\u015bmy-samoprzylepne\\\/tasmy-dwustronnie-klejace\\\/system-tasm-samoprzylepnych-relink-1300\\\/\"]}]},{\"@type\":\"BreadcrumbList\",\"@id\":\"https:\\\/\\\/cardinal-tapes.com\\\/pl\\\/ta\u015bmy-samoprzylepne\\\/tasmy-dwustronnie-klejace\\\/system-tasm-samoprzylepnych-relink-1300\\\/#breadcrumb\",\"itemListElement\":[{\"@type\":\"ListItem\",\"position\":1,\"name\":\"Startseite\",\"item\":\"https:\\\/\\\/cardinal-tapes.com\\\/pl\\\/strona-glowna\\\/\"},{\"@type\":\"ListItem\",\"position\":2,\"name\":\"Ta\u015bmy samoprzylepne\",\"item\":\"https:\\\/\\\/cardinal-tapes.com\\\/pl\\\/tasmy-samoprzylepne-pl\\\/\"},{\"@type\":\"ListItem\",\"position\":3,\"name\":\"Ta\u015bmy dwustronnie klej\u0105ce\",\"item\":\"https:\\\/\\\/cardinal-tapes.com\\\/pl\\\/kategoria\\\/tasmy-dwustronnie-klejace\\\/\"},{\"@type\":\"ListItem\",\"position\":4,\"name\":\"System ta\u015bm samoprzylepnych ReLink 1300\"}]},{\"@type\":\"WebSite\",\"@id\":\"https:\\\/\\\/cardinal-tapes.com\\\/#website\",\"url\":\"https:\\\/\\\/cardinal-tapes.com\\\/\",\"name\":\"cardinal TAPES\",\"description\":\"Klebetechnik aus Wuppertal\",\"potentialAction\":[{\"@type\":\"SearchAction\",\"target\":{\"@type\":\"EntryPoint\",\"urlTemplate\":\"https:\\\/\\\/cardinal-tapes.com\\\/?s={search_term_string}\"},\"query-input\":{\"@type\":\"PropertyValueSpecification\",\"valueRequired\":true,\"valueName\":\"search_term_string\"}}],\"inLanguage\":\"pl-PL\"}]}<\/script>\n<!-- \/ Yoast SEO plugin. -->","yoast_head_json":{"title":"System ta\u015bm ReLink 1300 | Cardinal TAPES","description":"Nawet przy d\u0142ugotrwa\u0142ym klejeniu, s\u0142abo klej\u0105ca strona zapewnia usuwalno\u015b\u0107 bez pozosta\u0142o\u015bci, podczas gdy silnie klej\u0105ca strona gwarantuje optymaln\u0105 przyczepno\u015b\u0107 na g\u0142adkich powierzchniach.","robots":{"index":"index","follow":"follow","max-snippet":"max-snippet:-1","max-image-preview":"max-image-preview:large","max-video-preview":"max-video-preview:-1"},"canonical":"https:\/\/cardinal-tapes.com\/pl\/ta\u015bmy-samoprzylepne\/tasmy-dwustronnie-klejace\/system-tasm-samoprzylepnych-relink-1300\/","og_locale":"pl_PL","og_type":"article","og_title":"System ta\u015bm ReLink 1300 | Cardinal TAPES","og_description":"Nawet przy d\u0142ugotrwa\u0142ym klejeniu, s\u0142abo klej\u0105ca strona zapewnia usuwalno\u015b\u0107 bez pozosta\u0142o\u015bci, podczas gdy silnie klej\u0105ca strona gwarantuje optymaln\u0105 przyczepno\u015b\u0107 na g\u0142adkich powierzchniach.","og_url":"https:\/\/cardinal-tapes.com\/pl\/ta\u015bmy-samoprzylepne\/tasmy-dwustronnie-klejace\/system-tasm-samoprzylepnych-relink-1300\/","og_site_name":"cardinal TAPES","twitter_card":"summary_large_image","schema":{"@context":"https:\/\/schema.org","@graph":[{"@type":"WebPage","@id":"https:\/\/cardinal-tapes.com\/pl\/ta\u015bmy-samoprzylepne\/tasmy-dwustronnie-klejace\/system-tasm-samoprzylepnych-relink-1300\/","url":"https:\/\/cardinal-tapes.com\/pl\/ta\u015bmy-samoprzylepne\/tasmy-dwustronnie-klejace\/system-tasm-samoprzylepnych-relink-1300\/","name":"System ta\u015bm ReLink 1300 | Cardinal TAPES","isPartOf":{"@id":"https:\/\/cardinal-tapes.com\/#website"},"datePublished":"2023-06-05T14:56:13+00:00","description":"Nawet przy d\u0142ugotrwa\u0142ym klejeniu, s\u0142abo klej\u0105ca strona zapewnia usuwalno\u015b\u0107 bez pozosta\u0142o\u015bci, podczas gdy silnie klej\u0105ca strona gwarantuje optymaln\u0105 przyczepno\u015b\u0107 na g\u0142adkich powierzchniach.","breadcrumb":{"@id":"https:\/\/cardinal-tapes.com\/pl\/ta\u015bmy-samoprzylepne\/tasmy-dwustronnie-klejace\/system-tasm-samoprzylepnych-relink-1300\/#breadcrumb"},"inLanguage":"pl-PL","potentialAction":[{"@type":"ReadAction","target":["https:\/\/cardinal-tapes.com\/pl\/ta\u015bmy-samoprzylepne\/tasmy-dwustronnie-klejace\/system-tasm-samoprzylepnych-relink-1300\/"]}]},{"@type":"BreadcrumbList","@id":"https:\/\/cardinal-tapes.com\/pl\/ta\u015bmy-samoprzylepne\/tasmy-dwustronnie-klejace\/system-tasm-samoprzylepnych-relink-1300\/#breadcrumb","itemListElement":[{"@type":"ListItem","position":1,"name":"Startseite","item":"https:\/\/cardinal-tapes.com\/pl\/strona-glowna\/"},{"@type":"ListItem","position":2,"name":"Ta\u015bmy samoprzylepne","item":"https:\/\/cardinal-tapes.com\/pl\/tasmy-samoprzylepne-pl\/"},{"@type":"ListItem","position":3,"name":"Ta\u015bmy dwustronnie klej\u0105ce","item":"https:\/\/cardinal-tapes.com\/pl\/kategoria\/tasmy-dwustronnie-klejace\/"},{"@type":"ListItem","position":4,"name":"System ta\u015bm samoprzylepnych ReLink 1300"}]},{"@type":"WebSite","@id":"https:\/\/cardinal-tapes.com\/#website","url":"https:\/\/cardinal-tapes.com\/","name":"cardinal TAPES","description":"Klebetechnik aus Wuppertal","potentialAction":[{"@type":"SearchAction","target":{"@type":"EntryPoint","urlTemplate":"https:\/\/cardinal-tapes.com\/?s={search_term_string}"},"query-input":{"@type":"PropertyValueSpecification","valueRequired":true,"valueName":"search_term_string"}}],"inLanguage":"pl-PL"}]}},"brands":[{"id":2400,"name":"Saint-Gobain Performance Plastics","slug":"saint-gobain-pl"},{"id":2513,"name":"Saint-Gobain Biolink","slug":"biolink-pl"}],"_links":{"self":[{"href":"https:\/\/cardinal-tapes.com\/pl\/wp-json\/wp\/v2\/product\/41457","targetHints":{"allow":["GET"]}}],"collection":[{"href":"https:\/\/cardinal-tapes.com\/pl\/wp-json\/wp\/v2\/product"}],"about":[{"href":"https:\/\/cardinal-tapes.com\/pl\/wp-json\/wp\/v2\/types\/product"}],"wp:attachment":[{"href":"https:\/\/cardinal-tapes.com\/pl\/wp-json\/wp\/v2\/media?parent=41457"}],"wp:term":[{"taxonomy":"pwb-brand","embeddable":true,"href":"https:\/\/cardinal-tapes.com\/pl\/wp-json\/wp\/v2\/pwb-brand?post=41457"},{"taxonomy":"product_brand","embeddable":true,"href":"https:\/\/cardinal-tapes.com\/pl\/wp-json\/wp\/v2\/product_brand?post=41457"},{"taxonomy":"product_cat","embeddable":true,"href":"https:\/\/cardinal-tapes.com\/pl\/wp-json\/wp\/v2\/product_cat?post=41457"},{"taxonomy":"product_tag","embeddable":true,"href":"https:\/\/cardinal-tapes.com\/pl\/wp-json\/wp\/v2\/product_tag?post=41457"}],"curies":[{"name":"wp","href":"https:\/\/api.w.org\/{rel}","templated":true}]}}