{"id":41421,"date":"2021-06-16T11:11:05","date_gmt":"2023-06-05T14:56:13","guid":{"rendered":"https:\/\/cardinal.pixel-tal.de\/klebebaender\/bez-kategorii\/tesa-4414-pe-surface-protection\/"},"modified":"2025-07-02T12:54:46","modified_gmt":"2025-07-02T10:54:46","slug":"tesa-4414-pe-surface-protection","status":"publish","type":"product","link":"https:\/\/cardinal-tapes.com\/pl\/ta\u015bmy-samoprzylepne\/obszary-zastosowan\/produkcja-obrobka-aluminium\/tesa-4414-pe-surface-protection\/","title":{"rendered":"tesa\u00ae 4414 PE Surface Protection"},"content":{"rendered":"<p><sup>tesa\u00ae<\/sup> 4414 sk\u0142ada si\u0119 z no\u015bnika PE stabilizowanego promieniami UV i silnie przylepnej, usuwalnej masy akrylowej. Niebieski, p\u00f3\u0142przezroczysty kolor zapewnia dobry kontrast z powierzchniami i u\u0142atwia rozpoznanie ta\u015bmy. Doskona\u0142a d\u0142ugoterminowa stabilno\u015b\u0107 w obszarze zewn\u0119trznym do 6 miesi\u0119cy umo\u017cliwia r\u00f3wnie\u017c czyste usuwanie.<\/p>\n<p><strong>W\u0142a\u015bciwo\u015bci<\/strong><br \/>\n&#8211; Wysoka przyczepno\u015b\u0107 pocz\u0105tkowa<br \/>\n&#8211; Mo\u017cliwo\u015b\u0107 usuwania pozosta\u0142o\u015bci po okresie do 6 miesi\u0119cy w obszarach zewn\u0119trznych<br \/>\n&#8211; Wysoka odporno\u015b\u0107 na \u015bcieranie i ochrona przed napr\u0119\u017ceniami mechanicznymi<br \/>\n&#8211; Dobra widoczno\u015b\u0107 ta\u015bmy samoprzylepnej dzi\u0119ki p\u00f3\u0142przezroczystemu niebieskiemu kolorowi no\u015bnika<br \/>\n&#8211; Odporno\u015b\u0107 na temperatur\u0119 do 70\u00b0C \/ 1 godzin\u0119<br \/>\n&#8211; \u0141atwa obs\u0142uga<\/p>\n<p><b>Zastosowania<\/b><br \/>\n&#8211; Do tymczasowego pokrywania i ochrony powlekanych powierzchni, takich jak aluminium, metal, szk\u0142o i inne pod\u0142o\u017ca<br \/>\npodczas monta\u017cu, przechowywania i transportu.<br \/>\n&#8211; Nadaje si\u0119 do malowania z p\u00f3\u017aniejszym suszeniem w piecu w temperaturze do 70\u00b0C.<\/p>\n<div style=\"width: 1280px;\" class=\"wp-video\"><video class=\"wp-video-shortcode\" id=\"video-41421-1\" width=\"1280\" height=\"720\" preload=\"metadata\" controls=\"controls\"><source type=\"video\/mp4\" src=\"https:\/\/cardinal-tapes.com\/wp-content\/uploads\/video-4414-final-1920x1080-210421-high-resolution_9024193_73690178.mp4?_=1\" \/><a href=\"https:\/\/cardinal-tapes.com\/wp-content\/uploads\/video-4414-final-1920x1080-210421-high-resolution_9024193_73690178.mp4\">https:\/\/cardinal-tapes.com\/wp-content\/uploads\/video-4414-final-1920x1080-210421-high-resolution_9024193_73690178.mp4<\/a><\/video><\/div>\n","protected":false},"excerpt":{"rendered":"<p>tesa\u00ae 4414 sk\u0142ada si\u0119 z no\u015bnika PE stabilizowanego promieniami UV i silnie przylepnej, usuwalnej masy akrylowej. Niebieski, p\u00f3\u0142przezroczysty kolor zapewnia dobry kontrast z powierzchniami i u\u0142atwia rozpoznanie ta\u015bmy. Doskona\u0142a d\u0142ugoterminowa stabilno\u015b\u0107 w obszarze zewn\u0119trznym do 6 miesi\u0119cy umo\u017cliwia r\u00f3wnie\u017c czyste usuwanie. W\u0142a\u015bciwo\u015bci &#8211; Wysoka przyczepno\u015b\u0107 pocz\u0105tkowa &#8211; Mo\u017cliwo\u015b\u0107 usuwania pozosta\u0142o\u015bci po okresie do 6 miesi\u0119cy [&hellip;]<\/p>\n","protected":false},"featured_media":28690,"template":"","meta":{"_acf_changed":false},"pwb-brand":[2164],"product_brand":[],"product_cat":[1685,1816],"product_tag":[],"class_list":{"0":"post-41421","1":"product","2":"type-product","3":"status-publish","4":"has-post-thumbnail","6":"pwb-brand-tesa-pl","7":"product_cat-produkcja-obrobka-aluminium","8":"product_cat-jednostronne-tasmy-samoprzylepne","10":"first","11":"instock","12":"taxable","13":"shipping-taxable","14":"purchasable","15":"product-type-variable"},"acf":[],"yoast_head":"<!-- This site is optimized with the Yoast SEO plugin v27.3 - https:\/\/yoast.com\/product\/yoast-seo-wordpress\/ -->\n<title>tesa\u00ae 4414 PE Surface Protection| Ta\u015bmy kardynalne<\/title>\n<meta name=\"description\" content=\"tesa\u00ae 4414 sk\u0142ada si\u0119 z no\u015bnika PE stabilizowanego promieniami UV i wysoce przylepnej, usuwalnej masy akrylowej.\" \/>\n<meta name=\"robots\" content=\"index, follow, max-snippet:-1, max-image-preview:large, max-video-preview:-1\" \/>\n<link rel=\"canonical\" href=\"https:\/\/cardinal-tapes.com\/pl\/ta\u015bmy-samoprzylepne\/obszary-zastosowan\/produkcja-obrobka-aluminium\/tesa-4414-pe-surface-protection\/\" \/>\n<meta property=\"og:locale\" content=\"pl_PL\" \/>\n<meta property=\"og:type\" content=\"article\" \/>\n<meta property=\"og:title\" content=\"tesa\u00ae 4414 PE Surface Protection| Ta\u015bmy kardynalne\" \/>\n<meta property=\"og:description\" content=\"tesa\u00ae 4414 sk\u0142ada si\u0119 z no\u015bnika PE stabilizowanego promieniami UV i wysoce przylepnej, usuwalnej masy akrylowej.\" \/>\n<meta property=\"og:url\" content=\"https:\/\/cardinal-tapes.com\/pl\/ta\u015bmy-samoprzylepne\/obszary-zastosowan\/produkcja-obrobka-aluminium\/tesa-4414-pe-surface-protection\/\" \/>\n<meta property=\"og:site_name\" content=\"cardinal TAPES\" \/>\n<meta property=\"article:modified_time\" content=\"2025-07-02T10:54:46+00:00\" \/>\n<meta property=\"og:image\" content=\"https:\/\/cardinal-tapes.com\/wp-content\/uploads\/4414.jpg\" \/>\n\t<meta property=\"og:image:width\" content=\"582\" \/>\n\t<meta property=\"og:image:height\" content=\"582\" \/>\n\t<meta property=\"og:image:type\" content=\"image\/jpeg\" \/>\n<meta name=\"twitter:card\" content=\"summary_large_image\" \/>\n<meta name=\"twitter:label1\" content=\"Szacowany czas czytania\" \/>\n\t<meta name=\"twitter:data1\" content=\"1 minuta\" \/>\n<script type=\"application\/ld+json\" class=\"yoast-schema-graph\">{\"@context\":\"https:\\\/\\\/schema.org\",\"@graph\":[{\"@type\":\"WebPage\",\"@id\":\"https:\\\/\\\/cardinal-tapes.com\\\/pl\\\/ta\u015bmy-samoprzylepne\\\/obszary-zastosowan\\\/produkcja-obrobka-aluminium\\\/tesa-4414-pe-surface-protection\\\/\",\"url\":\"https:\\\/\\\/cardinal-tapes.com\\\/pl\\\/ta\u015bmy-samoprzylepne\\\/obszary-zastosowan\\\/produkcja-obrobka-aluminium\\\/tesa-4414-pe-surface-protection\\\/\",\"name\":\"tesa\u00ae 4414 PE Surface Protection| Ta\u015bmy kardynalne\",\"isPartOf\":{\"@id\":\"https:\\\/\\\/cardinal-tapes.com\\\/#website\"},\"primaryImageOfPage\":{\"@id\":\"https:\\\/\\\/cardinal-tapes.com\\\/pl\\\/ta\u015bmy-samoprzylepne\\\/obszary-zastosowan\\\/produkcja-obrobka-aluminium\\\/tesa-4414-pe-surface-protection\\\/#primaryimage\"},\"image\":{\"@id\":\"https:\\\/\\\/cardinal-tapes.com\\\/pl\\\/ta\u015bmy-samoprzylepne\\\/obszary-zastosowan\\\/produkcja-obrobka-aluminium\\\/tesa-4414-pe-surface-protection\\\/#primaryimage\"},\"thumbnailUrl\":\"https:\\\/\\\/cardinal-tapes.com\\\/wp-content\\\/uploads\\\/4414.jpg\",\"datePublished\":\"2023-06-05T14:56:13+00:00\",\"dateModified\":\"2025-07-02T10:54:46+00:00\",\"description\":\"tesa\u00ae 4414 sk\u0142ada si\u0119 z no\u015bnika PE stabilizowanego promieniami UV i wysoce przylepnej, usuwalnej masy akrylowej.\",\"breadcrumb\":{\"@id\":\"https:\\\/\\\/cardinal-tapes.com\\\/pl\\\/ta\u015bmy-samoprzylepne\\\/obszary-zastosowan\\\/produkcja-obrobka-aluminium\\\/tesa-4414-pe-surface-protection\\\/#breadcrumb\"},\"inLanguage\":\"pl-PL\",\"potentialAction\":[{\"@type\":\"ReadAction\",\"target\":[\"https:\\\/\\\/cardinal-tapes.com\\\/pl\\\/ta\u015bmy-samoprzylepne\\\/obszary-zastosowan\\\/produkcja-obrobka-aluminium\\\/tesa-4414-pe-surface-protection\\\/\"]}]},{\"@type\":\"ImageObject\",\"inLanguage\":\"pl-PL\",\"@id\":\"https:\\\/\\\/cardinal-tapes.com\\\/pl\\\/ta\u015bmy-samoprzylepne\\\/obszary-zastosowan\\\/produkcja-obrobka-aluminium\\\/tesa-4414-pe-surface-protection\\\/#primaryimage\",\"url\":\"https:\\\/\\\/cardinal-tapes.com\\\/wp-content\\\/uploads\\\/4414.jpg\",\"contentUrl\":\"https:\\\/\\\/cardinal-tapes.com\\\/wp-content\\\/uploads\\\/4414.jpg\",\"width\":582,\"height\":582},{\"@type\":\"BreadcrumbList\",\"@id\":\"https:\\\/\\\/cardinal-tapes.com\\\/pl\\\/ta\u015bmy-samoprzylepne\\\/obszary-zastosowan\\\/produkcja-obrobka-aluminium\\\/tesa-4414-pe-surface-protection\\\/#breadcrumb\",\"itemListElement\":[{\"@type\":\"ListItem\",\"position\":1,\"name\":\"Startseite\",\"item\":\"https:\\\/\\\/cardinal-tapes.com\\\/pl\\\/strona-glowna\\\/\"},{\"@type\":\"ListItem\",\"position\":2,\"name\":\"Ta\u015bmy samoprzylepne\",\"item\":\"https:\\\/\\\/cardinal-tapes.com\\\/pl\\\/tasmy-samoprzylepne-pl\\\/\"},{\"@type\":\"ListItem\",\"position\":3,\"name\":\"Obszary zastosowa\u0144\",\"item\":\"https:\\\/\\\/cardinal-tapes.com\\\/pl\\\/kategoria\\\/obszary-zastosowan\\\/\"},{\"@type\":\"ListItem\",\"position\":4,\"name\":\"Produkcja \\\/ obr\u00f3bka aluminium\",\"item\":\"https:\\\/\\\/cardinal-tapes.com\\\/pl\\\/kategoria\\\/produkcja-obrobka-aluminium\\\/\"},{\"@type\":\"ListItem\",\"position\":5,\"name\":\"tesa\u00ae 4414 PE Surface Protection\"}]},{\"@type\":\"WebSite\",\"@id\":\"https:\\\/\\\/cardinal-tapes.com\\\/#website\",\"url\":\"https:\\\/\\\/cardinal-tapes.com\\\/\",\"name\":\"cardinal TAPES\",\"description\":\"Klebetechnik aus Wuppertal\",\"potentialAction\":[{\"@type\":\"SearchAction\",\"target\":{\"@type\":\"EntryPoint\",\"urlTemplate\":\"https:\\\/\\\/cardinal-tapes.com\\\/?s={search_term_string}\"},\"query-input\":{\"@type\":\"PropertyValueSpecification\",\"valueRequired\":true,\"valueName\":\"search_term_string\"}}],\"inLanguage\":\"pl-PL\"}]}<\/script>\n<!-- \/ Yoast SEO plugin. -->","yoast_head_json":{"title":"tesa\u00ae 4414 PE Surface Protection| Ta\u015bmy kardynalne","description":"tesa\u00ae 4414 sk\u0142ada si\u0119 z no\u015bnika PE stabilizowanego promieniami UV i wysoce przylepnej, usuwalnej masy akrylowej.","robots":{"index":"index","follow":"follow","max-snippet":"max-snippet:-1","max-image-preview":"max-image-preview:large","max-video-preview":"max-video-preview:-1"},"canonical":"https:\/\/cardinal-tapes.com\/pl\/ta\u015bmy-samoprzylepne\/obszary-zastosowan\/produkcja-obrobka-aluminium\/tesa-4414-pe-surface-protection\/","og_locale":"pl_PL","og_type":"article","og_title":"tesa\u00ae 4414 PE Surface Protection| Ta\u015bmy kardynalne","og_description":"tesa\u00ae 4414 sk\u0142ada si\u0119 z no\u015bnika PE stabilizowanego promieniami UV i wysoce przylepnej, usuwalnej masy akrylowej.","og_url":"https:\/\/cardinal-tapes.com\/pl\/ta\u015bmy-samoprzylepne\/obszary-zastosowan\/produkcja-obrobka-aluminium\/tesa-4414-pe-surface-protection\/","og_site_name":"cardinal TAPES","article_modified_time":"2025-07-02T10:54:46+00:00","og_image":[{"width":582,"height":582,"url":"https:\/\/cardinal-tapes.com\/wp-content\/uploads\/4414.jpg","type":"image\/jpeg"}],"twitter_card":"summary_large_image","twitter_misc":{"Szacowany czas czytania":"1 minuta"},"schema":{"@context":"https:\/\/schema.org","@graph":[{"@type":"WebPage","@id":"https:\/\/cardinal-tapes.com\/pl\/ta\u015bmy-samoprzylepne\/obszary-zastosowan\/produkcja-obrobka-aluminium\/tesa-4414-pe-surface-protection\/","url":"https:\/\/cardinal-tapes.com\/pl\/ta\u015bmy-samoprzylepne\/obszary-zastosowan\/produkcja-obrobka-aluminium\/tesa-4414-pe-surface-protection\/","name":"tesa\u00ae 4414 PE Surface Protection| Ta\u015bmy kardynalne","isPartOf":{"@id":"https:\/\/cardinal-tapes.com\/#website"},"primaryImageOfPage":{"@id":"https:\/\/cardinal-tapes.com\/pl\/ta\u015bmy-samoprzylepne\/obszary-zastosowan\/produkcja-obrobka-aluminium\/tesa-4414-pe-surface-protection\/#primaryimage"},"image":{"@id":"https:\/\/cardinal-tapes.com\/pl\/ta\u015bmy-samoprzylepne\/obszary-zastosowan\/produkcja-obrobka-aluminium\/tesa-4414-pe-surface-protection\/#primaryimage"},"thumbnailUrl":"https:\/\/cardinal-tapes.com\/wp-content\/uploads\/4414.jpg","datePublished":"2023-06-05T14:56:13+00:00","dateModified":"2025-07-02T10:54:46+00:00","description":"tesa\u00ae 4414 sk\u0142ada si\u0119 z no\u015bnika PE stabilizowanego promieniami UV i wysoce przylepnej, usuwalnej masy akrylowej.","breadcrumb":{"@id":"https:\/\/cardinal-tapes.com\/pl\/ta\u015bmy-samoprzylepne\/obszary-zastosowan\/produkcja-obrobka-aluminium\/tesa-4414-pe-surface-protection\/#breadcrumb"},"inLanguage":"pl-PL","potentialAction":[{"@type":"ReadAction","target":["https:\/\/cardinal-tapes.com\/pl\/ta\u015bmy-samoprzylepne\/obszary-zastosowan\/produkcja-obrobka-aluminium\/tesa-4414-pe-surface-protection\/"]}]},{"@type":"ImageObject","inLanguage":"pl-PL","@id":"https:\/\/cardinal-tapes.com\/pl\/ta\u015bmy-samoprzylepne\/obszary-zastosowan\/produkcja-obrobka-aluminium\/tesa-4414-pe-surface-protection\/#primaryimage","url":"https:\/\/cardinal-tapes.com\/wp-content\/uploads\/4414.jpg","contentUrl":"https:\/\/cardinal-tapes.com\/wp-content\/uploads\/4414.jpg","width":582,"height":582},{"@type":"BreadcrumbList","@id":"https:\/\/cardinal-tapes.com\/pl\/ta\u015bmy-samoprzylepne\/obszary-zastosowan\/produkcja-obrobka-aluminium\/tesa-4414-pe-surface-protection\/#breadcrumb","itemListElement":[{"@type":"ListItem","position":1,"name":"Startseite","item":"https:\/\/cardinal-tapes.com\/pl\/strona-glowna\/"},{"@type":"ListItem","position":2,"name":"Ta\u015bmy samoprzylepne","item":"https:\/\/cardinal-tapes.com\/pl\/tasmy-samoprzylepne-pl\/"},{"@type":"ListItem","position":3,"name":"Obszary zastosowa\u0144","item":"https:\/\/cardinal-tapes.com\/pl\/kategoria\/obszary-zastosowan\/"},{"@type":"ListItem","position":4,"name":"Produkcja \/ obr\u00f3bka aluminium","item":"https:\/\/cardinal-tapes.com\/pl\/kategoria\/produkcja-obrobka-aluminium\/"},{"@type":"ListItem","position":5,"name":"tesa\u00ae 4414 PE Surface Protection"}]},{"@type":"WebSite","@id":"https:\/\/cardinal-tapes.com\/#website","url":"https:\/\/cardinal-tapes.com\/","name":"cardinal TAPES","description":"Klebetechnik aus Wuppertal","potentialAction":[{"@type":"SearchAction","target":{"@type":"EntryPoint","urlTemplate":"https:\/\/cardinal-tapes.com\/?s={search_term_string}"},"query-input":{"@type":"PropertyValueSpecification","valueRequired":true,"valueName":"search_term_string"}}],"inLanguage":"pl-PL"}]}},"brands":[{"id":2164,"name":"tesa","slug":"tesa-pl"}],"_links":{"self":[{"href":"https:\/\/cardinal-tapes.com\/pl\/wp-json\/wp\/v2\/product\/41421","targetHints":{"allow":["GET"]}}],"collection":[{"href":"https:\/\/cardinal-tapes.com\/pl\/wp-json\/wp\/v2\/product"}],"about":[{"href":"https:\/\/cardinal-tapes.com\/pl\/wp-json\/wp\/v2\/types\/product"}],"wp:featuredmedia":[{"embeddable":true,"href":"https:\/\/cardinal-tapes.com\/pl\/wp-json\/wp\/v2\/media\/28690"}],"wp:attachment":[{"href":"https:\/\/cardinal-tapes.com\/pl\/wp-json\/wp\/v2\/media?parent=41421"}],"wp:term":[{"taxonomy":"pwb-brand","embeddable":true,"href":"https:\/\/cardinal-tapes.com\/pl\/wp-json\/wp\/v2\/pwb-brand?post=41421"},{"taxonomy":"product_brand","embeddable":true,"href":"https:\/\/cardinal-tapes.com\/pl\/wp-json\/wp\/v2\/product_brand?post=41421"},{"taxonomy":"product_cat","embeddable":true,"href":"https:\/\/cardinal-tapes.com\/pl\/wp-json\/wp\/v2\/product_cat?post=41421"},{"taxonomy":"product_tag","embeddable":true,"href":"https:\/\/cardinal-tapes.com\/pl\/wp-json\/wp\/v2\/product_tag?post=41421"}],"curies":[{"name":"wp","href":"https:\/\/api.w.org\/{rel}","templated":true}]}}