{"id":41358,"date":"2021-05-20T13:11:59","date_gmt":"2023-06-05T14:56:11","guid":{"rendered":"https:\/\/cardinal.pixel-tal.de\/klebebaender\/bez-kategorii\/tasma-pakowa-tesapack-4120-pvc\/"},"modified":"2023-06-05T16:56:11","modified_gmt":"2023-06-05T14:56:11","slug":"tesapack-4120-pvc-packaging-tape","status":"publish","type":"product","link":"https:\/\/cardinal-tapes.com\/pl\/ta\u015bmy-samoprzylepne\/jednostronne-tasmy-samoprzylepne\/folia-pvc\/tesapack-4120-pvc-packaging-tape\/","title":{"rendered":"Ta\u015bma pakowa tesapack\u00ae 4120 PVC"},"content":{"rendered":"<p><sup>tesapack\u00ae<\/sup> 4120 to ta\u015bma pakowa na bazie folii PVC z mocnym klejem z naturalnego kauczuku.<\/p>\n<p><strong>W\u0142a\u015bciwo\u015bci<\/strong><br \/>\n&#8211; Jednolite i ciche toczenie<br \/>\n&#8211; Bardzo wysoka wytrzyma\u0142o\u015b\u0107 na rozdarcie<\/p>\n<p><strong>Zastosowania<\/strong><br \/>\n&#8211; Bardzo dobrze nadaje si\u0119 do obr\u00f3bki r\u0119cznej i maszynowej<br \/>\n&#8211; Szczeg\u00f3lnie nadaje si\u0119 do uszczelniania lekkich i \u015brednich pude\u0142ek transportowych<\/p>\n","protected":false},"excerpt":{"rendered":"<p>tesapack\u00ae 4120 to ta\u015bma pakowa na bazie folii PVC z mocnym klejem z naturalnego kauczuku. W\u0142a\u015bciwo\u015bci &#8211; Jednolite i ciche toczenie &#8211; Bardzo wysoka wytrzyma\u0142o\u015b\u0107 na rozdarcie Zastosowania &#8211; Bardzo dobrze nadaje si\u0119 do obr\u00f3bki r\u0119cznej i maszynowej &#8211; Szczeg\u00f3lnie nadaje si\u0119 do uszczelniania lekkich i \u015brednich pude\u0142ek transportowych<\/p>\n","protected":false},"featured_media":28654,"template":"","meta":{"_acf_changed":false},"pwb-brand":[2164],"product_brand":[],"product_cat":[1792,1816,1821,1867],"product_tag":[],"class_list":{"0":"post-41358","1":"product","2":"type-product","3":"status-publish","4":"has-post-thumbnail","6":"pwb-brand-tesa-pl","7":"product_cat-sektor-transportowy","8":"product_cat-jednostronne-tasmy-samoprzylepne","9":"product_cat-folia-pvc","10":"product_cat-systemy-pakowania","12":"first","13":"instock","14":"taxable","15":"shipping-taxable","16":"purchasable","17":"product-type-variable"},"acf":[],"yoast_head":"<!-- This site is optimized with the Yoast SEO plugin v27.3 - https:\/\/yoast.com\/product\/yoast-seo-wordpress\/ -->\n<title>tesapack\u00ae 4120 PVC Hand Roll | Cardinal TAPES<\/title>\n<meta name=\"description\" content=\"tesapack\u00ae 4120 to ta\u015bma pakowa na bazie folii PVC z mocnym klejem z naturalnego kauczuku.\" \/>\n<meta name=\"robots\" content=\"index, follow, max-snippet:-1, max-image-preview:large, max-video-preview:-1\" \/>\n<link rel=\"canonical\" href=\"https:\/\/cardinal-tapes.com\/pl\/ta\u015bmy-samoprzylepne\/sektor-transportowy\/tesapack-4120-pvc-packaging-tape\/\" \/>\n<meta property=\"og:locale\" content=\"pl_PL\" \/>\n<meta property=\"og:type\" content=\"article\" \/>\n<meta property=\"og:title\" content=\"tesapack\u00ae 4120 PVC Hand Roll | Cardinal TAPES\" \/>\n<meta property=\"og:description\" content=\"tesapack\u00ae 4120 to ta\u015bma pakowa na bazie folii PVC z mocnym klejem z naturalnego kauczuku.\" \/>\n<meta property=\"og:url\" content=\"https:\/\/cardinal-tapes.com\/pl\/ta\u015bmy-samoprzylepne\/sektor-transportowy\/tesapack-4120-pvc-packaging-tape\/\" \/>\n<meta property=\"og:site_name\" content=\"cardinal TAPES\" \/>\n<meta property=\"og:image\" content=\"https:\/\/cardinal-tapes.com\/wp-content\/uploads\/12ws.jpg\" \/>\n\t<meta property=\"og:image:width\" content=\"278\" \/>\n\t<meta property=\"og:image:height\" content=\"279\" \/>\n\t<meta property=\"og:image:type\" content=\"image\/jpeg\" \/>\n<meta name=\"twitter:card\" content=\"summary_large_image\" \/>\n<script type=\"application\/ld+json\" class=\"yoast-schema-graph\">{\"@context\":\"https:\\\/\\\/schema.org\",\"@graph\":[{\"@type\":\"WebPage\",\"@id\":\"https:\\\/\\\/cardinal-tapes.com\\\/pl\\\/ta\u015bmy-samoprzylepne\\\/sektor-transportowy\\\/tesapack-4120-pvc-packaging-tape\\\/\",\"url\":\"https:\\\/\\\/cardinal-tapes.com\\\/pl\\\/ta\u015bmy-samoprzylepne\\\/sektor-transportowy\\\/tesapack-4120-pvc-packaging-tape\\\/\",\"name\":\"tesapack\u00ae 4120 PVC Hand Roll | Cardinal TAPES\",\"isPartOf\":{\"@id\":\"https:\\\/\\\/cardinal-tapes.com\\\/#website\"},\"primaryImageOfPage\":{\"@id\":\"https:\\\/\\\/cardinal-tapes.com\\\/pl\\\/ta\u015bmy-samoprzylepne\\\/sektor-transportowy\\\/tesapack-4120-pvc-packaging-tape\\\/#primaryimage\"},\"image\":{\"@id\":\"https:\\\/\\\/cardinal-tapes.com\\\/pl\\\/ta\u015bmy-samoprzylepne\\\/sektor-transportowy\\\/tesapack-4120-pvc-packaging-tape\\\/#primaryimage\"},\"thumbnailUrl\":\"https:\\\/\\\/cardinal-tapes.com\\\/wp-content\\\/uploads\\\/12ws.jpg\",\"datePublished\":\"2023-06-05T14:56:11+00:00\",\"description\":\"tesapack\u00ae 4120 to ta\u015bma pakowa na bazie folii PVC z mocnym klejem z naturalnego kauczuku.\",\"breadcrumb\":{\"@id\":\"https:\\\/\\\/cardinal-tapes.com\\\/pl\\\/ta\u015bmy-samoprzylepne\\\/sektor-transportowy\\\/tesapack-4120-pvc-packaging-tape\\\/#breadcrumb\"},\"inLanguage\":\"pl-PL\",\"potentialAction\":[{\"@type\":\"ReadAction\",\"target\":[\"https:\\\/\\\/cardinal-tapes.com\\\/pl\\\/ta\u015bmy-samoprzylepne\\\/sektor-transportowy\\\/tesapack-4120-pvc-packaging-tape\\\/\"]}]},{\"@type\":\"ImageObject\",\"inLanguage\":\"pl-PL\",\"@id\":\"https:\\\/\\\/cardinal-tapes.com\\\/pl\\\/ta\u015bmy-samoprzylepne\\\/sektor-transportowy\\\/tesapack-4120-pvc-packaging-tape\\\/#primaryimage\",\"url\":\"https:\\\/\\\/cardinal-tapes.com\\\/wp-content\\\/uploads\\\/12ws.jpg\",\"contentUrl\":\"https:\\\/\\\/cardinal-tapes.com\\\/wp-content\\\/uploads\\\/12ws.jpg\",\"width\":278,\"height\":279},{\"@type\":\"BreadcrumbList\",\"@id\":\"https:\\\/\\\/cardinal-tapes.com\\\/pl\\\/ta\u015bmy-samoprzylepne\\\/sektor-transportowy\\\/tesapack-4120-pvc-packaging-tape\\\/#breadcrumb\",\"itemListElement\":[{\"@type\":\"ListItem\",\"position\":1,\"name\":\"Startseite\",\"item\":\"https:\\\/\\\/cardinal-tapes.com\\\/pl\\\/strona-glowna\\\/\"},{\"@type\":\"ListItem\",\"position\":2,\"name\":\"Ta\u015bmy samoprzylepne\",\"item\":\"https:\\\/\\\/cardinal-tapes.com\\\/pl\\\/tasmy-samoprzylepne-pl\\\/\"},{\"@type\":\"ListItem\",\"position\":3,\"name\":\"Sektor transportowy\",\"item\":\"https:\\\/\\\/cardinal-tapes.com\\\/pl\\\/kategoria\\\/sektor-transportowy\\\/\"},{\"@type\":\"ListItem\",\"position\":4,\"name\":\"Ta\u015bma pakowa tesapack\u00ae 4120 PVC\"}]},{\"@type\":\"WebSite\",\"@id\":\"https:\\\/\\\/cardinal-tapes.com\\\/#website\",\"url\":\"https:\\\/\\\/cardinal-tapes.com\\\/\",\"name\":\"cardinal TAPES\",\"description\":\"Klebetechnik aus Wuppertal\",\"potentialAction\":[{\"@type\":\"SearchAction\",\"target\":{\"@type\":\"EntryPoint\",\"urlTemplate\":\"https:\\\/\\\/cardinal-tapes.com\\\/?s={search_term_string}\"},\"query-input\":{\"@type\":\"PropertyValueSpecification\",\"valueRequired\":true,\"valueName\":\"search_term_string\"}}],\"inLanguage\":\"pl-PL\"}]}<\/script>\n<!-- \/ Yoast SEO plugin. -->","yoast_head_json":{"title":"tesapack\u00ae 4120 PVC Hand Roll | Cardinal TAPES","description":"tesapack\u00ae 4120 to ta\u015bma pakowa na bazie folii PVC z mocnym klejem z naturalnego kauczuku.","robots":{"index":"index","follow":"follow","max-snippet":"max-snippet:-1","max-image-preview":"max-image-preview:large","max-video-preview":"max-video-preview:-1"},"canonical":"https:\/\/cardinal-tapes.com\/pl\/ta\u015bmy-samoprzylepne\/sektor-transportowy\/tesapack-4120-pvc-packaging-tape\/","og_locale":"pl_PL","og_type":"article","og_title":"tesapack\u00ae 4120 PVC Hand Roll | Cardinal TAPES","og_description":"tesapack\u00ae 4120 to ta\u015bma pakowa na bazie folii PVC z mocnym klejem z naturalnego kauczuku.","og_url":"https:\/\/cardinal-tapes.com\/pl\/ta\u015bmy-samoprzylepne\/sektor-transportowy\/tesapack-4120-pvc-packaging-tape\/","og_site_name":"cardinal TAPES","og_image":[{"width":278,"height":279,"url":"https:\/\/cardinal-tapes.com\/wp-content\/uploads\/12ws.jpg","type":"image\/jpeg"}],"twitter_card":"summary_large_image","schema":{"@context":"https:\/\/schema.org","@graph":[{"@type":"WebPage","@id":"https:\/\/cardinal-tapes.com\/pl\/ta\u015bmy-samoprzylepne\/sektor-transportowy\/tesapack-4120-pvc-packaging-tape\/","url":"https:\/\/cardinal-tapes.com\/pl\/ta\u015bmy-samoprzylepne\/sektor-transportowy\/tesapack-4120-pvc-packaging-tape\/","name":"tesapack\u00ae 4120 PVC Hand Roll | Cardinal TAPES","isPartOf":{"@id":"https:\/\/cardinal-tapes.com\/#website"},"primaryImageOfPage":{"@id":"https:\/\/cardinal-tapes.com\/pl\/ta\u015bmy-samoprzylepne\/sektor-transportowy\/tesapack-4120-pvc-packaging-tape\/#primaryimage"},"image":{"@id":"https:\/\/cardinal-tapes.com\/pl\/ta\u015bmy-samoprzylepne\/sektor-transportowy\/tesapack-4120-pvc-packaging-tape\/#primaryimage"},"thumbnailUrl":"https:\/\/cardinal-tapes.com\/wp-content\/uploads\/12ws.jpg","datePublished":"2023-06-05T14:56:11+00:00","description":"tesapack\u00ae 4120 to ta\u015bma pakowa na bazie folii PVC z mocnym klejem z naturalnego kauczuku.","breadcrumb":{"@id":"https:\/\/cardinal-tapes.com\/pl\/ta\u015bmy-samoprzylepne\/sektor-transportowy\/tesapack-4120-pvc-packaging-tape\/#breadcrumb"},"inLanguage":"pl-PL","potentialAction":[{"@type":"ReadAction","target":["https:\/\/cardinal-tapes.com\/pl\/ta\u015bmy-samoprzylepne\/sektor-transportowy\/tesapack-4120-pvc-packaging-tape\/"]}]},{"@type":"ImageObject","inLanguage":"pl-PL","@id":"https:\/\/cardinal-tapes.com\/pl\/ta\u015bmy-samoprzylepne\/sektor-transportowy\/tesapack-4120-pvc-packaging-tape\/#primaryimage","url":"https:\/\/cardinal-tapes.com\/wp-content\/uploads\/12ws.jpg","contentUrl":"https:\/\/cardinal-tapes.com\/wp-content\/uploads\/12ws.jpg","width":278,"height":279},{"@type":"BreadcrumbList","@id":"https:\/\/cardinal-tapes.com\/pl\/ta\u015bmy-samoprzylepne\/sektor-transportowy\/tesapack-4120-pvc-packaging-tape\/#breadcrumb","itemListElement":[{"@type":"ListItem","position":1,"name":"Startseite","item":"https:\/\/cardinal-tapes.com\/pl\/strona-glowna\/"},{"@type":"ListItem","position":2,"name":"Ta\u015bmy samoprzylepne","item":"https:\/\/cardinal-tapes.com\/pl\/tasmy-samoprzylepne-pl\/"},{"@type":"ListItem","position":3,"name":"Sektor transportowy","item":"https:\/\/cardinal-tapes.com\/pl\/kategoria\/sektor-transportowy\/"},{"@type":"ListItem","position":4,"name":"Ta\u015bma pakowa tesapack\u00ae 4120 PVC"}]},{"@type":"WebSite","@id":"https:\/\/cardinal-tapes.com\/#website","url":"https:\/\/cardinal-tapes.com\/","name":"cardinal TAPES","description":"Klebetechnik aus Wuppertal","potentialAction":[{"@type":"SearchAction","target":{"@type":"EntryPoint","urlTemplate":"https:\/\/cardinal-tapes.com\/?s={search_term_string}"},"query-input":{"@type":"PropertyValueSpecification","valueRequired":true,"valueName":"search_term_string"}}],"inLanguage":"pl-PL"}]}},"brands":[{"id":2164,"name":"tesa","slug":"tesa-pl"}],"_links":{"self":[{"href":"https:\/\/cardinal-tapes.com\/pl\/wp-json\/wp\/v2\/product\/41358","targetHints":{"allow":["GET"]}}],"collection":[{"href":"https:\/\/cardinal-tapes.com\/pl\/wp-json\/wp\/v2\/product"}],"about":[{"href":"https:\/\/cardinal-tapes.com\/pl\/wp-json\/wp\/v2\/types\/product"}],"wp:featuredmedia":[{"embeddable":true,"href":"https:\/\/cardinal-tapes.com\/pl\/wp-json\/wp\/v2\/media\/28654"}],"wp:attachment":[{"href":"https:\/\/cardinal-tapes.com\/pl\/wp-json\/wp\/v2\/media?parent=41358"}],"wp:term":[{"taxonomy":"pwb-brand","embeddable":true,"href":"https:\/\/cardinal-tapes.com\/pl\/wp-json\/wp\/v2\/pwb-brand?post=41358"},{"taxonomy":"product_brand","embeddable":true,"href":"https:\/\/cardinal-tapes.com\/pl\/wp-json\/wp\/v2\/product_brand?post=41358"},{"taxonomy":"product_cat","embeddable":true,"href":"https:\/\/cardinal-tapes.com\/pl\/wp-json\/wp\/v2\/product_cat?post=41358"},{"taxonomy":"product_tag","embeddable":true,"href":"https:\/\/cardinal-tapes.com\/pl\/wp-json\/wp\/v2\/product_tag?post=41358"}],"curies":[{"name":"wp","href":"https:\/\/api.w.org\/{rel}","templated":true}]}}