{"id":41341,"date":"2021-05-11T07:42:04","date_gmt":"2021-05-11T05:42:04","guid":{"rendered":"https:\/\/cardinal.pixel-tal.de\/klebebaender\/bez-kategorii\/h-old-h-20-tasma-samoprzylepna-z-poliimidu-kapton\/"},"modified":"2025-07-02T13:51:39","modified_gmt":"2025-07-02T11:51:39","slug":"tasma-samoprzylepna-poliimidowa-h-20-capton","status":"publish","type":"product","link":"https:\/\/cardinal-tapes.com\/pl\/ta\u015bmy-samoprzylepne\/jednostronne-tasmy-samoprzylepne\/tasma-samoprzylepna-poliimidowa-h-20-capton\/","title":{"rendered":"h-old H.20 Ta\u015bma samoprzylepna z poliimidu Kapton\u00ae"},"content":{"rendered":"<p>H-old H.20 Ta\u015bma samoprzylepna poliimidowa Kapton\u00ae sk\u0142ada si\u0119 z folii Kapton\u00ae o grubo\u015bci 0,025 mm, kt\u00f3ra z jednej strony pokryta jest wysokiej jako\u015bci klejem silikonowym wra\u017cliwym na nacisk. Zosta\u0142 opracowany do zastosowa\u0144 elektrycznych w wysokich temperaturach, w kt\u00f3rych wymagany jest cienki, dopasowuj\u0105cy si\u0119 podk\u0142ad w po\u0142\u0105czeniu z doskona\u0142ymi w\u0142a\u015bciwo\u015bciami dielektrycznymi. Ponadto jest odporny na promieniowanie j\u0105drowe.<\/p>\n<p><strong>W\u0142a\u015bciwo\u015bci<\/strong><br \/>\n&#8211; bardzo dobra odporno\u015b\u0107 na wysokie temperatury<br \/>\n&#8211; dobra odporno\u015b\u0107 na rozpuszczalniki i chemikalia<\/p>\n<p><strong>Aplikacje<\/strong><br \/>\n&#8211; do zastosowa\u0144, w kt\u00f3rych wymagana jest odporno\u015b\u0107 na wysokie temperatury<\/p>\n","protected":false},"excerpt":{"rendered":"<p>H-old H.20 Ta\u015bma samoprzylepna poliimidowa Kapton\u00ae sk\u0142ada si\u0119 z folii Kapton\u00ae o grubo\u015bci 0,025 mm, kt\u00f3ra z jednej strony pokryta jest wysokiej jako\u015bci klejem silikonowym wra\u017cliwym na nacisk. Zosta\u0142 opracowany do zastosowa\u0144 elektrycznych w wysokich temperaturach, w kt\u00f3rych wymagany jest cienki, dopasowuj\u0105cy si\u0119 podk\u0142ad w po\u0142\u0105czeniu z doskona\u0142ymi w\u0142a\u015bciwo\u015bciami dielektrycznymi. Ponadto jest odporny na promieniowanie [&hellip;]<\/p>\n","protected":false},"featured_media":78513,"template":"","meta":{"_acf_changed":false},"pwb-brand":[2391,2400],"product_brand":[],"product_cat":[1816],"product_tag":[],"class_list":{"0":"post-41341","1":"product","2":"type-product","3":"status-publish","4":"has-post-thumbnail","6":"pwb-brand-h-old-pl","7":"pwb-brand-saint-gobain-pl","8":"product_cat-jednostronne-tasmy-samoprzylepne","10":"first","11":"instock","12":"taxable","13":"shipping-taxable","14":"product-type-simple"},"acf":[],"yoast_head":"<!-- This site is optimized with the Yoast SEO plugin v27.3 - https:\/\/yoast.com\/product\/yoast-seo-wordpress\/ -->\n<title>h-old H.20 Ta\u015bma samoprzylepna z poliimidu Kapton\u00ae - cardinal TAPES<\/title>\n<meta name=\"robots\" content=\"index, follow, max-snippet:-1, max-image-preview:large, max-video-preview:-1\" \/>\n<link rel=\"canonical\" href=\"https:\/\/cardinal-tapes.com\/pl\/ta\u015bmy-samoprzylepne\/jednostronne-tasmy-samoprzylepne\/tasma-samoprzylepna-poliimidowa-h-20-capton\/\" \/>\n<meta property=\"og:locale\" content=\"pl_PL\" \/>\n<meta property=\"og:type\" content=\"article\" \/>\n<meta property=\"og:title\" content=\"h-old H.20 Ta\u015bma samoprzylepna z poliimidu Kapton\u00ae - cardinal TAPES\" \/>\n<meta property=\"og:description\" content=\"H-old H.20 Ta\u015bma samoprzylepna poliimidowa Kapton\u00ae sk\u0142ada si\u0119 z folii Kapton\u00ae o grubo\u015bci 0,025 mm, kt\u00f3ra z jednej strony pokryta jest wysokiej jako\u015bci klejem silikonowym wra\u017cliwym na nacisk. Zosta\u0142 opracowany do zastosowa\u0144 elektrycznych w wysokich temperaturach, w kt\u00f3rych wymagany jest cienki, dopasowuj\u0105cy si\u0119 podk\u0142ad w po\u0142\u0105czeniu z doskona\u0142ymi w\u0142a\u015bciwo\u015bciami dielektrycznymi. Ponadto jest odporny na promieniowanie [&hellip;]\" \/>\n<meta property=\"og:url\" content=\"https:\/\/cardinal-tapes.com\/pl\/ta\u015bmy-samoprzylepne\/jednostronne-tasmy-samoprzylepne\/tasma-samoprzylepna-poliimidowa-h-20-capton\/\" \/>\n<meta property=\"og:site_name\" content=\"cardinal TAPES\" \/>\n<meta property=\"article:modified_time\" content=\"2025-07-02T11:51:39+00:00\" \/>\n<meta property=\"og:image\" content=\"https:\/\/cardinal-tapes.com\/wp-content\/uploads\/H-old-Kapton-H20-H20AC-H220-H205-560-A_203724.png\" \/>\n\t<meta property=\"og:image:width\" content=\"415\" \/>\n\t<meta property=\"og:image:height\" content=\"415\" \/>\n\t<meta property=\"og:image:type\" content=\"image\/png\" \/>\n<meta name=\"twitter:card\" content=\"summary_large_image\" \/>\n<meta name=\"twitter:label1\" content=\"Szacowany czas czytania\" \/>\n\t<meta name=\"twitter:data1\" content=\"1 minuta\" \/>\n<script type=\"application\/ld+json\" class=\"yoast-schema-graph\">{\"@context\":\"https:\\\/\\\/schema.org\",\"@graph\":[{\"@type\":\"WebPage\",\"@id\":\"https:\\\/\\\/cardinal-tapes.com\\\/pl\\\/ta\u015bmy-samoprzylepne\\\/jednostronne-tasmy-samoprzylepne\\\/tasma-samoprzylepna-poliimidowa-h-20-capton\\\/\",\"url\":\"https:\\\/\\\/cardinal-tapes.com\\\/pl\\\/ta\u015bmy-samoprzylepne\\\/jednostronne-tasmy-samoprzylepne\\\/tasma-samoprzylepna-poliimidowa-h-20-capton\\\/\",\"name\":\"h-old H.20 Ta\u015bma samoprzylepna z poliimidu Kapton\u00ae - cardinal TAPES\",\"isPartOf\":{\"@id\":\"https:\\\/\\\/cardinal-tapes.com\\\/#website\"},\"primaryImageOfPage\":{\"@id\":\"https:\\\/\\\/cardinal-tapes.com\\\/pl\\\/ta\u015bmy-samoprzylepne\\\/jednostronne-tasmy-samoprzylepne\\\/tasma-samoprzylepna-poliimidowa-h-20-capton\\\/#primaryimage\"},\"image\":{\"@id\":\"https:\\\/\\\/cardinal-tapes.com\\\/pl\\\/ta\u015bmy-samoprzylepne\\\/jednostronne-tasmy-samoprzylepne\\\/tasma-samoprzylepna-poliimidowa-h-20-capton\\\/#primaryimage\"},\"thumbnailUrl\":\"https:\\\/\\\/cardinal-tapes.com\\\/wp-content\\\/uploads\\\/H-old-Kapton-H20-H20AC-H220-H205-560-A_203724.png\",\"datePublished\":\"2021-05-11T05:42:04+00:00\",\"dateModified\":\"2025-07-02T11:51:39+00:00\",\"breadcrumb\":{\"@id\":\"https:\\\/\\\/cardinal-tapes.com\\\/pl\\\/ta\u015bmy-samoprzylepne\\\/jednostronne-tasmy-samoprzylepne\\\/tasma-samoprzylepna-poliimidowa-h-20-capton\\\/#breadcrumb\"},\"inLanguage\":\"pl-PL\",\"potentialAction\":[{\"@type\":\"ReadAction\",\"target\":[\"https:\\\/\\\/cardinal-tapes.com\\\/pl\\\/ta\u015bmy-samoprzylepne\\\/jednostronne-tasmy-samoprzylepne\\\/tasma-samoprzylepna-poliimidowa-h-20-capton\\\/\"]}]},{\"@type\":\"ImageObject\",\"inLanguage\":\"pl-PL\",\"@id\":\"https:\\\/\\\/cardinal-tapes.com\\\/pl\\\/ta\u015bmy-samoprzylepne\\\/jednostronne-tasmy-samoprzylepne\\\/tasma-samoprzylepna-poliimidowa-h-20-capton\\\/#primaryimage\",\"url\":\"https:\\\/\\\/cardinal-tapes.com\\\/wp-content\\\/uploads\\\/H-old-Kapton-H20-H20AC-H220-H205-560-A_203724.png\",\"contentUrl\":\"https:\\\/\\\/cardinal-tapes.com\\\/wp-content\\\/uploads\\\/H-old-Kapton-H20-H20AC-H220-H205-560-A_203724.png\",\"width\":415,\"height\":415},{\"@type\":\"BreadcrumbList\",\"@id\":\"https:\\\/\\\/cardinal-tapes.com\\\/pl\\\/ta\u015bmy-samoprzylepne\\\/jednostronne-tasmy-samoprzylepne\\\/tasma-samoprzylepna-poliimidowa-h-20-capton\\\/#breadcrumb\",\"itemListElement\":[{\"@type\":\"ListItem\",\"position\":1,\"name\":\"Startseite\",\"item\":\"https:\\\/\\\/cardinal-tapes.com\\\/pl\\\/strona-glowna\\\/\"},{\"@type\":\"ListItem\",\"position\":2,\"name\":\"Ta\u015bmy samoprzylepne\",\"item\":\"https:\\\/\\\/cardinal-tapes.com\\\/pl\\\/tasmy-samoprzylepne-pl\\\/\"},{\"@type\":\"ListItem\",\"position\":3,\"name\":\"Jednostronne ta\u015bmy samoprzylepne\",\"item\":\"https:\\\/\\\/cardinal-tapes.com\\\/pl\\\/kategoria\\\/jednostronne-tasmy-samoprzylepne\\\/\"},{\"@type\":\"ListItem\",\"position\":4,\"name\":\"h-old H.20 Ta\u015bma samoprzylepna z poliimidu Kapton\u00ae\"}]},{\"@type\":\"WebSite\",\"@id\":\"https:\\\/\\\/cardinal-tapes.com\\\/#website\",\"url\":\"https:\\\/\\\/cardinal-tapes.com\\\/\",\"name\":\"cardinal TAPES\",\"description\":\"Klebetechnik aus Wuppertal\",\"potentialAction\":[{\"@type\":\"SearchAction\",\"target\":{\"@type\":\"EntryPoint\",\"urlTemplate\":\"https:\\\/\\\/cardinal-tapes.com\\\/?s={search_term_string}\"},\"query-input\":{\"@type\":\"PropertyValueSpecification\",\"valueRequired\":true,\"valueName\":\"search_term_string\"}}],\"inLanguage\":\"pl-PL\"}]}<\/script>\n<!-- \/ Yoast SEO plugin. -->","yoast_head_json":{"title":"h-old H.20 Ta\u015bma samoprzylepna z poliimidu Kapton\u00ae - cardinal TAPES","robots":{"index":"index","follow":"follow","max-snippet":"max-snippet:-1","max-image-preview":"max-image-preview:large","max-video-preview":"max-video-preview:-1"},"canonical":"https:\/\/cardinal-tapes.com\/pl\/ta\u015bmy-samoprzylepne\/jednostronne-tasmy-samoprzylepne\/tasma-samoprzylepna-poliimidowa-h-20-capton\/","og_locale":"pl_PL","og_type":"article","og_title":"h-old H.20 Ta\u015bma samoprzylepna z poliimidu Kapton\u00ae - cardinal TAPES","og_description":"H-old H.20 Ta\u015bma samoprzylepna poliimidowa Kapton\u00ae sk\u0142ada si\u0119 z folii Kapton\u00ae o grubo\u015bci 0,025 mm, kt\u00f3ra z jednej strony pokryta jest wysokiej jako\u015bci klejem silikonowym wra\u017cliwym na nacisk. Zosta\u0142 opracowany do zastosowa\u0144 elektrycznych w wysokich temperaturach, w kt\u00f3rych wymagany jest cienki, dopasowuj\u0105cy si\u0119 podk\u0142ad w po\u0142\u0105czeniu z doskona\u0142ymi w\u0142a\u015bciwo\u015bciami dielektrycznymi. Ponadto jest odporny na promieniowanie [&hellip;]","og_url":"https:\/\/cardinal-tapes.com\/pl\/ta\u015bmy-samoprzylepne\/jednostronne-tasmy-samoprzylepne\/tasma-samoprzylepna-poliimidowa-h-20-capton\/","og_site_name":"cardinal TAPES","article_modified_time":"2025-07-02T11:51:39+00:00","og_image":[{"width":415,"height":415,"url":"https:\/\/cardinal-tapes.com\/wp-content\/uploads\/H-old-Kapton-H20-H20AC-H220-H205-560-A_203724.png","type":"image\/png"}],"twitter_card":"summary_large_image","twitter_misc":{"Szacowany czas czytania":"1 minuta"},"schema":{"@context":"https:\/\/schema.org","@graph":[{"@type":"WebPage","@id":"https:\/\/cardinal-tapes.com\/pl\/ta\u015bmy-samoprzylepne\/jednostronne-tasmy-samoprzylepne\/tasma-samoprzylepna-poliimidowa-h-20-capton\/","url":"https:\/\/cardinal-tapes.com\/pl\/ta\u015bmy-samoprzylepne\/jednostronne-tasmy-samoprzylepne\/tasma-samoprzylepna-poliimidowa-h-20-capton\/","name":"h-old H.20 Ta\u015bma samoprzylepna z poliimidu Kapton\u00ae - cardinal TAPES","isPartOf":{"@id":"https:\/\/cardinal-tapes.com\/#website"},"primaryImageOfPage":{"@id":"https:\/\/cardinal-tapes.com\/pl\/ta\u015bmy-samoprzylepne\/jednostronne-tasmy-samoprzylepne\/tasma-samoprzylepna-poliimidowa-h-20-capton\/#primaryimage"},"image":{"@id":"https:\/\/cardinal-tapes.com\/pl\/ta\u015bmy-samoprzylepne\/jednostronne-tasmy-samoprzylepne\/tasma-samoprzylepna-poliimidowa-h-20-capton\/#primaryimage"},"thumbnailUrl":"https:\/\/cardinal-tapes.com\/wp-content\/uploads\/H-old-Kapton-H20-H20AC-H220-H205-560-A_203724.png","datePublished":"2021-05-11T05:42:04+00:00","dateModified":"2025-07-02T11:51:39+00:00","breadcrumb":{"@id":"https:\/\/cardinal-tapes.com\/pl\/ta\u015bmy-samoprzylepne\/jednostronne-tasmy-samoprzylepne\/tasma-samoprzylepna-poliimidowa-h-20-capton\/#breadcrumb"},"inLanguage":"pl-PL","potentialAction":[{"@type":"ReadAction","target":["https:\/\/cardinal-tapes.com\/pl\/ta\u015bmy-samoprzylepne\/jednostronne-tasmy-samoprzylepne\/tasma-samoprzylepna-poliimidowa-h-20-capton\/"]}]},{"@type":"ImageObject","inLanguage":"pl-PL","@id":"https:\/\/cardinal-tapes.com\/pl\/ta\u015bmy-samoprzylepne\/jednostronne-tasmy-samoprzylepne\/tasma-samoprzylepna-poliimidowa-h-20-capton\/#primaryimage","url":"https:\/\/cardinal-tapes.com\/wp-content\/uploads\/H-old-Kapton-H20-H20AC-H220-H205-560-A_203724.png","contentUrl":"https:\/\/cardinal-tapes.com\/wp-content\/uploads\/H-old-Kapton-H20-H20AC-H220-H205-560-A_203724.png","width":415,"height":415},{"@type":"BreadcrumbList","@id":"https:\/\/cardinal-tapes.com\/pl\/ta\u015bmy-samoprzylepne\/jednostronne-tasmy-samoprzylepne\/tasma-samoprzylepna-poliimidowa-h-20-capton\/#breadcrumb","itemListElement":[{"@type":"ListItem","position":1,"name":"Startseite","item":"https:\/\/cardinal-tapes.com\/pl\/strona-glowna\/"},{"@type":"ListItem","position":2,"name":"Ta\u015bmy samoprzylepne","item":"https:\/\/cardinal-tapes.com\/pl\/tasmy-samoprzylepne-pl\/"},{"@type":"ListItem","position":3,"name":"Jednostronne ta\u015bmy samoprzylepne","item":"https:\/\/cardinal-tapes.com\/pl\/kategoria\/jednostronne-tasmy-samoprzylepne\/"},{"@type":"ListItem","position":4,"name":"h-old H.20 Ta\u015bma samoprzylepna z poliimidu Kapton\u00ae"}]},{"@type":"WebSite","@id":"https:\/\/cardinal-tapes.com\/#website","url":"https:\/\/cardinal-tapes.com\/","name":"cardinal TAPES","description":"Klebetechnik aus Wuppertal","potentialAction":[{"@type":"SearchAction","target":{"@type":"EntryPoint","urlTemplate":"https:\/\/cardinal-tapes.com\/?s={search_term_string}"},"query-input":{"@type":"PropertyValueSpecification","valueRequired":true,"valueName":"search_term_string"}}],"inLanguage":"pl-PL"}]}},"brands":[{"id":2391,"name":"Saint-Gobain h-old","slug":"h-old-pl"},{"id":2400,"name":"Saint-Gobain Performance Plastics","slug":"saint-gobain-pl"}],"_links":{"self":[{"href":"https:\/\/cardinal-tapes.com\/pl\/wp-json\/wp\/v2\/product\/41341","targetHints":{"allow":["GET"]}}],"collection":[{"href":"https:\/\/cardinal-tapes.com\/pl\/wp-json\/wp\/v2\/product"}],"about":[{"href":"https:\/\/cardinal-tapes.com\/pl\/wp-json\/wp\/v2\/types\/product"}],"wp:featuredmedia":[{"embeddable":true,"href":"https:\/\/cardinal-tapes.com\/pl\/wp-json\/wp\/v2\/media\/78513"}],"wp:attachment":[{"href":"https:\/\/cardinal-tapes.com\/pl\/wp-json\/wp\/v2\/media?parent=41341"}],"wp:term":[{"taxonomy":"pwb-brand","embeddable":true,"href":"https:\/\/cardinal-tapes.com\/pl\/wp-json\/wp\/v2\/pwb-brand?post=41341"},{"taxonomy":"product_brand","embeddable":true,"href":"https:\/\/cardinal-tapes.com\/pl\/wp-json\/wp\/v2\/product_brand?post=41341"},{"taxonomy":"product_cat","embeddable":true,"href":"https:\/\/cardinal-tapes.com\/pl\/wp-json\/wp\/v2\/product_cat?post=41341"},{"taxonomy":"product_tag","embeddable":true,"href":"https:\/\/cardinal-tapes.com\/pl\/wp-json\/wp\/v2\/product_tag?post=41341"}],"curies":[{"name":"wp","href":"https:\/\/api.w.org\/{rel}","templated":true}]}}