{"id":41064,"date":"2021-08-25T13:29:29","date_gmt":"2023-06-05T14:56:01","guid":{"rendered":"https:\/\/cardinal.pixel-tal.de\/klebebaender\/bez-kategorii\/at2000-tasma-antyposlizgowa\/"},"modified":"2023-06-05T16:56:01","modified_gmt":"2023-06-05T14:56:01","slug":"tasma-antyposlizgowa-at2000","status":"publish","type":"product","link":"https:\/\/cardinal-tapes.com\/pl\/ta\u015bmy-samoprzylepne\/jednostronne-tasmy-samoprzylepne\/tasma-antyposlizgowa-at2000\/","title":{"rendered":"AT2000 Ta\u015bma antypo\u015blizgowa"},"content":{"rendered":"<div class=\"first_para_desc\">\n<div class=\"first_para_desc\">\n<div class=\"first_para_desc\">\n<div class=\"first_para_desc\">\n<p>AT2000 to mocna, trwa\u0142a ta\u015bma antypo\u015blizgowa stosowana w wielu bran\u017cach. Pomaga zmniejszy\u0107 ryzyko po\u015blizgni\u0119cia si\u0119 i nadaje si\u0119 do stosowania we wszystkich obszarach wymagaj\u0105cych przyczepno\u015bci, takich jak podn\u00f3\u017cki maszyn i pojazd\u00f3w, kraw\u0119dzie schod\u00f3w, stopnie, drabiny, rampy, chodniki, korytarze i wszystkie inne niebezpieczne obszary. Dost\u0119pne w 3 kolorach: \u017b\u00f3\u0142ty, Czarny i \u017b\u00f3\u0142to-czarny.<\/p>\n<\/div>\n<p><strong>Zastosowania<\/strong><\/p>\n<ul>\n<li>Profil antypo\u015blizgowy na schodach i stopniach drabiny<\/li>\n<li>Bie\u017cnik antypo\u015blizgowy do podn\u00f3\u017ck\u00f3w maszyn i pojazd\u00f3w<\/li>\n<li>Do u\u017cytku na mokrych lub \u015bliskich powierzchniach<\/li>\n<li>Zapewnia dodatkow\u0105 przyczepno\u015b\u0107 na rampach i chodnikach<\/li>\n<\/ul>\n<p><strong>W\u0142a\u015bciwo\u015bci<\/strong><\/p>\n<ul>\n<li>Trwa\u0142o\u015b\u0107 i d\u0142uga \u017cywotno\u015b\u0107<\/li>\n<li>Odporno\u015b\u0107 na promieniowanie UV i wod\u0119<\/li>\n<li>Do u\u017cytku wewn\u0105trz i na zewn\u0105trz budynk\u00f3w<\/li>\n<\/ul>\n<\/div>\n<\/div>\n<\/div>\n","protected":false},"excerpt":{"rendered":"<p>AT2000 to mocna, trwa\u0142a ta\u015bma antypo\u015blizgowa stosowana w wielu bran\u017cach. Pomaga zmniejszy\u0107 ryzyko po\u015blizgni\u0119cia si\u0119 i nadaje si\u0119 do stosowania we wszystkich obszarach wymagaj\u0105cych przyczepno\u015bci, takich jak podn\u00f3\u017cki maszyn i pojazd\u00f3w, kraw\u0119dzie schod\u00f3w, stopnie, drabiny, rampy, chodniki, korytarze i wszystkie inne niebezpieczne obszary. Dost\u0119pne w 3 kolorach: \u017b\u00f3\u0142ty, Czarny i \u017b\u00f3\u0142to-czarny. Zastosowania Profil antypo\u015blizgowy na [&hellip;]<\/p>\n","protected":false},"featured_media":28786,"template":"","meta":{"_acf_changed":false},"pwb-brand":[2419],"product_brand":[],"product_cat":[1816],"product_tag":[],"class_list":{"0":"post-41064","1":"product","2":"type-product","3":"status-publish","4":"has-post-thumbnail","6":"pwb-brand-advance-tapes-pl","7":"product_cat-jednostronne-tasmy-samoprzylepne","9":"first","10":"instock","11":"taxable","12":"shipping-taxable","13":"purchasable","14":"product-type-variable"},"acf":[],"yoast_head":"<!-- This site is optimized with the Yoast SEO plugin v27.3 - https:\/\/yoast.com\/product\/yoast-seo-wordpress\/ -->\n<title>AT2000 Ta\u015bma antypo\u015blizgowa | Cardinal TAPES<\/title>\n<meta name=\"description\" content=\"AT2000 to mocna, trwa\u0142a ta\u015bma antypo\u015blizgowa stosowana w wielu bran\u017cach.\" \/>\n<meta name=\"robots\" content=\"index, follow, max-snippet:-1, max-image-preview:large, max-video-preview:-1\" \/>\n<link rel=\"canonical\" href=\"https:\/\/cardinal-tapes.com\/pl\/ta\u015bmy-samoprzylepne\/jednostronne-tasmy-samoprzylepne\/tasma-antyposlizgowa-at2000\/\" \/>\n<meta property=\"og:locale\" content=\"pl_PL\" \/>\n<meta property=\"og:type\" content=\"article\" \/>\n<meta property=\"og:title\" content=\"AT2000 Ta\u015bma antypo\u015blizgowa | Cardinal TAPES\" \/>\n<meta property=\"og:description\" content=\"AT2000 to mocna, trwa\u0142a ta\u015bma antypo\u015blizgowa stosowana w wielu bran\u017cach.\" \/>\n<meta property=\"og:url\" content=\"https:\/\/cardinal-tapes.com\/pl\/ta\u015bmy-samoprzylepne\/jednostronne-tasmy-samoprzylepne\/tasma-antyposlizgowa-at2000\/\" \/>\n<meta property=\"og:site_name\" content=\"cardinal TAPES\" \/>\n<meta property=\"og:image\" content=\"https:\/\/cardinal-tapes.com\/wp-content\/uploads\/AT2000-Yellow.jpg\" \/>\n\t<meta property=\"og:image:width\" content=\"833\" \/>\n\t<meta property=\"og:image:height\" content=\"834\" \/>\n\t<meta property=\"og:image:type\" content=\"image\/jpeg\" \/>\n<meta name=\"twitter:card\" content=\"summary_large_image\" \/>\n<meta name=\"twitter:label1\" content=\"Szacowany czas czytania\" \/>\n\t<meta name=\"twitter:data1\" content=\"1 minuta\" \/>\n<script type=\"application\/ld+json\" class=\"yoast-schema-graph\">{\"@context\":\"https:\\\/\\\/schema.org\",\"@graph\":[{\"@type\":\"WebPage\",\"@id\":\"https:\\\/\\\/cardinal-tapes.com\\\/pl\\\/ta\u015bmy-samoprzylepne\\\/jednostronne-tasmy-samoprzylepne\\\/tasma-antyposlizgowa-at2000\\\/\",\"url\":\"https:\\\/\\\/cardinal-tapes.com\\\/pl\\\/ta\u015bmy-samoprzylepne\\\/jednostronne-tasmy-samoprzylepne\\\/tasma-antyposlizgowa-at2000\\\/\",\"name\":\"AT2000 Ta\u015bma antypo\u015blizgowa | Cardinal TAPES\",\"isPartOf\":{\"@id\":\"https:\\\/\\\/cardinal-tapes.com\\\/#website\"},\"primaryImageOfPage\":{\"@id\":\"https:\\\/\\\/cardinal-tapes.com\\\/pl\\\/ta\u015bmy-samoprzylepne\\\/jednostronne-tasmy-samoprzylepne\\\/tasma-antyposlizgowa-at2000\\\/#primaryimage\"},\"image\":{\"@id\":\"https:\\\/\\\/cardinal-tapes.com\\\/pl\\\/ta\u015bmy-samoprzylepne\\\/jednostronne-tasmy-samoprzylepne\\\/tasma-antyposlizgowa-at2000\\\/#primaryimage\"},\"thumbnailUrl\":\"https:\\\/\\\/cardinal-tapes.com\\\/wp-content\\\/uploads\\\/AT2000-Yellow.jpg\",\"datePublished\":\"2023-06-05T14:56:01+00:00\",\"description\":\"AT2000 to mocna, trwa\u0142a ta\u015bma antypo\u015blizgowa stosowana w wielu bran\u017cach.\",\"breadcrumb\":{\"@id\":\"https:\\\/\\\/cardinal-tapes.com\\\/pl\\\/ta\u015bmy-samoprzylepne\\\/jednostronne-tasmy-samoprzylepne\\\/tasma-antyposlizgowa-at2000\\\/#breadcrumb\"},\"inLanguage\":\"pl-PL\",\"potentialAction\":[{\"@type\":\"ReadAction\",\"target\":[\"https:\\\/\\\/cardinal-tapes.com\\\/pl\\\/ta\u015bmy-samoprzylepne\\\/jednostronne-tasmy-samoprzylepne\\\/tasma-antyposlizgowa-at2000\\\/\"]}]},{\"@type\":\"ImageObject\",\"inLanguage\":\"pl-PL\",\"@id\":\"https:\\\/\\\/cardinal-tapes.com\\\/pl\\\/ta\u015bmy-samoprzylepne\\\/jednostronne-tasmy-samoprzylepne\\\/tasma-antyposlizgowa-at2000\\\/#primaryimage\",\"url\":\"https:\\\/\\\/cardinal-tapes.com\\\/wp-content\\\/uploads\\\/AT2000-Yellow.jpg\",\"contentUrl\":\"https:\\\/\\\/cardinal-tapes.com\\\/wp-content\\\/uploads\\\/AT2000-Yellow.jpg\",\"width\":833,\"height\":834},{\"@type\":\"BreadcrumbList\",\"@id\":\"https:\\\/\\\/cardinal-tapes.com\\\/pl\\\/ta\u015bmy-samoprzylepne\\\/jednostronne-tasmy-samoprzylepne\\\/tasma-antyposlizgowa-at2000\\\/#breadcrumb\",\"itemListElement\":[{\"@type\":\"ListItem\",\"position\":1,\"name\":\"Startseite\",\"item\":\"https:\\\/\\\/cardinal-tapes.com\\\/pl\\\/strona-glowna\\\/\"},{\"@type\":\"ListItem\",\"position\":2,\"name\":\"Ta\u015bmy samoprzylepne\",\"item\":\"https:\\\/\\\/cardinal-tapes.com\\\/pl\\\/tasmy-samoprzylepne-pl\\\/\"},{\"@type\":\"ListItem\",\"position\":3,\"name\":\"Jednostronne ta\u015bmy samoprzylepne\",\"item\":\"https:\\\/\\\/cardinal-tapes.com\\\/pl\\\/kategoria\\\/jednostronne-tasmy-samoprzylepne\\\/\"},{\"@type\":\"ListItem\",\"position\":4,\"name\":\"AT2000 Ta\u015bma antypo\u015blizgowa\"}]},{\"@type\":\"WebSite\",\"@id\":\"https:\\\/\\\/cardinal-tapes.com\\\/#website\",\"url\":\"https:\\\/\\\/cardinal-tapes.com\\\/\",\"name\":\"cardinal TAPES\",\"description\":\"Klebetechnik aus Wuppertal\",\"potentialAction\":[{\"@type\":\"SearchAction\",\"target\":{\"@type\":\"EntryPoint\",\"urlTemplate\":\"https:\\\/\\\/cardinal-tapes.com\\\/?s={search_term_string}\"},\"query-input\":{\"@type\":\"PropertyValueSpecification\",\"valueRequired\":true,\"valueName\":\"search_term_string\"}}],\"inLanguage\":\"pl-PL\"}]}<\/script>\n<!-- \/ Yoast SEO plugin. -->","yoast_head_json":{"title":"AT2000 Ta\u015bma antypo\u015blizgowa | Cardinal TAPES","description":"AT2000 to mocna, trwa\u0142a ta\u015bma antypo\u015blizgowa stosowana w wielu bran\u017cach.","robots":{"index":"index","follow":"follow","max-snippet":"max-snippet:-1","max-image-preview":"max-image-preview:large","max-video-preview":"max-video-preview:-1"},"canonical":"https:\/\/cardinal-tapes.com\/pl\/ta\u015bmy-samoprzylepne\/jednostronne-tasmy-samoprzylepne\/tasma-antyposlizgowa-at2000\/","og_locale":"pl_PL","og_type":"article","og_title":"AT2000 Ta\u015bma antypo\u015blizgowa | Cardinal TAPES","og_description":"AT2000 to mocna, trwa\u0142a ta\u015bma antypo\u015blizgowa stosowana w wielu bran\u017cach.","og_url":"https:\/\/cardinal-tapes.com\/pl\/ta\u015bmy-samoprzylepne\/jednostronne-tasmy-samoprzylepne\/tasma-antyposlizgowa-at2000\/","og_site_name":"cardinal TAPES","og_image":[{"width":833,"height":834,"url":"https:\/\/cardinal-tapes.com\/wp-content\/uploads\/AT2000-Yellow.jpg","type":"image\/jpeg"}],"twitter_card":"summary_large_image","twitter_misc":{"Szacowany czas czytania":"1 minuta"},"schema":{"@context":"https:\/\/schema.org","@graph":[{"@type":"WebPage","@id":"https:\/\/cardinal-tapes.com\/pl\/ta\u015bmy-samoprzylepne\/jednostronne-tasmy-samoprzylepne\/tasma-antyposlizgowa-at2000\/","url":"https:\/\/cardinal-tapes.com\/pl\/ta\u015bmy-samoprzylepne\/jednostronne-tasmy-samoprzylepne\/tasma-antyposlizgowa-at2000\/","name":"AT2000 Ta\u015bma antypo\u015blizgowa | Cardinal TAPES","isPartOf":{"@id":"https:\/\/cardinal-tapes.com\/#website"},"primaryImageOfPage":{"@id":"https:\/\/cardinal-tapes.com\/pl\/ta\u015bmy-samoprzylepne\/jednostronne-tasmy-samoprzylepne\/tasma-antyposlizgowa-at2000\/#primaryimage"},"image":{"@id":"https:\/\/cardinal-tapes.com\/pl\/ta\u015bmy-samoprzylepne\/jednostronne-tasmy-samoprzylepne\/tasma-antyposlizgowa-at2000\/#primaryimage"},"thumbnailUrl":"https:\/\/cardinal-tapes.com\/wp-content\/uploads\/AT2000-Yellow.jpg","datePublished":"2023-06-05T14:56:01+00:00","description":"AT2000 to mocna, trwa\u0142a ta\u015bma antypo\u015blizgowa stosowana w wielu bran\u017cach.","breadcrumb":{"@id":"https:\/\/cardinal-tapes.com\/pl\/ta\u015bmy-samoprzylepne\/jednostronne-tasmy-samoprzylepne\/tasma-antyposlizgowa-at2000\/#breadcrumb"},"inLanguage":"pl-PL","potentialAction":[{"@type":"ReadAction","target":["https:\/\/cardinal-tapes.com\/pl\/ta\u015bmy-samoprzylepne\/jednostronne-tasmy-samoprzylepne\/tasma-antyposlizgowa-at2000\/"]}]},{"@type":"ImageObject","inLanguage":"pl-PL","@id":"https:\/\/cardinal-tapes.com\/pl\/ta\u015bmy-samoprzylepne\/jednostronne-tasmy-samoprzylepne\/tasma-antyposlizgowa-at2000\/#primaryimage","url":"https:\/\/cardinal-tapes.com\/wp-content\/uploads\/AT2000-Yellow.jpg","contentUrl":"https:\/\/cardinal-tapes.com\/wp-content\/uploads\/AT2000-Yellow.jpg","width":833,"height":834},{"@type":"BreadcrumbList","@id":"https:\/\/cardinal-tapes.com\/pl\/ta\u015bmy-samoprzylepne\/jednostronne-tasmy-samoprzylepne\/tasma-antyposlizgowa-at2000\/#breadcrumb","itemListElement":[{"@type":"ListItem","position":1,"name":"Startseite","item":"https:\/\/cardinal-tapes.com\/pl\/strona-glowna\/"},{"@type":"ListItem","position":2,"name":"Ta\u015bmy samoprzylepne","item":"https:\/\/cardinal-tapes.com\/pl\/tasmy-samoprzylepne-pl\/"},{"@type":"ListItem","position":3,"name":"Jednostronne ta\u015bmy samoprzylepne","item":"https:\/\/cardinal-tapes.com\/pl\/kategoria\/jednostronne-tasmy-samoprzylepne\/"},{"@type":"ListItem","position":4,"name":"AT2000 Ta\u015bma antypo\u015blizgowa"}]},{"@type":"WebSite","@id":"https:\/\/cardinal-tapes.com\/#website","url":"https:\/\/cardinal-tapes.com\/","name":"cardinal TAPES","description":"Klebetechnik aus Wuppertal","potentialAction":[{"@type":"SearchAction","target":{"@type":"EntryPoint","urlTemplate":"https:\/\/cardinal-tapes.com\/?s={search_term_string}"},"query-input":{"@type":"PropertyValueSpecification","valueRequired":true,"valueName":"search_term_string"}}],"inLanguage":"pl-PL"}]}},"brands":[{"id":2419,"name":"Advance Tapes","slug":"advance-tapes-pl"}],"_links":{"self":[{"href":"https:\/\/cardinal-tapes.com\/pl\/wp-json\/wp\/v2\/product\/41064","targetHints":{"allow":["GET"]}}],"collection":[{"href":"https:\/\/cardinal-tapes.com\/pl\/wp-json\/wp\/v2\/product"}],"about":[{"href":"https:\/\/cardinal-tapes.com\/pl\/wp-json\/wp\/v2\/types\/product"}],"wp:featuredmedia":[{"embeddable":true,"href":"https:\/\/cardinal-tapes.com\/pl\/wp-json\/wp\/v2\/media\/28786"}],"wp:attachment":[{"href":"https:\/\/cardinal-tapes.com\/pl\/wp-json\/wp\/v2\/media?parent=41064"}],"wp:term":[{"taxonomy":"pwb-brand","embeddable":true,"href":"https:\/\/cardinal-tapes.com\/pl\/wp-json\/wp\/v2\/pwb-brand?post=41064"},{"taxonomy":"product_brand","embeddable":true,"href":"https:\/\/cardinal-tapes.com\/pl\/wp-json\/wp\/v2\/product_brand?post=41064"},{"taxonomy":"product_cat","embeddable":true,"href":"https:\/\/cardinal-tapes.com\/pl\/wp-json\/wp\/v2\/product_cat?post=41064"},{"taxonomy":"product_tag","embeddable":true,"href":"https:\/\/cardinal-tapes.com\/pl\/wp-json\/wp\/v2\/product_tag?post=41064"}],"curies":[{"name":"wp","href":"https:\/\/api.w.org\/{rel}","templated":true}]}}