{"id":41063,"date":"2021-08-25T10:14:01","date_gmt":"2023-06-05T14:56:00","guid":{"rendered":"https:\/\/cardinal.pixel-tal.de\/klebebaender\/bez-kategorii\/termoutwardzalna-tasma-uszczelniajaca-at163\/"},"modified":"2023-06-05T16:56:00","modified_gmt":"2023-06-05T14:56:00","slug":"at163-izolacja-tasma-uszczelniajaca","status":"publish","type":"product","link":"https:\/\/cardinal-tapes.com\/pl\/ta\u015bmy-samoprzylepne\/obszary-zastosowan\/tasma-klejaca-do-tkanin\/at163-izolacja-tasma-uszczelniajaca\/","title":{"rendered":"Termoutwardzalna ta\u015bma uszczelniaj\u0105ca AT163"},"content":{"rendered":"<div class=\"first_para_desc\">\n<div class=\"first_para_desc\">\n<div class=\"first_para_desc\">\n<div class=\"first_para_desc\">\n<p>AT163 to wysokiej jako\u015bci b\u0142yszcz\u0105ca ta\u015bma z tkaniny polietylenowej pokryta termoutwardzalnym, bezrozpuszczalnikowym klejem kauczukowym. Dzi\u0119ki temu jest bardzo odporny na wysokie temperatury i mo\u017cna go usun\u0105\u0107 z wi\u0119kszo\u015bci powierzchni w temperaturze do 110\u00b0C bez pozostawiania \u015blad\u00f3w. Ta\u015bma ma wysok\u0105 si\u0142\u0119 klejenia, dobr\u0105 odporno\u015b\u0107 na \u015bcieranie i jest niezwykle elastyczna. AT163 jest szczeg\u00f3lnie odporny na wod\u0119 i s\u0142on\u0105 wod\u0119 i nadaje si\u0119 do u\u017cytku w zastosowaniach morskich oraz w technologii ogrzewania, wentylacji i klimatyzacji.<\/p>\n<\/div>\n<p><strong>Zastosowania<\/strong><\/p>\n<ul>\n<li>  Uszczelnienie doczo\u0142owe do rur wentylacyjnych wykonanych z metalu lub tworzywa sztucznego<\/li>\n<li>Uszczelnianie materia\u0142\u00f3w izolacyjnych o mi\u0119kkiej lub w\u0142\u00f3knistej powierzchni<\/li>\n<li>Ochrona morskich platform wiertniczych<\/li>\n<li>Nadaje si\u0119 do mniejszych zada\u0144 piaskowania<\/li>\n<\/ul>\n<p><strong>W\u0142a\u015bciwo\u015bci<\/strong><\/p>\n<ul>\n<li>Silna natychmiastowa przyczepno\u015b\u0107<\/li>\n<li>Dobra odporno\u015b\u0107 na \u015bcieranie<\/li>\n<li>Usuwalny do 110\u00b0C bez pozosta\u0142o\u015bci<\/li>\n<li>Mo\u017cliwo\u015b\u0107 dostosowania do formy<\/li>\n<li>Odporno\u015b\u0107 na wod\u0119 i s\u0142on\u0105 wod\u0119<\/li>\n<\/ul>\n<\/div>\n<\/div>\n<\/div>\n","protected":false},"excerpt":{"rendered":"<p>AT163 to wysokiej jako\u015bci b\u0142yszcz\u0105ca ta\u015bma z tkaniny polietylenowej pokryta termoutwardzalnym, bezrozpuszczalnikowym klejem kauczukowym. Dzi\u0119ki temu jest bardzo odporny na wysokie temperatury i mo\u017cna go usun\u0105\u0107 z wi\u0119kszo\u015bci powierzchni w temperaturze do 110\u00b0C bez pozostawiania \u015blad\u00f3w. Ta\u015bma ma wysok\u0105 si\u0142\u0119 klejenia, dobr\u0105 odporno\u015b\u0107 na \u015bcieranie i jest niezwykle elastyczna. AT163 jest szczeg\u00f3lnie odporny na wod\u0119 [&hellip;]<\/p>\n","protected":false},"featured_media":28774,"template":"","meta":{"_acf_changed":false},"pwb-brand":[2419],"product_brand":[],"product_cat":[1715,1816],"product_tag":[],"class_list":{"0":"post-41063","1":"product","2":"type-product","3":"status-publish","4":"has-post-thumbnail","6":"pwb-brand-advance-tapes-pl","7":"product_cat-tasma-klejaca-do-tkanin","8":"product_cat-jednostronne-tasmy-samoprzylepne","10":"first","11":"instock","12":"taxable","13":"shipping-taxable","14":"purchasable","15":"product-type-variable"},"acf":[],"yoast_head":"<!-- This site is optimized with the Yoast SEO plugin v27.3 - https:\/\/yoast.com\/product\/yoast-seo-wordpress\/ -->\n<title>AT163 Termoutwardzalna ta\u015bma uszczelniaj\u0105ca | Cardinal TAPES<\/title>\n<meta name=\"description\" content=\"AT163 to termoutwardzalna ta\u015bma uszczelniaj\u0105ca do kana\u0142\u00f3w powietrznych i rur.\" \/>\n<meta name=\"robots\" content=\"index, follow, max-snippet:-1, max-image-preview:large, max-video-preview:-1\" \/>\n<link rel=\"canonical\" href=\"https:\/\/cardinal-tapes.com\/pl\/ta\u015bmy-samoprzylepne\/tasma-klejaca-do-tkanin\/at163-izolacja-tasma-uszczelniajaca\/\" \/>\n<meta property=\"og:locale\" content=\"pl_PL\" \/>\n<meta property=\"og:type\" content=\"article\" \/>\n<meta property=\"og:title\" content=\"AT163 Termoutwardzalna ta\u015bma uszczelniaj\u0105ca | Cardinal TAPES\" \/>\n<meta property=\"og:description\" content=\"AT163 to termoutwardzalna ta\u015bma uszczelniaj\u0105ca do kana\u0142\u00f3w powietrznych i rur.\" \/>\n<meta property=\"og:url\" content=\"https:\/\/cardinal-tapes.com\/pl\/ta\u015bmy-samoprzylepne\/tasma-klejaca-do-tkanin\/at163-izolacja-tasma-uszczelniajaca\/\" \/>\n<meta property=\"og:site_name\" content=\"cardinal TAPES\" \/>\n<meta property=\"og:image\" content=\"https:\/\/cardinal-tapes.com\/wp-content\/uploads\/AT163-Silver-50mm-scaled.jpg\" \/>\n\t<meta property=\"og:image:width\" content=\"2560\" \/>\n\t<meta property=\"og:image:height\" content=\"2560\" \/>\n\t<meta property=\"og:image:type\" content=\"image\/jpeg\" \/>\n<meta name=\"twitter:card\" content=\"summary_large_image\" \/>\n<meta name=\"twitter:label1\" content=\"Szacowany czas czytania\" \/>\n\t<meta name=\"twitter:data1\" content=\"1 minuta\" \/>\n<script type=\"application\/ld+json\" class=\"yoast-schema-graph\">{\"@context\":\"https:\\\/\\\/schema.org\",\"@graph\":[{\"@type\":\"WebPage\",\"@id\":\"https:\\\/\\\/cardinal-tapes.com\\\/pl\\\/ta\u015bmy-samoprzylepne\\\/tasma-klejaca-do-tkanin\\\/at163-izolacja-tasma-uszczelniajaca\\\/\",\"url\":\"https:\\\/\\\/cardinal-tapes.com\\\/pl\\\/ta\u015bmy-samoprzylepne\\\/tasma-klejaca-do-tkanin\\\/at163-izolacja-tasma-uszczelniajaca\\\/\",\"name\":\"AT163 Termoutwardzalna ta\u015bma uszczelniaj\u0105ca | Cardinal TAPES\",\"isPartOf\":{\"@id\":\"https:\\\/\\\/cardinal-tapes.com\\\/#website\"},\"primaryImageOfPage\":{\"@id\":\"https:\\\/\\\/cardinal-tapes.com\\\/pl\\\/ta\u015bmy-samoprzylepne\\\/tasma-klejaca-do-tkanin\\\/at163-izolacja-tasma-uszczelniajaca\\\/#primaryimage\"},\"image\":{\"@id\":\"https:\\\/\\\/cardinal-tapes.com\\\/pl\\\/ta\u015bmy-samoprzylepne\\\/tasma-klejaca-do-tkanin\\\/at163-izolacja-tasma-uszczelniajaca\\\/#primaryimage\"},\"thumbnailUrl\":\"https:\\\/\\\/cardinal-tapes.com\\\/wp-content\\\/uploads\\\/AT163-Silver-50mm-scaled.jpg\",\"datePublished\":\"2023-06-05T14:56:00+00:00\",\"description\":\"AT163 to termoutwardzalna ta\u015bma uszczelniaj\u0105ca do kana\u0142\u00f3w powietrznych i rur.\",\"breadcrumb\":{\"@id\":\"https:\\\/\\\/cardinal-tapes.com\\\/pl\\\/ta\u015bmy-samoprzylepne\\\/tasma-klejaca-do-tkanin\\\/at163-izolacja-tasma-uszczelniajaca\\\/#breadcrumb\"},\"inLanguage\":\"pl-PL\",\"potentialAction\":[{\"@type\":\"ReadAction\",\"target\":[\"https:\\\/\\\/cardinal-tapes.com\\\/pl\\\/ta\u015bmy-samoprzylepne\\\/tasma-klejaca-do-tkanin\\\/at163-izolacja-tasma-uszczelniajaca\\\/\"]}]},{\"@type\":\"ImageObject\",\"inLanguage\":\"pl-PL\",\"@id\":\"https:\\\/\\\/cardinal-tapes.com\\\/pl\\\/ta\u015bmy-samoprzylepne\\\/tasma-klejaca-do-tkanin\\\/at163-izolacja-tasma-uszczelniajaca\\\/#primaryimage\",\"url\":\"https:\\\/\\\/cardinal-tapes.com\\\/wp-content\\\/uploads\\\/AT163-Silver-50mm-scaled.jpg\",\"contentUrl\":\"https:\\\/\\\/cardinal-tapes.com\\\/wp-content\\\/uploads\\\/AT163-Silver-50mm-scaled.jpg\",\"width\":2560,\"height\":2560},{\"@type\":\"BreadcrumbList\",\"@id\":\"https:\\\/\\\/cardinal-tapes.com\\\/pl\\\/ta\u015bmy-samoprzylepne\\\/tasma-klejaca-do-tkanin\\\/at163-izolacja-tasma-uszczelniajaca\\\/#breadcrumb\",\"itemListElement\":[{\"@type\":\"ListItem\",\"position\":1,\"name\":\"Startseite\",\"item\":\"https:\\\/\\\/cardinal-tapes.com\\\/pl\\\/strona-glowna\\\/\"},{\"@type\":\"ListItem\",\"position\":2,\"name\":\"Ta\u015bmy samoprzylepne\",\"item\":\"https:\\\/\\\/cardinal-tapes.com\\\/pl\\\/tasmy-samoprzylepne-pl\\\/\"},{\"@type\":\"ListItem\",\"position\":3,\"name\":\"Ta\u015bma klej\u0105ca do tkanin\",\"item\":\"https:\\\/\\\/cardinal-tapes.com\\\/pl\\\/kategoria\\\/tasma-klejaca-do-tkanin\\\/\"},{\"@type\":\"ListItem\",\"position\":4,\"name\":\"Termoutwardzalna ta\u015bma uszczelniaj\u0105ca AT163\"}]},{\"@type\":\"WebSite\",\"@id\":\"https:\\\/\\\/cardinal-tapes.com\\\/#website\",\"url\":\"https:\\\/\\\/cardinal-tapes.com\\\/\",\"name\":\"cardinal TAPES\",\"description\":\"Klebetechnik aus Wuppertal\",\"potentialAction\":[{\"@type\":\"SearchAction\",\"target\":{\"@type\":\"EntryPoint\",\"urlTemplate\":\"https:\\\/\\\/cardinal-tapes.com\\\/?s={search_term_string}\"},\"query-input\":{\"@type\":\"PropertyValueSpecification\",\"valueRequired\":true,\"valueName\":\"search_term_string\"}}],\"inLanguage\":\"pl-PL\"}]}<\/script>\n<!-- \/ Yoast SEO plugin. -->","yoast_head_json":{"title":"AT163 Termoutwardzalna ta\u015bma uszczelniaj\u0105ca | Cardinal TAPES","description":"AT163 to termoutwardzalna ta\u015bma uszczelniaj\u0105ca do kana\u0142\u00f3w powietrznych i rur.","robots":{"index":"index","follow":"follow","max-snippet":"max-snippet:-1","max-image-preview":"max-image-preview:large","max-video-preview":"max-video-preview:-1"},"canonical":"https:\/\/cardinal-tapes.com\/pl\/ta\u015bmy-samoprzylepne\/tasma-klejaca-do-tkanin\/at163-izolacja-tasma-uszczelniajaca\/","og_locale":"pl_PL","og_type":"article","og_title":"AT163 Termoutwardzalna ta\u015bma uszczelniaj\u0105ca | Cardinal TAPES","og_description":"AT163 to termoutwardzalna ta\u015bma uszczelniaj\u0105ca do kana\u0142\u00f3w powietrznych i rur.","og_url":"https:\/\/cardinal-tapes.com\/pl\/ta\u015bmy-samoprzylepne\/tasma-klejaca-do-tkanin\/at163-izolacja-tasma-uszczelniajaca\/","og_site_name":"cardinal TAPES","og_image":[{"width":2560,"height":2560,"url":"https:\/\/cardinal-tapes.com\/wp-content\/uploads\/AT163-Silver-50mm-scaled.jpg","type":"image\/jpeg"}],"twitter_card":"summary_large_image","twitter_misc":{"Szacowany czas czytania":"1 minuta"},"schema":{"@context":"https:\/\/schema.org","@graph":[{"@type":"WebPage","@id":"https:\/\/cardinal-tapes.com\/pl\/ta\u015bmy-samoprzylepne\/tasma-klejaca-do-tkanin\/at163-izolacja-tasma-uszczelniajaca\/","url":"https:\/\/cardinal-tapes.com\/pl\/ta\u015bmy-samoprzylepne\/tasma-klejaca-do-tkanin\/at163-izolacja-tasma-uszczelniajaca\/","name":"AT163 Termoutwardzalna ta\u015bma uszczelniaj\u0105ca | Cardinal TAPES","isPartOf":{"@id":"https:\/\/cardinal-tapes.com\/#website"},"primaryImageOfPage":{"@id":"https:\/\/cardinal-tapes.com\/pl\/ta\u015bmy-samoprzylepne\/tasma-klejaca-do-tkanin\/at163-izolacja-tasma-uszczelniajaca\/#primaryimage"},"image":{"@id":"https:\/\/cardinal-tapes.com\/pl\/ta\u015bmy-samoprzylepne\/tasma-klejaca-do-tkanin\/at163-izolacja-tasma-uszczelniajaca\/#primaryimage"},"thumbnailUrl":"https:\/\/cardinal-tapes.com\/wp-content\/uploads\/AT163-Silver-50mm-scaled.jpg","datePublished":"2023-06-05T14:56:00+00:00","description":"AT163 to termoutwardzalna ta\u015bma uszczelniaj\u0105ca do kana\u0142\u00f3w powietrznych i rur.","breadcrumb":{"@id":"https:\/\/cardinal-tapes.com\/pl\/ta\u015bmy-samoprzylepne\/tasma-klejaca-do-tkanin\/at163-izolacja-tasma-uszczelniajaca\/#breadcrumb"},"inLanguage":"pl-PL","potentialAction":[{"@type":"ReadAction","target":["https:\/\/cardinal-tapes.com\/pl\/ta\u015bmy-samoprzylepne\/tasma-klejaca-do-tkanin\/at163-izolacja-tasma-uszczelniajaca\/"]}]},{"@type":"ImageObject","inLanguage":"pl-PL","@id":"https:\/\/cardinal-tapes.com\/pl\/ta\u015bmy-samoprzylepne\/tasma-klejaca-do-tkanin\/at163-izolacja-tasma-uszczelniajaca\/#primaryimage","url":"https:\/\/cardinal-tapes.com\/wp-content\/uploads\/AT163-Silver-50mm-scaled.jpg","contentUrl":"https:\/\/cardinal-tapes.com\/wp-content\/uploads\/AT163-Silver-50mm-scaled.jpg","width":2560,"height":2560},{"@type":"BreadcrumbList","@id":"https:\/\/cardinal-tapes.com\/pl\/ta\u015bmy-samoprzylepne\/tasma-klejaca-do-tkanin\/at163-izolacja-tasma-uszczelniajaca\/#breadcrumb","itemListElement":[{"@type":"ListItem","position":1,"name":"Startseite","item":"https:\/\/cardinal-tapes.com\/pl\/strona-glowna\/"},{"@type":"ListItem","position":2,"name":"Ta\u015bmy samoprzylepne","item":"https:\/\/cardinal-tapes.com\/pl\/tasmy-samoprzylepne-pl\/"},{"@type":"ListItem","position":3,"name":"Ta\u015bma klej\u0105ca do tkanin","item":"https:\/\/cardinal-tapes.com\/pl\/kategoria\/tasma-klejaca-do-tkanin\/"},{"@type":"ListItem","position":4,"name":"Termoutwardzalna ta\u015bma uszczelniaj\u0105ca AT163"}]},{"@type":"WebSite","@id":"https:\/\/cardinal-tapes.com\/#website","url":"https:\/\/cardinal-tapes.com\/","name":"cardinal TAPES","description":"Klebetechnik aus Wuppertal","potentialAction":[{"@type":"SearchAction","target":{"@type":"EntryPoint","urlTemplate":"https:\/\/cardinal-tapes.com\/?s={search_term_string}"},"query-input":{"@type":"PropertyValueSpecification","valueRequired":true,"valueName":"search_term_string"}}],"inLanguage":"pl-PL"}]}},"brands":[{"id":2419,"name":"Advance Tapes","slug":"advance-tapes-pl"}],"_links":{"self":[{"href":"https:\/\/cardinal-tapes.com\/pl\/wp-json\/wp\/v2\/product\/41063","targetHints":{"allow":["GET"]}}],"collection":[{"href":"https:\/\/cardinal-tapes.com\/pl\/wp-json\/wp\/v2\/product"}],"about":[{"href":"https:\/\/cardinal-tapes.com\/pl\/wp-json\/wp\/v2\/types\/product"}],"wp:featuredmedia":[{"embeddable":true,"href":"https:\/\/cardinal-tapes.com\/pl\/wp-json\/wp\/v2\/media\/28774"}],"wp:attachment":[{"href":"https:\/\/cardinal-tapes.com\/pl\/wp-json\/wp\/v2\/media?parent=41063"}],"wp:term":[{"taxonomy":"pwb-brand","embeddable":true,"href":"https:\/\/cardinal-tapes.com\/pl\/wp-json\/wp\/v2\/pwb-brand?post=41063"},{"taxonomy":"product_brand","embeddable":true,"href":"https:\/\/cardinal-tapes.com\/pl\/wp-json\/wp\/v2\/product_brand?post=41063"},{"taxonomy":"product_cat","embeddable":true,"href":"https:\/\/cardinal-tapes.com\/pl\/wp-json\/wp\/v2\/product_cat?post=41063"},{"taxonomy":"product_tag","embeddable":true,"href":"https:\/\/cardinal-tapes.com\/pl\/wp-json\/wp\/v2\/product_tag?post=41063"}],"curies":[{"name":"wp","href":"https:\/\/api.w.org\/{rel}","templated":true}]}}