{"id":41062,"date":"2021-08-25T11:57:06","date_gmt":"2023-06-05T14:56:00","guid":{"rendered":"https:\/\/cardinal.pixel-tal.de\/klebebaender\/bez-kategorii\/at6190-tasma-do-kamienia-o-wyjatkowo-silnej-przyczepnosci-natychmiastowej\/"},"modified":"2023-06-05T16:56:00","modified_gmt":"2023-06-05T14:56:00","slug":"at6190-stone-tape-with-extreme-strong-immediate-adhesion","status":"publish","type":"product","link":"https:\/\/cardinal-tapes.com\/pl\/ta\u015bmy-samoprzylepne\/jednostronne-tasmy-samoprzylepne\/at6190-stone-tape-with-extreme-strong-immediate-adhesion\/","title":{"rendered":"AT6190 Ta\u015bma do kamienia o wyj\u0105tkowo silnej przyczepno\u015bci natychmiastowej"},"content":{"rendered":"<div class=\"first_para_desc\">\n<div class=\"first_para_desc\">\n<div class=\"first_para_desc\">\n<div class=\"first_para_desc\">\n<p>AT6190 to super mocna, wodoodporna ta\u015bma do kamienia pokryta agresywnym, niezawieraj\u0105cym rozpuszczalnik\u00f3w klejem kauczukowym. Specjalnie zaprojektowany do przylegania do szorstkich, brudnych i wilgotnych powierzchni, takich jak kamie\u0144, tynk, plastikowe drzwi i okna, cement i beton. AT6190 jest \u0142atwa do oderwania, ale ma du\u017c\u0105 zdolno\u015b\u0107 rozwijania, co jest wa\u017cne podczas pracy na wysoko\u015bci. Ta\u015bm\u0119 mo\u017cna usun\u0105\u0107 z wi\u0119kszo\u015bci powierzchni bez pozostawiania \u015blad\u00f3w do 4 dni. Pomara\u0144czowy kolor zapewnia dobr\u0105 widoczno\u015b\u0107 na ka\u017cdym placu budowy.<\/p>\n<\/div>\n<p><strong>Zastosowania<\/strong><\/p>\n<ul>\n<li>Do konserwacji, napraw, uszczelniania, klejenia, pokrywania i ochrony wielu powierzchni i materia\u0142\u00f3w.<\/li>\n<li>Do mocowania folii PE do \u015bcian betonowych i kamiennych, powierzchni cementowych, gipsowych.<\/li>\n<\/ul>\n<p><strong>W\u0142a\u015bciwo\u015bci<\/strong><\/p>\n<ul>\n<li>Niezwykle szybka przyczepno\u015b\u0107<\/li>\n<li>\u0141atwy do oderwania<\/li>\n<li>Jednolite rozwijanie<\/li>\n<li>Odporno\u015b\u0107 na wod\u0119 i promieniowanie UV<\/li>\n<li>Odporno\u015b\u0107 na \u015bcieranie<\/li>\n<li>Usuwalny bez pozosta\u0142o\u015bci do 4 dni<\/li>\n<\/ul>\n<\/div>\n<\/div>\n<\/div>\n","protected":false},"excerpt":{"rendered":"<p>AT6190 to super mocna, wodoodporna ta\u015bma do kamienia pokryta agresywnym, niezawieraj\u0105cym rozpuszczalnik\u00f3w klejem kauczukowym. Specjalnie zaprojektowany do przylegania do szorstkich, brudnych i wilgotnych powierzchni, takich jak kamie\u0144, tynk, plastikowe drzwi i okna, cement i beton. AT6190 jest \u0142atwa do oderwania, ale ma du\u017c\u0105 zdolno\u015b\u0107 rozwijania, co jest wa\u017cne podczas pracy na wysoko\u015bci. Ta\u015bm\u0119 mo\u017cna usun\u0105\u0107 [&hellip;]<\/p>\n","protected":false},"featured_media":28778,"template":"","meta":{"_acf_changed":false},"pwb-brand":[2419],"product_brand":[],"product_cat":[1816],"product_tag":[],"class_list":{"0":"post-41062","1":"product","2":"type-product","3":"status-publish","4":"has-post-thumbnail","6":"pwb-brand-advance-tapes-pl","7":"product_cat-jednostronne-tasmy-samoprzylepne","9":"first","10":"instock","11":"taxable","12":"shipping-taxable","13":"purchasable","14":"product-type-variable"},"acf":[],"yoast_head":"<!-- This site is optimized with the Yoast SEO plugin v27.3 - https:\/\/yoast.com\/product\/yoast-seo-wordpress\/ -->\n<title>AT6190 Stone Tape | Cardinal TAPES<\/title>\n<meta name=\"description\" content=\"AT6190 to super mocna, wodoodporna ta\u015bma do kamienia pokryta agresywnym, niezawieraj\u0105cym rozpuszczalnik\u00f3w klejem kauczukowym.\" \/>\n<meta name=\"robots\" content=\"index, follow, max-snippet:-1, max-image-preview:large, max-video-preview:-1\" \/>\n<link rel=\"canonical\" href=\"https:\/\/cardinal-tapes.com\/pl\/ta\u015bmy-samoprzylepne\/jednostronne-tasmy-samoprzylepne\/at6190-stone-tape-with-extreme-strong-immediate-adhesion\/\" \/>\n<meta property=\"og:locale\" content=\"pl_PL\" \/>\n<meta property=\"og:type\" content=\"article\" \/>\n<meta property=\"og:title\" content=\"AT6190 Stone Tape | Cardinal TAPES\" \/>\n<meta property=\"og:description\" content=\"AT6190 to super mocna, wodoodporna ta\u015bma do kamienia pokryta agresywnym, niezawieraj\u0105cym rozpuszczalnik\u00f3w klejem kauczukowym.\" \/>\n<meta property=\"og:url\" content=\"https:\/\/cardinal-tapes.com\/pl\/ta\u015bmy-samoprzylepne\/jednostronne-tasmy-samoprzylepne\/at6190-stone-tape-with-extreme-strong-immediate-adhesion\/\" \/>\n<meta property=\"og:site_name\" content=\"cardinal TAPES\" \/>\n<meta property=\"og:image\" content=\"https:\/\/cardinal-tapes.com\/wp-content\/uploads\/AT6190-1.jpg\" \/>\n\t<meta property=\"og:image:width\" content=\"2000\" \/>\n\t<meta property=\"og:image:height\" content=\"2000\" \/>\n\t<meta property=\"og:image:type\" content=\"image\/jpeg\" \/>\n<meta name=\"twitter:card\" content=\"summary_large_image\" \/>\n<meta name=\"twitter:label1\" content=\"Szacowany czas czytania\" \/>\n\t<meta name=\"twitter:data1\" content=\"1 minuta\" \/>\n<script type=\"application\/ld+json\" class=\"yoast-schema-graph\">{\"@context\":\"https:\\\/\\\/schema.org\",\"@graph\":[{\"@type\":\"WebPage\",\"@id\":\"https:\\\/\\\/cardinal-tapes.com\\\/pl\\\/ta\u015bmy-samoprzylepne\\\/jednostronne-tasmy-samoprzylepne\\\/at6190-stone-tape-with-extreme-strong-immediate-adhesion\\\/\",\"url\":\"https:\\\/\\\/cardinal-tapes.com\\\/pl\\\/ta\u015bmy-samoprzylepne\\\/jednostronne-tasmy-samoprzylepne\\\/at6190-stone-tape-with-extreme-strong-immediate-adhesion\\\/\",\"name\":\"AT6190 Stone Tape | Cardinal TAPES\",\"isPartOf\":{\"@id\":\"https:\\\/\\\/cardinal-tapes.com\\\/#website\"},\"primaryImageOfPage\":{\"@id\":\"https:\\\/\\\/cardinal-tapes.com\\\/pl\\\/ta\u015bmy-samoprzylepne\\\/jednostronne-tasmy-samoprzylepne\\\/at6190-stone-tape-with-extreme-strong-immediate-adhesion\\\/#primaryimage\"},\"image\":{\"@id\":\"https:\\\/\\\/cardinal-tapes.com\\\/pl\\\/ta\u015bmy-samoprzylepne\\\/jednostronne-tasmy-samoprzylepne\\\/at6190-stone-tape-with-extreme-strong-immediate-adhesion\\\/#primaryimage\"},\"thumbnailUrl\":\"https:\\\/\\\/cardinal-tapes.com\\\/wp-content\\\/uploads\\\/AT6190-1.jpg\",\"datePublished\":\"2023-06-05T14:56:00+00:00\",\"description\":\"AT6190 to super mocna, wodoodporna ta\u015bma do kamienia pokryta agresywnym, niezawieraj\u0105cym rozpuszczalnik\u00f3w klejem kauczukowym.\",\"breadcrumb\":{\"@id\":\"https:\\\/\\\/cardinal-tapes.com\\\/pl\\\/ta\u015bmy-samoprzylepne\\\/jednostronne-tasmy-samoprzylepne\\\/at6190-stone-tape-with-extreme-strong-immediate-adhesion\\\/#breadcrumb\"},\"inLanguage\":\"pl-PL\",\"potentialAction\":[{\"@type\":\"ReadAction\",\"target\":[\"https:\\\/\\\/cardinal-tapes.com\\\/pl\\\/ta\u015bmy-samoprzylepne\\\/jednostronne-tasmy-samoprzylepne\\\/at6190-stone-tape-with-extreme-strong-immediate-adhesion\\\/\"]}]},{\"@type\":\"ImageObject\",\"inLanguage\":\"pl-PL\",\"@id\":\"https:\\\/\\\/cardinal-tapes.com\\\/pl\\\/ta\u015bmy-samoprzylepne\\\/jednostronne-tasmy-samoprzylepne\\\/at6190-stone-tape-with-extreme-strong-immediate-adhesion\\\/#primaryimage\",\"url\":\"https:\\\/\\\/cardinal-tapes.com\\\/wp-content\\\/uploads\\\/AT6190-1.jpg\",\"contentUrl\":\"https:\\\/\\\/cardinal-tapes.com\\\/wp-content\\\/uploads\\\/AT6190-1.jpg\",\"width\":2000,\"height\":2000},{\"@type\":\"BreadcrumbList\",\"@id\":\"https:\\\/\\\/cardinal-tapes.com\\\/pl\\\/ta\u015bmy-samoprzylepne\\\/jednostronne-tasmy-samoprzylepne\\\/at6190-stone-tape-with-extreme-strong-immediate-adhesion\\\/#breadcrumb\",\"itemListElement\":[{\"@type\":\"ListItem\",\"position\":1,\"name\":\"Startseite\",\"item\":\"https:\\\/\\\/cardinal-tapes.com\\\/pl\\\/strona-glowna\\\/\"},{\"@type\":\"ListItem\",\"position\":2,\"name\":\"Ta\u015bmy samoprzylepne\",\"item\":\"https:\\\/\\\/cardinal-tapes.com\\\/pl\\\/tasmy-samoprzylepne-pl\\\/\"},{\"@type\":\"ListItem\",\"position\":3,\"name\":\"Jednostronne ta\u015bmy samoprzylepne\",\"item\":\"https:\\\/\\\/cardinal-tapes.com\\\/pl\\\/kategoria\\\/jednostronne-tasmy-samoprzylepne\\\/\"},{\"@type\":\"ListItem\",\"position\":4,\"name\":\"AT6190 Ta\u015bma do kamienia o wyj\u0105tkowo silnej przyczepno\u015bci natychmiastowej\"}]},{\"@type\":\"WebSite\",\"@id\":\"https:\\\/\\\/cardinal-tapes.com\\\/#website\",\"url\":\"https:\\\/\\\/cardinal-tapes.com\\\/\",\"name\":\"cardinal TAPES\",\"description\":\"Klebetechnik aus Wuppertal\",\"potentialAction\":[{\"@type\":\"SearchAction\",\"target\":{\"@type\":\"EntryPoint\",\"urlTemplate\":\"https:\\\/\\\/cardinal-tapes.com\\\/?s={search_term_string}\"},\"query-input\":{\"@type\":\"PropertyValueSpecification\",\"valueRequired\":true,\"valueName\":\"search_term_string\"}}],\"inLanguage\":\"pl-PL\"}]}<\/script>\n<!-- \/ Yoast SEO plugin. -->","yoast_head_json":{"title":"AT6190 Stone Tape | Cardinal TAPES","description":"AT6190 to super mocna, wodoodporna ta\u015bma do kamienia pokryta agresywnym, niezawieraj\u0105cym rozpuszczalnik\u00f3w klejem kauczukowym.","robots":{"index":"index","follow":"follow","max-snippet":"max-snippet:-1","max-image-preview":"max-image-preview:large","max-video-preview":"max-video-preview:-1"},"canonical":"https:\/\/cardinal-tapes.com\/pl\/ta\u015bmy-samoprzylepne\/jednostronne-tasmy-samoprzylepne\/at6190-stone-tape-with-extreme-strong-immediate-adhesion\/","og_locale":"pl_PL","og_type":"article","og_title":"AT6190 Stone Tape | Cardinal TAPES","og_description":"AT6190 to super mocna, wodoodporna ta\u015bma do kamienia pokryta agresywnym, niezawieraj\u0105cym rozpuszczalnik\u00f3w klejem kauczukowym.","og_url":"https:\/\/cardinal-tapes.com\/pl\/ta\u015bmy-samoprzylepne\/jednostronne-tasmy-samoprzylepne\/at6190-stone-tape-with-extreme-strong-immediate-adhesion\/","og_site_name":"cardinal TAPES","og_image":[{"width":2000,"height":2000,"url":"https:\/\/cardinal-tapes.com\/wp-content\/uploads\/AT6190-1.jpg","type":"image\/jpeg"}],"twitter_card":"summary_large_image","twitter_misc":{"Szacowany czas czytania":"1 minuta"},"schema":{"@context":"https:\/\/schema.org","@graph":[{"@type":"WebPage","@id":"https:\/\/cardinal-tapes.com\/pl\/ta\u015bmy-samoprzylepne\/jednostronne-tasmy-samoprzylepne\/at6190-stone-tape-with-extreme-strong-immediate-adhesion\/","url":"https:\/\/cardinal-tapes.com\/pl\/ta\u015bmy-samoprzylepne\/jednostronne-tasmy-samoprzylepne\/at6190-stone-tape-with-extreme-strong-immediate-adhesion\/","name":"AT6190 Stone Tape | Cardinal TAPES","isPartOf":{"@id":"https:\/\/cardinal-tapes.com\/#website"},"primaryImageOfPage":{"@id":"https:\/\/cardinal-tapes.com\/pl\/ta\u015bmy-samoprzylepne\/jednostronne-tasmy-samoprzylepne\/at6190-stone-tape-with-extreme-strong-immediate-adhesion\/#primaryimage"},"image":{"@id":"https:\/\/cardinal-tapes.com\/pl\/ta\u015bmy-samoprzylepne\/jednostronne-tasmy-samoprzylepne\/at6190-stone-tape-with-extreme-strong-immediate-adhesion\/#primaryimage"},"thumbnailUrl":"https:\/\/cardinal-tapes.com\/wp-content\/uploads\/AT6190-1.jpg","datePublished":"2023-06-05T14:56:00+00:00","description":"AT6190 to super mocna, wodoodporna ta\u015bma do kamienia pokryta agresywnym, niezawieraj\u0105cym rozpuszczalnik\u00f3w klejem kauczukowym.","breadcrumb":{"@id":"https:\/\/cardinal-tapes.com\/pl\/ta\u015bmy-samoprzylepne\/jednostronne-tasmy-samoprzylepne\/at6190-stone-tape-with-extreme-strong-immediate-adhesion\/#breadcrumb"},"inLanguage":"pl-PL","potentialAction":[{"@type":"ReadAction","target":["https:\/\/cardinal-tapes.com\/pl\/ta\u015bmy-samoprzylepne\/jednostronne-tasmy-samoprzylepne\/at6190-stone-tape-with-extreme-strong-immediate-adhesion\/"]}]},{"@type":"ImageObject","inLanguage":"pl-PL","@id":"https:\/\/cardinal-tapes.com\/pl\/ta\u015bmy-samoprzylepne\/jednostronne-tasmy-samoprzylepne\/at6190-stone-tape-with-extreme-strong-immediate-adhesion\/#primaryimage","url":"https:\/\/cardinal-tapes.com\/wp-content\/uploads\/AT6190-1.jpg","contentUrl":"https:\/\/cardinal-tapes.com\/wp-content\/uploads\/AT6190-1.jpg","width":2000,"height":2000},{"@type":"BreadcrumbList","@id":"https:\/\/cardinal-tapes.com\/pl\/ta\u015bmy-samoprzylepne\/jednostronne-tasmy-samoprzylepne\/at6190-stone-tape-with-extreme-strong-immediate-adhesion\/#breadcrumb","itemListElement":[{"@type":"ListItem","position":1,"name":"Startseite","item":"https:\/\/cardinal-tapes.com\/pl\/strona-glowna\/"},{"@type":"ListItem","position":2,"name":"Ta\u015bmy samoprzylepne","item":"https:\/\/cardinal-tapes.com\/pl\/tasmy-samoprzylepne-pl\/"},{"@type":"ListItem","position":3,"name":"Jednostronne ta\u015bmy samoprzylepne","item":"https:\/\/cardinal-tapes.com\/pl\/kategoria\/jednostronne-tasmy-samoprzylepne\/"},{"@type":"ListItem","position":4,"name":"AT6190 Ta\u015bma do kamienia o wyj\u0105tkowo silnej przyczepno\u015bci natychmiastowej"}]},{"@type":"WebSite","@id":"https:\/\/cardinal-tapes.com\/#website","url":"https:\/\/cardinal-tapes.com\/","name":"cardinal TAPES","description":"Klebetechnik aus Wuppertal","potentialAction":[{"@type":"SearchAction","target":{"@type":"EntryPoint","urlTemplate":"https:\/\/cardinal-tapes.com\/?s={search_term_string}"},"query-input":{"@type":"PropertyValueSpecification","valueRequired":true,"valueName":"search_term_string"}}],"inLanguage":"pl-PL"}]}},"brands":[{"id":2419,"name":"Advance Tapes","slug":"advance-tapes-pl"}],"_links":{"self":[{"href":"https:\/\/cardinal-tapes.com\/pl\/wp-json\/wp\/v2\/product\/41062","targetHints":{"allow":["GET"]}}],"collection":[{"href":"https:\/\/cardinal-tapes.com\/pl\/wp-json\/wp\/v2\/product"}],"about":[{"href":"https:\/\/cardinal-tapes.com\/pl\/wp-json\/wp\/v2\/types\/product"}],"wp:featuredmedia":[{"embeddable":true,"href":"https:\/\/cardinal-tapes.com\/pl\/wp-json\/wp\/v2\/media\/28778"}],"wp:attachment":[{"href":"https:\/\/cardinal-tapes.com\/pl\/wp-json\/wp\/v2\/media?parent=41062"}],"wp:term":[{"taxonomy":"pwb-brand","embeddable":true,"href":"https:\/\/cardinal-tapes.com\/pl\/wp-json\/wp\/v2\/pwb-brand?post=41062"},{"taxonomy":"product_brand","embeddable":true,"href":"https:\/\/cardinal-tapes.com\/pl\/wp-json\/wp\/v2\/product_brand?post=41062"},{"taxonomy":"product_cat","embeddable":true,"href":"https:\/\/cardinal-tapes.com\/pl\/wp-json\/wp\/v2\/product_cat?post=41062"},{"taxonomy":"product_tag","embeddable":true,"href":"https:\/\/cardinal-tapes.com\/pl\/wp-json\/wp\/v2\/product_tag?post=41062"}],"curies":[{"name":"wp","href":"https:\/\/api.w.org\/{rel}","templated":true}]}}