{"id":41061,"date":"2021-09-07T10:43:26","date_gmt":"2023-06-05T14:56:00","guid":{"rendered":"https:\/\/cardinal.pixel-tal.de\/klebebaender\/bez-kategorii\/tasma-ochronna-at45-pvc-o-niskiej-przyczepnosci-natychmiastowej\/"},"modified":"2023-06-05T16:56:00","modified_gmt":"2023-06-05T14:56:00","slug":"at45-pvc-protective-tape-with-low-immediate-adhesion","status":"publish","type":"product","link":"https:\/\/cardinal-tapes.com\/pl\/ta\u015bmy-samoprzylepne\/jednostronne-tasmy-samoprzylepne\/at45-pvc-protective-tape-with-low-immediate-adhesion\/","title":{"rendered":"Ta\u015bma ochronna AT45 PVC o niskiej przyczepno\u015bci natychmiastowej"},"content":{"rendered":"<div class=\"first_para_desc\">\n<div class=\"first_para_desc\">\n<div class=\"first_para_desc\">\n<div class=\"first_para_desc\">\n<p>AT45 to cienka, niebiesko-przezroczysta ta\u015bma PVC pokryta klejem kauczukowym o niskiej przyczepno\u015bci. Nadaje si\u0119 do ochrony w zastosowaniach wysokotemperaturowych, takich jak samoloty, motoryzacyjny rynek wt\u00f3rny, rozrywka, przemys\u0142owe towary konsumpcyjne, in\u017cynieria i konserwacja. Ta\u015bma jest odporna na wod\u0119 i \u015bcieranie oraz dopasowuje si\u0119 do g\u0142adkich i nier\u00f3wnych powierzchni. Ze wzgl\u0119du na nisk\u0105 przyczepno\u015b\u0107, AT45 mo\u017cna usun\u0105\u0107 z wi\u0119kszo\u015bci powierzchni bez pozostawiania \u015blad\u00f3w.<\/p>\n<\/div>\n<p><strong>Zastosowania<\/strong><\/p>\n<ul>\n<li>Do ochrony wyrob\u00f3w gotowych, ekran\u00f3w telewizor\u00f3w i monitor\u00f3w, tablic rejestracyjnych, opraw o\u015bwietleniowych i innych komponent\u00f3w podczas przechowywania i dostawy.<\/li>\n<li>Ochrona kraw\u0119dzi szyb przednich<\/li>\n<li>Ochrona lakierowanych powierzchni drewnianych<\/li>\n<\/ul>\n<p><strong>W\u0142a\u015bciwo\u015bci<\/strong><\/p>\n<ul>\n<li>\u0141atwe rozwijanie<\/li>\n<li>Usuwalny bez pozosta\u0142o\u015bci<\/li>\n<li>Odporno\u015b\u0107 na wod\u0119 i \u015bcieranie<\/li>\n<li>Mo\u017cliwo\u015b\u0107 dostosowania do formy<\/li>\n<\/ul>\n<\/div>\n<\/div>\n<\/div>\n","protected":false},"excerpt":{"rendered":"<p>AT45 to cienka, niebiesko-przezroczysta ta\u015bma PVC pokryta klejem kauczukowym o niskiej przyczepno\u015bci. Nadaje si\u0119 do ochrony w zastosowaniach wysokotemperaturowych, takich jak samoloty, motoryzacyjny rynek wt\u00f3rny, rozrywka, przemys\u0142owe towary konsumpcyjne, in\u017cynieria i konserwacja. Ta\u015bma jest odporna na wod\u0119 i \u015bcieranie oraz dopasowuje si\u0119 do g\u0142adkich i nier\u00f3wnych powierzchni. Ze wzgl\u0119du na nisk\u0105 przyczepno\u015b\u0107, AT45 mo\u017cna usun\u0105\u0107 [&hellip;]<\/p>\n","protected":false},"featured_media":28806,"template":"","meta":{"_acf_changed":false},"pwb-brand":[2419],"product_brand":[],"product_cat":[1816],"product_tag":[],"class_list":{"0":"post-41061","1":"product","2":"type-product","3":"status-publish","4":"has-post-thumbnail","6":"pwb-brand-advance-tapes-pl","7":"product_cat-jednostronne-tasmy-samoprzylepne","9":"first","10":"instock","11":"taxable","12":"shipping-taxable","13":"purchasable","14":"product-type-variable"},"acf":[],"yoast_head":"<!-- This site is optimized with the Yoast SEO plugin v27.3 - https:\/\/yoast.com\/product\/yoast-seo-wordpress\/ -->\n<title>Ta\u015bma ochronna AT45 PVC o niskiej przyczepno\u015bci natychmiastowej | Cardinal TAPES<\/title>\n<meta name=\"description\" content=\"AT45 to cienka, niebiesko-przezroczysta ta\u015bma PVC pokryta klejem kauczukowym o niskiej przyczepno\u015bci.\" \/>\n<meta name=\"robots\" content=\"index, follow, max-snippet:-1, max-image-preview:large, max-video-preview:-1\" \/>\n<link rel=\"canonical\" href=\"https:\/\/cardinal-tapes.com\/pl\/ta\u015bmy-samoprzylepne\/jednostronne-tasmy-samoprzylepne\/at45-pvc-protective-tape-with-low-immediate-adhesion\/\" \/>\n<meta property=\"og:locale\" content=\"pl_PL\" \/>\n<meta property=\"og:type\" content=\"article\" \/>\n<meta property=\"og:title\" content=\"Ta\u015bma ochronna AT45 PVC o niskiej przyczepno\u015bci natychmiastowej | Cardinal TAPES\" \/>\n<meta property=\"og:description\" content=\"AT45 to cienka, niebiesko-przezroczysta ta\u015bma PVC pokryta klejem kauczukowym o niskiej przyczepno\u015bci.\" \/>\n<meta property=\"og:url\" content=\"https:\/\/cardinal-tapes.com\/pl\/ta\u015bmy-samoprzylepne\/jednostronne-tasmy-samoprzylepne\/at45-pvc-protective-tape-with-low-immediate-adhesion\/\" \/>\n<meta property=\"og:site_name\" content=\"cardinal TAPES\" \/>\n<meta property=\"og:image\" content=\"https:\/\/cardinal-tapes.com\/wp-content\/uploads\/AT45-Blue-50x33-1-scaled.jpg\" \/>\n\t<meta property=\"og:image:width\" content=\"2560\" \/>\n\t<meta property=\"og:image:height\" content=\"2560\" \/>\n\t<meta property=\"og:image:type\" content=\"image\/jpeg\" \/>\n<meta name=\"twitter:card\" content=\"summary_large_image\" \/>\n<meta name=\"twitter:label1\" content=\"Szacowany czas czytania\" \/>\n\t<meta name=\"twitter:data1\" content=\"1 minuta\" \/>\n<script type=\"application\/ld+json\" class=\"yoast-schema-graph\">{\"@context\":\"https:\\\/\\\/schema.org\",\"@graph\":[{\"@type\":\"WebPage\",\"@id\":\"https:\\\/\\\/cardinal-tapes.com\\\/pl\\\/ta\u015bmy-samoprzylepne\\\/jednostronne-tasmy-samoprzylepne\\\/at45-pvc-protective-tape-with-low-immediate-adhesion\\\/\",\"url\":\"https:\\\/\\\/cardinal-tapes.com\\\/pl\\\/ta\u015bmy-samoprzylepne\\\/jednostronne-tasmy-samoprzylepne\\\/at45-pvc-protective-tape-with-low-immediate-adhesion\\\/\",\"name\":\"Ta\u015bma ochronna AT45 PVC o niskiej przyczepno\u015bci natychmiastowej | Cardinal TAPES\",\"isPartOf\":{\"@id\":\"https:\\\/\\\/cardinal-tapes.com\\\/#website\"},\"primaryImageOfPage\":{\"@id\":\"https:\\\/\\\/cardinal-tapes.com\\\/pl\\\/ta\u015bmy-samoprzylepne\\\/jednostronne-tasmy-samoprzylepne\\\/at45-pvc-protective-tape-with-low-immediate-adhesion\\\/#primaryimage\"},\"image\":{\"@id\":\"https:\\\/\\\/cardinal-tapes.com\\\/pl\\\/ta\u015bmy-samoprzylepne\\\/jednostronne-tasmy-samoprzylepne\\\/at45-pvc-protective-tape-with-low-immediate-adhesion\\\/#primaryimage\"},\"thumbnailUrl\":\"https:\\\/\\\/cardinal-tapes.com\\\/wp-content\\\/uploads\\\/AT45-Blue-50x33-1-scaled.jpg\",\"datePublished\":\"2023-06-05T14:56:00+00:00\",\"description\":\"AT45 to cienka, niebiesko-przezroczysta ta\u015bma PVC pokryta klejem kauczukowym o niskiej przyczepno\u015bci.\",\"breadcrumb\":{\"@id\":\"https:\\\/\\\/cardinal-tapes.com\\\/pl\\\/ta\u015bmy-samoprzylepne\\\/jednostronne-tasmy-samoprzylepne\\\/at45-pvc-protective-tape-with-low-immediate-adhesion\\\/#breadcrumb\"},\"inLanguage\":\"pl-PL\",\"potentialAction\":[{\"@type\":\"ReadAction\",\"target\":[\"https:\\\/\\\/cardinal-tapes.com\\\/pl\\\/ta\u015bmy-samoprzylepne\\\/jednostronne-tasmy-samoprzylepne\\\/at45-pvc-protective-tape-with-low-immediate-adhesion\\\/\"]}]},{\"@type\":\"ImageObject\",\"inLanguage\":\"pl-PL\",\"@id\":\"https:\\\/\\\/cardinal-tapes.com\\\/pl\\\/ta\u015bmy-samoprzylepne\\\/jednostronne-tasmy-samoprzylepne\\\/at45-pvc-protective-tape-with-low-immediate-adhesion\\\/#primaryimage\",\"url\":\"https:\\\/\\\/cardinal-tapes.com\\\/wp-content\\\/uploads\\\/AT45-Blue-50x33-1-scaled.jpg\",\"contentUrl\":\"https:\\\/\\\/cardinal-tapes.com\\\/wp-content\\\/uploads\\\/AT45-Blue-50x33-1-scaled.jpg\",\"width\":2560,\"height\":2560},{\"@type\":\"BreadcrumbList\",\"@id\":\"https:\\\/\\\/cardinal-tapes.com\\\/pl\\\/ta\u015bmy-samoprzylepne\\\/jednostronne-tasmy-samoprzylepne\\\/at45-pvc-protective-tape-with-low-immediate-adhesion\\\/#breadcrumb\",\"itemListElement\":[{\"@type\":\"ListItem\",\"position\":1,\"name\":\"Startseite\",\"item\":\"https:\\\/\\\/cardinal-tapes.com\\\/pl\\\/strona-glowna\\\/\"},{\"@type\":\"ListItem\",\"position\":2,\"name\":\"Ta\u015bmy samoprzylepne\",\"item\":\"https:\\\/\\\/cardinal-tapes.com\\\/pl\\\/tasmy-samoprzylepne-pl\\\/\"},{\"@type\":\"ListItem\",\"position\":3,\"name\":\"Jednostronne ta\u015bmy samoprzylepne\",\"item\":\"https:\\\/\\\/cardinal-tapes.com\\\/pl\\\/kategoria\\\/jednostronne-tasmy-samoprzylepne\\\/\"},{\"@type\":\"ListItem\",\"position\":4,\"name\":\"Ta\u015bma ochronna AT45 PVC o niskiej przyczepno\u015bci natychmiastowej\"}]},{\"@type\":\"WebSite\",\"@id\":\"https:\\\/\\\/cardinal-tapes.com\\\/#website\",\"url\":\"https:\\\/\\\/cardinal-tapes.com\\\/\",\"name\":\"cardinal TAPES\",\"description\":\"Klebetechnik aus Wuppertal\",\"potentialAction\":[{\"@type\":\"SearchAction\",\"target\":{\"@type\":\"EntryPoint\",\"urlTemplate\":\"https:\\\/\\\/cardinal-tapes.com\\\/?s={search_term_string}\"},\"query-input\":{\"@type\":\"PropertyValueSpecification\",\"valueRequired\":true,\"valueName\":\"search_term_string\"}}],\"inLanguage\":\"pl-PL\"}]}<\/script>\n<!-- \/ Yoast SEO plugin. -->","yoast_head_json":{"title":"Ta\u015bma ochronna AT45 PVC o niskiej przyczepno\u015bci natychmiastowej | Cardinal TAPES","description":"AT45 to cienka, niebiesko-przezroczysta ta\u015bma PVC pokryta klejem kauczukowym o niskiej przyczepno\u015bci.","robots":{"index":"index","follow":"follow","max-snippet":"max-snippet:-1","max-image-preview":"max-image-preview:large","max-video-preview":"max-video-preview:-1"},"canonical":"https:\/\/cardinal-tapes.com\/pl\/ta\u015bmy-samoprzylepne\/jednostronne-tasmy-samoprzylepne\/at45-pvc-protective-tape-with-low-immediate-adhesion\/","og_locale":"pl_PL","og_type":"article","og_title":"Ta\u015bma ochronna AT45 PVC o niskiej przyczepno\u015bci natychmiastowej | Cardinal TAPES","og_description":"AT45 to cienka, niebiesko-przezroczysta ta\u015bma PVC pokryta klejem kauczukowym o niskiej przyczepno\u015bci.","og_url":"https:\/\/cardinal-tapes.com\/pl\/ta\u015bmy-samoprzylepne\/jednostronne-tasmy-samoprzylepne\/at45-pvc-protective-tape-with-low-immediate-adhesion\/","og_site_name":"cardinal TAPES","og_image":[{"width":2560,"height":2560,"url":"https:\/\/cardinal-tapes.com\/wp-content\/uploads\/AT45-Blue-50x33-1-scaled.jpg","type":"image\/jpeg"}],"twitter_card":"summary_large_image","twitter_misc":{"Szacowany czas czytania":"1 minuta"},"schema":{"@context":"https:\/\/schema.org","@graph":[{"@type":"WebPage","@id":"https:\/\/cardinal-tapes.com\/pl\/ta\u015bmy-samoprzylepne\/jednostronne-tasmy-samoprzylepne\/at45-pvc-protective-tape-with-low-immediate-adhesion\/","url":"https:\/\/cardinal-tapes.com\/pl\/ta\u015bmy-samoprzylepne\/jednostronne-tasmy-samoprzylepne\/at45-pvc-protective-tape-with-low-immediate-adhesion\/","name":"Ta\u015bma ochronna AT45 PVC o niskiej przyczepno\u015bci natychmiastowej | Cardinal TAPES","isPartOf":{"@id":"https:\/\/cardinal-tapes.com\/#website"},"primaryImageOfPage":{"@id":"https:\/\/cardinal-tapes.com\/pl\/ta\u015bmy-samoprzylepne\/jednostronne-tasmy-samoprzylepne\/at45-pvc-protective-tape-with-low-immediate-adhesion\/#primaryimage"},"image":{"@id":"https:\/\/cardinal-tapes.com\/pl\/ta\u015bmy-samoprzylepne\/jednostronne-tasmy-samoprzylepne\/at45-pvc-protective-tape-with-low-immediate-adhesion\/#primaryimage"},"thumbnailUrl":"https:\/\/cardinal-tapes.com\/wp-content\/uploads\/AT45-Blue-50x33-1-scaled.jpg","datePublished":"2023-06-05T14:56:00+00:00","description":"AT45 to cienka, niebiesko-przezroczysta ta\u015bma PVC pokryta klejem kauczukowym o niskiej przyczepno\u015bci.","breadcrumb":{"@id":"https:\/\/cardinal-tapes.com\/pl\/ta\u015bmy-samoprzylepne\/jednostronne-tasmy-samoprzylepne\/at45-pvc-protective-tape-with-low-immediate-adhesion\/#breadcrumb"},"inLanguage":"pl-PL","potentialAction":[{"@type":"ReadAction","target":["https:\/\/cardinal-tapes.com\/pl\/ta\u015bmy-samoprzylepne\/jednostronne-tasmy-samoprzylepne\/at45-pvc-protective-tape-with-low-immediate-adhesion\/"]}]},{"@type":"ImageObject","inLanguage":"pl-PL","@id":"https:\/\/cardinal-tapes.com\/pl\/ta\u015bmy-samoprzylepne\/jednostronne-tasmy-samoprzylepne\/at45-pvc-protective-tape-with-low-immediate-adhesion\/#primaryimage","url":"https:\/\/cardinal-tapes.com\/wp-content\/uploads\/AT45-Blue-50x33-1-scaled.jpg","contentUrl":"https:\/\/cardinal-tapes.com\/wp-content\/uploads\/AT45-Blue-50x33-1-scaled.jpg","width":2560,"height":2560},{"@type":"BreadcrumbList","@id":"https:\/\/cardinal-tapes.com\/pl\/ta\u015bmy-samoprzylepne\/jednostronne-tasmy-samoprzylepne\/at45-pvc-protective-tape-with-low-immediate-adhesion\/#breadcrumb","itemListElement":[{"@type":"ListItem","position":1,"name":"Startseite","item":"https:\/\/cardinal-tapes.com\/pl\/strona-glowna\/"},{"@type":"ListItem","position":2,"name":"Ta\u015bmy samoprzylepne","item":"https:\/\/cardinal-tapes.com\/pl\/tasmy-samoprzylepne-pl\/"},{"@type":"ListItem","position":3,"name":"Jednostronne ta\u015bmy samoprzylepne","item":"https:\/\/cardinal-tapes.com\/pl\/kategoria\/jednostronne-tasmy-samoprzylepne\/"},{"@type":"ListItem","position":4,"name":"Ta\u015bma ochronna AT45 PVC o niskiej przyczepno\u015bci natychmiastowej"}]},{"@type":"WebSite","@id":"https:\/\/cardinal-tapes.com\/#website","url":"https:\/\/cardinal-tapes.com\/","name":"cardinal TAPES","description":"Klebetechnik aus Wuppertal","potentialAction":[{"@type":"SearchAction","target":{"@type":"EntryPoint","urlTemplate":"https:\/\/cardinal-tapes.com\/?s={search_term_string}"},"query-input":{"@type":"PropertyValueSpecification","valueRequired":true,"valueName":"search_term_string"}}],"inLanguage":"pl-PL"}]}},"brands":[{"id":2419,"name":"Advance Tapes","slug":"advance-tapes-pl"}],"_links":{"self":[{"href":"https:\/\/cardinal-tapes.com\/pl\/wp-json\/wp\/v2\/product\/41061","targetHints":{"allow":["GET"]}}],"collection":[{"href":"https:\/\/cardinal-tapes.com\/pl\/wp-json\/wp\/v2\/product"}],"about":[{"href":"https:\/\/cardinal-tapes.com\/pl\/wp-json\/wp\/v2\/types\/product"}],"wp:featuredmedia":[{"embeddable":true,"href":"https:\/\/cardinal-tapes.com\/pl\/wp-json\/wp\/v2\/media\/28806"}],"wp:attachment":[{"href":"https:\/\/cardinal-tapes.com\/pl\/wp-json\/wp\/v2\/media?parent=41061"}],"wp:term":[{"taxonomy":"pwb-brand","embeddable":true,"href":"https:\/\/cardinal-tapes.com\/pl\/wp-json\/wp\/v2\/pwb-brand?post=41061"},{"taxonomy":"product_brand","embeddable":true,"href":"https:\/\/cardinal-tapes.com\/pl\/wp-json\/wp\/v2\/product_brand?post=41061"},{"taxonomy":"product_cat","embeddable":true,"href":"https:\/\/cardinal-tapes.com\/pl\/wp-json\/wp\/v2\/product_cat?post=41061"},{"taxonomy":"product_tag","embeddable":true,"href":"https:\/\/cardinal-tapes.com\/pl\/wp-json\/wp\/v2\/product_tag?post=41061"}],"curies":[{"name":"wp","href":"https:\/\/api.w.org\/{rel}","templated":true}]}}