{"id":41060,"date":"2021-09-07T11:36:44","date_gmt":"2023-06-05T14:56:00","guid":{"rendered":"https:\/\/cardinal.pixel-tal.de\/klebebaender\/bez-kategorii\/tasma-pvc-at6000-dla-przemyslu-budowlanego\/"},"modified":"2023-06-05T16:56:00","modified_gmt":"2023-06-05T14:56:00","slug":"at6000-pvc-tape-dla-przemyslu-budowlanego","status":"publish","type":"product","link":"https:\/\/cardinal-tapes.com\/pl\/ta\u015bmy-samoprzylepne\/jednostronne-tasmy-samoprzylepne\/folia-pvc\/at6000-pvc-tape-dla-przemyslu-budowlanego\/","title":{"rendered":"Ta\u015bma PVC AT6000 dla przemys\u0142u budowlanego"},"content":{"rendered":"<div class=\"first_para_desc\">\n<div class=\"first_para_desc\">\n<div class=\"first_para_desc\">\n<div class=\"first_para_desc\">\n<p>AT6000 to ta\u015bma PVC pokryta przezroczystym klejem kauczukowym. Ta\u015bma charakteryzuje si\u0119 wysok\u0105 wydajno\u015bci\u0105, odporno\u015bci\u0105 na wy\u017csze temperatury (od -5\u00b0C do +60\u00b0C) i \u0142atwo\u015bci\u0105 rozwijania nawet w niskich temperaturach. AT6000 jest odporny na promieniowanie UV i wod\u0119 i mo\u017ce by\u0107 u\u017cywany wewn\u0105trz i na zewn\u0105trz. Ta\u015bma jest dopasowana do kszta\u0142tu i dobrze dopasowuje si\u0119 do trudnych i g\u0142adkich powierzchni.<\/p>\n<\/div>\n<p><strong>Zastosowania<\/strong><\/p>\n<ul>\n<li>Wi\u0105zanie drewna i innych materia\u0142\u00f3w w celu bezpiecznego przenoszenia<\/li>\n<li>Os\u0142ona podczas prac budowlanych (okna, drzwi, parapety itp.)<\/li>\n<\/ul>\n<p><strong>W\u0142a\u015bciwo\u015bci<\/strong><\/p>\n<ul>\n<li>\u0141atwe rozwijanie<\/li>\n<li>\u0141atwy do oderwania<\/li>\n<li>Odporno\u015b\u0107 na promieniowanie UV i wod\u0119<\/li>\n<\/ul>\n<\/div>\n<\/div>\n<\/div>\n","protected":false},"excerpt":{"rendered":"<p>AT6000 to ta\u015bma PVC pokryta przezroczystym klejem kauczukowym. Ta\u015bma charakteryzuje si\u0119 wysok\u0105 wydajno\u015bci\u0105, odporno\u015bci\u0105 na wy\u017csze temperatury (od -5\u00b0C do +60\u00b0C) i \u0142atwo\u015bci\u0105 rozwijania nawet w niskich temperaturach. AT6000 jest odporny na promieniowanie UV i wod\u0119 i mo\u017ce by\u0107 u\u017cywany wewn\u0105trz i na zewn\u0105trz. Ta\u015bma jest dopasowana do kszta\u0142tu i dobrze dopasowuje si\u0119 do trudnych [&hellip;]<\/p>\n","protected":false},"featured_media":28810,"template":"","meta":{"_acf_changed":false},"pwb-brand":[2419],"product_brand":[],"product_cat":[1816,1821],"product_tag":[],"class_list":{"0":"post-41060","1":"product","2":"type-product","3":"status-publish","4":"has-post-thumbnail","6":"pwb-brand-advance-tapes-pl","7":"product_cat-jednostronne-tasmy-samoprzylepne","8":"product_cat-folia-pvc","10":"first","11":"instock","12":"taxable","13":"shipping-taxable","14":"purchasable","15":"product-type-variable"},"acf":[],"yoast_head":"<!-- This site is optimized with the Yoast SEO plugin v27.3 - https:\/\/yoast.com\/product\/yoast-seo-wordpress\/ -->\n<title>Ta\u015bma PVC AT6000 dla przemys\u0142u budowlanego | Cardinal TAPES<\/title>\n<meta name=\"description\" content=\"AT6000 to ta\u015bma PVC pokryta przezroczystym klejem kauczukowym.\" \/>\n<meta name=\"robots\" content=\"index, follow, max-snippet:-1, max-image-preview:large, max-video-preview:-1\" \/>\n<link rel=\"canonical\" href=\"https:\/\/cardinal-tapes.com\/pl\/ta\u015bmy-samoprzylepne\/jednostronne-tasmy-samoprzylepne\/at6000-pvc-tape-dla-przemyslu-budowlanego\/\" \/>\n<meta property=\"og:locale\" content=\"pl_PL\" \/>\n<meta property=\"og:type\" content=\"article\" \/>\n<meta property=\"og:title\" content=\"Ta\u015bma PVC AT6000 dla przemys\u0142u budowlanego | Cardinal TAPES\" \/>\n<meta property=\"og:description\" content=\"AT6000 to ta\u015bma PVC pokryta przezroczystym klejem kauczukowym.\" \/>\n<meta property=\"og:url\" content=\"https:\/\/cardinal-tapes.com\/pl\/ta\u015bmy-samoprzylepne\/jednostronne-tasmy-samoprzylepne\/at6000-pvc-tape-dla-przemyslu-budowlanego\/\" \/>\n<meta property=\"og:site_name\" content=\"cardinal TAPES\" \/>\n<meta property=\"og:image\" content=\"https:\/\/cardinal-tapes.com\/wp-content\/uploads\/AT6000-Orange-50mm.jpg\" \/>\n\t<meta property=\"og:image:width\" content=\"1566\" \/>\n\t<meta property=\"og:image:height\" content=\"1684\" \/>\n\t<meta property=\"og:image:type\" content=\"image\/jpeg\" \/>\n<meta name=\"twitter:card\" content=\"summary_large_image\" \/>\n<meta name=\"twitter:label1\" content=\"Szacowany czas czytania\" \/>\n\t<meta name=\"twitter:data1\" content=\"1 minuta\" \/>\n<script type=\"application\/ld+json\" class=\"yoast-schema-graph\">{\"@context\":\"https:\\\/\\\/schema.org\",\"@graph\":[{\"@type\":\"WebPage\",\"@id\":\"https:\\\/\\\/cardinal-tapes.com\\\/pl\\\/ta\u015bmy-samoprzylepne\\\/jednostronne-tasmy-samoprzylepne\\\/at6000-pvc-tape-dla-przemyslu-budowlanego\\\/\",\"url\":\"https:\\\/\\\/cardinal-tapes.com\\\/pl\\\/ta\u015bmy-samoprzylepne\\\/jednostronne-tasmy-samoprzylepne\\\/at6000-pvc-tape-dla-przemyslu-budowlanego\\\/\",\"name\":\"Ta\u015bma PVC AT6000 dla przemys\u0142u budowlanego | Cardinal TAPES\",\"isPartOf\":{\"@id\":\"https:\\\/\\\/cardinal-tapes.com\\\/#website\"},\"primaryImageOfPage\":{\"@id\":\"https:\\\/\\\/cardinal-tapes.com\\\/pl\\\/ta\u015bmy-samoprzylepne\\\/jednostronne-tasmy-samoprzylepne\\\/at6000-pvc-tape-dla-przemyslu-budowlanego\\\/#primaryimage\"},\"image\":{\"@id\":\"https:\\\/\\\/cardinal-tapes.com\\\/pl\\\/ta\u015bmy-samoprzylepne\\\/jednostronne-tasmy-samoprzylepne\\\/at6000-pvc-tape-dla-przemyslu-budowlanego\\\/#primaryimage\"},\"thumbnailUrl\":\"https:\\\/\\\/cardinal-tapes.com\\\/wp-content\\\/uploads\\\/AT6000-Orange-50mm.jpg\",\"datePublished\":\"2023-06-05T14:56:00+00:00\",\"description\":\"AT6000 to ta\u015bma PVC pokryta przezroczystym klejem kauczukowym.\",\"breadcrumb\":{\"@id\":\"https:\\\/\\\/cardinal-tapes.com\\\/pl\\\/ta\u015bmy-samoprzylepne\\\/jednostronne-tasmy-samoprzylepne\\\/at6000-pvc-tape-dla-przemyslu-budowlanego\\\/#breadcrumb\"},\"inLanguage\":\"pl-PL\",\"potentialAction\":[{\"@type\":\"ReadAction\",\"target\":[\"https:\\\/\\\/cardinal-tapes.com\\\/pl\\\/ta\u015bmy-samoprzylepne\\\/jednostronne-tasmy-samoprzylepne\\\/at6000-pvc-tape-dla-przemyslu-budowlanego\\\/\"]}]},{\"@type\":\"ImageObject\",\"inLanguage\":\"pl-PL\",\"@id\":\"https:\\\/\\\/cardinal-tapes.com\\\/pl\\\/ta\u015bmy-samoprzylepne\\\/jednostronne-tasmy-samoprzylepne\\\/at6000-pvc-tape-dla-przemyslu-budowlanego\\\/#primaryimage\",\"url\":\"https:\\\/\\\/cardinal-tapes.com\\\/wp-content\\\/uploads\\\/AT6000-Orange-50mm.jpg\",\"contentUrl\":\"https:\\\/\\\/cardinal-tapes.com\\\/wp-content\\\/uploads\\\/AT6000-Orange-50mm.jpg\",\"width\":1566,\"height\":1684},{\"@type\":\"BreadcrumbList\",\"@id\":\"https:\\\/\\\/cardinal-tapes.com\\\/pl\\\/ta\u015bmy-samoprzylepne\\\/jednostronne-tasmy-samoprzylepne\\\/at6000-pvc-tape-dla-przemyslu-budowlanego\\\/#breadcrumb\",\"itemListElement\":[{\"@type\":\"ListItem\",\"position\":1,\"name\":\"Startseite\",\"item\":\"https:\\\/\\\/cardinal-tapes.com\\\/pl\\\/strona-glowna\\\/\"},{\"@type\":\"ListItem\",\"position\":2,\"name\":\"Ta\u015bmy samoprzylepne\",\"item\":\"https:\\\/\\\/cardinal-tapes.com\\\/pl\\\/tasmy-samoprzylepne-pl\\\/\"},{\"@type\":\"ListItem\",\"position\":3,\"name\":\"Jednostronne ta\u015bmy samoprzylepne\",\"item\":\"https:\\\/\\\/cardinal-tapes.com\\\/pl\\\/kategoria\\\/jednostronne-tasmy-samoprzylepne\\\/\"},{\"@type\":\"ListItem\",\"position\":4,\"name\":\"Ta\u015bma PVC AT6000 dla przemys\u0142u budowlanego\"}]},{\"@type\":\"WebSite\",\"@id\":\"https:\\\/\\\/cardinal-tapes.com\\\/#website\",\"url\":\"https:\\\/\\\/cardinal-tapes.com\\\/\",\"name\":\"cardinal TAPES\",\"description\":\"Klebetechnik aus Wuppertal\",\"potentialAction\":[{\"@type\":\"SearchAction\",\"target\":{\"@type\":\"EntryPoint\",\"urlTemplate\":\"https:\\\/\\\/cardinal-tapes.com\\\/?s={search_term_string}\"},\"query-input\":{\"@type\":\"PropertyValueSpecification\",\"valueRequired\":true,\"valueName\":\"search_term_string\"}}],\"inLanguage\":\"pl-PL\"}]}<\/script>\n<!-- \/ Yoast SEO plugin. -->","yoast_head_json":{"title":"Ta\u015bma PVC AT6000 dla przemys\u0142u budowlanego | Cardinal TAPES","description":"AT6000 to ta\u015bma PVC pokryta przezroczystym klejem kauczukowym.","robots":{"index":"index","follow":"follow","max-snippet":"max-snippet:-1","max-image-preview":"max-image-preview:large","max-video-preview":"max-video-preview:-1"},"canonical":"https:\/\/cardinal-tapes.com\/pl\/ta\u015bmy-samoprzylepne\/jednostronne-tasmy-samoprzylepne\/at6000-pvc-tape-dla-przemyslu-budowlanego\/","og_locale":"pl_PL","og_type":"article","og_title":"Ta\u015bma PVC AT6000 dla przemys\u0142u budowlanego | Cardinal TAPES","og_description":"AT6000 to ta\u015bma PVC pokryta przezroczystym klejem kauczukowym.","og_url":"https:\/\/cardinal-tapes.com\/pl\/ta\u015bmy-samoprzylepne\/jednostronne-tasmy-samoprzylepne\/at6000-pvc-tape-dla-przemyslu-budowlanego\/","og_site_name":"cardinal TAPES","og_image":[{"width":1566,"height":1684,"url":"https:\/\/cardinal-tapes.com\/wp-content\/uploads\/AT6000-Orange-50mm.jpg","type":"image\/jpeg"}],"twitter_card":"summary_large_image","twitter_misc":{"Szacowany czas czytania":"1 minuta"},"schema":{"@context":"https:\/\/schema.org","@graph":[{"@type":"WebPage","@id":"https:\/\/cardinal-tapes.com\/pl\/ta\u015bmy-samoprzylepne\/jednostronne-tasmy-samoprzylepne\/at6000-pvc-tape-dla-przemyslu-budowlanego\/","url":"https:\/\/cardinal-tapes.com\/pl\/ta\u015bmy-samoprzylepne\/jednostronne-tasmy-samoprzylepne\/at6000-pvc-tape-dla-przemyslu-budowlanego\/","name":"Ta\u015bma PVC AT6000 dla przemys\u0142u budowlanego | Cardinal TAPES","isPartOf":{"@id":"https:\/\/cardinal-tapes.com\/#website"},"primaryImageOfPage":{"@id":"https:\/\/cardinal-tapes.com\/pl\/ta\u015bmy-samoprzylepne\/jednostronne-tasmy-samoprzylepne\/at6000-pvc-tape-dla-przemyslu-budowlanego\/#primaryimage"},"image":{"@id":"https:\/\/cardinal-tapes.com\/pl\/ta\u015bmy-samoprzylepne\/jednostronne-tasmy-samoprzylepne\/at6000-pvc-tape-dla-przemyslu-budowlanego\/#primaryimage"},"thumbnailUrl":"https:\/\/cardinal-tapes.com\/wp-content\/uploads\/AT6000-Orange-50mm.jpg","datePublished":"2023-06-05T14:56:00+00:00","description":"AT6000 to ta\u015bma PVC pokryta przezroczystym klejem kauczukowym.","breadcrumb":{"@id":"https:\/\/cardinal-tapes.com\/pl\/ta\u015bmy-samoprzylepne\/jednostronne-tasmy-samoprzylepne\/at6000-pvc-tape-dla-przemyslu-budowlanego\/#breadcrumb"},"inLanguage":"pl-PL","potentialAction":[{"@type":"ReadAction","target":["https:\/\/cardinal-tapes.com\/pl\/ta\u015bmy-samoprzylepne\/jednostronne-tasmy-samoprzylepne\/at6000-pvc-tape-dla-przemyslu-budowlanego\/"]}]},{"@type":"ImageObject","inLanguage":"pl-PL","@id":"https:\/\/cardinal-tapes.com\/pl\/ta\u015bmy-samoprzylepne\/jednostronne-tasmy-samoprzylepne\/at6000-pvc-tape-dla-przemyslu-budowlanego\/#primaryimage","url":"https:\/\/cardinal-tapes.com\/wp-content\/uploads\/AT6000-Orange-50mm.jpg","contentUrl":"https:\/\/cardinal-tapes.com\/wp-content\/uploads\/AT6000-Orange-50mm.jpg","width":1566,"height":1684},{"@type":"BreadcrumbList","@id":"https:\/\/cardinal-tapes.com\/pl\/ta\u015bmy-samoprzylepne\/jednostronne-tasmy-samoprzylepne\/at6000-pvc-tape-dla-przemyslu-budowlanego\/#breadcrumb","itemListElement":[{"@type":"ListItem","position":1,"name":"Startseite","item":"https:\/\/cardinal-tapes.com\/pl\/strona-glowna\/"},{"@type":"ListItem","position":2,"name":"Ta\u015bmy samoprzylepne","item":"https:\/\/cardinal-tapes.com\/pl\/tasmy-samoprzylepne-pl\/"},{"@type":"ListItem","position":3,"name":"Jednostronne ta\u015bmy samoprzylepne","item":"https:\/\/cardinal-tapes.com\/pl\/kategoria\/jednostronne-tasmy-samoprzylepne\/"},{"@type":"ListItem","position":4,"name":"Ta\u015bma PVC AT6000 dla przemys\u0142u budowlanego"}]},{"@type":"WebSite","@id":"https:\/\/cardinal-tapes.com\/#website","url":"https:\/\/cardinal-tapes.com\/","name":"cardinal TAPES","description":"Klebetechnik aus Wuppertal","potentialAction":[{"@type":"SearchAction","target":{"@type":"EntryPoint","urlTemplate":"https:\/\/cardinal-tapes.com\/?s={search_term_string}"},"query-input":{"@type":"PropertyValueSpecification","valueRequired":true,"valueName":"search_term_string"}}],"inLanguage":"pl-PL"}]}},"brands":[{"id":2419,"name":"Advance Tapes","slug":"advance-tapes-pl"}],"_links":{"self":[{"href":"https:\/\/cardinal-tapes.com\/pl\/wp-json\/wp\/v2\/product\/41060","targetHints":{"allow":["GET"]}}],"collection":[{"href":"https:\/\/cardinal-tapes.com\/pl\/wp-json\/wp\/v2\/product"}],"about":[{"href":"https:\/\/cardinal-tapes.com\/pl\/wp-json\/wp\/v2\/types\/product"}],"wp:featuredmedia":[{"embeddable":true,"href":"https:\/\/cardinal-tapes.com\/pl\/wp-json\/wp\/v2\/media\/28810"}],"wp:attachment":[{"href":"https:\/\/cardinal-tapes.com\/pl\/wp-json\/wp\/v2\/media?parent=41060"}],"wp:term":[{"taxonomy":"pwb-brand","embeddable":true,"href":"https:\/\/cardinal-tapes.com\/pl\/wp-json\/wp\/v2\/pwb-brand?post=41060"},{"taxonomy":"product_brand","embeddable":true,"href":"https:\/\/cardinal-tapes.com\/pl\/wp-json\/wp\/v2\/product_brand?post=41060"},{"taxonomy":"product_cat","embeddable":true,"href":"https:\/\/cardinal-tapes.com\/pl\/wp-json\/wp\/v2\/product_cat?post=41060"},{"taxonomy":"product_tag","embeddable":true,"href":"https:\/\/cardinal-tapes.com\/pl\/wp-json\/wp\/v2\/product_tag?post=41060"}],"curies":[{"name":"wp","href":"https:\/\/api.w.org\/{rel}","templated":true}]}}