{"id":41059,"date":"2021-09-06T12:04:17","date_gmt":"2023-06-05T14:56:00","guid":{"rendered":"https:\/\/cardinal.pixel-tal.de\/klebebaender\/bez-kategorii\/trudnopalna-tasma-tkaninowa-at2002\/"},"modified":"2023-06-05T16:56:00","modified_gmt":"2023-06-05T14:56:00","slug":"at2002-tasma-tkanina-ognioodporna","status":"publish","type":"product","link":"https:\/\/cardinal-tapes.com\/pl\/ta\u015bmy-samoprzylepne\/obszary-zastosowan\/tasma-klejaca-do-tkanin\/at2002-tasma-tkanina-ognioodporna\/","title":{"rendered":"Trudnopalna ta\u015bma tkaninowa AT2002"},"content":{"rendered":"<div class=\"first_para_desc\">\n<div class=\"first_para_desc\">\n<div class=\"first_para_desc\">\n<div class=\"first_para_desc\">\n<p>AT2002 to trudnopalna ta\u015bma z laminowanej tkaniny o w\u0142a\u015bciwo\u015bciach samogasn\u0105cych. Jest ona pokryta specjalnym, wra\u017cliwym na nacisk, bezrozpuszczalnikowym klejem kauczukowym. Produkt idealnie nadaje si\u0119 do zastosowa\u0144 lotniczych i morskich. Ta\u015bma dobrze dopasowuje si\u0119 do g\u0142adkich i nier\u00f3wnych powierzchni, a tak\u017ce jest zgodna z federalnymi przepisami lotniczymi FAR 25.853 (a) w zakresie ognioodporno\u015bci. Specyfikacja ta jest nadrukowana na ta\u015bmie, dzi\u0119ki czemu mo\u017cna j\u0105 \u0142atwo zidentyfikowa\u0107.<\/p>\n<\/div>\n<p><strong>Zastosowania<\/strong><\/p>\n<ul>\n<li>Ochrona i \u0142\u0105czno\u015b\u0107 przy budowie i konserwacji samolot\u00f3w, statk\u00f3w, \u0142odzi podwodnych i poci\u0105g\u00f3w<\/li>\n<li>Uszczelnienie mi\u0119dzy panelami ognioodpornymi<\/li>\n<li>Klejenie \u015bcian z p\u0142yt pil\u015bniowych w \u0142adowniach, znane jako &#8220;Cargo Tape<\/li>\n<\/ul>\n<p><strong>W\u0142a\u015bciwo\u015bci<\/strong><\/p>\n<ul>\n<li>Okre\u015blone zgodnie z FAR 25.853<\/li>\n<li>Mo\u017ce by\u0107 usuwany bez pozosta\u0142o\u015bci w temperaturze 50\u00b0C przez okres do 4 dni.<\/li>\n<li>Wodoodporny<\/li>\n<li>Dobra odporno\u015b\u0107 na \u015bcieranie<\/li>\n<li>Doskona\u0142a przyczepno\u015b\u0107<\/li>\n<\/ul>\n<\/div>\n<\/div>\n<\/div>\n","protected":false},"excerpt":{"rendered":"<p>AT2002 to trudnopalna ta\u015bma z laminowanej tkaniny o w\u0142a\u015bciwo\u015bciach samogasn\u0105cych. Jest ona pokryta specjalnym, wra\u017cliwym na nacisk, bezrozpuszczalnikowym klejem kauczukowym. Produkt idealnie nadaje si\u0119 do zastosowa\u0144 lotniczych i morskich. Ta\u015bma dobrze dopasowuje si\u0119 do g\u0142adkich i nier\u00f3wnych powierzchni, a tak\u017ce jest zgodna z federalnymi przepisami lotniczymi FAR 25.853 (a) w zakresie ognioodporno\u015bci. Specyfikacja ta jest [&hellip;]<\/p>\n","protected":false},"featured_media":28794,"template":"","meta":{"_acf_changed":false},"pwb-brand":[2419],"product_brand":[],"product_cat":[1715,1717,1816],"product_tag":[],"class_list":{"0":"post-41059","1":"product","2":"type-product","3":"status-publish","4":"has-post-thumbnail","6":"pwb-brand-advance-tapes-pl","7":"product_cat-tasma-klejaca-do-tkanin","8":"product_cat-tasma-powlekana-tworzywem-sztucznym","9":"product_cat-jednostronne-tasmy-samoprzylepne","11":"first","12":"instock","13":"taxable","14":"shipping-taxable","15":"purchasable","16":"product-type-variable"},"acf":[],"yoast_head":"<!-- This site is optimized with the Yoast SEO plugin v27.3 - https:\/\/yoast.com\/product\/yoast-seo-wordpress\/ -->\n<title>Trudnopalna ta\u015bma tkaninowa AT2002 | Cardinal TAPES<\/title>\n<meta name=\"description\" content=\"AT2002 to trudnopalna ta\u015bma z laminowanej tkaniny o w\u0142a\u015bciwo\u015bciach samogasn\u0105cych.\" \/>\n<meta name=\"robots\" content=\"index, follow, max-snippet:-1, max-image-preview:large, max-video-preview:-1\" \/>\n<link rel=\"canonical\" href=\"https:\/\/cardinal-tapes.com\/pl\/ta\u015bmy-samoprzylepne\/tasma-klejaca-do-tkanin\/at2002-tasma-tkanina-ognioodporna\/\" \/>\n<meta property=\"og:locale\" content=\"pl_PL\" \/>\n<meta property=\"og:type\" content=\"article\" \/>\n<meta property=\"og:title\" content=\"Trudnopalna ta\u015bma tkaninowa AT2002 | Cardinal TAPES\" \/>\n<meta property=\"og:description\" content=\"AT2002 to trudnopalna ta\u015bma z laminowanej tkaniny o w\u0142a\u015bciwo\u015bciach samogasn\u0105cych.\" \/>\n<meta property=\"og:url\" content=\"https:\/\/cardinal-tapes.com\/pl\/ta\u015bmy-samoprzylepne\/tasma-klejaca-do-tkanin\/at2002-tasma-tkanina-ognioodporna\/\" \/>\n<meta property=\"og:site_name\" content=\"cardinal TAPES\" \/>\n<meta property=\"og:image\" content=\"https:\/\/cardinal-tapes.com\/wp-content\/uploads\/AT2002_6-scaled.jpg\" \/>\n\t<meta property=\"og:image:width\" content=\"2560\" \/>\n\t<meta property=\"og:image:height\" content=\"1707\" \/>\n\t<meta property=\"og:image:type\" content=\"image\/jpeg\" \/>\n<meta name=\"twitter:card\" content=\"summary_large_image\" \/>\n<meta name=\"twitter:label1\" content=\"Szacowany czas czytania\" \/>\n\t<meta name=\"twitter:data1\" content=\"1 minuta\" \/>\n<script type=\"application\/ld+json\" class=\"yoast-schema-graph\">{\"@context\":\"https:\\\/\\\/schema.org\",\"@graph\":[{\"@type\":\"WebPage\",\"@id\":\"https:\\\/\\\/cardinal-tapes.com\\\/pl\\\/ta\u015bmy-samoprzylepne\\\/tasma-klejaca-do-tkanin\\\/at2002-tasma-tkanina-ognioodporna\\\/\",\"url\":\"https:\\\/\\\/cardinal-tapes.com\\\/pl\\\/ta\u015bmy-samoprzylepne\\\/tasma-klejaca-do-tkanin\\\/at2002-tasma-tkanina-ognioodporna\\\/\",\"name\":\"Trudnopalna ta\u015bma tkaninowa AT2002 | Cardinal TAPES\",\"isPartOf\":{\"@id\":\"https:\\\/\\\/cardinal-tapes.com\\\/#website\"},\"primaryImageOfPage\":{\"@id\":\"https:\\\/\\\/cardinal-tapes.com\\\/pl\\\/ta\u015bmy-samoprzylepne\\\/tasma-klejaca-do-tkanin\\\/at2002-tasma-tkanina-ognioodporna\\\/#primaryimage\"},\"image\":{\"@id\":\"https:\\\/\\\/cardinal-tapes.com\\\/pl\\\/ta\u015bmy-samoprzylepne\\\/tasma-klejaca-do-tkanin\\\/at2002-tasma-tkanina-ognioodporna\\\/#primaryimage\"},\"thumbnailUrl\":\"https:\\\/\\\/cardinal-tapes.com\\\/wp-content\\\/uploads\\\/AT2002_6-scaled.jpg\",\"datePublished\":\"2023-06-05T14:56:00+00:00\",\"description\":\"AT2002 to trudnopalna ta\u015bma z laminowanej tkaniny o w\u0142a\u015bciwo\u015bciach samogasn\u0105cych.\",\"breadcrumb\":{\"@id\":\"https:\\\/\\\/cardinal-tapes.com\\\/pl\\\/ta\u015bmy-samoprzylepne\\\/tasma-klejaca-do-tkanin\\\/at2002-tasma-tkanina-ognioodporna\\\/#breadcrumb\"},\"inLanguage\":\"pl-PL\",\"potentialAction\":[{\"@type\":\"ReadAction\",\"target\":[\"https:\\\/\\\/cardinal-tapes.com\\\/pl\\\/ta\u015bmy-samoprzylepne\\\/tasma-klejaca-do-tkanin\\\/at2002-tasma-tkanina-ognioodporna\\\/\"]}]},{\"@type\":\"ImageObject\",\"inLanguage\":\"pl-PL\",\"@id\":\"https:\\\/\\\/cardinal-tapes.com\\\/pl\\\/ta\u015bmy-samoprzylepne\\\/tasma-klejaca-do-tkanin\\\/at2002-tasma-tkanina-ognioodporna\\\/#primaryimage\",\"url\":\"https:\\\/\\\/cardinal-tapes.com\\\/wp-content\\\/uploads\\\/AT2002_6-scaled.jpg\",\"contentUrl\":\"https:\\\/\\\/cardinal-tapes.com\\\/wp-content\\\/uploads\\\/AT2002_6-scaled.jpg\",\"width\":2560,\"height\":1707},{\"@type\":\"BreadcrumbList\",\"@id\":\"https:\\\/\\\/cardinal-tapes.com\\\/pl\\\/ta\u015bmy-samoprzylepne\\\/tasma-klejaca-do-tkanin\\\/at2002-tasma-tkanina-ognioodporna\\\/#breadcrumb\",\"itemListElement\":[{\"@type\":\"ListItem\",\"position\":1,\"name\":\"Startseite\",\"item\":\"https:\\\/\\\/cardinal-tapes.com\\\/pl\\\/strona-glowna\\\/\"},{\"@type\":\"ListItem\",\"position\":2,\"name\":\"Ta\u015bmy samoprzylepne\",\"item\":\"https:\\\/\\\/cardinal-tapes.com\\\/pl\\\/tasmy-samoprzylepne-pl\\\/\"},{\"@type\":\"ListItem\",\"position\":3,\"name\":\"Ta\u015bma klej\u0105ca do tkanin\",\"item\":\"https:\\\/\\\/cardinal-tapes.com\\\/pl\\\/kategoria\\\/tasma-klejaca-do-tkanin\\\/\"},{\"@type\":\"ListItem\",\"position\":4,\"name\":\"Trudnopalna ta\u015bma tkaninowa AT2002\"}]},{\"@type\":\"WebSite\",\"@id\":\"https:\\\/\\\/cardinal-tapes.com\\\/#website\",\"url\":\"https:\\\/\\\/cardinal-tapes.com\\\/\",\"name\":\"cardinal TAPES\",\"description\":\"Klebetechnik aus Wuppertal\",\"potentialAction\":[{\"@type\":\"SearchAction\",\"target\":{\"@type\":\"EntryPoint\",\"urlTemplate\":\"https:\\\/\\\/cardinal-tapes.com\\\/?s={search_term_string}\"},\"query-input\":{\"@type\":\"PropertyValueSpecification\",\"valueRequired\":true,\"valueName\":\"search_term_string\"}}],\"inLanguage\":\"pl-PL\"}]}<\/script>\n<!-- \/ Yoast SEO plugin. -->","yoast_head_json":{"title":"Trudnopalna ta\u015bma tkaninowa AT2002 | Cardinal TAPES","description":"AT2002 to trudnopalna ta\u015bma z laminowanej tkaniny o w\u0142a\u015bciwo\u015bciach samogasn\u0105cych.","robots":{"index":"index","follow":"follow","max-snippet":"max-snippet:-1","max-image-preview":"max-image-preview:large","max-video-preview":"max-video-preview:-1"},"canonical":"https:\/\/cardinal-tapes.com\/pl\/ta\u015bmy-samoprzylepne\/tasma-klejaca-do-tkanin\/at2002-tasma-tkanina-ognioodporna\/","og_locale":"pl_PL","og_type":"article","og_title":"Trudnopalna ta\u015bma tkaninowa AT2002 | Cardinal TAPES","og_description":"AT2002 to trudnopalna ta\u015bma z laminowanej tkaniny o w\u0142a\u015bciwo\u015bciach samogasn\u0105cych.","og_url":"https:\/\/cardinal-tapes.com\/pl\/ta\u015bmy-samoprzylepne\/tasma-klejaca-do-tkanin\/at2002-tasma-tkanina-ognioodporna\/","og_site_name":"cardinal TAPES","og_image":[{"width":2560,"height":1707,"url":"https:\/\/cardinal-tapes.com\/wp-content\/uploads\/AT2002_6-scaled.jpg","type":"image\/jpeg"}],"twitter_card":"summary_large_image","twitter_misc":{"Szacowany czas czytania":"1 minuta"},"schema":{"@context":"https:\/\/schema.org","@graph":[{"@type":"WebPage","@id":"https:\/\/cardinal-tapes.com\/pl\/ta\u015bmy-samoprzylepne\/tasma-klejaca-do-tkanin\/at2002-tasma-tkanina-ognioodporna\/","url":"https:\/\/cardinal-tapes.com\/pl\/ta\u015bmy-samoprzylepne\/tasma-klejaca-do-tkanin\/at2002-tasma-tkanina-ognioodporna\/","name":"Trudnopalna ta\u015bma tkaninowa AT2002 | Cardinal TAPES","isPartOf":{"@id":"https:\/\/cardinal-tapes.com\/#website"},"primaryImageOfPage":{"@id":"https:\/\/cardinal-tapes.com\/pl\/ta\u015bmy-samoprzylepne\/tasma-klejaca-do-tkanin\/at2002-tasma-tkanina-ognioodporna\/#primaryimage"},"image":{"@id":"https:\/\/cardinal-tapes.com\/pl\/ta\u015bmy-samoprzylepne\/tasma-klejaca-do-tkanin\/at2002-tasma-tkanina-ognioodporna\/#primaryimage"},"thumbnailUrl":"https:\/\/cardinal-tapes.com\/wp-content\/uploads\/AT2002_6-scaled.jpg","datePublished":"2023-06-05T14:56:00+00:00","description":"AT2002 to trudnopalna ta\u015bma z laminowanej tkaniny o w\u0142a\u015bciwo\u015bciach samogasn\u0105cych.","breadcrumb":{"@id":"https:\/\/cardinal-tapes.com\/pl\/ta\u015bmy-samoprzylepne\/tasma-klejaca-do-tkanin\/at2002-tasma-tkanina-ognioodporna\/#breadcrumb"},"inLanguage":"pl-PL","potentialAction":[{"@type":"ReadAction","target":["https:\/\/cardinal-tapes.com\/pl\/ta\u015bmy-samoprzylepne\/tasma-klejaca-do-tkanin\/at2002-tasma-tkanina-ognioodporna\/"]}]},{"@type":"ImageObject","inLanguage":"pl-PL","@id":"https:\/\/cardinal-tapes.com\/pl\/ta\u015bmy-samoprzylepne\/tasma-klejaca-do-tkanin\/at2002-tasma-tkanina-ognioodporna\/#primaryimage","url":"https:\/\/cardinal-tapes.com\/wp-content\/uploads\/AT2002_6-scaled.jpg","contentUrl":"https:\/\/cardinal-tapes.com\/wp-content\/uploads\/AT2002_6-scaled.jpg","width":2560,"height":1707},{"@type":"BreadcrumbList","@id":"https:\/\/cardinal-tapes.com\/pl\/ta\u015bmy-samoprzylepne\/tasma-klejaca-do-tkanin\/at2002-tasma-tkanina-ognioodporna\/#breadcrumb","itemListElement":[{"@type":"ListItem","position":1,"name":"Startseite","item":"https:\/\/cardinal-tapes.com\/pl\/strona-glowna\/"},{"@type":"ListItem","position":2,"name":"Ta\u015bmy samoprzylepne","item":"https:\/\/cardinal-tapes.com\/pl\/tasmy-samoprzylepne-pl\/"},{"@type":"ListItem","position":3,"name":"Ta\u015bma klej\u0105ca do tkanin","item":"https:\/\/cardinal-tapes.com\/pl\/kategoria\/tasma-klejaca-do-tkanin\/"},{"@type":"ListItem","position":4,"name":"Trudnopalna ta\u015bma tkaninowa AT2002"}]},{"@type":"WebSite","@id":"https:\/\/cardinal-tapes.com\/#website","url":"https:\/\/cardinal-tapes.com\/","name":"cardinal TAPES","description":"Klebetechnik aus Wuppertal","potentialAction":[{"@type":"SearchAction","target":{"@type":"EntryPoint","urlTemplate":"https:\/\/cardinal-tapes.com\/?s={search_term_string}"},"query-input":{"@type":"PropertyValueSpecification","valueRequired":true,"valueName":"search_term_string"}}],"inLanguage":"pl-PL"}]}},"brands":[{"id":2419,"name":"Advance Tapes","slug":"advance-tapes-pl"}],"_links":{"self":[{"href":"https:\/\/cardinal-tapes.com\/pl\/wp-json\/wp\/v2\/product\/41059","targetHints":{"allow":["GET"]}}],"collection":[{"href":"https:\/\/cardinal-tapes.com\/pl\/wp-json\/wp\/v2\/product"}],"about":[{"href":"https:\/\/cardinal-tapes.com\/pl\/wp-json\/wp\/v2\/types\/product"}],"wp:featuredmedia":[{"embeddable":true,"href":"https:\/\/cardinal-tapes.com\/pl\/wp-json\/wp\/v2\/media\/28794"}],"wp:attachment":[{"href":"https:\/\/cardinal-tapes.com\/pl\/wp-json\/wp\/v2\/media?parent=41059"}],"wp:term":[{"taxonomy":"pwb-brand","embeddable":true,"href":"https:\/\/cardinal-tapes.com\/pl\/wp-json\/wp\/v2\/pwb-brand?post=41059"},{"taxonomy":"product_brand","embeddable":true,"href":"https:\/\/cardinal-tapes.com\/pl\/wp-json\/wp\/v2\/product_brand?post=41059"},{"taxonomy":"product_cat","embeddable":true,"href":"https:\/\/cardinal-tapes.com\/pl\/wp-json\/wp\/v2\/product_cat?post=41059"},{"taxonomy":"product_tag","embeddable":true,"href":"https:\/\/cardinal-tapes.com\/pl\/wp-json\/wp\/v2\/product_tag?post=41059"}],"curies":[{"name":"wp","href":"https:\/\/api.w.org\/{rel}","templated":true}]}}