{"id":40684,"date":"2021-09-27T10:02:37","date_gmt":"2023-06-05T14:55:50","guid":{"rendered":"https:\/\/cardinal.pixel-tal.de\/klebebaender\/bez-kategorii\/h-old-p-40-poliestrowa-tasma-samoprzylepna\/"},"modified":"2025-07-02T12:28:37","modified_gmt":"2025-07-02T10:28:37","slug":"h-old-polyester-adhesive-tape-p-40","status":"publish","type":"product","link":"https:\/\/cardinal-tapes.com\/pl\/ta\u015bmy-samoprzylepne\/jednostronne-tasmy-samoprzylepne\/folia-pet\/h-old-polyester-adhesive-tape-p-40\/","title":{"rendered":"h-old\u00ae P.40 Poliestrowa ta\u015bma samoprzylepna"},"content":{"rendered":"<p><span id=\"[0,2]\" class=\"word\">Poliestrowa ta\u015bma samoprzylepna h-old\u00ae P.40 to ta\u015bma samoprzylepna o grubo\u015bci 0,06 mm sk\u0142adaj\u0105ca si\u0119 z no\u015bnika <\/span><span id=\"[10,24]\" class=\"word\">z folii poliestrowej <\/span> <span id=\"[54,67]\" class=\"word\">pokrytej<\/span> <span id=\"[41,53]\" class=\"word\">wysokiej jako\u015bci<\/span> klejem silikonowym. Jest <span id=\"[70,80]\" class=\"word\">przeznaczony<\/span> <span id=\"[81,84]\" class=\"word\">do<\/span> <span id=\"[85,96]\" class=\"word\">maskowania<\/span><span id=\"[99,101]\" class=\"word\">i<\/span> <span id=\"[102,117]\" class=\"word\">\u0142\u0105czenia<\/span> <span id=\"[123,128]\" class=\"word\">, gdzie<\/span> <span id=\"[194,198]\" class=\"word\">wymagana jest<\/span> <span id=\"[134,157]\" class=\"word\">odporno\u015b\u0107 na<\/span> <span id=\"[129,133]\" class=\"word\">wysok\u0105<\/span> temperatur\u0119<span id=\"[159,161]\" class=\"word\">i<\/span> <span id=\"[162,170]\" class=\"word\">czyste<\/span> <span id=\"[171,180]\" class=\"word\">usuwanie<\/span>.  Jest r\u00f3wnie\u017c szczeg\u00f3lnie dobry przeciwko  <span id=\"[228,254]\" class=\"word\">Odporno\u015b\u0107 na rozpuszczalniki. Ta\u015bma samoprzylepna<span id=\"[0,2]\" class=\"word\"> P.40 jest dost\u0119pna w r\u00f3\u017cnych kolorach<\/span>.<\/span><\/p>\n<p><strong>W\u0142a\u015bciwo\u015bci<\/strong><br \/>\n&#8211; odporno\u015b\u0107 na bardzo wysokie temperatury<br \/>\n&#8211; dobra odporno\u015b\u0107 na rozpuszczalniki<\/p>\n<p><strong>Zastosowania<\/strong><br \/>\n&#8211; nadaje si\u0119 do \u0142\u0105czenia<\/p>\n","protected":false},"excerpt":{"rendered":"<p>Poliestrowa ta\u015bma samoprzylepna h-old\u00ae P.40 to ta\u015bma samoprzylepna o grubo\u015bci 0,06 mm sk\u0142adaj\u0105ca si\u0119 z no\u015bnika z folii poliestrowej pokrytej wysokiej jako\u015bci klejem silikonowym. Jest przeznaczony do maskowaniai \u0142\u0105czenia , gdzie wymagana jest odporno\u015b\u0107 na wysok\u0105 temperatur\u0119i czyste usuwanie. Jest r\u00f3wnie\u017c szczeg\u00f3lnie dobry przeciwko Odporno\u015b\u0107 na rozpuszczalniki. Ta\u015bma samoprzylepna P.40 jest dost\u0119pna w r\u00f3\u017cnych kolorach. [&hellip;]<\/p>\n","protected":false},"featured_media":28882,"template":"","meta":{"_acf_changed":false},"pwb-brand":[2391,2400],"product_brand":[],"product_cat":[1816,1819],"product_tag":[],"class_list":{"0":"post-40684","1":"product","2":"type-product","3":"status-publish","4":"has-post-thumbnail","6":"pwb-brand-h-old-pl","7":"pwb-brand-saint-gobain-pl","8":"product_cat-jednostronne-tasmy-samoprzylepne","9":"product_cat-folia-pet","11":"first","12":"instock","13":"taxable","14":"shipping-taxable","15":"product-type-simple"},"acf":[],"yoast_head":"<!-- This site is optimized with the Yoast SEO plugin v27.3 - https:\/\/yoast.com\/product\/yoast-seo-wordpress\/ -->\n<title>h-old P.40 Poliestrowa ta\u015bma samoprzylepna | Cardinal TAPES<\/title>\n<meta name=\"description\" content=\"H-old poliestrowa ta\u015bma samoprzylepna P.40 to ta\u015bma samoprzylepna o grubo\u015bci 0,06 mm, kt\u00f3ra sk\u0142ada si\u0119 z no\u015bnika z folii poliestrowej i jest pokryta wysokiej jako\u015bci klejem silikonowym.\" \/>\n<meta name=\"robots\" content=\"index, follow, max-snippet:-1, max-image-preview:large, max-video-preview:-1\" \/>\n<link rel=\"canonical\" href=\"https:\/\/cardinal-tapes.com\/pl\/ta\u015bmy-samoprzylepne\/jednostronne-tasmy-samoprzylepne\/folia-pet\/h-old-polyester-adhesive-tape-p-40\/\" \/>\n<meta property=\"og:locale\" content=\"pl_PL\" \/>\n<meta property=\"og:type\" content=\"article\" \/>\n<meta property=\"og:title\" content=\"h-old P.40 Poliestrowa ta\u015bma samoprzylepna | Cardinal TAPES\" \/>\n<meta property=\"og:description\" content=\"H-old poliestrowa ta\u015bma samoprzylepna P.40 to ta\u015bma samoprzylepna o grubo\u015bci 0,06 mm, kt\u00f3ra sk\u0142ada si\u0119 z no\u015bnika z folii poliestrowej i jest pokryta wysokiej jako\u015bci klejem silikonowym.\" \/>\n<meta property=\"og:url\" content=\"https:\/\/cardinal-tapes.com\/pl\/ta\u015bmy-samoprzylepne\/jednostronne-tasmy-samoprzylepne\/folia-pet\/h-old-polyester-adhesive-tape-p-40\/\" \/>\n<meta property=\"og:site_name\" content=\"cardinal TAPES\" \/>\n<meta property=\"article:modified_time\" content=\"2025-07-02T10:28:37+00:00\" \/>\n<meta property=\"og:image\" content=\"https:\/\/cardinal-tapes.com\/wp-content\/uploads\/H-old-PET-Silicone-6SL-Green-A_203768.png\" \/>\n\t<meta property=\"og:image:width\" content=\"415\" \/>\n\t<meta property=\"og:image:height\" content=\"415\" \/>\n\t<meta property=\"og:image:type\" content=\"image\/png\" \/>\n<meta name=\"twitter:card\" content=\"summary_large_image\" \/>\n<script type=\"application\/ld+json\" class=\"yoast-schema-graph\">{\"@context\":\"https:\\\/\\\/schema.org\",\"@graph\":[{\"@type\":\"WebPage\",\"@id\":\"https:\\\/\\\/cardinal-tapes.com\\\/pl\\\/ta\u015bmy-samoprzylepne\\\/jednostronne-tasmy-samoprzylepne\\\/folia-pet\\\/h-old-polyester-adhesive-tape-p-40\\\/\",\"url\":\"https:\\\/\\\/cardinal-tapes.com\\\/pl\\\/ta\u015bmy-samoprzylepne\\\/jednostronne-tasmy-samoprzylepne\\\/folia-pet\\\/h-old-polyester-adhesive-tape-p-40\\\/\",\"name\":\"h-old P.40 Poliestrowa ta\u015bma samoprzylepna | Cardinal TAPES\",\"isPartOf\":{\"@id\":\"https:\\\/\\\/cardinal-tapes.com\\\/#website\"},\"primaryImageOfPage\":{\"@id\":\"https:\\\/\\\/cardinal-tapes.com\\\/pl\\\/ta\u015bmy-samoprzylepne\\\/jednostronne-tasmy-samoprzylepne\\\/folia-pet\\\/h-old-polyester-adhesive-tape-p-40\\\/#primaryimage\"},\"image\":{\"@id\":\"https:\\\/\\\/cardinal-tapes.com\\\/pl\\\/ta\u015bmy-samoprzylepne\\\/jednostronne-tasmy-samoprzylepne\\\/folia-pet\\\/h-old-polyester-adhesive-tape-p-40\\\/#primaryimage\"},\"thumbnailUrl\":\"https:\\\/\\\/cardinal-tapes.com\\\/wp-content\\\/uploads\\\/H-old-PET-Silicone-6SL-Green-A_203768.png\",\"datePublished\":\"2023-06-05T14:55:50+00:00\",\"dateModified\":\"2025-07-02T10:28:37+00:00\",\"description\":\"H-old poliestrowa ta\u015bma samoprzylepna P.40 to ta\u015bma samoprzylepna o grubo\u015bci 0,06 mm, kt\u00f3ra sk\u0142ada si\u0119 z no\u015bnika z folii poliestrowej i jest pokryta wysokiej jako\u015bci klejem silikonowym.\",\"breadcrumb\":{\"@id\":\"https:\\\/\\\/cardinal-tapes.com\\\/pl\\\/ta\u015bmy-samoprzylepne\\\/jednostronne-tasmy-samoprzylepne\\\/folia-pet\\\/h-old-polyester-adhesive-tape-p-40\\\/#breadcrumb\"},\"inLanguage\":\"pl-PL\",\"potentialAction\":[{\"@type\":\"ReadAction\",\"target\":[\"https:\\\/\\\/cardinal-tapes.com\\\/pl\\\/ta\u015bmy-samoprzylepne\\\/jednostronne-tasmy-samoprzylepne\\\/folia-pet\\\/h-old-polyester-adhesive-tape-p-40\\\/\"]}]},{\"@type\":\"ImageObject\",\"inLanguage\":\"pl-PL\",\"@id\":\"https:\\\/\\\/cardinal-tapes.com\\\/pl\\\/ta\u015bmy-samoprzylepne\\\/jednostronne-tasmy-samoprzylepne\\\/folia-pet\\\/h-old-polyester-adhesive-tape-p-40\\\/#primaryimage\",\"url\":\"https:\\\/\\\/cardinal-tapes.com\\\/wp-content\\\/uploads\\\/H-old-PET-Silicone-6SL-Green-A_203768.png\",\"contentUrl\":\"https:\\\/\\\/cardinal-tapes.com\\\/wp-content\\\/uploads\\\/H-old-PET-Silicone-6SL-Green-A_203768.png\",\"width\":415,\"height\":415},{\"@type\":\"BreadcrumbList\",\"@id\":\"https:\\\/\\\/cardinal-tapes.com\\\/pl\\\/ta\u015bmy-samoprzylepne\\\/jednostronne-tasmy-samoprzylepne\\\/folia-pet\\\/h-old-polyester-adhesive-tape-p-40\\\/#breadcrumb\",\"itemListElement\":[{\"@type\":\"ListItem\",\"position\":1,\"name\":\"Startseite\",\"item\":\"https:\\\/\\\/cardinal-tapes.com\\\/pl\\\/strona-glowna\\\/\"},{\"@type\":\"ListItem\",\"position\":2,\"name\":\"Ta\u015bmy samoprzylepne\",\"item\":\"https:\\\/\\\/cardinal-tapes.com\\\/pl\\\/tasmy-samoprzylepne-pl\\\/\"},{\"@type\":\"ListItem\",\"position\":3,\"name\":\"Jednostronne ta\u015bmy samoprzylepne\",\"item\":\"https:\\\/\\\/cardinal-tapes.com\\\/pl\\\/kategoria\\\/jednostronne-tasmy-samoprzylepne\\\/\"},{\"@type\":\"ListItem\",\"position\":4,\"name\":\"Folia PET\",\"item\":\"https:\\\/\\\/cardinal-tapes.com\\\/pl\\\/kategoria\\\/folia-pet\\\/\"},{\"@type\":\"ListItem\",\"position\":5,\"name\":\"h-old\u00ae P.40 Poliestrowa ta\u015bma samoprzylepna\"}]},{\"@type\":\"WebSite\",\"@id\":\"https:\\\/\\\/cardinal-tapes.com\\\/#website\",\"url\":\"https:\\\/\\\/cardinal-tapes.com\\\/\",\"name\":\"cardinal TAPES\",\"description\":\"Klebetechnik aus Wuppertal\",\"potentialAction\":[{\"@type\":\"SearchAction\",\"target\":{\"@type\":\"EntryPoint\",\"urlTemplate\":\"https:\\\/\\\/cardinal-tapes.com\\\/?s={search_term_string}\"},\"query-input\":{\"@type\":\"PropertyValueSpecification\",\"valueRequired\":true,\"valueName\":\"search_term_string\"}}],\"inLanguage\":\"pl-PL\"}]}<\/script>\n<!-- \/ Yoast SEO plugin. -->","yoast_head_json":{"title":"h-old P.40 Poliestrowa ta\u015bma samoprzylepna | Cardinal TAPES","description":"H-old poliestrowa ta\u015bma samoprzylepna P.40 to ta\u015bma samoprzylepna o grubo\u015bci 0,06 mm, kt\u00f3ra sk\u0142ada si\u0119 z no\u015bnika z folii poliestrowej i jest pokryta wysokiej jako\u015bci klejem silikonowym.","robots":{"index":"index","follow":"follow","max-snippet":"max-snippet:-1","max-image-preview":"max-image-preview:large","max-video-preview":"max-video-preview:-1"},"canonical":"https:\/\/cardinal-tapes.com\/pl\/ta\u015bmy-samoprzylepne\/jednostronne-tasmy-samoprzylepne\/folia-pet\/h-old-polyester-adhesive-tape-p-40\/","og_locale":"pl_PL","og_type":"article","og_title":"h-old P.40 Poliestrowa ta\u015bma samoprzylepna | Cardinal TAPES","og_description":"H-old poliestrowa ta\u015bma samoprzylepna P.40 to ta\u015bma samoprzylepna o grubo\u015bci 0,06 mm, kt\u00f3ra sk\u0142ada si\u0119 z no\u015bnika z folii poliestrowej i jest pokryta wysokiej jako\u015bci klejem silikonowym.","og_url":"https:\/\/cardinal-tapes.com\/pl\/ta\u015bmy-samoprzylepne\/jednostronne-tasmy-samoprzylepne\/folia-pet\/h-old-polyester-adhesive-tape-p-40\/","og_site_name":"cardinal TAPES","article_modified_time":"2025-07-02T10:28:37+00:00","og_image":[{"width":415,"height":415,"url":"https:\/\/cardinal-tapes.com\/wp-content\/uploads\/H-old-PET-Silicone-6SL-Green-A_203768.png","type":"image\/png"}],"twitter_card":"summary_large_image","schema":{"@context":"https:\/\/schema.org","@graph":[{"@type":"WebPage","@id":"https:\/\/cardinal-tapes.com\/pl\/ta\u015bmy-samoprzylepne\/jednostronne-tasmy-samoprzylepne\/folia-pet\/h-old-polyester-adhesive-tape-p-40\/","url":"https:\/\/cardinal-tapes.com\/pl\/ta\u015bmy-samoprzylepne\/jednostronne-tasmy-samoprzylepne\/folia-pet\/h-old-polyester-adhesive-tape-p-40\/","name":"h-old P.40 Poliestrowa ta\u015bma samoprzylepna | Cardinal TAPES","isPartOf":{"@id":"https:\/\/cardinal-tapes.com\/#website"},"primaryImageOfPage":{"@id":"https:\/\/cardinal-tapes.com\/pl\/ta\u015bmy-samoprzylepne\/jednostronne-tasmy-samoprzylepne\/folia-pet\/h-old-polyester-adhesive-tape-p-40\/#primaryimage"},"image":{"@id":"https:\/\/cardinal-tapes.com\/pl\/ta\u015bmy-samoprzylepne\/jednostronne-tasmy-samoprzylepne\/folia-pet\/h-old-polyester-adhesive-tape-p-40\/#primaryimage"},"thumbnailUrl":"https:\/\/cardinal-tapes.com\/wp-content\/uploads\/H-old-PET-Silicone-6SL-Green-A_203768.png","datePublished":"2023-06-05T14:55:50+00:00","dateModified":"2025-07-02T10:28:37+00:00","description":"H-old poliestrowa ta\u015bma samoprzylepna P.40 to ta\u015bma samoprzylepna o grubo\u015bci 0,06 mm, kt\u00f3ra sk\u0142ada si\u0119 z no\u015bnika z folii poliestrowej i jest pokryta wysokiej jako\u015bci klejem silikonowym.","breadcrumb":{"@id":"https:\/\/cardinal-tapes.com\/pl\/ta\u015bmy-samoprzylepne\/jednostronne-tasmy-samoprzylepne\/folia-pet\/h-old-polyester-adhesive-tape-p-40\/#breadcrumb"},"inLanguage":"pl-PL","potentialAction":[{"@type":"ReadAction","target":["https:\/\/cardinal-tapes.com\/pl\/ta\u015bmy-samoprzylepne\/jednostronne-tasmy-samoprzylepne\/folia-pet\/h-old-polyester-adhesive-tape-p-40\/"]}]},{"@type":"ImageObject","inLanguage":"pl-PL","@id":"https:\/\/cardinal-tapes.com\/pl\/ta\u015bmy-samoprzylepne\/jednostronne-tasmy-samoprzylepne\/folia-pet\/h-old-polyester-adhesive-tape-p-40\/#primaryimage","url":"https:\/\/cardinal-tapes.com\/wp-content\/uploads\/H-old-PET-Silicone-6SL-Green-A_203768.png","contentUrl":"https:\/\/cardinal-tapes.com\/wp-content\/uploads\/H-old-PET-Silicone-6SL-Green-A_203768.png","width":415,"height":415},{"@type":"BreadcrumbList","@id":"https:\/\/cardinal-tapes.com\/pl\/ta\u015bmy-samoprzylepne\/jednostronne-tasmy-samoprzylepne\/folia-pet\/h-old-polyester-adhesive-tape-p-40\/#breadcrumb","itemListElement":[{"@type":"ListItem","position":1,"name":"Startseite","item":"https:\/\/cardinal-tapes.com\/pl\/strona-glowna\/"},{"@type":"ListItem","position":2,"name":"Ta\u015bmy samoprzylepne","item":"https:\/\/cardinal-tapes.com\/pl\/tasmy-samoprzylepne-pl\/"},{"@type":"ListItem","position":3,"name":"Jednostronne ta\u015bmy samoprzylepne","item":"https:\/\/cardinal-tapes.com\/pl\/kategoria\/jednostronne-tasmy-samoprzylepne\/"},{"@type":"ListItem","position":4,"name":"Folia PET","item":"https:\/\/cardinal-tapes.com\/pl\/kategoria\/folia-pet\/"},{"@type":"ListItem","position":5,"name":"h-old\u00ae P.40 Poliestrowa ta\u015bma samoprzylepna"}]},{"@type":"WebSite","@id":"https:\/\/cardinal-tapes.com\/#website","url":"https:\/\/cardinal-tapes.com\/","name":"cardinal TAPES","description":"Klebetechnik aus Wuppertal","potentialAction":[{"@type":"SearchAction","target":{"@type":"EntryPoint","urlTemplate":"https:\/\/cardinal-tapes.com\/?s={search_term_string}"},"query-input":{"@type":"PropertyValueSpecification","valueRequired":true,"valueName":"search_term_string"}}],"inLanguage":"pl-PL"}]}},"brands":[{"id":2391,"name":"Saint-Gobain h-old","slug":"h-old-pl"},{"id":2400,"name":"Saint-Gobain Performance Plastics","slug":"saint-gobain-pl"}],"_links":{"self":[{"href":"https:\/\/cardinal-tapes.com\/pl\/wp-json\/wp\/v2\/product\/40684","targetHints":{"allow":["GET"]}}],"collection":[{"href":"https:\/\/cardinal-tapes.com\/pl\/wp-json\/wp\/v2\/product"}],"about":[{"href":"https:\/\/cardinal-tapes.com\/pl\/wp-json\/wp\/v2\/types\/product"}],"wp:featuredmedia":[{"embeddable":true,"href":"https:\/\/cardinal-tapes.com\/pl\/wp-json\/wp\/v2\/media\/28882"}],"wp:attachment":[{"href":"https:\/\/cardinal-tapes.com\/pl\/wp-json\/wp\/v2\/media?parent=40684"}],"wp:term":[{"taxonomy":"pwb-brand","embeddable":true,"href":"https:\/\/cardinal-tapes.com\/pl\/wp-json\/wp\/v2\/pwb-brand?post=40684"},{"taxonomy":"product_brand","embeddable":true,"href":"https:\/\/cardinal-tapes.com\/pl\/wp-json\/wp\/v2\/product_brand?post=40684"},{"taxonomy":"product_cat","embeddable":true,"href":"https:\/\/cardinal-tapes.com\/pl\/wp-json\/wp\/v2\/product_cat?post=40684"},{"taxonomy":"product_tag","embeddable":true,"href":"https:\/\/cardinal-tapes.com\/pl\/wp-json\/wp\/v2\/product_tag?post=40684"}],"curies":[{"name":"wp","href":"https:\/\/api.w.org\/{rel}","templated":true}]}}