{"id":40637,"date":"2022-07-05T15:13:20","date_gmt":"2023-06-05T14:55:44","guid":{"rendered":"https:\/\/cardinal.pixel-tal.de\/klebebaender\/bez-kategorii\/pianka-norseal-6050-pvc\/"},"modified":"2023-06-05T16:55:44","modified_gmt":"2023-06-05T14:55:44","slug":"norseal-6050-pvc-foam-copy","status":"publish","type":"product","link":"https:\/\/cardinal-tapes.com\/pl\/ta\u015bmy-samoprzylepne\/obszary-zastosowan\/inzynieria-mechaniczna\/norseal-6050-pvc-foam-copy\/","title":{"rendered":"Pianka Norseal\u00ae 6050 PVC"},"content":{"rendered":"<div>Norseal\u00ae 6050 to pianka PVC o zamkni\u0119tych kom\u00f3rkach i wysokiej g\u0119sto\u015bci.<\/div>\n<div><\/div>\n<div>Norseal 6050 jest idealny do uszczelniania, a tak\u017ce do zmniejszania uderze\u0144<br \/>\ni stabilny wymiarowo nawet przy du\u017cych obci\u0105\u017ceniach. Aby uzyska\u0107 wystarczaj\u0105ce uszczelnienie, pianka musi by\u0107<br \/>\nby\u0107 \u015bci\u015bni\u0119ta o co najmniej 30% (w zale\u017cno\u015bci od kszta\u0142tu uszczelki oraz stanu powierzchni).<\/div>\n<div>\n<div class=\"page\" data-page-number=\"1\" data-loaded=\"true\">\n<div class=\"textLayer\">\n<div class=\"endOfContent\"><\/div>\n<\/div>\n<\/div>\n<div class=\"page\" data-page-number=\"2\" data-loaded=\"true\">\n<div class=\"canvasWrapper\"><\/div>\n<div class=\"textLayer\"><\/div>\n<\/div>\n<\/div>\n","protected":false},"excerpt":{"rendered":"<p>Norseal\u00ae 6050 to pianka PVC o zamkni\u0119tych kom\u00f3rkach i wysokiej g\u0119sto\u015bci. Norseal 6050 jest idealny do uszczelniania, a tak\u017ce do zmniejszania uderze\u0144 i stabilny wymiarowo nawet przy du\u017cych obci\u0105\u017ceniach. Aby uzyska\u0107 wystarczaj\u0105ce uszczelnienie, pianka musi by\u0107 by\u0107 \u015bci\u015bni\u0119ta o co najmniej 30% (w zale\u017cno\u015bci od kszta\u0142tu uszczelki oraz stanu powierzchni).<\/p>\n","protected":false},"featured_media":28682,"template":"","meta":{"_acf_changed":false},"pwb-brand":[3696,2400],"product_brand":[],"product_cat":[1721,1816],"product_tag":[],"class_list":{"0":"post-40637","1":"product","2":"type-product","3":"status-publish","4":"has-post-thumbnail","6":"pwb-brand-saint-gobain-norseal-pl","7":"pwb-brand-saint-gobain-pl","8":"product_cat-inzynieria-mechaniczna","9":"product_cat-jednostronne-tasmy-samoprzylepne","11":"first","12":"instock","13":"taxable","14":"shipping-taxable","15":"product-type-variable"},"acf":[],"yoast_head":"<!-- This site is optimized with the Yoast SEO plugin v27.3 - https:\/\/yoast.com\/product\/yoast-seo-wordpress\/ -->\n<title>Norseal\u00ae 6050 PVC Foam | Cardinal TAPES<\/title>\n<meta name=\"description\" content=\"Norseal\u00ae 5041 to pianka PVC o zamkni\u0119tych kom\u00f3rkach i wysokiej g\u0119sto\u015bci. Norseal\u00ae 6050 to pianka PVC o zamkni\u0119tych kom\u00f3rkach i wysokiej g\u0119sto\u015bci.\" \/>\n<meta name=\"robots\" content=\"index, follow, max-snippet:-1, max-image-preview:large, max-video-preview:-1\" \/>\n<link rel=\"canonical\" href=\"https:\/\/cardinal-tapes.com\/pl\/ta\u015bmy-samoprzylepne\/inzynieria-mechaniczna\/norseal-6050-pvc-foam-copy\/\" \/>\n<meta property=\"og:locale\" content=\"pl_PL\" \/>\n<meta property=\"og:type\" content=\"article\" \/>\n<meta property=\"og:title\" content=\"Norseal\u00ae 6050 PVC Foam | Cardinal TAPES\" \/>\n<meta property=\"og:description\" content=\"Norseal\u00ae 5041 to pianka PVC o zamkni\u0119tych kom\u00f3rkach i wysokiej g\u0119sto\u015bci. Norseal\u00ae 6050 to pianka PVC o zamkni\u0119tych kom\u00f3rkach i wysokiej g\u0119sto\u015bci.\" \/>\n<meta property=\"og:url\" content=\"https:\/\/cardinal-tapes.com\/pl\/ta\u015bmy-samoprzylepne\/inzynieria-mechaniczna\/norseal-6050-pvc-foam-copy\/\" \/>\n<meta property=\"og:site_name\" content=\"cardinal TAPES\" \/>\n<meta property=\"og:image\" content=\"https:\/\/cardinal-tapes.com\/wp-content\/uploads\/Norseal-PVC-Black-A_153127.png\" \/>\n\t<meta property=\"og:image:width\" content=\"415\" \/>\n\t<meta property=\"og:image:height\" content=\"415\" \/>\n\t<meta property=\"og:image:type\" content=\"image\/png\" \/>\n<meta name=\"twitter:card\" content=\"summary_large_image\" \/>\n<script type=\"application\/ld+json\" class=\"yoast-schema-graph\">{\"@context\":\"https:\\\/\\\/schema.org\",\"@graph\":[{\"@type\":\"WebPage\",\"@id\":\"https:\\\/\\\/cardinal-tapes.com\\\/pl\\\/ta\u015bmy-samoprzylepne\\\/inzynieria-mechaniczna\\\/norseal-6050-pvc-foam-copy\\\/\",\"url\":\"https:\\\/\\\/cardinal-tapes.com\\\/pl\\\/ta\u015bmy-samoprzylepne\\\/inzynieria-mechaniczna\\\/norseal-6050-pvc-foam-copy\\\/\",\"name\":\"Norseal\u00ae 6050 PVC Foam | Cardinal TAPES\",\"isPartOf\":{\"@id\":\"https:\\\/\\\/cardinal-tapes.com\\\/#website\"},\"primaryImageOfPage\":{\"@id\":\"https:\\\/\\\/cardinal-tapes.com\\\/pl\\\/ta\u015bmy-samoprzylepne\\\/inzynieria-mechaniczna\\\/norseal-6050-pvc-foam-copy\\\/#primaryimage\"},\"image\":{\"@id\":\"https:\\\/\\\/cardinal-tapes.com\\\/pl\\\/ta\u015bmy-samoprzylepne\\\/inzynieria-mechaniczna\\\/norseal-6050-pvc-foam-copy\\\/#primaryimage\"},\"thumbnailUrl\":\"https:\\\/\\\/cardinal-tapes.com\\\/wp-content\\\/uploads\\\/Norseal-PVC-Black-A_153127.png\",\"datePublished\":\"2023-06-05T14:55:44+00:00\",\"description\":\"Norseal\u00ae 5041 to pianka PVC o zamkni\u0119tych kom\u00f3rkach i wysokiej g\u0119sto\u015bci. Norseal\u00ae 6050 to pianka PVC o zamkni\u0119tych kom\u00f3rkach i wysokiej g\u0119sto\u015bci.\",\"breadcrumb\":{\"@id\":\"https:\\\/\\\/cardinal-tapes.com\\\/pl\\\/ta\u015bmy-samoprzylepne\\\/inzynieria-mechaniczna\\\/norseal-6050-pvc-foam-copy\\\/#breadcrumb\"},\"inLanguage\":\"pl-PL\",\"potentialAction\":[{\"@type\":\"ReadAction\",\"target\":[\"https:\\\/\\\/cardinal-tapes.com\\\/pl\\\/ta\u015bmy-samoprzylepne\\\/inzynieria-mechaniczna\\\/norseal-6050-pvc-foam-copy\\\/\"]}]},{\"@type\":\"ImageObject\",\"inLanguage\":\"pl-PL\",\"@id\":\"https:\\\/\\\/cardinal-tapes.com\\\/pl\\\/ta\u015bmy-samoprzylepne\\\/inzynieria-mechaniczna\\\/norseal-6050-pvc-foam-copy\\\/#primaryimage\",\"url\":\"https:\\\/\\\/cardinal-tapes.com\\\/wp-content\\\/uploads\\\/Norseal-PVC-Black-A_153127.png\",\"contentUrl\":\"https:\\\/\\\/cardinal-tapes.com\\\/wp-content\\\/uploads\\\/Norseal-PVC-Black-A_153127.png\",\"width\":415,\"height\":415},{\"@type\":\"BreadcrumbList\",\"@id\":\"https:\\\/\\\/cardinal-tapes.com\\\/pl\\\/ta\u015bmy-samoprzylepne\\\/inzynieria-mechaniczna\\\/norseal-6050-pvc-foam-copy\\\/#breadcrumb\",\"itemListElement\":[{\"@type\":\"ListItem\",\"position\":1,\"name\":\"Startseite\",\"item\":\"https:\\\/\\\/cardinal-tapes.com\\\/pl\\\/strona-glowna\\\/\"},{\"@type\":\"ListItem\",\"position\":2,\"name\":\"Ta\u015bmy samoprzylepne\",\"item\":\"https:\\\/\\\/cardinal-tapes.com\\\/pl\\\/tasmy-samoprzylepne-pl\\\/\"},{\"@type\":\"ListItem\",\"position\":3,\"name\":\"Jednostronne ta\u015bmy samoprzylepne\",\"item\":\"https:\\\/\\\/cardinal-tapes.com\\\/pl\\\/kategoria\\\/jednostronne-tasmy-samoprzylepne\\\/\"},{\"@type\":\"ListItem\",\"position\":4,\"name\":\"Pianka Norseal\u00ae 6050 PVC\"}]},{\"@type\":\"WebSite\",\"@id\":\"https:\\\/\\\/cardinal-tapes.com\\\/#website\",\"url\":\"https:\\\/\\\/cardinal-tapes.com\\\/\",\"name\":\"cardinal TAPES\",\"description\":\"Klebetechnik aus Wuppertal\",\"potentialAction\":[{\"@type\":\"SearchAction\",\"target\":{\"@type\":\"EntryPoint\",\"urlTemplate\":\"https:\\\/\\\/cardinal-tapes.com\\\/?s={search_term_string}\"},\"query-input\":{\"@type\":\"PropertyValueSpecification\",\"valueRequired\":true,\"valueName\":\"search_term_string\"}}],\"inLanguage\":\"pl-PL\"}]}<\/script>\n<!-- \/ Yoast SEO plugin. -->","yoast_head_json":{"title":"Norseal\u00ae 6050 PVC Foam | Cardinal TAPES","description":"Norseal\u00ae 5041 to pianka PVC o zamkni\u0119tych kom\u00f3rkach i wysokiej g\u0119sto\u015bci. Norseal\u00ae 6050 to pianka PVC o zamkni\u0119tych kom\u00f3rkach i wysokiej g\u0119sto\u015bci.","robots":{"index":"index","follow":"follow","max-snippet":"max-snippet:-1","max-image-preview":"max-image-preview:large","max-video-preview":"max-video-preview:-1"},"canonical":"https:\/\/cardinal-tapes.com\/pl\/ta\u015bmy-samoprzylepne\/inzynieria-mechaniczna\/norseal-6050-pvc-foam-copy\/","og_locale":"pl_PL","og_type":"article","og_title":"Norseal\u00ae 6050 PVC Foam | Cardinal TAPES","og_description":"Norseal\u00ae 5041 to pianka PVC o zamkni\u0119tych kom\u00f3rkach i wysokiej g\u0119sto\u015bci. Norseal\u00ae 6050 to pianka PVC o zamkni\u0119tych kom\u00f3rkach i wysokiej g\u0119sto\u015bci.","og_url":"https:\/\/cardinal-tapes.com\/pl\/ta\u015bmy-samoprzylepne\/inzynieria-mechaniczna\/norseal-6050-pvc-foam-copy\/","og_site_name":"cardinal TAPES","og_image":[{"width":415,"height":415,"url":"https:\/\/cardinal-tapes.com\/wp-content\/uploads\/Norseal-PVC-Black-A_153127.png","type":"image\/png"}],"twitter_card":"summary_large_image","schema":{"@context":"https:\/\/schema.org","@graph":[{"@type":"WebPage","@id":"https:\/\/cardinal-tapes.com\/pl\/ta\u015bmy-samoprzylepne\/inzynieria-mechaniczna\/norseal-6050-pvc-foam-copy\/","url":"https:\/\/cardinal-tapes.com\/pl\/ta\u015bmy-samoprzylepne\/inzynieria-mechaniczna\/norseal-6050-pvc-foam-copy\/","name":"Norseal\u00ae 6050 PVC Foam | Cardinal TAPES","isPartOf":{"@id":"https:\/\/cardinal-tapes.com\/#website"},"primaryImageOfPage":{"@id":"https:\/\/cardinal-tapes.com\/pl\/ta\u015bmy-samoprzylepne\/inzynieria-mechaniczna\/norseal-6050-pvc-foam-copy\/#primaryimage"},"image":{"@id":"https:\/\/cardinal-tapes.com\/pl\/ta\u015bmy-samoprzylepne\/inzynieria-mechaniczna\/norseal-6050-pvc-foam-copy\/#primaryimage"},"thumbnailUrl":"https:\/\/cardinal-tapes.com\/wp-content\/uploads\/Norseal-PVC-Black-A_153127.png","datePublished":"2023-06-05T14:55:44+00:00","description":"Norseal\u00ae 5041 to pianka PVC o zamkni\u0119tych kom\u00f3rkach i wysokiej g\u0119sto\u015bci. Norseal\u00ae 6050 to pianka PVC o zamkni\u0119tych kom\u00f3rkach i wysokiej g\u0119sto\u015bci.","breadcrumb":{"@id":"https:\/\/cardinal-tapes.com\/pl\/ta\u015bmy-samoprzylepne\/inzynieria-mechaniczna\/norseal-6050-pvc-foam-copy\/#breadcrumb"},"inLanguage":"pl-PL","potentialAction":[{"@type":"ReadAction","target":["https:\/\/cardinal-tapes.com\/pl\/ta\u015bmy-samoprzylepne\/inzynieria-mechaniczna\/norseal-6050-pvc-foam-copy\/"]}]},{"@type":"ImageObject","inLanguage":"pl-PL","@id":"https:\/\/cardinal-tapes.com\/pl\/ta\u015bmy-samoprzylepne\/inzynieria-mechaniczna\/norseal-6050-pvc-foam-copy\/#primaryimage","url":"https:\/\/cardinal-tapes.com\/wp-content\/uploads\/Norseal-PVC-Black-A_153127.png","contentUrl":"https:\/\/cardinal-tapes.com\/wp-content\/uploads\/Norseal-PVC-Black-A_153127.png","width":415,"height":415},{"@type":"BreadcrumbList","@id":"https:\/\/cardinal-tapes.com\/pl\/ta\u015bmy-samoprzylepne\/inzynieria-mechaniczna\/norseal-6050-pvc-foam-copy\/#breadcrumb","itemListElement":[{"@type":"ListItem","position":1,"name":"Startseite","item":"https:\/\/cardinal-tapes.com\/pl\/strona-glowna\/"},{"@type":"ListItem","position":2,"name":"Ta\u015bmy samoprzylepne","item":"https:\/\/cardinal-tapes.com\/pl\/tasmy-samoprzylepne-pl\/"},{"@type":"ListItem","position":3,"name":"Jednostronne ta\u015bmy samoprzylepne","item":"https:\/\/cardinal-tapes.com\/pl\/kategoria\/jednostronne-tasmy-samoprzylepne\/"},{"@type":"ListItem","position":4,"name":"Pianka Norseal\u00ae 6050 PVC"}]},{"@type":"WebSite","@id":"https:\/\/cardinal-tapes.com\/#website","url":"https:\/\/cardinal-tapes.com\/","name":"cardinal TAPES","description":"Klebetechnik aus Wuppertal","potentialAction":[{"@type":"SearchAction","target":{"@type":"EntryPoint","urlTemplate":"https:\/\/cardinal-tapes.com\/?s={search_term_string}"},"query-input":{"@type":"PropertyValueSpecification","valueRequired":true,"valueName":"search_term_string"}}],"inLanguage":"pl-PL"}]}},"brands":[{"id":3696,"name":"Saint-Gobain Norseal","slug":"saint-gobain-norseal-pl"},{"id":2400,"name":"Saint-Gobain Performance Plastics","slug":"saint-gobain-pl"}],"_links":{"self":[{"href":"https:\/\/cardinal-tapes.com\/pl\/wp-json\/wp\/v2\/product\/40637","targetHints":{"allow":["GET"]}}],"collection":[{"href":"https:\/\/cardinal-tapes.com\/pl\/wp-json\/wp\/v2\/product"}],"about":[{"href":"https:\/\/cardinal-tapes.com\/pl\/wp-json\/wp\/v2\/types\/product"}],"wp:featuredmedia":[{"embeddable":true,"href":"https:\/\/cardinal-tapes.com\/pl\/wp-json\/wp\/v2\/media\/28682"}],"wp:attachment":[{"href":"https:\/\/cardinal-tapes.com\/pl\/wp-json\/wp\/v2\/media?parent=40637"}],"wp:term":[{"taxonomy":"pwb-brand","embeddable":true,"href":"https:\/\/cardinal-tapes.com\/pl\/wp-json\/wp\/v2\/pwb-brand?post=40637"},{"taxonomy":"product_brand","embeddable":true,"href":"https:\/\/cardinal-tapes.com\/pl\/wp-json\/wp\/v2\/product_brand?post=40637"},{"taxonomy":"product_cat","embeddable":true,"href":"https:\/\/cardinal-tapes.com\/pl\/wp-json\/wp\/v2\/product_cat?post=40637"},{"taxonomy":"product_tag","embeddable":true,"href":"https:\/\/cardinal-tapes.com\/pl\/wp-json\/wp\/v2\/product_tag?post=40637"}],"curies":[{"name":"wp","href":"https:\/\/api.w.org\/{rel}","templated":true}]}}