{"id":40622,"date":"2022-01-05T12:58:04","date_gmt":"2023-06-05T14:55:43","guid":{"rendered":"https:\/\/cardinal.pixel-tal.de\/klebebaender\/bez-kategorii\/tasma-piankowa-h-old-2131-pe\/"},"modified":"2025-07-02T12:33:50","modified_gmt":"2025-07-02T10:33:50","slug":"h-old-2131-pe-schaumband","status":"publish","type":"product","link":"https:\/\/cardinal-tapes.com\/pl\/ta\u015bmy-samoprzylepne\/tasmy-dwustronnie-klejace\/h-old-2131-pe-schaumband\/","title":{"rendered":"Ta\u015bma piankowa h-old\u00ae 2131 PE"},"content":{"rendered":"<p><span id=\"[37,48]\" class=\"word\">Ta\u015bma piankowa h-old\u00ae 2131 PE to<\/span> <span id=\"[49,58]\" class=\"word\">pianka PE o wysokiej g\u0119sto\u015bci , kt\u00f3ra<\/span><span id=\"[60,70]\" class=\"word\">jest pokryta <\/span> <span id=\"[81,116]\" class=\"word\">wysokowydajnym akrylowym systemem klej\u0105cym<\/span><span id=\"[118,120]\" class=\"word\">i<\/span><br \/>\n<span id=\"[153,166]\" class=\"word\"> <span id=\"[122,131]\" class=\"word\">jest chroniony<\/span><\/span> <span id=\"[138,152]\" class=\"word\">przez silikonowan\u0105<\/span> foli\u0119 oddzielaj\u0105c\u0105 PE. Jest to k<span id=\"[168,178]\" class=\"word\">Zaprojektowany<\/span> <span id=\"[207,210]\" class=\"word\">do<\/span> <span id=\"[187,194]\" class=\"word\">monta\u017cu<\/span> <span id=\"[211,219]\" class=\"word\">wy\u015bwietlaczy<\/span>, <span id=\"[221,229]\" class=\"word\">emblemat\u00f3w<\/span>, <span id=\"[231,242]\" class=\"word\">profili drzwiowych<\/span>, <span id=\"[245,256]\" class=\"word\">listew dekoracyjnych<\/span> <span id=\"[258,261]\" class=\"word\">itp.<\/span> <span id=\"[263,268]\" class=\"word\">Idealny<\/span> <span id=\"[269,272]\" class=\"word\">do<\/span> <span id=\"[273,277]\" class=\"word\">wszystkich<\/span> <span id=\"[278,289]\" class=\"word\">zastosowa\u0144<\/span>, b<span id=\"[295,300]\" class=\"word\">gdzie<\/span> <span id=\"[343,352]\" class=\"word\">wymagana<\/span> <span id=\"[353,357]\" class=\"word\">jest<\/span> <span id=\"[301,305]\" class=\"word\">wysoka<\/span> <span id=\"[306,321]\" class=\"word\">wytrzyma\u0142o\u015b\u0107 na \u015bcinanie<\/span><span id=\"[323,325]\" class=\"word\">i<\/span> <span id=\"[326,342]\" class=\"word\">odporno\u015b\u0107 na promieniowanie UV<\/span>.<\/p>\n","protected":false},"excerpt":{"rendered":"<p>Ta\u015bma piankowa h-old\u00ae 2131 PE to pianka PE o wysokiej g\u0119sto\u015bci , kt\u00f3rajest pokryta wysokowydajnym akrylowym systemem klej\u0105cymi jest chroniony przez silikonowan\u0105 foli\u0119 oddzielaj\u0105c\u0105 PE. Jest to kZaprojektowany do monta\u017cu wy\u015bwietlaczy, emblemat\u00f3w, profili drzwiowych, listew dekoracyjnych itp. Idealny do wszystkich zastosowa\u0144, bgdzie wymagana jest wysoka wytrzyma\u0142o\u015b\u0107 na \u015bcinaniei odporno\u015b\u0107 na promieniowanie UV.<\/p>\n","protected":false},"featured_media":28502,"template":"","meta":{"_acf_changed":false},"pwb-brand":[2391,2400],"product_brand":[],"product_cat":[1814],"product_tag":[],"class_list":{"0":"post-40622","1":"product","2":"type-product","3":"status-publish","4":"has-post-thumbnail","6":"pwb-brand-h-old-pl","7":"pwb-brand-saint-gobain-pl","8":"product_cat-tasmy-dwustronnie-klejace","10":"first","11":"instock","12":"taxable","13":"shipping-taxable","14":"product-type-simple"},"acf":[],"yoast_head":"<!-- This site is optimized with the Yoast SEO plugin v27.3 - https:\/\/yoast.com\/product\/yoast-seo-wordpress\/ -->\n<title>h-old P.40 Poliestrowa ta\u015bma samoprzylepna | Cardinal TAPES<\/title>\n<meta name=\"description\" content=\"H-old poliestrowa ta\u015bma samoprzylepna P.40 to ta\u015bma samoprzylepna o grubo\u015bci 0,06 mm, kt\u00f3ra sk\u0142ada si\u0119 z no\u015bnika z folii poliestrowej i jest pokryta wysokiej jako\u015bci klejem silikonowym.\" \/>\n<meta name=\"robots\" content=\"index, follow, max-snippet:-1, max-image-preview:large, max-video-preview:-1\" \/>\n<link rel=\"canonical\" href=\"https:\/\/cardinal-tapes.com\/pl\/ta\u015bmy-samoprzylepne\/tasmy-dwustronnie-klejace\/h-old-2131-pe-schaumband\/\" \/>\n<meta property=\"og:locale\" content=\"pl_PL\" \/>\n<meta property=\"og:type\" content=\"article\" \/>\n<meta property=\"og:title\" content=\"h-old P.40 Poliestrowa ta\u015bma samoprzylepna | Cardinal TAPES\" \/>\n<meta property=\"og:description\" content=\"H-old poliestrowa ta\u015bma samoprzylepna P.40 to ta\u015bma samoprzylepna o grubo\u015bci 0,06 mm, kt\u00f3ra sk\u0142ada si\u0119 z no\u015bnika z folii poliestrowej i jest pokryta wysokiej jako\u015bci klejem silikonowym.\" \/>\n<meta property=\"og:url\" content=\"https:\/\/cardinal-tapes.com\/pl\/ta\u015bmy-samoprzylepne\/tasmy-dwustronnie-klejace\/h-old-2131-pe-schaumband\/\" \/>\n<meta property=\"og:site_name\" content=\"cardinal TAPES\" \/>\n<meta property=\"article:modified_time\" content=\"2025-07-02T10:33:50+00:00\" \/>\n<meta property=\"og:image\" content=\"https:\/\/cardinal-tapes.com\/wp-content\/uploads\/Norbond-PUR-V2800-A_153106.png\" \/>\n\t<meta property=\"og:image:width\" content=\"415\" \/>\n\t<meta property=\"og:image:height\" content=\"415\" \/>\n\t<meta property=\"og:image:type\" content=\"image\/png\" \/>\n<meta name=\"twitter:card\" content=\"summary_large_image\" \/>\n<script type=\"application\/ld+json\" class=\"yoast-schema-graph\">{\"@context\":\"https:\\\/\\\/schema.org\",\"@graph\":[{\"@type\":\"WebPage\",\"@id\":\"https:\\\/\\\/cardinal-tapes.com\\\/pl\\\/ta\u015bmy-samoprzylepne\\\/tasmy-dwustronnie-klejace\\\/h-old-2131-pe-schaumband\\\/\",\"url\":\"https:\\\/\\\/cardinal-tapes.com\\\/pl\\\/ta\u015bmy-samoprzylepne\\\/tasmy-dwustronnie-klejace\\\/h-old-2131-pe-schaumband\\\/\",\"name\":\"h-old P.40 Poliestrowa ta\u015bma samoprzylepna | Cardinal TAPES\",\"isPartOf\":{\"@id\":\"https:\\\/\\\/cardinal-tapes.com\\\/#website\"},\"primaryImageOfPage\":{\"@id\":\"https:\\\/\\\/cardinal-tapes.com\\\/pl\\\/ta\u015bmy-samoprzylepne\\\/tasmy-dwustronnie-klejace\\\/h-old-2131-pe-schaumband\\\/#primaryimage\"},\"image\":{\"@id\":\"https:\\\/\\\/cardinal-tapes.com\\\/pl\\\/ta\u015bmy-samoprzylepne\\\/tasmy-dwustronnie-klejace\\\/h-old-2131-pe-schaumband\\\/#primaryimage\"},\"thumbnailUrl\":\"https:\\\/\\\/cardinal-tapes.com\\\/wp-content\\\/uploads\\\/Norbond-PUR-V2800-A_153106.png\",\"datePublished\":\"2023-06-05T14:55:43+00:00\",\"dateModified\":\"2025-07-02T10:33:50+00:00\",\"description\":\"H-old poliestrowa ta\u015bma samoprzylepna P.40 to ta\u015bma samoprzylepna o grubo\u015bci 0,06 mm, kt\u00f3ra sk\u0142ada si\u0119 z no\u015bnika z folii poliestrowej i jest pokryta wysokiej jako\u015bci klejem silikonowym.\",\"breadcrumb\":{\"@id\":\"https:\\\/\\\/cardinal-tapes.com\\\/pl\\\/ta\u015bmy-samoprzylepne\\\/tasmy-dwustronnie-klejace\\\/h-old-2131-pe-schaumband\\\/#breadcrumb\"},\"inLanguage\":\"pl-PL\",\"potentialAction\":[{\"@type\":\"ReadAction\",\"target\":[\"https:\\\/\\\/cardinal-tapes.com\\\/pl\\\/ta\u015bmy-samoprzylepne\\\/tasmy-dwustronnie-klejace\\\/h-old-2131-pe-schaumband\\\/\"]}]},{\"@type\":\"ImageObject\",\"inLanguage\":\"pl-PL\",\"@id\":\"https:\\\/\\\/cardinal-tapes.com\\\/pl\\\/ta\u015bmy-samoprzylepne\\\/tasmy-dwustronnie-klejace\\\/h-old-2131-pe-schaumband\\\/#primaryimage\",\"url\":\"https:\\\/\\\/cardinal-tapes.com\\\/wp-content\\\/uploads\\\/Norbond-PUR-V2800-A_153106.png\",\"contentUrl\":\"https:\\\/\\\/cardinal-tapes.com\\\/wp-content\\\/uploads\\\/Norbond-PUR-V2800-A_153106.png\",\"width\":415,\"height\":415},{\"@type\":\"BreadcrumbList\",\"@id\":\"https:\\\/\\\/cardinal-tapes.com\\\/pl\\\/ta\u015bmy-samoprzylepne\\\/tasmy-dwustronnie-klejace\\\/h-old-2131-pe-schaumband\\\/#breadcrumb\",\"itemListElement\":[{\"@type\":\"ListItem\",\"position\":1,\"name\":\"Startseite\",\"item\":\"https:\\\/\\\/cardinal-tapes.com\\\/pl\\\/strona-glowna\\\/\"},{\"@type\":\"ListItem\",\"position\":2,\"name\":\"Ta\u015bmy samoprzylepne\",\"item\":\"https:\\\/\\\/cardinal-tapes.com\\\/pl\\\/tasmy-samoprzylepne-pl\\\/\"},{\"@type\":\"ListItem\",\"position\":3,\"name\":\"Ta\u015bmy dwustronnie klej\u0105ce\",\"item\":\"https:\\\/\\\/cardinal-tapes.com\\\/pl\\\/kategoria\\\/tasmy-dwustronnie-klejace\\\/\"},{\"@type\":\"ListItem\",\"position\":4,\"name\":\"Ta\u015bma piankowa h-old\u00ae 2131 PE\"}]},{\"@type\":\"WebSite\",\"@id\":\"https:\\\/\\\/cardinal-tapes.com\\\/#website\",\"url\":\"https:\\\/\\\/cardinal-tapes.com\\\/\",\"name\":\"cardinal TAPES\",\"description\":\"Klebetechnik aus Wuppertal\",\"potentialAction\":[{\"@type\":\"SearchAction\",\"target\":{\"@type\":\"EntryPoint\",\"urlTemplate\":\"https:\\\/\\\/cardinal-tapes.com\\\/?s={search_term_string}\"},\"query-input\":{\"@type\":\"PropertyValueSpecification\",\"valueRequired\":true,\"valueName\":\"search_term_string\"}}],\"inLanguage\":\"pl-PL\"}]}<\/script>\n<!-- \/ Yoast SEO plugin. -->","yoast_head_json":{"title":"h-old P.40 Poliestrowa ta\u015bma samoprzylepna | Cardinal TAPES","description":"H-old poliestrowa ta\u015bma samoprzylepna P.40 to ta\u015bma samoprzylepna o grubo\u015bci 0,06 mm, kt\u00f3ra sk\u0142ada si\u0119 z no\u015bnika z folii poliestrowej i jest pokryta wysokiej jako\u015bci klejem silikonowym.","robots":{"index":"index","follow":"follow","max-snippet":"max-snippet:-1","max-image-preview":"max-image-preview:large","max-video-preview":"max-video-preview:-1"},"canonical":"https:\/\/cardinal-tapes.com\/pl\/ta\u015bmy-samoprzylepne\/tasmy-dwustronnie-klejace\/h-old-2131-pe-schaumband\/","og_locale":"pl_PL","og_type":"article","og_title":"h-old P.40 Poliestrowa ta\u015bma samoprzylepna | Cardinal TAPES","og_description":"H-old poliestrowa ta\u015bma samoprzylepna P.40 to ta\u015bma samoprzylepna o grubo\u015bci 0,06 mm, kt\u00f3ra sk\u0142ada si\u0119 z no\u015bnika z folii poliestrowej i jest pokryta wysokiej jako\u015bci klejem silikonowym.","og_url":"https:\/\/cardinal-tapes.com\/pl\/ta\u015bmy-samoprzylepne\/tasmy-dwustronnie-klejace\/h-old-2131-pe-schaumband\/","og_site_name":"cardinal TAPES","article_modified_time":"2025-07-02T10:33:50+00:00","og_image":[{"width":415,"height":415,"url":"https:\/\/cardinal-tapes.com\/wp-content\/uploads\/Norbond-PUR-V2800-A_153106.png","type":"image\/png"}],"twitter_card":"summary_large_image","schema":{"@context":"https:\/\/schema.org","@graph":[{"@type":"WebPage","@id":"https:\/\/cardinal-tapes.com\/pl\/ta\u015bmy-samoprzylepne\/tasmy-dwustronnie-klejace\/h-old-2131-pe-schaumband\/","url":"https:\/\/cardinal-tapes.com\/pl\/ta\u015bmy-samoprzylepne\/tasmy-dwustronnie-klejace\/h-old-2131-pe-schaumband\/","name":"h-old P.40 Poliestrowa ta\u015bma samoprzylepna | Cardinal TAPES","isPartOf":{"@id":"https:\/\/cardinal-tapes.com\/#website"},"primaryImageOfPage":{"@id":"https:\/\/cardinal-tapes.com\/pl\/ta\u015bmy-samoprzylepne\/tasmy-dwustronnie-klejace\/h-old-2131-pe-schaumband\/#primaryimage"},"image":{"@id":"https:\/\/cardinal-tapes.com\/pl\/ta\u015bmy-samoprzylepne\/tasmy-dwustronnie-klejace\/h-old-2131-pe-schaumband\/#primaryimage"},"thumbnailUrl":"https:\/\/cardinal-tapes.com\/wp-content\/uploads\/Norbond-PUR-V2800-A_153106.png","datePublished":"2023-06-05T14:55:43+00:00","dateModified":"2025-07-02T10:33:50+00:00","description":"H-old poliestrowa ta\u015bma samoprzylepna P.40 to ta\u015bma samoprzylepna o grubo\u015bci 0,06 mm, kt\u00f3ra sk\u0142ada si\u0119 z no\u015bnika z folii poliestrowej i jest pokryta wysokiej jako\u015bci klejem silikonowym.","breadcrumb":{"@id":"https:\/\/cardinal-tapes.com\/pl\/ta\u015bmy-samoprzylepne\/tasmy-dwustronnie-klejace\/h-old-2131-pe-schaumband\/#breadcrumb"},"inLanguage":"pl-PL","potentialAction":[{"@type":"ReadAction","target":["https:\/\/cardinal-tapes.com\/pl\/ta\u015bmy-samoprzylepne\/tasmy-dwustronnie-klejace\/h-old-2131-pe-schaumband\/"]}]},{"@type":"ImageObject","inLanguage":"pl-PL","@id":"https:\/\/cardinal-tapes.com\/pl\/ta\u015bmy-samoprzylepne\/tasmy-dwustronnie-klejace\/h-old-2131-pe-schaumband\/#primaryimage","url":"https:\/\/cardinal-tapes.com\/wp-content\/uploads\/Norbond-PUR-V2800-A_153106.png","contentUrl":"https:\/\/cardinal-tapes.com\/wp-content\/uploads\/Norbond-PUR-V2800-A_153106.png","width":415,"height":415},{"@type":"BreadcrumbList","@id":"https:\/\/cardinal-tapes.com\/pl\/ta\u015bmy-samoprzylepne\/tasmy-dwustronnie-klejace\/h-old-2131-pe-schaumband\/#breadcrumb","itemListElement":[{"@type":"ListItem","position":1,"name":"Startseite","item":"https:\/\/cardinal-tapes.com\/pl\/strona-glowna\/"},{"@type":"ListItem","position":2,"name":"Ta\u015bmy samoprzylepne","item":"https:\/\/cardinal-tapes.com\/pl\/tasmy-samoprzylepne-pl\/"},{"@type":"ListItem","position":3,"name":"Ta\u015bmy dwustronnie klej\u0105ce","item":"https:\/\/cardinal-tapes.com\/pl\/kategoria\/tasmy-dwustronnie-klejace\/"},{"@type":"ListItem","position":4,"name":"Ta\u015bma piankowa h-old\u00ae 2131 PE"}]},{"@type":"WebSite","@id":"https:\/\/cardinal-tapes.com\/#website","url":"https:\/\/cardinal-tapes.com\/","name":"cardinal TAPES","description":"Klebetechnik aus Wuppertal","potentialAction":[{"@type":"SearchAction","target":{"@type":"EntryPoint","urlTemplate":"https:\/\/cardinal-tapes.com\/?s={search_term_string}"},"query-input":{"@type":"PropertyValueSpecification","valueRequired":true,"valueName":"search_term_string"}}],"inLanguage":"pl-PL"}]}},"brands":[{"id":2391,"name":"Saint-Gobain h-old","slug":"h-old-pl"},{"id":2400,"name":"Saint-Gobain Performance Plastics","slug":"saint-gobain-pl"}],"_links":{"self":[{"href":"https:\/\/cardinal-tapes.com\/pl\/wp-json\/wp\/v2\/product\/40622","targetHints":{"allow":["GET"]}}],"collection":[{"href":"https:\/\/cardinal-tapes.com\/pl\/wp-json\/wp\/v2\/product"}],"about":[{"href":"https:\/\/cardinal-tapes.com\/pl\/wp-json\/wp\/v2\/types\/product"}],"wp:featuredmedia":[{"embeddable":true,"href":"https:\/\/cardinal-tapes.com\/pl\/wp-json\/wp\/v2\/media\/28502"}],"wp:attachment":[{"href":"https:\/\/cardinal-tapes.com\/pl\/wp-json\/wp\/v2\/media?parent=40622"}],"wp:term":[{"taxonomy":"pwb-brand","embeddable":true,"href":"https:\/\/cardinal-tapes.com\/pl\/wp-json\/wp\/v2\/pwb-brand?post=40622"},{"taxonomy":"product_brand","embeddable":true,"href":"https:\/\/cardinal-tapes.com\/pl\/wp-json\/wp\/v2\/product_brand?post=40622"},{"taxonomy":"product_cat","embeddable":true,"href":"https:\/\/cardinal-tapes.com\/pl\/wp-json\/wp\/v2\/product_cat?post=40622"},{"taxonomy":"product_tag","embeddable":true,"href":"https:\/\/cardinal-tapes.com\/pl\/wp-json\/wp\/v2\/product_tag?post=40622"}],"curies":[{"name":"wp","href":"https:\/\/api.w.org\/{rel}","templated":true}]}}