{"id":40621,"date":"2022-01-05T11:07:29","date_gmt":"2023-06-05T14:55:43","guid":{"rendered":"https:\/\/cardinal.pixel-tal.de\/klebebaender\/bez-kategorii\/aluminiowa-tasma-samoprzylepna-h-old-4010\/"},"modified":"2025-07-02T12:29:33","modified_gmt":"2025-07-02T10:29:33","slug":"h-old-4010-aluminiowa-tasma-samoprzylepna","status":"publish","type":"product","link":"https:\/\/cardinal-tapes.com\/pl\/ta\u015bmy-samoprzylepne\/jednostronne-tasmy-samoprzylepne\/folia-pet\/h-old-4010-aluminiowa-tasma-samoprzylepna\/","title":{"rendered":"aluminiowa ta\u015bma samoprzylepna h-old\u00ae 4010"},"content":{"rendered":"<p>Aluminiowa ta\u015bma samoprzylepna h-old\u00ae 4010 jest <span id=\"[77,97]\" class=\"word\"><span id=\"[33,43]\" class=\"word\">pokryta<\/span> akrylowym klejem<\/span> <span id=\"[54,76]\" class=\"word\">na bazie rozpuszczalnika<\/span>. Nadaje si\u0119 <span id=\"[126,129]\" class=\"word\">do<\/span> <span id=\"[114,125]\" class=\"word\">mocowania<\/span> <span id=\"[130,139]\" class=\"word\">aluminiowych<\/span><br \/>\n<span id=\"[142,144]\" class=\"word\">i<\/span> <span id=\"[145,156]\" class=\"word\">miedzianych rur<\/span>.  <span id=\"[165,176]\" class=\"word\">w produkcji<\/span> <span id=\"[181,188]\" class=\"word\">zamra\u017carek<\/span> <span id=\"[191,193]\" class=\"word\">i<\/span> <span id=\"[194,207]\" class=\"word\">ch\u0142odziarek<\/span>, <span id=\"[209,219]\" class=\"word\">uszczelnianie<\/span> <span id=\"[224,244]\" class=\"word\">paneli poliw\u0119glanowych<\/span>, <span id=\"[246,259]\" class=\"word\">uszczelnianie<\/span> <span id=\"[264,275]\" class=\"word\">kana\u0142\u00f3w powietrznych<\/span><br \/>\n<span id=\"[277,287]\" class=\"word\">Izolacja<\/span> <span id=\"[288,290]\" class=\"word\">w<\/span> <span id=\"[291,302]\" class=\"word\">sektorze HVAC<\/span>, <span id=\"[304,313]\" class=\"word\">\u0142\u0105czenie<\/span> <span id=\"[329,335]\" class=\"word\">folii<\/span><span id=\"[326,328]\" class=\"word\">,<\/span> <span id=\"[337,348]\" class=\"word\">owijanie<\/span><span id=\"[350,352]\" class=\"word\">i<\/span> <span id=\"[353,362]\" class=\"word\">wi\u0105zanie<span id=\"[99,109]\" class=\"word\">.<\/span><\/span><\/p>\n","protected":false},"excerpt":{"rendered":"<p>Aluminiowa ta\u015bma samoprzylepna h-old\u00ae 4010 jest pokryta akrylowym klejem na bazie rozpuszczalnika. Nadaje si\u0119 do mocowania aluminiowych i miedzianych rur. w produkcji zamra\u017carek i ch\u0142odziarek, uszczelnianie paneli poliw\u0119glanowych, uszczelnianie kana\u0142\u00f3w powietrznych Izolacja w sektorze HVAC, \u0142\u0105czenie folii, owijaniei wi\u0105zanie.<\/p>\n","protected":false},"featured_media":29030,"template":"","meta":{"_acf_changed":false},"pwb-brand":[2391,2400],"product_brand":[],"product_cat":[1816,1819],"product_tag":[],"class_list":{"0":"post-40621","1":"product","2":"type-product","3":"status-publish","4":"has-post-thumbnail","6":"pwb-brand-h-old-pl","7":"pwb-brand-saint-gobain-pl","8":"product_cat-jednostronne-tasmy-samoprzylepne","9":"product_cat-folia-pet","11":"first","12":"instock","13":"taxable","14":"shipping-taxable","15":"product-type-simple"},"acf":[],"yoast_head":"<!-- This site is optimized with the Yoast SEO plugin v27.3 - https:\/\/yoast.com\/product\/yoast-seo-wordpress\/ -->\n<title>h-old-4010-aluminiowa-ta\u015bma-przylepna | Cardinal TAPES<\/title>\n<meta name=\"description\" content=\"H-old poliestrowa ta\u015bma samoprzylepna P.40 to ta\u015bma samoprzylepna o grubo\u015bci 0,06 mm, kt\u00f3ra sk\u0142ada si\u0119 z no\u015bnika z folii poliestrowej i jest pokryta wysokiej jako\u015bci klejem silikonowym.\" \/>\n<meta name=\"robots\" content=\"index, follow, max-snippet:-1, max-image-preview:large, max-video-preview:-1\" \/>\n<link rel=\"canonical\" href=\"https:\/\/cardinal-tapes.com\/pl\/ta\u015bmy-samoprzylepne\/jednostronne-tasmy-samoprzylepne\/folia-pet\/h-old-4010-aluminiowa-tasma-samoprzylepna\/\" \/>\n<meta property=\"og:locale\" content=\"pl_PL\" \/>\n<meta property=\"og:type\" content=\"article\" \/>\n<meta property=\"og:title\" content=\"h-old-4010-aluminiowa-ta\u015bma-przylepna | Cardinal TAPES\" \/>\n<meta property=\"og:description\" content=\"H-old poliestrowa ta\u015bma samoprzylepna P.40 to ta\u015bma samoprzylepna o grubo\u015bci 0,06 mm, kt\u00f3ra sk\u0142ada si\u0119 z no\u015bnika z folii poliestrowej i jest pokryta wysokiej jako\u015bci klejem silikonowym.\" \/>\n<meta property=\"og:url\" content=\"https:\/\/cardinal-tapes.com\/pl\/ta\u015bmy-samoprzylepne\/jednostronne-tasmy-samoprzylepne\/folia-pet\/h-old-4010-aluminiowa-tasma-samoprzylepna\/\" \/>\n<meta property=\"og:site_name\" content=\"cardinal TAPES\" \/>\n<meta property=\"article:modified_time\" content=\"2025-07-02T10:29:33+00:00\" \/>\n<meta property=\"og:image\" content=\"https:\/\/cardinal-tapes.com\/wp-content\/uploads\/H-Old-Aluminum-AL-50-A_53.jpg\" \/>\n\t<meta property=\"og:image:width\" content=\"380\" \/>\n\t<meta property=\"og:image:height\" content=\"380\" \/>\n\t<meta property=\"og:image:type\" content=\"image\/jpeg\" \/>\n<meta name=\"twitter:card\" content=\"summary_large_image\" \/>\n<script type=\"application\/ld+json\" class=\"yoast-schema-graph\">{\"@context\":\"https:\\\/\\\/schema.org\",\"@graph\":[{\"@type\":\"WebPage\",\"@id\":\"https:\\\/\\\/cardinal-tapes.com\\\/pl\\\/ta\u015bmy-samoprzylepne\\\/jednostronne-tasmy-samoprzylepne\\\/folia-pet\\\/h-old-4010-aluminiowa-tasma-samoprzylepna\\\/\",\"url\":\"https:\\\/\\\/cardinal-tapes.com\\\/pl\\\/ta\u015bmy-samoprzylepne\\\/jednostronne-tasmy-samoprzylepne\\\/folia-pet\\\/h-old-4010-aluminiowa-tasma-samoprzylepna\\\/\",\"name\":\"h-old-4010-aluminiowa-ta\u015bma-przylepna | Cardinal TAPES\",\"isPartOf\":{\"@id\":\"https:\\\/\\\/cardinal-tapes.com\\\/#website\"},\"primaryImageOfPage\":{\"@id\":\"https:\\\/\\\/cardinal-tapes.com\\\/pl\\\/ta\u015bmy-samoprzylepne\\\/jednostronne-tasmy-samoprzylepne\\\/folia-pet\\\/h-old-4010-aluminiowa-tasma-samoprzylepna\\\/#primaryimage\"},\"image\":{\"@id\":\"https:\\\/\\\/cardinal-tapes.com\\\/pl\\\/ta\u015bmy-samoprzylepne\\\/jednostronne-tasmy-samoprzylepne\\\/folia-pet\\\/h-old-4010-aluminiowa-tasma-samoprzylepna\\\/#primaryimage\"},\"thumbnailUrl\":\"https:\\\/\\\/cardinal-tapes.com\\\/wp-content\\\/uploads\\\/H-Old-Aluminum-AL-50-A_53.jpg\",\"datePublished\":\"2023-06-05T14:55:43+00:00\",\"dateModified\":\"2025-07-02T10:29:33+00:00\",\"description\":\"H-old poliestrowa ta\u015bma samoprzylepna P.40 to ta\u015bma samoprzylepna o grubo\u015bci 0,06 mm, kt\u00f3ra sk\u0142ada si\u0119 z no\u015bnika z folii poliestrowej i jest pokryta wysokiej jako\u015bci klejem silikonowym.\",\"breadcrumb\":{\"@id\":\"https:\\\/\\\/cardinal-tapes.com\\\/pl\\\/ta\u015bmy-samoprzylepne\\\/jednostronne-tasmy-samoprzylepne\\\/folia-pet\\\/h-old-4010-aluminiowa-tasma-samoprzylepna\\\/#breadcrumb\"},\"inLanguage\":\"pl-PL\",\"potentialAction\":[{\"@type\":\"ReadAction\",\"target\":[\"https:\\\/\\\/cardinal-tapes.com\\\/pl\\\/ta\u015bmy-samoprzylepne\\\/jednostronne-tasmy-samoprzylepne\\\/folia-pet\\\/h-old-4010-aluminiowa-tasma-samoprzylepna\\\/\"]}]},{\"@type\":\"ImageObject\",\"inLanguage\":\"pl-PL\",\"@id\":\"https:\\\/\\\/cardinal-tapes.com\\\/pl\\\/ta\u015bmy-samoprzylepne\\\/jednostronne-tasmy-samoprzylepne\\\/folia-pet\\\/h-old-4010-aluminiowa-tasma-samoprzylepna\\\/#primaryimage\",\"url\":\"https:\\\/\\\/cardinal-tapes.com\\\/wp-content\\\/uploads\\\/H-Old-Aluminum-AL-50-A_53.jpg\",\"contentUrl\":\"https:\\\/\\\/cardinal-tapes.com\\\/wp-content\\\/uploads\\\/H-Old-Aluminum-AL-50-A_53.jpg\",\"width\":380,\"height\":380},{\"@type\":\"BreadcrumbList\",\"@id\":\"https:\\\/\\\/cardinal-tapes.com\\\/pl\\\/ta\u015bmy-samoprzylepne\\\/jednostronne-tasmy-samoprzylepne\\\/folia-pet\\\/h-old-4010-aluminiowa-tasma-samoprzylepna\\\/#breadcrumb\",\"itemListElement\":[{\"@type\":\"ListItem\",\"position\":1,\"name\":\"Startseite\",\"item\":\"https:\\\/\\\/cardinal-tapes.com\\\/pl\\\/strona-glowna\\\/\"},{\"@type\":\"ListItem\",\"position\":2,\"name\":\"Ta\u015bmy samoprzylepne\",\"item\":\"https:\\\/\\\/cardinal-tapes.com\\\/pl\\\/tasmy-samoprzylepne-pl\\\/\"},{\"@type\":\"ListItem\",\"position\":3,\"name\":\"Jednostronne ta\u015bmy samoprzylepne\",\"item\":\"https:\\\/\\\/cardinal-tapes.com\\\/pl\\\/kategoria\\\/jednostronne-tasmy-samoprzylepne\\\/\"},{\"@type\":\"ListItem\",\"position\":4,\"name\":\"Folia PET\",\"item\":\"https:\\\/\\\/cardinal-tapes.com\\\/pl\\\/kategoria\\\/folia-pet\\\/\"},{\"@type\":\"ListItem\",\"position\":5,\"name\":\"aluminiowa ta\u015bma samoprzylepna h-old\u00ae 4010\"}]},{\"@type\":\"WebSite\",\"@id\":\"https:\\\/\\\/cardinal-tapes.com\\\/#website\",\"url\":\"https:\\\/\\\/cardinal-tapes.com\\\/\",\"name\":\"cardinal TAPES\",\"description\":\"Klebetechnik aus Wuppertal\",\"potentialAction\":[{\"@type\":\"SearchAction\",\"target\":{\"@type\":\"EntryPoint\",\"urlTemplate\":\"https:\\\/\\\/cardinal-tapes.com\\\/?s={search_term_string}\"},\"query-input\":{\"@type\":\"PropertyValueSpecification\",\"valueRequired\":true,\"valueName\":\"search_term_string\"}}],\"inLanguage\":\"pl-PL\"}]}<\/script>\n<!-- \/ Yoast SEO plugin. -->","yoast_head_json":{"title":"h-old-4010-aluminiowa-ta\u015bma-przylepna | Cardinal TAPES","description":"H-old poliestrowa ta\u015bma samoprzylepna P.40 to ta\u015bma samoprzylepna o grubo\u015bci 0,06 mm, kt\u00f3ra sk\u0142ada si\u0119 z no\u015bnika z folii poliestrowej i jest pokryta wysokiej jako\u015bci klejem silikonowym.","robots":{"index":"index","follow":"follow","max-snippet":"max-snippet:-1","max-image-preview":"max-image-preview:large","max-video-preview":"max-video-preview:-1"},"canonical":"https:\/\/cardinal-tapes.com\/pl\/ta\u015bmy-samoprzylepne\/jednostronne-tasmy-samoprzylepne\/folia-pet\/h-old-4010-aluminiowa-tasma-samoprzylepna\/","og_locale":"pl_PL","og_type":"article","og_title":"h-old-4010-aluminiowa-ta\u015bma-przylepna | Cardinal TAPES","og_description":"H-old poliestrowa ta\u015bma samoprzylepna P.40 to ta\u015bma samoprzylepna o grubo\u015bci 0,06 mm, kt\u00f3ra sk\u0142ada si\u0119 z no\u015bnika z folii poliestrowej i jest pokryta wysokiej jako\u015bci klejem silikonowym.","og_url":"https:\/\/cardinal-tapes.com\/pl\/ta\u015bmy-samoprzylepne\/jednostronne-tasmy-samoprzylepne\/folia-pet\/h-old-4010-aluminiowa-tasma-samoprzylepna\/","og_site_name":"cardinal TAPES","article_modified_time":"2025-07-02T10:29:33+00:00","og_image":[{"width":380,"height":380,"url":"https:\/\/cardinal-tapes.com\/wp-content\/uploads\/H-Old-Aluminum-AL-50-A_53.jpg","type":"image\/jpeg"}],"twitter_card":"summary_large_image","schema":{"@context":"https:\/\/schema.org","@graph":[{"@type":"WebPage","@id":"https:\/\/cardinal-tapes.com\/pl\/ta\u015bmy-samoprzylepne\/jednostronne-tasmy-samoprzylepne\/folia-pet\/h-old-4010-aluminiowa-tasma-samoprzylepna\/","url":"https:\/\/cardinal-tapes.com\/pl\/ta\u015bmy-samoprzylepne\/jednostronne-tasmy-samoprzylepne\/folia-pet\/h-old-4010-aluminiowa-tasma-samoprzylepna\/","name":"h-old-4010-aluminiowa-ta\u015bma-przylepna | Cardinal TAPES","isPartOf":{"@id":"https:\/\/cardinal-tapes.com\/#website"},"primaryImageOfPage":{"@id":"https:\/\/cardinal-tapes.com\/pl\/ta\u015bmy-samoprzylepne\/jednostronne-tasmy-samoprzylepne\/folia-pet\/h-old-4010-aluminiowa-tasma-samoprzylepna\/#primaryimage"},"image":{"@id":"https:\/\/cardinal-tapes.com\/pl\/ta\u015bmy-samoprzylepne\/jednostronne-tasmy-samoprzylepne\/folia-pet\/h-old-4010-aluminiowa-tasma-samoprzylepna\/#primaryimage"},"thumbnailUrl":"https:\/\/cardinal-tapes.com\/wp-content\/uploads\/H-Old-Aluminum-AL-50-A_53.jpg","datePublished":"2023-06-05T14:55:43+00:00","dateModified":"2025-07-02T10:29:33+00:00","description":"H-old poliestrowa ta\u015bma samoprzylepna P.40 to ta\u015bma samoprzylepna o grubo\u015bci 0,06 mm, kt\u00f3ra sk\u0142ada si\u0119 z no\u015bnika z folii poliestrowej i jest pokryta wysokiej jako\u015bci klejem silikonowym.","breadcrumb":{"@id":"https:\/\/cardinal-tapes.com\/pl\/ta\u015bmy-samoprzylepne\/jednostronne-tasmy-samoprzylepne\/folia-pet\/h-old-4010-aluminiowa-tasma-samoprzylepna\/#breadcrumb"},"inLanguage":"pl-PL","potentialAction":[{"@type":"ReadAction","target":["https:\/\/cardinal-tapes.com\/pl\/ta\u015bmy-samoprzylepne\/jednostronne-tasmy-samoprzylepne\/folia-pet\/h-old-4010-aluminiowa-tasma-samoprzylepna\/"]}]},{"@type":"ImageObject","inLanguage":"pl-PL","@id":"https:\/\/cardinal-tapes.com\/pl\/ta\u015bmy-samoprzylepne\/jednostronne-tasmy-samoprzylepne\/folia-pet\/h-old-4010-aluminiowa-tasma-samoprzylepna\/#primaryimage","url":"https:\/\/cardinal-tapes.com\/wp-content\/uploads\/H-Old-Aluminum-AL-50-A_53.jpg","contentUrl":"https:\/\/cardinal-tapes.com\/wp-content\/uploads\/H-Old-Aluminum-AL-50-A_53.jpg","width":380,"height":380},{"@type":"BreadcrumbList","@id":"https:\/\/cardinal-tapes.com\/pl\/ta\u015bmy-samoprzylepne\/jednostronne-tasmy-samoprzylepne\/folia-pet\/h-old-4010-aluminiowa-tasma-samoprzylepna\/#breadcrumb","itemListElement":[{"@type":"ListItem","position":1,"name":"Startseite","item":"https:\/\/cardinal-tapes.com\/pl\/strona-glowna\/"},{"@type":"ListItem","position":2,"name":"Ta\u015bmy samoprzylepne","item":"https:\/\/cardinal-tapes.com\/pl\/tasmy-samoprzylepne-pl\/"},{"@type":"ListItem","position":3,"name":"Jednostronne ta\u015bmy samoprzylepne","item":"https:\/\/cardinal-tapes.com\/pl\/kategoria\/jednostronne-tasmy-samoprzylepne\/"},{"@type":"ListItem","position":4,"name":"Folia PET","item":"https:\/\/cardinal-tapes.com\/pl\/kategoria\/folia-pet\/"},{"@type":"ListItem","position":5,"name":"aluminiowa ta\u015bma samoprzylepna h-old\u00ae 4010"}]},{"@type":"WebSite","@id":"https:\/\/cardinal-tapes.com\/#website","url":"https:\/\/cardinal-tapes.com\/","name":"cardinal TAPES","description":"Klebetechnik aus Wuppertal","potentialAction":[{"@type":"SearchAction","target":{"@type":"EntryPoint","urlTemplate":"https:\/\/cardinal-tapes.com\/?s={search_term_string}"},"query-input":{"@type":"PropertyValueSpecification","valueRequired":true,"valueName":"search_term_string"}}],"inLanguage":"pl-PL"}]}},"brands":[{"id":2391,"name":"Saint-Gobain h-old","slug":"h-old-pl"},{"id":2400,"name":"Saint-Gobain Performance Plastics","slug":"saint-gobain-pl"}],"_links":{"self":[{"href":"https:\/\/cardinal-tapes.com\/pl\/wp-json\/wp\/v2\/product\/40621","targetHints":{"allow":["GET"]}}],"collection":[{"href":"https:\/\/cardinal-tapes.com\/pl\/wp-json\/wp\/v2\/product"}],"about":[{"href":"https:\/\/cardinal-tapes.com\/pl\/wp-json\/wp\/v2\/types\/product"}],"wp:featuredmedia":[{"embeddable":true,"href":"https:\/\/cardinal-tapes.com\/pl\/wp-json\/wp\/v2\/media\/29030"}],"wp:attachment":[{"href":"https:\/\/cardinal-tapes.com\/pl\/wp-json\/wp\/v2\/media?parent=40621"}],"wp:term":[{"taxonomy":"pwb-brand","embeddable":true,"href":"https:\/\/cardinal-tapes.com\/pl\/wp-json\/wp\/v2\/pwb-brand?post=40621"},{"taxonomy":"product_brand","embeddable":true,"href":"https:\/\/cardinal-tapes.com\/pl\/wp-json\/wp\/v2\/product_brand?post=40621"},{"taxonomy":"product_cat","embeddable":true,"href":"https:\/\/cardinal-tapes.com\/pl\/wp-json\/wp\/v2\/product_cat?post=40621"},{"taxonomy":"product_tag","embeddable":true,"href":"https:\/\/cardinal-tapes.com\/pl\/wp-json\/wp\/v2\/product_tag?post=40621"}],"curies":[{"name":"wp","href":"https:\/\/api.w.org\/{rel}","templated":true}]}}