{"id":40617,"date":"2022-01-05T11:28:12","date_gmt":"2022-01-05T10:28:12","guid":{"rendered":"https:\/\/cardinal.pixel-tal.de\/klebebaender\/bez-kategorii\/tasma-samoprzylepna-poliimidowa-h-old-560\/"},"modified":"2025-07-02T12:36:28","modified_gmt":"2025-07-02T10:36:28","slug":"h-old-5369-poliestrowa-tasma-samoprzylepna","status":"publish","type":"product","link":"https:\/\/cardinal-tapes.com\/pl\/ta\u015bmy-samoprzylepne\/jednostronne-tasmy-samoprzylepne\/folia-pet\/h-old-5369-poliestrowa-tasma-samoprzylepna\/","title":{"rendered":"Ta\u015bma samoprzylepna poliimidowa h-old\u00ae 560"},"content":{"rendered":"<p>Ta\u015bma samoprzylepna poliimidowa h-old\u00ae 560 jest <span id=\"[24,33]\" class=\"word\">jednostronnie<\/span><span id=\"[85,95]\" class=\"word\">pokryta<\/span> <span id=\"[38,50]\" class=\"word\">wysokiej jako\u015bci<\/span> <span id=\"[70,83]\" class=\"word\">klejem silikonowym<\/span> <span id=\"[51,69]\" class=\"word\">wra\u017cliwym na nacisk<\/span>. To jest <span id=\"[108,111]\" class=\"word\">dla<\/span><br \/>\n<span id=\"[140,151]\" class=\"word\">Zaprojektowany do <\/span><span id=\"[113,139]\" class=\"word\">zastosowa\u0144 wysokotemperaturowych i elektrycznych<\/span> <span id=\"[163,167]\" class=\"word\">, w kt\u00f3rych wymagany<\/span> jest <span id=\"[168,173]\" class=\"word\">cienki<\/span>, <span id=\"[175,185]\" class=\"word\">konfigurowalny<\/span> <span id=\"[186,195]\" class=\"word\">podk\u0142ad<\/span> <span id=\"[196,199]\" class=\"word\">o<\/span> <span id=\"[200,211]\" class=\"word\">doskona\u0142ych<\/span> <span id=\"[212,226]\" class=\"word\">w\u0142a\u015bciwo\u015bciach dielektrycznych<\/span>.<br \/>\n<span id=\"[228,241]\" class=\"word\">W\u0142a\u015bciwo\u015bci <\/span><span id=\"[247,259]\" class=\"word\">s\u0105 wymagane.<\/span><\/p>\n","protected":false},"excerpt":{"rendered":"<p>Ta\u015bma samoprzylepna poliimidowa h-old\u00ae 560 jest jednostronniepokryta wysokiej jako\u015bci klejem silikonowym wra\u017cliwym na nacisk. To jest dla Zaprojektowany do zastosowa\u0144 wysokotemperaturowych i elektrycznych , w kt\u00f3rych wymagany jest cienki, konfigurowalny podk\u0142ad o doskona\u0142ych w\u0142a\u015bciwo\u015bciach dielektrycznych. W\u0142a\u015bciwo\u015bci s\u0105 wymagane.<\/p>\n","protected":false},"featured_media":78513,"template":"","meta":{"_acf_changed":false},"pwb-brand":[2391,2400],"product_brand":[],"product_cat":[1816,1819],"product_tag":[],"class_list":{"0":"post-40617","1":"product","2":"type-product","3":"status-publish","4":"has-post-thumbnail","6":"pwb-brand-h-old-pl","7":"pwb-brand-saint-gobain-pl","8":"product_cat-jednostronne-tasmy-samoprzylepne","9":"product_cat-folia-pet","11":"first","12":"instock","13":"taxable","14":"shipping-taxable","15":"product-type-simple"},"acf":[],"yoast_head":"<!-- This site is optimized with the Yoast SEO plugin v27.3 - https:\/\/yoast.com\/product\/yoast-seo-wordpress\/ -->\n<title>Ta\u015bma samoprzylepna poliimidowa h-old\u00ae 560 | Cardinal TAPES<\/title>\n<meta name=\"description\" content=\"H-old poliestrowa ta\u015bma samoprzylepna P.40 to ta\u015bma samoprzylepna o grubo\u015bci 0,06 mm, kt\u00f3ra sk\u0142ada si\u0119 z no\u015bnika z folii poliestrowej i jest pokryta wysokiej jako\u015bci klejem silikonowym.\" \/>\n<meta name=\"robots\" content=\"index, follow, max-snippet:-1, max-image-preview:large, max-video-preview:-1\" \/>\n<link rel=\"canonical\" href=\"https:\/\/cardinal-tapes.com\/pl\/ta\u015bmy-samoprzylepne\/jednostronne-tasmy-samoprzylepne\/folia-pet\/h-old-5369-poliestrowa-tasma-samoprzylepna\/\" \/>\n<meta property=\"og:locale\" content=\"pl_PL\" \/>\n<meta property=\"og:type\" content=\"article\" \/>\n<meta property=\"og:title\" content=\"Ta\u015bma samoprzylepna poliimidowa h-old\u00ae 560 | Cardinal TAPES\" \/>\n<meta property=\"og:description\" content=\"H-old poliestrowa ta\u015bma samoprzylepna P.40 to ta\u015bma samoprzylepna o grubo\u015bci 0,06 mm, kt\u00f3ra sk\u0142ada si\u0119 z no\u015bnika z folii poliestrowej i jest pokryta wysokiej jako\u015bci klejem silikonowym.\" \/>\n<meta property=\"og:url\" content=\"https:\/\/cardinal-tapes.com\/pl\/ta\u015bmy-samoprzylepne\/jednostronne-tasmy-samoprzylepne\/folia-pet\/h-old-5369-poliestrowa-tasma-samoprzylepna\/\" \/>\n<meta property=\"og:site_name\" content=\"cardinal TAPES\" \/>\n<meta property=\"article:modified_time\" content=\"2025-07-02T10:36:28+00:00\" \/>\n<meta property=\"og:image\" content=\"https:\/\/cardinal-tapes.com\/wp-content\/uploads\/H-old-Kapton-H20-H20AC-H220-H205-560-A_203724.png\" \/>\n\t<meta property=\"og:image:width\" content=\"415\" \/>\n\t<meta property=\"og:image:height\" content=\"415\" \/>\n\t<meta property=\"og:image:type\" content=\"image\/png\" \/>\n<meta name=\"twitter:card\" content=\"summary_large_image\" \/>\n<script type=\"application\/ld+json\" class=\"yoast-schema-graph\">{\"@context\":\"https:\\\/\\\/schema.org\",\"@graph\":[{\"@type\":\"WebPage\",\"@id\":\"https:\\\/\\\/cardinal-tapes.com\\\/pl\\\/ta\u015bmy-samoprzylepne\\\/jednostronne-tasmy-samoprzylepne\\\/folia-pet\\\/h-old-5369-poliestrowa-tasma-samoprzylepna\\\/\",\"url\":\"https:\\\/\\\/cardinal-tapes.com\\\/pl\\\/ta\u015bmy-samoprzylepne\\\/jednostronne-tasmy-samoprzylepne\\\/folia-pet\\\/h-old-5369-poliestrowa-tasma-samoprzylepna\\\/\",\"name\":\"Ta\u015bma samoprzylepna poliimidowa h-old\u00ae 560 | Cardinal TAPES\",\"isPartOf\":{\"@id\":\"https:\\\/\\\/cardinal-tapes.com\\\/#website\"},\"primaryImageOfPage\":{\"@id\":\"https:\\\/\\\/cardinal-tapes.com\\\/pl\\\/ta\u015bmy-samoprzylepne\\\/jednostronne-tasmy-samoprzylepne\\\/folia-pet\\\/h-old-5369-poliestrowa-tasma-samoprzylepna\\\/#primaryimage\"},\"image\":{\"@id\":\"https:\\\/\\\/cardinal-tapes.com\\\/pl\\\/ta\u015bmy-samoprzylepne\\\/jednostronne-tasmy-samoprzylepne\\\/folia-pet\\\/h-old-5369-poliestrowa-tasma-samoprzylepna\\\/#primaryimage\"},\"thumbnailUrl\":\"https:\\\/\\\/cardinal-tapes.com\\\/wp-content\\\/uploads\\\/H-old-Kapton-H20-H20AC-H220-H205-560-A_203724.png\",\"datePublished\":\"2022-01-05T10:28:12+00:00\",\"dateModified\":\"2025-07-02T10:36:28+00:00\",\"description\":\"H-old poliestrowa ta\u015bma samoprzylepna P.40 to ta\u015bma samoprzylepna o grubo\u015bci 0,06 mm, kt\u00f3ra sk\u0142ada si\u0119 z no\u015bnika z folii poliestrowej i jest pokryta wysokiej jako\u015bci klejem silikonowym.\",\"breadcrumb\":{\"@id\":\"https:\\\/\\\/cardinal-tapes.com\\\/pl\\\/ta\u015bmy-samoprzylepne\\\/jednostronne-tasmy-samoprzylepne\\\/folia-pet\\\/h-old-5369-poliestrowa-tasma-samoprzylepna\\\/#breadcrumb\"},\"inLanguage\":\"pl-PL\",\"potentialAction\":[{\"@type\":\"ReadAction\",\"target\":[\"https:\\\/\\\/cardinal-tapes.com\\\/pl\\\/ta\u015bmy-samoprzylepne\\\/jednostronne-tasmy-samoprzylepne\\\/folia-pet\\\/h-old-5369-poliestrowa-tasma-samoprzylepna\\\/\"]}]},{\"@type\":\"ImageObject\",\"inLanguage\":\"pl-PL\",\"@id\":\"https:\\\/\\\/cardinal-tapes.com\\\/pl\\\/ta\u015bmy-samoprzylepne\\\/jednostronne-tasmy-samoprzylepne\\\/folia-pet\\\/h-old-5369-poliestrowa-tasma-samoprzylepna\\\/#primaryimage\",\"url\":\"https:\\\/\\\/cardinal-tapes.com\\\/wp-content\\\/uploads\\\/H-old-Kapton-H20-H20AC-H220-H205-560-A_203724.png\",\"contentUrl\":\"https:\\\/\\\/cardinal-tapes.com\\\/wp-content\\\/uploads\\\/H-old-Kapton-H20-H20AC-H220-H205-560-A_203724.png\",\"width\":415,\"height\":415},{\"@type\":\"BreadcrumbList\",\"@id\":\"https:\\\/\\\/cardinal-tapes.com\\\/pl\\\/ta\u015bmy-samoprzylepne\\\/jednostronne-tasmy-samoprzylepne\\\/folia-pet\\\/h-old-5369-poliestrowa-tasma-samoprzylepna\\\/#breadcrumb\",\"itemListElement\":[{\"@type\":\"ListItem\",\"position\":1,\"name\":\"Startseite\",\"item\":\"https:\\\/\\\/cardinal-tapes.com\\\/pl\\\/strona-glowna\\\/\"},{\"@type\":\"ListItem\",\"position\":2,\"name\":\"Ta\u015bmy samoprzylepne\",\"item\":\"https:\\\/\\\/cardinal-tapes.com\\\/pl\\\/tasmy-samoprzylepne-pl\\\/\"},{\"@type\":\"ListItem\",\"position\":3,\"name\":\"Einseitige Klebeb\u00e4nder\",\"item\":\"https:\\\/\\\/cardinal-tapes.com\\\/kategorie\\\/einseitige-klebebaender\\\/\"},{\"@type\":\"ListItem\",\"position\":4,\"name\":\"Ta\u015bma samoprzylepna poliimidowa h-old\u00ae 560\"}]},{\"@type\":\"WebSite\",\"@id\":\"https:\\\/\\\/cardinal-tapes.com\\\/#website\",\"url\":\"https:\\\/\\\/cardinal-tapes.com\\\/\",\"name\":\"cardinal TAPES\",\"description\":\"Klebetechnik aus Wuppertal\",\"potentialAction\":[{\"@type\":\"SearchAction\",\"target\":{\"@type\":\"EntryPoint\",\"urlTemplate\":\"https:\\\/\\\/cardinal-tapes.com\\\/?s={search_term_string}\"},\"query-input\":{\"@type\":\"PropertyValueSpecification\",\"valueRequired\":true,\"valueName\":\"search_term_string\"}}],\"inLanguage\":\"pl-PL\"}]}<\/script>\n<!-- \/ Yoast SEO plugin. -->","yoast_head_json":{"title":"Ta\u015bma samoprzylepna poliimidowa h-old\u00ae 560 | Cardinal TAPES","description":"H-old poliestrowa ta\u015bma samoprzylepna P.40 to ta\u015bma samoprzylepna o grubo\u015bci 0,06 mm, kt\u00f3ra sk\u0142ada si\u0119 z no\u015bnika z folii poliestrowej i jest pokryta wysokiej jako\u015bci klejem silikonowym.","robots":{"index":"index","follow":"follow","max-snippet":"max-snippet:-1","max-image-preview":"max-image-preview:large","max-video-preview":"max-video-preview:-1"},"canonical":"https:\/\/cardinal-tapes.com\/pl\/ta\u015bmy-samoprzylepne\/jednostronne-tasmy-samoprzylepne\/folia-pet\/h-old-5369-poliestrowa-tasma-samoprzylepna\/","og_locale":"pl_PL","og_type":"article","og_title":"Ta\u015bma samoprzylepna poliimidowa h-old\u00ae 560 | Cardinal TAPES","og_description":"H-old poliestrowa ta\u015bma samoprzylepna P.40 to ta\u015bma samoprzylepna o grubo\u015bci 0,06 mm, kt\u00f3ra sk\u0142ada si\u0119 z no\u015bnika z folii poliestrowej i jest pokryta wysokiej jako\u015bci klejem silikonowym.","og_url":"https:\/\/cardinal-tapes.com\/pl\/ta\u015bmy-samoprzylepne\/jednostronne-tasmy-samoprzylepne\/folia-pet\/h-old-5369-poliestrowa-tasma-samoprzylepna\/","og_site_name":"cardinal TAPES","article_modified_time":"2025-07-02T10:36:28+00:00","og_image":[{"width":415,"height":415,"url":"https:\/\/cardinal-tapes.com\/wp-content\/uploads\/H-old-Kapton-H20-H20AC-H220-H205-560-A_203724.png","type":"image\/png"}],"twitter_card":"summary_large_image","schema":{"@context":"https:\/\/schema.org","@graph":[{"@type":"WebPage","@id":"https:\/\/cardinal-tapes.com\/pl\/ta\u015bmy-samoprzylepne\/jednostronne-tasmy-samoprzylepne\/folia-pet\/h-old-5369-poliestrowa-tasma-samoprzylepna\/","url":"https:\/\/cardinal-tapes.com\/pl\/ta\u015bmy-samoprzylepne\/jednostronne-tasmy-samoprzylepne\/folia-pet\/h-old-5369-poliestrowa-tasma-samoprzylepna\/","name":"Ta\u015bma samoprzylepna poliimidowa h-old\u00ae 560 | Cardinal TAPES","isPartOf":{"@id":"https:\/\/cardinal-tapes.com\/#website"},"primaryImageOfPage":{"@id":"https:\/\/cardinal-tapes.com\/pl\/ta\u015bmy-samoprzylepne\/jednostronne-tasmy-samoprzylepne\/folia-pet\/h-old-5369-poliestrowa-tasma-samoprzylepna\/#primaryimage"},"image":{"@id":"https:\/\/cardinal-tapes.com\/pl\/ta\u015bmy-samoprzylepne\/jednostronne-tasmy-samoprzylepne\/folia-pet\/h-old-5369-poliestrowa-tasma-samoprzylepna\/#primaryimage"},"thumbnailUrl":"https:\/\/cardinal-tapes.com\/wp-content\/uploads\/H-old-Kapton-H20-H20AC-H220-H205-560-A_203724.png","datePublished":"2022-01-05T10:28:12+00:00","dateModified":"2025-07-02T10:36:28+00:00","description":"H-old poliestrowa ta\u015bma samoprzylepna P.40 to ta\u015bma samoprzylepna o grubo\u015bci 0,06 mm, kt\u00f3ra sk\u0142ada si\u0119 z no\u015bnika z folii poliestrowej i jest pokryta wysokiej jako\u015bci klejem silikonowym.","breadcrumb":{"@id":"https:\/\/cardinal-tapes.com\/pl\/ta\u015bmy-samoprzylepne\/jednostronne-tasmy-samoprzylepne\/folia-pet\/h-old-5369-poliestrowa-tasma-samoprzylepna\/#breadcrumb"},"inLanguage":"pl-PL","potentialAction":[{"@type":"ReadAction","target":["https:\/\/cardinal-tapes.com\/pl\/ta\u015bmy-samoprzylepne\/jednostronne-tasmy-samoprzylepne\/folia-pet\/h-old-5369-poliestrowa-tasma-samoprzylepna\/"]}]},{"@type":"ImageObject","inLanguage":"pl-PL","@id":"https:\/\/cardinal-tapes.com\/pl\/ta\u015bmy-samoprzylepne\/jednostronne-tasmy-samoprzylepne\/folia-pet\/h-old-5369-poliestrowa-tasma-samoprzylepna\/#primaryimage","url":"https:\/\/cardinal-tapes.com\/wp-content\/uploads\/H-old-Kapton-H20-H20AC-H220-H205-560-A_203724.png","contentUrl":"https:\/\/cardinal-tapes.com\/wp-content\/uploads\/H-old-Kapton-H20-H20AC-H220-H205-560-A_203724.png","width":415,"height":415},{"@type":"BreadcrumbList","@id":"https:\/\/cardinal-tapes.com\/pl\/ta\u015bmy-samoprzylepne\/jednostronne-tasmy-samoprzylepne\/folia-pet\/h-old-5369-poliestrowa-tasma-samoprzylepna\/#breadcrumb","itemListElement":[{"@type":"ListItem","position":1,"name":"Startseite","item":"https:\/\/cardinal-tapes.com\/pl\/strona-glowna\/"},{"@type":"ListItem","position":2,"name":"Ta\u015bmy samoprzylepne","item":"https:\/\/cardinal-tapes.com\/pl\/tasmy-samoprzylepne-pl\/"},{"@type":"ListItem","position":3,"name":"Einseitige Klebeb\u00e4nder","item":"https:\/\/cardinal-tapes.com\/kategorie\/einseitige-klebebaender\/"},{"@type":"ListItem","position":4,"name":"Ta\u015bma samoprzylepna poliimidowa h-old\u00ae 560"}]},{"@type":"WebSite","@id":"https:\/\/cardinal-tapes.com\/#website","url":"https:\/\/cardinal-tapes.com\/","name":"cardinal TAPES","description":"Klebetechnik aus Wuppertal","potentialAction":[{"@type":"SearchAction","target":{"@type":"EntryPoint","urlTemplate":"https:\/\/cardinal-tapes.com\/?s={search_term_string}"},"query-input":{"@type":"PropertyValueSpecification","valueRequired":true,"valueName":"search_term_string"}}],"inLanguage":"pl-PL"}]}},"brands":[{"id":2391,"name":"Saint-Gobain h-old","slug":"h-old-pl"},{"id":2400,"name":"Saint-Gobain Performance Plastics","slug":"saint-gobain-pl"}],"_links":{"self":[{"href":"https:\/\/cardinal-tapes.com\/pl\/wp-json\/wp\/v2\/product\/40617","targetHints":{"allow":["GET"]}}],"collection":[{"href":"https:\/\/cardinal-tapes.com\/pl\/wp-json\/wp\/v2\/product"}],"about":[{"href":"https:\/\/cardinal-tapes.com\/pl\/wp-json\/wp\/v2\/types\/product"}],"wp:featuredmedia":[{"embeddable":true,"href":"https:\/\/cardinal-tapes.com\/pl\/wp-json\/wp\/v2\/media\/78513"}],"wp:attachment":[{"href":"https:\/\/cardinal-tapes.com\/pl\/wp-json\/wp\/v2\/media?parent=40617"}],"wp:term":[{"taxonomy":"pwb-brand","embeddable":true,"href":"https:\/\/cardinal-tapes.com\/pl\/wp-json\/wp\/v2\/pwb-brand?post=40617"},{"taxonomy":"product_brand","embeddable":true,"href":"https:\/\/cardinal-tapes.com\/pl\/wp-json\/wp\/v2\/product_brand?post=40617"},{"taxonomy":"product_cat","embeddable":true,"href":"https:\/\/cardinal-tapes.com\/pl\/wp-json\/wp\/v2\/product_cat?post=40617"},{"taxonomy":"product_tag","embeddable":true,"href":"https:\/\/cardinal-tapes.com\/pl\/wp-json\/wp\/v2\/product_tag?post=40617"}],"curies":[{"name":"wp","href":"https:\/\/api.w.org\/{rel}","templated":true}]}}