{"id":40616,"date":"2022-01-05T11:15:10","date_gmt":"2023-06-05T14:55:42","guid":{"rendered":"https:\/\/cardinal.pixel-tal.de\/klebebaender\/bez-kategorii\/aluminiowa-tasma-samoprzylepna-h-old-4440\/"},"modified":"2025-07-02T12:29:32","modified_gmt":"2025-07-02T10:29:32","slug":"h-old-4440-aluminiowa-tasma-samoprzylepna","status":"publish","type":"product","link":"https:\/\/cardinal-tapes.com\/pl\/ta\u015bmy-samoprzylepne\/jednostronne-tasmy-samoprzylepne\/folia-pet\/h-old-4440-aluminiowa-tasma-samoprzylepna\/","title":{"rendered":"Aluminiowa ta\u015bma samoprzylepna h-old\u00ae 4440"},"content":{"rendered":"<p>Aluminiowa ta\u015bma samoprzylepna h-old\u00ae 4040 jest <g id=\"gid_3\"><g id=\"gid_4\">pokryta<\/g> akrylowym klejem<\/g> <g id=\"gid_2\">na bazie rozpuszczalnika<\/g> i <g id=\"gid_6\">zabezpieczona bia\u0142ym papierem <g id=\"gid_5\">silikonowanym<\/g><\/g> S\u0142u\u017cy <span id=\"[30,33]\" class=\"word\">do<\/span> <span id=\"[19,29]\" class=\"word\">uszczelniania<\/span> <span id=\"[34,45]\" class=\"word\">przewod\u00f3w kominowych<\/span> <span id=\"[61,64]\" class=\"word\">,<\/span> <span id=\"[47,60]\" class=\"word\">uszczelniania<\/span> <span id=\"[77,87]\" class=\"word\">izolacji<\/span> <span id=\"[65,76]\" class=\"word\">kana\u0142\u00f3w powietrznych<\/span> <span id=\"[88,90]\" class=\"word\">w<\/span> <span id=\"[91,94]\" class=\"word\">HVAC i jako izolacja termiczna k<span id=\"[0,10]\" class=\"word\">oncipated. Co wi\u0119cej, mo\u017ce to by\u0107<\/span><\/span><span id=\"[115,117]\" class=\"word\">Stosowane<\/span> <span id=\"[110,114]\" class=\"word\">r\u00f3wnie\u017c<\/span> w <span id=\"[122,144]\" class=\"word\">przemy\u015ble rozrywkowym<\/span> <span id=\"[145,148]\" class=\"word\">, aby<\/span> <span id=\"[149,161]\" class=\"word\">zapobiec<\/span> <span id=\"[166,179]\" class=\"word\">wydostawaniu si\u0119 \u015bwiat\u0142a<\/span> <span id=\"[180,183]\" class=\"word\">z<\/span> <span id=\"[184,194]\" class=\"word\">puszek pod\u0142ogowych<\/span> ,  <span id=\"[196,199]\" class=\"word\">do<\/span> <span id=\"[200,211]\" class=\"word\">Mocowanie<\/span> <span id=\"[212,216]\" class=\"word\">lub<\/span> <span id=\"[217,220]\" class=\"word\">dla<\/span> <span id=\"[221,227]\" class=\"word\">kszta\u0142towania<\/span> <span id=\"[228,231]\" class=\"word\">z<\/span> <span id=\"[232,245]\" class=\"word\">drzwi stodo\u0142y<\/span> <span id=\"[246,255]\" class=\"word\">by\u0107 u\u017cywany.<\/span><\/p>\n<p>&nbsp;<\/p>\n","protected":false},"excerpt":{"rendered":"<p>Aluminiowa ta\u015bma samoprzylepna h-old\u00ae 4040 jest pokryta akrylowym klejem na bazie rozpuszczalnika i zabezpieczona bia\u0142ym papierem silikonowanym S\u0142u\u017cy do uszczelniania przewod\u00f3w kominowych , uszczelniania izolacji kana\u0142\u00f3w powietrznych w HVAC i jako izolacja termiczna koncipated. Co wi\u0119cej, mo\u017ce to by\u0107Stosowane r\u00f3wnie\u017c w przemy\u015ble rozrywkowym , aby zapobiec wydostawaniu si\u0119 \u015bwiat\u0142a z puszek pod\u0142ogowych , do Mocowanie [&hellip;]<\/p>\n","protected":false},"featured_media":29034,"template":"","meta":{"_acf_changed":false},"pwb-brand":[2391,2400],"product_brand":[],"product_cat":[1816,1819],"product_tag":[],"class_list":{"0":"post-40616","1":"product","2":"type-product","3":"status-publish","4":"has-post-thumbnail","6":"pwb-brand-h-old-pl","7":"pwb-brand-saint-gobain-pl","8":"product_cat-jednostronne-tasmy-samoprzylepne","9":"product_cat-folia-pet","11":"first","12":"instock","13":"taxable","14":"shipping-taxable","15":"product-type-simple"},"acf":[],"yoast_head":"<!-- This site is optimized with the Yoast SEO plugin v27.3 - https:\/\/yoast.com\/product\/yoast-seo-wordpress\/ -->\n<title>Aluminiowa ta\u015bma samoprzylepna h-old\u00ae 4440 | Cardinal TAPES<\/title>\n<meta name=\"description\" content=\"H-old poliestrowa ta\u015bma samoprzylepna P.40 to ta\u015bma samoprzylepna o grubo\u015bci 0,06 mm, kt\u00f3ra sk\u0142ada si\u0119 z no\u015bnika z folii poliestrowej i jest pokryta wysokiej jako\u015bci klejem silikonowym.\" \/>\n<meta name=\"robots\" content=\"index, follow, max-snippet:-1, max-image-preview:large, max-video-preview:-1\" \/>\n<link rel=\"canonical\" href=\"https:\/\/cardinal-tapes.com\/pl\/ta\u015bmy-samoprzylepne\/jednostronne-tasmy-samoprzylepne\/folia-pet\/h-old-4440-aluminiowa-tasma-samoprzylepna\/\" \/>\n<meta property=\"og:locale\" content=\"pl_PL\" \/>\n<meta property=\"og:type\" content=\"article\" \/>\n<meta property=\"og:title\" content=\"Aluminiowa ta\u015bma samoprzylepna h-old\u00ae 4440 | Cardinal TAPES\" \/>\n<meta property=\"og:description\" content=\"H-old poliestrowa ta\u015bma samoprzylepna P.40 to ta\u015bma samoprzylepna o grubo\u015bci 0,06 mm, kt\u00f3ra sk\u0142ada si\u0119 z no\u015bnika z folii poliestrowej i jest pokryta wysokiej jako\u015bci klejem silikonowym.\" \/>\n<meta property=\"og:url\" content=\"https:\/\/cardinal-tapes.com\/pl\/ta\u015bmy-samoprzylepne\/jednostronne-tasmy-samoprzylepne\/folia-pet\/h-old-4440-aluminiowa-tasma-samoprzylepna\/\" \/>\n<meta property=\"og:site_name\" content=\"cardinal TAPES\" \/>\n<meta property=\"article:modified_time\" content=\"2025-07-02T10:29:32+00:00\" \/>\n<meta property=\"og:image\" content=\"https:\/\/cardinal-tapes.com\/wp-content\/uploads\/hold.png\" \/>\n\t<meta property=\"og:image:width\" content=\"437\" \/>\n\t<meta property=\"og:image:height\" content=\"426\" \/>\n\t<meta property=\"og:image:type\" content=\"image\/png\" \/>\n<meta name=\"twitter:card\" content=\"summary_large_image\" \/>\n<script type=\"application\/ld+json\" class=\"yoast-schema-graph\">{\"@context\":\"https:\\\/\\\/schema.org\",\"@graph\":[{\"@type\":\"WebPage\",\"@id\":\"https:\\\/\\\/cardinal-tapes.com\\\/pl\\\/ta\u015bmy-samoprzylepne\\\/jednostronne-tasmy-samoprzylepne\\\/folia-pet\\\/h-old-4440-aluminiowa-tasma-samoprzylepna\\\/\",\"url\":\"https:\\\/\\\/cardinal-tapes.com\\\/pl\\\/ta\u015bmy-samoprzylepne\\\/jednostronne-tasmy-samoprzylepne\\\/folia-pet\\\/h-old-4440-aluminiowa-tasma-samoprzylepna\\\/\",\"name\":\"Aluminiowa ta\u015bma samoprzylepna h-old\u00ae 4440 | Cardinal TAPES\",\"isPartOf\":{\"@id\":\"https:\\\/\\\/cardinal-tapes.com\\\/#website\"},\"primaryImageOfPage\":{\"@id\":\"https:\\\/\\\/cardinal-tapes.com\\\/pl\\\/ta\u015bmy-samoprzylepne\\\/jednostronne-tasmy-samoprzylepne\\\/folia-pet\\\/h-old-4440-aluminiowa-tasma-samoprzylepna\\\/#primaryimage\"},\"image\":{\"@id\":\"https:\\\/\\\/cardinal-tapes.com\\\/pl\\\/ta\u015bmy-samoprzylepne\\\/jednostronne-tasmy-samoprzylepne\\\/folia-pet\\\/h-old-4440-aluminiowa-tasma-samoprzylepna\\\/#primaryimage\"},\"thumbnailUrl\":\"https:\\\/\\\/cardinal-tapes.com\\\/wp-content\\\/uploads\\\/hold.png\",\"datePublished\":\"2023-06-05T14:55:42+00:00\",\"dateModified\":\"2025-07-02T10:29:32+00:00\",\"description\":\"H-old poliestrowa ta\u015bma samoprzylepna P.40 to ta\u015bma samoprzylepna o grubo\u015bci 0,06 mm, kt\u00f3ra sk\u0142ada si\u0119 z no\u015bnika z folii poliestrowej i jest pokryta wysokiej jako\u015bci klejem silikonowym.\",\"breadcrumb\":{\"@id\":\"https:\\\/\\\/cardinal-tapes.com\\\/pl\\\/ta\u015bmy-samoprzylepne\\\/jednostronne-tasmy-samoprzylepne\\\/folia-pet\\\/h-old-4440-aluminiowa-tasma-samoprzylepna\\\/#breadcrumb\"},\"inLanguage\":\"pl-PL\",\"potentialAction\":[{\"@type\":\"ReadAction\",\"target\":[\"https:\\\/\\\/cardinal-tapes.com\\\/pl\\\/ta\u015bmy-samoprzylepne\\\/jednostronne-tasmy-samoprzylepne\\\/folia-pet\\\/h-old-4440-aluminiowa-tasma-samoprzylepna\\\/\"]}]},{\"@type\":\"ImageObject\",\"inLanguage\":\"pl-PL\",\"@id\":\"https:\\\/\\\/cardinal-tapes.com\\\/pl\\\/ta\u015bmy-samoprzylepne\\\/jednostronne-tasmy-samoprzylepne\\\/folia-pet\\\/h-old-4440-aluminiowa-tasma-samoprzylepna\\\/#primaryimage\",\"url\":\"https:\\\/\\\/cardinal-tapes.com\\\/wp-content\\\/uploads\\\/hold.png\",\"contentUrl\":\"https:\\\/\\\/cardinal-tapes.com\\\/wp-content\\\/uploads\\\/hold.png\",\"width\":437,\"height\":426},{\"@type\":\"BreadcrumbList\",\"@id\":\"https:\\\/\\\/cardinal-tapes.com\\\/pl\\\/ta\u015bmy-samoprzylepne\\\/jednostronne-tasmy-samoprzylepne\\\/folia-pet\\\/h-old-4440-aluminiowa-tasma-samoprzylepna\\\/#breadcrumb\",\"itemListElement\":[{\"@type\":\"ListItem\",\"position\":1,\"name\":\"Startseite\",\"item\":\"https:\\\/\\\/cardinal-tapes.com\\\/pl\\\/strona-glowna\\\/\"},{\"@type\":\"ListItem\",\"position\":2,\"name\":\"Ta\u015bmy samoprzylepne\",\"item\":\"https:\\\/\\\/cardinal-tapes.com\\\/pl\\\/tasmy-samoprzylepne-pl\\\/\"},{\"@type\":\"ListItem\",\"position\":3,\"name\":\"Jednostronne ta\u015bmy samoprzylepne\",\"item\":\"https:\\\/\\\/cardinal-tapes.com\\\/pl\\\/kategoria\\\/jednostronne-tasmy-samoprzylepne\\\/\"},{\"@type\":\"ListItem\",\"position\":4,\"name\":\"Folia PET\",\"item\":\"https:\\\/\\\/cardinal-tapes.com\\\/pl\\\/kategoria\\\/folia-pet\\\/\"},{\"@type\":\"ListItem\",\"position\":5,\"name\":\"Aluminiowa ta\u015bma samoprzylepna h-old\u00ae 4440\"}]},{\"@type\":\"WebSite\",\"@id\":\"https:\\\/\\\/cardinal-tapes.com\\\/#website\",\"url\":\"https:\\\/\\\/cardinal-tapes.com\\\/\",\"name\":\"cardinal TAPES\",\"description\":\"Klebetechnik aus Wuppertal\",\"potentialAction\":[{\"@type\":\"SearchAction\",\"target\":{\"@type\":\"EntryPoint\",\"urlTemplate\":\"https:\\\/\\\/cardinal-tapes.com\\\/?s={search_term_string}\"},\"query-input\":{\"@type\":\"PropertyValueSpecification\",\"valueRequired\":true,\"valueName\":\"search_term_string\"}}],\"inLanguage\":\"pl-PL\"}]}<\/script>\n<!-- \/ Yoast SEO plugin. -->","yoast_head_json":{"title":"Aluminiowa ta\u015bma samoprzylepna h-old\u00ae 4440 | Cardinal TAPES","description":"H-old poliestrowa ta\u015bma samoprzylepna P.40 to ta\u015bma samoprzylepna o grubo\u015bci 0,06 mm, kt\u00f3ra sk\u0142ada si\u0119 z no\u015bnika z folii poliestrowej i jest pokryta wysokiej jako\u015bci klejem silikonowym.","robots":{"index":"index","follow":"follow","max-snippet":"max-snippet:-1","max-image-preview":"max-image-preview:large","max-video-preview":"max-video-preview:-1"},"canonical":"https:\/\/cardinal-tapes.com\/pl\/ta\u015bmy-samoprzylepne\/jednostronne-tasmy-samoprzylepne\/folia-pet\/h-old-4440-aluminiowa-tasma-samoprzylepna\/","og_locale":"pl_PL","og_type":"article","og_title":"Aluminiowa ta\u015bma samoprzylepna h-old\u00ae 4440 | Cardinal TAPES","og_description":"H-old poliestrowa ta\u015bma samoprzylepna P.40 to ta\u015bma samoprzylepna o grubo\u015bci 0,06 mm, kt\u00f3ra sk\u0142ada si\u0119 z no\u015bnika z folii poliestrowej i jest pokryta wysokiej jako\u015bci klejem silikonowym.","og_url":"https:\/\/cardinal-tapes.com\/pl\/ta\u015bmy-samoprzylepne\/jednostronne-tasmy-samoprzylepne\/folia-pet\/h-old-4440-aluminiowa-tasma-samoprzylepna\/","og_site_name":"cardinal TAPES","article_modified_time":"2025-07-02T10:29:32+00:00","og_image":[{"width":437,"height":426,"url":"https:\/\/cardinal-tapes.com\/wp-content\/uploads\/hold.png","type":"image\/png"}],"twitter_card":"summary_large_image","schema":{"@context":"https:\/\/schema.org","@graph":[{"@type":"WebPage","@id":"https:\/\/cardinal-tapes.com\/pl\/ta\u015bmy-samoprzylepne\/jednostronne-tasmy-samoprzylepne\/folia-pet\/h-old-4440-aluminiowa-tasma-samoprzylepna\/","url":"https:\/\/cardinal-tapes.com\/pl\/ta\u015bmy-samoprzylepne\/jednostronne-tasmy-samoprzylepne\/folia-pet\/h-old-4440-aluminiowa-tasma-samoprzylepna\/","name":"Aluminiowa ta\u015bma samoprzylepna h-old\u00ae 4440 | Cardinal TAPES","isPartOf":{"@id":"https:\/\/cardinal-tapes.com\/#website"},"primaryImageOfPage":{"@id":"https:\/\/cardinal-tapes.com\/pl\/ta\u015bmy-samoprzylepne\/jednostronne-tasmy-samoprzylepne\/folia-pet\/h-old-4440-aluminiowa-tasma-samoprzylepna\/#primaryimage"},"image":{"@id":"https:\/\/cardinal-tapes.com\/pl\/ta\u015bmy-samoprzylepne\/jednostronne-tasmy-samoprzylepne\/folia-pet\/h-old-4440-aluminiowa-tasma-samoprzylepna\/#primaryimage"},"thumbnailUrl":"https:\/\/cardinal-tapes.com\/wp-content\/uploads\/hold.png","datePublished":"2023-06-05T14:55:42+00:00","dateModified":"2025-07-02T10:29:32+00:00","description":"H-old poliestrowa ta\u015bma samoprzylepna P.40 to ta\u015bma samoprzylepna o grubo\u015bci 0,06 mm, kt\u00f3ra sk\u0142ada si\u0119 z no\u015bnika z folii poliestrowej i jest pokryta wysokiej jako\u015bci klejem silikonowym.","breadcrumb":{"@id":"https:\/\/cardinal-tapes.com\/pl\/ta\u015bmy-samoprzylepne\/jednostronne-tasmy-samoprzylepne\/folia-pet\/h-old-4440-aluminiowa-tasma-samoprzylepna\/#breadcrumb"},"inLanguage":"pl-PL","potentialAction":[{"@type":"ReadAction","target":["https:\/\/cardinal-tapes.com\/pl\/ta\u015bmy-samoprzylepne\/jednostronne-tasmy-samoprzylepne\/folia-pet\/h-old-4440-aluminiowa-tasma-samoprzylepna\/"]}]},{"@type":"ImageObject","inLanguage":"pl-PL","@id":"https:\/\/cardinal-tapes.com\/pl\/ta\u015bmy-samoprzylepne\/jednostronne-tasmy-samoprzylepne\/folia-pet\/h-old-4440-aluminiowa-tasma-samoprzylepna\/#primaryimage","url":"https:\/\/cardinal-tapes.com\/wp-content\/uploads\/hold.png","contentUrl":"https:\/\/cardinal-tapes.com\/wp-content\/uploads\/hold.png","width":437,"height":426},{"@type":"BreadcrumbList","@id":"https:\/\/cardinal-tapes.com\/pl\/ta\u015bmy-samoprzylepne\/jednostronne-tasmy-samoprzylepne\/folia-pet\/h-old-4440-aluminiowa-tasma-samoprzylepna\/#breadcrumb","itemListElement":[{"@type":"ListItem","position":1,"name":"Startseite","item":"https:\/\/cardinal-tapes.com\/pl\/strona-glowna\/"},{"@type":"ListItem","position":2,"name":"Ta\u015bmy samoprzylepne","item":"https:\/\/cardinal-tapes.com\/pl\/tasmy-samoprzylepne-pl\/"},{"@type":"ListItem","position":3,"name":"Jednostronne ta\u015bmy samoprzylepne","item":"https:\/\/cardinal-tapes.com\/pl\/kategoria\/jednostronne-tasmy-samoprzylepne\/"},{"@type":"ListItem","position":4,"name":"Folia PET","item":"https:\/\/cardinal-tapes.com\/pl\/kategoria\/folia-pet\/"},{"@type":"ListItem","position":5,"name":"Aluminiowa ta\u015bma samoprzylepna h-old\u00ae 4440"}]},{"@type":"WebSite","@id":"https:\/\/cardinal-tapes.com\/#website","url":"https:\/\/cardinal-tapes.com\/","name":"cardinal TAPES","description":"Klebetechnik aus Wuppertal","potentialAction":[{"@type":"SearchAction","target":{"@type":"EntryPoint","urlTemplate":"https:\/\/cardinal-tapes.com\/?s={search_term_string}"},"query-input":{"@type":"PropertyValueSpecification","valueRequired":true,"valueName":"search_term_string"}}],"inLanguage":"pl-PL"}]}},"brands":[{"id":2391,"name":"Saint-Gobain h-old","slug":"h-old-pl"},{"id":2400,"name":"Saint-Gobain Performance Plastics","slug":"saint-gobain-pl"}],"_links":{"self":[{"href":"https:\/\/cardinal-tapes.com\/pl\/wp-json\/wp\/v2\/product\/40616","targetHints":{"allow":["GET"]}}],"collection":[{"href":"https:\/\/cardinal-tapes.com\/pl\/wp-json\/wp\/v2\/product"}],"about":[{"href":"https:\/\/cardinal-tapes.com\/pl\/wp-json\/wp\/v2\/types\/product"}],"wp:featuredmedia":[{"embeddable":true,"href":"https:\/\/cardinal-tapes.com\/pl\/wp-json\/wp\/v2\/media\/29034"}],"wp:attachment":[{"href":"https:\/\/cardinal-tapes.com\/pl\/wp-json\/wp\/v2\/media?parent=40616"}],"wp:term":[{"taxonomy":"pwb-brand","embeddable":true,"href":"https:\/\/cardinal-tapes.com\/pl\/wp-json\/wp\/v2\/pwb-brand?post=40616"},{"taxonomy":"product_brand","embeddable":true,"href":"https:\/\/cardinal-tapes.com\/pl\/wp-json\/wp\/v2\/product_brand?post=40616"},{"taxonomy":"product_cat","embeddable":true,"href":"https:\/\/cardinal-tapes.com\/pl\/wp-json\/wp\/v2\/product_cat?post=40616"},{"taxonomy":"product_tag","embeddable":true,"href":"https:\/\/cardinal-tapes.com\/pl\/wp-json\/wp\/v2\/product_tag?post=40616"}],"curies":[{"name":"wp","href":"https:\/\/api.w.org\/{rel}","templated":true}]}}