{"id":40493,"date":"2022-07-08T08:57:01","date_gmt":"2022-07-08T06:57:01","guid":{"rendered":"https:\/\/cardinal.pixel-tal.de\/klebebaender\/bez-kategorii\/tasma-papierowa-tasma-pakowa-tesa-4713\/"},"modified":"2025-07-02T12:33:51","modified_gmt":"2025-07-02T10:33:51","slug":"tesa-4713-papier-tasma-przylepna","status":"publish","type":"product","link":"https:\/\/cardinal-tapes.com\/pl\/ta\u015bmy-samoprzylepne\/obszary-zastosowan\/tasma-papierowa\/tesa-4713-papier-tasma-przylepna\/","title":{"rendered":"Ta\u015bma papierowa \/ ta\u015bma pakowa tesa\u00ae 4713"},"content":{"rendered":"<p><span class=\"lowercase\">tesa\u00ae<\/span>4713 to uniwersalna ta\u015bma pakowa na bazie cienkiego papieru krepowego i kleju z kauczuku naturalnego.<br \/>\nPod\u0142o\u017ce ta\u015bmy <span class=\"lowercase\">tesa\u00ae<\/span>4713 wykonane jest z papieru pochodz\u0105cego z dobrze zarz\u0105dzanych las\u00f3w z certyfikatem FSC\u00ae i innych kontrolowanych \u017ar\u00f3de\u0142.<br \/>\nSystem kleju z kauczuku naturalnego niezawieraj\u0105cy rozpuszczalnik\u00f3w charakteryzuje si\u0119 dobr\u0105 przyczepno\u015bci\u0105 do szerokiej gamy powierzchni i dobr\u0105 przyczepno\u015bci\u0105 pocz\u0105tkow\u0105.<\/p>\n<p>Ta\u015bma opakowaniowa jest przeznaczona do lekkich opakowa\u0144 kartonowych o wadze do 10 kg i jest idealna zar\u00f3wno do aplikacji r\u0119cznej, jak i automatycznej.<br \/>\nWysoka si\u0142a klejenia, nawet na kartonach z recyklingu, a tak\u017ce mo\u017cliwo\u015b\u0107 zadruku no\u015bnika sprawiaj\u0105, \u017ce produkt jest niezawodnym rozwi\u0105zaniem w sektorze opakowa\u0144.<\/p>\n<p><strong>Zastosowania<\/strong><\/p>\n<ul>\n<li>Zamkni\u0119cie opakowania<\/li>\n<li>Nadaje si\u0119 do lekkich karton\u00f3w<\/li>\n<li>Dobra przyczepno\u015b\u0107 do kartonu r\u00f3\u017cnej jako\u015bci<\/li>\n<li>Nadaje si\u0119 do zastosowa\u0144 r\u0119cznych i automatycznych<\/li>\n<li>Przyjazna dla recyklingu ta\u015bma samoprzylepna, przetestowana zgodnie z metod\u0105 INGEDE<\/li>\n<\/ul>\n<p><a href=\"https:\/\/www.tesa.com\/de-de\/industrie\/allgemeine-anwendungen-produkte\/technologie-trends\/jetzt-neu-tesa-4713-papierklebeband-eine-umweltfreundliche-verpackungsloesung.html\" target=\"_blank\" rel=\"noopener nofollow\">Wi\u0119cej informacji.<\/a><\/p>\n","protected":false},"excerpt":{"rendered":"<p>tesa\u00ae4713 to uniwersalna ta\u015bma pakowa na bazie cienkiego papieru krepowego i kleju z kauczuku naturalnego. Pod\u0142o\u017ce ta\u015bmy tesa\u00ae4713 wykonane jest z papieru pochodz\u0105cego z dobrze zarz\u0105dzanych las\u00f3w z certyfikatem FSC\u00ae i innych kontrolowanych \u017ar\u00f3de\u0142. System kleju z kauczuku naturalnego niezawieraj\u0105cy rozpuszczalnik\u00f3w charakteryzuje si\u0119 dobr\u0105 przyczepno\u015bci\u0105 do szerokiej gamy powierzchni i dobr\u0105 przyczepno\u015bci\u0105 pocz\u0105tkow\u0105. Ta\u015bma opakowaniowa [&hellip;]<\/p>\n","protected":false},"featured_media":28898,"template":"","meta":{"_acf_changed":false},"pwb-brand":[2164],"product_brand":[],"product_cat":[1786,1816,1867],"product_tag":[],"class_list":{"0":"post-40493","1":"product","2":"type-product","3":"status-publish","4":"has-post-thumbnail","6":"pwb-brand-tesa-pl","7":"product_cat-tasma-papierowa","8":"product_cat-jednostronne-tasmy-samoprzylepne","9":"product_cat-systemy-pakowania","11":"first","12":"instock","13":"featured","14":"taxable","15":"shipping-taxable","16":"purchasable","17":"product-type-variable"},"acf":[],"yoast_head":"<!-- This site is optimized with the Yoast SEO plugin v27.3 - https:\/\/yoast.com\/product\/yoast-seo-wordpress\/ -->\n<title>Ta\u015bma papierowa tesa\u00ae 4713 \/ ta\u015bma pakowa | Cardinal TAPES<\/title>\n<meta name=\"description\" content=\"Ta\u015bma pakowa tesa\u00ae 4713 z papierem pochodz\u0105cym ze zr\u00f3wnowa\u017conych \u017ar\u00f3de\u0142 jest przyjazna dla \u015brodowiska, niezawodna i konkurencyjna.\" \/>\n<meta name=\"robots\" content=\"index, follow, max-snippet:-1, max-image-preview:large, max-video-preview:-1\" \/>\n<link rel=\"canonical\" href=\"https:\/\/cardinal-tapes.com\/pl\/ta\u015bmy-samoprzylepne\/obszary-zastosowan\/tasma-papierowa\/tesa-4713-papier-tasma-przylepna\/\" \/>\n<meta property=\"og:locale\" content=\"pl_PL\" \/>\n<meta property=\"og:type\" content=\"article\" \/>\n<meta property=\"og:title\" content=\"Ta\u015bma papierowa tesa\u00ae 4713 \/ ta\u015bma pakowa | Cardinal TAPES\" \/>\n<meta property=\"og:description\" content=\"Ta\u015bma pakowa tesa\u00ae 4713 z papierem pochodz\u0105cym ze zr\u00f3wnowa\u017conych \u017ar\u00f3de\u0142 jest przyjazna dla \u015brodowiska, niezawodna i konkurencyjna.\" \/>\n<meta property=\"og:url\" content=\"https:\/\/cardinal-tapes.com\/pl\/ta\u015bmy-samoprzylepne\/obszary-zastosowan\/tasma-papierowa\/tesa-4713-papier-tasma-przylepna\/\" \/>\n<meta property=\"og:site_name\" content=\"cardinal TAPES\" \/>\n<meta property=\"article:modified_time\" content=\"2025-07-02T10:33:51+00:00\" \/>\n<meta property=\"og:image\" content=\"https:\/\/cardinal-tapes.com\/wp-content\/uploads\/tesa-4713.webp\" \/>\n\t<meta property=\"og:image:width\" content=\"608\" \/>\n\t<meta property=\"og:image:height\" content=\"608\" \/>\n\t<meta property=\"og:image:type\" content=\"image\/webp\" \/>\n<meta name=\"twitter:card\" content=\"summary_large_image\" \/>\n<meta name=\"twitter:label1\" content=\"Szacowany czas czytania\" \/>\n\t<meta name=\"twitter:data1\" content=\"1 minuta\" \/>\n<script type=\"application\/ld+json\" class=\"yoast-schema-graph\">{\"@context\":\"https:\\\/\\\/schema.org\",\"@graph\":[{\"@type\":\"WebPage\",\"@id\":\"https:\\\/\\\/cardinal-tapes.com\\\/pl\\\/ta\u015bmy-samoprzylepne\\\/obszary-zastosowan\\\/tasma-papierowa\\\/tesa-4713-papier-tasma-przylepna\\\/\",\"url\":\"https:\\\/\\\/cardinal-tapes.com\\\/pl\\\/ta\u015bmy-samoprzylepne\\\/obszary-zastosowan\\\/tasma-papierowa\\\/tesa-4713-papier-tasma-przylepna\\\/\",\"name\":\"Ta\u015bma papierowa tesa\u00ae 4713 \\\/ ta\u015bma pakowa | Cardinal TAPES\",\"isPartOf\":{\"@id\":\"https:\\\/\\\/cardinal-tapes.com\\\/#website\"},\"primaryImageOfPage\":{\"@id\":\"https:\\\/\\\/cardinal-tapes.com\\\/pl\\\/ta\u015bmy-samoprzylepne\\\/obszary-zastosowan\\\/tasma-papierowa\\\/tesa-4713-papier-tasma-przylepna\\\/#primaryimage\"},\"image\":{\"@id\":\"https:\\\/\\\/cardinal-tapes.com\\\/pl\\\/ta\u015bmy-samoprzylepne\\\/obszary-zastosowan\\\/tasma-papierowa\\\/tesa-4713-papier-tasma-przylepna\\\/#primaryimage\"},\"thumbnailUrl\":\"https:\\\/\\\/cardinal-tapes.com\\\/wp-content\\\/uploads\\\/tesa-4713.webp\",\"datePublished\":\"2022-07-08T06:57:01+00:00\",\"dateModified\":\"2025-07-02T10:33:51+00:00\",\"description\":\"Ta\u015bma pakowa tesa\u00ae 4713 z papierem pochodz\u0105cym ze zr\u00f3wnowa\u017conych \u017ar\u00f3de\u0142 jest przyjazna dla \u015brodowiska, niezawodna i konkurencyjna.\",\"breadcrumb\":{\"@id\":\"https:\\\/\\\/cardinal-tapes.com\\\/pl\\\/ta\u015bmy-samoprzylepne\\\/obszary-zastosowan\\\/tasma-papierowa\\\/tesa-4713-papier-tasma-przylepna\\\/#breadcrumb\"},\"inLanguage\":\"pl-PL\",\"potentialAction\":[{\"@type\":\"ReadAction\",\"target\":[\"https:\\\/\\\/cardinal-tapes.com\\\/pl\\\/ta\u015bmy-samoprzylepne\\\/obszary-zastosowan\\\/tasma-papierowa\\\/tesa-4713-papier-tasma-przylepna\\\/\"]}]},{\"@type\":\"ImageObject\",\"inLanguage\":\"pl-PL\",\"@id\":\"https:\\\/\\\/cardinal-tapes.com\\\/pl\\\/ta\u015bmy-samoprzylepne\\\/obszary-zastosowan\\\/tasma-papierowa\\\/tesa-4713-papier-tasma-przylepna\\\/#primaryimage\",\"url\":\"https:\\\/\\\/cardinal-tapes.com\\\/wp-content\\\/uploads\\\/tesa-4713.webp\",\"contentUrl\":\"https:\\\/\\\/cardinal-tapes.com\\\/wp-content\\\/uploads\\\/tesa-4713.webp\",\"width\":608,\"height\":608},{\"@type\":\"BreadcrumbList\",\"@id\":\"https:\\\/\\\/cardinal-tapes.com\\\/pl\\\/ta\u015bmy-samoprzylepne\\\/obszary-zastosowan\\\/tasma-papierowa\\\/tesa-4713-papier-tasma-przylepna\\\/#breadcrumb\",\"itemListElement\":[{\"@type\":\"ListItem\",\"position\":1,\"name\":\"Startseite\",\"item\":\"https:\\\/\\\/cardinal-tapes.com\\\/pl\\\/strona-glowna\\\/\"},{\"@type\":\"ListItem\",\"position\":2,\"name\":\"Ta\u015bmy samoprzylepne\",\"item\":\"https:\\\/\\\/cardinal-tapes.com\\\/pl\\\/tasmy-samoprzylepne-pl\\\/\"},{\"@type\":\"ListItem\",\"position\":3,\"name\":\"Obszary zastosowa\u0144\",\"item\":\"https:\\\/\\\/cardinal-tapes.com\\\/pl\\\/kategoria\\\/obszary-zastosowan\\\/\"},{\"@type\":\"ListItem\",\"position\":4,\"name\":\"Ta\u015bma papierowa\",\"item\":\"https:\\\/\\\/cardinal-tapes.com\\\/pl\\\/kategoria\\\/tasma-papierowa\\\/\"},{\"@type\":\"ListItem\",\"position\":5,\"name\":\"Ta\u015bma papierowa \\\/ ta\u015bma pakowa tesa\u00ae 4713\"}]},{\"@type\":\"WebSite\",\"@id\":\"https:\\\/\\\/cardinal-tapes.com\\\/#website\",\"url\":\"https:\\\/\\\/cardinal-tapes.com\\\/\",\"name\":\"cardinal TAPES\",\"description\":\"Klebetechnik aus Wuppertal\",\"potentialAction\":[{\"@type\":\"SearchAction\",\"target\":{\"@type\":\"EntryPoint\",\"urlTemplate\":\"https:\\\/\\\/cardinal-tapes.com\\\/?s={search_term_string}\"},\"query-input\":{\"@type\":\"PropertyValueSpecification\",\"valueRequired\":true,\"valueName\":\"search_term_string\"}}],\"inLanguage\":\"pl-PL\"}]}<\/script>\n<!-- \/ Yoast SEO plugin. -->","yoast_head_json":{"title":"Ta\u015bma papierowa tesa\u00ae 4713 \/ ta\u015bma pakowa | Cardinal TAPES","description":"Ta\u015bma pakowa tesa\u00ae 4713 z papierem pochodz\u0105cym ze zr\u00f3wnowa\u017conych \u017ar\u00f3de\u0142 jest przyjazna dla \u015brodowiska, niezawodna i konkurencyjna.","robots":{"index":"index","follow":"follow","max-snippet":"max-snippet:-1","max-image-preview":"max-image-preview:large","max-video-preview":"max-video-preview:-1"},"canonical":"https:\/\/cardinal-tapes.com\/pl\/ta\u015bmy-samoprzylepne\/obszary-zastosowan\/tasma-papierowa\/tesa-4713-papier-tasma-przylepna\/","og_locale":"pl_PL","og_type":"article","og_title":"Ta\u015bma papierowa tesa\u00ae 4713 \/ ta\u015bma pakowa | Cardinal TAPES","og_description":"Ta\u015bma pakowa tesa\u00ae 4713 z papierem pochodz\u0105cym ze zr\u00f3wnowa\u017conych \u017ar\u00f3de\u0142 jest przyjazna dla \u015brodowiska, niezawodna i konkurencyjna.","og_url":"https:\/\/cardinal-tapes.com\/pl\/ta\u015bmy-samoprzylepne\/obszary-zastosowan\/tasma-papierowa\/tesa-4713-papier-tasma-przylepna\/","og_site_name":"cardinal TAPES","article_modified_time":"2025-07-02T10:33:51+00:00","og_image":[{"width":608,"height":608,"url":"https:\/\/cardinal-tapes.com\/wp-content\/uploads\/tesa-4713.webp","type":"image\/webp"}],"twitter_card":"summary_large_image","twitter_misc":{"Szacowany czas czytania":"1 minuta"},"schema":{"@context":"https:\/\/schema.org","@graph":[{"@type":"WebPage","@id":"https:\/\/cardinal-tapes.com\/pl\/ta\u015bmy-samoprzylepne\/obszary-zastosowan\/tasma-papierowa\/tesa-4713-papier-tasma-przylepna\/","url":"https:\/\/cardinal-tapes.com\/pl\/ta\u015bmy-samoprzylepne\/obszary-zastosowan\/tasma-papierowa\/tesa-4713-papier-tasma-przylepna\/","name":"Ta\u015bma papierowa tesa\u00ae 4713 \/ ta\u015bma pakowa | Cardinal TAPES","isPartOf":{"@id":"https:\/\/cardinal-tapes.com\/#website"},"primaryImageOfPage":{"@id":"https:\/\/cardinal-tapes.com\/pl\/ta\u015bmy-samoprzylepne\/obszary-zastosowan\/tasma-papierowa\/tesa-4713-papier-tasma-przylepna\/#primaryimage"},"image":{"@id":"https:\/\/cardinal-tapes.com\/pl\/ta\u015bmy-samoprzylepne\/obszary-zastosowan\/tasma-papierowa\/tesa-4713-papier-tasma-przylepna\/#primaryimage"},"thumbnailUrl":"https:\/\/cardinal-tapes.com\/wp-content\/uploads\/tesa-4713.webp","datePublished":"2022-07-08T06:57:01+00:00","dateModified":"2025-07-02T10:33:51+00:00","description":"Ta\u015bma pakowa tesa\u00ae 4713 z papierem pochodz\u0105cym ze zr\u00f3wnowa\u017conych \u017ar\u00f3de\u0142 jest przyjazna dla \u015brodowiska, niezawodna i konkurencyjna.","breadcrumb":{"@id":"https:\/\/cardinal-tapes.com\/pl\/ta\u015bmy-samoprzylepne\/obszary-zastosowan\/tasma-papierowa\/tesa-4713-papier-tasma-przylepna\/#breadcrumb"},"inLanguage":"pl-PL","potentialAction":[{"@type":"ReadAction","target":["https:\/\/cardinal-tapes.com\/pl\/ta\u015bmy-samoprzylepne\/obszary-zastosowan\/tasma-papierowa\/tesa-4713-papier-tasma-przylepna\/"]}]},{"@type":"ImageObject","inLanguage":"pl-PL","@id":"https:\/\/cardinal-tapes.com\/pl\/ta\u015bmy-samoprzylepne\/obszary-zastosowan\/tasma-papierowa\/tesa-4713-papier-tasma-przylepna\/#primaryimage","url":"https:\/\/cardinal-tapes.com\/wp-content\/uploads\/tesa-4713.webp","contentUrl":"https:\/\/cardinal-tapes.com\/wp-content\/uploads\/tesa-4713.webp","width":608,"height":608},{"@type":"BreadcrumbList","@id":"https:\/\/cardinal-tapes.com\/pl\/ta\u015bmy-samoprzylepne\/obszary-zastosowan\/tasma-papierowa\/tesa-4713-papier-tasma-przylepna\/#breadcrumb","itemListElement":[{"@type":"ListItem","position":1,"name":"Startseite","item":"https:\/\/cardinal-tapes.com\/pl\/strona-glowna\/"},{"@type":"ListItem","position":2,"name":"Ta\u015bmy samoprzylepne","item":"https:\/\/cardinal-tapes.com\/pl\/tasmy-samoprzylepne-pl\/"},{"@type":"ListItem","position":3,"name":"Obszary zastosowa\u0144","item":"https:\/\/cardinal-tapes.com\/pl\/kategoria\/obszary-zastosowan\/"},{"@type":"ListItem","position":4,"name":"Ta\u015bma papierowa","item":"https:\/\/cardinal-tapes.com\/pl\/kategoria\/tasma-papierowa\/"},{"@type":"ListItem","position":5,"name":"Ta\u015bma papierowa \/ ta\u015bma pakowa tesa\u00ae 4713"}]},{"@type":"WebSite","@id":"https:\/\/cardinal-tapes.com\/#website","url":"https:\/\/cardinal-tapes.com\/","name":"cardinal TAPES","description":"Klebetechnik aus Wuppertal","potentialAction":[{"@type":"SearchAction","target":{"@type":"EntryPoint","urlTemplate":"https:\/\/cardinal-tapes.com\/?s={search_term_string}"},"query-input":{"@type":"PropertyValueSpecification","valueRequired":true,"valueName":"search_term_string"}}],"inLanguage":"pl-PL"}]}},"brands":[{"id":2164,"name":"tesa","slug":"tesa-pl"}],"_links":{"self":[{"href":"https:\/\/cardinal-tapes.com\/pl\/wp-json\/wp\/v2\/product\/40493","targetHints":{"allow":["GET"]}}],"collection":[{"href":"https:\/\/cardinal-tapes.com\/pl\/wp-json\/wp\/v2\/product"}],"about":[{"href":"https:\/\/cardinal-tapes.com\/pl\/wp-json\/wp\/v2\/types\/product"}],"wp:featuredmedia":[{"embeddable":true,"href":"https:\/\/cardinal-tapes.com\/pl\/wp-json\/wp\/v2\/media\/28898"}],"wp:attachment":[{"href":"https:\/\/cardinal-tapes.com\/pl\/wp-json\/wp\/v2\/media?parent=40493"}],"wp:term":[{"taxonomy":"pwb-brand","embeddable":true,"href":"https:\/\/cardinal-tapes.com\/pl\/wp-json\/wp\/v2\/pwb-brand?post=40493"},{"taxonomy":"product_brand","embeddable":true,"href":"https:\/\/cardinal-tapes.com\/pl\/wp-json\/wp\/v2\/product_brand?post=40493"},{"taxonomy":"product_cat","embeddable":true,"href":"https:\/\/cardinal-tapes.com\/pl\/wp-json\/wp\/v2\/product_cat?post=40493"},{"taxonomy":"product_tag","embeddable":true,"href":"https:\/\/cardinal-tapes.com\/pl\/wp-json\/wp\/v2\/product_tag?post=40493"}],"curies":[{"name":"wp","href":"https:\/\/api.w.org\/{rel}","templated":true}]}}