{"id":40402,"date":"2022-08-15T10:05:33","date_gmt":"2022-08-15T08:05:33","guid":{"rendered":"https:\/\/cardinal.pixel-tal.de\/klebebaender\/bez-kategorii\/tasma-samoprzylepna-3m-vhb-gph-060gf\/"},"modified":"2025-07-02T12:23:33","modified_gmt":"2025-07-02T10:23:33","slug":"3m-vhb-klebeband-gph-060gf","status":"publish","type":"product","link":"https:\/\/cardinal-tapes.com\/pl\/ta\u015bmy-samoprzylepne\/obszary-zastosowan\/przemysl-motoryzacyjny\/3m-vhb-klebeband-gph-060gf\/","title":{"rendered":"Ta\u015bma samoprzylepna 3M\u2122 VHB\u2122 GPH-060GF"},"content":{"rendered":"<p>Wysokowydajne ta\u015bmy 3M\u2122 VHB\u2122 to dwustronne ta\u015bmy wykonane z akrylowego kleju o zamkni\u0119tych kom\u00f3rkach. Oferuj\u0105 one wysok\u0105 zdolno\u015b\u0107 adaptacji do klejonych powierzchni. G\u0142adkie lub strukturalne powierzchnie mog\u0105 by\u0107 klejone na ca\u0142ej powierzchni bez napr\u0119\u017ce\u0144. Idealnie nadaje si\u0119 do r\u00f3\u017cnych materia\u0142\u00f3w o wysokiej i \u015bredniej energii powierzchniowej, takich jak metale, tworzywa sztuczne, lakiery lub szk\u0142o.<\/p>\n<p><strong>W\u0142a\u015bciwo\u015bci<\/strong><br \/>\nAkrylowy rdze\u0144 ta\u015bmy samoprzylepnej o zamkni\u0119tych kom\u00f3rkach tworzy niemal nierozerwaln\u0105 ca\u0142o\u015b\u0107 z dwiema funkcjonalnymi powierzchniami klej\u0105cymi. Wiskoelastyczny klej tworzy trwa\u0142e po\u0142\u0105czenie bez napr\u0119\u017ce\u0144, w przeciwie\u0144stwie do konwencjonalnych piankowych ta\u015bm samoprzylepnych. Ponadto wysokowydajne systemy po\u0142\u0105cze\u0144 3M\u2122 VHB\u2122 t\u0142umi\u0105 drgania i uszczelniaj\u0105 dzi\u0119ki zamkni\u0119tej strukturze kom\u00f3rkowej.<\/p>\n<p><strong>Zastosowania<br \/>\n<\/strong>&#8211; Do monta\u017cu element\u00f3w przed na\u0142o\u017ceniem farby za pomoc\u0105 utwardzania cieplnego, jak w przypadku malowania proszkowego lub ciek\u0142ego<br \/>\n&#8211; Do zastosowa\u0144 w wysokich temperaturach roboczych do 150 \u00b0C przez d\u0142ugi czas (tygodnie)<br \/>\n&#8211; Do klejenia paneli do ram<br \/>\n&#8211; Do klejenia element\u00f3w usztywniaj\u0105cych do paneli<br \/>\n&#8211; Do klejenia materia\u0142\u00f3w dekoracyjnych, listew lub element\u00f3w dodatkowych<\/p>\n","protected":false},"excerpt":{"rendered":"<p>Wysokowydajne ta\u015bmy 3M\u2122 VHB\u2122 to dwustronne ta\u015bmy wykonane z akrylowego kleju o zamkni\u0119tych kom\u00f3rkach. Oferuj\u0105 one wysok\u0105 zdolno\u015b\u0107 adaptacji do klejonych powierzchni. G\u0142adkie lub strukturalne powierzchnie mog\u0105 by\u0107 klejone na ca\u0142ej powierzchni bez napr\u0119\u017ce\u0144. Idealnie nadaje si\u0119 do r\u00f3\u017cnych materia\u0142\u00f3w o wysokiej i \u015bredniej energii powierzchniowej, takich jak metale, tworzywa sztuczne, lakiery lub szk\u0142o. W\u0142a\u015bciwo\u015bci [&hellip;]<\/p>\n","protected":false},"featured_media":29018,"template":"","meta":{"_acf_changed":false},"pwb-brand":[2168],"product_brand":[],"product_cat":[7588,1687,1814],"product_tag":[],"class_list":{"0":"post-40402","1":"product","2":"type-product","3":"status-publish","4":"has-post-thumbnail","6":"pwb-brand-3m-pl","7":"product_cat-prezentacja-wkladu","8":"product_cat-przemysl-motoryzacyjny","9":"product_cat-tasmy-dwustronnie-klejace","11":"first","12":"instock","13":"taxable","14":"shipping-taxable","15":"purchasable","16":"product-type-variable"},"acf":[],"yoast_head":"<!-- This site is optimized with the Yoast SEO plugin v27.3 - https:\/\/yoast.com\/product\/yoast-seo-wordpress\/ -->\n<title>Ta\u015bma 3M\u2122 VHB\u2122 GPH-060GF | Cardinal TAPES<\/title>\n<meta name=\"description\" content=\"Wysokowydajne ta\u015bmy samoprzylepne 3M\u2122 VHB\u2122 to dwustronne ta\u015bmy samoprzylepne wykonane z kleju akrylowego o zamkni\u0119tych kom\u00f3rkach i wysokiej sile klejenia.\" \/>\n<meta name=\"robots\" content=\"index, follow, max-snippet:-1, max-image-preview:large, max-video-preview:-1\" \/>\n<link rel=\"canonical\" href=\"https:\/\/cardinal-tapes.com\/pl\/ta\u015bmy-samoprzylepne\/obszary-zastosowan\/przemysl-motoryzacyjny\/3m-vhb-klebeband-gph-060gf\/\" \/>\n<meta property=\"og:locale\" content=\"pl_PL\" \/>\n<meta property=\"og:type\" content=\"article\" \/>\n<meta property=\"og:title\" content=\"Ta\u015bma 3M\u2122 VHB\u2122 GPH-060GF | Cardinal TAPES\" \/>\n<meta property=\"og:description\" content=\"Wysokowydajne ta\u015bmy samoprzylepne 3M\u2122 VHB\u2122 to dwustronne ta\u015bmy samoprzylepne wykonane z kleju akrylowego o zamkni\u0119tych kom\u00f3rkach i wysokiej sile klejenia.\" \/>\n<meta property=\"og:url\" content=\"https:\/\/cardinal-tapes.com\/pl\/ta\u015bmy-samoprzylepne\/obszary-zastosowan\/przemysl-motoryzacyjny\/3m-vhb-klebeband-gph-060gf\/\" \/>\n<meta property=\"og:site_name\" content=\"cardinal TAPES\" \/>\n<meta property=\"article:modified_time\" content=\"2025-07-02T10:23:33+00:00\" \/>\n<meta property=\"og:image\" content=\"https:\/\/cardinal-tapes.com\/wp-content\/uploads\/3m-vhb-tape-gph-series-gb-1-tif-1.webp\" \/>\n\t<meta property=\"og:image:width\" content=\"323\" \/>\n\t<meta property=\"og:image:height\" content=\"400\" \/>\n\t<meta property=\"og:image:type\" content=\"image\/webp\" \/>\n<meta name=\"twitter:card\" content=\"summary_large_image\" \/>\n<meta name=\"twitter:label1\" content=\"Szacowany czas czytania\" \/>\n\t<meta name=\"twitter:data1\" content=\"1 minuta\" \/>\n<script type=\"application\/ld+json\" class=\"yoast-schema-graph\">{\"@context\":\"https:\\\/\\\/schema.org\",\"@graph\":[{\"@type\":\"WebPage\",\"@id\":\"https:\\\/\\\/cardinal-tapes.com\\\/pl\\\/ta\u015bmy-samoprzylepne\\\/obszary-zastosowan\\\/przemysl-motoryzacyjny\\\/3m-vhb-klebeband-gph-060gf\\\/\",\"url\":\"https:\\\/\\\/cardinal-tapes.com\\\/pl\\\/ta\u015bmy-samoprzylepne\\\/obszary-zastosowan\\\/przemysl-motoryzacyjny\\\/3m-vhb-klebeband-gph-060gf\\\/\",\"name\":\"Ta\u015bma 3M\u2122 VHB\u2122 GPH-060GF | Cardinal TAPES\",\"isPartOf\":{\"@id\":\"https:\\\/\\\/cardinal-tapes.com\\\/#website\"},\"primaryImageOfPage\":{\"@id\":\"https:\\\/\\\/cardinal-tapes.com\\\/pl\\\/ta\u015bmy-samoprzylepne\\\/obszary-zastosowan\\\/przemysl-motoryzacyjny\\\/3m-vhb-klebeband-gph-060gf\\\/#primaryimage\"},\"image\":{\"@id\":\"https:\\\/\\\/cardinal-tapes.com\\\/pl\\\/ta\u015bmy-samoprzylepne\\\/obszary-zastosowan\\\/przemysl-motoryzacyjny\\\/3m-vhb-klebeband-gph-060gf\\\/#primaryimage\"},\"thumbnailUrl\":\"https:\\\/\\\/cardinal-tapes.com\\\/wp-content\\\/uploads\\\/3m-vhb-tape-gph-series-gb-1-tif-1.webp\",\"datePublished\":\"2022-08-15T08:05:33+00:00\",\"dateModified\":\"2025-07-02T10:23:33+00:00\",\"description\":\"Wysokowydajne ta\u015bmy samoprzylepne 3M\u2122 VHB\u2122 to dwustronne ta\u015bmy samoprzylepne wykonane z kleju akrylowego o zamkni\u0119tych kom\u00f3rkach i wysokiej sile klejenia.\",\"breadcrumb\":{\"@id\":\"https:\\\/\\\/cardinal-tapes.com\\\/pl\\\/ta\u015bmy-samoprzylepne\\\/obszary-zastosowan\\\/przemysl-motoryzacyjny\\\/3m-vhb-klebeband-gph-060gf\\\/#breadcrumb\"},\"inLanguage\":\"pl-PL\",\"potentialAction\":[{\"@type\":\"ReadAction\",\"target\":[\"https:\\\/\\\/cardinal-tapes.com\\\/pl\\\/ta\u015bmy-samoprzylepne\\\/obszary-zastosowan\\\/przemysl-motoryzacyjny\\\/3m-vhb-klebeband-gph-060gf\\\/\"]}]},{\"@type\":\"ImageObject\",\"inLanguage\":\"pl-PL\",\"@id\":\"https:\\\/\\\/cardinal-tapes.com\\\/pl\\\/ta\u015bmy-samoprzylepne\\\/obszary-zastosowan\\\/przemysl-motoryzacyjny\\\/3m-vhb-klebeband-gph-060gf\\\/#primaryimage\",\"url\":\"https:\\\/\\\/cardinal-tapes.com\\\/wp-content\\\/uploads\\\/3m-vhb-tape-gph-series-gb-1-tif-1.webp\",\"contentUrl\":\"https:\\\/\\\/cardinal-tapes.com\\\/wp-content\\\/uploads\\\/3m-vhb-tape-gph-series-gb-1-tif-1.webp\",\"width\":323,\"height\":400},{\"@type\":\"BreadcrumbList\",\"@id\":\"https:\\\/\\\/cardinal-tapes.com\\\/pl\\\/ta\u015bmy-samoprzylepne\\\/obszary-zastosowan\\\/przemysl-motoryzacyjny\\\/3m-vhb-klebeband-gph-060gf\\\/#breadcrumb\",\"itemListElement\":[{\"@type\":\"ListItem\",\"position\":1,\"name\":\"Startseite\",\"item\":\"https:\\\/\\\/cardinal-tapes.com\\\/pl\\\/strona-glowna\\\/\"},{\"@type\":\"ListItem\",\"position\":2,\"name\":\"Ta\u015bmy samoprzylepne\",\"item\":\"https:\\\/\\\/cardinal-tapes.com\\\/pl\\\/tasmy-samoprzylepne-pl\\\/\"},{\"@type\":\"ListItem\",\"position\":3,\"name\":\"Obszary zastosowa\u0144\",\"item\":\"https:\\\/\\\/cardinal-tapes.com\\\/pl\\\/kategoria\\\/obszary-zastosowan\\\/\"},{\"@type\":\"ListItem\",\"position\":4,\"name\":\"Przemys\u0142 motoryzacyjny\",\"item\":\"https:\\\/\\\/cardinal-tapes.com\\\/pl\\\/kategoria\\\/przemysl-motoryzacyjny\\\/\"},{\"@type\":\"ListItem\",\"position\":5,\"name\":\"Ta\u015bma samoprzylepna 3M\u2122 VHB\u2122 GPH-060GF\"}]},{\"@type\":\"WebSite\",\"@id\":\"https:\\\/\\\/cardinal-tapes.com\\\/#website\",\"url\":\"https:\\\/\\\/cardinal-tapes.com\\\/\",\"name\":\"cardinal TAPES\",\"description\":\"Klebetechnik aus Wuppertal\",\"potentialAction\":[{\"@type\":\"SearchAction\",\"target\":{\"@type\":\"EntryPoint\",\"urlTemplate\":\"https:\\\/\\\/cardinal-tapes.com\\\/?s={search_term_string}\"},\"query-input\":{\"@type\":\"PropertyValueSpecification\",\"valueRequired\":true,\"valueName\":\"search_term_string\"}}],\"inLanguage\":\"pl-PL\"}]}<\/script>\n<!-- \/ Yoast SEO plugin. -->","yoast_head_json":{"title":"Ta\u015bma 3M\u2122 VHB\u2122 GPH-060GF | Cardinal TAPES","description":"Wysokowydajne ta\u015bmy samoprzylepne 3M\u2122 VHB\u2122 to dwustronne ta\u015bmy samoprzylepne wykonane z kleju akrylowego o zamkni\u0119tych kom\u00f3rkach i wysokiej sile klejenia.","robots":{"index":"index","follow":"follow","max-snippet":"max-snippet:-1","max-image-preview":"max-image-preview:large","max-video-preview":"max-video-preview:-1"},"canonical":"https:\/\/cardinal-tapes.com\/pl\/ta\u015bmy-samoprzylepne\/obszary-zastosowan\/przemysl-motoryzacyjny\/3m-vhb-klebeband-gph-060gf\/","og_locale":"pl_PL","og_type":"article","og_title":"Ta\u015bma 3M\u2122 VHB\u2122 GPH-060GF | Cardinal TAPES","og_description":"Wysokowydajne ta\u015bmy samoprzylepne 3M\u2122 VHB\u2122 to dwustronne ta\u015bmy samoprzylepne wykonane z kleju akrylowego o zamkni\u0119tych kom\u00f3rkach i wysokiej sile klejenia.","og_url":"https:\/\/cardinal-tapes.com\/pl\/ta\u015bmy-samoprzylepne\/obszary-zastosowan\/przemysl-motoryzacyjny\/3m-vhb-klebeband-gph-060gf\/","og_site_name":"cardinal TAPES","article_modified_time":"2025-07-02T10:23:33+00:00","og_image":[{"width":323,"height":400,"url":"https:\/\/cardinal-tapes.com\/wp-content\/uploads\/3m-vhb-tape-gph-series-gb-1-tif-1.webp","type":"image\/webp"}],"twitter_card":"summary_large_image","twitter_misc":{"Szacowany czas czytania":"1 minuta"},"schema":{"@context":"https:\/\/schema.org","@graph":[{"@type":"WebPage","@id":"https:\/\/cardinal-tapes.com\/pl\/ta\u015bmy-samoprzylepne\/obszary-zastosowan\/przemysl-motoryzacyjny\/3m-vhb-klebeband-gph-060gf\/","url":"https:\/\/cardinal-tapes.com\/pl\/ta\u015bmy-samoprzylepne\/obszary-zastosowan\/przemysl-motoryzacyjny\/3m-vhb-klebeband-gph-060gf\/","name":"Ta\u015bma 3M\u2122 VHB\u2122 GPH-060GF | Cardinal TAPES","isPartOf":{"@id":"https:\/\/cardinal-tapes.com\/#website"},"primaryImageOfPage":{"@id":"https:\/\/cardinal-tapes.com\/pl\/ta\u015bmy-samoprzylepne\/obszary-zastosowan\/przemysl-motoryzacyjny\/3m-vhb-klebeband-gph-060gf\/#primaryimage"},"image":{"@id":"https:\/\/cardinal-tapes.com\/pl\/ta\u015bmy-samoprzylepne\/obszary-zastosowan\/przemysl-motoryzacyjny\/3m-vhb-klebeband-gph-060gf\/#primaryimage"},"thumbnailUrl":"https:\/\/cardinal-tapes.com\/wp-content\/uploads\/3m-vhb-tape-gph-series-gb-1-tif-1.webp","datePublished":"2022-08-15T08:05:33+00:00","dateModified":"2025-07-02T10:23:33+00:00","description":"Wysokowydajne ta\u015bmy samoprzylepne 3M\u2122 VHB\u2122 to dwustronne ta\u015bmy samoprzylepne wykonane z kleju akrylowego o zamkni\u0119tych kom\u00f3rkach i wysokiej sile klejenia.","breadcrumb":{"@id":"https:\/\/cardinal-tapes.com\/pl\/ta\u015bmy-samoprzylepne\/obszary-zastosowan\/przemysl-motoryzacyjny\/3m-vhb-klebeband-gph-060gf\/#breadcrumb"},"inLanguage":"pl-PL","potentialAction":[{"@type":"ReadAction","target":["https:\/\/cardinal-tapes.com\/pl\/ta\u015bmy-samoprzylepne\/obszary-zastosowan\/przemysl-motoryzacyjny\/3m-vhb-klebeband-gph-060gf\/"]}]},{"@type":"ImageObject","inLanguage":"pl-PL","@id":"https:\/\/cardinal-tapes.com\/pl\/ta\u015bmy-samoprzylepne\/obszary-zastosowan\/przemysl-motoryzacyjny\/3m-vhb-klebeband-gph-060gf\/#primaryimage","url":"https:\/\/cardinal-tapes.com\/wp-content\/uploads\/3m-vhb-tape-gph-series-gb-1-tif-1.webp","contentUrl":"https:\/\/cardinal-tapes.com\/wp-content\/uploads\/3m-vhb-tape-gph-series-gb-1-tif-1.webp","width":323,"height":400},{"@type":"BreadcrumbList","@id":"https:\/\/cardinal-tapes.com\/pl\/ta\u015bmy-samoprzylepne\/obszary-zastosowan\/przemysl-motoryzacyjny\/3m-vhb-klebeband-gph-060gf\/#breadcrumb","itemListElement":[{"@type":"ListItem","position":1,"name":"Startseite","item":"https:\/\/cardinal-tapes.com\/pl\/strona-glowna\/"},{"@type":"ListItem","position":2,"name":"Ta\u015bmy samoprzylepne","item":"https:\/\/cardinal-tapes.com\/pl\/tasmy-samoprzylepne-pl\/"},{"@type":"ListItem","position":3,"name":"Obszary zastosowa\u0144","item":"https:\/\/cardinal-tapes.com\/pl\/kategoria\/obszary-zastosowan\/"},{"@type":"ListItem","position":4,"name":"Przemys\u0142 motoryzacyjny","item":"https:\/\/cardinal-tapes.com\/pl\/kategoria\/przemysl-motoryzacyjny\/"},{"@type":"ListItem","position":5,"name":"Ta\u015bma samoprzylepna 3M\u2122 VHB\u2122 GPH-060GF"}]},{"@type":"WebSite","@id":"https:\/\/cardinal-tapes.com\/#website","url":"https:\/\/cardinal-tapes.com\/","name":"cardinal TAPES","description":"Klebetechnik aus Wuppertal","potentialAction":[{"@type":"SearchAction","target":{"@type":"EntryPoint","urlTemplate":"https:\/\/cardinal-tapes.com\/?s={search_term_string}"},"query-input":{"@type":"PropertyValueSpecification","valueRequired":true,"valueName":"search_term_string"}}],"inLanguage":"pl-PL"}]}},"brands":[{"id":2168,"name":"3M","slug":"3m-pl"}],"_links":{"self":[{"href":"https:\/\/cardinal-tapes.com\/pl\/wp-json\/wp\/v2\/product\/40402","targetHints":{"allow":["GET"]}}],"collection":[{"href":"https:\/\/cardinal-tapes.com\/pl\/wp-json\/wp\/v2\/product"}],"about":[{"href":"https:\/\/cardinal-tapes.com\/pl\/wp-json\/wp\/v2\/types\/product"}],"wp:featuredmedia":[{"embeddable":true,"href":"https:\/\/cardinal-tapes.com\/pl\/wp-json\/wp\/v2\/media\/29018"}],"wp:attachment":[{"href":"https:\/\/cardinal-tapes.com\/pl\/wp-json\/wp\/v2\/media?parent=40402"}],"wp:term":[{"taxonomy":"pwb-brand","embeddable":true,"href":"https:\/\/cardinal-tapes.com\/pl\/wp-json\/wp\/v2\/pwb-brand?post=40402"},{"taxonomy":"product_brand","embeddable":true,"href":"https:\/\/cardinal-tapes.com\/pl\/wp-json\/wp\/v2\/product_brand?post=40402"},{"taxonomy":"product_cat","embeddable":true,"href":"https:\/\/cardinal-tapes.com\/pl\/wp-json\/wp\/v2\/product_cat?post=40402"},{"taxonomy":"product_tag","embeddable":true,"href":"https:\/\/cardinal-tapes.com\/pl\/wp-json\/wp\/v2\/product_tag?post=40402"}],"curies":[{"name":"wp","href":"https:\/\/api.w.org\/{rel}","templated":true}]}}