{"id":40379,"date":"2022-08-15T09:47:11","date_gmt":"2022-08-15T07:47:11","guid":{"rendered":"https:\/\/cardinal.pixel-tal.de\/klebebaender\/bez-kategorii\/tasma-3m-vhb-4945\/"},"modified":"2025-07-02T12:25:35","modified_gmt":"2025-07-02T10:25:35","slug":"3m-vhb-klebeband-4945","status":"publish","type":"product","link":"https:\/\/cardinal-tapes.com\/pl\/ta\u015bmy-samoprzylepne\/tasmy-dwustronnie-klejace\/3m-vhb-klebeband-4945\/","title":{"rendered":"Ta\u015bma 3M\u2122 VHB\u2122 4945"},"content":{"rendered":"<p>Wysokowydajne ta\u015bmy 3M\u2122 VHB\u2122 to dwustronne ta\u015bmy wykonane z kleju akrylowego o zamkni\u0119tych kom\u00f3rkach, takie jak 3M\u2122 4945. Oferuj\u0105 one bardzo wysok\u0105 zdolno\u015b\u0107 adaptacji do klejonych powierzchni. G\u0142adkie lub strukturalne powierzchnie mog\u0105 by\u0107 klejone na ca\u0142ej powierzchni bez napr\u0119\u017ce\u0144.<\/p>\n<p><strong>W\u0142a\u015bciwo\u015bci<\/strong><br \/>\nWysoka absorpcja obci\u0105\u017ce\u0144 dynamicznych ta\u015bmy samoprzylepnej redukuje wibracje i wstrz\u0105sy. W ten spos\u00f3b tworzy trwa\u0142e uszczelnienie przed wod\u0105 i wilgoci\u0105. Ponadto ta\u015bma 4945 ma doskona\u0142\u0105 odporno\u015b\u0107 na temperatur\u0119 podczas klejenia cz\u0119\u015bci metalowych przed malowaniem.<\/p>\n<p><strong>Zastosowania<br \/>\n<\/strong>&#8211; do materia\u0142\u00f3w dekoracyjnych i listew, tabliczek znamionowych i logo, wy\u015bwietlaczy, mocowa\u0144 paneli i usztywnie\u0144<br \/>\n&#8211; zastosowania obejmuj\u0105 szeroki zakres bran\u017c, w tym transport, produkcj\u0119 urz\u0105dze\u0144, elektronik\u0119, wy\u015bwietlacze i przemys\u0142 og\u00f3lny.<\/p>\n","protected":false},"excerpt":{"rendered":"<p>Wysokowydajne ta\u015bmy 3M\u2122 VHB\u2122 to dwustronne ta\u015bmy wykonane z kleju akrylowego o zamkni\u0119tych kom\u00f3rkach, takie jak 3M\u2122 4945. Oferuj\u0105 one bardzo wysok\u0105 zdolno\u015b\u0107 adaptacji do klejonych powierzchni. G\u0142adkie lub strukturalne powierzchnie mog\u0105 by\u0107 klejone na ca\u0142ej powierzchni bez napr\u0119\u017ce\u0144. W\u0142a\u015bciwo\u015bci Wysoka absorpcja obci\u0105\u017ce\u0144 dynamicznych ta\u015bmy samoprzylepnej redukuje wibracje i wstrz\u0105sy. W ten spos\u00f3b tworzy trwa\u0142e [&hellip;]<\/p>\n","protected":false},"featured_media":29022,"template":"","meta":{"_acf_changed":false},"pwb-brand":[2168],"product_brand":[],"product_cat":[1814],"product_tag":[],"class_list":{"0":"post-40379","1":"product","2":"type-product","3":"status-publish","4":"has-post-thumbnail","6":"pwb-brand-3m-pl","7":"product_cat-tasmy-dwustronnie-klejace","9":"first","10":"outofstock","11":"taxable","12":"shipping-taxable","13":"purchasable","14":"product-type-variable"},"acf":[],"yoast_head":"<!-- This site is optimized with the Yoast SEO plugin v27.3 - https:\/\/yoast.com\/product\/yoast-seo-wordpress\/ -->\n<title>Ta\u015bma 3M\u2122 VHB\u2122 4945 | Cardinal TAPES<\/title>\n<meta name=\"description\" content=\"Wysokowydajne ta\u015bmy 3M\u2122 VHB\u2122 to dwustronne ta\u015bmy wykonane z kleju akrylowego o zamkni\u0119tych kom\u00f3rkach.\" \/>\n<meta name=\"robots\" content=\"index, follow, max-snippet:-1, max-image-preview:large, max-video-preview:-1\" \/>\n<link rel=\"canonical\" href=\"https:\/\/cardinal-tapes.com\/pl\/ta\u015bmy-samoprzylepne\/tasmy-dwustronnie-klejace\/3m-vhb-klebeband-4945\/\" \/>\n<meta property=\"og:locale\" content=\"pl_PL\" \/>\n<meta property=\"og:type\" content=\"article\" \/>\n<meta property=\"og:title\" content=\"Ta\u015bma 3M\u2122 VHB\u2122 4945 | Cardinal TAPES\" \/>\n<meta property=\"og:description\" content=\"Wysokowydajne ta\u015bmy 3M\u2122 VHB\u2122 to dwustronne ta\u015bmy wykonane z kleju akrylowego o zamkni\u0119tych kom\u00f3rkach.\" \/>\n<meta property=\"og:url\" content=\"https:\/\/cardinal-tapes.com\/pl\/ta\u015bmy-samoprzylepne\/tasmy-dwustronnie-klejace\/3m-vhb-klebeband-4945\/\" \/>\n<meta property=\"og:site_name\" content=\"cardinal TAPES\" \/>\n<meta property=\"article:modified_time\" content=\"2025-07-02T10:25:35+00:00\" \/>\n<meta property=\"og:image\" content=\"https:\/\/cardinal-tapes.com\/wp-content\/uploads\/3m-vhb-tape-4945-white-1-in-x-36-yd-45-0-mil-9-per-case.webp\" \/>\n\t<meta property=\"og:image:width\" content=\"400\" \/>\n\t<meta property=\"og:image:height\" content=\"400\" \/>\n\t<meta property=\"og:image:type\" content=\"image\/webp\" \/>\n<meta name=\"twitter:card\" content=\"summary_large_image\" \/>\n<meta name=\"twitter:label1\" content=\"Szacowany czas czytania\" \/>\n\t<meta name=\"twitter:data1\" content=\"1 minuta\" \/>\n<script type=\"application\/ld+json\" class=\"yoast-schema-graph\">{\"@context\":\"https:\\\/\\\/schema.org\",\"@graph\":[{\"@type\":\"WebPage\",\"@id\":\"https:\\\/\\\/cardinal-tapes.com\\\/pl\\\/ta\u015bmy-samoprzylepne\\\/tasmy-dwustronnie-klejace\\\/3m-vhb-klebeband-4945\\\/\",\"url\":\"https:\\\/\\\/cardinal-tapes.com\\\/pl\\\/ta\u015bmy-samoprzylepne\\\/tasmy-dwustronnie-klejace\\\/3m-vhb-klebeband-4945\\\/\",\"name\":\"Ta\u015bma 3M\u2122 VHB\u2122 4945 | Cardinal TAPES\",\"isPartOf\":{\"@id\":\"https:\\\/\\\/cardinal-tapes.com\\\/#website\"},\"primaryImageOfPage\":{\"@id\":\"https:\\\/\\\/cardinal-tapes.com\\\/pl\\\/ta\u015bmy-samoprzylepne\\\/tasmy-dwustronnie-klejace\\\/3m-vhb-klebeband-4945\\\/#primaryimage\"},\"image\":{\"@id\":\"https:\\\/\\\/cardinal-tapes.com\\\/pl\\\/ta\u015bmy-samoprzylepne\\\/tasmy-dwustronnie-klejace\\\/3m-vhb-klebeband-4945\\\/#primaryimage\"},\"thumbnailUrl\":\"https:\\\/\\\/cardinal-tapes.com\\\/wp-content\\\/uploads\\\/3m-vhb-tape-4945-white-1-in-x-36-yd-45-0-mil-9-per-case.webp\",\"datePublished\":\"2022-08-15T07:47:11+00:00\",\"dateModified\":\"2025-07-02T10:25:35+00:00\",\"description\":\"Wysokowydajne ta\u015bmy 3M\u2122 VHB\u2122 to dwustronne ta\u015bmy wykonane z kleju akrylowego o zamkni\u0119tych kom\u00f3rkach.\",\"breadcrumb\":{\"@id\":\"https:\\\/\\\/cardinal-tapes.com\\\/pl\\\/ta\u015bmy-samoprzylepne\\\/tasmy-dwustronnie-klejace\\\/3m-vhb-klebeband-4945\\\/#breadcrumb\"},\"inLanguage\":\"pl-PL\",\"potentialAction\":[{\"@type\":\"ReadAction\",\"target\":[\"https:\\\/\\\/cardinal-tapes.com\\\/pl\\\/ta\u015bmy-samoprzylepne\\\/tasmy-dwustronnie-klejace\\\/3m-vhb-klebeband-4945\\\/\"]}]},{\"@type\":\"ImageObject\",\"inLanguage\":\"pl-PL\",\"@id\":\"https:\\\/\\\/cardinal-tapes.com\\\/pl\\\/ta\u015bmy-samoprzylepne\\\/tasmy-dwustronnie-klejace\\\/3m-vhb-klebeband-4945\\\/#primaryimage\",\"url\":\"https:\\\/\\\/cardinal-tapes.com\\\/wp-content\\\/uploads\\\/3m-vhb-tape-4945-white-1-in-x-36-yd-45-0-mil-9-per-case.webp\",\"contentUrl\":\"https:\\\/\\\/cardinal-tapes.com\\\/wp-content\\\/uploads\\\/3m-vhb-tape-4945-white-1-in-x-36-yd-45-0-mil-9-per-case.webp\",\"width\":400,\"height\":400},{\"@type\":\"BreadcrumbList\",\"@id\":\"https:\\\/\\\/cardinal-tapes.com\\\/pl\\\/ta\u015bmy-samoprzylepne\\\/tasmy-dwustronnie-klejace\\\/3m-vhb-klebeband-4945\\\/#breadcrumb\",\"itemListElement\":[{\"@type\":\"ListItem\",\"position\":1,\"name\":\"Startseite\",\"item\":\"https:\\\/\\\/cardinal-tapes.com\\\/pl\\\/strona-glowna\\\/\"},{\"@type\":\"ListItem\",\"position\":2,\"name\":\"Ta\u015bmy samoprzylepne\",\"item\":\"https:\\\/\\\/cardinal-tapes.com\\\/pl\\\/tasmy-samoprzylepne-pl\\\/\"},{\"@type\":\"ListItem\",\"position\":3,\"name\":\"Ta\u015bmy dwustronnie klej\u0105ce\",\"item\":\"https:\\\/\\\/cardinal-tapes.com\\\/pl\\\/kategoria\\\/tasmy-dwustronnie-klejace\\\/\"},{\"@type\":\"ListItem\",\"position\":4,\"name\":\"Ta\u015bma 3M\u2122 VHB\u2122 4945\"}]},{\"@type\":\"WebSite\",\"@id\":\"https:\\\/\\\/cardinal-tapes.com\\\/#website\",\"url\":\"https:\\\/\\\/cardinal-tapes.com\\\/\",\"name\":\"cardinal TAPES\",\"description\":\"Klebetechnik aus Wuppertal\",\"potentialAction\":[{\"@type\":\"SearchAction\",\"target\":{\"@type\":\"EntryPoint\",\"urlTemplate\":\"https:\\\/\\\/cardinal-tapes.com\\\/?s={search_term_string}\"},\"query-input\":{\"@type\":\"PropertyValueSpecification\",\"valueRequired\":true,\"valueName\":\"search_term_string\"}}],\"inLanguage\":\"pl-PL\"}]}<\/script>\n<!-- \/ Yoast SEO plugin. -->","yoast_head_json":{"title":"Ta\u015bma 3M\u2122 VHB\u2122 4945 | Cardinal TAPES","description":"Wysokowydajne ta\u015bmy 3M\u2122 VHB\u2122 to dwustronne ta\u015bmy wykonane z kleju akrylowego o zamkni\u0119tych kom\u00f3rkach.","robots":{"index":"index","follow":"follow","max-snippet":"max-snippet:-1","max-image-preview":"max-image-preview:large","max-video-preview":"max-video-preview:-1"},"canonical":"https:\/\/cardinal-tapes.com\/pl\/ta\u015bmy-samoprzylepne\/tasmy-dwustronnie-klejace\/3m-vhb-klebeband-4945\/","og_locale":"pl_PL","og_type":"article","og_title":"Ta\u015bma 3M\u2122 VHB\u2122 4945 | Cardinal TAPES","og_description":"Wysokowydajne ta\u015bmy 3M\u2122 VHB\u2122 to dwustronne ta\u015bmy wykonane z kleju akrylowego o zamkni\u0119tych kom\u00f3rkach.","og_url":"https:\/\/cardinal-tapes.com\/pl\/ta\u015bmy-samoprzylepne\/tasmy-dwustronnie-klejace\/3m-vhb-klebeband-4945\/","og_site_name":"cardinal TAPES","article_modified_time":"2025-07-02T10:25:35+00:00","og_image":[{"width":400,"height":400,"url":"https:\/\/cardinal-tapes.com\/wp-content\/uploads\/3m-vhb-tape-4945-white-1-in-x-36-yd-45-0-mil-9-per-case.webp","type":"image\/webp"}],"twitter_card":"summary_large_image","twitter_misc":{"Szacowany czas czytania":"1 minuta"},"schema":{"@context":"https:\/\/schema.org","@graph":[{"@type":"WebPage","@id":"https:\/\/cardinal-tapes.com\/pl\/ta\u015bmy-samoprzylepne\/tasmy-dwustronnie-klejace\/3m-vhb-klebeband-4945\/","url":"https:\/\/cardinal-tapes.com\/pl\/ta\u015bmy-samoprzylepne\/tasmy-dwustronnie-klejace\/3m-vhb-klebeband-4945\/","name":"Ta\u015bma 3M\u2122 VHB\u2122 4945 | Cardinal TAPES","isPartOf":{"@id":"https:\/\/cardinal-tapes.com\/#website"},"primaryImageOfPage":{"@id":"https:\/\/cardinal-tapes.com\/pl\/ta\u015bmy-samoprzylepne\/tasmy-dwustronnie-klejace\/3m-vhb-klebeband-4945\/#primaryimage"},"image":{"@id":"https:\/\/cardinal-tapes.com\/pl\/ta\u015bmy-samoprzylepne\/tasmy-dwustronnie-klejace\/3m-vhb-klebeband-4945\/#primaryimage"},"thumbnailUrl":"https:\/\/cardinal-tapes.com\/wp-content\/uploads\/3m-vhb-tape-4945-white-1-in-x-36-yd-45-0-mil-9-per-case.webp","datePublished":"2022-08-15T07:47:11+00:00","dateModified":"2025-07-02T10:25:35+00:00","description":"Wysokowydajne ta\u015bmy 3M\u2122 VHB\u2122 to dwustronne ta\u015bmy wykonane z kleju akrylowego o zamkni\u0119tych kom\u00f3rkach.","breadcrumb":{"@id":"https:\/\/cardinal-tapes.com\/pl\/ta\u015bmy-samoprzylepne\/tasmy-dwustronnie-klejace\/3m-vhb-klebeband-4945\/#breadcrumb"},"inLanguage":"pl-PL","potentialAction":[{"@type":"ReadAction","target":["https:\/\/cardinal-tapes.com\/pl\/ta\u015bmy-samoprzylepne\/tasmy-dwustronnie-klejace\/3m-vhb-klebeband-4945\/"]}]},{"@type":"ImageObject","inLanguage":"pl-PL","@id":"https:\/\/cardinal-tapes.com\/pl\/ta\u015bmy-samoprzylepne\/tasmy-dwustronnie-klejace\/3m-vhb-klebeband-4945\/#primaryimage","url":"https:\/\/cardinal-tapes.com\/wp-content\/uploads\/3m-vhb-tape-4945-white-1-in-x-36-yd-45-0-mil-9-per-case.webp","contentUrl":"https:\/\/cardinal-tapes.com\/wp-content\/uploads\/3m-vhb-tape-4945-white-1-in-x-36-yd-45-0-mil-9-per-case.webp","width":400,"height":400},{"@type":"BreadcrumbList","@id":"https:\/\/cardinal-tapes.com\/pl\/ta\u015bmy-samoprzylepne\/tasmy-dwustronnie-klejace\/3m-vhb-klebeband-4945\/#breadcrumb","itemListElement":[{"@type":"ListItem","position":1,"name":"Startseite","item":"https:\/\/cardinal-tapes.com\/pl\/strona-glowna\/"},{"@type":"ListItem","position":2,"name":"Ta\u015bmy samoprzylepne","item":"https:\/\/cardinal-tapes.com\/pl\/tasmy-samoprzylepne-pl\/"},{"@type":"ListItem","position":3,"name":"Ta\u015bmy dwustronnie klej\u0105ce","item":"https:\/\/cardinal-tapes.com\/pl\/kategoria\/tasmy-dwustronnie-klejace\/"},{"@type":"ListItem","position":4,"name":"Ta\u015bma 3M\u2122 VHB\u2122 4945"}]},{"@type":"WebSite","@id":"https:\/\/cardinal-tapes.com\/#website","url":"https:\/\/cardinal-tapes.com\/","name":"cardinal TAPES","description":"Klebetechnik aus Wuppertal","potentialAction":[{"@type":"SearchAction","target":{"@type":"EntryPoint","urlTemplate":"https:\/\/cardinal-tapes.com\/?s={search_term_string}"},"query-input":{"@type":"PropertyValueSpecification","valueRequired":true,"valueName":"search_term_string"}}],"inLanguage":"pl-PL"}]}},"brands":[{"id":2168,"name":"3M","slug":"3m-pl"}],"_links":{"self":[{"href":"https:\/\/cardinal-tapes.com\/pl\/wp-json\/wp\/v2\/product\/40379","targetHints":{"allow":["GET"]}}],"collection":[{"href":"https:\/\/cardinal-tapes.com\/pl\/wp-json\/wp\/v2\/product"}],"about":[{"href":"https:\/\/cardinal-tapes.com\/pl\/wp-json\/wp\/v2\/types\/product"}],"wp:featuredmedia":[{"embeddable":true,"href":"https:\/\/cardinal-tapes.com\/pl\/wp-json\/wp\/v2\/media\/29022"}],"wp:attachment":[{"href":"https:\/\/cardinal-tapes.com\/pl\/wp-json\/wp\/v2\/media?parent=40379"}],"wp:term":[{"taxonomy":"pwb-brand","embeddable":true,"href":"https:\/\/cardinal-tapes.com\/pl\/wp-json\/wp\/v2\/pwb-brand?post=40379"},{"taxonomy":"product_brand","embeddable":true,"href":"https:\/\/cardinal-tapes.com\/pl\/wp-json\/wp\/v2\/product_brand?post=40379"},{"taxonomy":"product_cat","embeddable":true,"href":"https:\/\/cardinal-tapes.com\/pl\/wp-json\/wp\/v2\/product_cat?post=40379"},{"taxonomy":"product_tag","embeddable":true,"href":"https:\/\/cardinal-tapes.com\/pl\/wp-json\/wp\/v2\/product_tag?post=40379"}],"curies":[{"name":"wp","href":"https:\/\/api.w.org\/{rel}","templated":true}]}}