{"id":40312,"date":"2022-07-08T09:15:13","date_gmt":"2023-06-05T14:55:27","guid":{"rendered":"https:\/\/cardinal.pixel-tal.de\/klebebaender\/bez-kategorii\/ca-113-pv1-tasma-papierowa-tasma-pakowa\/"},"modified":"2023-06-05T16:59:28","modified_gmt":"2023-06-05T14:59:28","slug":"ca-113-pv1-paper-tape-packaging-tape","status":"publish","type":"product","link":"https:\/\/cardinal-tapes.com\/pl\/ta\u015bmy-samoprzylepne\/jednostronne-tasmy-samoprzylepne\/ca-113-pv1-paper-tape-packaging-tape\/","title":{"rendered":"CA-113 PV1 Ta\u015bma papierowa \/ Ta\u015bma pakowa"},"content":{"rendered":"<p>CA-113 PV1 to papierowa ta\u015bma do zamykania karton\u00f3w.<br \/>\nTa\u015bma pakowa nadaje si\u0119 zar\u00f3wno do dyspenser\u00f3w r\u0119cznych, jak i automatycznych maszyn pakuj\u0105cych.<\/p>\n<p><strong>W\u0142a\u015bciwo\u015bci:<\/strong><br \/>\n&#8211; Wysoka wytrzyma\u0142o\u015b\u0107 na rozdarcie i przyczepno\u015b\u0107<br \/>\n&#8211; Dobra odporno\u015b\u0107 na temperatur\u0119 i starzenie<br \/>\n&#8211; cicho rozwijany<br \/>\n&#8211; Przyjazny dla \u015brodowiska, nadaje si\u0119 do recyklingu wraz z kartonem<\/p>\n<p>CA-113 PV1 jest r\u00f3wnie\u017c dost\u0119pna jako ta\u015bma pakowa z nadrukiem.<\/p>\n","protected":false},"excerpt":{"rendered":"<p>CA-113 PV1 to papierowa ta\u015bma do zamykania karton\u00f3w. Ta\u015bma pakowa nadaje si\u0119 zar\u00f3wno do dyspenser\u00f3w r\u0119cznych, jak i automatycznych maszyn pakuj\u0105cych. W\u0142a\u015bciwo\u015bci: &#8211; Wysoka wytrzyma\u0142o\u015b\u0107 na rozdarcie i przyczepno\u015b\u0107 &#8211; Dobra odporno\u015b\u0107 na temperatur\u0119 i starzenie &#8211; cicho rozwijany &#8211; Przyjazny dla \u015brodowiska, nadaje si\u0119 do recyklingu wraz z kartonem CA-113 PV1 jest r\u00f3wnie\u017c dost\u0119pna [&hellip;]<\/p>\n","protected":false},"featured_media":28926,"template":"","meta":{"_acf_changed":false},"pwb-brand":[2173],"product_brand":[],"product_cat":[1816,1867],"product_tag":[],"class_list":{"0":"post-40312","1":"product","2":"type-product","3":"status-publish","4":"has-post-thumbnail","6":"pwb-brand-cardinal-gmbh-pl","7":"product_cat-jednostronne-tasmy-samoprzylepne","8":"product_cat-systemy-pakowania","10":"first","11":"instock","12":"taxable","13":"shipping-taxable","14":"purchasable","15":"product-type-variable"},"acf":[],"yoast_head":"<!-- This site is optimized with the Yoast SEO plugin v27.3 - https:\/\/yoast.com\/product\/yoast-seo-wordpress\/ -->\n<title>Ta\u015bma papierowa CA-113 PV1 | Cardinal TAPES<\/title>\n<meta name=\"description\" content=\"CA-113 PV1 to papierowa ta\u015bma do zamykania karton\u00f3w. Ta\u015bma pakowa nadaje si\u0119 zar\u00f3wno do dyspenser\u00f3w r\u0119cznych, jak i automatycznych maszyn pakuj\u0105cych.\" \/>\n<meta name=\"robots\" content=\"index, follow, max-snippet:-1, max-image-preview:large, max-video-preview:-1\" \/>\n<link rel=\"canonical\" href=\"https:\/\/cardinal-tapes.com\/pl\/ta\u015bmy-samoprzylepne\/jednostronne-tasmy-samoprzylepne\/ca-113-pv1-paper-tape-packaging-tape\/\" \/>\n<meta property=\"og:locale\" content=\"pl_PL\" \/>\n<meta property=\"og:type\" content=\"article\" \/>\n<meta property=\"og:title\" content=\"Ta\u015bma papierowa CA-113 PV1 | Cardinal TAPES\" \/>\n<meta property=\"og:description\" content=\"CA-113 PV1 to papierowa ta\u015bma do zamykania karton\u00f3w. Ta\u015bma pakowa nadaje si\u0119 zar\u00f3wno do dyspenser\u00f3w r\u0119cznych, jak i automatycznych maszyn pakuj\u0105cych.\" \/>\n<meta property=\"og:url\" content=\"https:\/\/cardinal-tapes.com\/pl\/ta\u015bmy-samoprzylepne\/jednostronne-tasmy-samoprzylepne\/ca-113-pv1-paper-tape-packaging-tape\/\" \/>\n<meta property=\"og:site_name\" content=\"cardinal TAPES\" \/>\n<meta property=\"article:modified_time\" content=\"2023-06-05T14:59:28+00:00\" \/>\n<meta property=\"og:image\" content=\"https:\/\/cardinal-tapes.com\/wp-content\/uploads\/cardinal_papierklebeband_10.jpg\" \/>\n\t<meta property=\"og:image:width\" content=\"2501\" \/>\n\t<meta property=\"og:image:height\" content=\"2444\" \/>\n\t<meta property=\"og:image:type\" content=\"image\/jpeg\" \/>\n<meta name=\"twitter:card\" content=\"summary_large_image\" \/>\n<script type=\"application\/ld+json\" class=\"yoast-schema-graph\">{\"@context\":\"https:\\\/\\\/schema.org\",\"@graph\":[{\"@type\":\"WebPage\",\"@id\":\"https:\\\/\\\/cardinal-tapes.com\\\/pl\\\/ta\u015bmy-samoprzylepne\\\/jednostronne-tasmy-samoprzylepne\\\/ca-113-pv1-paper-tape-packaging-tape\\\/\",\"url\":\"https:\\\/\\\/cardinal-tapes.com\\\/pl\\\/ta\u015bmy-samoprzylepne\\\/jednostronne-tasmy-samoprzylepne\\\/ca-113-pv1-paper-tape-packaging-tape\\\/\",\"name\":\"Ta\u015bma papierowa CA-113 PV1 | Cardinal TAPES\",\"isPartOf\":{\"@id\":\"https:\\\/\\\/cardinal-tapes.com\\\/#website\"},\"primaryImageOfPage\":{\"@id\":\"https:\\\/\\\/cardinal-tapes.com\\\/pl\\\/ta\u015bmy-samoprzylepne\\\/jednostronne-tasmy-samoprzylepne\\\/ca-113-pv1-paper-tape-packaging-tape\\\/#primaryimage\"},\"image\":{\"@id\":\"https:\\\/\\\/cardinal-tapes.com\\\/pl\\\/ta\u015bmy-samoprzylepne\\\/jednostronne-tasmy-samoprzylepne\\\/ca-113-pv1-paper-tape-packaging-tape\\\/#primaryimage\"},\"thumbnailUrl\":\"https:\\\/\\\/cardinal-tapes.com\\\/wp-content\\\/uploads\\\/cardinal_papierklebeband_10.jpg\",\"datePublished\":\"2023-06-05T14:55:27+00:00\",\"dateModified\":\"2023-06-05T14:59:28+00:00\",\"description\":\"CA-113 PV1 to papierowa ta\u015bma do zamykania karton\u00f3w. Ta\u015bma pakowa nadaje si\u0119 zar\u00f3wno do dyspenser\u00f3w r\u0119cznych, jak i automatycznych maszyn pakuj\u0105cych.\",\"breadcrumb\":{\"@id\":\"https:\\\/\\\/cardinal-tapes.com\\\/pl\\\/ta\u015bmy-samoprzylepne\\\/jednostronne-tasmy-samoprzylepne\\\/ca-113-pv1-paper-tape-packaging-tape\\\/#breadcrumb\"},\"inLanguage\":\"pl-PL\",\"potentialAction\":[{\"@type\":\"ReadAction\",\"target\":[\"https:\\\/\\\/cardinal-tapes.com\\\/pl\\\/ta\u015bmy-samoprzylepne\\\/jednostronne-tasmy-samoprzylepne\\\/ca-113-pv1-paper-tape-packaging-tape\\\/\"]}]},{\"@type\":\"ImageObject\",\"inLanguage\":\"pl-PL\",\"@id\":\"https:\\\/\\\/cardinal-tapes.com\\\/pl\\\/ta\u015bmy-samoprzylepne\\\/jednostronne-tasmy-samoprzylepne\\\/ca-113-pv1-paper-tape-packaging-tape\\\/#primaryimage\",\"url\":\"https:\\\/\\\/cardinal-tapes.com\\\/wp-content\\\/uploads\\\/cardinal_papierklebeband_10.jpg\",\"contentUrl\":\"https:\\\/\\\/cardinal-tapes.com\\\/wp-content\\\/uploads\\\/cardinal_papierklebeband_10.jpg\",\"width\":2501,\"height\":2444},{\"@type\":\"BreadcrumbList\",\"@id\":\"https:\\\/\\\/cardinal-tapes.com\\\/pl\\\/ta\u015bmy-samoprzylepne\\\/jednostronne-tasmy-samoprzylepne\\\/ca-113-pv1-paper-tape-packaging-tape\\\/#breadcrumb\",\"itemListElement\":[{\"@type\":\"ListItem\",\"position\":1,\"name\":\"Startseite\",\"item\":\"https:\\\/\\\/cardinal-tapes.com\\\/pl\\\/strona-glowna\\\/\"},{\"@type\":\"ListItem\",\"position\":2,\"name\":\"Ta\u015bmy samoprzylepne\",\"item\":\"https:\\\/\\\/cardinal-tapes.com\\\/pl\\\/tasmy-samoprzylepne-pl\\\/\"},{\"@type\":\"ListItem\",\"position\":3,\"name\":\"Systemy pakowania\",\"item\":\"https:\\\/\\\/cardinal-tapes.com\\\/pl\\\/kategoria\\\/systemy-pakowania\\\/\"},{\"@type\":\"ListItem\",\"position\":4,\"name\":\"CA-113 PV1 Ta\u015bma papierowa \\\/ Ta\u015bma pakowa\"}]},{\"@type\":\"WebSite\",\"@id\":\"https:\\\/\\\/cardinal-tapes.com\\\/#website\",\"url\":\"https:\\\/\\\/cardinal-tapes.com\\\/\",\"name\":\"cardinal TAPES\",\"description\":\"Klebetechnik aus Wuppertal\",\"potentialAction\":[{\"@type\":\"SearchAction\",\"target\":{\"@type\":\"EntryPoint\",\"urlTemplate\":\"https:\\\/\\\/cardinal-tapes.com\\\/?s={search_term_string}\"},\"query-input\":{\"@type\":\"PropertyValueSpecification\",\"valueRequired\":true,\"valueName\":\"search_term_string\"}}],\"inLanguage\":\"pl-PL\"}]}<\/script>\n<!-- \/ Yoast SEO plugin. -->","yoast_head_json":{"title":"Ta\u015bma papierowa CA-113 PV1 | Cardinal TAPES","description":"CA-113 PV1 to papierowa ta\u015bma do zamykania karton\u00f3w. Ta\u015bma pakowa nadaje si\u0119 zar\u00f3wno do dyspenser\u00f3w r\u0119cznych, jak i automatycznych maszyn pakuj\u0105cych.","robots":{"index":"index","follow":"follow","max-snippet":"max-snippet:-1","max-image-preview":"max-image-preview:large","max-video-preview":"max-video-preview:-1"},"canonical":"https:\/\/cardinal-tapes.com\/pl\/ta\u015bmy-samoprzylepne\/jednostronne-tasmy-samoprzylepne\/ca-113-pv1-paper-tape-packaging-tape\/","og_locale":"pl_PL","og_type":"article","og_title":"Ta\u015bma papierowa CA-113 PV1 | Cardinal TAPES","og_description":"CA-113 PV1 to papierowa ta\u015bma do zamykania karton\u00f3w. Ta\u015bma pakowa nadaje si\u0119 zar\u00f3wno do dyspenser\u00f3w r\u0119cznych, jak i automatycznych maszyn pakuj\u0105cych.","og_url":"https:\/\/cardinal-tapes.com\/pl\/ta\u015bmy-samoprzylepne\/jednostronne-tasmy-samoprzylepne\/ca-113-pv1-paper-tape-packaging-tape\/","og_site_name":"cardinal TAPES","article_modified_time":"2023-06-05T14:59:28+00:00","og_image":[{"width":2501,"height":2444,"url":"https:\/\/cardinal-tapes.com\/wp-content\/uploads\/cardinal_papierklebeband_10.jpg","type":"image\/jpeg"}],"twitter_card":"summary_large_image","schema":{"@context":"https:\/\/schema.org","@graph":[{"@type":"WebPage","@id":"https:\/\/cardinal-tapes.com\/pl\/ta\u015bmy-samoprzylepne\/jednostronne-tasmy-samoprzylepne\/ca-113-pv1-paper-tape-packaging-tape\/","url":"https:\/\/cardinal-tapes.com\/pl\/ta\u015bmy-samoprzylepne\/jednostronne-tasmy-samoprzylepne\/ca-113-pv1-paper-tape-packaging-tape\/","name":"Ta\u015bma papierowa CA-113 PV1 | Cardinal TAPES","isPartOf":{"@id":"https:\/\/cardinal-tapes.com\/#website"},"primaryImageOfPage":{"@id":"https:\/\/cardinal-tapes.com\/pl\/ta\u015bmy-samoprzylepne\/jednostronne-tasmy-samoprzylepne\/ca-113-pv1-paper-tape-packaging-tape\/#primaryimage"},"image":{"@id":"https:\/\/cardinal-tapes.com\/pl\/ta\u015bmy-samoprzylepne\/jednostronne-tasmy-samoprzylepne\/ca-113-pv1-paper-tape-packaging-tape\/#primaryimage"},"thumbnailUrl":"https:\/\/cardinal-tapes.com\/wp-content\/uploads\/cardinal_papierklebeband_10.jpg","datePublished":"2023-06-05T14:55:27+00:00","dateModified":"2023-06-05T14:59:28+00:00","description":"CA-113 PV1 to papierowa ta\u015bma do zamykania karton\u00f3w. Ta\u015bma pakowa nadaje si\u0119 zar\u00f3wno do dyspenser\u00f3w r\u0119cznych, jak i automatycznych maszyn pakuj\u0105cych.","breadcrumb":{"@id":"https:\/\/cardinal-tapes.com\/pl\/ta\u015bmy-samoprzylepne\/jednostronne-tasmy-samoprzylepne\/ca-113-pv1-paper-tape-packaging-tape\/#breadcrumb"},"inLanguage":"pl-PL","potentialAction":[{"@type":"ReadAction","target":["https:\/\/cardinal-tapes.com\/pl\/ta\u015bmy-samoprzylepne\/jednostronne-tasmy-samoprzylepne\/ca-113-pv1-paper-tape-packaging-tape\/"]}]},{"@type":"ImageObject","inLanguage":"pl-PL","@id":"https:\/\/cardinal-tapes.com\/pl\/ta\u015bmy-samoprzylepne\/jednostronne-tasmy-samoprzylepne\/ca-113-pv1-paper-tape-packaging-tape\/#primaryimage","url":"https:\/\/cardinal-tapes.com\/wp-content\/uploads\/cardinal_papierklebeband_10.jpg","contentUrl":"https:\/\/cardinal-tapes.com\/wp-content\/uploads\/cardinal_papierklebeband_10.jpg","width":2501,"height":2444},{"@type":"BreadcrumbList","@id":"https:\/\/cardinal-tapes.com\/pl\/ta\u015bmy-samoprzylepne\/jednostronne-tasmy-samoprzylepne\/ca-113-pv1-paper-tape-packaging-tape\/#breadcrumb","itemListElement":[{"@type":"ListItem","position":1,"name":"Startseite","item":"https:\/\/cardinal-tapes.com\/pl\/strona-glowna\/"},{"@type":"ListItem","position":2,"name":"Ta\u015bmy samoprzylepne","item":"https:\/\/cardinal-tapes.com\/pl\/tasmy-samoprzylepne-pl\/"},{"@type":"ListItem","position":3,"name":"Systemy pakowania","item":"https:\/\/cardinal-tapes.com\/pl\/kategoria\/systemy-pakowania\/"},{"@type":"ListItem","position":4,"name":"CA-113 PV1 Ta\u015bma papierowa \/ Ta\u015bma pakowa"}]},{"@type":"WebSite","@id":"https:\/\/cardinal-tapes.com\/#website","url":"https:\/\/cardinal-tapes.com\/","name":"cardinal TAPES","description":"Klebetechnik aus Wuppertal","potentialAction":[{"@type":"SearchAction","target":{"@type":"EntryPoint","urlTemplate":"https:\/\/cardinal-tapes.com\/?s={search_term_string}"},"query-input":{"@type":"PropertyValueSpecification","valueRequired":true,"valueName":"search_term_string"}}],"inLanguage":"pl-PL"}]}},"brands":[{"id":2173,"name":"cardinal GmbH","slug":"cardinal-gmbh-pl"}],"_links":{"self":[{"href":"https:\/\/cardinal-tapes.com\/pl\/wp-json\/wp\/v2\/product\/40312","targetHints":{"allow":["GET"]}}],"collection":[{"href":"https:\/\/cardinal-tapes.com\/pl\/wp-json\/wp\/v2\/product"}],"about":[{"href":"https:\/\/cardinal-tapes.com\/pl\/wp-json\/wp\/v2\/types\/product"}],"wp:featuredmedia":[{"embeddable":true,"href":"https:\/\/cardinal-tapes.com\/pl\/wp-json\/wp\/v2\/media\/28926"}],"wp:attachment":[{"href":"https:\/\/cardinal-tapes.com\/pl\/wp-json\/wp\/v2\/media?parent=40312"}],"wp:term":[{"taxonomy":"pwb-brand","embeddable":true,"href":"https:\/\/cardinal-tapes.com\/pl\/wp-json\/wp\/v2\/pwb-brand?post=40312"},{"taxonomy":"product_brand","embeddable":true,"href":"https:\/\/cardinal-tapes.com\/pl\/wp-json\/wp\/v2\/product_brand?post=40312"},{"taxonomy":"product_cat","embeddable":true,"href":"https:\/\/cardinal-tapes.com\/pl\/wp-json\/wp\/v2\/product_cat?post=40312"},{"taxonomy":"product_tag","embeddable":true,"href":"https:\/\/cardinal-tapes.com\/pl\/wp-json\/wp\/v2\/product_tag?post=40312"}],"curies":[{"name":"wp","href":"https:\/\/api.w.org\/{rel}","templated":true}]}}