{"id":40310,"date":"2022-07-12T09:00:49","date_gmt":"2022-07-12T07:00:49","guid":{"rendered":"https:\/\/cardinal.pixel-tal.de\/klebebaender\/bez-kategorii\/tasma-papierowa-tesapack-4313-pv10\/"},"modified":"2025-07-02T12:27:35","modified_gmt":"2025-07-02T10:27:35","slug":"tesapack-4313-pv10-papierband","status":"publish","type":"product","link":"https:\/\/cardinal-tapes.com\/pl\/ta\u015bmy-samoprzylepne\/jednostronne-tasmy-samoprzylepne\/folia-pet\/tesapack-4313-pv10-papierband\/","title":{"rendered":"Ta\u015bma papierowa tesapack\u00ae 4313 PV10"},"content":{"rendered":"<p><span class=\"lowercase\">tesa\u00ae<\/span>4313 PV10 to wysokiej jako\u015bci ta\u015bma pakowa z papierowym no\u015bnikiem, niezawieraj\u0105c\u0105 silikonu warstw\u0105 antyadhezyjn\u0105 i systemem klej\u0105cym z kauczuku syntetycznego niezawieraj\u0105cym rozpuszczalnik\u00f3w. Odporny na rozdarcia papierowy no\u015bnik premium jest wykonany z papieru pochodz\u0105cego z wzorowo zarz\u0105dzanych las\u00f3w z certyfikatem FSC\u00ae i innych kontrolowanych \u017ar\u00f3de\u0142 (FSC\u00ae C148769). Ta\u015bma <span class=\"lowercase\">tesa\u00ae<\/span>4313 PV10 zapewnia siln\u0105 przyczepno\u015b\u0107 i przyleganie do szerokiej gamy r\u00f3\u017cnych rodzaj\u00f3w tektury, dzi\u0119ki czemu idealnie nadaje si\u0119 do zaklejania lekkich i \u015brednich karton\u00f3w. Pod\u0142o\u017ce oparte jest na papierze, naturalnym, zr\u00f3wnowa\u017conym materiale. Poniewa\u017c produkt nie zawiera chloru i jest oparty na pochodnych czystego oleju mineralnego, utylizacja poprzez obr\u00f3bk\u0119 ciepln\u0105 jest przyjazna dla \u015brodowiska. Po\u0142\u0105czenie no\u015bnika papierowego z certyfikatem FSC\u00ae i bezrozpuszczalnikowej substancji klej\u0105cej z kauczuku syntetycznego sprawia, \u017ce ta wysokiej jako\u015bci ta\u015bma papierowa jest przyjazna dla \u015brodowiska i recyklingu zgodnie z metod\u0105 INGEDE 12. <span class=\"lowercase\">tesa\u00ae<\/span>4313 PV10 mo\u017ce by\u0107 przetwarzana r\u0119cznie lub za pomoc\u0105 dyspensera i jest dost\u0119pna w kolorze chamois i bia\u0142ym.<\/p>\n<p><strong><span class=\"copy-bold d-block mb-1\" data-v-0f400a92=\"\">G\u0142\u00f3wne zastosowania<\/span><\/strong><\/p>\n<div class=\"pdp-buybox__applications\" data-v-0f400a92=\"\">\n<ul>\n<li><span class=\"lowercase\">tesa\u00ae<\/span>4313 PV10 jest idealna do zaklejania lekkich i \u015brednich karton\u00f3w (maks. 15 kg).<\/li>\n<li>Ta papierowa ta\u015bma mo\u017ce by\u0107 u\u017cywana do inscenizacji marki i cel\u00f3w promocyjnych<\/li>\n<li><span class=\"lowercase hyphens-manual\">tesa\u00ae<\/span>4313 PV10 nadaje si\u0119 do zadruku i mo\u017ce by\u0107 nak\u0142adana r\u0119cznie lub za pomoc\u0105 odwijarki.<\/li>\n<\/ul>\n<\/div>\n","protected":false},"excerpt":{"rendered":"<p>tesa\u00ae4313 PV10 to wysokiej jako\u015bci ta\u015bma pakowa z papierowym no\u015bnikiem, niezawieraj\u0105c\u0105 silikonu warstw\u0105 antyadhezyjn\u0105 i systemem klej\u0105cym z kauczuku syntetycznego niezawieraj\u0105cym rozpuszczalnik\u00f3w. Odporny na rozdarcia papierowy no\u015bnik premium jest wykonany z papieru pochodz\u0105cego z wzorowo zarz\u0105dzanych las\u00f3w z certyfikatem FSC\u00ae i innych kontrolowanych \u017ar\u00f3de\u0142 (FSC\u00ae C148769). Ta\u015bma tesa\u00ae4313 PV10 zapewnia siln\u0105 przyczepno\u015b\u0107 i przyleganie do [&hellip;]<\/p>\n","protected":false},"featured_media":28914,"template":"","meta":{"_acf_changed":false},"pwb-brand":[2164],"product_brand":[],"product_cat":[1867,1816,1819],"product_tag":[],"class_list":{"0":"post-40310","1":"product","2":"type-product","3":"status-publish","4":"has-post-thumbnail","6":"pwb-brand-tesa-pl","7":"product_cat-systemy-pakowania","8":"product_cat-jednostronne-tasmy-samoprzylepne","9":"product_cat-folia-pet","11":"first","12":"instock","13":"featured","14":"taxable","15":"shipping-taxable","16":"purchasable","17":"product-type-variable"},"acf":[],"yoast_head":"<!-- This site is optimized with the Yoast SEO plugin v27.3 - https:\/\/yoast.com\/product\/yoast-seo-wordpress\/ -->\n<title>Ta\u015bma papierowa tesapack\u00ae 4313 PV10 | Cardinal TAPES<\/title>\n<meta name=\"description\" content=\"tesa\u00ae 4313 PV10 to wysokiej jako\u015bci ta\u015bma pakowa z bezrozpuszczalnikowym systemem klej\u0105cym z kauczuku syntetycznego.\" \/>\n<meta name=\"robots\" content=\"index, follow, max-snippet:-1, max-image-preview:large, max-video-preview:-1\" \/>\n<link rel=\"canonical\" href=\"https:\/\/cardinal-tapes.com\/pl\/ta\u015bmy-samoprzylepne\/jednostronne-tasmy-samoprzylepne\/folia-pet\/tesapack-4313-pv10-papierband\/\" \/>\n<meta property=\"og:locale\" content=\"pl_PL\" \/>\n<meta property=\"og:type\" content=\"article\" \/>\n<meta property=\"og:title\" content=\"Ta\u015bma papierowa tesapack\u00ae 4313 PV10 | Cardinal TAPES\" \/>\n<meta property=\"og:description\" content=\"tesa\u00ae 4313 PV10 to wysokiej jako\u015bci ta\u015bma pakowa z bezrozpuszczalnikowym systemem klej\u0105cym z kauczuku syntetycznego.\" \/>\n<meta property=\"og:url\" content=\"https:\/\/cardinal-tapes.com\/pl\/ta\u015bmy-samoprzylepne\/jednostronne-tasmy-samoprzylepne\/folia-pet\/tesapack-4313-pv10-papierband\/\" \/>\n<meta property=\"og:site_name\" content=\"cardinal TAPES\" \/>\n<meta property=\"article:modified_time\" content=\"2025-07-02T10:27:35+00:00\" \/>\n<meta property=\"og:image\" content=\"https:\/\/cardinal-tapes.com\/wp-content\/uploads\/4313-p0-1.webp\" \/>\n\t<meta property=\"og:image:width\" content=\"608\" \/>\n\t<meta property=\"og:image:height\" content=\"608\" \/>\n\t<meta property=\"og:image:type\" content=\"image\/webp\" \/>\n<meta name=\"twitter:card\" content=\"summary_large_image\" \/>\n<meta name=\"twitter:label1\" content=\"Szacowany czas czytania\" \/>\n\t<meta name=\"twitter:data1\" content=\"1 minuta\" \/>\n<script type=\"application\/ld+json\" class=\"yoast-schema-graph\">{\"@context\":\"https:\\\/\\\/schema.org\",\"@graph\":[{\"@type\":\"WebPage\",\"@id\":\"https:\\\/\\\/cardinal-tapes.com\\\/pl\\\/ta\u015bmy-samoprzylepne\\\/jednostronne-tasmy-samoprzylepne\\\/folia-pet\\\/tesapack-4313-pv10-papierband\\\/\",\"url\":\"https:\\\/\\\/cardinal-tapes.com\\\/pl\\\/ta\u015bmy-samoprzylepne\\\/jednostronne-tasmy-samoprzylepne\\\/folia-pet\\\/tesapack-4313-pv10-papierband\\\/\",\"name\":\"Ta\u015bma papierowa tesapack\u00ae 4313 PV10 | Cardinal TAPES\",\"isPartOf\":{\"@id\":\"https:\\\/\\\/cardinal-tapes.com\\\/#website\"},\"primaryImageOfPage\":{\"@id\":\"https:\\\/\\\/cardinal-tapes.com\\\/pl\\\/ta\u015bmy-samoprzylepne\\\/jednostronne-tasmy-samoprzylepne\\\/folia-pet\\\/tesapack-4313-pv10-papierband\\\/#primaryimage\"},\"image\":{\"@id\":\"https:\\\/\\\/cardinal-tapes.com\\\/pl\\\/ta\u015bmy-samoprzylepne\\\/jednostronne-tasmy-samoprzylepne\\\/folia-pet\\\/tesapack-4313-pv10-papierband\\\/#primaryimage\"},\"thumbnailUrl\":\"https:\\\/\\\/cardinal-tapes.com\\\/wp-content\\\/uploads\\\/4313-p0-1.webp\",\"datePublished\":\"2022-07-12T07:00:49+00:00\",\"dateModified\":\"2025-07-02T10:27:35+00:00\",\"description\":\"tesa\u00ae 4313 PV10 to wysokiej jako\u015bci ta\u015bma pakowa z bezrozpuszczalnikowym systemem klej\u0105cym z kauczuku syntetycznego.\",\"breadcrumb\":{\"@id\":\"https:\\\/\\\/cardinal-tapes.com\\\/pl\\\/ta\u015bmy-samoprzylepne\\\/jednostronne-tasmy-samoprzylepne\\\/folia-pet\\\/tesapack-4313-pv10-papierband\\\/#breadcrumb\"},\"inLanguage\":\"pl-PL\",\"potentialAction\":[{\"@type\":\"ReadAction\",\"target\":[\"https:\\\/\\\/cardinal-tapes.com\\\/pl\\\/ta\u015bmy-samoprzylepne\\\/jednostronne-tasmy-samoprzylepne\\\/folia-pet\\\/tesapack-4313-pv10-papierband\\\/\"]}]},{\"@type\":\"ImageObject\",\"inLanguage\":\"pl-PL\",\"@id\":\"https:\\\/\\\/cardinal-tapes.com\\\/pl\\\/ta\u015bmy-samoprzylepne\\\/jednostronne-tasmy-samoprzylepne\\\/folia-pet\\\/tesapack-4313-pv10-papierband\\\/#primaryimage\",\"url\":\"https:\\\/\\\/cardinal-tapes.com\\\/wp-content\\\/uploads\\\/4313-p0-1.webp\",\"contentUrl\":\"https:\\\/\\\/cardinal-tapes.com\\\/wp-content\\\/uploads\\\/4313-p0-1.webp\",\"width\":608,\"height\":608},{\"@type\":\"BreadcrumbList\",\"@id\":\"https:\\\/\\\/cardinal-tapes.com\\\/pl\\\/ta\u015bmy-samoprzylepne\\\/jednostronne-tasmy-samoprzylepne\\\/folia-pet\\\/tesapack-4313-pv10-papierband\\\/#breadcrumb\",\"itemListElement\":[{\"@type\":\"ListItem\",\"position\":1,\"name\":\"Startseite\",\"item\":\"https:\\\/\\\/cardinal-tapes.com\\\/pl\\\/strona-glowna\\\/\"},{\"@type\":\"ListItem\",\"position\":2,\"name\":\"Ta\u015bmy samoprzylepne\",\"item\":\"https:\\\/\\\/cardinal-tapes.com\\\/pl\\\/tasmy-samoprzylepne-pl\\\/\"},{\"@type\":\"ListItem\",\"position\":3,\"name\":\"Jednostronne ta\u015bmy samoprzylepne\",\"item\":\"https:\\\/\\\/cardinal-tapes.com\\\/pl\\\/kategoria\\\/jednostronne-tasmy-samoprzylepne\\\/\"},{\"@type\":\"ListItem\",\"position\":4,\"name\":\"Folia PET\",\"item\":\"https:\\\/\\\/cardinal-tapes.com\\\/pl\\\/kategoria\\\/folia-pet\\\/\"},{\"@type\":\"ListItem\",\"position\":5,\"name\":\"Ta\u015bma papierowa tesapack\u00ae 4313 PV10\"}]},{\"@type\":\"WebSite\",\"@id\":\"https:\\\/\\\/cardinal-tapes.com\\\/#website\",\"url\":\"https:\\\/\\\/cardinal-tapes.com\\\/\",\"name\":\"cardinal TAPES\",\"description\":\"Klebetechnik aus Wuppertal\",\"potentialAction\":[{\"@type\":\"SearchAction\",\"target\":{\"@type\":\"EntryPoint\",\"urlTemplate\":\"https:\\\/\\\/cardinal-tapes.com\\\/?s={search_term_string}\"},\"query-input\":{\"@type\":\"PropertyValueSpecification\",\"valueRequired\":true,\"valueName\":\"search_term_string\"}}],\"inLanguage\":\"pl-PL\"}]}<\/script>\n<!-- \/ Yoast SEO plugin. -->","yoast_head_json":{"title":"Ta\u015bma papierowa tesapack\u00ae 4313 PV10 | Cardinal TAPES","description":"tesa\u00ae 4313 PV10 to wysokiej jako\u015bci ta\u015bma pakowa z bezrozpuszczalnikowym systemem klej\u0105cym z kauczuku syntetycznego.","robots":{"index":"index","follow":"follow","max-snippet":"max-snippet:-1","max-image-preview":"max-image-preview:large","max-video-preview":"max-video-preview:-1"},"canonical":"https:\/\/cardinal-tapes.com\/pl\/ta\u015bmy-samoprzylepne\/jednostronne-tasmy-samoprzylepne\/folia-pet\/tesapack-4313-pv10-papierband\/","og_locale":"pl_PL","og_type":"article","og_title":"Ta\u015bma papierowa tesapack\u00ae 4313 PV10 | Cardinal TAPES","og_description":"tesa\u00ae 4313 PV10 to wysokiej jako\u015bci ta\u015bma pakowa z bezrozpuszczalnikowym systemem klej\u0105cym z kauczuku syntetycznego.","og_url":"https:\/\/cardinal-tapes.com\/pl\/ta\u015bmy-samoprzylepne\/jednostronne-tasmy-samoprzylepne\/folia-pet\/tesapack-4313-pv10-papierband\/","og_site_name":"cardinal TAPES","article_modified_time":"2025-07-02T10:27:35+00:00","og_image":[{"width":608,"height":608,"url":"https:\/\/cardinal-tapes.com\/wp-content\/uploads\/4313-p0-1.webp","type":"image\/webp"}],"twitter_card":"summary_large_image","twitter_misc":{"Szacowany czas czytania":"1 minuta"},"schema":{"@context":"https:\/\/schema.org","@graph":[{"@type":"WebPage","@id":"https:\/\/cardinal-tapes.com\/pl\/ta\u015bmy-samoprzylepne\/jednostronne-tasmy-samoprzylepne\/folia-pet\/tesapack-4313-pv10-papierband\/","url":"https:\/\/cardinal-tapes.com\/pl\/ta\u015bmy-samoprzylepne\/jednostronne-tasmy-samoprzylepne\/folia-pet\/tesapack-4313-pv10-papierband\/","name":"Ta\u015bma papierowa tesapack\u00ae 4313 PV10 | Cardinal TAPES","isPartOf":{"@id":"https:\/\/cardinal-tapes.com\/#website"},"primaryImageOfPage":{"@id":"https:\/\/cardinal-tapes.com\/pl\/ta\u015bmy-samoprzylepne\/jednostronne-tasmy-samoprzylepne\/folia-pet\/tesapack-4313-pv10-papierband\/#primaryimage"},"image":{"@id":"https:\/\/cardinal-tapes.com\/pl\/ta\u015bmy-samoprzylepne\/jednostronne-tasmy-samoprzylepne\/folia-pet\/tesapack-4313-pv10-papierband\/#primaryimage"},"thumbnailUrl":"https:\/\/cardinal-tapes.com\/wp-content\/uploads\/4313-p0-1.webp","datePublished":"2022-07-12T07:00:49+00:00","dateModified":"2025-07-02T10:27:35+00:00","description":"tesa\u00ae 4313 PV10 to wysokiej jako\u015bci ta\u015bma pakowa z bezrozpuszczalnikowym systemem klej\u0105cym z kauczuku syntetycznego.","breadcrumb":{"@id":"https:\/\/cardinal-tapes.com\/pl\/ta\u015bmy-samoprzylepne\/jednostronne-tasmy-samoprzylepne\/folia-pet\/tesapack-4313-pv10-papierband\/#breadcrumb"},"inLanguage":"pl-PL","potentialAction":[{"@type":"ReadAction","target":["https:\/\/cardinal-tapes.com\/pl\/ta\u015bmy-samoprzylepne\/jednostronne-tasmy-samoprzylepne\/folia-pet\/tesapack-4313-pv10-papierband\/"]}]},{"@type":"ImageObject","inLanguage":"pl-PL","@id":"https:\/\/cardinal-tapes.com\/pl\/ta\u015bmy-samoprzylepne\/jednostronne-tasmy-samoprzylepne\/folia-pet\/tesapack-4313-pv10-papierband\/#primaryimage","url":"https:\/\/cardinal-tapes.com\/wp-content\/uploads\/4313-p0-1.webp","contentUrl":"https:\/\/cardinal-tapes.com\/wp-content\/uploads\/4313-p0-1.webp","width":608,"height":608},{"@type":"BreadcrumbList","@id":"https:\/\/cardinal-tapes.com\/pl\/ta\u015bmy-samoprzylepne\/jednostronne-tasmy-samoprzylepne\/folia-pet\/tesapack-4313-pv10-papierband\/#breadcrumb","itemListElement":[{"@type":"ListItem","position":1,"name":"Startseite","item":"https:\/\/cardinal-tapes.com\/pl\/strona-glowna\/"},{"@type":"ListItem","position":2,"name":"Ta\u015bmy samoprzylepne","item":"https:\/\/cardinal-tapes.com\/pl\/tasmy-samoprzylepne-pl\/"},{"@type":"ListItem","position":3,"name":"Jednostronne ta\u015bmy samoprzylepne","item":"https:\/\/cardinal-tapes.com\/pl\/kategoria\/jednostronne-tasmy-samoprzylepne\/"},{"@type":"ListItem","position":4,"name":"Folia PET","item":"https:\/\/cardinal-tapes.com\/pl\/kategoria\/folia-pet\/"},{"@type":"ListItem","position":5,"name":"Ta\u015bma papierowa tesapack\u00ae 4313 PV10"}]},{"@type":"WebSite","@id":"https:\/\/cardinal-tapes.com\/#website","url":"https:\/\/cardinal-tapes.com\/","name":"cardinal TAPES","description":"Klebetechnik aus Wuppertal","potentialAction":[{"@type":"SearchAction","target":{"@type":"EntryPoint","urlTemplate":"https:\/\/cardinal-tapes.com\/?s={search_term_string}"},"query-input":{"@type":"PropertyValueSpecification","valueRequired":true,"valueName":"search_term_string"}}],"inLanguage":"pl-PL"}]}},"brands":[{"id":2164,"name":"tesa","slug":"tesa-pl"}],"_links":{"self":[{"href":"https:\/\/cardinal-tapes.com\/pl\/wp-json\/wp\/v2\/product\/40310","targetHints":{"allow":["GET"]}}],"collection":[{"href":"https:\/\/cardinal-tapes.com\/pl\/wp-json\/wp\/v2\/product"}],"about":[{"href":"https:\/\/cardinal-tapes.com\/pl\/wp-json\/wp\/v2\/types\/product"}],"wp:featuredmedia":[{"embeddable":true,"href":"https:\/\/cardinal-tapes.com\/pl\/wp-json\/wp\/v2\/media\/28914"}],"wp:attachment":[{"href":"https:\/\/cardinal-tapes.com\/pl\/wp-json\/wp\/v2\/media?parent=40310"}],"wp:term":[{"taxonomy":"pwb-brand","embeddable":true,"href":"https:\/\/cardinal-tapes.com\/pl\/wp-json\/wp\/v2\/pwb-brand?post=40310"},{"taxonomy":"product_brand","embeddable":true,"href":"https:\/\/cardinal-tapes.com\/pl\/wp-json\/wp\/v2\/product_brand?post=40310"},{"taxonomy":"product_cat","embeddable":true,"href":"https:\/\/cardinal-tapes.com\/pl\/wp-json\/wp\/v2\/product_cat?post=40310"},{"taxonomy":"product_tag","embeddable":true,"href":"https:\/\/cardinal-tapes.com\/pl\/wp-json\/wp\/v2\/product_tag?post=40310"}],"curies":[{"name":"wp","href":"https:\/\/api.w.org\/{rel}","templated":true}]}}