{"id":40303,"date":"2022-07-11T12:31:46","date_gmt":"2022-07-11T10:31:46","guid":{"rendered":"https:\/\/cardinal.pixel-tal.de\/klebebaender\/bez-kategorii\/tasma-pakowa-tesa-60412-70-pcr-pet\/"},"modified":"2025-07-02T12:31:00","modified_gmt":"2025-07-02T10:31:00","slug":"tesa-60412-70-pcr-pet-packaging-tape","status":"publish","type":"product","link":"https:\/\/cardinal-tapes.com\/pl\/ta\u015bmy-samoprzylepne\/jednostronne-tasmy-samoprzylepne\/folia-pet\/tesa-60412-70-pcr-pet-packaging-tape\/","title":{"rendered":"Ta\u015bma pakowa tesa\u00ae 60412 70% PCR PET"},"content":{"rendered":"<p>tesa\u00ae 60412 to uniwersalna ta\u015bma pakowa sk\u0142adaj\u0105ca si\u0119 z no\u015bnika PET pochodz\u0105cego w 70% z recyklingu (PCR) i akrylowego systemu klej\u0105cego na bazie wody<br \/>\n. tesa\u00ae 60412 ma mocny i odporny na \u015bcieranie no\u015bnik o doskona\u0142ych w\u0142a\u015bciwo\u015bciach<br \/>\nadhezyjnych. Sta\u0142a akrylowa substancja klej\u0105ca sprawia, \u017ce produkt ten jest idealnym rozwi\u0105zaniem dla lekkich i<br \/>\n\u015brednio ci\u0119\u017ckich opakowa\u0144 (maks. 30 kg). Po\u0142\u0105czenie materia\u0142\u00f3w gwarantuje ciche rozwijanie<br \/>\ni doskona\u0142\u0105 drukowno\u015b\u0107 przy u\u017cyciu wszystkich rodzaj\u00f3w system\u00f3w kolorystycznych. Ponadto ta\u015bma tesa\u00ae 60412 charakteryzuje si\u0119 bardzo dobr\u0105<br \/>\nprzyczepno\u015bci\u0105 do tektury pochodz\u0105cej z recyklingu.    <\/p>\n<p><strong>Aspekty zr\u00f3wnowa\u017conego rozwoju<\/strong><br \/>\n&#8211; Materia\u0142 no\u015bny jest wykonany z przetworzonego pou\u017cytkowego PET (70% zawarto\u015bci z recyklingu).<br \/>\n&#8211; Proces produkcji bez rozpuszczalnik\u00f3w<br \/>\n&#8211; Przyjazny dla recyklingu klej nie utrudnia procesu recyklingu papieru.<\/p>\n<p><strong>Cechy produktu<\/strong><br \/>\n&#8211; Materia\u0142 no\u015bny jest wykonany z przetworzonego pou\u017cytkowego PET (70% zawarto\u015bci z recyklingu).<br \/>\n&#8211; Mocny, odporny na rozdarcia no\u015bnik PET<br \/>\n&#8211; Wszechstronny klej akrylowy na bazie wody<br \/>\n&#8211; Ciche odwijanie<br \/>\n&#8211; Dost\u0119pne w kolorze br\u0105zowym, bia\u0142ym i przezroczystym<\/p>\n<p><strong>Zastosowanie<\/strong><br \/>\n&#8211; Zamykanie opakowa\u0144 kartonowych<br \/>\n&#8211; Nadaje si\u0119 do lekkich i \u015brednich opakowa\u0144 (maks. 30 kg)<br \/>\n&#8211; Doskona\u0142a przyczepno\u015b\u0107 do kartonu z recyklingu<br \/>\n&#8211; Nadaje si\u0119 do dozownik\u00f3w r\u0119cznych i automatycznych<br \/>\n&#8211; Prezentacja marki i cele reklamowe<\/p>\n","protected":false},"excerpt":{"rendered":"<p>tesa\u00ae 60412 to uniwersalna ta\u015bma pakowa sk\u0142adaj\u0105ca si\u0119 z no\u015bnika PET pochodz\u0105cego w 70% z recyklingu (PCR) i akrylowego systemu klej\u0105cego na bazie wody . tesa\u00ae 60412 ma mocny i odporny na \u015bcieranie no\u015bnik o doskona\u0142ych w\u0142a\u015bciwo\u015bciach adhezyjnych. Sta\u0142a akrylowa substancja klej\u0105ca sprawia, \u017ce produkt ten jest idealnym rozwi\u0105zaniem dla lekkich i \u015brednio ci\u0119\u017ckich opakowa\u0144 [&hellip;]<\/p>\n","protected":false},"featured_media":28910,"template":"","meta":{"_acf_changed":false},"pwb-brand":[2164],"product_brand":[],"product_cat":[1867,7723,1816,1819],"product_tag":[],"class_list":{"0":"post-40303","1":"product","2":"type-product","3":"status-publish","4":"has-post-thumbnail","6":"pwb-brand-tesa-pl","7":"product_cat-systemy-pakowania","8":"product_cat-news_tesa","9":"product_cat-jednostronne-tasmy-samoprzylepne","10":"product_cat-folia-pet","12":"first","13":"instock","14":"featured","15":"taxable","16":"shipping-taxable","17":"purchasable","18":"product-type-variable"},"acf":[],"yoast_head":"<!-- This site is optimized with the Yoast SEO plugin v27.3 - https:\/\/yoast.com\/product\/yoast-seo-wordpress\/ -->\n<title>Ta\u015bma pakowa tesa\u00ae 60412 70% PCR PET | Cardinal TAPES<\/title>\n<meta name=\"description\" content=\"tesa\u00ae 60412 to uniwersalna ta\u015bma pakowa wykonana z no\u015bnika PET pochodz\u0105cego w 70% z recyklingu (PCR) i akrylowego systemu klej\u0105cego na bazie wody.\" \/>\n<meta name=\"robots\" content=\"index, follow, max-snippet:-1, max-image-preview:large, max-video-preview:-1\" \/>\n<link rel=\"canonical\" href=\"https:\/\/cardinal-tapes.com\/pl\/ta\u015bmy-samoprzylepne\/jednostronne-tasmy-samoprzylepne\/folia-pet\/tesa-60412-70-pcr-pet-packaging-tape\/\" \/>\n<meta property=\"og:locale\" content=\"pl_PL\" \/>\n<meta property=\"og:type\" content=\"article\" \/>\n<meta property=\"og:title\" content=\"Ta\u015bma pakowa tesa\u00ae 60412 70% PCR PET | Cardinal TAPES\" \/>\n<meta property=\"og:description\" content=\"tesa\u00ae 60412 to uniwersalna ta\u015bma pakowa wykonana z no\u015bnika PET pochodz\u0105cego w 70% z recyklingu (PCR) i akrylowego systemu klej\u0105cego na bazie wody.\" \/>\n<meta property=\"og:url\" content=\"https:\/\/cardinal-tapes.com\/pl\/ta\u015bmy-samoprzylepne\/jednostronne-tasmy-samoprzylepne\/folia-pet\/tesa-60412-70-pcr-pet-packaging-tape\/\" \/>\n<meta property=\"og:site_name\" content=\"cardinal TAPES\" \/>\n<meta property=\"article:modified_time\" content=\"2025-07-02T10:31:00+00:00\" \/>\n<meta property=\"og:image\" content=\"https:\/\/cardinal-tapes.com\/wp-content\/uploads\/60412.webp\" \/>\n\t<meta property=\"og:image:width\" content=\"608\" \/>\n\t<meta property=\"og:image:height\" content=\"608\" \/>\n\t<meta property=\"og:image:type\" content=\"image\/webp\" \/>\n<meta name=\"twitter:card\" content=\"summary_large_image\" \/>\n<meta name=\"twitter:label1\" content=\"Szacowany czas czytania\" \/>\n\t<meta name=\"twitter:data1\" content=\"1 minuta\" \/>\n<script type=\"application\/ld+json\" class=\"yoast-schema-graph\">{\"@context\":\"https:\\\/\\\/schema.org\",\"@graph\":[{\"@type\":\"WebPage\",\"@id\":\"https:\\\/\\\/cardinal-tapes.com\\\/pl\\\/ta\u015bmy-samoprzylepne\\\/jednostronne-tasmy-samoprzylepne\\\/folia-pet\\\/tesa-60412-70-pcr-pet-packaging-tape\\\/\",\"url\":\"https:\\\/\\\/cardinal-tapes.com\\\/pl\\\/ta\u015bmy-samoprzylepne\\\/jednostronne-tasmy-samoprzylepne\\\/folia-pet\\\/tesa-60412-70-pcr-pet-packaging-tape\\\/\",\"name\":\"Ta\u015bma pakowa tesa\u00ae 60412 70% PCR PET | Cardinal TAPES\",\"isPartOf\":{\"@id\":\"https:\\\/\\\/cardinal-tapes.com\\\/#website\"},\"primaryImageOfPage\":{\"@id\":\"https:\\\/\\\/cardinal-tapes.com\\\/pl\\\/ta\u015bmy-samoprzylepne\\\/jednostronne-tasmy-samoprzylepne\\\/folia-pet\\\/tesa-60412-70-pcr-pet-packaging-tape\\\/#primaryimage\"},\"image\":{\"@id\":\"https:\\\/\\\/cardinal-tapes.com\\\/pl\\\/ta\u015bmy-samoprzylepne\\\/jednostronne-tasmy-samoprzylepne\\\/folia-pet\\\/tesa-60412-70-pcr-pet-packaging-tape\\\/#primaryimage\"},\"thumbnailUrl\":\"https:\\\/\\\/cardinal-tapes.com\\\/wp-content\\\/uploads\\\/60412.webp\",\"datePublished\":\"2022-07-11T10:31:46+00:00\",\"dateModified\":\"2025-07-02T10:31:00+00:00\",\"description\":\"tesa\u00ae 60412 to uniwersalna ta\u015bma pakowa wykonana z no\u015bnika PET pochodz\u0105cego w 70% z recyklingu (PCR) i akrylowego systemu klej\u0105cego na bazie wody.\",\"breadcrumb\":{\"@id\":\"https:\\\/\\\/cardinal-tapes.com\\\/pl\\\/ta\u015bmy-samoprzylepne\\\/jednostronne-tasmy-samoprzylepne\\\/folia-pet\\\/tesa-60412-70-pcr-pet-packaging-tape\\\/#breadcrumb\"},\"inLanguage\":\"pl-PL\",\"potentialAction\":[{\"@type\":\"ReadAction\",\"target\":[\"https:\\\/\\\/cardinal-tapes.com\\\/pl\\\/ta\u015bmy-samoprzylepne\\\/jednostronne-tasmy-samoprzylepne\\\/folia-pet\\\/tesa-60412-70-pcr-pet-packaging-tape\\\/\"]}]},{\"@type\":\"ImageObject\",\"inLanguage\":\"pl-PL\",\"@id\":\"https:\\\/\\\/cardinal-tapes.com\\\/pl\\\/ta\u015bmy-samoprzylepne\\\/jednostronne-tasmy-samoprzylepne\\\/folia-pet\\\/tesa-60412-70-pcr-pet-packaging-tape\\\/#primaryimage\",\"url\":\"https:\\\/\\\/cardinal-tapes.com\\\/wp-content\\\/uploads\\\/60412.webp\",\"contentUrl\":\"https:\\\/\\\/cardinal-tapes.com\\\/wp-content\\\/uploads\\\/60412.webp\",\"width\":608,\"height\":608},{\"@type\":\"BreadcrumbList\",\"@id\":\"https:\\\/\\\/cardinal-tapes.com\\\/pl\\\/ta\u015bmy-samoprzylepne\\\/jednostronne-tasmy-samoprzylepne\\\/folia-pet\\\/tesa-60412-70-pcr-pet-packaging-tape\\\/#breadcrumb\",\"itemListElement\":[{\"@type\":\"ListItem\",\"position\":1,\"name\":\"Startseite\",\"item\":\"https:\\\/\\\/cardinal-tapes.com\\\/pl\\\/strona-glowna\\\/\"},{\"@type\":\"ListItem\",\"position\":2,\"name\":\"Ta\u015bmy samoprzylepne\",\"item\":\"https:\\\/\\\/cardinal-tapes.com\\\/pl\\\/tasmy-samoprzylepne-pl\\\/\"},{\"@type\":\"ListItem\",\"position\":3,\"name\":\"Jednostronne ta\u015bmy samoprzylepne\",\"item\":\"https:\\\/\\\/cardinal-tapes.com\\\/pl\\\/kategoria\\\/jednostronne-tasmy-samoprzylepne\\\/\"},{\"@type\":\"ListItem\",\"position\":4,\"name\":\"Folia PET\",\"item\":\"https:\\\/\\\/cardinal-tapes.com\\\/pl\\\/kategoria\\\/folia-pet\\\/\"},{\"@type\":\"ListItem\",\"position\":5,\"name\":\"Ta\u015bma pakowa tesa\u00ae 60412 70% PCR PET\"}]},{\"@type\":\"WebSite\",\"@id\":\"https:\\\/\\\/cardinal-tapes.com\\\/#website\",\"url\":\"https:\\\/\\\/cardinal-tapes.com\\\/\",\"name\":\"cardinal TAPES\",\"description\":\"Klebetechnik aus Wuppertal\",\"potentialAction\":[{\"@type\":\"SearchAction\",\"target\":{\"@type\":\"EntryPoint\",\"urlTemplate\":\"https:\\\/\\\/cardinal-tapes.com\\\/?s={search_term_string}\"},\"query-input\":{\"@type\":\"PropertyValueSpecification\",\"valueRequired\":true,\"valueName\":\"search_term_string\"}}],\"inLanguage\":\"pl-PL\"}]}<\/script>\n<!-- \/ Yoast SEO plugin. -->","yoast_head_json":{"title":"Ta\u015bma pakowa tesa\u00ae 60412 70% PCR PET | Cardinal TAPES","description":"tesa\u00ae 60412 to uniwersalna ta\u015bma pakowa wykonana z no\u015bnika PET pochodz\u0105cego w 70% z recyklingu (PCR) i akrylowego systemu klej\u0105cego na bazie wody.","robots":{"index":"index","follow":"follow","max-snippet":"max-snippet:-1","max-image-preview":"max-image-preview:large","max-video-preview":"max-video-preview:-1"},"canonical":"https:\/\/cardinal-tapes.com\/pl\/ta\u015bmy-samoprzylepne\/jednostronne-tasmy-samoprzylepne\/folia-pet\/tesa-60412-70-pcr-pet-packaging-tape\/","og_locale":"pl_PL","og_type":"article","og_title":"Ta\u015bma pakowa tesa\u00ae 60412 70% PCR PET | Cardinal TAPES","og_description":"tesa\u00ae 60412 to uniwersalna ta\u015bma pakowa wykonana z no\u015bnika PET pochodz\u0105cego w 70% z recyklingu (PCR) i akrylowego systemu klej\u0105cego na bazie wody.","og_url":"https:\/\/cardinal-tapes.com\/pl\/ta\u015bmy-samoprzylepne\/jednostronne-tasmy-samoprzylepne\/folia-pet\/tesa-60412-70-pcr-pet-packaging-tape\/","og_site_name":"cardinal TAPES","article_modified_time":"2025-07-02T10:31:00+00:00","og_image":[{"width":608,"height":608,"url":"https:\/\/cardinal-tapes.com\/wp-content\/uploads\/60412.webp","type":"image\/webp"}],"twitter_card":"summary_large_image","twitter_misc":{"Szacowany czas czytania":"1 minuta"},"schema":{"@context":"https:\/\/schema.org","@graph":[{"@type":"WebPage","@id":"https:\/\/cardinal-tapes.com\/pl\/ta\u015bmy-samoprzylepne\/jednostronne-tasmy-samoprzylepne\/folia-pet\/tesa-60412-70-pcr-pet-packaging-tape\/","url":"https:\/\/cardinal-tapes.com\/pl\/ta\u015bmy-samoprzylepne\/jednostronne-tasmy-samoprzylepne\/folia-pet\/tesa-60412-70-pcr-pet-packaging-tape\/","name":"Ta\u015bma pakowa tesa\u00ae 60412 70% PCR PET | Cardinal TAPES","isPartOf":{"@id":"https:\/\/cardinal-tapes.com\/#website"},"primaryImageOfPage":{"@id":"https:\/\/cardinal-tapes.com\/pl\/ta\u015bmy-samoprzylepne\/jednostronne-tasmy-samoprzylepne\/folia-pet\/tesa-60412-70-pcr-pet-packaging-tape\/#primaryimage"},"image":{"@id":"https:\/\/cardinal-tapes.com\/pl\/ta\u015bmy-samoprzylepne\/jednostronne-tasmy-samoprzylepne\/folia-pet\/tesa-60412-70-pcr-pet-packaging-tape\/#primaryimage"},"thumbnailUrl":"https:\/\/cardinal-tapes.com\/wp-content\/uploads\/60412.webp","datePublished":"2022-07-11T10:31:46+00:00","dateModified":"2025-07-02T10:31:00+00:00","description":"tesa\u00ae 60412 to uniwersalna ta\u015bma pakowa wykonana z no\u015bnika PET pochodz\u0105cego w 70% z recyklingu (PCR) i akrylowego systemu klej\u0105cego na bazie wody.","breadcrumb":{"@id":"https:\/\/cardinal-tapes.com\/pl\/ta\u015bmy-samoprzylepne\/jednostronne-tasmy-samoprzylepne\/folia-pet\/tesa-60412-70-pcr-pet-packaging-tape\/#breadcrumb"},"inLanguage":"pl-PL","potentialAction":[{"@type":"ReadAction","target":["https:\/\/cardinal-tapes.com\/pl\/ta\u015bmy-samoprzylepne\/jednostronne-tasmy-samoprzylepne\/folia-pet\/tesa-60412-70-pcr-pet-packaging-tape\/"]}]},{"@type":"ImageObject","inLanguage":"pl-PL","@id":"https:\/\/cardinal-tapes.com\/pl\/ta\u015bmy-samoprzylepne\/jednostronne-tasmy-samoprzylepne\/folia-pet\/tesa-60412-70-pcr-pet-packaging-tape\/#primaryimage","url":"https:\/\/cardinal-tapes.com\/wp-content\/uploads\/60412.webp","contentUrl":"https:\/\/cardinal-tapes.com\/wp-content\/uploads\/60412.webp","width":608,"height":608},{"@type":"BreadcrumbList","@id":"https:\/\/cardinal-tapes.com\/pl\/ta\u015bmy-samoprzylepne\/jednostronne-tasmy-samoprzylepne\/folia-pet\/tesa-60412-70-pcr-pet-packaging-tape\/#breadcrumb","itemListElement":[{"@type":"ListItem","position":1,"name":"Startseite","item":"https:\/\/cardinal-tapes.com\/pl\/strona-glowna\/"},{"@type":"ListItem","position":2,"name":"Ta\u015bmy samoprzylepne","item":"https:\/\/cardinal-tapes.com\/pl\/tasmy-samoprzylepne-pl\/"},{"@type":"ListItem","position":3,"name":"Jednostronne ta\u015bmy samoprzylepne","item":"https:\/\/cardinal-tapes.com\/pl\/kategoria\/jednostronne-tasmy-samoprzylepne\/"},{"@type":"ListItem","position":4,"name":"Folia PET","item":"https:\/\/cardinal-tapes.com\/pl\/kategoria\/folia-pet\/"},{"@type":"ListItem","position":5,"name":"Ta\u015bma pakowa tesa\u00ae 60412 70% PCR PET"}]},{"@type":"WebSite","@id":"https:\/\/cardinal-tapes.com\/#website","url":"https:\/\/cardinal-tapes.com\/","name":"cardinal TAPES","description":"Klebetechnik aus Wuppertal","potentialAction":[{"@type":"SearchAction","target":{"@type":"EntryPoint","urlTemplate":"https:\/\/cardinal-tapes.com\/?s={search_term_string}"},"query-input":{"@type":"PropertyValueSpecification","valueRequired":true,"valueName":"search_term_string"}}],"inLanguage":"pl-PL"}]}},"brands":[{"id":2164,"name":"tesa","slug":"tesa-pl"}],"_links":{"self":[{"href":"https:\/\/cardinal-tapes.com\/pl\/wp-json\/wp\/v2\/product\/40303","targetHints":{"allow":["GET"]}}],"collection":[{"href":"https:\/\/cardinal-tapes.com\/pl\/wp-json\/wp\/v2\/product"}],"about":[{"href":"https:\/\/cardinal-tapes.com\/pl\/wp-json\/wp\/v2\/types\/product"}],"wp:featuredmedia":[{"embeddable":true,"href":"https:\/\/cardinal-tapes.com\/pl\/wp-json\/wp\/v2\/media\/28910"}],"wp:attachment":[{"href":"https:\/\/cardinal-tapes.com\/pl\/wp-json\/wp\/v2\/media?parent=40303"}],"wp:term":[{"taxonomy":"pwb-brand","embeddable":true,"href":"https:\/\/cardinal-tapes.com\/pl\/wp-json\/wp\/v2\/pwb-brand?post=40303"},{"taxonomy":"product_brand","embeddable":true,"href":"https:\/\/cardinal-tapes.com\/pl\/wp-json\/wp\/v2\/product_brand?post=40303"},{"taxonomy":"product_cat","embeddable":true,"href":"https:\/\/cardinal-tapes.com\/pl\/wp-json\/wp\/v2\/product_cat?post=40303"},{"taxonomy":"product_tag","embeddable":true,"href":"https:\/\/cardinal-tapes.com\/pl\/wp-json\/wp\/v2\/product_tag?post=40303"}],"curies":[{"name":"wp","href":"https:\/\/api.w.org\/{rel}","templated":true}]}}