{"id":39703,"date":"2022-08-15T10:21:08","date_gmt":"2022-08-15T08:21:08","guid":{"rendered":"https:\/\/cardinal.pixel-tal.de\/klebebaender\/bez-kategorii\/tasma-samoprzylepna-3m-gpt-020f\/"},"modified":"2025-07-02T12:20:26","modified_gmt":"2025-07-02T10:20:26","slug":"3m-klebeband-gpt-020f","status":"publish","type":"product","link":"https:\/\/cardinal-tapes.com\/pl\/ta\u015bmy-samoprzylepne\/tasmy-dwustronnie-klejace\/3m-klebeband-gpt-020f\/","title":{"rendered":"Ta\u015bma samoprzylepna 3M\u2122 GPT-020F"},"content":{"rendered":"<p>3M GPT-020F to dwustronna, przezroczysta ta\u015bma klej\u0105ca o grubo\u015bci 202 \u00b5m z no\u015bnikiem poliestrowym. Charakteryzuje si\u0119 zmodyfikowanym, niezawieraj\u0105cym rozpuszczalnik\u00f3w klejem akrylowym i jest wyposa\u017cona w bia\u0142\u0105 os\u0142on\u0119 ochronn\u0105 z folii PP. Os\u0142ona ochronna z folii polipropylenowej zapewnia dobr\u0105 obs\u0142ug\u0119 i \u0142atwo\u015b\u0107 przetwarzania &#8211; zar\u00f3wno r\u0119cznego, jak i zautomatyzowanego.<\/p>\n<p><strong>Zastosowania<\/strong><\/p>\n<ul>\n<li>Wszechstronny i odpowiedni do klejenia wielu powierzchni o wysokiej i niskiej energii powierzchniowej<\/li>\n<li>Wysoka przyczepno\u015b\u0107 i odporno\u015b\u0107 na wilgo\u0107<\/li>\n<li>Os\u0142ona z folii ochronnej umo\u017cliwia \u0142atw\u0105 obs\u0142ug\u0119 i dobr\u0105 urabialno\u015b\u0107<\/li>\n<li>Odporno\u015b\u0107 na wysokie temperatury z pe\u0142n\u0105 si\u0142\u0105 klejenia w temperaturach: do +190 \u00b0C (minuty) i do +90 \u00b0C (dni, tygodnie)<\/li>\n<\/ul>\n","protected":false},"excerpt":{"rendered":"<p>3M GPT-020F to dwustronna, przezroczysta ta\u015bma klej\u0105ca o grubo\u015bci 202 \u00b5m z no\u015bnikiem poliestrowym. Charakteryzuje si\u0119 zmodyfikowanym, niezawieraj\u0105cym rozpuszczalnik\u00f3w klejem akrylowym i jest wyposa\u017cona w bia\u0142\u0105 os\u0142on\u0119 ochronn\u0105 z folii PP. Os\u0142ona ochronna z folii polipropylenowej zapewnia dobr\u0105 obs\u0142ug\u0119 i \u0142atwo\u015b\u0107 przetwarzania &#8211; zar\u00f3wno r\u0119cznego, jak i zautomatyzowanego. Zastosowania Wszechstronny i odpowiedni do klejenia wielu [&hellip;]<\/p>\n","protected":false},"featured_media":29006,"template":"","meta":{"_acf_changed":false},"pwb-brand":[2168],"product_brand":[],"product_cat":[1814],"product_tag":[],"class_list":{"0":"post-39703","1":"product","2":"type-product","3":"status-publish","4":"has-post-thumbnail","6":"pwb-brand-3m-pl","7":"product_cat-tasmy-dwustronnie-klejace","9":"first","10":"instock","11":"taxable","12":"shipping-taxable","13":"purchasable","14":"product-type-variable"},"acf":[],"yoast_head":"<!-- This site is optimized with the Yoast SEO plugin v27.3 - https:\/\/yoast.com\/product\/yoast-seo-wordpress\/ -->\n<title>Ta\u015bma samoprzylepna 3M\u2122 GPT-020F | Cardinal TAPES<\/title>\n<meta name=\"description\" content=\"3M GPT-020F to wszechstronna dwustronna ta\u015bma klej\u0105ca, kt\u00f3ra nadaje si\u0119 do szerokiej gamy powierzchni zar\u00f3wno o wysokiej, jak i niskiej energii powierzchniowej.\" \/>\n<meta name=\"robots\" content=\"index, follow, max-snippet:-1, max-image-preview:large, max-video-preview:-1\" \/>\n<link rel=\"canonical\" href=\"https:\/\/cardinal-tapes.com\/pl\/ta\u015bmy-samoprzylepne\/tasmy-dwustronnie-klejace\/3m-klebeband-gpt-020f\/\" \/>\n<meta property=\"og:locale\" content=\"pl_PL\" \/>\n<meta property=\"og:type\" content=\"article\" \/>\n<meta property=\"og:title\" content=\"Ta\u015bma samoprzylepna 3M\u2122 GPT-020F | Cardinal TAPES\" \/>\n<meta property=\"og:description\" content=\"3M GPT-020F to wszechstronna dwustronna ta\u015bma klej\u0105ca, kt\u00f3ra nadaje si\u0119 do szerokiej gamy powierzchni zar\u00f3wno o wysokiej, jak i niskiej energii powierzchniowej.\" \/>\n<meta property=\"og:url\" content=\"https:\/\/cardinal-tapes.com\/pl\/ta\u015bmy-samoprzylepne\/tasmy-dwustronnie-klejace\/3m-klebeband-gpt-020f\/\" \/>\n<meta property=\"og:site_name\" content=\"cardinal TAPES\" \/>\n<meta property=\"article:modified_time\" content=\"2025-07-02T10:20:26+00:00\" \/>\n<meta property=\"og:image\" content=\"https:\/\/cardinal-tapes.com\/wp-content\/uploads\/3m-double-coated-tape-gpt-020f-100mm-x-50m-clop.webp\" \/>\n\t<meta property=\"og:image:width\" content=\"400\" \/>\n\t<meta property=\"og:image:height\" content=\"400\" \/>\n\t<meta property=\"og:image:type\" content=\"image\/webp\" \/>\n<meta name=\"twitter:card\" content=\"summary_large_image\" \/>\n<meta name=\"twitter:label1\" content=\"Szacowany czas czytania\" \/>\n\t<meta name=\"twitter:data1\" content=\"1 minuta\" \/>\n<script type=\"application\/ld+json\" class=\"yoast-schema-graph\">{\"@context\":\"https:\\\/\\\/schema.org\",\"@graph\":[{\"@type\":\"WebPage\",\"@id\":\"https:\\\/\\\/cardinal-tapes.com\\\/pl\\\/ta\u015bmy-samoprzylepne\\\/tasmy-dwustronnie-klejace\\\/3m-klebeband-gpt-020f\\\/\",\"url\":\"https:\\\/\\\/cardinal-tapes.com\\\/pl\\\/ta\u015bmy-samoprzylepne\\\/tasmy-dwustronnie-klejace\\\/3m-klebeband-gpt-020f\\\/\",\"name\":\"Ta\u015bma samoprzylepna 3M\u2122 GPT-020F | Cardinal TAPES\",\"isPartOf\":{\"@id\":\"https:\\\/\\\/cardinal-tapes.com\\\/#website\"},\"primaryImageOfPage\":{\"@id\":\"https:\\\/\\\/cardinal-tapes.com\\\/pl\\\/ta\u015bmy-samoprzylepne\\\/tasmy-dwustronnie-klejace\\\/3m-klebeband-gpt-020f\\\/#primaryimage\"},\"image\":{\"@id\":\"https:\\\/\\\/cardinal-tapes.com\\\/pl\\\/ta\u015bmy-samoprzylepne\\\/tasmy-dwustronnie-klejace\\\/3m-klebeband-gpt-020f\\\/#primaryimage\"},\"thumbnailUrl\":\"https:\\\/\\\/cardinal-tapes.com\\\/wp-content\\\/uploads\\\/3m-double-coated-tape-gpt-020f-100mm-x-50m-clop.webp\",\"datePublished\":\"2022-08-15T08:21:08+00:00\",\"dateModified\":\"2025-07-02T10:20:26+00:00\",\"description\":\"3M GPT-020F to wszechstronna dwustronna ta\u015bma klej\u0105ca, kt\u00f3ra nadaje si\u0119 do szerokiej gamy powierzchni zar\u00f3wno o wysokiej, jak i niskiej energii powierzchniowej.\",\"breadcrumb\":{\"@id\":\"https:\\\/\\\/cardinal-tapes.com\\\/pl\\\/ta\u015bmy-samoprzylepne\\\/tasmy-dwustronnie-klejace\\\/3m-klebeband-gpt-020f\\\/#breadcrumb\"},\"inLanguage\":\"pl-PL\",\"potentialAction\":[{\"@type\":\"ReadAction\",\"target\":[\"https:\\\/\\\/cardinal-tapes.com\\\/pl\\\/ta\u015bmy-samoprzylepne\\\/tasmy-dwustronnie-klejace\\\/3m-klebeband-gpt-020f\\\/\"]}]},{\"@type\":\"ImageObject\",\"inLanguage\":\"pl-PL\",\"@id\":\"https:\\\/\\\/cardinal-tapes.com\\\/pl\\\/ta\u015bmy-samoprzylepne\\\/tasmy-dwustronnie-klejace\\\/3m-klebeband-gpt-020f\\\/#primaryimage\",\"url\":\"https:\\\/\\\/cardinal-tapes.com\\\/wp-content\\\/uploads\\\/3m-double-coated-tape-gpt-020f-100mm-x-50m-clop.webp\",\"contentUrl\":\"https:\\\/\\\/cardinal-tapes.com\\\/wp-content\\\/uploads\\\/3m-double-coated-tape-gpt-020f-100mm-x-50m-clop.webp\",\"width\":400,\"height\":400},{\"@type\":\"BreadcrumbList\",\"@id\":\"https:\\\/\\\/cardinal-tapes.com\\\/pl\\\/ta\u015bmy-samoprzylepne\\\/tasmy-dwustronnie-klejace\\\/3m-klebeband-gpt-020f\\\/#breadcrumb\",\"itemListElement\":[{\"@type\":\"ListItem\",\"position\":1,\"name\":\"Startseite\",\"item\":\"https:\\\/\\\/cardinal-tapes.com\\\/pl\\\/strona-glowna\\\/\"},{\"@type\":\"ListItem\",\"position\":2,\"name\":\"Ta\u015bmy samoprzylepne\",\"item\":\"https:\\\/\\\/cardinal-tapes.com\\\/pl\\\/tasmy-samoprzylepne-pl\\\/\"},{\"@type\":\"ListItem\",\"position\":3,\"name\":\"Ta\u015bmy dwustronnie klej\u0105ce\",\"item\":\"https:\\\/\\\/cardinal-tapes.com\\\/pl\\\/kategoria\\\/tasmy-dwustronnie-klejace\\\/\"},{\"@type\":\"ListItem\",\"position\":4,\"name\":\"Ta\u015bma samoprzylepna 3M\u2122 GPT-020F\"}]},{\"@type\":\"WebSite\",\"@id\":\"https:\\\/\\\/cardinal-tapes.com\\\/#website\",\"url\":\"https:\\\/\\\/cardinal-tapes.com\\\/\",\"name\":\"cardinal TAPES\",\"description\":\"Klebetechnik aus Wuppertal\",\"potentialAction\":[{\"@type\":\"SearchAction\",\"target\":{\"@type\":\"EntryPoint\",\"urlTemplate\":\"https:\\\/\\\/cardinal-tapes.com\\\/?s={search_term_string}\"},\"query-input\":{\"@type\":\"PropertyValueSpecification\",\"valueRequired\":true,\"valueName\":\"search_term_string\"}}],\"inLanguage\":\"pl-PL\"}]}<\/script>\n<!-- \/ Yoast SEO plugin. -->","yoast_head_json":{"title":"Ta\u015bma samoprzylepna 3M\u2122 GPT-020F | Cardinal TAPES","description":"3M GPT-020F to wszechstronna dwustronna ta\u015bma klej\u0105ca, kt\u00f3ra nadaje si\u0119 do szerokiej gamy powierzchni zar\u00f3wno o wysokiej, jak i niskiej energii powierzchniowej.","robots":{"index":"index","follow":"follow","max-snippet":"max-snippet:-1","max-image-preview":"max-image-preview:large","max-video-preview":"max-video-preview:-1"},"canonical":"https:\/\/cardinal-tapes.com\/pl\/ta\u015bmy-samoprzylepne\/tasmy-dwustronnie-klejace\/3m-klebeband-gpt-020f\/","og_locale":"pl_PL","og_type":"article","og_title":"Ta\u015bma samoprzylepna 3M\u2122 GPT-020F | Cardinal TAPES","og_description":"3M GPT-020F to wszechstronna dwustronna ta\u015bma klej\u0105ca, kt\u00f3ra nadaje si\u0119 do szerokiej gamy powierzchni zar\u00f3wno o wysokiej, jak i niskiej energii powierzchniowej.","og_url":"https:\/\/cardinal-tapes.com\/pl\/ta\u015bmy-samoprzylepne\/tasmy-dwustronnie-klejace\/3m-klebeband-gpt-020f\/","og_site_name":"cardinal TAPES","article_modified_time":"2025-07-02T10:20:26+00:00","og_image":[{"width":400,"height":400,"url":"https:\/\/cardinal-tapes.com\/wp-content\/uploads\/3m-double-coated-tape-gpt-020f-100mm-x-50m-clop.webp","type":"image\/webp"}],"twitter_card":"summary_large_image","twitter_misc":{"Szacowany czas czytania":"1 minuta"},"schema":{"@context":"https:\/\/schema.org","@graph":[{"@type":"WebPage","@id":"https:\/\/cardinal-tapes.com\/pl\/ta\u015bmy-samoprzylepne\/tasmy-dwustronnie-klejace\/3m-klebeband-gpt-020f\/","url":"https:\/\/cardinal-tapes.com\/pl\/ta\u015bmy-samoprzylepne\/tasmy-dwustronnie-klejace\/3m-klebeband-gpt-020f\/","name":"Ta\u015bma samoprzylepna 3M\u2122 GPT-020F | Cardinal TAPES","isPartOf":{"@id":"https:\/\/cardinal-tapes.com\/#website"},"primaryImageOfPage":{"@id":"https:\/\/cardinal-tapes.com\/pl\/ta\u015bmy-samoprzylepne\/tasmy-dwustronnie-klejace\/3m-klebeband-gpt-020f\/#primaryimage"},"image":{"@id":"https:\/\/cardinal-tapes.com\/pl\/ta\u015bmy-samoprzylepne\/tasmy-dwustronnie-klejace\/3m-klebeband-gpt-020f\/#primaryimage"},"thumbnailUrl":"https:\/\/cardinal-tapes.com\/wp-content\/uploads\/3m-double-coated-tape-gpt-020f-100mm-x-50m-clop.webp","datePublished":"2022-08-15T08:21:08+00:00","dateModified":"2025-07-02T10:20:26+00:00","description":"3M GPT-020F to wszechstronna dwustronna ta\u015bma klej\u0105ca, kt\u00f3ra nadaje si\u0119 do szerokiej gamy powierzchni zar\u00f3wno o wysokiej, jak i niskiej energii powierzchniowej.","breadcrumb":{"@id":"https:\/\/cardinal-tapes.com\/pl\/ta\u015bmy-samoprzylepne\/tasmy-dwustronnie-klejace\/3m-klebeband-gpt-020f\/#breadcrumb"},"inLanguage":"pl-PL","potentialAction":[{"@type":"ReadAction","target":["https:\/\/cardinal-tapes.com\/pl\/ta\u015bmy-samoprzylepne\/tasmy-dwustronnie-klejace\/3m-klebeband-gpt-020f\/"]}]},{"@type":"ImageObject","inLanguage":"pl-PL","@id":"https:\/\/cardinal-tapes.com\/pl\/ta\u015bmy-samoprzylepne\/tasmy-dwustronnie-klejace\/3m-klebeband-gpt-020f\/#primaryimage","url":"https:\/\/cardinal-tapes.com\/wp-content\/uploads\/3m-double-coated-tape-gpt-020f-100mm-x-50m-clop.webp","contentUrl":"https:\/\/cardinal-tapes.com\/wp-content\/uploads\/3m-double-coated-tape-gpt-020f-100mm-x-50m-clop.webp","width":400,"height":400},{"@type":"BreadcrumbList","@id":"https:\/\/cardinal-tapes.com\/pl\/ta\u015bmy-samoprzylepne\/tasmy-dwustronnie-klejace\/3m-klebeband-gpt-020f\/#breadcrumb","itemListElement":[{"@type":"ListItem","position":1,"name":"Startseite","item":"https:\/\/cardinal-tapes.com\/pl\/strona-glowna\/"},{"@type":"ListItem","position":2,"name":"Ta\u015bmy samoprzylepne","item":"https:\/\/cardinal-tapes.com\/pl\/tasmy-samoprzylepne-pl\/"},{"@type":"ListItem","position":3,"name":"Ta\u015bmy dwustronnie klej\u0105ce","item":"https:\/\/cardinal-tapes.com\/pl\/kategoria\/tasmy-dwustronnie-klejace\/"},{"@type":"ListItem","position":4,"name":"Ta\u015bma samoprzylepna 3M\u2122 GPT-020F"}]},{"@type":"WebSite","@id":"https:\/\/cardinal-tapes.com\/#website","url":"https:\/\/cardinal-tapes.com\/","name":"cardinal TAPES","description":"Klebetechnik aus Wuppertal","potentialAction":[{"@type":"SearchAction","target":{"@type":"EntryPoint","urlTemplate":"https:\/\/cardinal-tapes.com\/?s={search_term_string}"},"query-input":{"@type":"PropertyValueSpecification","valueRequired":true,"valueName":"search_term_string"}}],"inLanguage":"pl-PL"}]}},"brands":[{"id":2168,"name":"3M","slug":"3m-pl"}],"_links":{"self":[{"href":"https:\/\/cardinal-tapes.com\/pl\/wp-json\/wp\/v2\/product\/39703","targetHints":{"allow":["GET"]}}],"collection":[{"href":"https:\/\/cardinal-tapes.com\/pl\/wp-json\/wp\/v2\/product"}],"about":[{"href":"https:\/\/cardinal-tapes.com\/pl\/wp-json\/wp\/v2\/types\/product"}],"wp:featuredmedia":[{"embeddable":true,"href":"https:\/\/cardinal-tapes.com\/pl\/wp-json\/wp\/v2\/media\/29006"}],"wp:attachment":[{"href":"https:\/\/cardinal-tapes.com\/pl\/wp-json\/wp\/v2\/media?parent=39703"}],"wp:term":[{"taxonomy":"pwb-brand","embeddable":true,"href":"https:\/\/cardinal-tapes.com\/pl\/wp-json\/wp\/v2\/pwb-brand?post=39703"},{"taxonomy":"product_brand","embeddable":true,"href":"https:\/\/cardinal-tapes.com\/pl\/wp-json\/wp\/v2\/product_brand?post=39703"},{"taxonomy":"product_cat","embeddable":true,"href":"https:\/\/cardinal-tapes.com\/pl\/wp-json\/wp\/v2\/product_cat?post=39703"},{"taxonomy":"product_tag","embeddable":true,"href":"https:\/\/cardinal-tapes.com\/pl\/wp-json\/wp\/v2\/product_tag?post=39703"}],"curies":[{"name":"wp","href":"https:\/\/api.w.org\/{rel}","templated":true}]}}