{"id":39700,"date":"2022-08-15T10:39:04","date_gmt":"2023-06-05T14:48:28","guid":{"rendered":"https:\/\/cardinal.pixel-tal.de\/klebebaender\/bez-kategorii\/pianka-akrylowa-3m-px5015\/"},"modified":"2025-07-02T12:15:56","modified_gmt":"2025-07-02T10:15:56","slug":"tasma-samoprzylepna-3m-px5015","status":"publish","type":"product","link":"https:\/\/cardinal-tapes.com\/pl\/ta\u015bmy-samoprzylepne\/tasmy-dwustronnie-klejace\/tasma-samoprzylepna-3m-px5015\/","title":{"rendered":"Pianka akrylowa 3M\u2122 PX5015"},"content":{"rendered":"<p>Akrylowa ta\u015bma piankowa 3M\u2122 serii PX5000 jest wykonana z pianki akrylowej i jest szczeg\u00f3lnie odpowiednia do mocowania cz\u0119\u015bci samochodowych. Charakteryzuje si\u0119 wysok\u0105 przyczepno\u015bci\u0105 do trudnych powierzchni. W wielu przypadkach PX5000 pozwala na przyklejenie przystawek bez dalszej obr\u00f3bki wst\u0119pnej.<\/p>\n<p><strong>W\u0142a\u015bciwo\u015bci<br \/>\n<\/strong>Ta\u015bma samoprzylepna charakteryzuje si\u0119 doskona\u0142\u0105 przyczepno\u015bci\u0105 do niskoenergetycznych tworzyw sztucznych (LSE) i wielu lakier\u00f3w samochodowych. Odporno\u015b\u0107 na wysokie temperatury, warunki atmosferyczne, promieniowanie UV i rozpuszczalniki.<\/p>\n<p><strong>Zastosowania<\/strong><br \/>\n&#8211; Umo\u017cliwia nieskomplikowane rozr\u00f3\u017cnianie modeli pojazd\u00f3w za pomoc\u0105 zmodyfikowanych cz\u0119\u015bci dodatkowych bez wprowadzania zmian w nadwoziu<br \/>\n&#8211; Bardzo dobrze nadaje si\u0119 do wszystkich r\u0119cznych i automatycznych proces\u00f3w aplikacji.<\/p>\n","protected":false},"excerpt":{"rendered":"<p>Akrylowa ta\u015bma piankowa 3M\u2122 serii PX5000 jest wykonana z pianki akrylowej i jest szczeg\u00f3lnie odpowiednia do mocowania cz\u0119\u015bci samochodowych. Charakteryzuje si\u0119 wysok\u0105 przyczepno\u015bci\u0105 do trudnych powierzchni. W wielu przypadkach PX5000 pozwala na przyklejenie przystawek bez dalszej obr\u00f3bki wst\u0119pnej. W\u0142a\u015bciwo\u015bci Ta\u015bma samoprzylepna charakteryzuje si\u0119 doskona\u0142\u0105 przyczepno\u015bci\u0105 do niskoenergetycznych tworzyw sztucznych (LSE) i wielu lakier\u00f3w samochodowych. Odporno\u015b\u0107 [&hellip;]<\/p>\n","protected":false},"featured_media":28998,"template":"","meta":{"_acf_changed":false},"pwb-brand":[2168],"product_brand":[],"product_cat":[1814],"product_tag":[],"class_list":{"0":"post-39700","1":"product","2":"type-product","3":"status-publish","4":"has-post-thumbnail","6":"pwb-brand-3m-pl","7":"product_cat-tasmy-dwustronnie-klejace","9":"first","10":"instock","11":"taxable","12":"shipping-taxable","13":"purchasable","14":"product-type-variable"},"acf":[],"yoast_head":"<!-- This site is optimized with the Yoast SEO plugin v27.3 - https:\/\/yoast.com\/product\/yoast-seo-wordpress\/ -->\n<title>3M\u2122 PX5015 Pianka akrylowa | Ta\u015bmy kardynalne<\/title>\n<meta name=\"description\" content=\"Akrylowa ta\u015bma piankowa 3M\u2122 z serii PX5000 jest wykonana z pianki akrylowej i jest szczeg\u00f3lnie odpowiednia do mocowania dodatkowych cz\u0119\u015bci w sektorze motoryzacyjnym.\" \/>\n<meta name=\"robots\" content=\"index, follow, max-snippet:-1, max-image-preview:large, max-video-preview:-1\" \/>\n<link rel=\"canonical\" href=\"https:\/\/cardinal-tapes.com\/pl\/ta\u015bmy-samoprzylepne\/tasmy-dwustronnie-klejace\/tasma-samoprzylepna-3m-px5015\/\" \/>\n<meta property=\"og:locale\" content=\"pl_PL\" \/>\n<meta property=\"og:type\" content=\"article\" \/>\n<meta property=\"og:title\" content=\"3M\u2122 PX5015 Pianka akrylowa | Ta\u015bmy kardynalne\" \/>\n<meta property=\"og:description\" content=\"Akrylowa ta\u015bma piankowa 3M\u2122 z serii PX5000 jest wykonana z pianki akrylowej i jest szczeg\u00f3lnie odpowiednia do mocowania dodatkowych cz\u0119\u015bci w sektorze motoryzacyjnym.\" \/>\n<meta property=\"og:url\" content=\"https:\/\/cardinal-tapes.com\/pl\/ta\u015bmy-samoprzylepne\/tasmy-dwustronnie-klejace\/tasma-samoprzylepna-3m-px5015\/\" \/>\n<meta property=\"og:site_name\" content=\"cardinal TAPES\" \/>\n<meta property=\"article:modified_time\" content=\"2025-07-02T10:15:56+00:00\" \/>\n<meta property=\"og:image\" content=\"https:\/\/cardinal-tapes.com\/wp-content\/uploads\/3m-acrylic-foam-tape-px500-series-2.webp\" \/>\n\t<meta property=\"og:image:width\" content=\"395\" \/>\n\t<meta property=\"og:image:height\" content=\"400\" \/>\n\t<meta property=\"og:image:type\" content=\"image\/webp\" \/>\n<meta name=\"twitter:card\" content=\"summary_large_image\" \/>\n<meta name=\"twitter:label1\" content=\"Szacowany czas czytania\" \/>\n\t<meta name=\"twitter:data1\" content=\"1 minuta\" \/>\n<script type=\"application\/ld+json\" class=\"yoast-schema-graph\">{\"@context\":\"https:\\\/\\\/schema.org\",\"@graph\":[{\"@type\":\"WebPage\",\"@id\":\"https:\\\/\\\/cardinal-tapes.com\\\/pl\\\/ta\u015bmy-samoprzylepne\\\/tasmy-dwustronnie-klejace\\\/tasma-samoprzylepna-3m-px5015\\\/\",\"url\":\"https:\\\/\\\/cardinal-tapes.com\\\/pl\\\/ta\u015bmy-samoprzylepne\\\/tasmy-dwustronnie-klejace\\\/tasma-samoprzylepna-3m-px5015\\\/\",\"name\":\"3M\u2122 PX5015 Pianka akrylowa | Ta\u015bmy kardynalne\",\"isPartOf\":{\"@id\":\"https:\\\/\\\/cardinal-tapes.com\\\/#website\"},\"primaryImageOfPage\":{\"@id\":\"https:\\\/\\\/cardinal-tapes.com\\\/pl\\\/ta\u015bmy-samoprzylepne\\\/tasmy-dwustronnie-klejace\\\/tasma-samoprzylepna-3m-px5015\\\/#primaryimage\"},\"image\":{\"@id\":\"https:\\\/\\\/cardinal-tapes.com\\\/pl\\\/ta\u015bmy-samoprzylepne\\\/tasmy-dwustronnie-klejace\\\/tasma-samoprzylepna-3m-px5015\\\/#primaryimage\"},\"thumbnailUrl\":\"https:\\\/\\\/cardinal-tapes.com\\\/wp-content\\\/uploads\\\/3m-acrylic-foam-tape-px500-series-2.webp\",\"datePublished\":\"2023-06-05T14:48:28+00:00\",\"dateModified\":\"2025-07-02T10:15:56+00:00\",\"description\":\"Akrylowa ta\u015bma piankowa 3M\u2122 z serii PX5000 jest wykonana z pianki akrylowej i jest szczeg\u00f3lnie odpowiednia do mocowania dodatkowych cz\u0119\u015bci w sektorze motoryzacyjnym.\",\"breadcrumb\":{\"@id\":\"https:\\\/\\\/cardinal-tapes.com\\\/pl\\\/ta\u015bmy-samoprzylepne\\\/tasmy-dwustronnie-klejace\\\/tasma-samoprzylepna-3m-px5015\\\/#breadcrumb\"},\"inLanguage\":\"pl-PL\",\"potentialAction\":[{\"@type\":\"ReadAction\",\"target\":[\"https:\\\/\\\/cardinal-tapes.com\\\/pl\\\/ta\u015bmy-samoprzylepne\\\/tasmy-dwustronnie-klejace\\\/tasma-samoprzylepna-3m-px5015\\\/\"]}]},{\"@type\":\"ImageObject\",\"inLanguage\":\"pl-PL\",\"@id\":\"https:\\\/\\\/cardinal-tapes.com\\\/pl\\\/ta\u015bmy-samoprzylepne\\\/tasmy-dwustronnie-klejace\\\/tasma-samoprzylepna-3m-px5015\\\/#primaryimage\",\"url\":\"https:\\\/\\\/cardinal-tapes.com\\\/wp-content\\\/uploads\\\/3m-acrylic-foam-tape-px500-series-2.webp\",\"contentUrl\":\"https:\\\/\\\/cardinal-tapes.com\\\/wp-content\\\/uploads\\\/3m-acrylic-foam-tape-px500-series-2.webp\",\"width\":395,\"height\":400},{\"@type\":\"BreadcrumbList\",\"@id\":\"https:\\\/\\\/cardinal-tapes.com\\\/pl\\\/ta\u015bmy-samoprzylepne\\\/tasmy-dwustronnie-klejace\\\/tasma-samoprzylepna-3m-px5015\\\/#breadcrumb\",\"itemListElement\":[{\"@type\":\"ListItem\",\"position\":1,\"name\":\"Startseite\",\"item\":\"https:\\\/\\\/cardinal-tapes.com\\\/pl\\\/strona-glowna\\\/\"},{\"@type\":\"ListItem\",\"position\":2,\"name\":\"Ta\u015bmy samoprzylepne\",\"item\":\"https:\\\/\\\/cardinal-tapes.com\\\/pl\\\/tasmy-samoprzylepne-pl\\\/\"},{\"@type\":\"ListItem\",\"position\":3,\"name\":\"Ta\u015bmy dwustronnie klej\u0105ce\",\"item\":\"https:\\\/\\\/cardinal-tapes.com\\\/pl\\\/kategoria\\\/tasmy-dwustronnie-klejace\\\/\"},{\"@type\":\"ListItem\",\"position\":4,\"name\":\"Pianka akrylowa 3M\u2122 PX5015\"}]},{\"@type\":\"WebSite\",\"@id\":\"https:\\\/\\\/cardinal-tapes.com\\\/#website\",\"url\":\"https:\\\/\\\/cardinal-tapes.com\\\/\",\"name\":\"cardinal TAPES\",\"description\":\"Klebetechnik aus Wuppertal\",\"potentialAction\":[{\"@type\":\"SearchAction\",\"target\":{\"@type\":\"EntryPoint\",\"urlTemplate\":\"https:\\\/\\\/cardinal-tapes.com\\\/?s={search_term_string}\"},\"query-input\":{\"@type\":\"PropertyValueSpecification\",\"valueRequired\":true,\"valueName\":\"search_term_string\"}}],\"inLanguage\":\"pl-PL\"}]}<\/script>\n<!-- \/ Yoast SEO plugin. -->","yoast_head_json":{"title":"3M\u2122 PX5015 Pianka akrylowa | Ta\u015bmy kardynalne","description":"Akrylowa ta\u015bma piankowa 3M\u2122 z serii PX5000 jest wykonana z pianki akrylowej i jest szczeg\u00f3lnie odpowiednia do mocowania dodatkowych cz\u0119\u015bci w sektorze motoryzacyjnym.","robots":{"index":"index","follow":"follow","max-snippet":"max-snippet:-1","max-image-preview":"max-image-preview:large","max-video-preview":"max-video-preview:-1"},"canonical":"https:\/\/cardinal-tapes.com\/pl\/ta\u015bmy-samoprzylepne\/tasmy-dwustronnie-klejace\/tasma-samoprzylepna-3m-px5015\/","og_locale":"pl_PL","og_type":"article","og_title":"3M\u2122 PX5015 Pianka akrylowa | Ta\u015bmy kardynalne","og_description":"Akrylowa ta\u015bma piankowa 3M\u2122 z serii PX5000 jest wykonana z pianki akrylowej i jest szczeg\u00f3lnie odpowiednia do mocowania dodatkowych cz\u0119\u015bci w sektorze motoryzacyjnym.","og_url":"https:\/\/cardinal-tapes.com\/pl\/ta\u015bmy-samoprzylepne\/tasmy-dwustronnie-klejace\/tasma-samoprzylepna-3m-px5015\/","og_site_name":"cardinal TAPES","article_modified_time":"2025-07-02T10:15:56+00:00","og_image":[{"width":395,"height":400,"url":"https:\/\/cardinal-tapes.com\/wp-content\/uploads\/3m-acrylic-foam-tape-px500-series-2.webp","type":"image\/webp"}],"twitter_card":"summary_large_image","twitter_misc":{"Szacowany czas czytania":"1 minuta"},"schema":{"@context":"https:\/\/schema.org","@graph":[{"@type":"WebPage","@id":"https:\/\/cardinal-tapes.com\/pl\/ta\u015bmy-samoprzylepne\/tasmy-dwustronnie-klejace\/tasma-samoprzylepna-3m-px5015\/","url":"https:\/\/cardinal-tapes.com\/pl\/ta\u015bmy-samoprzylepne\/tasmy-dwustronnie-klejace\/tasma-samoprzylepna-3m-px5015\/","name":"3M\u2122 PX5015 Pianka akrylowa | Ta\u015bmy kardynalne","isPartOf":{"@id":"https:\/\/cardinal-tapes.com\/#website"},"primaryImageOfPage":{"@id":"https:\/\/cardinal-tapes.com\/pl\/ta\u015bmy-samoprzylepne\/tasmy-dwustronnie-klejace\/tasma-samoprzylepna-3m-px5015\/#primaryimage"},"image":{"@id":"https:\/\/cardinal-tapes.com\/pl\/ta\u015bmy-samoprzylepne\/tasmy-dwustronnie-klejace\/tasma-samoprzylepna-3m-px5015\/#primaryimage"},"thumbnailUrl":"https:\/\/cardinal-tapes.com\/wp-content\/uploads\/3m-acrylic-foam-tape-px500-series-2.webp","datePublished":"2023-06-05T14:48:28+00:00","dateModified":"2025-07-02T10:15:56+00:00","description":"Akrylowa ta\u015bma piankowa 3M\u2122 z serii PX5000 jest wykonana z pianki akrylowej i jest szczeg\u00f3lnie odpowiednia do mocowania dodatkowych cz\u0119\u015bci w sektorze motoryzacyjnym.","breadcrumb":{"@id":"https:\/\/cardinal-tapes.com\/pl\/ta\u015bmy-samoprzylepne\/tasmy-dwustronnie-klejace\/tasma-samoprzylepna-3m-px5015\/#breadcrumb"},"inLanguage":"pl-PL","potentialAction":[{"@type":"ReadAction","target":["https:\/\/cardinal-tapes.com\/pl\/ta\u015bmy-samoprzylepne\/tasmy-dwustronnie-klejace\/tasma-samoprzylepna-3m-px5015\/"]}]},{"@type":"ImageObject","inLanguage":"pl-PL","@id":"https:\/\/cardinal-tapes.com\/pl\/ta\u015bmy-samoprzylepne\/tasmy-dwustronnie-klejace\/tasma-samoprzylepna-3m-px5015\/#primaryimage","url":"https:\/\/cardinal-tapes.com\/wp-content\/uploads\/3m-acrylic-foam-tape-px500-series-2.webp","contentUrl":"https:\/\/cardinal-tapes.com\/wp-content\/uploads\/3m-acrylic-foam-tape-px500-series-2.webp","width":395,"height":400},{"@type":"BreadcrumbList","@id":"https:\/\/cardinal-tapes.com\/pl\/ta\u015bmy-samoprzylepne\/tasmy-dwustronnie-klejace\/tasma-samoprzylepna-3m-px5015\/#breadcrumb","itemListElement":[{"@type":"ListItem","position":1,"name":"Startseite","item":"https:\/\/cardinal-tapes.com\/pl\/strona-glowna\/"},{"@type":"ListItem","position":2,"name":"Ta\u015bmy samoprzylepne","item":"https:\/\/cardinal-tapes.com\/pl\/tasmy-samoprzylepne-pl\/"},{"@type":"ListItem","position":3,"name":"Ta\u015bmy dwustronnie klej\u0105ce","item":"https:\/\/cardinal-tapes.com\/pl\/kategoria\/tasmy-dwustronnie-klejace\/"},{"@type":"ListItem","position":4,"name":"Pianka akrylowa 3M\u2122 PX5015"}]},{"@type":"WebSite","@id":"https:\/\/cardinal-tapes.com\/#website","url":"https:\/\/cardinal-tapes.com\/","name":"cardinal TAPES","description":"Klebetechnik aus Wuppertal","potentialAction":[{"@type":"SearchAction","target":{"@type":"EntryPoint","urlTemplate":"https:\/\/cardinal-tapes.com\/?s={search_term_string}"},"query-input":{"@type":"PropertyValueSpecification","valueRequired":true,"valueName":"search_term_string"}}],"inLanguage":"pl-PL"}]}},"brands":[{"id":2168,"name":"3M","slug":"3m-pl"}],"_links":{"self":[{"href":"https:\/\/cardinal-tapes.com\/pl\/wp-json\/wp\/v2\/product\/39700","targetHints":{"allow":["GET"]}}],"collection":[{"href":"https:\/\/cardinal-tapes.com\/pl\/wp-json\/wp\/v2\/product"}],"about":[{"href":"https:\/\/cardinal-tapes.com\/pl\/wp-json\/wp\/v2\/types\/product"}],"wp:featuredmedia":[{"embeddable":true,"href":"https:\/\/cardinal-tapes.com\/pl\/wp-json\/wp\/v2\/media\/28998"}],"wp:attachment":[{"href":"https:\/\/cardinal-tapes.com\/pl\/wp-json\/wp\/v2\/media?parent=39700"}],"wp:term":[{"taxonomy":"pwb-brand","embeddable":true,"href":"https:\/\/cardinal-tapes.com\/pl\/wp-json\/wp\/v2\/pwb-brand?post=39700"},{"taxonomy":"product_brand","embeddable":true,"href":"https:\/\/cardinal-tapes.com\/pl\/wp-json\/wp\/v2\/product_brand?post=39700"},{"taxonomy":"product_cat","embeddable":true,"href":"https:\/\/cardinal-tapes.com\/pl\/wp-json\/wp\/v2\/product_cat?post=39700"},{"taxonomy":"product_tag","embeddable":true,"href":"https:\/\/cardinal-tapes.com\/pl\/wp-json\/wp\/v2\/product_tag?post=39700"}],"curies":[{"name":"wp","href":"https:\/\/api.w.org\/{rel}","templated":true}]}}