{"id":39698,"date":"2022-08-15T10:43:35","date_gmt":"2023-06-05T14:48:28","guid":{"rendered":"https:\/\/cardinal.pixel-tal.de\/klebebaender\/bez-kategorii\/akrylowa-tasma-samoprzylepna-3m-pt1100\/"},"modified":"2025-07-02T12:02:59","modified_gmt":"2025-07-02T10:02:59","slug":"tasma-samoprzylepna-3m-pt1100","status":"publish","type":"product","link":"https:\/\/cardinal-tapes.com\/pl\/ta\u015bmy-samoprzylepne\/tasmy-dwustronnie-klejace\/tasma-samoprzylepna-3m-pt1100\/","title":{"rendered":"Akrylowa ta\u015bma samoprzylepna 3M\u2122 PT1100"},"content":{"rendered":"<p>Ta\u015bma 3M\u2122 Acrylic Plus Tape PT1100 jest zwykle u\u017cywana do mocowania sztywnych element\u00f3w, gdzie po\u017c\u0105dana jest estetyczna, widoczna kraw\u0119d\u017a.<\/p>\n<p><strong>W\u0142a\u015bciwo\u015bci<br \/>\n<\/strong>Dwustronna ta\u015bma samoprzylepna wykonana jest z czarnej pianki akrylowej z dodatkowym klejem akrylowym po obu stronach. Typowe zastosowania ta\u015bmy samoprzylepnej to mocowanie sztywnych element\u00f3w dodatkowych, takich jak spojlery, obudowy anten, relingi dachowe i przed\u0142u\u017cenia nadkoli, gdzie po\u017c\u0105dana jest estetyczna, widoczna kraw\u0119d\u017a. Dwustronna ta\u015bma samoprzylepna ma doskona\u0142\u0105 stabilno\u015b\u0107 d\u0142ugoterminow\u0105, a tak\u017ce bardzo dobr\u0105 zdolno\u015b\u0107 adaptacji do klejonych powierzchni. Unikalne w\u0142a\u015bciwo\u015bci lepkospr\u0119\u017cyste PT1000 doskonale \u0142agodz\u0105 napr\u0119\u017cenia w spoinie klejowej, zapewniaj\u0105c niezwykle trwa\u0142e po\u0142\u0105czenie.<\/p>\n<p><strong>Zastosowania<\/strong><br \/>\n&#8211; Ta\u015bmy samoprzylepne 3M\u2122 z pianki akrylowej mog\u0105 odwracalnie zmniejsza\u0107 napr\u0119\u017cenia dzi\u0119ki swojej wyj\u0105tkowej lepkospr\u0119\u017cysto\u015bci<br \/>\n&#8211; Pocz\u0105tkowa przyczepno\u015b\u0107 umo\u017cliwia natychmiastowe dalsze przetwarzanie, cz\u0119sto bez tymczasowych \u015brodk\u00f3w pomocniczych.<\/p>\n","protected":false},"excerpt":{"rendered":"<p>Ta\u015bma 3M\u2122 Acrylic Plus Tape PT1100 jest zwykle u\u017cywana do mocowania sztywnych element\u00f3w, gdzie po\u017c\u0105dana jest estetyczna, widoczna kraw\u0119d\u017a. W\u0142a\u015bciwo\u015bci Dwustronna ta\u015bma samoprzylepna wykonana jest z czarnej pianki akrylowej z dodatkowym klejem akrylowym po obu stronach. Typowe zastosowania ta\u015bmy samoprzylepnej to mocowanie sztywnych element\u00f3w dodatkowych, takich jak spojlery, obudowy anten, relingi dachowe i przed\u0142u\u017cenia nadkoli, [&hellip;]<\/p>\n","protected":false},"featured_media":28986,"template":"","meta":{"_acf_changed":false},"pwb-brand":[2168],"product_brand":[],"product_cat":[1814],"product_tag":[],"class_list":{"0":"post-39698","1":"product","2":"type-product","3":"status-publish","4":"has-post-thumbnail","6":"pwb-brand-3m-pl","7":"product_cat-tasmy-dwustronnie-klejace","9":"first","10":"instock","11":"taxable","12":"shipping-taxable","13":"purchasable","14":"product-type-variable"},"acf":[],"yoast_head":"<!-- This site is optimized with the Yoast SEO plugin v27.3 - https:\/\/yoast.com\/product\/yoast-seo-wordpress\/ -->\n<title>Ta\u015bma akrylowa 3M\u2122 PT1100 | Cardinal TAPES<\/title>\n<meta name=\"description\" content=\"Ta\u015bma 3M\u2122 Acrylic Plus Tape PT1100 jest zwykle u\u017cywana do mocowania sztywnych element\u00f3w, gdzie po\u017c\u0105dana jest estetyczna, widoczna kraw\u0119d\u017a.\" \/>\n<meta name=\"robots\" content=\"index, follow, max-snippet:-1, max-image-preview:large, max-video-preview:-1\" \/>\n<link rel=\"canonical\" href=\"https:\/\/cardinal-tapes.com\/pl\/ta\u015bmy-samoprzylepne\/tasmy-dwustronnie-klejace\/tasma-samoprzylepna-3m-pt1100\/\" \/>\n<meta property=\"og:locale\" content=\"pl_PL\" \/>\n<meta property=\"og:type\" content=\"article\" \/>\n<meta property=\"og:title\" content=\"Ta\u015bma akrylowa 3M\u2122 PT1100 | Cardinal TAPES\" \/>\n<meta property=\"og:description\" content=\"Ta\u015bma 3M\u2122 Acrylic Plus Tape PT1100 jest zwykle u\u017cywana do mocowania sztywnych element\u00f3w, gdzie po\u017c\u0105dana jest estetyczna, widoczna kraw\u0119d\u017a.\" \/>\n<meta property=\"og:url\" content=\"https:\/\/cardinal-tapes.com\/pl\/ta\u015bmy-samoprzylepne\/tasmy-dwustronnie-klejace\/tasma-samoprzylepna-3m-pt1100\/\" \/>\n<meta property=\"og:site_name\" content=\"cardinal TAPES\" \/>\n<meta property=\"article:modified_time\" content=\"2025-07-02T10:02:59+00:00\" \/>\n<meta property=\"og:image\" content=\"https:\/\/cardinal-tapes.com\/wp-content\/uploads\/photo-3mtm-acrylic-foam-tape-ex4015.jpg\" \/>\n\t<meta property=\"og:image:width\" content=\"400\" \/>\n\t<meta property=\"og:image:height\" content=\"398\" \/>\n\t<meta property=\"og:image:type\" content=\"image\/jpeg\" \/>\n<meta name=\"twitter:card\" content=\"summary_large_image\" \/>\n<meta name=\"twitter:label1\" content=\"Szacowany czas czytania\" \/>\n\t<meta name=\"twitter:data1\" content=\"1 minuta\" \/>\n<script type=\"application\/ld+json\" class=\"yoast-schema-graph\">{\"@context\":\"https:\\\/\\\/schema.org\",\"@graph\":[{\"@type\":\"WebPage\",\"@id\":\"https:\\\/\\\/cardinal-tapes.com\\\/pl\\\/ta\u015bmy-samoprzylepne\\\/tasmy-dwustronnie-klejace\\\/tasma-samoprzylepna-3m-pt1100\\\/\",\"url\":\"https:\\\/\\\/cardinal-tapes.com\\\/pl\\\/ta\u015bmy-samoprzylepne\\\/tasmy-dwustronnie-klejace\\\/tasma-samoprzylepna-3m-pt1100\\\/\",\"name\":\"Ta\u015bma akrylowa 3M\u2122 PT1100 | Cardinal TAPES\",\"isPartOf\":{\"@id\":\"https:\\\/\\\/cardinal-tapes.com\\\/#website\"},\"primaryImageOfPage\":{\"@id\":\"https:\\\/\\\/cardinal-tapes.com\\\/pl\\\/ta\u015bmy-samoprzylepne\\\/tasmy-dwustronnie-klejace\\\/tasma-samoprzylepna-3m-pt1100\\\/#primaryimage\"},\"image\":{\"@id\":\"https:\\\/\\\/cardinal-tapes.com\\\/pl\\\/ta\u015bmy-samoprzylepne\\\/tasmy-dwustronnie-klejace\\\/tasma-samoprzylepna-3m-pt1100\\\/#primaryimage\"},\"thumbnailUrl\":\"https:\\\/\\\/cardinal-tapes.com\\\/wp-content\\\/uploads\\\/photo-3mtm-acrylic-foam-tape-ex4015.jpg\",\"datePublished\":\"2023-06-05T14:48:28+00:00\",\"dateModified\":\"2025-07-02T10:02:59+00:00\",\"description\":\"Ta\u015bma 3M\u2122 Acrylic Plus Tape PT1100 jest zwykle u\u017cywana do mocowania sztywnych element\u00f3w, gdzie po\u017c\u0105dana jest estetyczna, widoczna kraw\u0119d\u017a.\",\"breadcrumb\":{\"@id\":\"https:\\\/\\\/cardinal-tapes.com\\\/pl\\\/ta\u015bmy-samoprzylepne\\\/tasmy-dwustronnie-klejace\\\/tasma-samoprzylepna-3m-pt1100\\\/#breadcrumb\"},\"inLanguage\":\"pl-PL\",\"potentialAction\":[{\"@type\":\"ReadAction\",\"target\":[\"https:\\\/\\\/cardinal-tapes.com\\\/pl\\\/ta\u015bmy-samoprzylepne\\\/tasmy-dwustronnie-klejace\\\/tasma-samoprzylepna-3m-pt1100\\\/\"]}]},{\"@type\":\"ImageObject\",\"inLanguage\":\"pl-PL\",\"@id\":\"https:\\\/\\\/cardinal-tapes.com\\\/pl\\\/ta\u015bmy-samoprzylepne\\\/tasmy-dwustronnie-klejace\\\/tasma-samoprzylepna-3m-pt1100\\\/#primaryimage\",\"url\":\"https:\\\/\\\/cardinal-tapes.com\\\/wp-content\\\/uploads\\\/photo-3mtm-acrylic-foam-tape-ex4015.jpg\",\"contentUrl\":\"https:\\\/\\\/cardinal-tapes.com\\\/wp-content\\\/uploads\\\/photo-3mtm-acrylic-foam-tape-ex4015.jpg\",\"width\":400,\"height\":398},{\"@type\":\"BreadcrumbList\",\"@id\":\"https:\\\/\\\/cardinal-tapes.com\\\/pl\\\/ta\u015bmy-samoprzylepne\\\/tasmy-dwustronnie-klejace\\\/tasma-samoprzylepna-3m-pt1100\\\/#breadcrumb\",\"itemListElement\":[{\"@type\":\"ListItem\",\"position\":1,\"name\":\"Startseite\",\"item\":\"https:\\\/\\\/cardinal-tapes.com\\\/pl\\\/strona-glowna\\\/\"},{\"@type\":\"ListItem\",\"position\":2,\"name\":\"Ta\u015bmy samoprzylepne\",\"item\":\"https:\\\/\\\/cardinal-tapes.com\\\/pl\\\/tasmy-samoprzylepne-pl\\\/\"},{\"@type\":\"ListItem\",\"position\":3,\"name\":\"Ta\u015bmy dwustronnie klej\u0105ce\",\"item\":\"https:\\\/\\\/cardinal-tapes.com\\\/pl\\\/kategoria\\\/tasmy-dwustronnie-klejace\\\/\"},{\"@type\":\"ListItem\",\"position\":4,\"name\":\"Akrylowa ta\u015bma samoprzylepna 3M\u2122 PT1100\"}]},{\"@type\":\"WebSite\",\"@id\":\"https:\\\/\\\/cardinal-tapes.com\\\/#website\",\"url\":\"https:\\\/\\\/cardinal-tapes.com\\\/\",\"name\":\"cardinal TAPES\",\"description\":\"Klebetechnik aus Wuppertal\",\"potentialAction\":[{\"@type\":\"SearchAction\",\"target\":{\"@type\":\"EntryPoint\",\"urlTemplate\":\"https:\\\/\\\/cardinal-tapes.com\\\/?s={search_term_string}\"},\"query-input\":{\"@type\":\"PropertyValueSpecification\",\"valueRequired\":true,\"valueName\":\"search_term_string\"}}],\"inLanguage\":\"pl-PL\"}]}<\/script>\n<!-- \/ Yoast SEO plugin. -->","yoast_head_json":{"title":"Ta\u015bma akrylowa 3M\u2122 PT1100 | Cardinal TAPES","description":"Ta\u015bma 3M\u2122 Acrylic Plus Tape PT1100 jest zwykle u\u017cywana do mocowania sztywnych element\u00f3w, gdzie po\u017c\u0105dana jest estetyczna, widoczna kraw\u0119d\u017a.","robots":{"index":"index","follow":"follow","max-snippet":"max-snippet:-1","max-image-preview":"max-image-preview:large","max-video-preview":"max-video-preview:-1"},"canonical":"https:\/\/cardinal-tapes.com\/pl\/ta\u015bmy-samoprzylepne\/tasmy-dwustronnie-klejace\/tasma-samoprzylepna-3m-pt1100\/","og_locale":"pl_PL","og_type":"article","og_title":"Ta\u015bma akrylowa 3M\u2122 PT1100 | Cardinal TAPES","og_description":"Ta\u015bma 3M\u2122 Acrylic Plus Tape PT1100 jest zwykle u\u017cywana do mocowania sztywnych element\u00f3w, gdzie po\u017c\u0105dana jest estetyczna, widoczna kraw\u0119d\u017a.","og_url":"https:\/\/cardinal-tapes.com\/pl\/ta\u015bmy-samoprzylepne\/tasmy-dwustronnie-klejace\/tasma-samoprzylepna-3m-pt1100\/","og_site_name":"cardinal TAPES","article_modified_time":"2025-07-02T10:02:59+00:00","og_image":[{"width":400,"height":398,"url":"https:\/\/cardinal-tapes.com\/wp-content\/uploads\/photo-3mtm-acrylic-foam-tape-ex4015.jpg","type":"image\/jpeg"}],"twitter_card":"summary_large_image","twitter_misc":{"Szacowany czas czytania":"1 minuta"},"schema":{"@context":"https:\/\/schema.org","@graph":[{"@type":"WebPage","@id":"https:\/\/cardinal-tapes.com\/pl\/ta\u015bmy-samoprzylepne\/tasmy-dwustronnie-klejace\/tasma-samoprzylepna-3m-pt1100\/","url":"https:\/\/cardinal-tapes.com\/pl\/ta\u015bmy-samoprzylepne\/tasmy-dwustronnie-klejace\/tasma-samoprzylepna-3m-pt1100\/","name":"Ta\u015bma akrylowa 3M\u2122 PT1100 | Cardinal TAPES","isPartOf":{"@id":"https:\/\/cardinal-tapes.com\/#website"},"primaryImageOfPage":{"@id":"https:\/\/cardinal-tapes.com\/pl\/ta\u015bmy-samoprzylepne\/tasmy-dwustronnie-klejace\/tasma-samoprzylepna-3m-pt1100\/#primaryimage"},"image":{"@id":"https:\/\/cardinal-tapes.com\/pl\/ta\u015bmy-samoprzylepne\/tasmy-dwustronnie-klejace\/tasma-samoprzylepna-3m-pt1100\/#primaryimage"},"thumbnailUrl":"https:\/\/cardinal-tapes.com\/wp-content\/uploads\/photo-3mtm-acrylic-foam-tape-ex4015.jpg","datePublished":"2023-06-05T14:48:28+00:00","dateModified":"2025-07-02T10:02:59+00:00","description":"Ta\u015bma 3M\u2122 Acrylic Plus Tape PT1100 jest zwykle u\u017cywana do mocowania sztywnych element\u00f3w, gdzie po\u017c\u0105dana jest estetyczna, widoczna kraw\u0119d\u017a.","breadcrumb":{"@id":"https:\/\/cardinal-tapes.com\/pl\/ta\u015bmy-samoprzylepne\/tasmy-dwustronnie-klejace\/tasma-samoprzylepna-3m-pt1100\/#breadcrumb"},"inLanguage":"pl-PL","potentialAction":[{"@type":"ReadAction","target":["https:\/\/cardinal-tapes.com\/pl\/ta\u015bmy-samoprzylepne\/tasmy-dwustronnie-klejace\/tasma-samoprzylepna-3m-pt1100\/"]}]},{"@type":"ImageObject","inLanguage":"pl-PL","@id":"https:\/\/cardinal-tapes.com\/pl\/ta\u015bmy-samoprzylepne\/tasmy-dwustronnie-klejace\/tasma-samoprzylepna-3m-pt1100\/#primaryimage","url":"https:\/\/cardinal-tapes.com\/wp-content\/uploads\/photo-3mtm-acrylic-foam-tape-ex4015.jpg","contentUrl":"https:\/\/cardinal-tapes.com\/wp-content\/uploads\/photo-3mtm-acrylic-foam-tape-ex4015.jpg","width":400,"height":398},{"@type":"BreadcrumbList","@id":"https:\/\/cardinal-tapes.com\/pl\/ta\u015bmy-samoprzylepne\/tasmy-dwustronnie-klejace\/tasma-samoprzylepna-3m-pt1100\/#breadcrumb","itemListElement":[{"@type":"ListItem","position":1,"name":"Startseite","item":"https:\/\/cardinal-tapes.com\/pl\/strona-glowna\/"},{"@type":"ListItem","position":2,"name":"Ta\u015bmy samoprzylepne","item":"https:\/\/cardinal-tapes.com\/pl\/tasmy-samoprzylepne-pl\/"},{"@type":"ListItem","position":3,"name":"Ta\u015bmy dwustronnie klej\u0105ce","item":"https:\/\/cardinal-tapes.com\/pl\/kategoria\/tasmy-dwustronnie-klejace\/"},{"@type":"ListItem","position":4,"name":"Akrylowa ta\u015bma samoprzylepna 3M\u2122 PT1100"}]},{"@type":"WebSite","@id":"https:\/\/cardinal-tapes.com\/#website","url":"https:\/\/cardinal-tapes.com\/","name":"cardinal TAPES","description":"Klebetechnik aus Wuppertal","potentialAction":[{"@type":"SearchAction","target":{"@type":"EntryPoint","urlTemplate":"https:\/\/cardinal-tapes.com\/?s={search_term_string}"},"query-input":{"@type":"PropertyValueSpecification","valueRequired":true,"valueName":"search_term_string"}}],"inLanguage":"pl-PL"}]}},"brands":[{"id":2168,"name":"3M","slug":"3m-pl"}],"_links":{"self":[{"href":"https:\/\/cardinal-tapes.com\/pl\/wp-json\/wp\/v2\/product\/39698","targetHints":{"allow":["GET"]}}],"collection":[{"href":"https:\/\/cardinal-tapes.com\/pl\/wp-json\/wp\/v2\/product"}],"about":[{"href":"https:\/\/cardinal-tapes.com\/pl\/wp-json\/wp\/v2\/types\/product"}],"wp:featuredmedia":[{"embeddable":true,"href":"https:\/\/cardinal-tapes.com\/pl\/wp-json\/wp\/v2\/media\/28986"}],"wp:attachment":[{"href":"https:\/\/cardinal-tapes.com\/pl\/wp-json\/wp\/v2\/media?parent=39698"}],"wp:term":[{"taxonomy":"pwb-brand","embeddable":true,"href":"https:\/\/cardinal-tapes.com\/pl\/wp-json\/wp\/v2\/pwb-brand?post=39698"},{"taxonomy":"product_brand","embeddable":true,"href":"https:\/\/cardinal-tapes.com\/pl\/wp-json\/wp\/v2\/product_brand?post=39698"},{"taxonomy":"product_cat","embeddable":true,"href":"https:\/\/cardinal-tapes.com\/pl\/wp-json\/wp\/v2\/product_cat?post=39698"},{"taxonomy":"product_tag","embeddable":true,"href":"https:\/\/cardinal-tapes.com\/pl\/wp-json\/wp\/v2\/product_tag?post=39698"}],"curies":[{"name":"wp","href":"https:\/\/api.w.org\/{rel}","templated":true}]}}