{"id":38868,"date":"2022-08-15T11:35:01","date_gmt":"2023-06-05T14:47:27","guid":{"rendered":"https:\/\/cardinal.pixel-tal.de\/klebebaender\/bez-kategorii\/dwustronna-akrylowa-tasma-samoprzylepna-tesa-acxplus-7078\/"},"modified":"2025-07-01T15:30:22","modified_gmt":"2025-07-01T13:30:22","slug":"tesa-acxplus-7078-dwustronna-akrylowa-tasma-przylepna","status":"publish","type":"product","link":"https:\/\/cardinal-tapes.com\/pl\/ta\u015bmy-samoprzylepne\/tasmy-dwustronnie-klejace\/tesa-acxplus-7078-dwustronna-akrylowa-tasma-przylepna\/","title":{"rendered":"Dwustronna akrylowa ta\u015bma samoprzylepna tesa\u00ae ACXplus 7078"},"content":{"rendered":"<p><sup>tesa\u00ae<\/sup> <sup class=\"lowercase\">ACXplus<\/sup> 7078 to ta\u015bma samoprzylepna z pianki akrylowej. Ze wzgl\u0119du na sw\u00f3j unikalny sk\u0142ad, ta\u015bma ma bardzo dobr\u0105 odporno\u015b\u0107 na temperatur\u0119 w po\u0142\u0105czeniu z doskona\u0142\u0105 odporno\u015bci\u0105 na szok termiczny. Produkt jest szczeg\u00f3lnie odpowiedni do klejenia strukturalnego w obszarach zewn\u0119trznych, zw\u0142aszcza w po\u0142\u0105czeniu z promotorem przyczepno\u015bci <span class=\"lowercase\">tesa<\/span> Adhesion Promoter.<br \/>\nSpieniony lepkospr\u0119\u017cysty rdze\u0144 akrylowy pozwala ta\u015bmie samoprzylepnej kompensowa\u0107 r\u00f3\u017cn\u0105 rozszerzalno\u015b\u0107 ciepln\u0105 r\u00f3\u017cnych materia\u0142\u00f3w.<\/p>\n<p><strong>W\u0142a\u015bciwo\u015bci<\/strong><br \/>\n&#8211; Wyr\u00f3wnuje rozszerzalno\u015b\u0107 ciepln\u0105 r\u00f3\u017cnych materia\u0142\u00f3w<br \/>\n&#8211; Bardzo dobra wytrzyma\u0142o\u015b\u0107 na \u015bcinanie i ko\u0144cowa si\u0142a klejenia<\/p>\n<p><strong>Zastosowania<\/strong><br \/>\n&#8211; Klejenie paneli i profili usztywniaj\u0105cych, np. w produkcji i monta\u017cu wind, paneli s\u0142onecznych, element\u00f3w elewacji lub pojazd\u00f3w specjalnych.<\/p>\n","protected":false},"excerpt":{"rendered":"<p>tesa\u00ae ACXplus 7078 to ta\u015bma samoprzylepna z pianki akrylowej. Ze wzgl\u0119du na sw\u00f3j unikalny sk\u0142ad, ta\u015bma ma bardzo dobr\u0105 odporno\u015b\u0107 na temperatur\u0119 w po\u0142\u0105czeniu z doskona\u0142\u0105 odporno\u015bci\u0105 na szok termiczny. Produkt jest szczeg\u00f3lnie odpowiedni do klejenia strukturalnego w obszarach zewn\u0119trznych, zw\u0142aszcza w po\u0142\u0105czeniu z promotorem przyczepno\u015bci tesa Adhesion Promoter. Spieniony lepkospr\u0119\u017cysty rdze\u0144 akrylowy pozwala ta\u015bmie [&hellip;]<\/p>\n","protected":false},"featured_media":28978,"template":"","meta":{"_acf_changed":false},"pwb-brand":[2164],"product_brand":[],"product_cat":[1814],"product_tag":[],"class_list":{"0":"post-38868","1":"product","2":"type-product","3":"status-publish","4":"has-post-thumbnail","6":"pwb-brand-tesa-pl","7":"product_cat-tasmy-dwustronnie-klejace","9":"first","10":"instock","11":"taxable","12":"shipping-taxable","13":"purchasable","14":"product-type-variable"},"acf":[],"yoast_head":"<!-- This site is optimized with the Yoast SEO plugin v27.3 - https:\/\/yoast.com\/product\/yoast-seo-wordpress\/ -->\n<title>Dwustronna akrylowa ta\u015bma klej\u0105ca tesa\u00ae ACXplus 7078 | Cardinal TAPES<\/title>\n<meta name=\"description\" content=\"Ta\u015bma tesa\u00ae ACXplus 7078 to ta\u015bma samoprzylepna z pianki akrylowej. Ze wzgl\u0119du na sw\u00f3j sk\u0142ad ta\u015bma samoprzylepna ma bardzo dobr\u0105 odporno\u015b\u0107 na temperatur\u0119.\" \/>\n<meta name=\"robots\" content=\"index, follow, max-snippet:-1, max-image-preview:large, max-video-preview:-1\" \/>\n<link rel=\"canonical\" href=\"https:\/\/cardinal-tapes.com\/pl\/ta\u015bmy-samoprzylepne\/tasmy-dwustronnie-klejace\/tesa-acxplus-7078-dwustronna-akrylowa-tasma-przylepna\/\" \/>\n<meta property=\"og:locale\" content=\"pl_PL\" \/>\n<meta property=\"og:type\" content=\"article\" \/>\n<meta property=\"og:title\" content=\"Dwustronna akrylowa ta\u015bma klej\u0105ca tesa\u00ae ACXplus 7078 | Cardinal TAPES\" \/>\n<meta property=\"og:description\" content=\"Ta\u015bma tesa\u00ae ACXplus 7078 to ta\u015bma samoprzylepna z pianki akrylowej. Ze wzgl\u0119du na sw\u00f3j sk\u0142ad ta\u015bma samoprzylepna ma bardzo dobr\u0105 odporno\u015b\u0107 na temperatur\u0119.\" \/>\n<meta property=\"og:url\" content=\"https:\/\/cardinal-tapes.com\/pl\/ta\u015bmy-samoprzylepne\/tasmy-dwustronnie-klejace\/tesa-acxplus-7078-dwustronna-akrylowa-tasma-przylepna\/\" \/>\n<meta property=\"og:site_name\" content=\"cardinal TAPES\" \/>\n<meta property=\"article:modified_time\" content=\"2025-07-01T13:30:22+00:00\" \/>\n<meta property=\"og:image\" content=\"https:\/\/cardinal-tapes.com\/wp-content\/uploads\/tesa-acxplus-7078-2000-double-sided-acrylic-foam-tape-black-070780001222-pr1768995_canvas1x1_5.webp\" \/>\n\t<meta property=\"og:image:width\" content=\"501\" \/>\n\t<meta property=\"og:image:height\" content=\"501\" \/>\n\t<meta property=\"og:image:type\" content=\"image\/webp\" \/>\n<meta name=\"twitter:card\" content=\"summary_large_image\" \/>\n<meta name=\"twitter:label1\" content=\"Szacowany czas czytania\" \/>\n\t<meta name=\"twitter:data1\" content=\"1 minuta\" \/>\n<script type=\"application\/ld+json\" class=\"yoast-schema-graph\">{\"@context\":\"https:\\\/\\\/schema.org\",\"@graph\":[{\"@type\":\"WebPage\",\"@id\":\"https:\\\/\\\/cardinal-tapes.com\\\/pl\\\/ta\u015bmy-samoprzylepne\\\/tasmy-dwustronnie-klejace\\\/tesa-acxplus-7078-dwustronna-akrylowa-tasma-przylepna\\\/\",\"url\":\"https:\\\/\\\/cardinal-tapes.com\\\/pl\\\/ta\u015bmy-samoprzylepne\\\/tasmy-dwustronnie-klejace\\\/tesa-acxplus-7078-dwustronna-akrylowa-tasma-przylepna\\\/\",\"name\":\"Dwustronna akrylowa ta\u015bma klej\u0105ca tesa\u00ae ACXplus 7078 | Cardinal TAPES\",\"isPartOf\":{\"@id\":\"https:\\\/\\\/cardinal-tapes.com\\\/#website\"},\"primaryImageOfPage\":{\"@id\":\"https:\\\/\\\/cardinal-tapes.com\\\/pl\\\/ta\u015bmy-samoprzylepne\\\/tasmy-dwustronnie-klejace\\\/tesa-acxplus-7078-dwustronna-akrylowa-tasma-przylepna\\\/#primaryimage\"},\"image\":{\"@id\":\"https:\\\/\\\/cardinal-tapes.com\\\/pl\\\/ta\u015bmy-samoprzylepne\\\/tasmy-dwustronnie-klejace\\\/tesa-acxplus-7078-dwustronna-akrylowa-tasma-przylepna\\\/#primaryimage\"},\"thumbnailUrl\":\"https:\\\/\\\/cardinal-tapes.com\\\/wp-content\\\/uploads\\\/tesa-acxplus-7078-2000-double-sided-acrylic-foam-tape-black-070780001222-pr1768995_canvas1x1_5.webp\",\"datePublished\":\"2023-06-05T14:47:27+00:00\",\"dateModified\":\"2025-07-01T13:30:22+00:00\",\"description\":\"Ta\u015bma tesa\u00ae ACXplus 7078 to ta\u015bma samoprzylepna z pianki akrylowej. Ze wzgl\u0119du na sw\u00f3j sk\u0142ad ta\u015bma samoprzylepna ma bardzo dobr\u0105 odporno\u015b\u0107 na temperatur\u0119.\",\"breadcrumb\":{\"@id\":\"https:\\\/\\\/cardinal-tapes.com\\\/pl\\\/ta\u015bmy-samoprzylepne\\\/tasmy-dwustronnie-klejace\\\/tesa-acxplus-7078-dwustronna-akrylowa-tasma-przylepna\\\/#breadcrumb\"},\"inLanguage\":\"pl-PL\",\"potentialAction\":[{\"@type\":\"ReadAction\",\"target\":[\"https:\\\/\\\/cardinal-tapes.com\\\/pl\\\/ta\u015bmy-samoprzylepne\\\/tasmy-dwustronnie-klejace\\\/tesa-acxplus-7078-dwustronna-akrylowa-tasma-przylepna\\\/\"]}]},{\"@type\":\"ImageObject\",\"inLanguage\":\"pl-PL\",\"@id\":\"https:\\\/\\\/cardinal-tapes.com\\\/pl\\\/ta\u015bmy-samoprzylepne\\\/tasmy-dwustronnie-klejace\\\/tesa-acxplus-7078-dwustronna-akrylowa-tasma-przylepna\\\/#primaryimage\",\"url\":\"https:\\\/\\\/cardinal-tapes.com\\\/wp-content\\\/uploads\\\/tesa-acxplus-7078-2000-double-sided-acrylic-foam-tape-black-070780001222-pr1768995_canvas1x1_5.webp\",\"contentUrl\":\"https:\\\/\\\/cardinal-tapes.com\\\/wp-content\\\/uploads\\\/tesa-acxplus-7078-2000-double-sided-acrylic-foam-tape-black-070780001222-pr1768995_canvas1x1_5.webp\",\"width\":501,\"height\":501},{\"@type\":\"BreadcrumbList\",\"@id\":\"https:\\\/\\\/cardinal-tapes.com\\\/pl\\\/ta\u015bmy-samoprzylepne\\\/tasmy-dwustronnie-klejace\\\/tesa-acxplus-7078-dwustronna-akrylowa-tasma-przylepna\\\/#breadcrumb\",\"itemListElement\":[{\"@type\":\"ListItem\",\"position\":1,\"name\":\"Startseite\",\"item\":\"https:\\\/\\\/cardinal-tapes.com\\\/pl\\\/strona-glowna\\\/\"},{\"@type\":\"ListItem\",\"position\":2,\"name\":\"Ta\u015bmy samoprzylepne\",\"item\":\"https:\\\/\\\/cardinal-tapes.com\\\/pl\\\/tasmy-samoprzylepne-pl\\\/\"},{\"@type\":\"ListItem\",\"position\":3,\"name\":\"Doppelseitige Klebeb\u00e4nder\",\"item\":\"https:\\\/\\\/cardinal-tapes.com\\\/kategorie\\\/doppelseitige-klebebaender\\\/\"},{\"@type\":\"ListItem\",\"position\":4,\"name\":\"Dwustronna akrylowa ta\u015bma samoprzylepna tesa\u00ae ACXplus 7078\"}]},{\"@type\":\"WebSite\",\"@id\":\"https:\\\/\\\/cardinal-tapes.com\\\/#website\",\"url\":\"https:\\\/\\\/cardinal-tapes.com\\\/\",\"name\":\"cardinal TAPES\",\"description\":\"Klebetechnik aus Wuppertal\",\"potentialAction\":[{\"@type\":\"SearchAction\",\"target\":{\"@type\":\"EntryPoint\",\"urlTemplate\":\"https:\\\/\\\/cardinal-tapes.com\\\/?s={search_term_string}\"},\"query-input\":{\"@type\":\"PropertyValueSpecification\",\"valueRequired\":true,\"valueName\":\"search_term_string\"}}],\"inLanguage\":\"pl-PL\"}]}<\/script>\n<!-- \/ Yoast SEO plugin. -->","yoast_head_json":{"title":"Dwustronna akrylowa ta\u015bma klej\u0105ca tesa\u00ae ACXplus 7078 | Cardinal TAPES","description":"Ta\u015bma tesa\u00ae ACXplus 7078 to ta\u015bma samoprzylepna z pianki akrylowej. Ze wzgl\u0119du na sw\u00f3j sk\u0142ad ta\u015bma samoprzylepna ma bardzo dobr\u0105 odporno\u015b\u0107 na temperatur\u0119.","robots":{"index":"index","follow":"follow","max-snippet":"max-snippet:-1","max-image-preview":"max-image-preview:large","max-video-preview":"max-video-preview:-1"},"canonical":"https:\/\/cardinal-tapes.com\/pl\/ta\u015bmy-samoprzylepne\/tasmy-dwustronnie-klejace\/tesa-acxplus-7078-dwustronna-akrylowa-tasma-przylepna\/","og_locale":"pl_PL","og_type":"article","og_title":"Dwustronna akrylowa ta\u015bma klej\u0105ca tesa\u00ae ACXplus 7078 | Cardinal TAPES","og_description":"Ta\u015bma tesa\u00ae ACXplus 7078 to ta\u015bma samoprzylepna z pianki akrylowej. Ze wzgl\u0119du na sw\u00f3j sk\u0142ad ta\u015bma samoprzylepna ma bardzo dobr\u0105 odporno\u015b\u0107 na temperatur\u0119.","og_url":"https:\/\/cardinal-tapes.com\/pl\/ta\u015bmy-samoprzylepne\/tasmy-dwustronnie-klejace\/tesa-acxplus-7078-dwustronna-akrylowa-tasma-przylepna\/","og_site_name":"cardinal TAPES","article_modified_time":"2025-07-01T13:30:22+00:00","og_image":[{"width":501,"height":501,"url":"https:\/\/cardinal-tapes.com\/wp-content\/uploads\/tesa-acxplus-7078-2000-double-sided-acrylic-foam-tape-black-070780001222-pr1768995_canvas1x1_5.webp","type":"image\/webp"}],"twitter_card":"summary_large_image","twitter_misc":{"Szacowany czas czytania":"1 minuta"},"schema":{"@context":"https:\/\/schema.org","@graph":[{"@type":"WebPage","@id":"https:\/\/cardinal-tapes.com\/pl\/ta\u015bmy-samoprzylepne\/tasmy-dwustronnie-klejace\/tesa-acxplus-7078-dwustronna-akrylowa-tasma-przylepna\/","url":"https:\/\/cardinal-tapes.com\/pl\/ta\u015bmy-samoprzylepne\/tasmy-dwustronnie-klejace\/tesa-acxplus-7078-dwustronna-akrylowa-tasma-przylepna\/","name":"Dwustronna akrylowa ta\u015bma klej\u0105ca tesa\u00ae ACXplus 7078 | Cardinal TAPES","isPartOf":{"@id":"https:\/\/cardinal-tapes.com\/#website"},"primaryImageOfPage":{"@id":"https:\/\/cardinal-tapes.com\/pl\/ta\u015bmy-samoprzylepne\/tasmy-dwustronnie-klejace\/tesa-acxplus-7078-dwustronna-akrylowa-tasma-przylepna\/#primaryimage"},"image":{"@id":"https:\/\/cardinal-tapes.com\/pl\/ta\u015bmy-samoprzylepne\/tasmy-dwustronnie-klejace\/tesa-acxplus-7078-dwustronna-akrylowa-tasma-przylepna\/#primaryimage"},"thumbnailUrl":"https:\/\/cardinal-tapes.com\/wp-content\/uploads\/tesa-acxplus-7078-2000-double-sided-acrylic-foam-tape-black-070780001222-pr1768995_canvas1x1_5.webp","datePublished":"2023-06-05T14:47:27+00:00","dateModified":"2025-07-01T13:30:22+00:00","description":"Ta\u015bma tesa\u00ae ACXplus 7078 to ta\u015bma samoprzylepna z pianki akrylowej. Ze wzgl\u0119du na sw\u00f3j sk\u0142ad ta\u015bma samoprzylepna ma bardzo dobr\u0105 odporno\u015b\u0107 na temperatur\u0119.","breadcrumb":{"@id":"https:\/\/cardinal-tapes.com\/pl\/ta\u015bmy-samoprzylepne\/tasmy-dwustronnie-klejace\/tesa-acxplus-7078-dwustronna-akrylowa-tasma-przylepna\/#breadcrumb"},"inLanguage":"pl-PL","potentialAction":[{"@type":"ReadAction","target":["https:\/\/cardinal-tapes.com\/pl\/ta\u015bmy-samoprzylepne\/tasmy-dwustronnie-klejace\/tesa-acxplus-7078-dwustronna-akrylowa-tasma-przylepna\/"]}]},{"@type":"ImageObject","inLanguage":"pl-PL","@id":"https:\/\/cardinal-tapes.com\/pl\/ta\u015bmy-samoprzylepne\/tasmy-dwustronnie-klejace\/tesa-acxplus-7078-dwustronna-akrylowa-tasma-przylepna\/#primaryimage","url":"https:\/\/cardinal-tapes.com\/wp-content\/uploads\/tesa-acxplus-7078-2000-double-sided-acrylic-foam-tape-black-070780001222-pr1768995_canvas1x1_5.webp","contentUrl":"https:\/\/cardinal-tapes.com\/wp-content\/uploads\/tesa-acxplus-7078-2000-double-sided-acrylic-foam-tape-black-070780001222-pr1768995_canvas1x1_5.webp","width":501,"height":501},{"@type":"BreadcrumbList","@id":"https:\/\/cardinal-tapes.com\/pl\/ta\u015bmy-samoprzylepne\/tasmy-dwustronnie-klejace\/tesa-acxplus-7078-dwustronna-akrylowa-tasma-przylepna\/#breadcrumb","itemListElement":[{"@type":"ListItem","position":1,"name":"Startseite","item":"https:\/\/cardinal-tapes.com\/pl\/strona-glowna\/"},{"@type":"ListItem","position":2,"name":"Ta\u015bmy samoprzylepne","item":"https:\/\/cardinal-tapes.com\/pl\/tasmy-samoprzylepne-pl\/"},{"@type":"ListItem","position":3,"name":"Doppelseitige Klebeb\u00e4nder","item":"https:\/\/cardinal-tapes.com\/kategorie\/doppelseitige-klebebaender\/"},{"@type":"ListItem","position":4,"name":"Dwustronna akrylowa ta\u015bma samoprzylepna tesa\u00ae ACXplus 7078"}]},{"@type":"WebSite","@id":"https:\/\/cardinal-tapes.com\/#website","url":"https:\/\/cardinal-tapes.com\/","name":"cardinal TAPES","description":"Klebetechnik aus Wuppertal","potentialAction":[{"@type":"SearchAction","target":{"@type":"EntryPoint","urlTemplate":"https:\/\/cardinal-tapes.com\/?s={search_term_string}"},"query-input":{"@type":"PropertyValueSpecification","valueRequired":true,"valueName":"search_term_string"}}],"inLanguage":"pl-PL"}]}},"brands":[{"id":2164,"name":"tesa","slug":"tesa-pl"}],"_links":{"self":[{"href":"https:\/\/cardinal-tapes.com\/pl\/wp-json\/wp\/v2\/product\/38868","targetHints":{"allow":["GET"]}}],"collection":[{"href":"https:\/\/cardinal-tapes.com\/pl\/wp-json\/wp\/v2\/product"}],"about":[{"href":"https:\/\/cardinal-tapes.com\/pl\/wp-json\/wp\/v2\/types\/product"}],"wp:featuredmedia":[{"embeddable":true,"href":"https:\/\/cardinal-tapes.com\/pl\/wp-json\/wp\/v2\/media\/28978"}],"wp:attachment":[{"href":"https:\/\/cardinal-tapes.com\/pl\/wp-json\/wp\/v2\/media?parent=38868"}],"wp:term":[{"taxonomy":"pwb-brand","embeddable":true,"href":"https:\/\/cardinal-tapes.com\/pl\/wp-json\/wp\/v2\/pwb-brand?post=38868"},{"taxonomy":"product_brand","embeddable":true,"href":"https:\/\/cardinal-tapes.com\/pl\/wp-json\/wp\/v2\/product_brand?post=38868"},{"taxonomy":"product_cat","embeddable":true,"href":"https:\/\/cardinal-tapes.com\/pl\/wp-json\/wp\/v2\/product_cat?post=38868"},{"taxonomy":"product_tag","embeddable":true,"href":"https:\/\/cardinal-tapes.com\/pl\/wp-json\/wp\/v2\/product_tag?post=38868"}],"curies":[{"name":"wp","href":"https:\/\/api.w.org\/{rel}","templated":true}]}}