{"id":38864,"date":"2022-08-18T11:55:03","date_gmt":"2023-06-05T14:47:27","guid":{"rendered":"https:\/\/cardinal.pixel-tal.de\/klebebaender\/bez-kategorii\/akrylowa-tasma-samoprzylepna-tesa-acxplus-7805-black-line\/"},"modified":"2025-07-01T15:40:05","modified_gmt":"2025-07-01T13:40:05","slug":"tesa-acxplus-7805-czarna-linia-akrylowa-tasma-przylepna","status":"publish","type":"product","link":"https:\/\/cardinal-tapes.com\/pl\/ta\u015bmy-samoprzylepne\/tasmy-dwustronnie-klejace\/tesa-acxplus-7805-czarna-linia-akrylowa-tasma-przylepna\/","title":{"rendered":"Akrylowa ta\u015bma samoprzylepna tesa\u00ae ACXplus 7805 Black Line"},"content":{"rendered":"<p>Ta\u015bma tesa\u00ae ACXplus 7805 Black Line to czarna akrylowa piankowa ta\u015bma samoprzylepna stosowana do mocowania element\u00f3w na zewn\u0105trz budynk\u00f3w. Wyj\u0105tkowa odporno\u015b\u0107 na uderzenia na zimno opiera si\u0119 na rdzeniu z pianki akrylowej i zapewnia niezawodne wi\u0105zanie nawet w ekstremalnie niskich temperaturach.<\/p>\n<p><strong>W\u0142a\u015bciwo\u015bci<\/strong><br \/>\n&#8211; Bardzo dobra odporno\u015b\u0107 na promieniowanie UV i temperatur\u0119<br \/>\n&#8211; Dobra odporno\u015b\u0107 na warunki atmosferyczne<\/p>\n<p><strong>Zastosowania<\/strong><br \/>\n&#8211; Do monta\u017cu listew okiennych, anten, paneli, parapet\u00f3w itp.<br \/>\n&#8211; Do stosowania w przemy\u015ble motoryzacyjnym<\/p>\n","protected":false},"excerpt":{"rendered":"<p>Ta\u015bma tesa\u00ae ACXplus 7805 Black Line to czarna akrylowa piankowa ta\u015bma samoprzylepna stosowana do mocowania element\u00f3w na zewn\u0105trz budynk\u00f3w. Wyj\u0105tkowa odporno\u015b\u0107 na uderzenia na zimno opiera si\u0119 na rdzeniu z pianki akrylowej i zapewnia niezawodne wi\u0105zanie nawet w ekstremalnie niskich temperaturach. W\u0142a\u015bciwo\u015bci &#8211; Bardzo dobra odporno\u015b\u0107 na promieniowanie UV i temperatur\u0119 &#8211; Dobra odporno\u015b\u0107 na [&hellip;]<\/p>\n","protected":false},"featured_media":29058,"template":"","meta":{"_acf_changed":false},"pwb-brand":[2164],"product_brand":[],"product_cat":[1814],"product_tag":[],"class_list":{"0":"post-38864","1":"product","2":"type-product","3":"status-publish","4":"has-post-thumbnail","6":"pwb-brand-tesa-pl","7":"product_cat-tasmy-dwustronnie-klejace","9":"first","10":"instock","11":"taxable","12":"shipping-taxable","13":"purchasable","14":"product-type-variable"},"acf":[],"yoast_head":"<!-- This site is optimized with the Yoast SEO plugin v27.3 - https:\/\/yoast.com\/product\/yoast-seo-wordpress\/ -->\n<title>Ta\u015bmy tesa\u00ae ACXplus 7805 Black Line | Cardinal<\/title>\n<meta name=\"description\" content=\"Ta\u015bma tesa\u00ae ACXplus 7805 Black Line to czarna akrylowa piankowa ta\u015bma samoprzylepna stosowana do mocowania element\u00f3w na zewn\u0105trz budynk\u00f3w.\" \/>\n<meta name=\"robots\" content=\"index, follow, max-snippet:-1, max-image-preview:large, max-video-preview:-1\" \/>\n<link rel=\"canonical\" href=\"https:\/\/cardinal-tapes.com\/pl\/ta\u015bmy-samoprzylepne\/tasmy-dwustronnie-klejace\/tesa-acxplus-7805-czarna-linia-akrylowa-tasma-przylepna\/\" \/>\n<meta property=\"og:locale\" content=\"pl_PL\" \/>\n<meta property=\"og:type\" content=\"article\" \/>\n<meta property=\"og:title\" content=\"Ta\u015bmy tesa\u00ae ACXplus 7805 Black Line | Cardinal\" \/>\n<meta property=\"og:description\" content=\"Ta\u015bma tesa\u00ae ACXplus 7805 Black Line to czarna akrylowa piankowa ta\u015bma samoprzylepna stosowana do mocowania element\u00f3w na zewn\u0105trz budynk\u00f3w.\" \/>\n<meta property=\"og:url\" content=\"https:\/\/cardinal-tapes.com\/pl\/ta\u015bmy-samoprzylepne\/tasmy-dwustronnie-klejace\/tesa-acxplus-7805-czarna-linia-akrylowa-tasma-przylepna\/\" \/>\n<meta property=\"og:site_name\" content=\"cardinal TAPES\" \/>\n<meta property=\"article:modified_time\" content=\"2025-07-01T13:40:05+00:00\" \/>\n<meta property=\"og:image\" content=\"https:\/\/cardinal-tapes.com\/wp-content\/uploads\/tesa-acxplus-078xx-pv29-pr-0019063050_canvas16x9_18.webp\" \/>\n\t<meta property=\"og:image:width\" content=\"1062\" \/>\n\t<meta property=\"og:image:height\" content=\"1062\" \/>\n\t<meta property=\"og:image:type\" content=\"image\/webp\" \/>\n<meta name=\"twitter:card\" content=\"summary_large_image\" \/>\n<script type=\"application\/ld+json\" class=\"yoast-schema-graph\">{\"@context\":\"https:\\\/\\\/schema.org\",\"@graph\":[{\"@type\":\"WebPage\",\"@id\":\"https:\\\/\\\/cardinal-tapes.com\\\/pl\\\/ta\u015bmy-samoprzylepne\\\/tasmy-dwustronnie-klejace\\\/tesa-acxplus-7805-czarna-linia-akrylowa-tasma-przylepna\\\/\",\"url\":\"https:\\\/\\\/cardinal-tapes.com\\\/pl\\\/ta\u015bmy-samoprzylepne\\\/tasmy-dwustronnie-klejace\\\/tesa-acxplus-7805-czarna-linia-akrylowa-tasma-przylepna\\\/\",\"name\":\"Ta\u015bmy tesa\u00ae ACXplus 7805 Black Line | Cardinal\",\"isPartOf\":{\"@id\":\"https:\\\/\\\/cardinal-tapes.com\\\/#website\"},\"primaryImageOfPage\":{\"@id\":\"https:\\\/\\\/cardinal-tapes.com\\\/pl\\\/ta\u015bmy-samoprzylepne\\\/tasmy-dwustronnie-klejace\\\/tesa-acxplus-7805-czarna-linia-akrylowa-tasma-przylepna\\\/#primaryimage\"},\"image\":{\"@id\":\"https:\\\/\\\/cardinal-tapes.com\\\/pl\\\/ta\u015bmy-samoprzylepne\\\/tasmy-dwustronnie-klejace\\\/tesa-acxplus-7805-czarna-linia-akrylowa-tasma-przylepna\\\/#primaryimage\"},\"thumbnailUrl\":\"https:\\\/\\\/cardinal-tapes.com\\\/wp-content\\\/uploads\\\/tesa-acxplus-078xx-pv29-pr-0019063050_canvas16x9_18.webp\",\"datePublished\":\"2023-06-05T14:47:27+00:00\",\"dateModified\":\"2025-07-01T13:40:05+00:00\",\"description\":\"Ta\u015bma tesa\u00ae ACXplus 7805 Black Line to czarna akrylowa piankowa ta\u015bma samoprzylepna stosowana do mocowania element\u00f3w na zewn\u0105trz budynk\u00f3w.\",\"breadcrumb\":{\"@id\":\"https:\\\/\\\/cardinal-tapes.com\\\/pl\\\/ta\u015bmy-samoprzylepne\\\/tasmy-dwustronnie-klejace\\\/tesa-acxplus-7805-czarna-linia-akrylowa-tasma-przylepna\\\/#breadcrumb\"},\"inLanguage\":\"pl-PL\",\"potentialAction\":[{\"@type\":\"ReadAction\",\"target\":[\"https:\\\/\\\/cardinal-tapes.com\\\/pl\\\/ta\u015bmy-samoprzylepne\\\/tasmy-dwustronnie-klejace\\\/tesa-acxplus-7805-czarna-linia-akrylowa-tasma-przylepna\\\/\"]}]},{\"@type\":\"ImageObject\",\"inLanguage\":\"pl-PL\",\"@id\":\"https:\\\/\\\/cardinal-tapes.com\\\/pl\\\/ta\u015bmy-samoprzylepne\\\/tasmy-dwustronnie-klejace\\\/tesa-acxplus-7805-czarna-linia-akrylowa-tasma-przylepna\\\/#primaryimage\",\"url\":\"https:\\\/\\\/cardinal-tapes.com\\\/wp-content\\\/uploads\\\/tesa-acxplus-078xx-pv29-pr-0019063050_canvas16x9_18.webp\",\"contentUrl\":\"https:\\\/\\\/cardinal-tapes.com\\\/wp-content\\\/uploads\\\/tesa-acxplus-078xx-pv29-pr-0019063050_canvas16x9_18.webp\",\"width\":1062,\"height\":1062},{\"@type\":\"BreadcrumbList\",\"@id\":\"https:\\\/\\\/cardinal-tapes.com\\\/pl\\\/ta\u015bmy-samoprzylepne\\\/tasmy-dwustronnie-klejace\\\/tesa-acxplus-7805-czarna-linia-akrylowa-tasma-przylepna\\\/#breadcrumb\",\"itemListElement\":[{\"@type\":\"ListItem\",\"position\":1,\"name\":\"Startseite\",\"item\":\"https:\\\/\\\/cardinal-tapes.com\\\/pl\\\/strona-glowna\\\/\"},{\"@type\":\"ListItem\",\"position\":2,\"name\":\"Ta\u015bmy samoprzylepne\",\"item\":\"https:\\\/\\\/cardinal-tapes.com\\\/pl\\\/tasmy-samoprzylepne-pl\\\/\"},{\"@type\":\"ListItem\",\"position\":3,\"name\":\"Doppelseitige Klebeb\u00e4nder\",\"item\":\"https:\\\/\\\/cardinal-tapes.com\\\/kategorie\\\/doppelseitige-klebebaender\\\/\"},{\"@type\":\"ListItem\",\"position\":4,\"name\":\"Akrylowa ta\u015bma samoprzylepna tesa\u00ae ACXplus 7805 Black Line\"}]},{\"@type\":\"WebSite\",\"@id\":\"https:\\\/\\\/cardinal-tapes.com\\\/#website\",\"url\":\"https:\\\/\\\/cardinal-tapes.com\\\/\",\"name\":\"cardinal TAPES\",\"description\":\"Klebetechnik aus Wuppertal\",\"potentialAction\":[{\"@type\":\"SearchAction\",\"target\":{\"@type\":\"EntryPoint\",\"urlTemplate\":\"https:\\\/\\\/cardinal-tapes.com\\\/?s={search_term_string}\"},\"query-input\":{\"@type\":\"PropertyValueSpecification\",\"valueRequired\":true,\"valueName\":\"search_term_string\"}}],\"inLanguage\":\"pl-PL\"}]}<\/script>\n<!-- \/ Yoast SEO plugin. -->","yoast_head_json":{"title":"Ta\u015bmy tesa\u00ae ACXplus 7805 Black Line | Cardinal","description":"Ta\u015bma tesa\u00ae ACXplus 7805 Black Line to czarna akrylowa piankowa ta\u015bma samoprzylepna stosowana do mocowania element\u00f3w na zewn\u0105trz budynk\u00f3w.","robots":{"index":"index","follow":"follow","max-snippet":"max-snippet:-1","max-image-preview":"max-image-preview:large","max-video-preview":"max-video-preview:-1"},"canonical":"https:\/\/cardinal-tapes.com\/pl\/ta\u015bmy-samoprzylepne\/tasmy-dwustronnie-klejace\/tesa-acxplus-7805-czarna-linia-akrylowa-tasma-przylepna\/","og_locale":"pl_PL","og_type":"article","og_title":"Ta\u015bmy tesa\u00ae ACXplus 7805 Black Line | Cardinal","og_description":"Ta\u015bma tesa\u00ae ACXplus 7805 Black Line to czarna akrylowa piankowa ta\u015bma samoprzylepna stosowana do mocowania element\u00f3w na zewn\u0105trz budynk\u00f3w.","og_url":"https:\/\/cardinal-tapes.com\/pl\/ta\u015bmy-samoprzylepne\/tasmy-dwustronnie-klejace\/tesa-acxplus-7805-czarna-linia-akrylowa-tasma-przylepna\/","og_site_name":"cardinal TAPES","article_modified_time":"2025-07-01T13:40:05+00:00","og_image":[{"width":1062,"height":1062,"url":"https:\/\/cardinal-tapes.com\/wp-content\/uploads\/tesa-acxplus-078xx-pv29-pr-0019063050_canvas16x9_18.webp","type":"image\/webp"}],"twitter_card":"summary_large_image","schema":{"@context":"https:\/\/schema.org","@graph":[{"@type":"WebPage","@id":"https:\/\/cardinal-tapes.com\/pl\/ta\u015bmy-samoprzylepne\/tasmy-dwustronnie-klejace\/tesa-acxplus-7805-czarna-linia-akrylowa-tasma-przylepna\/","url":"https:\/\/cardinal-tapes.com\/pl\/ta\u015bmy-samoprzylepne\/tasmy-dwustronnie-klejace\/tesa-acxplus-7805-czarna-linia-akrylowa-tasma-przylepna\/","name":"Ta\u015bmy tesa\u00ae ACXplus 7805 Black Line | Cardinal","isPartOf":{"@id":"https:\/\/cardinal-tapes.com\/#website"},"primaryImageOfPage":{"@id":"https:\/\/cardinal-tapes.com\/pl\/ta\u015bmy-samoprzylepne\/tasmy-dwustronnie-klejace\/tesa-acxplus-7805-czarna-linia-akrylowa-tasma-przylepna\/#primaryimage"},"image":{"@id":"https:\/\/cardinal-tapes.com\/pl\/ta\u015bmy-samoprzylepne\/tasmy-dwustronnie-klejace\/tesa-acxplus-7805-czarna-linia-akrylowa-tasma-przylepna\/#primaryimage"},"thumbnailUrl":"https:\/\/cardinal-tapes.com\/wp-content\/uploads\/tesa-acxplus-078xx-pv29-pr-0019063050_canvas16x9_18.webp","datePublished":"2023-06-05T14:47:27+00:00","dateModified":"2025-07-01T13:40:05+00:00","description":"Ta\u015bma tesa\u00ae ACXplus 7805 Black Line to czarna akrylowa piankowa ta\u015bma samoprzylepna stosowana do mocowania element\u00f3w na zewn\u0105trz budynk\u00f3w.","breadcrumb":{"@id":"https:\/\/cardinal-tapes.com\/pl\/ta\u015bmy-samoprzylepne\/tasmy-dwustronnie-klejace\/tesa-acxplus-7805-czarna-linia-akrylowa-tasma-przylepna\/#breadcrumb"},"inLanguage":"pl-PL","potentialAction":[{"@type":"ReadAction","target":["https:\/\/cardinal-tapes.com\/pl\/ta\u015bmy-samoprzylepne\/tasmy-dwustronnie-klejace\/tesa-acxplus-7805-czarna-linia-akrylowa-tasma-przylepna\/"]}]},{"@type":"ImageObject","inLanguage":"pl-PL","@id":"https:\/\/cardinal-tapes.com\/pl\/ta\u015bmy-samoprzylepne\/tasmy-dwustronnie-klejace\/tesa-acxplus-7805-czarna-linia-akrylowa-tasma-przylepna\/#primaryimage","url":"https:\/\/cardinal-tapes.com\/wp-content\/uploads\/tesa-acxplus-078xx-pv29-pr-0019063050_canvas16x9_18.webp","contentUrl":"https:\/\/cardinal-tapes.com\/wp-content\/uploads\/tesa-acxplus-078xx-pv29-pr-0019063050_canvas16x9_18.webp","width":1062,"height":1062},{"@type":"BreadcrumbList","@id":"https:\/\/cardinal-tapes.com\/pl\/ta\u015bmy-samoprzylepne\/tasmy-dwustronnie-klejace\/tesa-acxplus-7805-czarna-linia-akrylowa-tasma-przylepna\/#breadcrumb","itemListElement":[{"@type":"ListItem","position":1,"name":"Startseite","item":"https:\/\/cardinal-tapes.com\/pl\/strona-glowna\/"},{"@type":"ListItem","position":2,"name":"Ta\u015bmy samoprzylepne","item":"https:\/\/cardinal-tapes.com\/pl\/tasmy-samoprzylepne-pl\/"},{"@type":"ListItem","position":3,"name":"Doppelseitige Klebeb\u00e4nder","item":"https:\/\/cardinal-tapes.com\/kategorie\/doppelseitige-klebebaender\/"},{"@type":"ListItem","position":4,"name":"Akrylowa ta\u015bma samoprzylepna tesa\u00ae ACXplus 7805 Black Line"}]},{"@type":"WebSite","@id":"https:\/\/cardinal-tapes.com\/#website","url":"https:\/\/cardinal-tapes.com\/","name":"cardinal TAPES","description":"Klebetechnik aus Wuppertal","potentialAction":[{"@type":"SearchAction","target":{"@type":"EntryPoint","urlTemplate":"https:\/\/cardinal-tapes.com\/?s={search_term_string}"},"query-input":{"@type":"PropertyValueSpecification","valueRequired":true,"valueName":"search_term_string"}}],"inLanguage":"pl-PL"}]}},"brands":[{"id":2164,"name":"tesa","slug":"tesa-pl"}],"_links":{"self":[{"href":"https:\/\/cardinal-tapes.com\/pl\/wp-json\/wp\/v2\/product\/38864","targetHints":{"allow":["GET"]}}],"collection":[{"href":"https:\/\/cardinal-tapes.com\/pl\/wp-json\/wp\/v2\/product"}],"about":[{"href":"https:\/\/cardinal-tapes.com\/pl\/wp-json\/wp\/v2\/types\/product"}],"wp:featuredmedia":[{"embeddable":true,"href":"https:\/\/cardinal-tapes.com\/pl\/wp-json\/wp\/v2\/media\/29058"}],"wp:attachment":[{"href":"https:\/\/cardinal-tapes.com\/pl\/wp-json\/wp\/v2\/media?parent=38864"}],"wp:term":[{"taxonomy":"pwb-brand","embeddable":true,"href":"https:\/\/cardinal-tapes.com\/pl\/wp-json\/wp\/v2\/pwb-brand?post=38864"},{"taxonomy":"product_brand","embeddable":true,"href":"https:\/\/cardinal-tapes.com\/pl\/wp-json\/wp\/v2\/product_brand?post=38864"},{"taxonomy":"product_cat","embeddable":true,"href":"https:\/\/cardinal-tapes.com\/pl\/wp-json\/wp\/v2\/product_cat?post=38864"},{"taxonomy":"product_tag","embeddable":true,"href":"https:\/\/cardinal-tapes.com\/pl\/wp-json\/wp\/v2\/product_tag?post=38864"}],"curies":[{"name":"wp","href":"https:\/\/api.w.org\/{rel}","templated":true}]}}