{"id":38769,"date":"2022-11-21T09:07:08","date_gmt":"2022-11-21T08:07:08","guid":{"rendered":"https:\/\/cardinal.pixel-tal.de\/klebebaender\/bez-kategorii\/ognioodporna-wodoodporna-tasma-tkaninowa-scapa-t3601\/"},"modified":"2025-07-01T15:50:08","modified_gmt":"2025-07-01T13:50:08","slug":"scapa-t3601-ognioodporna-wodoodporna-tasma-tkaninowa","status":"publish","type":"product","link":"https:\/\/cardinal-tapes.com\/pl\/ta\u015bmy-samoprzylepne\/jednostronne-tasmy-samoprzylepne\/tasma-gaffer\/scapa-t3601-ognioodporna-wodoodporna-tasma-tkaninowa\/","title":{"rendered":"Ognioodporna wodoodporna ta\u015bma tkaninowa Scapa T3601"},"content":{"rendered":"<p>Scapa T3601 to powlekana polietylenem ta\u015bma tkaninowa pokryta ognioodpornym klejem kauczukowym wra\u017cliwym na nacisk.<br \/>\nProdukt spe\u0142nia wymagania FAR 25.853(a) i M1 w zakresie ognioodporno\u015bci. Scapa T3601 jest dost\u0119pna w kolorze bia\u0142ym i z nadrukiem zgodnym z FAR 25.853(a).<\/p>\n<p>&nbsp;<\/p>\n","protected":false},"excerpt":{"rendered":"<p>Scapa T3601 to powlekana polietylenem ta\u015bma tkaninowa pokryta ognioodpornym klejem kauczukowym wra\u017cliwym na nacisk. Produkt spe\u0142nia wymagania FAR 25.853(a) i M1 w zakresie ognioodporno\u015bci. Scapa T3601 jest dost\u0119pna w kolorze bia\u0142ym i z nadrukiem zgodnym z FAR 25.853(a). &nbsp;<\/p>\n","protected":false},"featured_media":29094,"template":"","meta":{"_acf_changed":false},"pwb-brand":[3095],"product_brand":[],"product_cat":[1718,1721,1816,1817,1715,1717],"product_tag":[],"class_list":{"0":"post-38769","1":"product","2":"type-product","3":"status-publish","4":"has-post-thumbnail","6":"pwb-brand-scapa-pl","7":"product_cat-przemysl-tworzyw-sztucznych","8":"product_cat-inzynieria-mechaniczna","9":"product_cat-jednostronne-tasmy-samoprzylepne","10":"product_cat-tasma-gaffer","11":"product_cat-tasma-klejaca-do-tkanin","12":"product_cat-tasma-powlekana-tworzywem-sztucznym","14":"first","15":"instock","16":"featured","17":"taxable","18":"shipping-taxable","19":"purchasable","20":"product-type-variable"},"acf":[],"yoast_head":"<!-- This site is optimized with the Yoast SEO plugin v27.3 - https:\/\/yoast.com\/product\/yoast-seo-wordpress\/ -->\n<title>Ta\u015bma tekstylna Scapa T3601 | Cardinal TAPES<\/title>\n<meta name=\"description\" content=\"Scapa T3601 to powlekana polietylenem ta\u015bma tkaninowa pokryta ognioodpornym klejem kauczukowym wra\u017cliwym na nacisk.\" \/>\n<meta name=\"robots\" content=\"index, follow, max-snippet:-1, max-image-preview:large, max-video-preview:-1\" \/>\n<link rel=\"canonical\" href=\"https:\/\/cardinal-tapes.com\/pl\/ta\u015bmy-samoprzylepne\/jednostronne-tasmy-samoprzylepne\/tasma-gaffer\/scapa-t3601-ognioodporna-wodoodporna-tasma-tkaninowa\/\" \/>\n<meta property=\"og:locale\" content=\"pl_PL\" \/>\n<meta property=\"og:type\" content=\"article\" \/>\n<meta property=\"og:title\" content=\"Ta\u015bma tekstylna Scapa T3601 | Cardinal TAPES\" \/>\n<meta property=\"og:description\" content=\"Scapa T3601 to powlekana polietylenem ta\u015bma tkaninowa pokryta ognioodpornym klejem kauczukowym wra\u017cliwym na nacisk.\" \/>\n<meta property=\"og:url\" content=\"https:\/\/cardinal-tapes.com\/pl\/ta\u015bmy-samoprzylepne\/jednostronne-tasmy-samoprzylepne\/tasma-gaffer\/scapa-t3601-ognioodporna-wodoodporna-tasma-tkaninowa\/\" \/>\n<meta property=\"og:site_name\" content=\"cardinal TAPES\" \/>\n<meta property=\"article:modified_time\" content=\"2025-07-01T13:50:08+00:00\" \/>\n<meta property=\"og:image\" content=\"https:\/\/cardinal-tapes.com\/wp-content\/uploads\/UVX10-2.png\" \/>\n\t<meta property=\"og:image:width\" content=\"800\" \/>\n\t<meta property=\"og:image:height\" content=\"714\" \/>\n\t<meta property=\"og:image:type\" content=\"image\/png\" \/>\n<meta name=\"twitter:card\" content=\"summary_large_image\" \/>\n<script type=\"application\/ld+json\" class=\"yoast-schema-graph\">{\"@context\":\"https:\\\/\\\/schema.org\",\"@graph\":[{\"@type\":\"WebPage\",\"@id\":\"https:\\\/\\\/cardinal-tapes.com\\\/pl\\\/ta\u015bmy-samoprzylepne\\\/jednostronne-tasmy-samoprzylepne\\\/tasma-gaffer\\\/scapa-t3601-ognioodporna-wodoodporna-tasma-tkaninowa\\\/\",\"url\":\"https:\\\/\\\/cardinal-tapes.com\\\/pl\\\/ta\u015bmy-samoprzylepne\\\/jednostronne-tasmy-samoprzylepne\\\/tasma-gaffer\\\/scapa-t3601-ognioodporna-wodoodporna-tasma-tkaninowa\\\/\",\"name\":\"Ta\u015bma tekstylna Scapa T3601 | Cardinal TAPES\",\"isPartOf\":{\"@id\":\"https:\\\/\\\/cardinal-tapes.com\\\/#website\"},\"primaryImageOfPage\":{\"@id\":\"https:\\\/\\\/cardinal-tapes.com\\\/pl\\\/ta\u015bmy-samoprzylepne\\\/jednostronne-tasmy-samoprzylepne\\\/tasma-gaffer\\\/scapa-t3601-ognioodporna-wodoodporna-tasma-tkaninowa\\\/#primaryimage\"},\"image\":{\"@id\":\"https:\\\/\\\/cardinal-tapes.com\\\/pl\\\/ta\u015bmy-samoprzylepne\\\/jednostronne-tasmy-samoprzylepne\\\/tasma-gaffer\\\/scapa-t3601-ognioodporna-wodoodporna-tasma-tkaninowa\\\/#primaryimage\"},\"thumbnailUrl\":\"https:\\\/\\\/cardinal-tapes.com\\\/wp-content\\\/uploads\\\/T3601.jpg\",\"datePublished\":\"2022-11-21T08:07:08+00:00\",\"dateModified\":\"2025-07-01T13:50:08+00:00\",\"description\":\"Scapa T3601 to powlekana polietylenem ta\u015bma tkaninowa pokryta ognioodpornym klejem kauczukowym wra\u017cliwym na nacisk.\",\"breadcrumb\":{\"@id\":\"https:\\\/\\\/cardinal-tapes.com\\\/pl\\\/ta\u015bmy-samoprzylepne\\\/jednostronne-tasmy-samoprzylepne\\\/tasma-gaffer\\\/scapa-t3601-ognioodporna-wodoodporna-tasma-tkaninowa\\\/#breadcrumb\"},\"inLanguage\":\"pl-PL\",\"potentialAction\":[{\"@type\":\"ReadAction\",\"target\":[\"https:\\\/\\\/cardinal-tapes.com\\\/pl\\\/ta\u015bmy-samoprzylepne\\\/jednostronne-tasmy-samoprzylepne\\\/tasma-gaffer\\\/scapa-t3601-ognioodporna-wodoodporna-tasma-tkaninowa\\\/\"]}]},{\"@type\":\"ImageObject\",\"inLanguage\":\"pl-PL\",\"@id\":\"https:\\\/\\\/cardinal-tapes.com\\\/pl\\\/ta\u015bmy-samoprzylepne\\\/jednostronne-tasmy-samoprzylepne\\\/tasma-gaffer\\\/scapa-t3601-ognioodporna-wodoodporna-tasma-tkaninowa\\\/#primaryimage\",\"url\":\"https:\\\/\\\/cardinal-tapes.com\\\/wp-content\\\/uploads\\\/T3601.jpg\",\"contentUrl\":\"https:\\\/\\\/cardinal-tapes.com\\\/wp-content\\\/uploads\\\/T3601.jpg\",\"width\":2047,\"height\":2047},{\"@type\":\"BreadcrumbList\",\"@id\":\"https:\\\/\\\/cardinal-tapes.com\\\/pl\\\/ta\u015bmy-samoprzylepne\\\/jednostronne-tasmy-samoprzylepne\\\/tasma-gaffer\\\/scapa-t3601-ognioodporna-wodoodporna-tasma-tkaninowa\\\/#breadcrumb\",\"itemListElement\":[{\"@type\":\"ListItem\",\"position\":1,\"name\":\"Startseite\",\"item\":\"https:\\\/\\\/cardinal-tapes.com\\\/pl\\\/strona-glowna\\\/\"},{\"@type\":\"ListItem\",\"position\":2,\"name\":\"Ta\u015bmy samoprzylepne\",\"item\":\"https:\\\/\\\/cardinal-tapes.com\\\/pl\\\/tasmy-samoprzylepne-pl\\\/\"},{\"@type\":\"ListItem\",\"position\":3,\"name\":\"Jednostronne ta\u015bmy samoprzylepne\",\"item\":\"https:\\\/\\\/cardinal-tapes.com\\\/pl\\\/kategoria\\\/jednostronne-tasmy-samoprzylepne\\\/\"},{\"@type\":\"ListItem\",\"position\":4,\"name\":\"Ta\u015bma Gaffer\",\"item\":\"https:\\\/\\\/cardinal-tapes.com\\\/pl\\\/kategoria\\\/tasma-gaffer\\\/\"},{\"@type\":\"ListItem\",\"position\":5,\"name\":\"Ognioodporna wodoodporna ta\u015bma tkaninowa Scapa T3601\"}]},{\"@type\":\"WebSite\",\"@id\":\"https:\\\/\\\/cardinal-tapes.com\\\/#website\",\"url\":\"https:\\\/\\\/cardinal-tapes.com\\\/\",\"name\":\"cardinal TAPES\",\"description\":\"Klebetechnik aus Wuppertal\",\"potentialAction\":[{\"@type\":\"SearchAction\",\"target\":{\"@type\":\"EntryPoint\",\"urlTemplate\":\"https:\\\/\\\/cardinal-tapes.com\\\/?s={search_term_string}\"},\"query-input\":{\"@type\":\"PropertyValueSpecification\",\"valueRequired\":true,\"valueName\":\"search_term_string\"}}],\"inLanguage\":\"pl-PL\"}]}<\/script>\n<!-- \/ Yoast SEO plugin. -->","yoast_head_json":{"title":"Ta\u015bma tekstylna Scapa T3601 | Cardinal TAPES","description":"Scapa T3601 to powlekana polietylenem ta\u015bma tkaninowa pokryta ognioodpornym klejem kauczukowym wra\u017cliwym na nacisk.","robots":{"index":"index","follow":"follow","max-snippet":"max-snippet:-1","max-image-preview":"max-image-preview:large","max-video-preview":"max-video-preview:-1"},"canonical":"https:\/\/cardinal-tapes.com\/pl\/ta\u015bmy-samoprzylepne\/jednostronne-tasmy-samoprzylepne\/tasma-gaffer\/scapa-t3601-ognioodporna-wodoodporna-tasma-tkaninowa\/","og_locale":"pl_PL","og_type":"article","og_title":"Ta\u015bma tekstylna Scapa T3601 | Cardinal TAPES","og_description":"Scapa T3601 to powlekana polietylenem ta\u015bma tkaninowa pokryta ognioodpornym klejem kauczukowym wra\u017cliwym na nacisk.","og_url":"https:\/\/cardinal-tapes.com\/pl\/ta\u015bmy-samoprzylepne\/jednostronne-tasmy-samoprzylepne\/tasma-gaffer\/scapa-t3601-ognioodporna-wodoodporna-tasma-tkaninowa\/","og_site_name":"cardinal TAPES","article_modified_time":"2025-07-01T13:50:08+00:00","og_image":[{"width":800,"height":714,"url":"https:\/\/cardinal-tapes.com\/wp-content\/uploads\/UVX10-2.png","type":"image\/png"}],"twitter_card":"summary_large_image","schema":{"@context":"https:\/\/schema.org","@graph":[{"@type":"WebPage","@id":"https:\/\/cardinal-tapes.com\/pl\/ta\u015bmy-samoprzylepne\/jednostronne-tasmy-samoprzylepne\/tasma-gaffer\/scapa-t3601-ognioodporna-wodoodporna-tasma-tkaninowa\/","url":"https:\/\/cardinal-tapes.com\/pl\/ta\u015bmy-samoprzylepne\/jednostronne-tasmy-samoprzylepne\/tasma-gaffer\/scapa-t3601-ognioodporna-wodoodporna-tasma-tkaninowa\/","name":"Ta\u015bma tekstylna Scapa T3601 | Cardinal TAPES","isPartOf":{"@id":"https:\/\/cardinal-tapes.com\/#website"},"primaryImageOfPage":{"@id":"https:\/\/cardinal-tapes.com\/pl\/ta\u015bmy-samoprzylepne\/jednostronne-tasmy-samoprzylepne\/tasma-gaffer\/scapa-t3601-ognioodporna-wodoodporna-tasma-tkaninowa\/#primaryimage"},"image":{"@id":"https:\/\/cardinal-tapes.com\/pl\/ta\u015bmy-samoprzylepne\/jednostronne-tasmy-samoprzylepne\/tasma-gaffer\/scapa-t3601-ognioodporna-wodoodporna-tasma-tkaninowa\/#primaryimage"},"thumbnailUrl":"https:\/\/cardinal-tapes.com\/wp-content\/uploads\/T3601.jpg","datePublished":"2022-11-21T08:07:08+00:00","dateModified":"2025-07-01T13:50:08+00:00","description":"Scapa T3601 to powlekana polietylenem ta\u015bma tkaninowa pokryta ognioodpornym klejem kauczukowym wra\u017cliwym na nacisk.","breadcrumb":{"@id":"https:\/\/cardinal-tapes.com\/pl\/ta\u015bmy-samoprzylepne\/jednostronne-tasmy-samoprzylepne\/tasma-gaffer\/scapa-t3601-ognioodporna-wodoodporna-tasma-tkaninowa\/#breadcrumb"},"inLanguage":"pl-PL","potentialAction":[{"@type":"ReadAction","target":["https:\/\/cardinal-tapes.com\/pl\/ta\u015bmy-samoprzylepne\/jednostronne-tasmy-samoprzylepne\/tasma-gaffer\/scapa-t3601-ognioodporna-wodoodporna-tasma-tkaninowa\/"]}]},{"@type":"ImageObject","inLanguage":"pl-PL","@id":"https:\/\/cardinal-tapes.com\/pl\/ta\u015bmy-samoprzylepne\/jednostronne-tasmy-samoprzylepne\/tasma-gaffer\/scapa-t3601-ognioodporna-wodoodporna-tasma-tkaninowa\/#primaryimage","url":"https:\/\/cardinal-tapes.com\/wp-content\/uploads\/T3601.jpg","contentUrl":"https:\/\/cardinal-tapes.com\/wp-content\/uploads\/T3601.jpg","width":2047,"height":2047},{"@type":"BreadcrumbList","@id":"https:\/\/cardinal-tapes.com\/pl\/ta\u015bmy-samoprzylepne\/jednostronne-tasmy-samoprzylepne\/tasma-gaffer\/scapa-t3601-ognioodporna-wodoodporna-tasma-tkaninowa\/#breadcrumb","itemListElement":[{"@type":"ListItem","position":1,"name":"Startseite","item":"https:\/\/cardinal-tapes.com\/pl\/strona-glowna\/"},{"@type":"ListItem","position":2,"name":"Ta\u015bmy samoprzylepne","item":"https:\/\/cardinal-tapes.com\/pl\/tasmy-samoprzylepne-pl\/"},{"@type":"ListItem","position":3,"name":"Jednostronne ta\u015bmy samoprzylepne","item":"https:\/\/cardinal-tapes.com\/pl\/kategoria\/jednostronne-tasmy-samoprzylepne\/"},{"@type":"ListItem","position":4,"name":"Ta\u015bma Gaffer","item":"https:\/\/cardinal-tapes.com\/pl\/kategoria\/tasma-gaffer\/"},{"@type":"ListItem","position":5,"name":"Ognioodporna wodoodporna ta\u015bma tkaninowa Scapa T3601"}]},{"@type":"WebSite","@id":"https:\/\/cardinal-tapes.com\/#website","url":"https:\/\/cardinal-tapes.com\/","name":"cardinal TAPES","description":"Klebetechnik aus Wuppertal","potentialAction":[{"@type":"SearchAction","target":{"@type":"EntryPoint","urlTemplate":"https:\/\/cardinal-tapes.com\/?s={search_term_string}"},"query-input":{"@type":"PropertyValueSpecification","valueRequired":true,"valueName":"search_term_string"}}],"inLanguage":"pl-PL"}]}},"brands":[{"id":3095,"name":"Scapa","slug":"scapa-pl"}],"_links":{"self":[{"href":"https:\/\/cardinal-tapes.com\/pl\/wp-json\/wp\/v2\/product\/38769","targetHints":{"allow":["GET"]}}],"collection":[{"href":"https:\/\/cardinal-tapes.com\/pl\/wp-json\/wp\/v2\/product"}],"about":[{"href":"https:\/\/cardinal-tapes.com\/pl\/wp-json\/wp\/v2\/types\/product"}],"wp:featuredmedia":[{"embeddable":true,"href":"https:\/\/cardinal-tapes.com\/pl\/wp-json\/wp\/v2\/media\/29094"}],"wp:attachment":[{"href":"https:\/\/cardinal-tapes.com\/pl\/wp-json\/wp\/v2\/media?parent=38769"}],"wp:term":[{"taxonomy":"pwb-brand","embeddable":true,"href":"https:\/\/cardinal-tapes.com\/pl\/wp-json\/wp\/v2\/pwb-brand?post=38769"},{"taxonomy":"product_brand","embeddable":true,"href":"https:\/\/cardinal-tapes.com\/pl\/wp-json\/wp\/v2\/product_brand?post=38769"},{"taxonomy":"product_cat","embeddable":true,"href":"https:\/\/cardinal-tapes.com\/pl\/wp-json\/wp\/v2\/product_cat?post=38769"},{"taxonomy":"product_tag","embeddable":true,"href":"https:\/\/cardinal-tapes.com\/pl\/wp-json\/wp\/v2\/product_tag?post=38769"}],"curies":[{"name":"wp","href":"https:\/\/api.w.org\/{rel}","templated":true}]}}