{"id":38671,"date":"2022-10-27T08:42:45","date_gmt":"2023-06-05T14:47:23","guid":{"rendered":"https:\/\/cardinal.pixel-tal.de\/klebebaender\/bez-kategorii\/dozownik-stolowy-tesa-6012\/"},"modified":"2025-07-01T15:50:08","modified_gmt":"2025-07-01T13:50:08","slug":"tesa-6012-dozownik-stolowy","status":"publish","type":"product","link":"https:\/\/cardinal-tapes.com\/pl\/ta\u015bmy-samoprzylepne\/obszary-zastosowan\/sektor-transportowy\/tesa-6012-dozownik-stolowy\/","title":{"rendered":"Dozownik sto\u0142owy tesa\u00ae 6012"},"content":{"rendered":"<section id=\"toc-\" class=\"paragraph-2022 marg-t--component container paragraph-2022--alignment-top paragraph-2022--headline-level-h\">\n<div class=\"grid-row\">\n<div class=\"col-12 col-md-centered-10\">\n<div class=\"paragraph-2022__image-text\">\n<div class=\"paragraph-2022__copy richtext copy\">\n<p>Dyspenser sto\u0142owy <span class=\"lowercase\">tesa\u00ae<\/span>6012 to uniwersalny dyspenser sto\u0142owy do przetwarzania ta\u015bm samoprzylepnych <span class=\"lowercase\">tesapack\u00ae<\/span>i <span class=\"lowercase\">tesafilm\u00ae<\/span>.<\/p>\n<p>Dozownik <span class=\"lowercase\">tesa\u00ae<\/span>Table Dispenser 6012 charakteryzuje si\u0119 nast\u0119puj\u0105cymi cechami:<\/p>\n<ul>\n<li>Wytrzyma\u0142y metalowy dozownik<\/li>\n<li>Wyj\u0105tkowo szeroka kraw\u0119d\u017a dozuj\u0105ca zapobiega sklejaniu si\u0119 ko\u0144c\u00f3wek ta\u015bmy podczas korzystania z 2 rolek.<\/li>\n<li>Os\u0142ona no\u017ca niezawodnie chroni przed obra\u017ceniami, gdy nie jest u\u017cywany<\/li>\n<li>Elastyczne mocowanie za pomoc\u0105 zacisku \u015brubowego, np. na kraw\u0119dzi sto\u0142u, lub poprzez przykr\u0119cenie.<\/li>\n<li>Do wyboru 1 rolka (66 m:50 mm) lub 2 rolki (66 m:25 mm)<\/li>\n<li>Niewielkie zapotrzebowanie na miejsce<\/li>\n<\/ul>\n<\/div>\n<\/div>\n<\/div>\n<\/div>\n<\/section>\n<section id=\"toc-\" class=\"paragraph-2022 marg-t--component container paragraph-2022--alignment-top paragraph-2022--headline-level-h\">\n<div class=\"grid-row\">\n<div class=\"col-12 col-md-centered-10\">\n<header class=\"paragraph-2022__headline\">\n<h2 class=\"headline headline--\">G\u0142\u00f3wne zastosowanie<\/h2>\n<\/header>\n<div class=\"paragraph-2022__image-text\">\n<div class=\"paragraph-2022__copy richtext copy\">\n<p>Dzi\u0119ki praktycznemu mocowaniu za pomoc\u0105 zacisku \u015brubowego lub przykr\u0119cania, dozownik sto\u0142owy <span class=\"lowercase\">tesa\u00ae<\/span>6012 mo\u017ce by\u0107 u\u017cywany w bardzo r\u00f3\u017cnorodny spos\u00f3b i wymaga niewiele miejsca.<\/p>\n<p>Dozownik sto\u0142owy jest odpowiedni dla:<\/p>\n<ul>\n<li>Maks. \u015arednica rolki do 145 mm<\/li>\n<li>Maks. Szeroko\u015b\u0107 rolki 25 mm lub 50 mm<\/li>\n<\/ul>\n<\/div>\n<\/div>\n<\/div>\n<\/div>\n<\/section>\n","protected":false},"excerpt":{"rendered":"<p>Dyspenser sto\u0142owy tesa\u00ae6012 to uniwersalny dyspenser sto\u0142owy do przetwarzania ta\u015bm samoprzylepnych tesapack\u00aei tesafilm\u00ae. Dozownik tesa\u00aeTable Dispenser 6012 charakteryzuje si\u0119 nast\u0119puj\u0105cymi cechami: Wytrzyma\u0142y metalowy dozownik Wyj\u0105tkowo szeroka kraw\u0119d\u017a dozuj\u0105ca zapobiega sklejaniu si\u0119 ko\u0144c\u00f3wek ta\u015bmy podczas korzystania z 2 rolek. Os\u0142ona no\u017ca niezawodnie chroni przed obra\u017ceniami, gdy nie jest u\u017cywany Elastyczne mocowanie za pomoc\u0105 zacisku \u015brubowego, np. [&hellip;]<\/p>\n","protected":false},"featured_media":29090,"template":"","meta":{"_acf_changed":false},"pwb-brand":[2164],"product_brand":[],"product_cat":[1792,1867],"product_tag":[],"class_list":{"0":"post-38671","1":"product","2":"type-product","3":"status-publish","4":"has-post-thumbnail","6":"pwb-brand-tesa-pl","7":"product_cat-sektor-transportowy","8":"product_cat-systemy-pakowania","10":"first","11":"instock","12":"taxable","13":"shipping-taxable","14":"purchasable","15":"product-type-simple"},"acf":[],"yoast_head":"<!-- This site is optimized with the Yoast SEO plugin v27.3 - https:\/\/yoast.com\/product\/yoast-seo-wordpress\/ -->\n<title>Dyspenser sto\u0142owy tesa\u00ae 6012 | Cardinal TAPES<\/title>\n<meta name=\"description\" content=\"Dyspenser sto\u0142owy tesa\u00ae 6012 to uniwersalny dyspenser sto\u0142owy do przetwarzania ta\u015bm samoprzylepnych tesapack\u00ae i tesafilm\u00ae.\" \/>\n<meta name=\"robots\" content=\"index, follow, max-snippet:-1, max-image-preview:large, max-video-preview:-1\" \/>\n<link rel=\"canonical\" href=\"https:\/\/cardinal-tapes.com\/pl\/ta\u015bmy-samoprzylepne\/obszary-zastosowan\/sektor-transportowy\/tesa-6012-dozownik-stolowy\/\" \/>\n<meta property=\"og:locale\" content=\"pl_PL\" \/>\n<meta property=\"og:type\" content=\"article\" \/>\n<meta property=\"og:title\" content=\"Dyspenser sto\u0142owy tesa\u00ae 6012 | Cardinal TAPES\" \/>\n<meta property=\"og:description\" content=\"Dyspenser sto\u0142owy tesa\u00ae 6012 to uniwersalny dyspenser sto\u0142owy do przetwarzania ta\u015bm samoprzylepnych tesapack\u00ae i tesafilm\u00ae.\" \/>\n<meta property=\"og:url\" content=\"https:\/\/cardinal-tapes.com\/pl\/ta\u015bmy-samoprzylepne\/obszary-zastosowan\/sektor-transportowy\/tesa-6012-dozownik-stolowy\/\" \/>\n<meta property=\"og:site_name\" content=\"cardinal TAPES\" \/>\n<meta property=\"article:modified_time\" content=\"2025-07-01T13:50:08+00:00\" \/>\n<meta property=\"og:image\" content=\"https:\/\/cardinal-tapes.com\/wp-content\/uploads\/tesa-06012-dispenser-open-pr-0029376397_canvas1x1_6.webp\" \/>\n\t<meta property=\"og:image:width\" content=\"608\" \/>\n\t<meta property=\"og:image:height\" content=\"608\" \/>\n\t<meta property=\"og:image:type\" content=\"image\/webp\" \/>\n<meta name=\"twitter:card\" content=\"summary_large_image\" \/>\n<meta name=\"twitter:label1\" content=\"Szacowany czas czytania\" \/>\n\t<meta name=\"twitter:data1\" content=\"1 minuta\" \/>\n<script type=\"application\/ld+json\" class=\"yoast-schema-graph\">{\"@context\":\"https:\\\/\\\/schema.org\",\"@graph\":[{\"@type\":\"WebPage\",\"@id\":\"https:\\\/\\\/cardinal-tapes.com\\\/pl\\\/ta\u015bmy-samoprzylepne\\\/obszary-zastosowan\\\/sektor-transportowy\\\/tesa-6012-dozownik-stolowy\\\/\",\"url\":\"https:\\\/\\\/cardinal-tapes.com\\\/pl\\\/ta\u015bmy-samoprzylepne\\\/obszary-zastosowan\\\/sektor-transportowy\\\/tesa-6012-dozownik-stolowy\\\/\",\"name\":\"Dyspenser sto\u0142owy tesa\u00ae 6012 | Cardinal TAPES\",\"isPartOf\":{\"@id\":\"https:\\\/\\\/cardinal-tapes.com\\\/#website\"},\"primaryImageOfPage\":{\"@id\":\"https:\\\/\\\/cardinal-tapes.com\\\/pl\\\/ta\u015bmy-samoprzylepne\\\/obszary-zastosowan\\\/sektor-transportowy\\\/tesa-6012-dozownik-stolowy\\\/#primaryimage\"},\"image\":{\"@id\":\"https:\\\/\\\/cardinal-tapes.com\\\/pl\\\/ta\u015bmy-samoprzylepne\\\/obszary-zastosowan\\\/sektor-transportowy\\\/tesa-6012-dozownik-stolowy\\\/#primaryimage\"},\"thumbnailUrl\":\"https:\\\/\\\/cardinal-tapes.com\\\/wp-content\\\/uploads\\\/tesa-06012-dispenser-open-pr-0029376397_canvas1x1_6.webp\",\"datePublished\":\"2023-06-05T14:47:23+00:00\",\"dateModified\":\"2025-07-01T13:50:08+00:00\",\"description\":\"Dyspenser sto\u0142owy tesa\u00ae 6012 to uniwersalny dyspenser sto\u0142owy do przetwarzania ta\u015bm samoprzylepnych tesapack\u00ae i tesafilm\u00ae.\",\"breadcrumb\":{\"@id\":\"https:\\\/\\\/cardinal-tapes.com\\\/pl\\\/ta\u015bmy-samoprzylepne\\\/obszary-zastosowan\\\/sektor-transportowy\\\/tesa-6012-dozownik-stolowy\\\/#breadcrumb\"},\"inLanguage\":\"pl-PL\",\"potentialAction\":[{\"@type\":\"ReadAction\",\"target\":[\"https:\\\/\\\/cardinal-tapes.com\\\/pl\\\/ta\u015bmy-samoprzylepne\\\/obszary-zastosowan\\\/sektor-transportowy\\\/tesa-6012-dozownik-stolowy\\\/\"]}]},{\"@type\":\"ImageObject\",\"inLanguage\":\"pl-PL\",\"@id\":\"https:\\\/\\\/cardinal-tapes.com\\\/pl\\\/ta\u015bmy-samoprzylepne\\\/obszary-zastosowan\\\/sektor-transportowy\\\/tesa-6012-dozownik-stolowy\\\/#primaryimage\",\"url\":\"https:\\\/\\\/cardinal-tapes.com\\\/wp-content\\\/uploads\\\/tesa-06012-dispenser-open-pr-0029376397_canvas1x1_6.webp\",\"contentUrl\":\"https:\\\/\\\/cardinal-tapes.com\\\/wp-content\\\/uploads\\\/tesa-06012-dispenser-open-pr-0029376397_canvas1x1_6.webp\",\"width\":608,\"height\":608},{\"@type\":\"BreadcrumbList\",\"@id\":\"https:\\\/\\\/cardinal-tapes.com\\\/pl\\\/ta\u015bmy-samoprzylepne\\\/obszary-zastosowan\\\/sektor-transportowy\\\/tesa-6012-dozownik-stolowy\\\/#breadcrumb\",\"itemListElement\":[{\"@type\":\"ListItem\",\"position\":1,\"name\":\"Startseite\",\"item\":\"https:\\\/\\\/cardinal-tapes.com\\\/pl\\\/strona-glowna\\\/\"},{\"@type\":\"ListItem\",\"position\":2,\"name\":\"Ta\u015bmy samoprzylepne\",\"item\":\"https:\\\/\\\/cardinal-tapes.com\\\/pl\\\/tasmy-samoprzylepne-pl\\\/\"},{\"@type\":\"ListItem\",\"position\":3,\"name\":\"Obszary zastosowa\u0144\",\"item\":\"https:\\\/\\\/cardinal-tapes.com\\\/pl\\\/kategoria\\\/obszary-zastosowan\\\/\"},{\"@type\":\"ListItem\",\"position\":4,\"name\":\"Sektor transportowy\",\"item\":\"https:\\\/\\\/cardinal-tapes.com\\\/pl\\\/kategoria\\\/sektor-transportowy\\\/\"},{\"@type\":\"ListItem\",\"position\":5,\"name\":\"Dozownik sto\u0142owy tesa\u00ae 6012\"}]},{\"@type\":\"WebSite\",\"@id\":\"https:\\\/\\\/cardinal-tapes.com\\\/#website\",\"url\":\"https:\\\/\\\/cardinal-tapes.com\\\/\",\"name\":\"cardinal TAPES\",\"description\":\"Klebetechnik aus Wuppertal\",\"potentialAction\":[{\"@type\":\"SearchAction\",\"target\":{\"@type\":\"EntryPoint\",\"urlTemplate\":\"https:\\\/\\\/cardinal-tapes.com\\\/?s={search_term_string}\"},\"query-input\":{\"@type\":\"PropertyValueSpecification\",\"valueRequired\":true,\"valueName\":\"search_term_string\"}}],\"inLanguage\":\"pl-PL\"}]}<\/script>\n<!-- \/ Yoast SEO plugin. -->","yoast_head_json":{"title":"Dyspenser sto\u0142owy tesa\u00ae 6012 | Cardinal TAPES","description":"Dyspenser sto\u0142owy tesa\u00ae 6012 to uniwersalny dyspenser sto\u0142owy do przetwarzania ta\u015bm samoprzylepnych tesapack\u00ae i tesafilm\u00ae.","robots":{"index":"index","follow":"follow","max-snippet":"max-snippet:-1","max-image-preview":"max-image-preview:large","max-video-preview":"max-video-preview:-1"},"canonical":"https:\/\/cardinal-tapes.com\/pl\/ta\u015bmy-samoprzylepne\/obszary-zastosowan\/sektor-transportowy\/tesa-6012-dozownik-stolowy\/","og_locale":"pl_PL","og_type":"article","og_title":"Dyspenser sto\u0142owy tesa\u00ae 6012 | Cardinal TAPES","og_description":"Dyspenser sto\u0142owy tesa\u00ae 6012 to uniwersalny dyspenser sto\u0142owy do przetwarzania ta\u015bm samoprzylepnych tesapack\u00ae i tesafilm\u00ae.","og_url":"https:\/\/cardinal-tapes.com\/pl\/ta\u015bmy-samoprzylepne\/obszary-zastosowan\/sektor-transportowy\/tesa-6012-dozownik-stolowy\/","og_site_name":"cardinal TAPES","article_modified_time":"2025-07-01T13:50:08+00:00","og_image":[{"width":608,"height":608,"url":"https:\/\/cardinal-tapes.com\/wp-content\/uploads\/tesa-06012-dispenser-open-pr-0029376397_canvas1x1_6.webp","type":"image\/webp"}],"twitter_card":"summary_large_image","twitter_misc":{"Szacowany czas czytania":"1 minuta"},"schema":{"@context":"https:\/\/schema.org","@graph":[{"@type":"WebPage","@id":"https:\/\/cardinal-tapes.com\/pl\/ta\u015bmy-samoprzylepne\/obszary-zastosowan\/sektor-transportowy\/tesa-6012-dozownik-stolowy\/","url":"https:\/\/cardinal-tapes.com\/pl\/ta\u015bmy-samoprzylepne\/obszary-zastosowan\/sektor-transportowy\/tesa-6012-dozownik-stolowy\/","name":"Dyspenser sto\u0142owy tesa\u00ae 6012 | Cardinal TAPES","isPartOf":{"@id":"https:\/\/cardinal-tapes.com\/#website"},"primaryImageOfPage":{"@id":"https:\/\/cardinal-tapes.com\/pl\/ta\u015bmy-samoprzylepne\/obszary-zastosowan\/sektor-transportowy\/tesa-6012-dozownik-stolowy\/#primaryimage"},"image":{"@id":"https:\/\/cardinal-tapes.com\/pl\/ta\u015bmy-samoprzylepne\/obszary-zastosowan\/sektor-transportowy\/tesa-6012-dozownik-stolowy\/#primaryimage"},"thumbnailUrl":"https:\/\/cardinal-tapes.com\/wp-content\/uploads\/tesa-06012-dispenser-open-pr-0029376397_canvas1x1_6.webp","datePublished":"2023-06-05T14:47:23+00:00","dateModified":"2025-07-01T13:50:08+00:00","description":"Dyspenser sto\u0142owy tesa\u00ae 6012 to uniwersalny dyspenser sto\u0142owy do przetwarzania ta\u015bm samoprzylepnych tesapack\u00ae i tesafilm\u00ae.","breadcrumb":{"@id":"https:\/\/cardinal-tapes.com\/pl\/ta\u015bmy-samoprzylepne\/obszary-zastosowan\/sektor-transportowy\/tesa-6012-dozownik-stolowy\/#breadcrumb"},"inLanguage":"pl-PL","potentialAction":[{"@type":"ReadAction","target":["https:\/\/cardinal-tapes.com\/pl\/ta\u015bmy-samoprzylepne\/obszary-zastosowan\/sektor-transportowy\/tesa-6012-dozownik-stolowy\/"]}]},{"@type":"ImageObject","inLanguage":"pl-PL","@id":"https:\/\/cardinal-tapes.com\/pl\/ta\u015bmy-samoprzylepne\/obszary-zastosowan\/sektor-transportowy\/tesa-6012-dozownik-stolowy\/#primaryimage","url":"https:\/\/cardinal-tapes.com\/wp-content\/uploads\/tesa-06012-dispenser-open-pr-0029376397_canvas1x1_6.webp","contentUrl":"https:\/\/cardinal-tapes.com\/wp-content\/uploads\/tesa-06012-dispenser-open-pr-0029376397_canvas1x1_6.webp","width":608,"height":608},{"@type":"BreadcrumbList","@id":"https:\/\/cardinal-tapes.com\/pl\/ta\u015bmy-samoprzylepne\/obszary-zastosowan\/sektor-transportowy\/tesa-6012-dozownik-stolowy\/#breadcrumb","itemListElement":[{"@type":"ListItem","position":1,"name":"Startseite","item":"https:\/\/cardinal-tapes.com\/pl\/strona-glowna\/"},{"@type":"ListItem","position":2,"name":"Ta\u015bmy samoprzylepne","item":"https:\/\/cardinal-tapes.com\/pl\/tasmy-samoprzylepne-pl\/"},{"@type":"ListItem","position":3,"name":"Obszary zastosowa\u0144","item":"https:\/\/cardinal-tapes.com\/pl\/kategoria\/obszary-zastosowan\/"},{"@type":"ListItem","position":4,"name":"Sektor transportowy","item":"https:\/\/cardinal-tapes.com\/pl\/kategoria\/sektor-transportowy\/"},{"@type":"ListItem","position":5,"name":"Dozownik sto\u0142owy tesa\u00ae 6012"}]},{"@type":"WebSite","@id":"https:\/\/cardinal-tapes.com\/#website","url":"https:\/\/cardinal-tapes.com\/","name":"cardinal TAPES","description":"Klebetechnik aus Wuppertal","potentialAction":[{"@type":"SearchAction","target":{"@type":"EntryPoint","urlTemplate":"https:\/\/cardinal-tapes.com\/?s={search_term_string}"},"query-input":{"@type":"PropertyValueSpecification","valueRequired":true,"valueName":"search_term_string"}}],"inLanguage":"pl-PL"}]}},"brands":[{"id":2164,"name":"tesa","slug":"tesa-pl"}],"_links":{"self":[{"href":"https:\/\/cardinal-tapes.com\/pl\/wp-json\/wp\/v2\/product\/38671","targetHints":{"allow":["GET"]}}],"collection":[{"href":"https:\/\/cardinal-tapes.com\/pl\/wp-json\/wp\/v2\/product"}],"about":[{"href":"https:\/\/cardinal-tapes.com\/pl\/wp-json\/wp\/v2\/types\/product"}],"wp:featuredmedia":[{"embeddable":true,"href":"https:\/\/cardinal-tapes.com\/pl\/wp-json\/wp\/v2\/media\/29090"}],"wp:attachment":[{"href":"https:\/\/cardinal-tapes.com\/pl\/wp-json\/wp\/v2\/media?parent=38671"}],"wp:term":[{"taxonomy":"pwb-brand","embeddable":true,"href":"https:\/\/cardinal-tapes.com\/pl\/wp-json\/wp\/v2\/pwb-brand?post=38671"},{"taxonomy":"product_brand","embeddable":true,"href":"https:\/\/cardinal-tapes.com\/pl\/wp-json\/wp\/v2\/product_brand?post=38671"},{"taxonomy":"product_cat","embeddable":true,"href":"https:\/\/cardinal-tapes.com\/pl\/wp-json\/wp\/v2\/product_cat?post=38671"},{"taxonomy":"product_tag","embeddable":true,"href":"https:\/\/cardinal-tapes.com\/pl\/wp-json\/wp\/v2\/product_tag?post=38671"}],"curies":[{"name":"wp","href":"https:\/\/api.w.org\/{rel}","templated":true}]}}