{"id":38502,"date":"2022-11-21T09:19:12","date_gmt":"2022-11-21T08:19:12","guid":{"rendered":"https:\/\/cardinal.pixel-tal.de\/klebebaender\/bez-kategorii\/tasma-ochronna-scapa-uvx10-odporna-na-promieniowanie-uv\/"},"modified":"2025-07-01T16:03:06","modified_gmt":"2025-07-01T14:03:06","slug":"scapa-uvx10-uv-odporna-tasma-ochronna","status":"publish","type":"product","link":"https:\/\/cardinal-tapes.com\/pl\/ta\u015bmy-samoprzylepne\/jednostronne-tasmy-samoprzylepne\/scapa-uvx10-uv-odporna-tasma-ochronna\/","title":{"rendered":"Ta\u015bma ochronna Scapa UVX10 odporna na promieniowanie UV"},"content":{"rendered":"<p>Scapa UVX10 to czerwona lub bia\u0142a ta\u015bma z folii polietylenowej o grubo\u015bci 0,135 MM pokryta usuwalnym klejem akrylowym o wysokiej przyczepno\u015bci.<br \/>\nProdukt charakteryzuje si\u0119 doskona\u0142\u0105 przyczepno\u015bci\u0105 do r\u00f3\u017cnych pod\u0142o\u017cy i jest szczeg\u00f3lnie odpowiedni do powierzchni chropowatych i wyt\u0142aczanych.<br \/>\nUVX10 ma r\u00f3wnie\u017c doskona\u0142\u0105 odporno\u015b\u0107 na promieniowanie UV, dzi\u0119ki czemu nadaje si\u0119 do szeregu tymczasowych zastosowa\u0144 maskuj\u0105cych i ochronnych na zewn\u0105trz.<\/p>\n<p>&nbsp;<\/p>\n","protected":false},"excerpt":{"rendered":"<p>Scapa UVX10 to czerwona lub bia\u0142a ta\u015bma z folii polietylenowej o grubo\u015bci 0,135 MM pokryta usuwalnym klejem akrylowym o wysokiej przyczepno\u015bci. Produkt charakteryzuje si\u0119 doskona\u0142\u0105 przyczepno\u015bci\u0105 do r\u00f3\u017cnych pod\u0142o\u017cy i jest szczeg\u00f3lnie odpowiedni do powierzchni chropowatych i wyt\u0142aczanych. UVX10 ma r\u00f3wnie\u017c doskona\u0142\u0105 odporno\u015b\u0107 na promieniowanie UV, dzi\u0119ki czemu nadaje si\u0119 do szeregu tymczasowych zastosowa\u0144 maskuj\u0105cych [&hellip;]<\/p>\n","protected":false},"featured_media":29098,"template":"","meta":{"_acf_changed":false},"pwb-brand":[3095],"product_brand":[],"product_cat":[1816],"product_tag":[],"class_list":{"0":"post-38502","1":"product","2":"type-product","3":"status-publish","4":"has-post-thumbnail","6":"pwb-brand-scapa-pl","7":"product_cat-jednostronne-tasmy-samoprzylepne","9":"first","10":"instock","11":"featured","12":"taxable","13":"shipping-taxable","14":"purchasable","15":"product-type-variable"},"acf":[],"yoast_head":"<!-- This site is optimized with the Yoast SEO plugin v27.3 - https:\/\/yoast.com\/product\/yoast-seo-wordpress\/ -->\n<title>Ta\u015bma ochronna Scapa UVX10 | Cardinal TAPES<\/title>\n<meta name=\"description\" content=\"Scapa UVX10 to ta\u015bma z folii polietylenowej o grubo\u015bci 0,135 MM pokryta wysoce przylepnym, usuwalnym klejem akrylowym.\" \/>\n<meta name=\"robots\" content=\"index, follow, max-snippet:-1, max-image-preview:large, max-video-preview:-1\" \/>\n<link rel=\"canonical\" href=\"https:\/\/cardinal-tapes.com\/pl\/ta\u015bmy-samoprzylepne\/jednostronne-tasmy-samoprzylepne\/scapa-uvx10-uv-odporna-tasma-ochronna\/\" \/>\n<meta property=\"og:locale\" content=\"pl_PL\" \/>\n<meta property=\"og:type\" content=\"article\" \/>\n<meta property=\"og:title\" content=\"Ta\u015bma ochronna Scapa UVX10 | Cardinal TAPES\" \/>\n<meta property=\"og:description\" content=\"Scapa UVX10 to ta\u015bma z folii polietylenowej o grubo\u015bci 0,135 MM pokryta wysoce przylepnym, usuwalnym klejem akrylowym.\" \/>\n<meta property=\"og:url\" content=\"https:\/\/cardinal-tapes.com\/pl\/ta\u015bmy-samoprzylepne\/jednostronne-tasmy-samoprzylepne\/scapa-uvx10-uv-odporna-tasma-ochronna\/\" \/>\n<meta property=\"og:site_name\" content=\"cardinal TAPES\" \/>\n<meta property=\"article:modified_time\" content=\"2025-07-01T14:03:06+00:00\" \/>\n<meta property=\"og:image\" content=\"https:\/\/cardinal-tapes.com\/wp-content\/uploads\/T3601.jpg\" \/>\n\t<meta property=\"og:image:width\" content=\"2047\" \/>\n\t<meta property=\"og:image:height\" content=\"2047\" \/>\n\t<meta property=\"og:image:type\" content=\"image\/jpeg\" \/>\n<meta name=\"twitter:card\" content=\"summary_large_image\" \/>\n<script type=\"application\/ld+json\" class=\"yoast-schema-graph\">{\"@context\":\"https:\\\/\\\/schema.org\",\"@graph\":[{\"@type\":\"WebPage\",\"@id\":\"https:\\\/\\\/cardinal-tapes.com\\\/pl\\\/ta\u015bmy-samoprzylepne\\\/jednostronne-tasmy-samoprzylepne\\\/scapa-uvx10-uv-odporna-tasma-ochronna\\\/\",\"url\":\"https:\\\/\\\/cardinal-tapes.com\\\/pl\\\/ta\u015bmy-samoprzylepne\\\/jednostronne-tasmy-samoprzylepne\\\/scapa-uvx10-uv-odporna-tasma-ochronna\\\/\",\"name\":\"Ta\u015bma ochronna Scapa UVX10 | Cardinal TAPES\",\"isPartOf\":{\"@id\":\"https:\\\/\\\/cardinal-tapes.com\\\/#website\"},\"primaryImageOfPage\":{\"@id\":\"https:\\\/\\\/cardinal-tapes.com\\\/pl\\\/ta\u015bmy-samoprzylepne\\\/jednostronne-tasmy-samoprzylepne\\\/scapa-uvx10-uv-odporna-tasma-ochronna\\\/#primaryimage\"},\"image\":{\"@id\":\"https:\\\/\\\/cardinal-tapes.com\\\/pl\\\/ta\u015bmy-samoprzylepne\\\/jednostronne-tasmy-samoprzylepne\\\/scapa-uvx10-uv-odporna-tasma-ochronna\\\/#primaryimage\"},\"thumbnailUrl\":\"https:\\\/\\\/cardinal-tapes.com\\\/wp-content\\\/uploads\\\/UVX10-2.png\",\"datePublished\":\"2022-11-21T08:19:12+00:00\",\"dateModified\":\"2025-07-01T14:03:06+00:00\",\"description\":\"Scapa UVX10 to ta\u015bma z folii polietylenowej o grubo\u015bci 0,135 MM pokryta wysoce przylepnym, usuwalnym klejem akrylowym.\",\"breadcrumb\":{\"@id\":\"https:\\\/\\\/cardinal-tapes.com\\\/pl\\\/ta\u015bmy-samoprzylepne\\\/jednostronne-tasmy-samoprzylepne\\\/scapa-uvx10-uv-odporna-tasma-ochronna\\\/#breadcrumb\"},\"inLanguage\":\"pl-PL\",\"potentialAction\":[{\"@type\":\"ReadAction\",\"target\":[\"https:\\\/\\\/cardinal-tapes.com\\\/pl\\\/ta\u015bmy-samoprzylepne\\\/jednostronne-tasmy-samoprzylepne\\\/scapa-uvx10-uv-odporna-tasma-ochronna\\\/\"]}]},{\"@type\":\"ImageObject\",\"inLanguage\":\"pl-PL\",\"@id\":\"https:\\\/\\\/cardinal-tapes.com\\\/pl\\\/ta\u015bmy-samoprzylepne\\\/jednostronne-tasmy-samoprzylepne\\\/scapa-uvx10-uv-odporna-tasma-ochronna\\\/#primaryimage\",\"url\":\"https:\\\/\\\/cardinal-tapes.com\\\/wp-content\\\/uploads\\\/UVX10-2.png\",\"contentUrl\":\"https:\\\/\\\/cardinal-tapes.com\\\/wp-content\\\/uploads\\\/UVX10-2.png\",\"width\":800,\"height\":714},{\"@type\":\"BreadcrumbList\",\"@id\":\"https:\\\/\\\/cardinal-tapes.com\\\/pl\\\/ta\u015bmy-samoprzylepne\\\/jednostronne-tasmy-samoprzylepne\\\/scapa-uvx10-uv-odporna-tasma-ochronna\\\/#breadcrumb\",\"itemListElement\":[{\"@type\":\"ListItem\",\"position\":1,\"name\":\"Startseite\",\"item\":\"https:\\\/\\\/cardinal-tapes.com\\\/pl\\\/strona-glowna\\\/\"},{\"@type\":\"ListItem\",\"position\":2,\"name\":\"Ta\u015bmy samoprzylepne\",\"item\":\"https:\\\/\\\/cardinal-tapes.com\\\/pl\\\/tasmy-samoprzylepne-pl\\\/\"},{\"@type\":\"ListItem\",\"position\":3,\"name\":\"Jednostronne ta\u015bmy samoprzylepne\",\"item\":\"https:\\\/\\\/cardinal-tapes.com\\\/pl\\\/kategoria\\\/jednostronne-tasmy-samoprzylepne\\\/\"},{\"@type\":\"ListItem\",\"position\":4,\"name\":\"Ta\u015bma ochronna Scapa UVX10 odporna na promieniowanie UV\"}]},{\"@type\":\"WebSite\",\"@id\":\"https:\\\/\\\/cardinal-tapes.com\\\/#website\",\"url\":\"https:\\\/\\\/cardinal-tapes.com\\\/\",\"name\":\"cardinal TAPES\",\"description\":\"Klebetechnik aus Wuppertal\",\"potentialAction\":[{\"@type\":\"SearchAction\",\"target\":{\"@type\":\"EntryPoint\",\"urlTemplate\":\"https:\\\/\\\/cardinal-tapes.com\\\/?s={search_term_string}\"},\"query-input\":{\"@type\":\"PropertyValueSpecification\",\"valueRequired\":true,\"valueName\":\"search_term_string\"}}],\"inLanguage\":\"pl-PL\"}]}<\/script>\n<!-- \/ Yoast SEO plugin. -->","yoast_head_json":{"title":"Ta\u015bma ochronna Scapa UVX10 | Cardinal TAPES","description":"Scapa UVX10 to ta\u015bma z folii polietylenowej o grubo\u015bci 0,135 MM pokryta wysoce przylepnym, usuwalnym klejem akrylowym.","robots":{"index":"index","follow":"follow","max-snippet":"max-snippet:-1","max-image-preview":"max-image-preview:large","max-video-preview":"max-video-preview:-1"},"canonical":"https:\/\/cardinal-tapes.com\/pl\/ta\u015bmy-samoprzylepne\/jednostronne-tasmy-samoprzylepne\/scapa-uvx10-uv-odporna-tasma-ochronna\/","og_locale":"pl_PL","og_type":"article","og_title":"Ta\u015bma ochronna Scapa UVX10 | Cardinal TAPES","og_description":"Scapa UVX10 to ta\u015bma z folii polietylenowej o grubo\u015bci 0,135 MM pokryta wysoce przylepnym, usuwalnym klejem akrylowym.","og_url":"https:\/\/cardinal-tapes.com\/pl\/ta\u015bmy-samoprzylepne\/jednostronne-tasmy-samoprzylepne\/scapa-uvx10-uv-odporna-tasma-ochronna\/","og_site_name":"cardinal TAPES","article_modified_time":"2025-07-01T14:03:06+00:00","og_image":[{"width":2047,"height":2047,"url":"https:\/\/cardinal-tapes.com\/wp-content\/uploads\/T3601.jpg","type":"image\/jpeg"}],"twitter_card":"summary_large_image","schema":{"@context":"https:\/\/schema.org","@graph":[{"@type":"WebPage","@id":"https:\/\/cardinal-tapes.com\/pl\/ta\u015bmy-samoprzylepne\/jednostronne-tasmy-samoprzylepne\/scapa-uvx10-uv-odporna-tasma-ochronna\/","url":"https:\/\/cardinal-tapes.com\/pl\/ta\u015bmy-samoprzylepne\/jednostronne-tasmy-samoprzylepne\/scapa-uvx10-uv-odporna-tasma-ochronna\/","name":"Ta\u015bma ochronna Scapa UVX10 | Cardinal TAPES","isPartOf":{"@id":"https:\/\/cardinal-tapes.com\/#website"},"primaryImageOfPage":{"@id":"https:\/\/cardinal-tapes.com\/pl\/ta\u015bmy-samoprzylepne\/jednostronne-tasmy-samoprzylepne\/scapa-uvx10-uv-odporna-tasma-ochronna\/#primaryimage"},"image":{"@id":"https:\/\/cardinal-tapes.com\/pl\/ta\u015bmy-samoprzylepne\/jednostronne-tasmy-samoprzylepne\/scapa-uvx10-uv-odporna-tasma-ochronna\/#primaryimage"},"thumbnailUrl":"https:\/\/cardinal-tapes.com\/wp-content\/uploads\/UVX10-2.png","datePublished":"2022-11-21T08:19:12+00:00","dateModified":"2025-07-01T14:03:06+00:00","description":"Scapa UVX10 to ta\u015bma z folii polietylenowej o grubo\u015bci 0,135 MM pokryta wysoce przylepnym, usuwalnym klejem akrylowym.","breadcrumb":{"@id":"https:\/\/cardinal-tapes.com\/pl\/ta\u015bmy-samoprzylepne\/jednostronne-tasmy-samoprzylepne\/scapa-uvx10-uv-odporna-tasma-ochronna\/#breadcrumb"},"inLanguage":"pl-PL","potentialAction":[{"@type":"ReadAction","target":["https:\/\/cardinal-tapes.com\/pl\/ta\u015bmy-samoprzylepne\/jednostronne-tasmy-samoprzylepne\/scapa-uvx10-uv-odporna-tasma-ochronna\/"]}]},{"@type":"ImageObject","inLanguage":"pl-PL","@id":"https:\/\/cardinal-tapes.com\/pl\/ta\u015bmy-samoprzylepne\/jednostronne-tasmy-samoprzylepne\/scapa-uvx10-uv-odporna-tasma-ochronna\/#primaryimage","url":"https:\/\/cardinal-tapes.com\/wp-content\/uploads\/UVX10-2.png","contentUrl":"https:\/\/cardinal-tapes.com\/wp-content\/uploads\/UVX10-2.png","width":800,"height":714},{"@type":"BreadcrumbList","@id":"https:\/\/cardinal-tapes.com\/pl\/ta\u015bmy-samoprzylepne\/jednostronne-tasmy-samoprzylepne\/scapa-uvx10-uv-odporna-tasma-ochronna\/#breadcrumb","itemListElement":[{"@type":"ListItem","position":1,"name":"Startseite","item":"https:\/\/cardinal-tapes.com\/pl\/strona-glowna\/"},{"@type":"ListItem","position":2,"name":"Ta\u015bmy samoprzylepne","item":"https:\/\/cardinal-tapes.com\/pl\/tasmy-samoprzylepne-pl\/"},{"@type":"ListItem","position":3,"name":"Jednostronne ta\u015bmy samoprzylepne","item":"https:\/\/cardinal-tapes.com\/pl\/kategoria\/jednostronne-tasmy-samoprzylepne\/"},{"@type":"ListItem","position":4,"name":"Ta\u015bma ochronna Scapa UVX10 odporna na promieniowanie UV"}]},{"@type":"WebSite","@id":"https:\/\/cardinal-tapes.com\/#website","url":"https:\/\/cardinal-tapes.com\/","name":"cardinal TAPES","description":"Klebetechnik aus Wuppertal","potentialAction":[{"@type":"SearchAction","target":{"@type":"EntryPoint","urlTemplate":"https:\/\/cardinal-tapes.com\/?s={search_term_string}"},"query-input":{"@type":"PropertyValueSpecification","valueRequired":true,"valueName":"search_term_string"}}],"inLanguage":"pl-PL"}]}},"brands":[{"id":3095,"name":"Scapa","slug":"scapa-pl"}],"_links":{"self":[{"href":"https:\/\/cardinal-tapes.com\/pl\/wp-json\/wp\/v2\/product\/38502","targetHints":{"allow":["GET"]}}],"collection":[{"href":"https:\/\/cardinal-tapes.com\/pl\/wp-json\/wp\/v2\/product"}],"about":[{"href":"https:\/\/cardinal-tapes.com\/pl\/wp-json\/wp\/v2\/types\/product"}],"wp:featuredmedia":[{"embeddable":true,"href":"https:\/\/cardinal-tapes.com\/pl\/wp-json\/wp\/v2\/media\/29098"}],"wp:attachment":[{"href":"https:\/\/cardinal-tapes.com\/pl\/wp-json\/wp\/v2\/media?parent=38502"}],"wp:term":[{"taxonomy":"pwb-brand","embeddable":true,"href":"https:\/\/cardinal-tapes.com\/pl\/wp-json\/wp\/v2\/pwb-brand?post=38502"},{"taxonomy":"product_brand","embeddable":true,"href":"https:\/\/cardinal-tapes.com\/pl\/wp-json\/wp\/v2\/product_brand?post=38502"},{"taxonomy":"product_cat","embeddable":true,"href":"https:\/\/cardinal-tapes.com\/pl\/wp-json\/wp\/v2\/product_cat?post=38502"},{"taxonomy":"product_tag","embeddable":true,"href":"https:\/\/cardinal-tapes.com\/pl\/wp-json\/wp\/v2\/product_tag?post=38502"}],"curies":[{"name":"wp","href":"https:\/\/api.w.org\/{rel}","templated":true}]}}