{"id":38462,"date":"2023-02-07T10:31:41","date_gmt":"2023-06-05T14:47:07","guid":{"rendered":"https:\/\/cardinal.pixel-tal.de\/klebebaender\/bez-kategorii\/tasma-samoprzylepna-orabond-1397-pp-pet\/"},"modified":"2023-06-05T16:47:07","modified_gmt":"2023-06-05T14:47:07","slug":"orabond-1397-pp-pet-tape","status":"publish","type":"product","link":"https:\/\/cardinal-tapes.com\/pl\/ta\u015bmy-samoprzylepne\/obszary-zastosowan\/produkcja-obrobka-aluminium\/orabond-1397-pp-pet-tape\/","title":{"rendered":"Ta\u015bma samoprzylepna ORABOND\u00ae 1397 PP PET"},"content":{"rendered":"<p>Dwustronna ta\u015bma samoprzylepna sk\u0142ada si\u0119 z przezroczystego no\u015bnika z folii poliestrowej, kt\u00f3ry jest obustronnie pokryty zmodyfikowanym klejem.<br \/>\nakrylowy klej samoprzylepny, kt\u00f3ry ma bardzo dobr\u0105 odporno\u015b\u0107 na promieniowanie UV, napr\u0119\u017cenia temperaturowe i chemikalia<br \/>\ni rozpuszczalniki, a tak\u017ce wilgo\u0107. Odporny na \u015bcinanie klej samoprzylepny ma r\u00f3wnie\u017c doskona\u0142\u0105 przyczepno\u015b\u0107.<br \/>\nTrwa\u0142a przyczepno\u015b\u0107 do metalu, lakieru i innych wysokoenergetycznych powierzchni z tworzyw sztucznych, a tak\u017ce dobra si\u0142a trwa\u0142ej przyczepno\u015bci<br \/>\nna powierzchniach o niskiej energii. Ze wzgl\u0119du na grubsz\u0105 warstw\u0119 kleju r\u00f3wnie\u017c do szorstkich lub strukturalnych powierzchni<br \/>\nodpowiedni.<\/p>\n<p><strong>Obszary zastosowania<\/strong><\/p>\n<p>Do przemys\u0142owego \/ komercyjnego klejenia lusterek zewn\u0119trznych samochod\u00f3w osobowych i ci\u0119\u017carowych w plastikowych obudowach z jednoczesnym<br \/>\nOchrona przed odpryskami. Samoprzylepne wyko\u0144czenie listew, wyko\u0144cze\u0144 i kana\u0142\u00f3w kablowych. Ci\u0119cie na d\u0142ugo\u015b\u0107 i \u0142\u0105czenie papieru,<br \/>\nFolie tekstylne, plastikowe i metalowe, gdzie wymagana jest bardzo wysoka wytrzyma\u0142o\u015b\u0107 na \u015bcinanie i przyczepno\u015b\u0107.<br \/>\nZastosowany klej samoprzylepny jest zgodny z Kodeksem Przepis\u00f3w Federalnych, \u017bywno\u015b\u0107 i Leki (FDA), 21 CFR Ch. I<br \/>\n(wydanie z dnia 1 kwietnia 2008 r.), \u00a7 175.105.<\/p>\n","protected":false},"excerpt":{"rendered":"<p>Dwustronna ta\u015bma samoprzylepna sk\u0142ada si\u0119 z przezroczystego no\u015bnika z folii poliestrowej, kt\u00f3ry jest obustronnie pokryty zmodyfikowanym klejem. akrylowy klej samoprzylepny, kt\u00f3ry ma bardzo dobr\u0105 odporno\u015b\u0107 na promieniowanie UV, napr\u0119\u017cenia temperaturowe i chemikalia i rozpuszczalniki, a tak\u017ce wilgo\u0107. Odporny na \u015bcinanie klej samoprzylepny ma r\u00f3wnie\u017c doskona\u0142\u0105 przyczepno\u015b\u0107. Trwa\u0142a przyczepno\u015b\u0107 do metalu, lakieru i innych wysokoenergetycznych powierzchni [&hellip;]<\/p>\n","protected":false},"featured_media":29190,"template":"","meta":{"_acf_changed":false},"pwb-brand":[2860],"product_brand":[],"product_cat":[1721,1790,1814,1685,1693,1714,1718],"product_tag":[],"class_list":{"0":"post-38462","1":"product","2":"type-product","3":"status-publish","4":"has-post-thumbnail","6":"pwb-brand-orafol-pl","7":"product_cat-inzynieria-mechaniczna","8":"product_cat-przemysl-tekstylny","9":"product_cat-tasmy-dwustronnie-klejace","10":"product_cat-produkcja-obrobka-aluminium","11":"product_cat-przemysl-elektryczny","12":"product_cat-produkcja-folii","13":"product_cat-przemysl-tworzyw-sztucznych","15":"first","16":"instock","17":"taxable","18":"shipping-taxable","19":"purchasable","20":"product-type-variable"},"acf":[],"yoast_head":"<!-- This site is optimized with the Yoast SEO plugin v27.3 - https:\/\/yoast.com\/product\/yoast-seo-wordpress\/ -->\n<title>Ta\u015bma klej\u0105ca ORABOND\u00ae 1397 PP PET | Cardinal TAPES<\/title>\n<meta name=\"description\" content=\"Dwustronna ta\u015bma samoprzylepna sk\u0142ada si\u0119 z folii poliestrowej pokrytej z obu stron zmodyfikowanym klejem akrylowym wra\u017cliwym na nacisk.\" \/>\n<meta name=\"robots\" content=\"index, follow, max-snippet:-1, max-image-preview:large, max-video-preview:-1\" \/>\n<link rel=\"canonical\" href=\"https:\/\/cardinal-tapes.com\/pl\/ta\u015bmy-samoprzylepne\/produkcja-obrobka-aluminium\/orabond-1397-pp-pet-tape\/\" \/>\n<meta property=\"og:locale\" content=\"pl_PL\" \/>\n<meta property=\"og:type\" content=\"article\" \/>\n<meta property=\"og:title\" content=\"Ta\u015bma klej\u0105ca ORABOND\u00ae 1397 PP PET | Cardinal TAPES\" \/>\n<meta property=\"og:description\" content=\"Dwustronna ta\u015bma samoprzylepna sk\u0142ada si\u0119 z folii poliestrowej pokrytej z obu stron zmodyfikowanym klejem akrylowym wra\u017cliwym na nacisk.\" \/>\n<meta property=\"og:url\" content=\"https:\/\/cardinal-tapes.com\/pl\/ta\u015bmy-samoprzylepne\/produkcja-obrobka-aluminium\/orabond-1397-pp-pet-tape\/\" \/>\n<meta property=\"og:site_name\" content=\"cardinal TAPES\" \/>\n<meta property=\"og:image\" content=\"https:\/\/cardinal-tapes.com\/wp-content\/uploads\/1397PPd-scaled.jpg\" \/>\n\t<meta property=\"og:image:width\" content=\"2560\" \/>\n\t<meta property=\"og:image:height\" content=\"1707\" \/>\n\t<meta property=\"og:image:type\" content=\"image\/jpeg\" \/>\n<meta name=\"twitter:card\" content=\"summary_large_image\" \/>\n<meta name=\"twitter:label1\" content=\"Szacowany czas czytania\" \/>\n\t<meta name=\"twitter:data1\" content=\"1 minuta\" \/>\n<script type=\"application\/ld+json\" class=\"yoast-schema-graph\">{\"@context\":\"https:\\\/\\\/schema.org\",\"@graph\":[{\"@type\":\"WebPage\",\"@id\":\"https:\\\/\\\/cardinal-tapes.com\\\/pl\\\/ta\u015bmy-samoprzylepne\\\/produkcja-obrobka-aluminium\\\/orabond-1397-pp-pet-tape\\\/\",\"url\":\"https:\\\/\\\/cardinal-tapes.com\\\/pl\\\/ta\u015bmy-samoprzylepne\\\/produkcja-obrobka-aluminium\\\/orabond-1397-pp-pet-tape\\\/\",\"name\":\"Ta\u015bma klej\u0105ca ORABOND\u00ae 1397 PP PET | Cardinal TAPES\",\"isPartOf\":{\"@id\":\"https:\\\/\\\/cardinal-tapes.com\\\/#website\"},\"primaryImageOfPage\":{\"@id\":\"https:\\\/\\\/cardinal-tapes.com\\\/pl\\\/ta\u015bmy-samoprzylepne\\\/produkcja-obrobka-aluminium\\\/orabond-1397-pp-pet-tape\\\/#primaryimage\"},\"image\":{\"@id\":\"https:\\\/\\\/cardinal-tapes.com\\\/pl\\\/ta\u015bmy-samoprzylepne\\\/produkcja-obrobka-aluminium\\\/orabond-1397-pp-pet-tape\\\/#primaryimage\"},\"thumbnailUrl\":\"https:\\\/\\\/cardinal-tapes.com\\\/wp-content\\\/uploads\\\/1397PPd-scaled.jpg\",\"datePublished\":\"2023-06-05T14:47:07+00:00\",\"description\":\"Dwustronna ta\u015bma samoprzylepna sk\u0142ada si\u0119 z folii poliestrowej pokrytej z obu stron zmodyfikowanym klejem akrylowym wra\u017cliwym na nacisk.\",\"breadcrumb\":{\"@id\":\"https:\\\/\\\/cardinal-tapes.com\\\/pl\\\/ta\u015bmy-samoprzylepne\\\/produkcja-obrobka-aluminium\\\/orabond-1397-pp-pet-tape\\\/#breadcrumb\"},\"inLanguage\":\"pl-PL\",\"potentialAction\":[{\"@type\":\"ReadAction\",\"target\":[\"https:\\\/\\\/cardinal-tapes.com\\\/pl\\\/ta\u015bmy-samoprzylepne\\\/produkcja-obrobka-aluminium\\\/orabond-1397-pp-pet-tape\\\/\"]}]},{\"@type\":\"ImageObject\",\"inLanguage\":\"pl-PL\",\"@id\":\"https:\\\/\\\/cardinal-tapes.com\\\/pl\\\/ta\u015bmy-samoprzylepne\\\/produkcja-obrobka-aluminium\\\/orabond-1397-pp-pet-tape\\\/#primaryimage\",\"url\":\"https:\\\/\\\/cardinal-tapes.com\\\/wp-content\\\/uploads\\\/1397PPd-scaled.jpg\",\"contentUrl\":\"https:\\\/\\\/cardinal-tapes.com\\\/wp-content\\\/uploads\\\/1397PPd-scaled.jpg\",\"width\":2560,\"height\":1707},{\"@type\":\"BreadcrumbList\",\"@id\":\"https:\\\/\\\/cardinal-tapes.com\\\/pl\\\/ta\u015bmy-samoprzylepne\\\/produkcja-obrobka-aluminium\\\/orabond-1397-pp-pet-tape\\\/#breadcrumb\",\"itemListElement\":[{\"@type\":\"ListItem\",\"position\":1,\"name\":\"Startseite\",\"item\":\"https:\\\/\\\/cardinal-tapes.com\\\/pl\\\/strona-glowna\\\/\"},{\"@type\":\"ListItem\",\"position\":2,\"name\":\"Ta\u015bmy samoprzylepne\",\"item\":\"https:\\\/\\\/cardinal-tapes.com\\\/pl\\\/tasmy-samoprzylepne-pl\\\/\"},{\"@type\":\"ListItem\",\"position\":3,\"name\":\"Przemys\u0142 elektryczny\",\"item\":\"https:\\\/\\\/cardinal-tapes.com\\\/pl\\\/kategoria\\\/przemysl-elektryczny\\\/\"},{\"@type\":\"ListItem\",\"position\":4,\"name\":\"Ta\u015bma samoprzylepna ORABOND\u00ae 1397 PP PET\"}]},{\"@type\":\"WebSite\",\"@id\":\"https:\\\/\\\/cardinal-tapes.com\\\/#website\",\"url\":\"https:\\\/\\\/cardinal-tapes.com\\\/\",\"name\":\"cardinal TAPES\",\"description\":\"Klebetechnik aus Wuppertal\",\"potentialAction\":[{\"@type\":\"SearchAction\",\"target\":{\"@type\":\"EntryPoint\",\"urlTemplate\":\"https:\\\/\\\/cardinal-tapes.com\\\/?s={search_term_string}\"},\"query-input\":{\"@type\":\"PropertyValueSpecification\",\"valueRequired\":true,\"valueName\":\"search_term_string\"}}],\"inLanguage\":\"pl-PL\"}]}<\/script>\n<!-- \/ Yoast SEO plugin. -->","yoast_head_json":{"title":"Ta\u015bma klej\u0105ca ORABOND\u00ae 1397 PP PET | Cardinal TAPES","description":"Dwustronna ta\u015bma samoprzylepna sk\u0142ada si\u0119 z folii poliestrowej pokrytej z obu stron zmodyfikowanym klejem akrylowym wra\u017cliwym na nacisk.","robots":{"index":"index","follow":"follow","max-snippet":"max-snippet:-1","max-image-preview":"max-image-preview:large","max-video-preview":"max-video-preview:-1"},"canonical":"https:\/\/cardinal-tapes.com\/pl\/ta\u015bmy-samoprzylepne\/produkcja-obrobka-aluminium\/orabond-1397-pp-pet-tape\/","og_locale":"pl_PL","og_type":"article","og_title":"Ta\u015bma klej\u0105ca ORABOND\u00ae 1397 PP PET | Cardinal TAPES","og_description":"Dwustronna ta\u015bma samoprzylepna sk\u0142ada si\u0119 z folii poliestrowej pokrytej z obu stron zmodyfikowanym klejem akrylowym wra\u017cliwym na nacisk.","og_url":"https:\/\/cardinal-tapes.com\/pl\/ta\u015bmy-samoprzylepne\/produkcja-obrobka-aluminium\/orabond-1397-pp-pet-tape\/","og_site_name":"cardinal TAPES","og_image":[{"width":2560,"height":1707,"url":"https:\/\/cardinal-tapes.com\/wp-content\/uploads\/1397PPd-scaled.jpg","type":"image\/jpeg"}],"twitter_card":"summary_large_image","twitter_misc":{"Szacowany czas czytania":"1 minuta"},"schema":{"@context":"https:\/\/schema.org","@graph":[{"@type":"WebPage","@id":"https:\/\/cardinal-tapes.com\/pl\/ta\u015bmy-samoprzylepne\/produkcja-obrobka-aluminium\/orabond-1397-pp-pet-tape\/","url":"https:\/\/cardinal-tapes.com\/pl\/ta\u015bmy-samoprzylepne\/produkcja-obrobka-aluminium\/orabond-1397-pp-pet-tape\/","name":"Ta\u015bma klej\u0105ca ORABOND\u00ae 1397 PP PET | Cardinal TAPES","isPartOf":{"@id":"https:\/\/cardinal-tapes.com\/#website"},"primaryImageOfPage":{"@id":"https:\/\/cardinal-tapes.com\/pl\/ta\u015bmy-samoprzylepne\/produkcja-obrobka-aluminium\/orabond-1397-pp-pet-tape\/#primaryimage"},"image":{"@id":"https:\/\/cardinal-tapes.com\/pl\/ta\u015bmy-samoprzylepne\/produkcja-obrobka-aluminium\/orabond-1397-pp-pet-tape\/#primaryimage"},"thumbnailUrl":"https:\/\/cardinal-tapes.com\/wp-content\/uploads\/1397PPd-scaled.jpg","datePublished":"2023-06-05T14:47:07+00:00","description":"Dwustronna ta\u015bma samoprzylepna sk\u0142ada si\u0119 z folii poliestrowej pokrytej z obu stron zmodyfikowanym klejem akrylowym wra\u017cliwym na nacisk.","breadcrumb":{"@id":"https:\/\/cardinal-tapes.com\/pl\/ta\u015bmy-samoprzylepne\/produkcja-obrobka-aluminium\/orabond-1397-pp-pet-tape\/#breadcrumb"},"inLanguage":"pl-PL","potentialAction":[{"@type":"ReadAction","target":["https:\/\/cardinal-tapes.com\/pl\/ta\u015bmy-samoprzylepne\/produkcja-obrobka-aluminium\/orabond-1397-pp-pet-tape\/"]}]},{"@type":"ImageObject","inLanguage":"pl-PL","@id":"https:\/\/cardinal-tapes.com\/pl\/ta\u015bmy-samoprzylepne\/produkcja-obrobka-aluminium\/orabond-1397-pp-pet-tape\/#primaryimage","url":"https:\/\/cardinal-tapes.com\/wp-content\/uploads\/1397PPd-scaled.jpg","contentUrl":"https:\/\/cardinal-tapes.com\/wp-content\/uploads\/1397PPd-scaled.jpg","width":2560,"height":1707},{"@type":"BreadcrumbList","@id":"https:\/\/cardinal-tapes.com\/pl\/ta\u015bmy-samoprzylepne\/produkcja-obrobka-aluminium\/orabond-1397-pp-pet-tape\/#breadcrumb","itemListElement":[{"@type":"ListItem","position":1,"name":"Startseite","item":"https:\/\/cardinal-tapes.com\/pl\/strona-glowna\/"},{"@type":"ListItem","position":2,"name":"Ta\u015bmy samoprzylepne","item":"https:\/\/cardinal-tapes.com\/pl\/tasmy-samoprzylepne-pl\/"},{"@type":"ListItem","position":3,"name":"Przemys\u0142 elektryczny","item":"https:\/\/cardinal-tapes.com\/pl\/kategoria\/przemysl-elektryczny\/"},{"@type":"ListItem","position":4,"name":"Ta\u015bma samoprzylepna ORABOND\u00ae 1397 PP PET"}]},{"@type":"WebSite","@id":"https:\/\/cardinal-tapes.com\/#website","url":"https:\/\/cardinal-tapes.com\/","name":"cardinal TAPES","description":"Klebetechnik aus Wuppertal","potentialAction":[{"@type":"SearchAction","target":{"@type":"EntryPoint","urlTemplate":"https:\/\/cardinal-tapes.com\/?s={search_term_string}"},"query-input":{"@type":"PropertyValueSpecification","valueRequired":true,"valueName":"search_term_string"}}],"inLanguage":"pl-PL"}]}},"brands":[{"id":2860,"name":"ORAFOL","slug":"orafol-pl"}],"_links":{"self":[{"href":"https:\/\/cardinal-tapes.com\/pl\/wp-json\/wp\/v2\/product\/38462","targetHints":{"allow":["GET"]}}],"collection":[{"href":"https:\/\/cardinal-tapes.com\/pl\/wp-json\/wp\/v2\/product"}],"about":[{"href":"https:\/\/cardinal-tapes.com\/pl\/wp-json\/wp\/v2\/types\/product"}],"wp:featuredmedia":[{"embeddable":true,"href":"https:\/\/cardinal-tapes.com\/pl\/wp-json\/wp\/v2\/media\/29190"}],"wp:attachment":[{"href":"https:\/\/cardinal-tapes.com\/pl\/wp-json\/wp\/v2\/media?parent=38462"}],"wp:term":[{"taxonomy":"pwb-brand","embeddable":true,"href":"https:\/\/cardinal-tapes.com\/pl\/wp-json\/wp\/v2\/pwb-brand?post=38462"},{"taxonomy":"product_brand","embeddable":true,"href":"https:\/\/cardinal-tapes.com\/pl\/wp-json\/wp\/v2\/product_brand?post=38462"},{"taxonomy":"product_cat","embeddable":true,"href":"https:\/\/cardinal-tapes.com\/pl\/wp-json\/wp\/v2\/product_cat?post=38462"},{"taxonomy":"product_tag","embeddable":true,"href":"https:\/\/cardinal-tapes.com\/pl\/wp-json\/wp\/v2\/product_tag?post=38462"}],"curies":[{"name":"wp","href":"https:\/\/api.w.org\/{rel}","templated":true}]}}