{"id":38460,"date":"2023-02-24T12:42:23","date_gmt":"2023-06-05T14:47:07","guid":{"rendered":"https:\/\/cardinal.pixel-tal.de\/klebebaender\/bez-kategorii\/tasma-samoprzylepna-orabond-3331-pvc\/"},"modified":"2023-06-05T16:47:07","modified_gmt":"2023-06-05T14:47:07","slug":"orabond-3331-pvc-tape","status":"publish","type":"product","link":"https:\/\/cardinal-tapes.com\/pl\/ta\u015bmy-samoprzylepne\/obszary-zastosowan\/produkcja-obrobka-aluminium\/orabond-3331-pvc-tape\/","title":{"rendered":"Ta\u015bma samoprzylepna ORABOND\u00ae 3331 PVC"},"content":{"rendered":"<p>Dwustronna ta\u015bma samoprzylepna sk\u0142ada si\u0119 ze sztywnego no\u015bnika z folii PVC pokrytego po obu stronach akrylowym klejem samoprzylepnym o bardzo dobrej odporno\u015bci na promieniowanie UV, napr\u0119\u017cenia temperaturowe, chemikalia i rozpuszczalniki, a tak\u017ce wilgo\u0107. Wysoce odporny na \u015bcinanie klej wra\u017cliwy na nacisk charakteryzuje si\u0119 doskona\u0142\u0105 trwa\u0142\u0105 przyczepno\u015bci\u0105 do metalu, lakieru i wysokoenergetycznych powierzchni z tworzyw sztucznych, a tak\u017ce dobr\u0105 trwa\u0142\u0105 przyczepno\u015bci\u0105 do powierzchni o niskiej energii. Nadaje si\u0119 r\u00f3wnie\u017c do chropowatych lub teksturowanych powierzchni ze wzgl\u0119du na du\u017c\u0105 mas\u0119 aplikacji.<\/p>\n<p><strong>Obszary zastosowania<\/strong><\/p>\n<p>Klejenie lusterek zewn\u0119trznych samochod\u00f3w osobowych i ci\u0119\u017carowych w plastikowych obudowach z jednoczesnym zabezpieczeniem przed odpryskami. Samoprzylepne wyko\u0144czenie znak\u00f3w typu, wydajno\u015bci i informacyjnych, a tak\u017ce wyt\u0142aczane profile poszycia z tworzywa sztucznego do trwa\u0142ego monta\u017cu ko\u0144cowego w przemy\u015ble meblarskim, monta\u017cu element\u00f3w dekoracyjnych, podwoj\u00f3w i listew przyszybowych na szerokiej gamie powierzchni. Mocowanie ramek i wspornik\u00f3w w przemy\u015ble telefonicznym, AGD i elektrycznym.<\/p>\n","protected":false},"excerpt":{"rendered":"<p>Dwustronna ta\u015bma samoprzylepna sk\u0142ada si\u0119 ze sztywnego no\u015bnika z folii PVC pokrytego po obu stronach akrylowym klejem samoprzylepnym o bardzo dobrej odporno\u015bci na promieniowanie UV, napr\u0119\u017cenia temperaturowe, chemikalia i rozpuszczalniki, a tak\u017ce wilgo\u0107. Wysoce odporny na \u015bcinanie klej wra\u017cliwy na nacisk charakteryzuje si\u0119 doskona\u0142\u0105 trwa\u0142\u0105 przyczepno\u015bci\u0105 do metalu, lakieru i wysokoenergetycznych powierzchni z tworzyw sztucznych, [&hellip;]<\/p>\n","protected":false},"featured_media":29210,"template":"","meta":{"_acf_changed":false},"pwb-brand":[2860],"product_brand":[],"product_cat":[1814,1685,1693,1714,1718,1721,1790],"product_tag":[],"class_list":{"0":"post-38460","1":"product","2":"type-product","3":"status-publish","4":"has-post-thumbnail","6":"pwb-brand-orafol-pl","7":"product_cat-tasmy-dwustronnie-klejace","8":"product_cat-produkcja-obrobka-aluminium","9":"product_cat-przemysl-elektryczny","10":"product_cat-produkcja-folii","11":"product_cat-przemysl-tworzyw-sztucznych","12":"product_cat-inzynieria-mechaniczna","13":"product_cat-przemysl-tekstylny","15":"first","16":"instock","17":"taxable","18":"shipping-taxable","19":"purchasable","20":"product-type-variable"},"acf":[],"yoast_head":"<!-- This site is optimized with the Yoast SEO plugin v27.3 - https:\/\/yoast.com\/product\/yoast-seo-wordpress\/ -->\n<title>Ta\u015bma samoprzylepna ORABOND\u00ae 3331 PVC | Cardinal TAPES<\/title>\n<meta name=\"description\" content=\"Orabond 3331 sk\u0142ada si\u0119 ze sztywnej folii PVC pokrytej po obu stronach akrylowym klejem samoprzylepnym i ma bardzo dobr\u0105 odporno\u015b\u0107 na promieniowanie UV.\" \/>\n<meta name=\"robots\" content=\"index, follow, max-snippet:-1, max-image-preview:large, max-video-preview:-1\" \/>\n<link rel=\"canonical\" href=\"https:\/\/cardinal-tapes.com\/pl\/ta\u015bmy-samoprzylepne\/produkcja-obrobka-aluminium\/orabond-3331-pvc-tape\/\" \/>\n<meta property=\"og:locale\" content=\"pl_PL\" \/>\n<meta property=\"og:type\" content=\"article\" \/>\n<meta property=\"og:title\" content=\"Ta\u015bma samoprzylepna ORABOND\u00ae 3331 PVC | Cardinal TAPES\" \/>\n<meta property=\"og:description\" content=\"Orabond 3331 sk\u0142ada si\u0119 ze sztywnej folii PVC pokrytej po obu stronach akrylowym klejem samoprzylepnym i ma bardzo dobr\u0105 odporno\u015b\u0107 na promieniowanie UV.\" \/>\n<meta property=\"og:url\" content=\"https:\/\/cardinal-tapes.com\/pl\/ta\u015bmy-samoprzylepne\/produkcja-obrobka-aluminium\/orabond-3331-pvc-tape\/\" \/>\n<meta property=\"og:site_name\" content=\"cardinal TAPES\" \/>\n<meta property=\"og:image\" content=\"https:\/\/cardinal-tapes.com\/wp-content\/uploads\/3331TG-scaled.jpg\" \/>\n\t<meta property=\"og:image:width\" content=\"2560\" \/>\n\t<meta property=\"og:image:height\" content=\"1707\" \/>\n\t<meta property=\"og:image:type\" content=\"image\/jpeg\" \/>\n<meta name=\"twitter:card\" content=\"summary_large_image\" \/>\n<meta name=\"twitter:label1\" content=\"Szacowany czas czytania\" \/>\n\t<meta name=\"twitter:data1\" content=\"1 minuta\" \/>\n<script type=\"application\/ld+json\" class=\"yoast-schema-graph\">{\"@context\":\"https:\\\/\\\/schema.org\",\"@graph\":[{\"@type\":\"WebPage\",\"@id\":\"https:\\\/\\\/cardinal-tapes.com\\\/pl\\\/ta\u015bmy-samoprzylepne\\\/produkcja-obrobka-aluminium\\\/orabond-3331-pvc-tape\\\/\",\"url\":\"https:\\\/\\\/cardinal-tapes.com\\\/pl\\\/ta\u015bmy-samoprzylepne\\\/produkcja-obrobka-aluminium\\\/orabond-3331-pvc-tape\\\/\",\"name\":\"Ta\u015bma samoprzylepna ORABOND\u00ae 3331 PVC | Cardinal TAPES\",\"isPartOf\":{\"@id\":\"https:\\\/\\\/cardinal-tapes.com\\\/#website\"},\"primaryImageOfPage\":{\"@id\":\"https:\\\/\\\/cardinal-tapes.com\\\/pl\\\/ta\u015bmy-samoprzylepne\\\/produkcja-obrobka-aluminium\\\/orabond-3331-pvc-tape\\\/#primaryimage\"},\"image\":{\"@id\":\"https:\\\/\\\/cardinal-tapes.com\\\/pl\\\/ta\u015bmy-samoprzylepne\\\/produkcja-obrobka-aluminium\\\/orabond-3331-pvc-tape\\\/#primaryimage\"},\"thumbnailUrl\":\"https:\\\/\\\/cardinal-tapes.com\\\/wp-content\\\/uploads\\\/3331TG-scaled.jpg\",\"datePublished\":\"2023-06-05T14:47:07+00:00\",\"description\":\"Orabond 3331 sk\u0142ada si\u0119 ze sztywnej folii PVC pokrytej po obu stronach akrylowym klejem samoprzylepnym i ma bardzo dobr\u0105 odporno\u015b\u0107 na promieniowanie UV.\",\"breadcrumb\":{\"@id\":\"https:\\\/\\\/cardinal-tapes.com\\\/pl\\\/ta\u015bmy-samoprzylepne\\\/produkcja-obrobka-aluminium\\\/orabond-3331-pvc-tape\\\/#breadcrumb\"},\"inLanguage\":\"pl-PL\",\"potentialAction\":[{\"@type\":\"ReadAction\",\"target\":[\"https:\\\/\\\/cardinal-tapes.com\\\/pl\\\/ta\u015bmy-samoprzylepne\\\/produkcja-obrobka-aluminium\\\/orabond-3331-pvc-tape\\\/\"]}]},{\"@type\":\"ImageObject\",\"inLanguage\":\"pl-PL\",\"@id\":\"https:\\\/\\\/cardinal-tapes.com\\\/pl\\\/ta\u015bmy-samoprzylepne\\\/produkcja-obrobka-aluminium\\\/orabond-3331-pvc-tape\\\/#primaryimage\",\"url\":\"https:\\\/\\\/cardinal-tapes.com\\\/wp-content\\\/uploads\\\/3331TG-scaled.jpg\",\"contentUrl\":\"https:\\\/\\\/cardinal-tapes.com\\\/wp-content\\\/uploads\\\/3331TG-scaled.jpg\",\"width\":2560,\"height\":1707},{\"@type\":\"BreadcrumbList\",\"@id\":\"https:\\\/\\\/cardinal-tapes.com\\\/pl\\\/ta\u015bmy-samoprzylepne\\\/produkcja-obrobka-aluminium\\\/orabond-3331-pvc-tape\\\/#breadcrumb\",\"itemListElement\":[{\"@type\":\"ListItem\",\"position\":1,\"name\":\"Startseite\",\"item\":\"https:\\\/\\\/cardinal-tapes.com\\\/pl\\\/strona-glowna\\\/\"},{\"@type\":\"ListItem\",\"position\":2,\"name\":\"Ta\u015bmy samoprzylepne\",\"item\":\"https:\\\/\\\/cardinal-tapes.com\\\/pl\\\/tasmy-samoprzylepne-pl\\\/\"},{\"@type\":\"ListItem\",\"position\":3,\"name\":\"Produkcja \\\/ obr\u00f3bka aluminium\",\"item\":\"https:\\\/\\\/cardinal-tapes.com\\\/pl\\\/kategoria\\\/produkcja-obrobka-aluminium\\\/\"},{\"@type\":\"ListItem\",\"position\":4,\"name\":\"Ta\u015bma samoprzylepna ORABOND\u00ae 3331 PVC\"}]},{\"@type\":\"WebSite\",\"@id\":\"https:\\\/\\\/cardinal-tapes.com\\\/#website\",\"url\":\"https:\\\/\\\/cardinal-tapes.com\\\/\",\"name\":\"cardinal TAPES\",\"description\":\"Klebetechnik aus Wuppertal\",\"potentialAction\":[{\"@type\":\"SearchAction\",\"target\":{\"@type\":\"EntryPoint\",\"urlTemplate\":\"https:\\\/\\\/cardinal-tapes.com\\\/?s={search_term_string}\"},\"query-input\":{\"@type\":\"PropertyValueSpecification\",\"valueRequired\":true,\"valueName\":\"search_term_string\"}}],\"inLanguage\":\"pl-PL\"}]}<\/script>\n<!-- \/ Yoast SEO plugin. -->","yoast_head_json":{"title":"Ta\u015bma samoprzylepna ORABOND\u00ae 3331 PVC | Cardinal TAPES","description":"Orabond 3331 sk\u0142ada si\u0119 ze sztywnej folii PVC pokrytej po obu stronach akrylowym klejem samoprzylepnym i ma bardzo dobr\u0105 odporno\u015b\u0107 na promieniowanie UV.","robots":{"index":"index","follow":"follow","max-snippet":"max-snippet:-1","max-image-preview":"max-image-preview:large","max-video-preview":"max-video-preview:-1"},"canonical":"https:\/\/cardinal-tapes.com\/pl\/ta\u015bmy-samoprzylepne\/produkcja-obrobka-aluminium\/orabond-3331-pvc-tape\/","og_locale":"pl_PL","og_type":"article","og_title":"Ta\u015bma samoprzylepna ORABOND\u00ae 3331 PVC | Cardinal TAPES","og_description":"Orabond 3331 sk\u0142ada si\u0119 ze sztywnej folii PVC pokrytej po obu stronach akrylowym klejem samoprzylepnym i ma bardzo dobr\u0105 odporno\u015b\u0107 na promieniowanie UV.","og_url":"https:\/\/cardinal-tapes.com\/pl\/ta\u015bmy-samoprzylepne\/produkcja-obrobka-aluminium\/orabond-3331-pvc-tape\/","og_site_name":"cardinal TAPES","og_image":[{"width":2560,"height":1707,"url":"https:\/\/cardinal-tapes.com\/wp-content\/uploads\/3331TG-scaled.jpg","type":"image\/jpeg"}],"twitter_card":"summary_large_image","twitter_misc":{"Szacowany czas czytania":"1 minuta"},"schema":{"@context":"https:\/\/schema.org","@graph":[{"@type":"WebPage","@id":"https:\/\/cardinal-tapes.com\/pl\/ta\u015bmy-samoprzylepne\/produkcja-obrobka-aluminium\/orabond-3331-pvc-tape\/","url":"https:\/\/cardinal-tapes.com\/pl\/ta\u015bmy-samoprzylepne\/produkcja-obrobka-aluminium\/orabond-3331-pvc-tape\/","name":"Ta\u015bma samoprzylepna ORABOND\u00ae 3331 PVC | Cardinal TAPES","isPartOf":{"@id":"https:\/\/cardinal-tapes.com\/#website"},"primaryImageOfPage":{"@id":"https:\/\/cardinal-tapes.com\/pl\/ta\u015bmy-samoprzylepne\/produkcja-obrobka-aluminium\/orabond-3331-pvc-tape\/#primaryimage"},"image":{"@id":"https:\/\/cardinal-tapes.com\/pl\/ta\u015bmy-samoprzylepne\/produkcja-obrobka-aluminium\/orabond-3331-pvc-tape\/#primaryimage"},"thumbnailUrl":"https:\/\/cardinal-tapes.com\/wp-content\/uploads\/3331TG-scaled.jpg","datePublished":"2023-06-05T14:47:07+00:00","description":"Orabond 3331 sk\u0142ada si\u0119 ze sztywnej folii PVC pokrytej po obu stronach akrylowym klejem samoprzylepnym i ma bardzo dobr\u0105 odporno\u015b\u0107 na promieniowanie UV.","breadcrumb":{"@id":"https:\/\/cardinal-tapes.com\/pl\/ta\u015bmy-samoprzylepne\/produkcja-obrobka-aluminium\/orabond-3331-pvc-tape\/#breadcrumb"},"inLanguage":"pl-PL","potentialAction":[{"@type":"ReadAction","target":["https:\/\/cardinal-tapes.com\/pl\/ta\u015bmy-samoprzylepne\/produkcja-obrobka-aluminium\/orabond-3331-pvc-tape\/"]}]},{"@type":"ImageObject","inLanguage":"pl-PL","@id":"https:\/\/cardinal-tapes.com\/pl\/ta\u015bmy-samoprzylepne\/produkcja-obrobka-aluminium\/orabond-3331-pvc-tape\/#primaryimage","url":"https:\/\/cardinal-tapes.com\/wp-content\/uploads\/3331TG-scaled.jpg","contentUrl":"https:\/\/cardinal-tapes.com\/wp-content\/uploads\/3331TG-scaled.jpg","width":2560,"height":1707},{"@type":"BreadcrumbList","@id":"https:\/\/cardinal-tapes.com\/pl\/ta\u015bmy-samoprzylepne\/produkcja-obrobka-aluminium\/orabond-3331-pvc-tape\/#breadcrumb","itemListElement":[{"@type":"ListItem","position":1,"name":"Startseite","item":"https:\/\/cardinal-tapes.com\/pl\/strona-glowna\/"},{"@type":"ListItem","position":2,"name":"Ta\u015bmy samoprzylepne","item":"https:\/\/cardinal-tapes.com\/pl\/tasmy-samoprzylepne-pl\/"},{"@type":"ListItem","position":3,"name":"Produkcja \/ obr\u00f3bka aluminium","item":"https:\/\/cardinal-tapes.com\/pl\/kategoria\/produkcja-obrobka-aluminium\/"},{"@type":"ListItem","position":4,"name":"Ta\u015bma samoprzylepna ORABOND\u00ae 3331 PVC"}]},{"@type":"WebSite","@id":"https:\/\/cardinal-tapes.com\/#website","url":"https:\/\/cardinal-tapes.com\/","name":"cardinal TAPES","description":"Klebetechnik aus Wuppertal","potentialAction":[{"@type":"SearchAction","target":{"@type":"EntryPoint","urlTemplate":"https:\/\/cardinal-tapes.com\/?s={search_term_string}"},"query-input":{"@type":"PropertyValueSpecification","valueRequired":true,"valueName":"search_term_string"}}],"inLanguage":"pl-PL"}]}},"brands":[{"id":2860,"name":"ORAFOL","slug":"orafol-pl"}],"_links":{"self":[{"href":"https:\/\/cardinal-tapes.com\/pl\/wp-json\/wp\/v2\/product\/38460","targetHints":{"allow":["GET"]}}],"collection":[{"href":"https:\/\/cardinal-tapes.com\/pl\/wp-json\/wp\/v2\/product"}],"about":[{"href":"https:\/\/cardinal-tapes.com\/pl\/wp-json\/wp\/v2\/types\/product"}],"wp:featuredmedia":[{"embeddable":true,"href":"https:\/\/cardinal-tapes.com\/pl\/wp-json\/wp\/v2\/media\/29210"}],"wp:attachment":[{"href":"https:\/\/cardinal-tapes.com\/pl\/wp-json\/wp\/v2\/media?parent=38460"}],"wp:term":[{"taxonomy":"pwb-brand","embeddable":true,"href":"https:\/\/cardinal-tapes.com\/pl\/wp-json\/wp\/v2\/pwb-brand?post=38460"},{"taxonomy":"product_brand","embeddable":true,"href":"https:\/\/cardinal-tapes.com\/pl\/wp-json\/wp\/v2\/product_brand?post=38460"},{"taxonomy":"product_cat","embeddable":true,"href":"https:\/\/cardinal-tapes.com\/pl\/wp-json\/wp\/v2\/product_cat?post=38460"},{"taxonomy":"product_tag","embeddable":true,"href":"https:\/\/cardinal-tapes.com\/pl\/wp-json\/wp\/v2\/product_tag?post=38460"}],"curies":[{"name":"wp","href":"https:\/\/api.w.org\/{rel}","templated":true}]}}