{"id":38459,"date":"2023-02-13T13:52:02","date_gmt":"2023-06-05T14:47:07","guid":{"rendered":"https:\/\/cardinal.pixel-tal.de\/klebebaender\/bez-kategorii\/orabond-1358-papierowa-tasma-samoprzylepna-z-wlokniny\/"},"modified":"2023-06-05T16:47:07","modified_gmt":"2023-06-05T14:47:07","slug":"orabond-1358-papier-fleece-tasma-przylepna","status":"publish","type":"product","link":"https:\/\/cardinal-tapes.com\/pl\/ta\u015bmy-samoprzylepne\/obszary-zastosowan\/produkcja-obrobka-aluminium\/orabond-1358-papier-fleece-tasma-przylepna\/","title":{"rendered":"ORABOND\u00ae 1358 papierowa ta\u015bma samoprzylepna z w\u0142\u00f3kniny"},"content":{"rendered":"<p>Dwustronna ta\u015bma samoprzylepna sk\u0142ada si\u0119 z papierowego no\u015bnika z w\u0142\u00f3kniny, kt\u00f3ry jest pokryty po obu stronach zmodyfikowanym klejem akrylowym wra\u017cliwym na nacisk.<br \/>\npowlekane. Agresywny klej samoprzylepny charakteryzuje si\u0119 wysok\u0105 odporno\u015bci\u0105 na starzenie i szerokim zakresem zastosowa\u0144.<br \/>\nodporno\u015b\u0107 na plastyfikatory. Zastosowany klej AD7 jest zgodny z Kodeksem Przepis\u00f3w Federalnych,<br \/>\n\u017bywno\u015b\u0107 i leki (FDA), 21 CFR Ch. I, \u00a7 175.105.<\/p>\n<p><strong>Obszary zastosowania<\/strong><\/p>\n<p>Orabond 1358 jest szczeg\u00f3lnie odpowiedni do wyka\u0144czania gumy kom\u00f3rkowej, pianek o otwartych porach i impregnowanych, a tak\u017ce tkanin,<br \/>\nFilc i inne szorstkie, otwarte powierzchnie.<br \/>\nZe wzgl\u0119du na specyfik\u0119 chemiczn\u0105 tej grupy pianek, nale\u017cy unika\u0107 aplikacji na gum\u0119 kom\u00f3rkow\u0105 EPDM przed jej u\u017cyciem.<br \/>\nPrzetwarzanie przez klienta w celu przetestowania pod k\u0105tem przydatno\u015bci i wystarczaj\u0105cej trwa\u0142o\u015bci.<\/p>\n","protected":false},"excerpt":{"rendered":"<p>Dwustronna ta\u015bma samoprzylepna sk\u0142ada si\u0119 z papierowego no\u015bnika z w\u0142\u00f3kniny, kt\u00f3ry jest pokryty po obu stronach zmodyfikowanym klejem akrylowym wra\u017cliwym na nacisk. powlekane. Agresywny klej samoprzylepny charakteryzuje si\u0119 wysok\u0105 odporno\u015bci\u0105 na starzenie i szerokim zakresem zastosowa\u0144. odporno\u015b\u0107 na plastyfikatory. Zastosowany klej AD7 jest zgodny z Kodeksem Przepis\u00f3w Federalnych, \u017bywno\u015b\u0107 i leki (FDA), 21 CFR Ch. [&hellip;]<\/p>\n","protected":false},"featured_media":29194,"template":"","meta":{"_acf_changed":false},"pwb-brand":[2860],"product_brand":[],"product_cat":[1814,1685,1693,1714,1718,1721,1790],"product_tag":[],"class_list":{"0":"post-38459","1":"product","2":"type-product","3":"status-publish","4":"has-post-thumbnail","6":"pwb-brand-orafol-pl","7":"product_cat-tasmy-dwustronnie-klejace","8":"product_cat-produkcja-obrobka-aluminium","9":"product_cat-przemysl-elektryczny","10":"product_cat-produkcja-folii","11":"product_cat-przemysl-tworzyw-sztucznych","12":"product_cat-inzynieria-mechaniczna","13":"product_cat-przemysl-tekstylny","15":"first","16":"instock","17":"taxable","18":"shipping-taxable","19":"purchasable","20":"product-type-variable"},"acf":[],"yoast_head":"<!-- This site is optimized with the Yoast SEO plugin v27.3 - https:\/\/yoast.com\/product\/yoast-seo-wordpress\/ -->\n<title>ORABOND\u00ae 1358 papierowa ta\u015bma samoprzylepna z w\u0142\u00f3kniny | Cardinal TAPES<\/title>\n<meta name=\"description\" content=\"Orabond 1358 nadaje si\u0119 do wyka\u0144czania gumy kom\u00f3rkowej, pianek o otwartych porach i pianek impregnowanych, a tak\u017ce tkanin, filcu i innych szorstkich, otwartych powierzchni.\" \/>\n<meta name=\"robots\" content=\"index, follow, max-snippet:-1, max-image-preview:large, max-video-preview:-1\" \/>\n<link rel=\"canonical\" href=\"https:\/\/cardinal-tapes.com\/pl\/ta\u015bmy-samoprzylepne\/produkcja-obrobka-aluminium\/orabond-1358-papier-fleece-tasma-przylepna\/\" \/>\n<meta property=\"og:locale\" content=\"pl_PL\" \/>\n<meta property=\"og:type\" content=\"article\" \/>\n<meta property=\"og:title\" content=\"ORABOND\u00ae 1358 papierowa ta\u015bma samoprzylepna z w\u0142\u00f3kniny | Cardinal TAPES\" \/>\n<meta property=\"og:description\" content=\"Orabond 1358 nadaje si\u0119 do wyka\u0144czania gumy kom\u00f3rkowej, pianek o otwartych porach i pianek impregnowanych, a tak\u017ce tkanin, filcu i innych szorstkich, otwartych powierzchni.\" \/>\n<meta property=\"og:url\" content=\"https:\/\/cardinal-tapes.com\/pl\/ta\u015bmy-samoprzylepne\/produkcja-obrobka-aluminium\/orabond-1358-papier-fleece-tasma-przylepna\/\" \/>\n<meta property=\"og:site_name\" content=\"cardinal TAPES\" \/>\n<meta property=\"og:image\" content=\"https:\/\/cardinal-tapes.com\/wp-content\/uploads\/1358gia-scaled.jpg\" \/>\n\t<meta property=\"og:image:width\" content=\"2560\" \/>\n\t<meta property=\"og:image:height\" content=\"1707\" \/>\n\t<meta property=\"og:image:type\" content=\"image\/jpeg\" \/>\n<meta name=\"twitter:card\" content=\"summary_large_image\" \/>\n<meta name=\"twitter:label1\" content=\"Szacowany czas czytania\" \/>\n\t<meta name=\"twitter:data1\" content=\"1 minuta\" \/>\n<script type=\"application\/ld+json\" class=\"yoast-schema-graph\">{\"@context\":\"https:\\\/\\\/schema.org\",\"@graph\":[{\"@type\":\"WebPage\",\"@id\":\"https:\\\/\\\/cardinal-tapes.com\\\/pl\\\/ta\u015bmy-samoprzylepne\\\/produkcja-obrobka-aluminium\\\/orabond-1358-papier-fleece-tasma-przylepna\\\/\",\"url\":\"https:\\\/\\\/cardinal-tapes.com\\\/pl\\\/ta\u015bmy-samoprzylepne\\\/produkcja-obrobka-aluminium\\\/orabond-1358-papier-fleece-tasma-przylepna\\\/\",\"name\":\"ORABOND\u00ae 1358 papierowa ta\u015bma samoprzylepna z w\u0142\u00f3kniny | Cardinal TAPES\",\"isPartOf\":{\"@id\":\"https:\\\/\\\/cardinal-tapes.com\\\/#website\"},\"primaryImageOfPage\":{\"@id\":\"https:\\\/\\\/cardinal-tapes.com\\\/pl\\\/ta\u015bmy-samoprzylepne\\\/produkcja-obrobka-aluminium\\\/orabond-1358-papier-fleece-tasma-przylepna\\\/#primaryimage\"},\"image\":{\"@id\":\"https:\\\/\\\/cardinal-tapes.com\\\/pl\\\/ta\u015bmy-samoprzylepne\\\/produkcja-obrobka-aluminium\\\/orabond-1358-papier-fleece-tasma-przylepna\\\/#primaryimage\"},\"thumbnailUrl\":\"https:\\\/\\\/cardinal-tapes.com\\\/wp-content\\\/uploads\\\/1358gia-scaled.jpg\",\"datePublished\":\"2023-06-05T14:47:07+00:00\",\"description\":\"Orabond 1358 nadaje si\u0119 do wyka\u0144czania gumy kom\u00f3rkowej, pianek o otwartych porach i pianek impregnowanych, a tak\u017ce tkanin, filcu i innych szorstkich, otwartych powierzchni.\",\"breadcrumb\":{\"@id\":\"https:\\\/\\\/cardinal-tapes.com\\\/pl\\\/ta\u015bmy-samoprzylepne\\\/produkcja-obrobka-aluminium\\\/orabond-1358-papier-fleece-tasma-przylepna\\\/#breadcrumb\"},\"inLanguage\":\"pl-PL\",\"potentialAction\":[{\"@type\":\"ReadAction\",\"target\":[\"https:\\\/\\\/cardinal-tapes.com\\\/pl\\\/ta\u015bmy-samoprzylepne\\\/produkcja-obrobka-aluminium\\\/orabond-1358-papier-fleece-tasma-przylepna\\\/\"]}]},{\"@type\":\"ImageObject\",\"inLanguage\":\"pl-PL\",\"@id\":\"https:\\\/\\\/cardinal-tapes.com\\\/pl\\\/ta\u015bmy-samoprzylepne\\\/produkcja-obrobka-aluminium\\\/orabond-1358-papier-fleece-tasma-przylepna\\\/#primaryimage\",\"url\":\"https:\\\/\\\/cardinal-tapes.com\\\/wp-content\\\/uploads\\\/1358gia-scaled.jpg\",\"contentUrl\":\"https:\\\/\\\/cardinal-tapes.com\\\/wp-content\\\/uploads\\\/1358gia-scaled.jpg\",\"width\":2560,\"height\":1707},{\"@type\":\"BreadcrumbList\",\"@id\":\"https:\\\/\\\/cardinal-tapes.com\\\/pl\\\/ta\u015bmy-samoprzylepne\\\/produkcja-obrobka-aluminium\\\/orabond-1358-papier-fleece-tasma-przylepna\\\/#breadcrumb\",\"itemListElement\":[{\"@type\":\"ListItem\",\"position\":1,\"name\":\"Startseite\",\"item\":\"https:\\\/\\\/cardinal-tapes.com\\\/pl\\\/strona-glowna\\\/\"},{\"@type\":\"ListItem\",\"position\":2,\"name\":\"Ta\u015bmy samoprzylepne\",\"item\":\"https:\\\/\\\/cardinal-tapes.com\\\/pl\\\/tasmy-samoprzylepne-pl\\\/\"},{\"@type\":\"ListItem\",\"position\":3,\"name\":\"Produkcja \\\/ obr\u00f3bka aluminium\",\"item\":\"https:\\\/\\\/cardinal-tapes.com\\\/pl\\\/kategoria\\\/produkcja-obrobka-aluminium\\\/\"},{\"@type\":\"ListItem\",\"position\":4,\"name\":\"ORABOND\u00ae 1358 papierowa ta\u015bma samoprzylepna z w\u0142\u00f3kniny\"}]},{\"@type\":\"WebSite\",\"@id\":\"https:\\\/\\\/cardinal-tapes.com\\\/#website\",\"url\":\"https:\\\/\\\/cardinal-tapes.com\\\/\",\"name\":\"cardinal TAPES\",\"description\":\"Klebetechnik aus Wuppertal\",\"potentialAction\":[{\"@type\":\"SearchAction\",\"target\":{\"@type\":\"EntryPoint\",\"urlTemplate\":\"https:\\\/\\\/cardinal-tapes.com\\\/?s={search_term_string}\"},\"query-input\":{\"@type\":\"PropertyValueSpecification\",\"valueRequired\":true,\"valueName\":\"search_term_string\"}}],\"inLanguage\":\"pl-PL\"}]}<\/script>\n<!-- \/ Yoast SEO plugin. -->","yoast_head_json":{"title":"ORABOND\u00ae 1358 papierowa ta\u015bma samoprzylepna z w\u0142\u00f3kniny | Cardinal TAPES","description":"Orabond 1358 nadaje si\u0119 do wyka\u0144czania gumy kom\u00f3rkowej, pianek o otwartych porach i pianek impregnowanych, a tak\u017ce tkanin, filcu i innych szorstkich, otwartych powierzchni.","robots":{"index":"index","follow":"follow","max-snippet":"max-snippet:-1","max-image-preview":"max-image-preview:large","max-video-preview":"max-video-preview:-1"},"canonical":"https:\/\/cardinal-tapes.com\/pl\/ta\u015bmy-samoprzylepne\/produkcja-obrobka-aluminium\/orabond-1358-papier-fleece-tasma-przylepna\/","og_locale":"pl_PL","og_type":"article","og_title":"ORABOND\u00ae 1358 papierowa ta\u015bma samoprzylepna z w\u0142\u00f3kniny | Cardinal TAPES","og_description":"Orabond 1358 nadaje si\u0119 do wyka\u0144czania gumy kom\u00f3rkowej, pianek o otwartych porach i pianek impregnowanych, a tak\u017ce tkanin, filcu i innych szorstkich, otwartych powierzchni.","og_url":"https:\/\/cardinal-tapes.com\/pl\/ta\u015bmy-samoprzylepne\/produkcja-obrobka-aluminium\/orabond-1358-papier-fleece-tasma-przylepna\/","og_site_name":"cardinal TAPES","og_image":[{"width":2560,"height":1707,"url":"https:\/\/cardinal-tapes.com\/wp-content\/uploads\/1358gia-scaled.jpg","type":"image\/jpeg"}],"twitter_card":"summary_large_image","twitter_misc":{"Szacowany czas czytania":"1 minuta"},"schema":{"@context":"https:\/\/schema.org","@graph":[{"@type":"WebPage","@id":"https:\/\/cardinal-tapes.com\/pl\/ta\u015bmy-samoprzylepne\/produkcja-obrobka-aluminium\/orabond-1358-papier-fleece-tasma-przylepna\/","url":"https:\/\/cardinal-tapes.com\/pl\/ta\u015bmy-samoprzylepne\/produkcja-obrobka-aluminium\/orabond-1358-papier-fleece-tasma-przylepna\/","name":"ORABOND\u00ae 1358 papierowa ta\u015bma samoprzylepna z w\u0142\u00f3kniny | Cardinal TAPES","isPartOf":{"@id":"https:\/\/cardinal-tapes.com\/#website"},"primaryImageOfPage":{"@id":"https:\/\/cardinal-tapes.com\/pl\/ta\u015bmy-samoprzylepne\/produkcja-obrobka-aluminium\/orabond-1358-papier-fleece-tasma-przylepna\/#primaryimage"},"image":{"@id":"https:\/\/cardinal-tapes.com\/pl\/ta\u015bmy-samoprzylepne\/produkcja-obrobka-aluminium\/orabond-1358-papier-fleece-tasma-przylepna\/#primaryimage"},"thumbnailUrl":"https:\/\/cardinal-tapes.com\/wp-content\/uploads\/1358gia-scaled.jpg","datePublished":"2023-06-05T14:47:07+00:00","description":"Orabond 1358 nadaje si\u0119 do wyka\u0144czania gumy kom\u00f3rkowej, pianek o otwartych porach i pianek impregnowanych, a tak\u017ce tkanin, filcu i innych szorstkich, otwartych powierzchni.","breadcrumb":{"@id":"https:\/\/cardinal-tapes.com\/pl\/ta\u015bmy-samoprzylepne\/produkcja-obrobka-aluminium\/orabond-1358-papier-fleece-tasma-przylepna\/#breadcrumb"},"inLanguage":"pl-PL","potentialAction":[{"@type":"ReadAction","target":["https:\/\/cardinal-tapes.com\/pl\/ta\u015bmy-samoprzylepne\/produkcja-obrobka-aluminium\/orabond-1358-papier-fleece-tasma-przylepna\/"]}]},{"@type":"ImageObject","inLanguage":"pl-PL","@id":"https:\/\/cardinal-tapes.com\/pl\/ta\u015bmy-samoprzylepne\/produkcja-obrobka-aluminium\/orabond-1358-papier-fleece-tasma-przylepna\/#primaryimage","url":"https:\/\/cardinal-tapes.com\/wp-content\/uploads\/1358gia-scaled.jpg","contentUrl":"https:\/\/cardinal-tapes.com\/wp-content\/uploads\/1358gia-scaled.jpg","width":2560,"height":1707},{"@type":"BreadcrumbList","@id":"https:\/\/cardinal-tapes.com\/pl\/ta\u015bmy-samoprzylepne\/produkcja-obrobka-aluminium\/orabond-1358-papier-fleece-tasma-przylepna\/#breadcrumb","itemListElement":[{"@type":"ListItem","position":1,"name":"Startseite","item":"https:\/\/cardinal-tapes.com\/pl\/strona-glowna\/"},{"@type":"ListItem","position":2,"name":"Ta\u015bmy samoprzylepne","item":"https:\/\/cardinal-tapes.com\/pl\/tasmy-samoprzylepne-pl\/"},{"@type":"ListItem","position":3,"name":"Produkcja \/ obr\u00f3bka aluminium","item":"https:\/\/cardinal-tapes.com\/pl\/kategoria\/produkcja-obrobka-aluminium\/"},{"@type":"ListItem","position":4,"name":"ORABOND\u00ae 1358 papierowa ta\u015bma samoprzylepna z w\u0142\u00f3kniny"}]},{"@type":"WebSite","@id":"https:\/\/cardinal-tapes.com\/#website","url":"https:\/\/cardinal-tapes.com\/","name":"cardinal TAPES","description":"Klebetechnik aus Wuppertal","potentialAction":[{"@type":"SearchAction","target":{"@type":"EntryPoint","urlTemplate":"https:\/\/cardinal-tapes.com\/?s={search_term_string}"},"query-input":{"@type":"PropertyValueSpecification","valueRequired":true,"valueName":"search_term_string"}}],"inLanguage":"pl-PL"}]}},"brands":[{"id":2860,"name":"ORAFOL","slug":"orafol-pl"}],"_links":{"self":[{"href":"https:\/\/cardinal-tapes.com\/pl\/wp-json\/wp\/v2\/product\/38459","targetHints":{"allow":["GET"]}}],"collection":[{"href":"https:\/\/cardinal-tapes.com\/pl\/wp-json\/wp\/v2\/product"}],"about":[{"href":"https:\/\/cardinal-tapes.com\/pl\/wp-json\/wp\/v2\/types\/product"}],"wp:featuredmedia":[{"embeddable":true,"href":"https:\/\/cardinal-tapes.com\/pl\/wp-json\/wp\/v2\/media\/29194"}],"wp:attachment":[{"href":"https:\/\/cardinal-tapes.com\/pl\/wp-json\/wp\/v2\/media?parent=38459"}],"wp:term":[{"taxonomy":"pwb-brand","embeddable":true,"href":"https:\/\/cardinal-tapes.com\/pl\/wp-json\/wp\/v2\/pwb-brand?post=38459"},{"taxonomy":"product_brand","embeddable":true,"href":"https:\/\/cardinal-tapes.com\/pl\/wp-json\/wp\/v2\/product_brand?post=38459"},{"taxonomy":"product_cat","embeddable":true,"href":"https:\/\/cardinal-tapes.com\/pl\/wp-json\/wp\/v2\/product_cat?post=38459"},{"taxonomy":"product_tag","embeddable":true,"href":"https:\/\/cardinal-tapes.com\/pl\/wp-json\/wp\/v2\/product_tag?post=38459"}],"curies":[{"name":"wp","href":"https:\/\/api.w.org\/{rel}","templated":true}]}}