{"id":38456,"date":"2023-02-24T12:56:14","date_gmt":"2023-06-05T14:47:07","guid":{"rendered":"https:\/\/cardinal.pixel-tal.de\/klebebaender\/bez-kategorii\/piankowa-tasma-samoprzylepna-orabond-1810-pe\/"},"modified":"2023-06-05T16:47:07","modified_gmt":"2023-06-05T14:47:07","slug":"orabond-1810-pe-foam-adhesive-tape","status":"publish","type":"product","link":"https:\/\/cardinal-tapes.com\/pl\/ta\u015bmy-samoprzylepne\/obszary-zastosowan\/tasma-piankowa-pe\/orabond-1810-pe-foam-adhesive-tape\/","title":{"rendered":"Piankowa ta\u015bma samoprzylepna ORABOND\u00ae 1810 PE"},"content":{"rendered":"<p>Dwustronna ta\u015bma samoprzylepna sk\u0142ada si\u0119 z bia\u0142ej pianki polietylenowej o zamkni\u0119tych kom\u00f3rkach, pokrytej po obu stronach akrylowym klejem samoprzylepnym. Klej samoprzylepny gwarantuje doskona\u0142\u0105 odporno\u015b\u0107 na temperatur\u0119, wysok\u0105 wytrzyma\u0142o\u015b\u0107 ko\u0144cow\u0105 i odporno\u015b\u0107 na plastyfikatory, kwasy, zasady i rozpuszczalniki. Jest r\u00f3wnie\u017c kompatybilny z szerok\u0105 gam\u0105 lakier\u00f3w lustrzanych.<\/p>\n<p><strong>Obszary zastosowania<\/strong><\/p>\n<p>Do komercyjnego monta\u017cu luster w przemy\u015ble meblarskim i sanitarnym. Zalecana powierzchnia ta\u015bmy samoprzylepnej na 1 kg masy lustra wynosi co najmniej 60 cm\u00b2. Trwa\u0142e \u0142\u0105czenie z aluminium, stal\u0105 i zewn\u0119trzn\u0105 pow\u0142ok\u0105 GRP w produkcji nadwozi skrzyniowych i kontener\u00f3w do samochod\u00f3w ci\u0119\u017carowych. Mocowanie tabliczek znamionowych i znamionowych, a tak\u017ce wy\u015bwietlaczy i pr\u00f3bek produkt\u00f3w w bran\u017cy materia\u0142\u00f3w reklamowych. W przemy\u015ble AGD i elektrycznym do mocowania paneli i wspornik\u00f3w. Targi i wyposa\u017cenie sklep\u00f3w. Produkt ten zapewnia trwa\u0142e po\u0142\u0105czenie zewn\u0119trzne r\u00f3wnie\u017c z panelami aluminiowymi i szklanymi, dzi\u0119ki czemu nadaje si\u0119 do produkcji paneli s\u0142onecznych.<\/p>\n","protected":false},"excerpt":{"rendered":"<p>Dwustronna ta\u015bma samoprzylepna sk\u0142ada si\u0119 z bia\u0142ej pianki polietylenowej o zamkni\u0119tych kom\u00f3rkach, pokrytej po obu stronach akrylowym klejem samoprzylepnym. Klej samoprzylepny gwarantuje doskona\u0142\u0105 odporno\u015b\u0107 na temperatur\u0119, wysok\u0105 wytrzyma\u0142o\u015b\u0107 ko\u0144cow\u0105 i odporno\u015b\u0107 na plastyfikatory, kwasy, zasady i rozpuszczalniki. Jest r\u00f3wnie\u017c kompatybilny z szerok\u0105 gam\u0105 lakier\u00f3w lustrzanych. Obszary zastosowania Do komercyjnego monta\u017cu luster w przemy\u015ble meblarskim i [&hellip;]<\/p>\n","protected":false},"featured_media":29238,"template":"","meta":{"_acf_changed":false},"pwb-brand":[2860],"product_brand":[],"product_cat":[1783,1814],"product_tag":[],"class_list":{"0":"post-38456","1":"product","2":"type-product","3":"status-publish","4":"has-post-thumbnail","6":"pwb-brand-orafol-pl","7":"product_cat-tasma-piankowa-pe","8":"product_cat-tasmy-dwustronnie-klejace","10":"first","11":"instock","12":"taxable","13":"shipping-taxable","14":"purchasable","15":"product-type-variable"},"acf":[],"yoast_head":"<!-- This site is optimized with the Yoast SEO plugin v27.3 - https:\/\/yoast.com\/product\/yoast-seo-wordpress\/ -->\n<title>Piankowa ta\u015bma klej\u0105ca ORABOND\u00ae 1810 PE | Cardinal TAPES<\/title>\n<meta name=\"description\" content=\"Orabond 1810 sk\u0142ada si\u0119 z bia\u0142ej pianki polietylenowej o zamkni\u0119tych kom\u00f3rkach pokrytej z obu stron akrylowym klejem wra\u017cliwym na nacisk.\" \/>\n<meta name=\"robots\" content=\"index, follow, max-snippet:-1, max-image-preview:large, max-video-preview:-1\" \/>\n<link rel=\"canonical\" href=\"https:\/\/cardinal-tapes.com\/pl\/ta\u015bmy-samoprzylepne\/tasma-piankowa-pe\/orabond-1810-pe-foam-adhesive-tape\/\" \/>\n<meta property=\"og:locale\" content=\"pl_PL\" \/>\n<meta property=\"og:type\" content=\"article\" \/>\n<meta property=\"og:title\" content=\"Piankowa ta\u015bma klej\u0105ca ORABOND\u00ae 1810 PE | Cardinal TAPES\" \/>\n<meta property=\"og:description\" content=\"Orabond 1810 sk\u0142ada si\u0119 z bia\u0142ej pianki polietylenowej o zamkni\u0119tych kom\u00f3rkach pokrytej z obu stron akrylowym klejem wra\u017cliwym na nacisk.\" \/>\n<meta property=\"og:url\" content=\"https:\/\/cardinal-tapes.com\/pl\/ta\u015bmy-samoprzylepne\/tasma-piankowa-pe\/orabond-1810-pe-foam-adhesive-tape\/\" \/>\n<meta property=\"og:site_name\" content=\"cardinal TAPES\" \/>\n<meta property=\"og:image\" content=\"https:\/\/cardinal-tapes.com\/wp-content\/uploads\/1810b-scaled.jpg\" \/>\n\t<meta property=\"og:image:width\" content=\"2560\" \/>\n\t<meta property=\"og:image:height\" content=\"1707\" \/>\n\t<meta property=\"og:image:type\" content=\"image\/jpeg\" \/>\n<meta name=\"twitter:card\" content=\"summary_large_image\" \/>\n<meta name=\"twitter:label1\" content=\"Szacowany czas czytania\" \/>\n\t<meta name=\"twitter:data1\" content=\"1 minuta\" \/>\n<script type=\"application\/ld+json\" class=\"yoast-schema-graph\">{\"@context\":\"https:\\\/\\\/schema.org\",\"@graph\":[{\"@type\":\"WebPage\",\"@id\":\"https:\\\/\\\/cardinal-tapes.com\\\/pl\\\/ta\u015bmy-samoprzylepne\\\/tasma-piankowa-pe\\\/orabond-1810-pe-foam-adhesive-tape\\\/\",\"url\":\"https:\\\/\\\/cardinal-tapes.com\\\/pl\\\/ta\u015bmy-samoprzylepne\\\/tasma-piankowa-pe\\\/orabond-1810-pe-foam-adhesive-tape\\\/\",\"name\":\"Piankowa ta\u015bma klej\u0105ca ORABOND\u00ae 1810 PE | Cardinal TAPES\",\"isPartOf\":{\"@id\":\"https:\\\/\\\/cardinal-tapes.com\\\/#website\"},\"primaryImageOfPage\":{\"@id\":\"https:\\\/\\\/cardinal-tapes.com\\\/pl\\\/ta\u015bmy-samoprzylepne\\\/tasma-piankowa-pe\\\/orabond-1810-pe-foam-adhesive-tape\\\/#primaryimage\"},\"image\":{\"@id\":\"https:\\\/\\\/cardinal-tapes.com\\\/pl\\\/ta\u015bmy-samoprzylepne\\\/tasma-piankowa-pe\\\/orabond-1810-pe-foam-adhesive-tape\\\/#primaryimage\"},\"thumbnailUrl\":\"https:\\\/\\\/cardinal-tapes.com\\\/wp-content\\\/uploads\\\/1810b-scaled.jpg\",\"datePublished\":\"2023-06-05T14:47:07+00:00\",\"description\":\"Orabond 1810 sk\u0142ada si\u0119 z bia\u0142ej pianki polietylenowej o zamkni\u0119tych kom\u00f3rkach pokrytej z obu stron akrylowym klejem wra\u017cliwym na nacisk.\",\"breadcrumb\":{\"@id\":\"https:\\\/\\\/cardinal-tapes.com\\\/pl\\\/ta\u015bmy-samoprzylepne\\\/tasma-piankowa-pe\\\/orabond-1810-pe-foam-adhesive-tape\\\/#breadcrumb\"},\"inLanguage\":\"pl-PL\",\"potentialAction\":[{\"@type\":\"ReadAction\",\"target\":[\"https:\\\/\\\/cardinal-tapes.com\\\/pl\\\/ta\u015bmy-samoprzylepne\\\/tasma-piankowa-pe\\\/orabond-1810-pe-foam-adhesive-tape\\\/\"]}]},{\"@type\":\"ImageObject\",\"inLanguage\":\"pl-PL\",\"@id\":\"https:\\\/\\\/cardinal-tapes.com\\\/pl\\\/ta\u015bmy-samoprzylepne\\\/tasma-piankowa-pe\\\/orabond-1810-pe-foam-adhesive-tape\\\/#primaryimage\",\"url\":\"https:\\\/\\\/cardinal-tapes.com\\\/wp-content\\\/uploads\\\/1810b-scaled.jpg\",\"contentUrl\":\"https:\\\/\\\/cardinal-tapes.com\\\/wp-content\\\/uploads\\\/1810b-scaled.jpg\",\"width\":2560,\"height\":1707},{\"@type\":\"BreadcrumbList\",\"@id\":\"https:\\\/\\\/cardinal-tapes.com\\\/pl\\\/ta\u015bmy-samoprzylepne\\\/tasma-piankowa-pe\\\/orabond-1810-pe-foam-adhesive-tape\\\/#breadcrumb\",\"itemListElement\":[{\"@type\":\"ListItem\",\"position\":1,\"name\":\"Startseite\",\"item\":\"https:\\\/\\\/cardinal-tapes.com\\\/pl\\\/strona-glowna\\\/\"},{\"@type\":\"ListItem\",\"position\":2,\"name\":\"Ta\u015bmy samoprzylepne\",\"item\":\"https:\\\/\\\/cardinal-tapes.com\\\/pl\\\/tasmy-samoprzylepne-pl\\\/\"},{\"@type\":\"ListItem\",\"position\":3,\"name\":\"Ta\u015bma piankowa PE\",\"item\":\"https:\\\/\\\/cardinal-tapes.com\\\/pl\\\/kategoria\\\/tasma-piankowa-pe\\\/\"},{\"@type\":\"ListItem\",\"position\":4,\"name\":\"Piankowa ta\u015bma samoprzylepna ORABOND\u00ae 1810 PE\"}]},{\"@type\":\"WebSite\",\"@id\":\"https:\\\/\\\/cardinal-tapes.com\\\/#website\",\"url\":\"https:\\\/\\\/cardinal-tapes.com\\\/\",\"name\":\"cardinal TAPES\",\"description\":\"Klebetechnik aus Wuppertal\",\"potentialAction\":[{\"@type\":\"SearchAction\",\"target\":{\"@type\":\"EntryPoint\",\"urlTemplate\":\"https:\\\/\\\/cardinal-tapes.com\\\/?s={search_term_string}\"},\"query-input\":{\"@type\":\"PropertyValueSpecification\",\"valueRequired\":true,\"valueName\":\"search_term_string\"}}],\"inLanguage\":\"pl-PL\"}]}<\/script>\n<!-- \/ Yoast SEO plugin. -->","yoast_head_json":{"title":"Piankowa ta\u015bma klej\u0105ca ORABOND\u00ae 1810 PE | Cardinal TAPES","description":"Orabond 1810 sk\u0142ada si\u0119 z bia\u0142ej pianki polietylenowej o zamkni\u0119tych kom\u00f3rkach pokrytej z obu stron akrylowym klejem wra\u017cliwym na nacisk.","robots":{"index":"index","follow":"follow","max-snippet":"max-snippet:-1","max-image-preview":"max-image-preview:large","max-video-preview":"max-video-preview:-1"},"canonical":"https:\/\/cardinal-tapes.com\/pl\/ta\u015bmy-samoprzylepne\/tasma-piankowa-pe\/orabond-1810-pe-foam-adhesive-tape\/","og_locale":"pl_PL","og_type":"article","og_title":"Piankowa ta\u015bma klej\u0105ca ORABOND\u00ae 1810 PE | Cardinal TAPES","og_description":"Orabond 1810 sk\u0142ada si\u0119 z bia\u0142ej pianki polietylenowej o zamkni\u0119tych kom\u00f3rkach pokrytej z obu stron akrylowym klejem wra\u017cliwym na nacisk.","og_url":"https:\/\/cardinal-tapes.com\/pl\/ta\u015bmy-samoprzylepne\/tasma-piankowa-pe\/orabond-1810-pe-foam-adhesive-tape\/","og_site_name":"cardinal TAPES","og_image":[{"width":2560,"height":1707,"url":"https:\/\/cardinal-tapes.com\/wp-content\/uploads\/1810b-scaled.jpg","type":"image\/jpeg"}],"twitter_card":"summary_large_image","twitter_misc":{"Szacowany czas czytania":"1 minuta"},"schema":{"@context":"https:\/\/schema.org","@graph":[{"@type":"WebPage","@id":"https:\/\/cardinal-tapes.com\/pl\/ta\u015bmy-samoprzylepne\/tasma-piankowa-pe\/orabond-1810-pe-foam-adhesive-tape\/","url":"https:\/\/cardinal-tapes.com\/pl\/ta\u015bmy-samoprzylepne\/tasma-piankowa-pe\/orabond-1810-pe-foam-adhesive-tape\/","name":"Piankowa ta\u015bma klej\u0105ca ORABOND\u00ae 1810 PE | Cardinal TAPES","isPartOf":{"@id":"https:\/\/cardinal-tapes.com\/#website"},"primaryImageOfPage":{"@id":"https:\/\/cardinal-tapes.com\/pl\/ta\u015bmy-samoprzylepne\/tasma-piankowa-pe\/orabond-1810-pe-foam-adhesive-tape\/#primaryimage"},"image":{"@id":"https:\/\/cardinal-tapes.com\/pl\/ta\u015bmy-samoprzylepne\/tasma-piankowa-pe\/orabond-1810-pe-foam-adhesive-tape\/#primaryimage"},"thumbnailUrl":"https:\/\/cardinal-tapes.com\/wp-content\/uploads\/1810b-scaled.jpg","datePublished":"2023-06-05T14:47:07+00:00","description":"Orabond 1810 sk\u0142ada si\u0119 z bia\u0142ej pianki polietylenowej o zamkni\u0119tych kom\u00f3rkach pokrytej z obu stron akrylowym klejem wra\u017cliwym na nacisk.","breadcrumb":{"@id":"https:\/\/cardinal-tapes.com\/pl\/ta\u015bmy-samoprzylepne\/tasma-piankowa-pe\/orabond-1810-pe-foam-adhesive-tape\/#breadcrumb"},"inLanguage":"pl-PL","potentialAction":[{"@type":"ReadAction","target":["https:\/\/cardinal-tapes.com\/pl\/ta\u015bmy-samoprzylepne\/tasma-piankowa-pe\/orabond-1810-pe-foam-adhesive-tape\/"]}]},{"@type":"ImageObject","inLanguage":"pl-PL","@id":"https:\/\/cardinal-tapes.com\/pl\/ta\u015bmy-samoprzylepne\/tasma-piankowa-pe\/orabond-1810-pe-foam-adhesive-tape\/#primaryimage","url":"https:\/\/cardinal-tapes.com\/wp-content\/uploads\/1810b-scaled.jpg","contentUrl":"https:\/\/cardinal-tapes.com\/wp-content\/uploads\/1810b-scaled.jpg","width":2560,"height":1707},{"@type":"BreadcrumbList","@id":"https:\/\/cardinal-tapes.com\/pl\/ta\u015bmy-samoprzylepne\/tasma-piankowa-pe\/orabond-1810-pe-foam-adhesive-tape\/#breadcrumb","itemListElement":[{"@type":"ListItem","position":1,"name":"Startseite","item":"https:\/\/cardinal-tapes.com\/pl\/strona-glowna\/"},{"@type":"ListItem","position":2,"name":"Ta\u015bmy samoprzylepne","item":"https:\/\/cardinal-tapes.com\/pl\/tasmy-samoprzylepne-pl\/"},{"@type":"ListItem","position":3,"name":"Ta\u015bma piankowa PE","item":"https:\/\/cardinal-tapes.com\/pl\/kategoria\/tasma-piankowa-pe\/"},{"@type":"ListItem","position":4,"name":"Piankowa ta\u015bma samoprzylepna ORABOND\u00ae 1810 PE"}]},{"@type":"WebSite","@id":"https:\/\/cardinal-tapes.com\/#website","url":"https:\/\/cardinal-tapes.com\/","name":"cardinal TAPES","description":"Klebetechnik aus Wuppertal","potentialAction":[{"@type":"SearchAction","target":{"@type":"EntryPoint","urlTemplate":"https:\/\/cardinal-tapes.com\/?s={search_term_string}"},"query-input":{"@type":"PropertyValueSpecification","valueRequired":true,"valueName":"search_term_string"}}],"inLanguage":"pl-PL"}]}},"brands":[{"id":2860,"name":"ORAFOL","slug":"orafol-pl"}],"_links":{"self":[{"href":"https:\/\/cardinal-tapes.com\/pl\/wp-json\/wp\/v2\/product\/38456","targetHints":{"allow":["GET"]}}],"collection":[{"href":"https:\/\/cardinal-tapes.com\/pl\/wp-json\/wp\/v2\/product"}],"about":[{"href":"https:\/\/cardinal-tapes.com\/pl\/wp-json\/wp\/v2\/types\/product"}],"wp:featuredmedia":[{"embeddable":true,"href":"https:\/\/cardinal-tapes.com\/pl\/wp-json\/wp\/v2\/media\/29238"}],"wp:attachment":[{"href":"https:\/\/cardinal-tapes.com\/pl\/wp-json\/wp\/v2\/media?parent=38456"}],"wp:term":[{"taxonomy":"pwb-brand","embeddable":true,"href":"https:\/\/cardinal-tapes.com\/pl\/wp-json\/wp\/v2\/pwb-brand?post=38456"},{"taxonomy":"product_brand","embeddable":true,"href":"https:\/\/cardinal-tapes.com\/pl\/wp-json\/wp\/v2\/product_brand?post=38456"},{"taxonomy":"product_cat","embeddable":true,"href":"https:\/\/cardinal-tapes.com\/pl\/wp-json\/wp\/v2\/product_cat?post=38456"},{"taxonomy":"product_tag","embeddable":true,"href":"https:\/\/cardinal-tapes.com\/pl\/wp-json\/wp\/v2\/product_tag?post=38456"}],"curies":[{"name":"wp","href":"https:\/\/api.w.org\/{rel}","templated":true}]}}