{"id":38455,"date":"2023-03-09T15:33:53","date_gmt":"2023-06-05T14:47:07","guid":{"rendered":"https:\/\/cardinal.pixel-tal.de\/klebebaender\/bez-kategorii\/tasma-maskujaca-tesa-4831-bez-silikonu\/"},"modified":"2023-06-05T16:47:07","modified_gmt":"2023-06-05T14:47:07","slug":"bezkrzemowa-tasma-maskujaca-tesa-4831","status":"publish","type":"product","link":"https:\/\/cardinal-tapes.com\/pl\/ta\u015bmy-samoprzylepne\/jednostronne-tasmy-samoprzylepne\/folia-pet\/bezkrzemowa-tasma-maskujaca-tesa-4831\/","title":{"rendered":"Ta\u015bma maskuj\u0105ca tesa\u00ae 4831 bez silikonu"},"content":{"rendered":"<p>Niezawieraj\u0105ca silikonu ta\u015bma maskuj\u0105ca <span class=\"lowercase\">tesa\u00ae<\/span>4831 mo\u017ce wytrzyma\u0107 wysokie ci\u015bnienie i wysokie temperatury do 180 \u00b0C. Wytrzyma\u0142e pod\u0142o\u017ce to laminat folii PET i w\u0142\u00f3kniny, kt\u00f3ry z \u0142atwo\u015bci\u0105 wytrzymuje te temperatury i zapewnia precyzyjne kraw\u0119dzie kolor\u00f3w. Bezpieczna obs\u0142uga jest r\u00f3wnie\u017c gwarantowana, poniewa\u017c ta\u015bma charakteryzuje si\u0119 wysok\u0105 odporno\u015bci\u0105 na rozdarcie i jest przyjazna dla palc\u00f3w. Klej niezawieraj\u0105cy silikonu zapewnia doskona\u0142\u0105 przyczepno\u015b\u0107 do chropowatych powierzchni. Nie powoduje efektu smu\u017cenia ani przebarwie\u0144 na r\u00f3\u017cnych powierzchniach i pomaga osi\u0105gn\u0105\u0107 zadowalaj\u0105ce rezultaty.<\/p>\n<p>Zanieczyszczenie krzy\u017cowe w obszarach produkcyjnych oznacza, \u017ce kolejne procesy nie mog\u0105 by\u0107 przeprowadzane bez dalszej obr\u00f3bki. Mo\u017cna jednak unikn\u0105\u0107 czasoch\u0142onnych prac porz\u0105dkowych w trakcie produkcji. Wszechstronna ta\u015bma maskuj\u0105ca <span class=\"lowercase\">tesa\u00ae<\/span>4831 skutecznie zmniejsza potrzeb\u0119 przer\u00f3bek lub liczb\u0119 wadliwych produkt\u00f3w, oszcz\u0119dzaj\u0105c czas i pieni\u0105dze. Jest w 100% wolny od silikon\u00f3w organicznych. Po zako\u0144czeniu etapu roboczego nasz\u0105 ta\u015bm\u0119 samoprzylepn\u0105 mo\u017cna usun\u0105\u0107 bez pozostawiania \u015blad\u00f3w, zapewniaj\u0105c w ten spos\u00f3b maksymaln\u0105 niezawodno\u015b\u0107 produkcji. To mo\u017ce trwa\u0107 &#8211; bez dodatkowej pracy!<\/p>\n","protected":false},"excerpt":{"rendered":"<p>Niezawieraj\u0105ca silikonu ta\u015bma maskuj\u0105ca tesa\u00ae4831 mo\u017ce wytrzyma\u0107 wysokie ci\u015bnienie i wysokie temperatury do 180 \u00b0C. Wytrzyma\u0142e pod\u0142o\u017ce to laminat folii PET i w\u0142\u00f3kniny, kt\u00f3ry z \u0142atwo\u015bci\u0105 wytrzymuje te temperatury i zapewnia precyzyjne kraw\u0119dzie kolor\u00f3w. Bezpieczna obs\u0142uga jest r\u00f3wnie\u017c gwarantowana, poniewa\u017c ta\u015bma charakteryzuje si\u0119 wysok\u0105 odporno\u015bci\u0105 na rozdarcie i jest przyjazna dla palc\u00f3w. Klej niezawieraj\u0105cy silikonu [&hellip;]<\/p>\n","protected":false},"featured_media":29214,"template":"","meta":{"_acf_changed":false},"pwb-brand":[2164],"product_brand":[],"product_cat":[1816,1819,1867],"product_tag":[],"class_list":{"0":"post-38455","1":"product","2":"type-product","3":"status-publish","4":"has-post-thumbnail","6":"pwb-brand-tesa-pl","7":"product_cat-jednostronne-tasmy-samoprzylepne","8":"product_cat-folia-pet","9":"product_cat-systemy-pakowania","11":"first","12":"instock","13":"featured","14":"taxable","15":"shipping-taxable","16":"purchasable","17":"product-type-variable"},"acf":[],"yoast_head":"<!-- This site is optimized with the Yoast SEO plugin v27.3 - https:\/\/yoast.com\/product\/yoast-seo-wordpress\/ -->\n<title>Ta\u015bma maskuj\u0105ca tesa\u00ae 4831 bez silikonu | Cardinal TAPES<\/title>\n<meta name=\"description\" content=\"Niezawieraj\u0105ca silikonu ta\u015bma maskuj\u0105ca tesa\u00ae 4831 jest laminatem folii PET i w\u0142\u00f3kniny i mo\u017ce wytrzyma\u0107 wysokie ci\u015bnienie i temperatury do 180 \u00b0C.\" \/>\n<meta name=\"robots\" content=\"index, follow, max-snippet:-1, max-image-preview:large, max-video-preview:-1\" \/>\n<link rel=\"canonical\" href=\"https:\/\/cardinal-tapes.com\/pl\/ta\u015bmy-samoprzylepne\/jednostronne-tasmy-samoprzylepne\/bezkrzemowa-tasma-maskujaca-tesa-4831\/\" \/>\n<meta property=\"og:locale\" content=\"pl_PL\" \/>\n<meta property=\"og:type\" content=\"article\" \/>\n<meta property=\"og:title\" content=\"Ta\u015bma maskuj\u0105ca tesa\u00ae 4831 bez silikonu | Cardinal TAPES\" \/>\n<meta property=\"og:description\" content=\"Niezawieraj\u0105ca silikonu ta\u015bma maskuj\u0105ca tesa\u00ae 4831 jest laminatem folii PET i w\u0142\u00f3kniny i mo\u017ce wytrzyma\u0107 wysokie ci\u015bnienie i temperatury do 180 \u00b0C.\" \/>\n<meta property=\"og:url\" content=\"https:\/\/cardinal-tapes.com\/pl\/ta\u015bmy-samoprzylepne\/jednostronne-tasmy-samoprzylepne\/bezkrzemowa-tasma-maskujaca-tesa-4831\/\" \/>\n<meta property=\"og:site_name\" content=\"cardinal TAPES\" \/>\n<meta property=\"og:image\" content=\"https:\/\/cardinal-tapes.com\/wp-content\/uploads\/tesa-4831-048310000000-pr10795894_padded1x1_9.webp\" \/>\n\t<meta property=\"og:image:width\" content=\"928\" \/>\n\t<meta property=\"og:image:height\" content=\"928\" \/>\n\t<meta property=\"og:image:type\" content=\"image\/webp\" \/>\n<meta name=\"twitter:card\" content=\"summary_large_image\" \/>\n<meta name=\"twitter:label1\" content=\"Szacowany czas czytania\" \/>\n\t<meta name=\"twitter:data1\" content=\"1 minuta\" \/>\n<script type=\"application\/ld+json\" class=\"yoast-schema-graph\">{\"@context\":\"https:\\\/\\\/schema.org\",\"@graph\":[{\"@type\":\"WebPage\",\"@id\":\"https:\\\/\\\/cardinal-tapes.com\\\/pl\\\/ta\u015bmy-samoprzylepne\\\/jednostronne-tasmy-samoprzylepne\\\/bezkrzemowa-tasma-maskujaca-tesa-4831\\\/\",\"url\":\"https:\\\/\\\/cardinal-tapes.com\\\/pl\\\/ta\u015bmy-samoprzylepne\\\/jednostronne-tasmy-samoprzylepne\\\/bezkrzemowa-tasma-maskujaca-tesa-4831\\\/\",\"name\":\"Ta\u015bma maskuj\u0105ca tesa\u00ae 4831 bez silikonu | Cardinal TAPES\",\"isPartOf\":{\"@id\":\"https:\\\/\\\/cardinal-tapes.com\\\/#website\"},\"primaryImageOfPage\":{\"@id\":\"https:\\\/\\\/cardinal-tapes.com\\\/pl\\\/ta\u015bmy-samoprzylepne\\\/jednostronne-tasmy-samoprzylepne\\\/bezkrzemowa-tasma-maskujaca-tesa-4831\\\/#primaryimage\"},\"image\":{\"@id\":\"https:\\\/\\\/cardinal-tapes.com\\\/pl\\\/ta\u015bmy-samoprzylepne\\\/jednostronne-tasmy-samoprzylepne\\\/bezkrzemowa-tasma-maskujaca-tesa-4831\\\/#primaryimage\"},\"thumbnailUrl\":\"https:\\\/\\\/cardinal-tapes.com\\\/wp-content\\\/uploads\\\/tesa-4831-048310000000-pr10795894_padded1x1_9.webp\",\"datePublished\":\"2023-06-05T14:47:07+00:00\",\"description\":\"Niezawieraj\u0105ca silikonu ta\u015bma maskuj\u0105ca tesa\u00ae 4831 jest laminatem folii PET i w\u0142\u00f3kniny i mo\u017ce wytrzyma\u0107 wysokie ci\u015bnienie i temperatury do 180 \u00b0C.\",\"breadcrumb\":{\"@id\":\"https:\\\/\\\/cardinal-tapes.com\\\/pl\\\/ta\u015bmy-samoprzylepne\\\/jednostronne-tasmy-samoprzylepne\\\/bezkrzemowa-tasma-maskujaca-tesa-4831\\\/#breadcrumb\"},\"inLanguage\":\"pl-PL\",\"potentialAction\":[{\"@type\":\"ReadAction\",\"target\":[\"https:\\\/\\\/cardinal-tapes.com\\\/pl\\\/ta\u015bmy-samoprzylepne\\\/jednostronne-tasmy-samoprzylepne\\\/bezkrzemowa-tasma-maskujaca-tesa-4831\\\/\"]}]},{\"@type\":\"ImageObject\",\"inLanguage\":\"pl-PL\",\"@id\":\"https:\\\/\\\/cardinal-tapes.com\\\/pl\\\/ta\u015bmy-samoprzylepne\\\/jednostronne-tasmy-samoprzylepne\\\/bezkrzemowa-tasma-maskujaca-tesa-4831\\\/#primaryimage\",\"url\":\"https:\\\/\\\/cardinal-tapes.com\\\/wp-content\\\/uploads\\\/tesa-4831-048310000000-pr10795894_padded1x1_9.webp\",\"contentUrl\":\"https:\\\/\\\/cardinal-tapes.com\\\/wp-content\\\/uploads\\\/tesa-4831-048310000000-pr10795894_padded1x1_9.webp\",\"width\":928,\"height\":928},{\"@type\":\"BreadcrumbList\",\"@id\":\"https:\\\/\\\/cardinal-tapes.com\\\/pl\\\/ta\u015bmy-samoprzylepne\\\/jednostronne-tasmy-samoprzylepne\\\/bezkrzemowa-tasma-maskujaca-tesa-4831\\\/#breadcrumb\",\"itemListElement\":[{\"@type\":\"ListItem\",\"position\":1,\"name\":\"Startseite\",\"item\":\"https:\\\/\\\/cardinal-tapes.com\\\/pl\\\/strona-glowna\\\/\"},{\"@type\":\"ListItem\",\"position\":2,\"name\":\"Ta\u015bmy samoprzylepne\",\"item\":\"https:\\\/\\\/cardinal-tapes.com\\\/pl\\\/tasmy-samoprzylepne-pl\\\/\"},{\"@type\":\"ListItem\",\"position\":3,\"name\":\"Jednostronne ta\u015bmy samoprzylepne\",\"item\":\"https:\\\/\\\/cardinal-tapes.com\\\/pl\\\/kategoria\\\/jednostronne-tasmy-samoprzylepne\\\/\"},{\"@type\":\"ListItem\",\"position\":4,\"name\":\"Ta\u015bma maskuj\u0105ca tesa\u00ae 4831 bez silikonu\"}]},{\"@type\":\"WebSite\",\"@id\":\"https:\\\/\\\/cardinal-tapes.com\\\/#website\",\"url\":\"https:\\\/\\\/cardinal-tapes.com\\\/\",\"name\":\"cardinal TAPES\",\"description\":\"Klebetechnik aus Wuppertal\",\"potentialAction\":[{\"@type\":\"SearchAction\",\"target\":{\"@type\":\"EntryPoint\",\"urlTemplate\":\"https:\\\/\\\/cardinal-tapes.com\\\/?s={search_term_string}\"},\"query-input\":{\"@type\":\"PropertyValueSpecification\",\"valueRequired\":true,\"valueName\":\"search_term_string\"}}],\"inLanguage\":\"pl-PL\"}]}<\/script>\n<!-- \/ Yoast SEO plugin. -->","yoast_head_json":{"title":"Ta\u015bma maskuj\u0105ca tesa\u00ae 4831 bez silikonu | Cardinal TAPES","description":"Niezawieraj\u0105ca silikonu ta\u015bma maskuj\u0105ca tesa\u00ae 4831 jest laminatem folii PET i w\u0142\u00f3kniny i mo\u017ce wytrzyma\u0107 wysokie ci\u015bnienie i temperatury do 180 \u00b0C.","robots":{"index":"index","follow":"follow","max-snippet":"max-snippet:-1","max-image-preview":"max-image-preview:large","max-video-preview":"max-video-preview:-1"},"canonical":"https:\/\/cardinal-tapes.com\/pl\/ta\u015bmy-samoprzylepne\/jednostronne-tasmy-samoprzylepne\/bezkrzemowa-tasma-maskujaca-tesa-4831\/","og_locale":"pl_PL","og_type":"article","og_title":"Ta\u015bma maskuj\u0105ca tesa\u00ae 4831 bez silikonu | Cardinal TAPES","og_description":"Niezawieraj\u0105ca silikonu ta\u015bma maskuj\u0105ca tesa\u00ae 4831 jest laminatem folii PET i w\u0142\u00f3kniny i mo\u017ce wytrzyma\u0107 wysokie ci\u015bnienie i temperatury do 180 \u00b0C.","og_url":"https:\/\/cardinal-tapes.com\/pl\/ta\u015bmy-samoprzylepne\/jednostronne-tasmy-samoprzylepne\/bezkrzemowa-tasma-maskujaca-tesa-4831\/","og_site_name":"cardinal TAPES","og_image":[{"width":928,"height":928,"url":"https:\/\/cardinal-tapes.com\/wp-content\/uploads\/tesa-4831-048310000000-pr10795894_padded1x1_9.webp","type":"image\/webp"}],"twitter_card":"summary_large_image","twitter_misc":{"Szacowany czas czytania":"1 minuta"},"schema":{"@context":"https:\/\/schema.org","@graph":[{"@type":"WebPage","@id":"https:\/\/cardinal-tapes.com\/pl\/ta\u015bmy-samoprzylepne\/jednostronne-tasmy-samoprzylepne\/bezkrzemowa-tasma-maskujaca-tesa-4831\/","url":"https:\/\/cardinal-tapes.com\/pl\/ta\u015bmy-samoprzylepne\/jednostronne-tasmy-samoprzylepne\/bezkrzemowa-tasma-maskujaca-tesa-4831\/","name":"Ta\u015bma maskuj\u0105ca tesa\u00ae 4831 bez silikonu | Cardinal TAPES","isPartOf":{"@id":"https:\/\/cardinal-tapes.com\/#website"},"primaryImageOfPage":{"@id":"https:\/\/cardinal-tapes.com\/pl\/ta\u015bmy-samoprzylepne\/jednostronne-tasmy-samoprzylepne\/bezkrzemowa-tasma-maskujaca-tesa-4831\/#primaryimage"},"image":{"@id":"https:\/\/cardinal-tapes.com\/pl\/ta\u015bmy-samoprzylepne\/jednostronne-tasmy-samoprzylepne\/bezkrzemowa-tasma-maskujaca-tesa-4831\/#primaryimage"},"thumbnailUrl":"https:\/\/cardinal-tapes.com\/wp-content\/uploads\/tesa-4831-048310000000-pr10795894_padded1x1_9.webp","datePublished":"2023-06-05T14:47:07+00:00","description":"Niezawieraj\u0105ca silikonu ta\u015bma maskuj\u0105ca tesa\u00ae 4831 jest laminatem folii PET i w\u0142\u00f3kniny i mo\u017ce wytrzyma\u0107 wysokie ci\u015bnienie i temperatury do 180 \u00b0C.","breadcrumb":{"@id":"https:\/\/cardinal-tapes.com\/pl\/ta\u015bmy-samoprzylepne\/jednostronne-tasmy-samoprzylepne\/bezkrzemowa-tasma-maskujaca-tesa-4831\/#breadcrumb"},"inLanguage":"pl-PL","potentialAction":[{"@type":"ReadAction","target":["https:\/\/cardinal-tapes.com\/pl\/ta\u015bmy-samoprzylepne\/jednostronne-tasmy-samoprzylepne\/bezkrzemowa-tasma-maskujaca-tesa-4831\/"]}]},{"@type":"ImageObject","inLanguage":"pl-PL","@id":"https:\/\/cardinal-tapes.com\/pl\/ta\u015bmy-samoprzylepne\/jednostronne-tasmy-samoprzylepne\/bezkrzemowa-tasma-maskujaca-tesa-4831\/#primaryimage","url":"https:\/\/cardinal-tapes.com\/wp-content\/uploads\/tesa-4831-048310000000-pr10795894_padded1x1_9.webp","contentUrl":"https:\/\/cardinal-tapes.com\/wp-content\/uploads\/tesa-4831-048310000000-pr10795894_padded1x1_9.webp","width":928,"height":928},{"@type":"BreadcrumbList","@id":"https:\/\/cardinal-tapes.com\/pl\/ta\u015bmy-samoprzylepne\/jednostronne-tasmy-samoprzylepne\/bezkrzemowa-tasma-maskujaca-tesa-4831\/#breadcrumb","itemListElement":[{"@type":"ListItem","position":1,"name":"Startseite","item":"https:\/\/cardinal-tapes.com\/pl\/strona-glowna\/"},{"@type":"ListItem","position":2,"name":"Ta\u015bmy samoprzylepne","item":"https:\/\/cardinal-tapes.com\/pl\/tasmy-samoprzylepne-pl\/"},{"@type":"ListItem","position":3,"name":"Jednostronne ta\u015bmy samoprzylepne","item":"https:\/\/cardinal-tapes.com\/pl\/kategoria\/jednostronne-tasmy-samoprzylepne\/"},{"@type":"ListItem","position":4,"name":"Ta\u015bma maskuj\u0105ca tesa\u00ae 4831 bez silikonu"}]},{"@type":"WebSite","@id":"https:\/\/cardinal-tapes.com\/#website","url":"https:\/\/cardinal-tapes.com\/","name":"cardinal TAPES","description":"Klebetechnik aus Wuppertal","potentialAction":[{"@type":"SearchAction","target":{"@type":"EntryPoint","urlTemplate":"https:\/\/cardinal-tapes.com\/?s={search_term_string}"},"query-input":{"@type":"PropertyValueSpecification","valueRequired":true,"valueName":"search_term_string"}}],"inLanguage":"pl-PL"}]}},"brands":[{"id":2164,"name":"tesa","slug":"tesa-pl"}],"_links":{"self":[{"href":"https:\/\/cardinal-tapes.com\/pl\/wp-json\/wp\/v2\/product\/38455","targetHints":{"allow":["GET"]}}],"collection":[{"href":"https:\/\/cardinal-tapes.com\/pl\/wp-json\/wp\/v2\/product"}],"about":[{"href":"https:\/\/cardinal-tapes.com\/pl\/wp-json\/wp\/v2\/types\/product"}],"wp:featuredmedia":[{"embeddable":true,"href":"https:\/\/cardinal-tapes.com\/pl\/wp-json\/wp\/v2\/media\/29214"}],"wp:attachment":[{"href":"https:\/\/cardinal-tapes.com\/pl\/wp-json\/wp\/v2\/media?parent=38455"}],"wp:term":[{"taxonomy":"pwb-brand","embeddable":true,"href":"https:\/\/cardinal-tapes.com\/pl\/wp-json\/wp\/v2\/pwb-brand?post=38455"},{"taxonomy":"product_brand","embeddable":true,"href":"https:\/\/cardinal-tapes.com\/pl\/wp-json\/wp\/v2\/product_brand?post=38455"},{"taxonomy":"product_cat","embeddable":true,"href":"https:\/\/cardinal-tapes.com\/pl\/wp-json\/wp\/v2\/product_cat?post=38455"},{"taxonomy":"product_tag","embeddable":true,"href":"https:\/\/cardinal-tapes.com\/pl\/wp-json\/wp\/v2\/product_tag?post=38455"}],"curies":[{"name":"wp","href":"https:\/\/api.w.org\/{rel}","templated":true}]}}