{"id":38248,"date":"2023-03-10T13:18:35","date_gmt":"2023-06-05T14:42:56","guid":{"rendered":"https:\/\/cardinal.pixel-tal.de\/klebebaender\/bez-kategorii\/transferowa-tasma-klejaca-orabond-1377\/"},"modified":"2023-06-05T16:42:56","modified_gmt":"2023-06-05T14:42:56","slug":"orabond-1377-transfer-tape","status":"publish","type":"product","link":"https:\/\/cardinal-tapes.com\/pl\/ta\u015bmy-samoprzylepne\/obszary-zastosowan\/produkcja-obrobka-aluminium\/orabond-1377-transfer-tape\/","title":{"rendered":"Transferowa ta\u015bma klej\u0105ca ORABOND\u00ae 1377"},"content":{"rendered":"<p>Ta\u015bma transferowa sk\u0142ada si\u0119 z wysoce przezroczystego, wra\u017cliwego na nacisk kleju akrylowego, kt\u00f3ry zapewnia doskona\u0142\u0105 przyczepno\u015b\u0107.<br \/>\nOdporno\u015b\u0107 na promieniowanie UV, stres temperaturowy, chemikalia i rozpuszczalniki oraz wilgo\u0107.<br \/>\nWysoce odporny na \u015bcinanie klej transferowy charakteryzuje si\u0119 doskona\u0142\u0105 trwa\u0142\u0105 przyczepno\u015bci\u0105 do metalu, lakieru i innych materia\u0142\u00f3w.<br \/>\nwysokoenergetyczne powierzchnie z tworzyw sztucznych. Ta\u015bma transferowa jest certyfikowana zgodnie z UL 969.<\/p>\n<p><strong>Zakres zastosowania<\/strong><br \/>\nTen produkt jest odpowiedni do przemys\u0142owego \/ komercyjnego klejenia szorstkich i teksturowanych lub wyt\u0142aczanych powierzchni.<br \/>\npod\u0142o\u017ca. Samoprzylepne wyko\u0144czenie wszelkiego rodzaju znak\u00f3w, dekoracji, paneli przednich i wy\u015bwietlaczy, gdzie istnieje potrzeba<br \/>\nWa\u017cna jest bardzo wysoka wytrzyma\u0142o\u015b\u0107 na \u015bcinanie i przyczepno\u015b\u0107, a tak\u017ce odporno\u015b\u0107 na temperatur\u0119.<br \/>\nPodczas odwijania materia\u0142u z rolki, klej transferowy powinien by\u0107 odklejany pod jak najmniejszym k\u0105tem.<\/p>\n","protected":false},"excerpt":{"rendered":"<p>Ta\u015bma transferowa sk\u0142ada si\u0119 z wysoce przezroczystego, wra\u017cliwego na nacisk kleju akrylowego, kt\u00f3ry zapewnia doskona\u0142\u0105 przyczepno\u015b\u0107. Odporno\u015b\u0107 na promieniowanie UV, stres temperaturowy, chemikalia i rozpuszczalniki oraz wilgo\u0107. Wysoce odporny na \u015bcinanie klej transferowy charakteryzuje si\u0119 doskona\u0142\u0105 trwa\u0142\u0105 przyczepno\u015bci\u0105 do metalu, lakieru i innych materia\u0142\u00f3w. wysokoenergetyczne powierzchnie z tworzyw sztucznych. Ta\u015bma transferowa jest certyfikowana zgodnie z [&hellip;]<\/p>\n","protected":false},"featured_media":29202,"template":"","meta":{"_acf_changed":false},"pwb-brand":[2860],"product_brand":[],"product_cat":[1685,1693,1714,1718,1721,1790,1791,1814],"product_tag":[],"class_list":{"0":"post-38248","1":"product","2":"type-product","3":"status-publish","4":"has-post-thumbnail","6":"pwb-brand-orafol-pl","7":"product_cat-produkcja-obrobka-aluminium","8":"product_cat-przemysl-elektryczny","9":"product_cat-produkcja-folii","10":"product_cat-przemysl-tworzyw-sztucznych","11":"product_cat-inzynieria-mechaniczna","12":"product_cat-przemysl-tekstylny","13":"product_cat-tasma-klejaca-transferowa","14":"product_cat-tasmy-dwustronnie-klejace","16":"first","17":"instock","18":"taxable","19":"shipping-taxable","20":"purchasable","21":"product-type-variable"},"acf":[],"yoast_head":"<!-- This site is optimized with the Yoast SEO plugin v27.3 - https:\/\/yoast.com\/product\/yoast-seo-wordpress\/ -->\n<title>Ta\u015bma transferowa ORABOND\u00ae 1377 | Cardinal TAPES<\/title>\n<meta name=\"description\" content=\"Orabond 1377 sk\u0142ada si\u0119 z czystego kleju akrylowego, kt\u00f3ry ma bardzo dobr\u0105 odporno\u015b\u0107 na promieniowanie UV, chemikalia i wilgo\u0107.\" \/>\n<meta name=\"robots\" content=\"index, follow, max-snippet:-1, max-image-preview:large, max-video-preview:-1\" \/>\n<link rel=\"canonical\" href=\"https:\/\/cardinal-tapes.com\/pl\/ta\u015bmy-samoprzylepne\/produkcja-obrobka-aluminium\/orabond-1377-transfer-tape\/\" \/>\n<meta property=\"og:locale\" content=\"pl_PL\" \/>\n<meta property=\"og:type\" content=\"article\" \/>\n<meta property=\"og:title\" content=\"Ta\u015bma transferowa ORABOND\u00ae 1377 | Cardinal TAPES\" \/>\n<meta property=\"og:description\" content=\"Orabond 1377 sk\u0142ada si\u0119 z czystego kleju akrylowego, kt\u00f3ry ma bardzo dobr\u0105 odporno\u015b\u0107 na promieniowanie UV, chemikalia i wilgo\u0107.\" \/>\n<meta property=\"og:url\" content=\"https:\/\/cardinal-tapes.com\/pl\/ta\u015bmy-samoprzylepne\/produkcja-obrobka-aluminium\/orabond-1377-transfer-tape\/\" \/>\n<meta property=\"og:site_name\" content=\"cardinal TAPES\" \/>\n<meta property=\"og:image\" content=\"https:\/\/cardinal-tapes.com\/wp-content\/uploads\/1375_1377-scaled.jpg\" \/>\n\t<meta property=\"og:image:width\" content=\"2560\" \/>\n\t<meta property=\"og:image:height\" content=\"1707\" \/>\n\t<meta property=\"og:image:type\" content=\"image\/jpeg\" \/>\n<meta name=\"twitter:card\" content=\"summary_large_image\" \/>\n<meta name=\"twitter:label1\" content=\"Szacowany czas czytania\" \/>\n\t<meta name=\"twitter:data1\" content=\"1 minuta\" \/>\n<script type=\"application\/ld+json\" class=\"yoast-schema-graph\">{\"@context\":\"https:\\\/\\\/schema.org\",\"@graph\":[{\"@type\":\"WebPage\",\"@id\":\"https:\\\/\\\/cardinal-tapes.com\\\/pl\\\/ta\u015bmy-samoprzylepne\\\/produkcja-obrobka-aluminium\\\/orabond-1377-transfer-tape\\\/\",\"url\":\"https:\\\/\\\/cardinal-tapes.com\\\/pl\\\/ta\u015bmy-samoprzylepne\\\/produkcja-obrobka-aluminium\\\/orabond-1377-transfer-tape\\\/\",\"name\":\"Ta\u015bma transferowa ORABOND\u00ae 1377 | Cardinal TAPES\",\"isPartOf\":{\"@id\":\"https:\\\/\\\/cardinal-tapes.com\\\/#website\"},\"primaryImageOfPage\":{\"@id\":\"https:\\\/\\\/cardinal-tapes.com\\\/pl\\\/ta\u015bmy-samoprzylepne\\\/produkcja-obrobka-aluminium\\\/orabond-1377-transfer-tape\\\/#primaryimage\"},\"image\":{\"@id\":\"https:\\\/\\\/cardinal-tapes.com\\\/pl\\\/ta\u015bmy-samoprzylepne\\\/produkcja-obrobka-aluminium\\\/orabond-1377-transfer-tape\\\/#primaryimage\"},\"thumbnailUrl\":\"https:\\\/\\\/cardinal-tapes.com\\\/wp-content\\\/uploads\\\/1375_1377-scaled.jpg\",\"datePublished\":\"2023-06-05T14:42:56+00:00\",\"description\":\"Orabond 1377 sk\u0142ada si\u0119 z czystego kleju akrylowego, kt\u00f3ry ma bardzo dobr\u0105 odporno\u015b\u0107 na promieniowanie UV, chemikalia i wilgo\u0107.\",\"breadcrumb\":{\"@id\":\"https:\\\/\\\/cardinal-tapes.com\\\/pl\\\/ta\u015bmy-samoprzylepne\\\/produkcja-obrobka-aluminium\\\/orabond-1377-transfer-tape\\\/#breadcrumb\"},\"inLanguage\":\"pl-PL\",\"potentialAction\":[{\"@type\":\"ReadAction\",\"target\":[\"https:\\\/\\\/cardinal-tapes.com\\\/pl\\\/ta\u015bmy-samoprzylepne\\\/produkcja-obrobka-aluminium\\\/orabond-1377-transfer-tape\\\/\"]}]},{\"@type\":\"ImageObject\",\"inLanguage\":\"pl-PL\",\"@id\":\"https:\\\/\\\/cardinal-tapes.com\\\/pl\\\/ta\u015bmy-samoprzylepne\\\/produkcja-obrobka-aluminium\\\/orabond-1377-transfer-tape\\\/#primaryimage\",\"url\":\"https:\\\/\\\/cardinal-tapes.com\\\/wp-content\\\/uploads\\\/1375_1377-scaled.jpg\",\"contentUrl\":\"https:\\\/\\\/cardinal-tapes.com\\\/wp-content\\\/uploads\\\/1375_1377-scaled.jpg\",\"width\":2560,\"height\":1707},{\"@type\":\"BreadcrumbList\",\"@id\":\"https:\\\/\\\/cardinal-tapes.com\\\/pl\\\/ta\u015bmy-samoprzylepne\\\/produkcja-obrobka-aluminium\\\/orabond-1377-transfer-tape\\\/#breadcrumb\",\"itemListElement\":[{\"@type\":\"ListItem\",\"position\":1,\"name\":\"Startseite\",\"item\":\"https:\\\/\\\/cardinal-tapes.com\\\/pl\\\/strona-glowna\\\/\"},{\"@type\":\"ListItem\",\"position\":2,\"name\":\"Ta\u015bmy samoprzylepne\",\"item\":\"https:\\\/\\\/cardinal-tapes.com\\\/pl\\\/tasmy-samoprzylepne-pl\\\/\"},{\"@type\":\"ListItem\",\"position\":3,\"name\":\"Produkcja \\\/ obr\u00f3bka aluminium\",\"item\":\"https:\\\/\\\/cardinal-tapes.com\\\/pl\\\/kategoria\\\/produkcja-obrobka-aluminium\\\/\"},{\"@type\":\"ListItem\",\"position\":4,\"name\":\"Transferowa ta\u015bma klej\u0105ca ORABOND\u00ae 1377\"}]},{\"@type\":\"WebSite\",\"@id\":\"https:\\\/\\\/cardinal-tapes.com\\\/#website\",\"url\":\"https:\\\/\\\/cardinal-tapes.com\\\/\",\"name\":\"cardinal TAPES\",\"description\":\"Klebetechnik aus Wuppertal\",\"potentialAction\":[{\"@type\":\"SearchAction\",\"target\":{\"@type\":\"EntryPoint\",\"urlTemplate\":\"https:\\\/\\\/cardinal-tapes.com\\\/?s={search_term_string}\"},\"query-input\":{\"@type\":\"PropertyValueSpecification\",\"valueRequired\":true,\"valueName\":\"search_term_string\"}}],\"inLanguage\":\"pl-PL\"}]}<\/script>\n<!-- \/ Yoast SEO plugin. -->","yoast_head_json":{"title":"Ta\u015bma transferowa ORABOND\u00ae 1377 | Cardinal TAPES","description":"Orabond 1377 sk\u0142ada si\u0119 z czystego kleju akrylowego, kt\u00f3ry ma bardzo dobr\u0105 odporno\u015b\u0107 na promieniowanie UV, chemikalia i wilgo\u0107.","robots":{"index":"index","follow":"follow","max-snippet":"max-snippet:-1","max-image-preview":"max-image-preview:large","max-video-preview":"max-video-preview:-1"},"canonical":"https:\/\/cardinal-tapes.com\/pl\/ta\u015bmy-samoprzylepne\/produkcja-obrobka-aluminium\/orabond-1377-transfer-tape\/","og_locale":"pl_PL","og_type":"article","og_title":"Ta\u015bma transferowa ORABOND\u00ae 1377 | Cardinal TAPES","og_description":"Orabond 1377 sk\u0142ada si\u0119 z czystego kleju akrylowego, kt\u00f3ry ma bardzo dobr\u0105 odporno\u015b\u0107 na promieniowanie UV, chemikalia i wilgo\u0107.","og_url":"https:\/\/cardinal-tapes.com\/pl\/ta\u015bmy-samoprzylepne\/produkcja-obrobka-aluminium\/orabond-1377-transfer-tape\/","og_site_name":"cardinal TAPES","og_image":[{"width":2560,"height":1707,"url":"https:\/\/cardinal-tapes.com\/wp-content\/uploads\/1375_1377-scaled.jpg","type":"image\/jpeg"}],"twitter_card":"summary_large_image","twitter_misc":{"Szacowany czas czytania":"1 minuta"},"schema":{"@context":"https:\/\/schema.org","@graph":[{"@type":"WebPage","@id":"https:\/\/cardinal-tapes.com\/pl\/ta\u015bmy-samoprzylepne\/produkcja-obrobka-aluminium\/orabond-1377-transfer-tape\/","url":"https:\/\/cardinal-tapes.com\/pl\/ta\u015bmy-samoprzylepne\/produkcja-obrobka-aluminium\/orabond-1377-transfer-tape\/","name":"Ta\u015bma transferowa ORABOND\u00ae 1377 | Cardinal TAPES","isPartOf":{"@id":"https:\/\/cardinal-tapes.com\/#website"},"primaryImageOfPage":{"@id":"https:\/\/cardinal-tapes.com\/pl\/ta\u015bmy-samoprzylepne\/produkcja-obrobka-aluminium\/orabond-1377-transfer-tape\/#primaryimage"},"image":{"@id":"https:\/\/cardinal-tapes.com\/pl\/ta\u015bmy-samoprzylepne\/produkcja-obrobka-aluminium\/orabond-1377-transfer-tape\/#primaryimage"},"thumbnailUrl":"https:\/\/cardinal-tapes.com\/wp-content\/uploads\/1375_1377-scaled.jpg","datePublished":"2023-06-05T14:42:56+00:00","description":"Orabond 1377 sk\u0142ada si\u0119 z czystego kleju akrylowego, kt\u00f3ry ma bardzo dobr\u0105 odporno\u015b\u0107 na promieniowanie UV, chemikalia i wilgo\u0107.","breadcrumb":{"@id":"https:\/\/cardinal-tapes.com\/pl\/ta\u015bmy-samoprzylepne\/produkcja-obrobka-aluminium\/orabond-1377-transfer-tape\/#breadcrumb"},"inLanguage":"pl-PL","potentialAction":[{"@type":"ReadAction","target":["https:\/\/cardinal-tapes.com\/pl\/ta\u015bmy-samoprzylepne\/produkcja-obrobka-aluminium\/orabond-1377-transfer-tape\/"]}]},{"@type":"ImageObject","inLanguage":"pl-PL","@id":"https:\/\/cardinal-tapes.com\/pl\/ta\u015bmy-samoprzylepne\/produkcja-obrobka-aluminium\/orabond-1377-transfer-tape\/#primaryimage","url":"https:\/\/cardinal-tapes.com\/wp-content\/uploads\/1375_1377-scaled.jpg","contentUrl":"https:\/\/cardinal-tapes.com\/wp-content\/uploads\/1375_1377-scaled.jpg","width":2560,"height":1707},{"@type":"BreadcrumbList","@id":"https:\/\/cardinal-tapes.com\/pl\/ta\u015bmy-samoprzylepne\/produkcja-obrobka-aluminium\/orabond-1377-transfer-tape\/#breadcrumb","itemListElement":[{"@type":"ListItem","position":1,"name":"Startseite","item":"https:\/\/cardinal-tapes.com\/pl\/strona-glowna\/"},{"@type":"ListItem","position":2,"name":"Ta\u015bmy samoprzylepne","item":"https:\/\/cardinal-tapes.com\/pl\/tasmy-samoprzylepne-pl\/"},{"@type":"ListItem","position":3,"name":"Produkcja \/ obr\u00f3bka aluminium","item":"https:\/\/cardinal-tapes.com\/pl\/kategoria\/produkcja-obrobka-aluminium\/"},{"@type":"ListItem","position":4,"name":"Transferowa ta\u015bma klej\u0105ca ORABOND\u00ae 1377"}]},{"@type":"WebSite","@id":"https:\/\/cardinal-tapes.com\/#website","url":"https:\/\/cardinal-tapes.com\/","name":"cardinal TAPES","description":"Klebetechnik aus Wuppertal","potentialAction":[{"@type":"SearchAction","target":{"@type":"EntryPoint","urlTemplate":"https:\/\/cardinal-tapes.com\/?s={search_term_string}"},"query-input":{"@type":"PropertyValueSpecification","valueRequired":true,"valueName":"search_term_string"}}],"inLanguage":"pl-PL"}]}},"brands":[{"id":2860,"name":"ORAFOL","slug":"orafol-pl"}],"_links":{"self":[{"href":"https:\/\/cardinal-tapes.com\/pl\/wp-json\/wp\/v2\/product\/38248","targetHints":{"allow":["GET"]}}],"collection":[{"href":"https:\/\/cardinal-tapes.com\/pl\/wp-json\/wp\/v2\/product"}],"about":[{"href":"https:\/\/cardinal-tapes.com\/pl\/wp-json\/wp\/v2\/types\/product"}],"wp:featuredmedia":[{"embeddable":true,"href":"https:\/\/cardinal-tapes.com\/pl\/wp-json\/wp\/v2\/media\/29202"}],"wp:attachment":[{"href":"https:\/\/cardinal-tapes.com\/pl\/wp-json\/wp\/v2\/media?parent=38248"}],"wp:term":[{"taxonomy":"pwb-brand","embeddable":true,"href":"https:\/\/cardinal-tapes.com\/pl\/wp-json\/wp\/v2\/pwb-brand?post=38248"},{"taxonomy":"product_brand","embeddable":true,"href":"https:\/\/cardinal-tapes.com\/pl\/wp-json\/wp\/v2\/product_brand?post=38248"},{"taxonomy":"product_cat","embeddable":true,"href":"https:\/\/cardinal-tapes.com\/pl\/wp-json\/wp\/v2\/product_cat?post=38248"},{"taxonomy":"product_tag","embeddable":true,"href":"https:\/\/cardinal-tapes.com\/pl\/wp-json\/wp\/v2\/product_tag?post=38248"}],"curies":[{"name":"wp","href":"https:\/\/api.w.org\/{rel}","templated":true}]}}