{"id":38247,"date":"2023-03-16T09:39:55","date_gmt":"2023-06-05T14:42:56","guid":{"rendered":"https:\/\/cardinal.pixel-tal.de\/klebebaender\/bez-kategorii\/orabond-1399-papierowa-tasma-samoprzylepna-z-wlokniny\/"},"modified":"2023-06-05T16:42:56","modified_gmt":"2023-06-05T14:42:56","slug":"orabond-1399-papier-fleece-tasma-przylepna","status":"publish","type":"product","link":"https:\/\/cardinal-tapes.com\/pl\/ta\u015bmy-samoprzylepne\/obszary-zastosowan\/produkcja-folii\/orabond-1399-papier-fleece-tasma-przylepna\/","title":{"rendered":"ORABOND\u00ae 1399 papierowa ta\u015bma samoprzylepna z w\u0142\u00f3kniny"},"content":{"rendered":"<p>Dwustronna ta\u015bma samoprzylepna sk\u0142ada si\u0119 z papierowego no\u015bnika z w\u0142\u00f3kniny, kt\u00f3ry jest pokryty po obu stronach zmodyfikowanym klejem akrylowym wra\u017cliwym na nacisk.<br \/>\nkt\u00f3ra ma bardzo dobr\u0105 odporno\u015b\u0107 na promieniowanie UV, napr\u0119\u017cenia temperaturowe, chemikalia i rozpuszczalniki.<br \/>\ni wilgo\u0107. Odporny na \u015bcinanie klej wra\u017cliwy na nacisk ma r\u00f3wnie\u017c doskona\u0142\u0105 trwa\u0142\u0105 przyczepno\u015b\u0107 do metalu,<br \/>\nFarba i inne wysokoenergetyczne powierzchnie z tworzyw sztucznych, a tak\u017ce dobra trwa\u0142a przyczepno\u015b\u0107 do niskoenergetycznych powierzchni z tworzyw sztucznych.<br \/>\nPowierzchnie. Nadaje si\u0119 r\u00f3wnie\u017c do chropowatych lub teksturowanych powierzchni ze wzgl\u0119du na du\u017c\u0105 mas\u0119 aplikacji.<\/p>\n<p><strong>Obszary zastosowania<\/strong><\/p>\n<p>Do przemys\u0142owego \/ komercyjnego samoprzylepnego wyka\u0144czania pianek polietylenowych, poliestrowych i polieterowych, a tak\u017ce<br \/>\nCi\u0119cie na d\u0142ugo\u015b\u0107 i \u0142\u0105czenie folii papierowych, tekstylnych, plastikowych i metalowych, gdzie wymagane jest bardzo wysokie \u015bcinanie i wysoka wydajno\u015b\u0107.<br \/>\nprzyczepno\u015b\u0107 i odporno\u015b\u0107 na temperatur\u0119.<\/p>\n","protected":false},"excerpt":{"rendered":"<p>Dwustronna ta\u015bma samoprzylepna sk\u0142ada si\u0119 z papierowego no\u015bnika z w\u0142\u00f3kniny, kt\u00f3ry jest pokryty po obu stronach zmodyfikowanym klejem akrylowym wra\u017cliwym na nacisk. kt\u00f3ra ma bardzo dobr\u0105 odporno\u015b\u0107 na promieniowanie UV, napr\u0119\u017cenia temperaturowe, chemikalia i rozpuszczalniki. i wilgo\u0107. Odporny na \u015bcinanie klej wra\u017cliwy na nacisk ma r\u00f3wnie\u017c doskona\u0142\u0105 trwa\u0142\u0105 przyczepno\u015b\u0107 do metalu, Farba i inne wysokoenergetyczne [&hellip;]<\/p>\n","protected":false},"featured_media":29254,"template":"","meta":{"_acf_changed":false},"pwb-brand":[2860],"product_brand":[],"product_cat":[1714,1721,1790,1814],"product_tag":[],"class_list":{"0":"post-38247","1":"product","2":"type-product","3":"status-publish","4":"has-post-thumbnail","6":"pwb-brand-orafol-pl","7":"product_cat-produkcja-folii","8":"product_cat-inzynieria-mechaniczna","9":"product_cat-przemysl-tekstylny","10":"product_cat-tasmy-dwustronnie-klejace","12":"first","13":"instock","14":"taxable","15":"shipping-taxable","16":"purchasable","17":"product-type-variable"},"acf":[],"yoast_head":"<!-- This site is optimized with the Yoast SEO plugin v27.3 - https:\/\/yoast.com\/product\/yoast-seo-wordpress\/ -->\n<title>ORABOND\u00ae 1399 papierowa ta\u015bma samoprzylepna z w\u0142\u00f3kniny| Cardinal TAPES<\/title>\n<meta name=\"description\" content=\"Dwustronna ta\u015bma samoprzylepna sk\u0142ada si\u0119 z w\u0142\u00f3kninowego no\u015bnika papierowego pokrytego po obu stronach zmodyfikowanym akrylowym klejem samoprzylepnym.\" \/>\n<meta name=\"robots\" content=\"index, follow, max-snippet:-1, max-image-preview:large, max-video-preview:-1\" \/>\n<link rel=\"canonical\" href=\"https:\/\/cardinal-tapes.com\/pl\/ta\u015bmy-samoprzylepne\/produkcja-folii\/orabond-1399-papier-fleece-tasma-przylepna\/\" \/>\n<meta property=\"og:locale\" content=\"pl_PL\" \/>\n<meta property=\"og:type\" content=\"article\" \/>\n<meta property=\"og:title\" content=\"ORABOND\u00ae 1399 papierowa ta\u015bma samoprzylepna z w\u0142\u00f3kniny| Cardinal TAPES\" \/>\n<meta property=\"og:description\" content=\"Dwustronna ta\u015bma samoprzylepna sk\u0142ada si\u0119 z w\u0142\u00f3kninowego no\u015bnika papierowego pokrytego po obu stronach zmodyfikowanym akrylowym klejem samoprzylepnym.\" \/>\n<meta property=\"og:url\" content=\"https:\/\/cardinal-tapes.com\/pl\/ta\u015bmy-samoprzylepne\/produkcja-folii\/orabond-1399-papier-fleece-tasma-przylepna\/\" \/>\n<meta property=\"og:site_name\" content=\"cardinal TAPES\" \/>\n<meta property=\"og:image\" content=\"https:\/\/cardinal-tapes.com\/wp-content\/uploads\/1399b-scaled.jpg\" \/>\n\t<meta property=\"og:image:width\" content=\"2560\" \/>\n\t<meta property=\"og:image:height\" content=\"1707\" \/>\n\t<meta property=\"og:image:type\" content=\"image\/jpeg\" \/>\n<meta name=\"twitter:card\" content=\"summary_large_image\" \/>\n<meta name=\"twitter:label1\" content=\"Szacowany czas czytania\" \/>\n\t<meta name=\"twitter:data1\" content=\"1 minuta\" \/>\n<script type=\"application\/ld+json\" class=\"yoast-schema-graph\">{\"@context\":\"https:\\\/\\\/schema.org\",\"@graph\":[{\"@type\":\"WebPage\",\"@id\":\"https:\\\/\\\/cardinal-tapes.com\\\/pl\\\/ta\u015bmy-samoprzylepne\\\/produkcja-folii\\\/orabond-1399-papier-fleece-tasma-przylepna\\\/\",\"url\":\"https:\\\/\\\/cardinal-tapes.com\\\/pl\\\/ta\u015bmy-samoprzylepne\\\/produkcja-folii\\\/orabond-1399-papier-fleece-tasma-przylepna\\\/\",\"name\":\"ORABOND\u00ae 1399 papierowa ta\u015bma samoprzylepna z w\u0142\u00f3kniny| Cardinal TAPES\",\"isPartOf\":{\"@id\":\"https:\\\/\\\/cardinal-tapes.com\\\/#website\"},\"primaryImageOfPage\":{\"@id\":\"https:\\\/\\\/cardinal-tapes.com\\\/pl\\\/ta\u015bmy-samoprzylepne\\\/produkcja-folii\\\/orabond-1399-papier-fleece-tasma-przylepna\\\/#primaryimage\"},\"image\":{\"@id\":\"https:\\\/\\\/cardinal-tapes.com\\\/pl\\\/ta\u015bmy-samoprzylepne\\\/produkcja-folii\\\/orabond-1399-papier-fleece-tasma-przylepna\\\/#primaryimage\"},\"thumbnailUrl\":\"https:\\\/\\\/cardinal-tapes.com\\\/wp-content\\\/uploads\\\/1399b-scaled.jpg\",\"datePublished\":\"2023-06-05T14:42:56+00:00\",\"description\":\"Dwustronna ta\u015bma samoprzylepna sk\u0142ada si\u0119 z w\u0142\u00f3kninowego no\u015bnika papierowego pokrytego po obu stronach zmodyfikowanym akrylowym klejem samoprzylepnym.\",\"breadcrumb\":{\"@id\":\"https:\\\/\\\/cardinal-tapes.com\\\/pl\\\/ta\u015bmy-samoprzylepne\\\/produkcja-folii\\\/orabond-1399-papier-fleece-tasma-przylepna\\\/#breadcrumb\"},\"inLanguage\":\"pl-PL\",\"potentialAction\":[{\"@type\":\"ReadAction\",\"target\":[\"https:\\\/\\\/cardinal-tapes.com\\\/pl\\\/ta\u015bmy-samoprzylepne\\\/produkcja-folii\\\/orabond-1399-papier-fleece-tasma-przylepna\\\/\"]}]},{\"@type\":\"ImageObject\",\"inLanguage\":\"pl-PL\",\"@id\":\"https:\\\/\\\/cardinal-tapes.com\\\/pl\\\/ta\u015bmy-samoprzylepne\\\/produkcja-folii\\\/orabond-1399-papier-fleece-tasma-przylepna\\\/#primaryimage\",\"url\":\"https:\\\/\\\/cardinal-tapes.com\\\/wp-content\\\/uploads\\\/1399b-scaled.jpg\",\"contentUrl\":\"https:\\\/\\\/cardinal-tapes.com\\\/wp-content\\\/uploads\\\/1399b-scaled.jpg\",\"width\":2560,\"height\":1707},{\"@type\":\"BreadcrumbList\",\"@id\":\"https:\\\/\\\/cardinal-tapes.com\\\/pl\\\/ta\u015bmy-samoprzylepne\\\/produkcja-folii\\\/orabond-1399-papier-fleece-tasma-przylepna\\\/#breadcrumb\",\"itemListElement\":[{\"@type\":\"ListItem\",\"position\":1,\"name\":\"Startseite\",\"item\":\"https:\\\/\\\/cardinal-tapes.com\\\/pl\\\/strona-glowna\\\/\"},{\"@type\":\"ListItem\",\"position\":2,\"name\":\"Ta\u015bmy samoprzylepne\",\"item\":\"https:\\\/\\\/cardinal-tapes.com\\\/pl\\\/tasmy-samoprzylepne-pl\\\/\"},{\"@type\":\"ListItem\",\"position\":3,\"name\":\"produkcja folii\",\"item\":\"https:\\\/\\\/cardinal-tapes.com\\\/pl\\\/kategoria\\\/produkcja-folii\\\/\"},{\"@type\":\"ListItem\",\"position\":4,\"name\":\"ORABOND\u00ae 1399 papierowa ta\u015bma samoprzylepna z w\u0142\u00f3kniny\"}]},{\"@type\":\"WebSite\",\"@id\":\"https:\\\/\\\/cardinal-tapes.com\\\/#website\",\"url\":\"https:\\\/\\\/cardinal-tapes.com\\\/\",\"name\":\"cardinal TAPES\",\"description\":\"Klebetechnik aus Wuppertal\",\"potentialAction\":[{\"@type\":\"SearchAction\",\"target\":{\"@type\":\"EntryPoint\",\"urlTemplate\":\"https:\\\/\\\/cardinal-tapes.com\\\/?s={search_term_string}\"},\"query-input\":{\"@type\":\"PropertyValueSpecification\",\"valueRequired\":true,\"valueName\":\"search_term_string\"}}],\"inLanguage\":\"pl-PL\"}]}<\/script>\n<!-- \/ Yoast SEO plugin. -->","yoast_head_json":{"title":"ORABOND\u00ae 1399 papierowa ta\u015bma samoprzylepna z w\u0142\u00f3kniny| Cardinal TAPES","description":"Dwustronna ta\u015bma samoprzylepna sk\u0142ada si\u0119 z w\u0142\u00f3kninowego no\u015bnika papierowego pokrytego po obu stronach zmodyfikowanym akrylowym klejem samoprzylepnym.","robots":{"index":"index","follow":"follow","max-snippet":"max-snippet:-1","max-image-preview":"max-image-preview:large","max-video-preview":"max-video-preview:-1"},"canonical":"https:\/\/cardinal-tapes.com\/pl\/ta\u015bmy-samoprzylepne\/produkcja-folii\/orabond-1399-papier-fleece-tasma-przylepna\/","og_locale":"pl_PL","og_type":"article","og_title":"ORABOND\u00ae 1399 papierowa ta\u015bma samoprzylepna z w\u0142\u00f3kniny| Cardinal TAPES","og_description":"Dwustronna ta\u015bma samoprzylepna sk\u0142ada si\u0119 z w\u0142\u00f3kninowego no\u015bnika papierowego pokrytego po obu stronach zmodyfikowanym akrylowym klejem samoprzylepnym.","og_url":"https:\/\/cardinal-tapes.com\/pl\/ta\u015bmy-samoprzylepne\/produkcja-folii\/orabond-1399-papier-fleece-tasma-przylepna\/","og_site_name":"cardinal TAPES","og_image":[{"width":2560,"height":1707,"url":"https:\/\/cardinal-tapes.com\/wp-content\/uploads\/1399b-scaled.jpg","type":"image\/jpeg"}],"twitter_card":"summary_large_image","twitter_misc":{"Szacowany czas czytania":"1 minuta"},"schema":{"@context":"https:\/\/schema.org","@graph":[{"@type":"WebPage","@id":"https:\/\/cardinal-tapes.com\/pl\/ta\u015bmy-samoprzylepne\/produkcja-folii\/orabond-1399-papier-fleece-tasma-przylepna\/","url":"https:\/\/cardinal-tapes.com\/pl\/ta\u015bmy-samoprzylepne\/produkcja-folii\/orabond-1399-papier-fleece-tasma-przylepna\/","name":"ORABOND\u00ae 1399 papierowa ta\u015bma samoprzylepna z w\u0142\u00f3kniny| Cardinal TAPES","isPartOf":{"@id":"https:\/\/cardinal-tapes.com\/#website"},"primaryImageOfPage":{"@id":"https:\/\/cardinal-tapes.com\/pl\/ta\u015bmy-samoprzylepne\/produkcja-folii\/orabond-1399-papier-fleece-tasma-przylepna\/#primaryimage"},"image":{"@id":"https:\/\/cardinal-tapes.com\/pl\/ta\u015bmy-samoprzylepne\/produkcja-folii\/orabond-1399-papier-fleece-tasma-przylepna\/#primaryimage"},"thumbnailUrl":"https:\/\/cardinal-tapes.com\/wp-content\/uploads\/1399b-scaled.jpg","datePublished":"2023-06-05T14:42:56+00:00","description":"Dwustronna ta\u015bma samoprzylepna sk\u0142ada si\u0119 z w\u0142\u00f3kninowego no\u015bnika papierowego pokrytego po obu stronach zmodyfikowanym akrylowym klejem samoprzylepnym.","breadcrumb":{"@id":"https:\/\/cardinal-tapes.com\/pl\/ta\u015bmy-samoprzylepne\/produkcja-folii\/orabond-1399-papier-fleece-tasma-przylepna\/#breadcrumb"},"inLanguage":"pl-PL","potentialAction":[{"@type":"ReadAction","target":["https:\/\/cardinal-tapes.com\/pl\/ta\u015bmy-samoprzylepne\/produkcja-folii\/orabond-1399-papier-fleece-tasma-przylepna\/"]}]},{"@type":"ImageObject","inLanguage":"pl-PL","@id":"https:\/\/cardinal-tapes.com\/pl\/ta\u015bmy-samoprzylepne\/produkcja-folii\/orabond-1399-papier-fleece-tasma-przylepna\/#primaryimage","url":"https:\/\/cardinal-tapes.com\/wp-content\/uploads\/1399b-scaled.jpg","contentUrl":"https:\/\/cardinal-tapes.com\/wp-content\/uploads\/1399b-scaled.jpg","width":2560,"height":1707},{"@type":"BreadcrumbList","@id":"https:\/\/cardinal-tapes.com\/pl\/ta\u015bmy-samoprzylepne\/produkcja-folii\/orabond-1399-papier-fleece-tasma-przylepna\/#breadcrumb","itemListElement":[{"@type":"ListItem","position":1,"name":"Startseite","item":"https:\/\/cardinal-tapes.com\/pl\/strona-glowna\/"},{"@type":"ListItem","position":2,"name":"Ta\u015bmy samoprzylepne","item":"https:\/\/cardinal-tapes.com\/pl\/tasmy-samoprzylepne-pl\/"},{"@type":"ListItem","position":3,"name":"produkcja folii","item":"https:\/\/cardinal-tapes.com\/pl\/kategoria\/produkcja-folii\/"},{"@type":"ListItem","position":4,"name":"ORABOND\u00ae 1399 papierowa ta\u015bma samoprzylepna z w\u0142\u00f3kniny"}]},{"@type":"WebSite","@id":"https:\/\/cardinal-tapes.com\/#website","url":"https:\/\/cardinal-tapes.com\/","name":"cardinal TAPES","description":"Klebetechnik aus Wuppertal","potentialAction":[{"@type":"SearchAction","target":{"@type":"EntryPoint","urlTemplate":"https:\/\/cardinal-tapes.com\/?s={search_term_string}"},"query-input":{"@type":"PropertyValueSpecification","valueRequired":true,"valueName":"search_term_string"}}],"inLanguage":"pl-PL"}]}},"brands":[{"id":2860,"name":"ORAFOL","slug":"orafol-pl"}],"_links":{"self":[{"href":"https:\/\/cardinal-tapes.com\/pl\/wp-json\/wp\/v2\/product\/38247","targetHints":{"allow":["GET"]}}],"collection":[{"href":"https:\/\/cardinal-tapes.com\/pl\/wp-json\/wp\/v2\/product"}],"about":[{"href":"https:\/\/cardinal-tapes.com\/pl\/wp-json\/wp\/v2\/types\/product"}],"wp:featuredmedia":[{"embeddable":true,"href":"https:\/\/cardinal-tapes.com\/pl\/wp-json\/wp\/v2\/media\/29254"}],"wp:attachment":[{"href":"https:\/\/cardinal-tapes.com\/pl\/wp-json\/wp\/v2\/media?parent=38247"}],"wp:term":[{"taxonomy":"pwb-brand","embeddable":true,"href":"https:\/\/cardinal-tapes.com\/pl\/wp-json\/wp\/v2\/pwb-brand?post=38247"},{"taxonomy":"product_brand","embeddable":true,"href":"https:\/\/cardinal-tapes.com\/pl\/wp-json\/wp\/v2\/product_brand?post=38247"},{"taxonomy":"product_cat","embeddable":true,"href":"https:\/\/cardinal-tapes.com\/pl\/wp-json\/wp\/v2\/product_cat?post=38247"},{"taxonomy":"product_tag","embeddable":true,"href":"https:\/\/cardinal-tapes.com\/pl\/wp-json\/wp\/v2\/product_tag?post=38247"}],"curies":[{"name":"wp","href":"https:\/\/api.w.org\/{rel}","templated":true}]}}