{"id":38245,"date":"2023-03-16T09:18:12","date_gmt":"2023-03-16T08:18:12","guid":{"rendered":"https:\/\/cardinal.pixel-tal.de\/klebebaender\/bez-kategorii\/tasma-klejaca-do-tkanin-orabond-1360-se\/"},"modified":"2023-06-05T16:42:56","modified_gmt":"2023-06-05T14:42:56","slug":"orabond-1360-se-fabric-adhesive-tape","status":"publish","type":"product","link":"https:\/\/cardinal-tapes.com\/pl\/ta\u015bmy-samoprzylepne\/obszary-zastosowan\/przemysl-tworzyw-sztucznych\/orabond-1360-se-fabric-adhesive-tape\/","title":{"rendered":"Ta\u015bma klej\u0105ca do tkanin ORABOND\u00ae 1360 SE"},"content":{"rendered":"<p>Dwustronna ta\u015bma samoprzylepna sk\u0142ada si\u0119 ze specjalnego no\u015bnika z tkaniny pokrytego po obu stronach akrylowym klejem samoprzylepnym. Klej ten jest w znacznym stopniu odporny na starzenie i plastyfikatory, a tak\u017ce trudnopalny lub samogasn\u0105cy w przypadku po\u017caru.<br \/>\nOrabond 1360 SE jest zatwierdzony zgodnie z FAR 25.853 App. F. przetestowany.<\/p>\n<p><strong>Zakres zastosowania<\/strong><\/p>\n<p>Dwustronna specjalna ta\u015bma monta\u017cowa jest u\u017cywana do klejenia komercyjnego i przemys\u0142owego w przemy\u015ble lotniczym i stoczniowym.<\/p>\n","protected":false},"excerpt":{"rendered":"<p>Dwustronna ta\u015bma samoprzylepna sk\u0142ada si\u0119 ze specjalnego no\u015bnika z tkaniny pokrytego po obu stronach akrylowym klejem samoprzylepnym. Klej ten jest w znacznym stopniu odporny na starzenie i plastyfikatory, a tak\u017ce trudnopalny lub samogasn\u0105cy w przypadku po\u017caru. Orabond 1360 SE jest zatwierdzony zgodnie z FAR 25.853 App. F. przetestowany. Zakres zastosowania Dwustronna specjalna ta\u015bma monta\u017cowa jest [&hellip;]<\/p>\n","protected":false},"featured_media":29246,"template":"","meta":{"_acf_changed":false},"pwb-brand":[2860],"product_brand":[],"product_cat":[1718,1791,1814],"product_tag":[],"class_list":{"0":"post-38245","1":"product","2":"type-product","3":"status-publish","4":"has-post-thumbnail","6":"pwb-brand-orafol-pl","7":"product_cat-przemysl-tworzyw-sztucznych","8":"product_cat-tasma-klejaca-transferowa","9":"product_cat-tasmy-dwustronnie-klejace","11":"first","12":"instock","13":"taxable","14":"shipping-taxable","15":"purchasable","16":"product-type-variable"},"acf":[],"yoast_head":"<!-- This site is optimized with the Yoast SEO plugin v27.3 - https:\/\/yoast.com\/product\/yoast-seo-wordpress\/ -->\n<title>Ta\u015bma klej\u0105ca do tkanin ORABOND\u00ae 1360 SE | Cardinal TAPES<\/title>\n<meta name=\"description\" content=\"Dwustronna ta\u015bma samoprzylepna sk\u0142ada si\u0119 ze specjalnego no\u015bnika z tkaniny pokrytego po obu stronach akrylowym klejem samoprzylepnym.\" \/>\n<meta name=\"robots\" content=\"index, follow, max-snippet:-1, max-image-preview:large, max-video-preview:-1\" \/>\n<link rel=\"canonical\" href=\"https:\/\/cardinal-tapes.com\/pl\/ta\u015bmy-samoprzylepne\/obszary-zastosowan\/przemysl-tworzyw-sztucznych\/orabond-1360-se-fabric-adhesive-tape\/\" \/>\n<meta property=\"og:locale\" content=\"pl_PL\" \/>\n<meta property=\"og:type\" content=\"article\" \/>\n<meta property=\"og:title\" content=\"Ta\u015bma klej\u0105ca do tkanin ORABOND\u00ae 1360 SE | Cardinal TAPES\" \/>\n<meta property=\"og:description\" content=\"Dwustronna ta\u015bma samoprzylepna sk\u0142ada si\u0119 ze specjalnego no\u015bnika z tkaniny pokrytego po obu stronach akrylowym klejem samoprzylepnym.\" \/>\n<meta property=\"og:url\" content=\"https:\/\/cardinal-tapes.com\/pl\/ta\u015bmy-samoprzylepne\/obszary-zastosowan\/przemysl-tworzyw-sztucznych\/orabond-1360-se-fabric-adhesive-tape\/\" \/>\n<meta property=\"og:site_name\" content=\"cardinal TAPES\" \/>\n<meta property=\"article:modified_time\" content=\"2023-06-05T14:42:56+00:00\" \/>\n<meta property=\"og:image\" content=\"https:\/\/cardinal-tapes.com\/wp-content\/uploads\/ORABOND-1360SE-1-scaled.jpg\" \/>\n\t<meta property=\"og:image:width\" content=\"2560\" \/>\n\t<meta property=\"og:image:height\" content=\"1707\" \/>\n\t<meta property=\"og:image:type\" content=\"image\/jpeg\" \/>\n<meta name=\"twitter:card\" content=\"summary_large_image\" \/>\n<script type=\"application\/ld+json\" class=\"yoast-schema-graph\">{\"@context\":\"https:\\\/\\\/schema.org\",\"@graph\":[{\"@type\":\"WebPage\",\"@id\":\"https:\\\/\\\/cardinal-tapes.com\\\/pl\\\/ta\u015bmy-samoprzylepne\\\/obszary-zastosowan\\\/przemysl-tworzyw-sztucznych\\\/orabond-1360-se-fabric-adhesive-tape\\\/\",\"url\":\"https:\\\/\\\/cardinal-tapes.com\\\/pl\\\/ta\u015bmy-samoprzylepne\\\/obszary-zastosowan\\\/przemysl-tworzyw-sztucznych\\\/orabond-1360-se-fabric-adhesive-tape\\\/\",\"name\":\"Ta\u015bma klej\u0105ca do tkanin ORABOND\u00ae 1360 SE | Cardinal TAPES\",\"isPartOf\":{\"@id\":\"https:\\\/\\\/cardinal-tapes.com\\\/#website\"},\"primaryImageOfPage\":{\"@id\":\"https:\\\/\\\/cardinal-tapes.com\\\/pl\\\/ta\u015bmy-samoprzylepne\\\/obszary-zastosowan\\\/przemysl-tworzyw-sztucznych\\\/orabond-1360-se-fabric-adhesive-tape\\\/#primaryimage\"},\"image\":{\"@id\":\"https:\\\/\\\/cardinal-tapes.com\\\/pl\\\/ta\u015bmy-samoprzylepne\\\/obszary-zastosowan\\\/przemysl-tworzyw-sztucznych\\\/orabond-1360-se-fabric-adhesive-tape\\\/#primaryimage\"},\"thumbnailUrl\":\"https:\\\/\\\/cardinal-tapes.com\\\/wp-content\\\/uploads\\\/ORABOND-1360SE-1-scaled.jpg\",\"datePublished\":\"2023-03-16T08:18:12+00:00\",\"dateModified\":\"2023-06-05T14:42:56+00:00\",\"description\":\"Dwustronna ta\u015bma samoprzylepna sk\u0142ada si\u0119 ze specjalnego no\u015bnika z tkaniny pokrytego po obu stronach akrylowym klejem samoprzylepnym.\",\"breadcrumb\":{\"@id\":\"https:\\\/\\\/cardinal-tapes.com\\\/pl\\\/ta\u015bmy-samoprzylepne\\\/obszary-zastosowan\\\/przemysl-tworzyw-sztucznych\\\/orabond-1360-se-fabric-adhesive-tape\\\/#breadcrumb\"},\"inLanguage\":\"pl-PL\",\"potentialAction\":[{\"@type\":\"ReadAction\",\"target\":[\"https:\\\/\\\/cardinal-tapes.com\\\/pl\\\/ta\u015bmy-samoprzylepne\\\/obszary-zastosowan\\\/przemysl-tworzyw-sztucznych\\\/orabond-1360-se-fabric-adhesive-tape\\\/\"]}]},{\"@type\":\"ImageObject\",\"inLanguage\":\"pl-PL\",\"@id\":\"https:\\\/\\\/cardinal-tapes.com\\\/pl\\\/ta\u015bmy-samoprzylepne\\\/obszary-zastosowan\\\/przemysl-tworzyw-sztucznych\\\/orabond-1360-se-fabric-adhesive-tape\\\/#primaryimage\",\"url\":\"https:\\\/\\\/cardinal-tapes.com\\\/wp-content\\\/uploads\\\/ORABOND-1360SE-1-scaled.jpg\",\"contentUrl\":\"https:\\\/\\\/cardinal-tapes.com\\\/wp-content\\\/uploads\\\/ORABOND-1360SE-1-scaled.jpg\",\"width\":2560,\"height\":1707},{\"@type\":\"BreadcrumbList\",\"@id\":\"https:\\\/\\\/cardinal-tapes.com\\\/pl\\\/ta\u015bmy-samoprzylepne\\\/obszary-zastosowan\\\/przemysl-tworzyw-sztucznych\\\/orabond-1360-se-fabric-adhesive-tape\\\/#breadcrumb\",\"itemListElement\":[{\"@type\":\"ListItem\",\"position\":1,\"name\":\"Startseite\",\"item\":\"https:\\\/\\\/cardinal-tapes.com\\\/pl\\\/strona-glowna\\\/\"},{\"@type\":\"ListItem\",\"position\":2,\"name\":\"Ta\u015bmy samoprzylepne\",\"item\":\"https:\\\/\\\/cardinal-tapes.com\\\/pl\\\/tasmy-samoprzylepne-pl\\\/\"},{\"@type\":\"ListItem\",\"position\":3,\"name\":\"Doppelseitige Klebeb\u00e4nder\",\"item\":\"https:\\\/\\\/cardinal-tapes.com\\\/kategorie\\\/doppelseitige-klebebaender\\\/\"},{\"@type\":\"ListItem\",\"position\":4,\"name\":\"Ta\u015bma klej\u0105ca do tkanin ORABOND\u00ae 1360 SE\"}]},{\"@type\":\"WebSite\",\"@id\":\"https:\\\/\\\/cardinal-tapes.com\\\/#website\",\"url\":\"https:\\\/\\\/cardinal-tapes.com\\\/\",\"name\":\"cardinal TAPES\",\"description\":\"Klebetechnik aus Wuppertal\",\"potentialAction\":[{\"@type\":\"SearchAction\",\"target\":{\"@type\":\"EntryPoint\",\"urlTemplate\":\"https:\\\/\\\/cardinal-tapes.com\\\/?s={search_term_string}\"},\"query-input\":{\"@type\":\"PropertyValueSpecification\",\"valueRequired\":true,\"valueName\":\"search_term_string\"}}],\"inLanguage\":\"pl-PL\"}]}<\/script>\n<!-- \/ Yoast SEO plugin. -->","yoast_head_json":{"title":"Ta\u015bma klej\u0105ca do tkanin ORABOND\u00ae 1360 SE | Cardinal TAPES","description":"Dwustronna ta\u015bma samoprzylepna sk\u0142ada si\u0119 ze specjalnego no\u015bnika z tkaniny pokrytego po obu stronach akrylowym klejem samoprzylepnym.","robots":{"index":"index","follow":"follow","max-snippet":"max-snippet:-1","max-image-preview":"max-image-preview:large","max-video-preview":"max-video-preview:-1"},"canonical":"https:\/\/cardinal-tapes.com\/pl\/ta\u015bmy-samoprzylepne\/obszary-zastosowan\/przemysl-tworzyw-sztucznych\/orabond-1360-se-fabric-adhesive-tape\/","og_locale":"pl_PL","og_type":"article","og_title":"Ta\u015bma klej\u0105ca do tkanin ORABOND\u00ae 1360 SE | Cardinal TAPES","og_description":"Dwustronna ta\u015bma samoprzylepna sk\u0142ada si\u0119 ze specjalnego no\u015bnika z tkaniny pokrytego po obu stronach akrylowym klejem samoprzylepnym.","og_url":"https:\/\/cardinal-tapes.com\/pl\/ta\u015bmy-samoprzylepne\/obszary-zastosowan\/przemysl-tworzyw-sztucznych\/orabond-1360-se-fabric-adhesive-tape\/","og_site_name":"cardinal TAPES","article_modified_time":"2023-06-05T14:42:56+00:00","og_image":[{"width":2560,"height":1707,"url":"https:\/\/cardinal-tapes.com\/wp-content\/uploads\/ORABOND-1360SE-1-scaled.jpg","type":"image\/jpeg"}],"twitter_card":"summary_large_image","schema":{"@context":"https:\/\/schema.org","@graph":[{"@type":"WebPage","@id":"https:\/\/cardinal-tapes.com\/pl\/ta\u015bmy-samoprzylepne\/obszary-zastosowan\/przemysl-tworzyw-sztucznych\/orabond-1360-se-fabric-adhesive-tape\/","url":"https:\/\/cardinal-tapes.com\/pl\/ta\u015bmy-samoprzylepne\/obszary-zastosowan\/przemysl-tworzyw-sztucznych\/orabond-1360-se-fabric-adhesive-tape\/","name":"Ta\u015bma klej\u0105ca do tkanin ORABOND\u00ae 1360 SE | Cardinal TAPES","isPartOf":{"@id":"https:\/\/cardinal-tapes.com\/#website"},"primaryImageOfPage":{"@id":"https:\/\/cardinal-tapes.com\/pl\/ta\u015bmy-samoprzylepne\/obszary-zastosowan\/przemysl-tworzyw-sztucznych\/orabond-1360-se-fabric-adhesive-tape\/#primaryimage"},"image":{"@id":"https:\/\/cardinal-tapes.com\/pl\/ta\u015bmy-samoprzylepne\/obszary-zastosowan\/przemysl-tworzyw-sztucznych\/orabond-1360-se-fabric-adhesive-tape\/#primaryimage"},"thumbnailUrl":"https:\/\/cardinal-tapes.com\/wp-content\/uploads\/ORABOND-1360SE-1-scaled.jpg","datePublished":"2023-03-16T08:18:12+00:00","dateModified":"2023-06-05T14:42:56+00:00","description":"Dwustronna ta\u015bma samoprzylepna sk\u0142ada si\u0119 ze specjalnego no\u015bnika z tkaniny pokrytego po obu stronach akrylowym klejem samoprzylepnym.","breadcrumb":{"@id":"https:\/\/cardinal-tapes.com\/pl\/ta\u015bmy-samoprzylepne\/obszary-zastosowan\/przemysl-tworzyw-sztucznych\/orabond-1360-se-fabric-adhesive-tape\/#breadcrumb"},"inLanguage":"pl-PL","potentialAction":[{"@type":"ReadAction","target":["https:\/\/cardinal-tapes.com\/pl\/ta\u015bmy-samoprzylepne\/obszary-zastosowan\/przemysl-tworzyw-sztucznych\/orabond-1360-se-fabric-adhesive-tape\/"]}]},{"@type":"ImageObject","inLanguage":"pl-PL","@id":"https:\/\/cardinal-tapes.com\/pl\/ta\u015bmy-samoprzylepne\/obszary-zastosowan\/przemysl-tworzyw-sztucznych\/orabond-1360-se-fabric-adhesive-tape\/#primaryimage","url":"https:\/\/cardinal-tapes.com\/wp-content\/uploads\/ORABOND-1360SE-1-scaled.jpg","contentUrl":"https:\/\/cardinal-tapes.com\/wp-content\/uploads\/ORABOND-1360SE-1-scaled.jpg","width":2560,"height":1707},{"@type":"BreadcrumbList","@id":"https:\/\/cardinal-tapes.com\/pl\/ta\u015bmy-samoprzylepne\/obszary-zastosowan\/przemysl-tworzyw-sztucznych\/orabond-1360-se-fabric-adhesive-tape\/#breadcrumb","itemListElement":[{"@type":"ListItem","position":1,"name":"Startseite","item":"https:\/\/cardinal-tapes.com\/pl\/strona-glowna\/"},{"@type":"ListItem","position":2,"name":"Ta\u015bmy samoprzylepne","item":"https:\/\/cardinal-tapes.com\/pl\/tasmy-samoprzylepne-pl\/"},{"@type":"ListItem","position":3,"name":"Doppelseitige Klebeb\u00e4nder","item":"https:\/\/cardinal-tapes.com\/kategorie\/doppelseitige-klebebaender\/"},{"@type":"ListItem","position":4,"name":"Ta\u015bma klej\u0105ca do tkanin ORABOND\u00ae 1360 SE"}]},{"@type":"WebSite","@id":"https:\/\/cardinal-tapes.com\/#website","url":"https:\/\/cardinal-tapes.com\/","name":"cardinal TAPES","description":"Klebetechnik aus Wuppertal","potentialAction":[{"@type":"SearchAction","target":{"@type":"EntryPoint","urlTemplate":"https:\/\/cardinal-tapes.com\/?s={search_term_string}"},"query-input":{"@type":"PropertyValueSpecification","valueRequired":true,"valueName":"search_term_string"}}],"inLanguage":"pl-PL"}]}},"brands":[{"id":2860,"name":"ORAFOL","slug":"orafol-pl"}],"_links":{"self":[{"href":"https:\/\/cardinal-tapes.com\/pl\/wp-json\/wp\/v2\/product\/38245","targetHints":{"allow":["GET"]}}],"collection":[{"href":"https:\/\/cardinal-tapes.com\/pl\/wp-json\/wp\/v2\/product"}],"about":[{"href":"https:\/\/cardinal-tapes.com\/pl\/wp-json\/wp\/v2\/types\/product"}],"wp:featuredmedia":[{"embeddable":true,"href":"https:\/\/cardinal-tapes.com\/pl\/wp-json\/wp\/v2\/media\/29246"}],"wp:attachment":[{"href":"https:\/\/cardinal-tapes.com\/pl\/wp-json\/wp\/v2\/media?parent=38245"}],"wp:term":[{"taxonomy":"pwb-brand","embeddable":true,"href":"https:\/\/cardinal-tapes.com\/pl\/wp-json\/wp\/v2\/pwb-brand?post=38245"},{"taxonomy":"product_brand","embeddable":true,"href":"https:\/\/cardinal-tapes.com\/pl\/wp-json\/wp\/v2\/product_brand?post=38245"},{"taxonomy":"product_cat","embeddable":true,"href":"https:\/\/cardinal-tapes.com\/pl\/wp-json\/wp\/v2\/product_cat?post=38245"},{"taxonomy":"product_tag","embeddable":true,"href":"https:\/\/cardinal-tapes.com\/pl\/wp-json\/wp\/v2\/product_tag?post=38245"}],"curies":[{"name":"wp","href":"https:\/\/api.w.org\/{rel}","templated":true}]}}