{"id":38244,"date":"2023-03-27T15:16:40","date_gmt":"2023-03-27T13:16:40","guid":{"rendered":"https:\/\/cardinal.pixel-tal.de\/klebebaender\/bez-kategorii\/orafix-1305-silikonowana-tasma-samoprzylepna-pet\/"},"modified":"2025-07-01T16:20:38","modified_gmt":"2025-07-01T14:20:38","slug":"orafix-1305-siliconised-pet-adhesive-tape","status":"publish","type":"product","link":"https:\/\/cardinal-tapes.com\/pl\/ta\u015bmy-samoprzylepne\/obszary-zastosowan\/przemysl-papierniczy\/orafix-1305-siliconised-pet-adhesive-tape\/","title":{"rendered":"ORAFIX\u00ae 1305 silikonowana ta\u015bma samoprzylepna PET"},"content":{"rendered":"<p>Ta\u015bma samoprzylepna sk\u0142ada si\u0119 z jednej strony z no\u015bnika z silikonowanej folii poliestrowej, kt\u00f3ry jest pokryty klejem z kauczuku silikonowego<br \/>\n. Klej samoprzylepny charakteryzuje si\u0119 wysok\u0105 wytrzyma\u0142o\u015bci\u0105 na \u015bcinanie i odporno\u015bci\u0105 na temperatur\u0119, a tak\u017ce wysok\u0105<br \/>\nodporno\u015bci\u0105 na starzenie i du\u017c\u0105 odporno\u015bci\u0105 na plastyfikatory. Klej wra\u017cliwy na nacisk wykazuje dobr\u0105 przyczepno\u015b\u0107 do<br \/>\nmateria\u0142\u00f3w odpornych na klejenie  <\/p>\n<p><strong>Obszar zastosowa\u0144<\/strong><br \/>\nDo komercyjnego i przemys\u0142owego klejenia silikonowanych papier\u00f3w i folii oraz jako ta\u015bma \u0142\u0105cz\u0105ca do \u0142\u0105czenia rdzeni<br \/>\ni uszczelniania rolek silikonowanych materia\u0142\u00f3w. Silikonowanie na odwrotnej stronie umo\u017cliwia stosowanie<br \/>\njako ta\u015bmy do \u0142\u0105czenia w procesach powlekania i przetwarzania. <\/p>\n","protected":false},"excerpt":{"rendered":"<p>Ta\u015bma samoprzylepna sk\u0142ada si\u0119 z jednej strony z no\u015bnika z silikonowanej folii poliestrowej, kt\u00f3ry jest pokryty klejem z kauczuku silikonowego . Klej samoprzylepny charakteryzuje si\u0119 wysok\u0105 wytrzyma\u0142o\u015bci\u0105 na \u015bcinanie i odporno\u015bci\u0105 na temperatur\u0119, a tak\u017ce wysok\u0105 odporno\u015bci\u0105 na starzenie i du\u017c\u0105 odporno\u015bci\u0105 na plastyfikatory. Klej wra\u017cliwy na nacisk wykazuje dobr\u0105 przyczepno\u015b\u0107 do materia\u0142\u00f3w odpornych na [&hellip;]<\/p>\n","protected":false},"featured_media":29274,"template":"","meta":{"_acf_changed":false},"pwb-brand":[2860],"product_brand":[],"product_cat":[1785,1814],"product_tag":[],"class_list":{"0":"post-38244","1":"product","2":"type-product","3":"status-publish","4":"has-post-thumbnail","6":"pwb-brand-orafol-pl","7":"product_cat-przemysl-papierniczy","8":"product_cat-tasmy-dwustronnie-klejace","10":"first","11":"instock","12":"taxable","13":"shipping-taxable","14":"purchasable","15":"product-type-variable"},"acf":[],"yoast_head":"<!-- This site is optimized with the Yoast SEO plugin v27.3 - https:\/\/yoast.com\/product\/yoast-seo-wordpress\/ -->\n<title>ORAFIX\u00ae 1305 silikonowana ta\u015bma samoprzylepna PET | Cardinal TAPES<\/title>\n<meta name=\"description\" content=\"Orafix 1305 to ta\u015bma do splatania przeznaczona do wst\u0119pnego splatania rdzeni, a tak\u017ce do zamykania rolek materia\u0142\u00f3w silikonowanych, takich jak ta\u015bmy samoprzylepne.\" \/>\n<meta name=\"robots\" content=\"index, follow, max-snippet:-1, max-image-preview:large, max-video-preview:-1\" \/>\n<link rel=\"canonical\" href=\"https:\/\/cardinal-tapes.com\/pl\/ta\u015bmy-samoprzylepne\/obszary-zastosowan\/przemysl-papierniczy\/orafix-1305-siliconised-pet-adhesive-tape\/\" \/>\n<meta property=\"og:locale\" content=\"pl_PL\" \/>\n<meta property=\"og:type\" content=\"article\" \/>\n<meta property=\"og:title\" content=\"ORAFIX\u00ae 1305 silikonowana ta\u015bma samoprzylepna PET | Cardinal TAPES\" \/>\n<meta property=\"og:description\" content=\"Orafix 1305 to ta\u015bma do splatania przeznaczona do wst\u0119pnego splatania rdzeni, a tak\u017ce do zamykania rolek materia\u0142\u00f3w silikonowanych, takich jak ta\u015bmy samoprzylepne.\" \/>\n<meta property=\"og:url\" content=\"https:\/\/cardinal-tapes.com\/pl\/ta\u015bmy-samoprzylepne\/obszary-zastosowan\/przemysl-papierniczy\/orafix-1305-siliconised-pet-adhesive-tape\/\" \/>\n<meta property=\"og:site_name\" content=\"cardinal TAPES\" \/>\n<meta property=\"article:modified_time\" content=\"2025-07-01T14:20:38+00:00\" \/>\n<meta property=\"og:image\" content=\"https:\/\/cardinal-tapes.com\/wp-content\/uploads\/1305a-scaled.jpg\" \/>\n\t<meta property=\"og:image:width\" content=\"2560\" \/>\n\t<meta property=\"og:image:height\" content=\"1707\" \/>\n\t<meta property=\"og:image:type\" content=\"image\/jpeg\" \/>\n<meta name=\"twitter:card\" content=\"summary_large_image\" \/>\n<meta name=\"twitter:label1\" content=\"Szacowany czas czytania\" \/>\n\t<meta name=\"twitter:data1\" content=\"1 minuta\" \/>\n<script type=\"application\/ld+json\" class=\"yoast-schema-graph\">{\"@context\":\"https:\\\/\\\/schema.org\",\"@graph\":[{\"@type\":\"WebPage\",\"@id\":\"https:\\\/\\\/cardinal-tapes.com\\\/pl\\\/ta\u015bmy-samoprzylepne\\\/obszary-zastosowan\\\/przemysl-papierniczy\\\/orafix-1305-siliconised-pet-adhesive-tape\\\/\",\"url\":\"https:\\\/\\\/cardinal-tapes.com\\\/pl\\\/ta\u015bmy-samoprzylepne\\\/obszary-zastosowan\\\/przemysl-papierniczy\\\/orafix-1305-siliconised-pet-adhesive-tape\\\/\",\"name\":\"ORAFIX\u00ae 1305 silikonowana ta\u015bma samoprzylepna PET | Cardinal TAPES\",\"isPartOf\":{\"@id\":\"https:\\\/\\\/cardinal-tapes.com\\\/#website\"},\"primaryImageOfPage\":{\"@id\":\"https:\\\/\\\/cardinal-tapes.com\\\/pl\\\/ta\u015bmy-samoprzylepne\\\/obszary-zastosowan\\\/przemysl-papierniczy\\\/orafix-1305-siliconised-pet-adhesive-tape\\\/#primaryimage\"},\"image\":{\"@id\":\"https:\\\/\\\/cardinal-tapes.com\\\/pl\\\/ta\u015bmy-samoprzylepne\\\/obszary-zastosowan\\\/przemysl-papierniczy\\\/orafix-1305-siliconised-pet-adhesive-tape\\\/#primaryimage\"},\"thumbnailUrl\":\"https:\\\/\\\/cardinal-tapes.com\\\/wp-content\\\/uploads\\\/1305a-scaled.jpg\",\"datePublished\":\"2023-03-27T13:16:40+00:00\",\"dateModified\":\"2025-07-01T14:20:38+00:00\",\"description\":\"Orafix 1305 to ta\u015bma do splatania przeznaczona do wst\u0119pnego splatania rdzeni, a tak\u017ce do zamykania rolek materia\u0142\u00f3w silikonowanych, takich jak ta\u015bmy samoprzylepne.\",\"breadcrumb\":{\"@id\":\"https:\\\/\\\/cardinal-tapes.com\\\/pl\\\/ta\u015bmy-samoprzylepne\\\/obszary-zastosowan\\\/przemysl-papierniczy\\\/orafix-1305-siliconised-pet-adhesive-tape\\\/#breadcrumb\"},\"inLanguage\":\"pl-PL\",\"potentialAction\":[{\"@type\":\"ReadAction\",\"target\":[\"https:\\\/\\\/cardinal-tapes.com\\\/pl\\\/ta\u015bmy-samoprzylepne\\\/obszary-zastosowan\\\/przemysl-papierniczy\\\/orafix-1305-siliconised-pet-adhesive-tape\\\/\"]}]},{\"@type\":\"ImageObject\",\"inLanguage\":\"pl-PL\",\"@id\":\"https:\\\/\\\/cardinal-tapes.com\\\/pl\\\/ta\u015bmy-samoprzylepne\\\/obszary-zastosowan\\\/przemysl-papierniczy\\\/orafix-1305-siliconised-pet-adhesive-tape\\\/#primaryimage\",\"url\":\"https:\\\/\\\/cardinal-tapes.com\\\/wp-content\\\/uploads\\\/1305a-scaled.jpg\",\"contentUrl\":\"https:\\\/\\\/cardinal-tapes.com\\\/wp-content\\\/uploads\\\/1305a-scaled.jpg\",\"width\":2560,\"height\":1707},{\"@type\":\"BreadcrumbList\",\"@id\":\"https:\\\/\\\/cardinal-tapes.com\\\/pl\\\/ta\u015bmy-samoprzylepne\\\/obszary-zastosowan\\\/przemysl-papierniczy\\\/orafix-1305-siliconised-pet-adhesive-tape\\\/#breadcrumb\",\"itemListElement\":[{\"@type\":\"ListItem\",\"position\":1,\"name\":\"Startseite\",\"item\":\"https:\\\/\\\/cardinal-tapes.com\\\/pl\\\/strona-glowna\\\/\"},{\"@type\":\"ListItem\",\"position\":2,\"name\":\"Ta\u015bmy samoprzylepne\",\"item\":\"https:\\\/\\\/cardinal-tapes.com\\\/pl\\\/tasmy-samoprzylepne-pl\\\/\"},{\"@type\":\"ListItem\",\"position\":3,\"name\":\"Doppelseitige Klebeb\u00e4nder\",\"item\":\"https:\\\/\\\/cardinal-tapes.com\\\/kategorie\\\/doppelseitige-klebebaender\\\/\"},{\"@type\":\"ListItem\",\"position\":4,\"name\":\"ORAFIX\u00ae 1305 silikonowana ta\u015bma samoprzylepna PET\"}]},{\"@type\":\"WebSite\",\"@id\":\"https:\\\/\\\/cardinal-tapes.com\\\/#website\",\"url\":\"https:\\\/\\\/cardinal-tapes.com\\\/\",\"name\":\"cardinal TAPES\",\"description\":\"Klebetechnik aus Wuppertal\",\"potentialAction\":[{\"@type\":\"SearchAction\",\"target\":{\"@type\":\"EntryPoint\",\"urlTemplate\":\"https:\\\/\\\/cardinal-tapes.com\\\/?s={search_term_string}\"},\"query-input\":{\"@type\":\"PropertyValueSpecification\",\"valueRequired\":true,\"valueName\":\"search_term_string\"}}],\"inLanguage\":\"pl-PL\"}]}<\/script>\n<!-- \/ Yoast SEO plugin. -->","yoast_head_json":{"title":"ORAFIX\u00ae 1305 silikonowana ta\u015bma samoprzylepna PET | Cardinal TAPES","description":"Orafix 1305 to ta\u015bma do splatania przeznaczona do wst\u0119pnego splatania rdzeni, a tak\u017ce do zamykania rolek materia\u0142\u00f3w silikonowanych, takich jak ta\u015bmy samoprzylepne.","robots":{"index":"index","follow":"follow","max-snippet":"max-snippet:-1","max-image-preview":"max-image-preview:large","max-video-preview":"max-video-preview:-1"},"canonical":"https:\/\/cardinal-tapes.com\/pl\/ta\u015bmy-samoprzylepne\/obszary-zastosowan\/przemysl-papierniczy\/orafix-1305-siliconised-pet-adhesive-tape\/","og_locale":"pl_PL","og_type":"article","og_title":"ORAFIX\u00ae 1305 silikonowana ta\u015bma samoprzylepna PET | Cardinal TAPES","og_description":"Orafix 1305 to ta\u015bma do splatania przeznaczona do wst\u0119pnego splatania rdzeni, a tak\u017ce do zamykania rolek materia\u0142\u00f3w silikonowanych, takich jak ta\u015bmy samoprzylepne.","og_url":"https:\/\/cardinal-tapes.com\/pl\/ta\u015bmy-samoprzylepne\/obszary-zastosowan\/przemysl-papierniczy\/orafix-1305-siliconised-pet-adhesive-tape\/","og_site_name":"cardinal TAPES","article_modified_time":"2025-07-01T14:20:38+00:00","og_image":[{"width":2560,"height":1707,"url":"https:\/\/cardinal-tapes.com\/wp-content\/uploads\/1305a-scaled.jpg","type":"image\/jpeg"}],"twitter_card":"summary_large_image","twitter_misc":{"Szacowany czas czytania":"1 minuta"},"schema":{"@context":"https:\/\/schema.org","@graph":[{"@type":"WebPage","@id":"https:\/\/cardinal-tapes.com\/pl\/ta\u015bmy-samoprzylepne\/obszary-zastosowan\/przemysl-papierniczy\/orafix-1305-siliconised-pet-adhesive-tape\/","url":"https:\/\/cardinal-tapes.com\/pl\/ta\u015bmy-samoprzylepne\/obszary-zastosowan\/przemysl-papierniczy\/orafix-1305-siliconised-pet-adhesive-tape\/","name":"ORAFIX\u00ae 1305 silikonowana ta\u015bma samoprzylepna PET | Cardinal TAPES","isPartOf":{"@id":"https:\/\/cardinal-tapes.com\/#website"},"primaryImageOfPage":{"@id":"https:\/\/cardinal-tapes.com\/pl\/ta\u015bmy-samoprzylepne\/obszary-zastosowan\/przemysl-papierniczy\/orafix-1305-siliconised-pet-adhesive-tape\/#primaryimage"},"image":{"@id":"https:\/\/cardinal-tapes.com\/pl\/ta\u015bmy-samoprzylepne\/obszary-zastosowan\/przemysl-papierniczy\/orafix-1305-siliconised-pet-adhesive-tape\/#primaryimage"},"thumbnailUrl":"https:\/\/cardinal-tapes.com\/wp-content\/uploads\/1305a-scaled.jpg","datePublished":"2023-03-27T13:16:40+00:00","dateModified":"2025-07-01T14:20:38+00:00","description":"Orafix 1305 to ta\u015bma do splatania przeznaczona do wst\u0119pnego splatania rdzeni, a tak\u017ce do zamykania rolek materia\u0142\u00f3w silikonowanych, takich jak ta\u015bmy samoprzylepne.","breadcrumb":{"@id":"https:\/\/cardinal-tapes.com\/pl\/ta\u015bmy-samoprzylepne\/obszary-zastosowan\/przemysl-papierniczy\/orafix-1305-siliconised-pet-adhesive-tape\/#breadcrumb"},"inLanguage":"pl-PL","potentialAction":[{"@type":"ReadAction","target":["https:\/\/cardinal-tapes.com\/pl\/ta\u015bmy-samoprzylepne\/obszary-zastosowan\/przemysl-papierniczy\/orafix-1305-siliconised-pet-adhesive-tape\/"]}]},{"@type":"ImageObject","inLanguage":"pl-PL","@id":"https:\/\/cardinal-tapes.com\/pl\/ta\u015bmy-samoprzylepne\/obszary-zastosowan\/przemysl-papierniczy\/orafix-1305-siliconised-pet-adhesive-tape\/#primaryimage","url":"https:\/\/cardinal-tapes.com\/wp-content\/uploads\/1305a-scaled.jpg","contentUrl":"https:\/\/cardinal-tapes.com\/wp-content\/uploads\/1305a-scaled.jpg","width":2560,"height":1707},{"@type":"BreadcrumbList","@id":"https:\/\/cardinal-tapes.com\/pl\/ta\u015bmy-samoprzylepne\/obszary-zastosowan\/przemysl-papierniczy\/orafix-1305-siliconised-pet-adhesive-tape\/#breadcrumb","itemListElement":[{"@type":"ListItem","position":1,"name":"Startseite","item":"https:\/\/cardinal-tapes.com\/pl\/strona-glowna\/"},{"@type":"ListItem","position":2,"name":"Ta\u015bmy samoprzylepne","item":"https:\/\/cardinal-tapes.com\/pl\/tasmy-samoprzylepne-pl\/"},{"@type":"ListItem","position":3,"name":"Doppelseitige Klebeb\u00e4nder","item":"https:\/\/cardinal-tapes.com\/kategorie\/doppelseitige-klebebaender\/"},{"@type":"ListItem","position":4,"name":"ORAFIX\u00ae 1305 silikonowana ta\u015bma samoprzylepna PET"}]},{"@type":"WebSite","@id":"https:\/\/cardinal-tapes.com\/#website","url":"https:\/\/cardinal-tapes.com\/","name":"cardinal TAPES","description":"Klebetechnik aus Wuppertal","potentialAction":[{"@type":"SearchAction","target":{"@type":"EntryPoint","urlTemplate":"https:\/\/cardinal-tapes.com\/?s={search_term_string}"},"query-input":{"@type":"PropertyValueSpecification","valueRequired":true,"valueName":"search_term_string"}}],"inLanguage":"pl-PL"}]}},"brands":[{"id":2860,"name":"ORAFOL","slug":"orafol-pl"}],"_links":{"self":[{"href":"https:\/\/cardinal-tapes.com\/pl\/wp-json\/wp\/v2\/product\/38244","targetHints":{"allow":["GET"]}}],"collection":[{"href":"https:\/\/cardinal-tapes.com\/pl\/wp-json\/wp\/v2\/product"}],"about":[{"href":"https:\/\/cardinal-tapes.com\/pl\/wp-json\/wp\/v2\/types\/product"}],"wp:featuredmedia":[{"embeddable":true,"href":"https:\/\/cardinal-tapes.com\/pl\/wp-json\/wp\/v2\/media\/29274"}],"wp:attachment":[{"href":"https:\/\/cardinal-tapes.com\/pl\/wp-json\/wp\/v2\/media?parent=38244"}],"wp:term":[{"taxonomy":"pwb-brand","embeddable":true,"href":"https:\/\/cardinal-tapes.com\/pl\/wp-json\/wp\/v2\/pwb-brand?post=38244"},{"taxonomy":"product_brand","embeddable":true,"href":"https:\/\/cardinal-tapes.com\/pl\/wp-json\/wp\/v2\/product_brand?post=38244"},{"taxonomy":"product_cat","embeddable":true,"href":"https:\/\/cardinal-tapes.com\/pl\/wp-json\/wp\/v2\/product_cat?post=38244"},{"taxonomy":"product_tag","embeddable":true,"href":"https:\/\/cardinal-tapes.com\/pl\/wp-json\/wp\/v2\/product_tag?post=38244"}],"curies":[{"name":"wp","href":"https:\/\/api.w.org\/{rel}","templated":true}]}}