{"id":38243,"date":"2023-03-27T14:12:09","date_gmt":"2023-03-27T12:12:09","guid":{"rendered":"https:\/\/cardinal.pixel-tal.de\/klebebaender\/bez-kategorii\/orafix-1281-splice-tape\/"},"modified":"2025-07-01T16:20:24","modified_gmt":"2025-07-01T14:20:24","slug":"tasma-samoprzylepna-orafix-1281-splice","status":"publish","type":"product","link":"https:\/\/cardinal-tapes.com\/pl\/ta\u015bmy-samoprzylepne\/obszary-zastosowan\/przemysl-papierniczy\/tasma-samoprzylepna-orafix-1281-splice\/","title":{"rendered":"ORAFIX\u00ae 1281 Splice Tape"},"content":{"rendered":"<p>Dwustronna ta\u015bma samoprzylepna sk\u0142ada si\u0119 z dyspergowalnej w wodzie bibu\u0142y, kt\u00f3ra jest pokryta z obu stron zmodyfikowanym,<br \/>\nrozpuszczalnym w wodzie akrylowym klejem wra\u017cliwym na nacisk. Klej samoprzylepny charakteryzuje si\u0119 bardzo dobr\u0105 przyczepno\u015bci\u0105 i<br \/>\nbardzo dobr\u0105 odporno\u015bci\u0105 termiczn\u0105. Zastosowany klej samoprzylepny RA4 spe\u0142nia wymagania Code of Federal<br \/>\nRegulations, Food and Drugs (FDA), 21 CFR Ch.   I, \u00a7 175.105.<\/p>\n<p><strong>Obszar zastosowa\u0144<\/strong><br \/>\nWodoodporna ta\u015bma \u0142\u0105cz\u0105ca o wysokiej odporno\u015bci termicznej do r\u0119cznej i ruchomej wymiany rolek w produkcji i przetwarzaniu papieru<br \/>\n.<\/p>\n","protected":false},"excerpt":{"rendered":"<p>Dwustronna ta\u015bma samoprzylepna sk\u0142ada si\u0119 z dyspergowalnej w wodzie bibu\u0142y, kt\u00f3ra jest pokryta z obu stron zmodyfikowanym, rozpuszczalnym w wodzie akrylowym klejem wra\u017cliwym na nacisk. Klej samoprzylepny charakteryzuje si\u0119 bardzo dobr\u0105 przyczepno\u015bci\u0105 i bardzo dobr\u0105 odporno\u015bci\u0105 termiczn\u0105. Zastosowany klej samoprzylepny RA4 spe\u0142nia wymagania Code of Federal Regulations, Food and Drugs (FDA), 21 CFR Ch. I, [&hellip;]<\/p>\n","protected":false},"featured_media":29262,"template":"","meta":{"_acf_changed":false},"pwb-brand":[2860],"product_brand":[],"product_cat":[1785,1814],"product_tag":[],"class_list":{"0":"post-38243","1":"product","2":"type-product","3":"status-publish","4":"has-post-thumbnail","6":"pwb-brand-orafol-pl","7":"product_cat-przemysl-papierniczy","8":"product_cat-tasmy-dwustronnie-klejace","10":"first","11":"instock","12":"taxable","13":"shipping-taxable","14":"purchasable","15":"product-type-variable"},"acf":[],"yoast_head":"<!-- This site is optimized with the Yoast SEO plugin v27.3 - https:\/\/yoast.com\/product\/yoast-seo-wordpress\/ -->\n<title>ORAFIX\u00ae 1281 Splice Tape | Cardinal TAPES<\/title>\n<meta name=\"description\" content=\"Dwustronna ta\u015bma samoprzylepna sk\u0142ada si\u0119 z dyspergowalnej w wodzie bibu\u0142y pokrytej rozpuszczalnym w wodzie akrylowym klejem samoprzylepnym\" \/>\n<meta name=\"robots\" content=\"index, follow, max-snippet:-1, max-image-preview:large, max-video-preview:-1\" \/>\n<link rel=\"canonical\" href=\"https:\/\/cardinal-tapes.com\/pl\/ta\u015bmy-samoprzylepne\/obszary-zastosowan\/przemysl-papierniczy\/tasma-samoprzylepna-orafix-1281-splice\/\" \/>\n<meta property=\"og:locale\" content=\"pl_PL\" \/>\n<meta property=\"og:type\" content=\"article\" \/>\n<meta property=\"og:title\" content=\"ORAFIX\u00ae 1281 Splice Tape | Cardinal TAPES\" \/>\n<meta property=\"og:description\" content=\"Dwustronna ta\u015bma samoprzylepna sk\u0142ada si\u0119 z dyspergowalnej w wodzie bibu\u0142y pokrytej rozpuszczalnym w wodzie akrylowym klejem samoprzylepnym\" \/>\n<meta property=\"og:url\" content=\"https:\/\/cardinal-tapes.com\/pl\/ta\u015bmy-samoprzylepne\/obszary-zastosowan\/przemysl-papierniczy\/tasma-samoprzylepna-orafix-1281-splice\/\" \/>\n<meta property=\"og:site_name\" content=\"cardinal TAPES\" \/>\n<meta property=\"article:modified_time\" content=\"2025-07-01T14:20:24+00:00\" \/>\n<meta property=\"og:image\" content=\"https:\/\/cardinal-tapes.com\/wp-content\/uploads\/1281-1330-25mm-scaled.jpg\" \/>\n\t<meta property=\"og:image:width\" content=\"2560\" \/>\n\t<meta property=\"og:image:height\" content=\"1707\" \/>\n\t<meta property=\"og:image:type\" content=\"image\/jpeg\" \/>\n<meta name=\"twitter:card\" content=\"summary_large_image\" \/>\n<script type=\"application\/ld+json\" class=\"yoast-schema-graph\">{\"@context\":\"https:\\\/\\\/schema.org\",\"@graph\":[{\"@type\":\"WebPage\",\"@id\":\"https:\\\/\\\/cardinal-tapes.com\\\/pl\\\/ta\u015bmy-samoprzylepne\\\/obszary-zastosowan\\\/przemysl-papierniczy\\\/tasma-samoprzylepna-orafix-1281-splice\\\/\",\"url\":\"https:\\\/\\\/cardinal-tapes.com\\\/pl\\\/ta\u015bmy-samoprzylepne\\\/obszary-zastosowan\\\/przemysl-papierniczy\\\/tasma-samoprzylepna-orafix-1281-splice\\\/\",\"name\":\"ORAFIX\u00ae 1281 Splice Tape | Cardinal TAPES\",\"isPartOf\":{\"@id\":\"https:\\\/\\\/cardinal-tapes.com\\\/#website\"},\"primaryImageOfPage\":{\"@id\":\"https:\\\/\\\/cardinal-tapes.com\\\/pl\\\/ta\u015bmy-samoprzylepne\\\/obszary-zastosowan\\\/przemysl-papierniczy\\\/tasma-samoprzylepna-orafix-1281-splice\\\/#primaryimage\"},\"image\":{\"@id\":\"https:\\\/\\\/cardinal-tapes.com\\\/pl\\\/ta\u015bmy-samoprzylepne\\\/obszary-zastosowan\\\/przemysl-papierniczy\\\/tasma-samoprzylepna-orafix-1281-splice\\\/#primaryimage\"},\"thumbnailUrl\":\"https:\\\/\\\/cardinal-tapes.com\\\/wp-content\\\/uploads\\\/1281-1330-25mm-scaled.jpg\",\"datePublished\":\"2023-03-27T12:12:09+00:00\",\"dateModified\":\"2025-07-01T14:20:24+00:00\",\"description\":\"Dwustronna ta\u015bma samoprzylepna sk\u0142ada si\u0119 z dyspergowalnej w wodzie bibu\u0142y pokrytej rozpuszczalnym w wodzie akrylowym klejem samoprzylepnym\",\"breadcrumb\":{\"@id\":\"https:\\\/\\\/cardinal-tapes.com\\\/pl\\\/ta\u015bmy-samoprzylepne\\\/obszary-zastosowan\\\/przemysl-papierniczy\\\/tasma-samoprzylepna-orafix-1281-splice\\\/#breadcrumb\"},\"inLanguage\":\"pl-PL\",\"potentialAction\":[{\"@type\":\"ReadAction\",\"target\":[\"https:\\\/\\\/cardinal-tapes.com\\\/pl\\\/ta\u015bmy-samoprzylepne\\\/obszary-zastosowan\\\/przemysl-papierniczy\\\/tasma-samoprzylepna-orafix-1281-splice\\\/\"]}]},{\"@type\":\"ImageObject\",\"inLanguage\":\"pl-PL\",\"@id\":\"https:\\\/\\\/cardinal-tapes.com\\\/pl\\\/ta\u015bmy-samoprzylepne\\\/obszary-zastosowan\\\/przemysl-papierniczy\\\/tasma-samoprzylepna-orafix-1281-splice\\\/#primaryimage\",\"url\":\"https:\\\/\\\/cardinal-tapes.com\\\/wp-content\\\/uploads\\\/1281-1330-25mm-scaled.jpg\",\"contentUrl\":\"https:\\\/\\\/cardinal-tapes.com\\\/wp-content\\\/uploads\\\/1281-1330-25mm-scaled.jpg\",\"width\":2560,\"height\":1707},{\"@type\":\"BreadcrumbList\",\"@id\":\"https:\\\/\\\/cardinal-tapes.com\\\/pl\\\/ta\u015bmy-samoprzylepne\\\/obszary-zastosowan\\\/przemysl-papierniczy\\\/tasma-samoprzylepna-orafix-1281-splice\\\/#breadcrumb\",\"itemListElement\":[{\"@type\":\"ListItem\",\"position\":1,\"name\":\"Startseite\",\"item\":\"https:\\\/\\\/cardinal-tapes.com\\\/pl\\\/strona-glowna\\\/\"},{\"@type\":\"ListItem\",\"position\":2,\"name\":\"Ta\u015bmy samoprzylepne\",\"item\":\"https:\\\/\\\/cardinal-tapes.com\\\/pl\\\/tasmy-samoprzylepne-pl\\\/\"},{\"@type\":\"ListItem\",\"position\":3,\"name\":\"Obszary zastosowa\u0144\",\"item\":\"https:\\\/\\\/cardinal-tapes.com\\\/pl\\\/kategoria\\\/obszary-zastosowan\\\/\"},{\"@type\":\"ListItem\",\"position\":4,\"name\":\"Przemys\u0142 papierniczy\",\"item\":\"https:\\\/\\\/cardinal-tapes.com\\\/pl\\\/kategoria\\\/przemysl-papierniczy\\\/\"},{\"@type\":\"ListItem\",\"position\":5,\"name\":\"ORAFIX\u00ae 1281 Splice Tape\"}]},{\"@type\":\"WebSite\",\"@id\":\"https:\\\/\\\/cardinal-tapes.com\\\/#website\",\"url\":\"https:\\\/\\\/cardinal-tapes.com\\\/\",\"name\":\"cardinal TAPES\",\"description\":\"Klebetechnik aus Wuppertal\",\"potentialAction\":[{\"@type\":\"SearchAction\",\"target\":{\"@type\":\"EntryPoint\",\"urlTemplate\":\"https:\\\/\\\/cardinal-tapes.com\\\/?s={search_term_string}\"},\"query-input\":{\"@type\":\"PropertyValueSpecification\",\"valueRequired\":true,\"valueName\":\"search_term_string\"}}],\"inLanguage\":\"pl-PL\"}]}<\/script>\n<!-- \/ Yoast SEO plugin. -->","yoast_head_json":{"title":"ORAFIX\u00ae 1281 Splice Tape | Cardinal TAPES","description":"Dwustronna ta\u015bma samoprzylepna sk\u0142ada si\u0119 z dyspergowalnej w wodzie bibu\u0142y pokrytej rozpuszczalnym w wodzie akrylowym klejem samoprzylepnym","robots":{"index":"index","follow":"follow","max-snippet":"max-snippet:-1","max-image-preview":"max-image-preview:large","max-video-preview":"max-video-preview:-1"},"canonical":"https:\/\/cardinal-tapes.com\/pl\/ta\u015bmy-samoprzylepne\/obszary-zastosowan\/przemysl-papierniczy\/tasma-samoprzylepna-orafix-1281-splice\/","og_locale":"pl_PL","og_type":"article","og_title":"ORAFIX\u00ae 1281 Splice Tape | Cardinal TAPES","og_description":"Dwustronna ta\u015bma samoprzylepna sk\u0142ada si\u0119 z dyspergowalnej w wodzie bibu\u0142y pokrytej rozpuszczalnym w wodzie akrylowym klejem samoprzylepnym","og_url":"https:\/\/cardinal-tapes.com\/pl\/ta\u015bmy-samoprzylepne\/obszary-zastosowan\/przemysl-papierniczy\/tasma-samoprzylepna-orafix-1281-splice\/","og_site_name":"cardinal TAPES","article_modified_time":"2025-07-01T14:20:24+00:00","og_image":[{"width":2560,"height":1707,"url":"https:\/\/cardinal-tapes.com\/wp-content\/uploads\/1281-1330-25mm-scaled.jpg","type":"image\/jpeg"}],"twitter_card":"summary_large_image","schema":{"@context":"https:\/\/schema.org","@graph":[{"@type":"WebPage","@id":"https:\/\/cardinal-tapes.com\/pl\/ta\u015bmy-samoprzylepne\/obszary-zastosowan\/przemysl-papierniczy\/tasma-samoprzylepna-orafix-1281-splice\/","url":"https:\/\/cardinal-tapes.com\/pl\/ta\u015bmy-samoprzylepne\/obszary-zastosowan\/przemysl-papierniczy\/tasma-samoprzylepna-orafix-1281-splice\/","name":"ORAFIX\u00ae 1281 Splice Tape | Cardinal TAPES","isPartOf":{"@id":"https:\/\/cardinal-tapes.com\/#website"},"primaryImageOfPage":{"@id":"https:\/\/cardinal-tapes.com\/pl\/ta\u015bmy-samoprzylepne\/obszary-zastosowan\/przemysl-papierniczy\/tasma-samoprzylepna-orafix-1281-splice\/#primaryimage"},"image":{"@id":"https:\/\/cardinal-tapes.com\/pl\/ta\u015bmy-samoprzylepne\/obszary-zastosowan\/przemysl-papierniczy\/tasma-samoprzylepna-orafix-1281-splice\/#primaryimage"},"thumbnailUrl":"https:\/\/cardinal-tapes.com\/wp-content\/uploads\/1281-1330-25mm-scaled.jpg","datePublished":"2023-03-27T12:12:09+00:00","dateModified":"2025-07-01T14:20:24+00:00","description":"Dwustronna ta\u015bma samoprzylepna sk\u0142ada si\u0119 z dyspergowalnej w wodzie bibu\u0142y pokrytej rozpuszczalnym w wodzie akrylowym klejem samoprzylepnym","breadcrumb":{"@id":"https:\/\/cardinal-tapes.com\/pl\/ta\u015bmy-samoprzylepne\/obszary-zastosowan\/przemysl-papierniczy\/tasma-samoprzylepna-orafix-1281-splice\/#breadcrumb"},"inLanguage":"pl-PL","potentialAction":[{"@type":"ReadAction","target":["https:\/\/cardinal-tapes.com\/pl\/ta\u015bmy-samoprzylepne\/obszary-zastosowan\/przemysl-papierniczy\/tasma-samoprzylepna-orafix-1281-splice\/"]}]},{"@type":"ImageObject","inLanguage":"pl-PL","@id":"https:\/\/cardinal-tapes.com\/pl\/ta\u015bmy-samoprzylepne\/obszary-zastosowan\/przemysl-papierniczy\/tasma-samoprzylepna-orafix-1281-splice\/#primaryimage","url":"https:\/\/cardinal-tapes.com\/wp-content\/uploads\/1281-1330-25mm-scaled.jpg","contentUrl":"https:\/\/cardinal-tapes.com\/wp-content\/uploads\/1281-1330-25mm-scaled.jpg","width":2560,"height":1707},{"@type":"BreadcrumbList","@id":"https:\/\/cardinal-tapes.com\/pl\/ta\u015bmy-samoprzylepne\/obszary-zastosowan\/przemysl-papierniczy\/tasma-samoprzylepna-orafix-1281-splice\/#breadcrumb","itemListElement":[{"@type":"ListItem","position":1,"name":"Startseite","item":"https:\/\/cardinal-tapes.com\/pl\/strona-glowna\/"},{"@type":"ListItem","position":2,"name":"Ta\u015bmy samoprzylepne","item":"https:\/\/cardinal-tapes.com\/pl\/tasmy-samoprzylepne-pl\/"},{"@type":"ListItem","position":3,"name":"Obszary zastosowa\u0144","item":"https:\/\/cardinal-tapes.com\/pl\/kategoria\/obszary-zastosowan\/"},{"@type":"ListItem","position":4,"name":"Przemys\u0142 papierniczy","item":"https:\/\/cardinal-tapes.com\/pl\/kategoria\/przemysl-papierniczy\/"},{"@type":"ListItem","position":5,"name":"ORAFIX\u00ae 1281 Splice Tape"}]},{"@type":"WebSite","@id":"https:\/\/cardinal-tapes.com\/#website","url":"https:\/\/cardinal-tapes.com\/","name":"cardinal TAPES","description":"Klebetechnik aus Wuppertal","potentialAction":[{"@type":"SearchAction","target":{"@type":"EntryPoint","urlTemplate":"https:\/\/cardinal-tapes.com\/?s={search_term_string}"},"query-input":{"@type":"PropertyValueSpecification","valueRequired":true,"valueName":"search_term_string"}}],"inLanguage":"pl-PL"}]}},"brands":[{"id":2860,"name":"ORAFOL","slug":"orafol-pl"}],"_links":{"self":[{"href":"https:\/\/cardinal-tapes.com\/pl\/wp-json\/wp\/v2\/product\/38243","targetHints":{"allow":["GET"]}}],"collection":[{"href":"https:\/\/cardinal-tapes.com\/pl\/wp-json\/wp\/v2\/product"}],"about":[{"href":"https:\/\/cardinal-tapes.com\/pl\/wp-json\/wp\/v2\/types\/product"}],"wp:featuredmedia":[{"embeddable":true,"href":"https:\/\/cardinal-tapes.com\/pl\/wp-json\/wp\/v2\/media\/29262"}],"wp:attachment":[{"href":"https:\/\/cardinal-tapes.com\/pl\/wp-json\/wp\/v2\/media?parent=38243"}],"wp:term":[{"taxonomy":"pwb-brand","embeddable":true,"href":"https:\/\/cardinal-tapes.com\/pl\/wp-json\/wp\/v2\/pwb-brand?post=38243"},{"taxonomy":"product_brand","embeddable":true,"href":"https:\/\/cardinal-tapes.com\/pl\/wp-json\/wp\/v2\/product_brand?post=38243"},{"taxonomy":"product_cat","embeddable":true,"href":"https:\/\/cardinal-tapes.com\/pl\/wp-json\/wp\/v2\/product_cat?post=38243"},{"taxonomy":"product_tag","embeddable":true,"href":"https:\/\/cardinal-tapes.com\/pl\/wp-json\/wp\/v2\/product_tag?post=38243"}],"curies":[{"name":"wp","href":"https:\/\/api.w.org\/{rel}","templated":true}]}}