{"id":38242,"date":"2023-03-10T09:53:31","date_gmt":"2023-06-05T14:42:56","guid":{"rendered":"https:\/\/cardinal.pixel-tal.de\/klebebaender\/bez-kategorii\/poliestrowa-tasma-samoprzylepna-h-old-8825\/"},"modified":"2025-07-01T16:10:14","modified_gmt":"2025-07-01T14:10:14","slug":"h-old-8825-poliestrowa-tasma-samoprzylepna","status":"publish","type":"product","link":"https:\/\/cardinal-tapes.com\/pl\/ta\u015bmy-samoprzylepne\/jednostronne-tasmy-samoprzylepne\/folia-pet\/h-old-8825-poliestrowa-tasma-samoprzylepna\/","title":{"rendered":"poliestrowa ta\u015bma samoprzylepna h-old\u00ae 8825"},"content":{"rendered":"<p><span id=\"[0,2]\" class=\"word\">Ta\u015bma h-old\u00ae 8825 to dwustronna poliestrowa ta\u015bma samoprzylepna pokryta po obu stronach silikonowym klejem na bazie rozpuszczalnika. Klej silikonowy<br \/>\nzastosowany w 8825 zapewnia dobr\u0105 przyczepno\u015b\u0107 pocz\u0105tkow\u0105 i przyleganie do silikonowanych pod\u0142o\u017cy, materia\u0142\u00f3w o wysokiej i niskiej energii oraz wielu innych pod\u0142o\u017cy.<br \/>\nOpracowany do \u0142\u0105czenia folii i papieru, klejenia r\u00f3\u017cnych materia\u0142\u00f3w, takich jak uszczelki silikonowe, profile itp.<\/span><\/p>\n","protected":false},"excerpt":{"rendered":"<p>Ta\u015bma h-old\u00ae 8825 to dwustronna poliestrowa ta\u015bma samoprzylepna pokryta po obu stronach silikonowym klejem na bazie rozpuszczalnika. Klej silikonowy zastosowany w 8825 zapewnia dobr\u0105 przyczepno\u015b\u0107 pocz\u0105tkow\u0105 i przyleganie do silikonowanych pod\u0142o\u017cy, materia\u0142\u00f3w o wysokiej i niskiej energii oraz wielu innych pod\u0142o\u017cy. Opracowany do \u0142\u0105czenia folii i papieru, klejenia r\u00f3\u017cnych materia\u0142\u00f3w, takich jak uszczelki silikonowe, profile [&hellip;]<\/p>\n","protected":false},"featured_media":29222,"template":"","meta":{"_acf_changed":false},"pwb-brand":[2391,2400],"product_brand":[],"product_cat":[1814,1819],"product_tag":[],"class_list":{"0":"post-38242","1":"product","2":"type-product","3":"status-publish","4":"has-post-thumbnail","6":"pwb-brand-h-old-pl","7":"pwb-brand-saint-gobain-pl","8":"product_cat-tasmy-dwustronnie-klejace","9":"product_cat-folia-pet","11":"first","12":"outofstock","13":"taxable","14":"shipping-taxable","15":"product-type-variable"},"acf":[],"yoast_head":"<!-- This site is optimized with the Yoast SEO plugin v27.3 - https:\/\/yoast.com\/product\/yoast-seo-wordpress\/ -->\n<title>Ta\u015bma samoprzylepna poliestrowa h-old 8825 | Cardinal TAPES<\/title>\n<meta name=\"description\" content=\"Ta\u015bma h-old\u00ae 8825 to dwustronna poliestrowa ta\u015bma samoprzylepna pokryta po obu stronach silikonowym klejem na bazie rozpuszczalnika.\" \/>\n<meta name=\"robots\" content=\"index, follow, max-snippet:-1, max-image-preview:large, max-video-preview:-1\" \/>\n<link rel=\"canonical\" href=\"https:\/\/cardinal-tapes.com\/pl\/ta\u015bmy-samoprzylepne\/jednostronne-tasmy-samoprzylepne\/folia-pet\/h-old-8825-poliestrowa-tasma-samoprzylepna\/\" \/>\n<meta property=\"og:locale\" content=\"pl_PL\" \/>\n<meta property=\"og:type\" content=\"article\" \/>\n<meta property=\"og:title\" content=\"Ta\u015bma samoprzylepna poliestrowa h-old 8825 | Cardinal TAPES\" \/>\n<meta property=\"og:description\" content=\"Ta\u015bma h-old\u00ae 8825 to dwustronna poliestrowa ta\u015bma samoprzylepna pokryta po obu stronach silikonowym klejem na bazie rozpuszczalnika.\" \/>\n<meta property=\"og:url\" content=\"https:\/\/cardinal-tapes.com\/pl\/ta\u015bmy-samoprzylepne\/jednostronne-tasmy-samoprzylepne\/folia-pet\/h-old-8825-poliestrowa-tasma-samoprzylepna\/\" \/>\n<meta property=\"og:site_name\" content=\"cardinal TAPES\" \/>\n<meta property=\"article:modified_time\" content=\"2025-07-01T14:10:14+00:00\" \/>\n<meta property=\"og:image\" content=\"https:\/\/cardinal-tapes.com\/wp-content\/uploads\/H-old-PET-8825-A_203751.png\" \/>\n\t<meta property=\"og:image:width\" content=\"415\" \/>\n\t<meta property=\"og:image:height\" content=\"415\" \/>\n\t<meta property=\"og:image:type\" content=\"image\/png\" \/>\n<meta name=\"twitter:card\" content=\"summary_large_image\" \/>\n<script type=\"application\/ld+json\" class=\"yoast-schema-graph\">{\"@context\":\"https:\\\/\\\/schema.org\",\"@graph\":[{\"@type\":\"WebPage\",\"@id\":\"https:\\\/\\\/cardinal-tapes.com\\\/pl\\\/ta\u015bmy-samoprzylepne\\\/jednostronne-tasmy-samoprzylepne\\\/folia-pet\\\/h-old-8825-poliestrowa-tasma-samoprzylepna\\\/\",\"url\":\"https:\\\/\\\/cardinal-tapes.com\\\/pl\\\/ta\u015bmy-samoprzylepne\\\/jednostronne-tasmy-samoprzylepne\\\/folia-pet\\\/h-old-8825-poliestrowa-tasma-samoprzylepna\\\/\",\"name\":\"Ta\u015bma samoprzylepna poliestrowa h-old 8825 | Cardinal TAPES\",\"isPartOf\":{\"@id\":\"https:\\\/\\\/cardinal-tapes.com\\\/#website\"},\"primaryImageOfPage\":{\"@id\":\"https:\\\/\\\/cardinal-tapes.com\\\/pl\\\/ta\u015bmy-samoprzylepne\\\/jednostronne-tasmy-samoprzylepne\\\/folia-pet\\\/h-old-8825-poliestrowa-tasma-samoprzylepna\\\/#primaryimage\"},\"image\":{\"@id\":\"https:\\\/\\\/cardinal-tapes.com\\\/pl\\\/ta\u015bmy-samoprzylepne\\\/jednostronne-tasmy-samoprzylepne\\\/folia-pet\\\/h-old-8825-poliestrowa-tasma-samoprzylepna\\\/#primaryimage\"},\"thumbnailUrl\":\"https:\\\/\\\/cardinal-tapes.com\\\/wp-content\\\/uploads\\\/H-old-PET-8825-A_203751.png\",\"datePublished\":\"2023-06-05T14:42:56+00:00\",\"dateModified\":\"2025-07-01T14:10:14+00:00\",\"description\":\"Ta\u015bma h-old\u00ae 8825 to dwustronna poliestrowa ta\u015bma samoprzylepna pokryta po obu stronach silikonowym klejem na bazie rozpuszczalnika.\",\"breadcrumb\":{\"@id\":\"https:\\\/\\\/cardinal-tapes.com\\\/pl\\\/ta\u015bmy-samoprzylepne\\\/jednostronne-tasmy-samoprzylepne\\\/folia-pet\\\/h-old-8825-poliestrowa-tasma-samoprzylepna\\\/#breadcrumb\"},\"inLanguage\":\"pl-PL\",\"potentialAction\":[{\"@type\":\"ReadAction\",\"target\":[\"https:\\\/\\\/cardinal-tapes.com\\\/pl\\\/ta\u015bmy-samoprzylepne\\\/jednostronne-tasmy-samoprzylepne\\\/folia-pet\\\/h-old-8825-poliestrowa-tasma-samoprzylepna\\\/\"]}]},{\"@type\":\"ImageObject\",\"inLanguage\":\"pl-PL\",\"@id\":\"https:\\\/\\\/cardinal-tapes.com\\\/pl\\\/ta\u015bmy-samoprzylepne\\\/jednostronne-tasmy-samoprzylepne\\\/folia-pet\\\/h-old-8825-poliestrowa-tasma-samoprzylepna\\\/#primaryimage\",\"url\":\"https:\\\/\\\/cardinal-tapes.com\\\/wp-content\\\/uploads\\\/H-old-PET-8825-A_203751.png\",\"contentUrl\":\"https:\\\/\\\/cardinal-tapes.com\\\/wp-content\\\/uploads\\\/H-old-PET-8825-A_203751.png\",\"width\":415,\"height\":415},{\"@type\":\"BreadcrumbList\",\"@id\":\"https:\\\/\\\/cardinal-tapes.com\\\/pl\\\/ta\u015bmy-samoprzylepne\\\/jednostronne-tasmy-samoprzylepne\\\/folia-pet\\\/h-old-8825-poliestrowa-tasma-samoprzylepna\\\/#breadcrumb\",\"itemListElement\":[{\"@type\":\"ListItem\",\"position\":1,\"name\":\"Startseite\",\"item\":\"https:\\\/\\\/cardinal-tapes.com\\\/pl\\\/strona-glowna\\\/\"},{\"@type\":\"ListItem\",\"position\":2,\"name\":\"Ta\u015bmy samoprzylepne\",\"item\":\"https:\\\/\\\/cardinal-tapes.com\\\/pl\\\/tasmy-samoprzylepne-pl\\\/\"},{\"@type\":\"ListItem\",\"position\":3,\"name\":\"Einseitige Klebeb\u00e4nder\",\"item\":\"https:\\\/\\\/cardinal-tapes.com\\\/kategorie\\\/einseitige-klebebaender\\\/\"},{\"@type\":\"ListItem\",\"position\":4,\"name\":\"PET Folie\",\"item\":\"https:\\\/\\\/cardinal-tapes.com\\\/kategorie\\\/einseitige-klebebaender\\\/pet-folie\\\/\"},{\"@type\":\"ListItem\",\"position\":5,\"name\":\"poliestrowa ta\u015bma samoprzylepna h-old\u00ae 8825\"}]},{\"@type\":\"WebSite\",\"@id\":\"https:\\\/\\\/cardinal-tapes.com\\\/#website\",\"url\":\"https:\\\/\\\/cardinal-tapes.com\\\/\",\"name\":\"cardinal TAPES\",\"description\":\"Klebetechnik aus Wuppertal\",\"potentialAction\":[{\"@type\":\"SearchAction\",\"target\":{\"@type\":\"EntryPoint\",\"urlTemplate\":\"https:\\\/\\\/cardinal-tapes.com\\\/?s={search_term_string}\"},\"query-input\":{\"@type\":\"PropertyValueSpecification\",\"valueRequired\":true,\"valueName\":\"search_term_string\"}}],\"inLanguage\":\"pl-PL\"}]}<\/script>\n<!-- \/ Yoast SEO plugin. -->","yoast_head_json":{"title":"Ta\u015bma samoprzylepna poliestrowa h-old 8825 | Cardinal TAPES","description":"Ta\u015bma h-old\u00ae 8825 to dwustronna poliestrowa ta\u015bma samoprzylepna pokryta po obu stronach silikonowym klejem na bazie rozpuszczalnika.","robots":{"index":"index","follow":"follow","max-snippet":"max-snippet:-1","max-image-preview":"max-image-preview:large","max-video-preview":"max-video-preview:-1"},"canonical":"https:\/\/cardinal-tapes.com\/pl\/ta\u015bmy-samoprzylepne\/jednostronne-tasmy-samoprzylepne\/folia-pet\/h-old-8825-poliestrowa-tasma-samoprzylepna\/","og_locale":"pl_PL","og_type":"article","og_title":"Ta\u015bma samoprzylepna poliestrowa h-old 8825 | Cardinal TAPES","og_description":"Ta\u015bma h-old\u00ae 8825 to dwustronna poliestrowa ta\u015bma samoprzylepna pokryta po obu stronach silikonowym klejem na bazie rozpuszczalnika.","og_url":"https:\/\/cardinal-tapes.com\/pl\/ta\u015bmy-samoprzylepne\/jednostronne-tasmy-samoprzylepne\/folia-pet\/h-old-8825-poliestrowa-tasma-samoprzylepna\/","og_site_name":"cardinal TAPES","article_modified_time":"2025-07-01T14:10:14+00:00","og_image":[{"width":415,"height":415,"url":"https:\/\/cardinal-tapes.com\/wp-content\/uploads\/H-old-PET-8825-A_203751.png","type":"image\/png"}],"twitter_card":"summary_large_image","schema":{"@context":"https:\/\/schema.org","@graph":[{"@type":"WebPage","@id":"https:\/\/cardinal-tapes.com\/pl\/ta\u015bmy-samoprzylepne\/jednostronne-tasmy-samoprzylepne\/folia-pet\/h-old-8825-poliestrowa-tasma-samoprzylepna\/","url":"https:\/\/cardinal-tapes.com\/pl\/ta\u015bmy-samoprzylepne\/jednostronne-tasmy-samoprzylepne\/folia-pet\/h-old-8825-poliestrowa-tasma-samoprzylepna\/","name":"Ta\u015bma samoprzylepna poliestrowa h-old 8825 | Cardinal TAPES","isPartOf":{"@id":"https:\/\/cardinal-tapes.com\/#website"},"primaryImageOfPage":{"@id":"https:\/\/cardinal-tapes.com\/pl\/ta\u015bmy-samoprzylepne\/jednostronne-tasmy-samoprzylepne\/folia-pet\/h-old-8825-poliestrowa-tasma-samoprzylepna\/#primaryimage"},"image":{"@id":"https:\/\/cardinal-tapes.com\/pl\/ta\u015bmy-samoprzylepne\/jednostronne-tasmy-samoprzylepne\/folia-pet\/h-old-8825-poliestrowa-tasma-samoprzylepna\/#primaryimage"},"thumbnailUrl":"https:\/\/cardinal-tapes.com\/wp-content\/uploads\/H-old-PET-8825-A_203751.png","datePublished":"2023-06-05T14:42:56+00:00","dateModified":"2025-07-01T14:10:14+00:00","description":"Ta\u015bma h-old\u00ae 8825 to dwustronna poliestrowa ta\u015bma samoprzylepna pokryta po obu stronach silikonowym klejem na bazie rozpuszczalnika.","breadcrumb":{"@id":"https:\/\/cardinal-tapes.com\/pl\/ta\u015bmy-samoprzylepne\/jednostronne-tasmy-samoprzylepne\/folia-pet\/h-old-8825-poliestrowa-tasma-samoprzylepna\/#breadcrumb"},"inLanguage":"pl-PL","potentialAction":[{"@type":"ReadAction","target":["https:\/\/cardinal-tapes.com\/pl\/ta\u015bmy-samoprzylepne\/jednostronne-tasmy-samoprzylepne\/folia-pet\/h-old-8825-poliestrowa-tasma-samoprzylepna\/"]}]},{"@type":"ImageObject","inLanguage":"pl-PL","@id":"https:\/\/cardinal-tapes.com\/pl\/ta\u015bmy-samoprzylepne\/jednostronne-tasmy-samoprzylepne\/folia-pet\/h-old-8825-poliestrowa-tasma-samoprzylepna\/#primaryimage","url":"https:\/\/cardinal-tapes.com\/wp-content\/uploads\/H-old-PET-8825-A_203751.png","contentUrl":"https:\/\/cardinal-tapes.com\/wp-content\/uploads\/H-old-PET-8825-A_203751.png","width":415,"height":415},{"@type":"BreadcrumbList","@id":"https:\/\/cardinal-tapes.com\/pl\/ta\u015bmy-samoprzylepne\/jednostronne-tasmy-samoprzylepne\/folia-pet\/h-old-8825-poliestrowa-tasma-samoprzylepna\/#breadcrumb","itemListElement":[{"@type":"ListItem","position":1,"name":"Startseite","item":"https:\/\/cardinal-tapes.com\/pl\/strona-glowna\/"},{"@type":"ListItem","position":2,"name":"Ta\u015bmy samoprzylepne","item":"https:\/\/cardinal-tapes.com\/pl\/tasmy-samoprzylepne-pl\/"},{"@type":"ListItem","position":3,"name":"Einseitige Klebeb\u00e4nder","item":"https:\/\/cardinal-tapes.com\/kategorie\/einseitige-klebebaender\/"},{"@type":"ListItem","position":4,"name":"PET Folie","item":"https:\/\/cardinal-tapes.com\/kategorie\/einseitige-klebebaender\/pet-folie\/"},{"@type":"ListItem","position":5,"name":"poliestrowa ta\u015bma samoprzylepna h-old\u00ae 8825"}]},{"@type":"WebSite","@id":"https:\/\/cardinal-tapes.com\/#website","url":"https:\/\/cardinal-tapes.com\/","name":"cardinal TAPES","description":"Klebetechnik aus Wuppertal","potentialAction":[{"@type":"SearchAction","target":{"@type":"EntryPoint","urlTemplate":"https:\/\/cardinal-tapes.com\/?s={search_term_string}"},"query-input":{"@type":"PropertyValueSpecification","valueRequired":true,"valueName":"search_term_string"}}],"inLanguage":"pl-PL"}]}},"brands":[{"id":2391,"name":"Saint-Gobain h-old","slug":"h-old-pl"},{"id":2400,"name":"Saint-Gobain Performance Plastics","slug":"saint-gobain-pl"}],"_links":{"self":[{"href":"https:\/\/cardinal-tapes.com\/pl\/wp-json\/wp\/v2\/product\/38242","targetHints":{"allow":["GET"]}}],"collection":[{"href":"https:\/\/cardinal-tapes.com\/pl\/wp-json\/wp\/v2\/product"}],"about":[{"href":"https:\/\/cardinal-tapes.com\/pl\/wp-json\/wp\/v2\/types\/product"}],"wp:featuredmedia":[{"embeddable":true,"href":"https:\/\/cardinal-tapes.com\/pl\/wp-json\/wp\/v2\/media\/29222"}],"wp:attachment":[{"href":"https:\/\/cardinal-tapes.com\/pl\/wp-json\/wp\/v2\/media?parent=38242"}],"wp:term":[{"taxonomy":"pwb-brand","embeddable":true,"href":"https:\/\/cardinal-tapes.com\/pl\/wp-json\/wp\/v2\/pwb-brand?post=38242"},{"taxonomy":"product_brand","embeddable":true,"href":"https:\/\/cardinal-tapes.com\/pl\/wp-json\/wp\/v2\/product_brand?post=38242"},{"taxonomy":"product_cat","embeddable":true,"href":"https:\/\/cardinal-tapes.com\/pl\/wp-json\/wp\/v2\/product_cat?post=38242"},{"taxonomy":"product_tag","embeddable":true,"href":"https:\/\/cardinal-tapes.com\/pl\/wp-json\/wp\/v2\/product_tag?post=38242"}],"curies":[{"name":"wp","href":"https:\/\/api.w.org\/{rel}","templated":true}]}}