{"id":37802,"date":"2021-09-27T10:14:35","date_gmt":"2023-06-05T14:37:47","guid":{"rendered":"https:\/\/cardinal.pixel-tal.de\/klebebaender\/bez-kategorii\/h-old-transferowa-tasma-samoprzylepna-8031\/"},"modified":"2023-06-05T16:37:47","modified_gmt":"2023-06-05T14:37:47","slug":"h-stara-tasma-transferowa-8031","status":"publish","type":"product","link":"https:\/\/cardinal-tapes.com\/pl\/ta\u015bmy-samoprzylepne\/jednostronne-tasmy-samoprzylepne\/h-stara-tasma-transferowa-8031\/","title":{"rendered":"h-old\u00ae transferowa ta\u015bma samoprzylepna 8031"},"content":{"rendered":"<p>Ta\u015bma transferowa h-old\u00ae 8031 to ta\u015bma samoprzylepna o grubo\u015bci 0,050 mm z modyfikowanym klejem akrylowym na silikonowanej folii papierowej. Przeznaczony jest do mocowania r\u00f3\u017cnych materia\u0142\u00f3w, takich jak tkaniny, papier, folie plastikowe, folie, karton, szk\u0142o itp.<\/p>\n<p><strong>W\u0142a\u015bciwo\u015bci<\/strong><br \/>\n&#8211; <span id=\"[0,4]\" class=\"word\">Dobra<\/span> <span id=\"[5,20]\" class=\"word\">wytrzyma\u0142o\u015b\u0107 na \u015bcinanie<\/span><span id=\"[22,24]\" class=\"word\">i<\/span> odporno\u015b\u0107 na <span id=\"[25,47]\" class=\"word\">starzenie<\/span><\/p>\n<p><strong>Zastosowania<\/strong><br \/>\n&#8211; Zastosowanie w <span id=\"[12,31]\" class=\"word\">przemy\u015ble<\/span> <span id=\"[0,6]\" class=\"word\">papierniczym<\/span><span id=\"[9,11]\" class=\"word\">i<\/span> <span id=\"[12,31]\" class=\"word\">tworzyw sztucznych<\/span><\/p>\n","protected":false},"excerpt":{"rendered":"<p>Ta\u015bma transferowa h-old\u00ae 8031 to ta\u015bma samoprzylepna o grubo\u015bci 0,050 mm z modyfikowanym klejem akrylowym na silikonowanej folii papierowej. Przeznaczony jest do mocowania r\u00f3\u017cnych materia\u0142\u00f3w, takich jak tkaniny, papier, folie plastikowe, folie, karton, szk\u0142o itp. W\u0142a\u015bciwo\u015bci &#8211; Dobra wytrzyma\u0142o\u015b\u0107 na \u015bcinaniei odporno\u015b\u0107 na starzenie Zastosowania &#8211; Zastosowanie w przemy\u015ble papierniczymi tworzyw sztucznych<\/p>\n","protected":false},"featured_media":0,"template":"","meta":{"_acf_changed":false},"pwb-brand":[2391,2400],"product_brand":[],"product_cat":[1816],"product_tag":[],"class_list":{"0":"post-37802","1":"product","2":"type-product","3":"status-publish","5":"pwb-brand-h-old-pl","6":"pwb-brand-saint-gobain-pl","7":"product_cat-jednostronne-tasmy-samoprzylepne","9":"first","10":"instock","11":"taxable","12":"shipping-taxable","13":"product-type-simple"},"acf":[],"yoast_head":"<!-- This site is optimized with the Yoast SEO plugin v27.3 - https:\/\/yoast.com\/product\/yoast-seo-wordpress\/ -->\n<title>h-stara ta\u015bma transferowa 8031 | Cardinal TAPES<\/title>\n<meta name=\"description\" content=\"Ta\u015bma transferowa h-old 8031 to ta\u015bma samoprzylepna o grubo\u015bci 0,050 mm ze zmodyfikowanym klejem akrylowym na silikonowanej folii papierowej.\" \/>\n<meta name=\"robots\" content=\"index, follow, max-snippet:-1, max-image-preview:large, max-video-preview:-1\" \/>\n<link rel=\"canonical\" href=\"https:\/\/cardinal-tapes.com\/pl\/ta\u015bmy-samoprzylepne\/jednostronne-tasmy-samoprzylepne\/h-stara-tasma-transferowa-8031\/\" \/>\n<meta property=\"og:locale\" content=\"pl_PL\" \/>\n<meta property=\"og:type\" content=\"article\" \/>\n<meta property=\"og:title\" content=\"h-stara ta\u015bma transferowa 8031 | Cardinal TAPES\" \/>\n<meta property=\"og:description\" content=\"Ta\u015bma transferowa h-old 8031 to ta\u015bma samoprzylepna o grubo\u015bci 0,050 mm ze zmodyfikowanym klejem akrylowym na silikonowanej folii papierowej.\" \/>\n<meta property=\"og:url\" content=\"https:\/\/cardinal-tapes.com\/pl\/ta\u015bmy-samoprzylepne\/jednostronne-tasmy-samoprzylepne\/h-stara-tasma-transferowa-8031\/\" \/>\n<meta property=\"og:site_name\" content=\"cardinal TAPES\" \/>\n<meta name=\"twitter:card\" content=\"summary_large_image\" \/>\n<script type=\"application\/ld+json\" class=\"yoast-schema-graph\">{\"@context\":\"https:\\\/\\\/schema.org\",\"@graph\":[{\"@type\":\"WebPage\",\"@id\":\"https:\\\/\\\/cardinal-tapes.com\\\/pl\\\/ta\u015bmy-samoprzylepne\\\/jednostronne-tasmy-samoprzylepne\\\/h-stara-tasma-transferowa-8031\\\/\",\"url\":\"https:\\\/\\\/cardinal-tapes.com\\\/pl\\\/ta\u015bmy-samoprzylepne\\\/jednostronne-tasmy-samoprzylepne\\\/h-stara-tasma-transferowa-8031\\\/\",\"name\":\"h-stara ta\u015bma transferowa 8031 | Cardinal TAPES\",\"isPartOf\":{\"@id\":\"https:\\\/\\\/cardinal-tapes.com\\\/#website\"},\"datePublished\":\"2023-06-05T14:37:47+00:00\",\"description\":\"Ta\u015bma transferowa h-old 8031 to ta\u015bma samoprzylepna o grubo\u015bci 0,050 mm ze zmodyfikowanym klejem akrylowym na silikonowanej folii papierowej.\",\"breadcrumb\":{\"@id\":\"https:\\\/\\\/cardinal-tapes.com\\\/pl\\\/ta\u015bmy-samoprzylepne\\\/jednostronne-tasmy-samoprzylepne\\\/h-stara-tasma-transferowa-8031\\\/#breadcrumb\"},\"inLanguage\":\"pl-PL\",\"potentialAction\":[{\"@type\":\"ReadAction\",\"target\":[\"https:\\\/\\\/cardinal-tapes.com\\\/pl\\\/ta\u015bmy-samoprzylepne\\\/jednostronne-tasmy-samoprzylepne\\\/h-stara-tasma-transferowa-8031\\\/\"]}]},{\"@type\":\"BreadcrumbList\",\"@id\":\"https:\\\/\\\/cardinal-tapes.com\\\/pl\\\/ta\u015bmy-samoprzylepne\\\/jednostronne-tasmy-samoprzylepne\\\/h-stara-tasma-transferowa-8031\\\/#breadcrumb\",\"itemListElement\":[{\"@type\":\"ListItem\",\"position\":1,\"name\":\"Startseite\",\"item\":\"https:\\\/\\\/cardinal-tapes.com\\\/pl\\\/strona-glowna\\\/\"},{\"@type\":\"ListItem\",\"position\":2,\"name\":\"Ta\u015bmy samoprzylepne\",\"item\":\"https:\\\/\\\/cardinal-tapes.com\\\/pl\\\/tasmy-samoprzylepne-pl\\\/\"},{\"@type\":\"ListItem\",\"position\":3,\"name\":\"Jednostronne ta\u015bmy samoprzylepne\",\"item\":\"https:\\\/\\\/cardinal-tapes.com\\\/pl\\\/kategoria\\\/jednostronne-tasmy-samoprzylepne\\\/\"},{\"@type\":\"ListItem\",\"position\":4,\"name\":\"h-old\u00ae transferowa ta\u015bma samoprzylepna 8031\"}]},{\"@type\":\"WebSite\",\"@id\":\"https:\\\/\\\/cardinal-tapes.com\\\/#website\",\"url\":\"https:\\\/\\\/cardinal-tapes.com\\\/\",\"name\":\"cardinal TAPES\",\"description\":\"Klebetechnik aus Wuppertal\",\"potentialAction\":[{\"@type\":\"SearchAction\",\"target\":{\"@type\":\"EntryPoint\",\"urlTemplate\":\"https:\\\/\\\/cardinal-tapes.com\\\/?s={search_term_string}\"},\"query-input\":{\"@type\":\"PropertyValueSpecification\",\"valueRequired\":true,\"valueName\":\"search_term_string\"}}],\"inLanguage\":\"pl-PL\"}]}<\/script>\n<!-- \/ Yoast SEO plugin. -->","yoast_head_json":{"title":"h-stara ta\u015bma transferowa 8031 | Cardinal TAPES","description":"Ta\u015bma transferowa h-old 8031 to ta\u015bma samoprzylepna o grubo\u015bci 0,050 mm ze zmodyfikowanym klejem akrylowym na silikonowanej folii papierowej.","robots":{"index":"index","follow":"follow","max-snippet":"max-snippet:-1","max-image-preview":"max-image-preview:large","max-video-preview":"max-video-preview:-1"},"canonical":"https:\/\/cardinal-tapes.com\/pl\/ta\u015bmy-samoprzylepne\/jednostronne-tasmy-samoprzylepne\/h-stara-tasma-transferowa-8031\/","og_locale":"pl_PL","og_type":"article","og_title":"h-stara ta\u015bma transferowa 8031 | Cardinal TAPES","og_description":"Ta\u015bma transferowa h-old 8031 to ta\u015bma samoprzylepna o grubo\u015bci 0,050 mm ze zmodyfikowanym klejem akrylowym na silikonowanej folii papierowej.","og_url":"https:\/\/cardinal-tapes.com\/pl\/ta\u015bmy-samoprzylepne\/jednostronne-tasmy-samoprzylepne\/h-stara-tasma-transferowa-8031\/","og_site_name":"cardinal TAPES","twitter_card":"summary_large_image","schema":{"@context":"https:\/\/schema.org","@graph":[{"@type":"WebPage","@id":"https:\/\/cardinal-tapes.com\/pl\/ta\u015bmy-samoprzylepne\/jednostronne-tasmy-samoprzylepne\/h-stara-tasma-transferowa-8031\/","url":"https:\/\/cardinal-tapes.com\/pl\/ta\u015bmy-samoprzylepne\/jednostronne-tasmy-samoprzylepne\/h-stara-tasma-transferowa-8031\/","name":"h-stara ta\u015bma transferowa 8031 | Cardinal TAPES","isPartOf":{"@id":"https:\/\/cardinal-tapes.com\/#website"},"datePublished":"2023-06-05T14:37:47+00:00","description":"Ta\u015bma transferowa h-old 8031 to ta\u015bma samoprzylepna o grubo\u015bci 0,050 mm ze zmodyfikowanym klejem akrylowym na silikonowanej folii papierowej.","breadcrumb":{"@id":"https:\/\/cardinal-tapes.com\/pl\/ta\u015bmy-samoprzylepne\/jednostronne-tasmy-samoprzylepne\/h-stara-tasma-transferowa-8031\/#breadcrumb"},"inLanguage":"pl-PL","potentialAction":[{"@type":"ReadAction","target":["https:\/\/cardinal-tapes.com\/pl\/ta\u015bmy-samoprzylepne\/jednostronne-tasmy-samoprzylepne\/h-stara-tasma-transferowa-8031\/"]}]},{"@type":"BreadcrumbList","@id":"https:\/\/cardinal-tapes.com\/pl\/ta\u015bmy-samoprzylepne\/jednostronne-tasmy-samoprzylepne\/h-stara-tasma-transferowa-8031\/#breadcrumb","itemListElement":[{"@type":"ListItem","position":1,"name":"Startseite","item":"https:\/\/cardinal-tapes.com\/pl\/strona-glowna\/"},{"@type":"ListItem","position":2,"name":"Ta\u015bmy samoprzylepne","item":"https:\/\/cardinal-tapes.com\/pl\/tasmy-samoprzylepne-pl\/"},{"@type":"ListItem","position":3,"name":"Jednostronne ta\u015bmy samoprzylepne","item":"https:\/\/cardinal-tapes.com\/pl\/kategoria\/jednostronne-tasmy-samoprzylepne\/"},{"@type":"ListItem","position":4,"name":"h-old\u00ae transferowa ta\u015bma samoprzylepna 8031"}]},{"@type":"WebSite","@id":"https:\/\/cardinal-tapes.com\/#website","url":"https:\/\/cardinal-tapes.com\/","name":"cardinal TAPES","description":"Klebetechnik aus Wuppertal","potentialAction":[{"@type":"SearchAction","target":{"@type":"EntryPoint","urlTemplate":"https:\/\/cardinal-tapes.com\/?s={search_term_string}"},"query-input":{"@type":"PropertyValueSpecification","valueRequired":true,"valueName":"search_term_string"}}],"inLanguage":"pl-PL"}]}},"brands":[{"id":2391,"name":"Saint-Gobain h-old","slug":"h-old-pl"},{"id":2400,"name":"Saint-Gobain Performance Plastics","slug":"saint-gobain-pl"}],"_links":{"self":[{"href":"https:\/\/cardinal-tapes.com\/pl\/wp-json\/wp\/v2\/product\/37802","targetHints":{"allow":["GET"]}}],"collection":[{"href":"https:\/\/cardinal-tapes.com\/pl\/wp-json\/wp\/v2\/product"}],"about":[{"href":"https:\/\/cardinal-tapes.com\/pl\/wp-json\/wp\/v2\/types\/product"}],"wp:attachment":[{"href":"https:\/\/cardinal-tapes.com\/pl\/wp-json\/wp\/v2\/media?parent=37802"}],"wp:term":[{"taxonomy":"pwb-brand","embeddable":true,"href":"https:\/\/cardinal-tapes.com\/pl\/wp-json\/wp\/v2\/pwb-brand?post=37802"},{"taxonomy":"product_brand","embeddable":true,"href":"https:\/\/cardinal-tapes.com\/pl\/wp-json\/wp\/v2\/product_brand?post=37802"},{"taxonomy":"product_cat","embeddable":true,"href":"https:\/\/cardinal-tapes.com\/pl\/wp-json\/wp\/v2\/product_cat?post=37802"},{"taxonomy":"product_tag","embeddable":true,"href":"https:\/\/cardinal-tapes.com\/pl\/wp-json\/wp\/v2\/product_tag?post=37802"}],"curies":[{"name":"wp","href":"https:\/\/api.w.org\/{rel}","templated":true}]}}