{"id":37798,"date":"2021-07-05T09:00:36","date_gmt":"2023-06-05T14:37:47","guid":{"rendered":"https:\/\/cardinal.pixel-tal.de\/klebebaender\/bez-kategorii\/tasma-transferowa-netlink-150-hx-z-siatka\/"},"modified":"2023-06-05T16:37:47","modified_gmt":"2023-06-05T14:37:47","slug":"netlink-150-hx-transfer-adhesive-tape-with-layers","status":"publish","type":"product","link":"https:\/\/cardinal-tapes.com\/pl\/ta\u015bmy-samoprzylepne\/tasmy-dwustronnie-klejace\/netlink-150-hx-transfer-adhesive-tape-with-layers\/","title":{"rendered":"Ta\u015bma transferowa NetLink 150 HX z siatk\u0105"},"content":{"rendered":"<p>Saint-Gobain\u00ae Biolink\u00ae netlink 150 hs to transferowa ta\u015bma samoprzylepna wzmocniona siatk\u0105. Zastosowana folia samoprzylepna jest trwa\u0142a, wra\u017cliwa na nacisk i nadaje si\u0119 do mocowania, monta\u017cu i laminowania pianek, niskoenergetycznych tworzyw sztucznych, gumy, EPDM i folii. Wbudowana siatka poliestrowa gwarantuje dobr\u0105 stabilno\u015b\u0107 wymiarow\u0105 i uproszczon\u0105 dalsz\u0105 obr\u00f3bk\u0119.<\/p>\n<p><strong>W\u0142a\u015bciwo\u015bci<\/strong><br \/>\n&#8211; Dobra urabialno\u015b\u0107<br \/>\n&#8211; Wyj\u0105tkowa przyczepno\u015b\u0107 natychmiastowa<br \/>\n&#8211; Doskona\u0142e w\u0142a\u015bciwo\u015bci zwil\u017caj\u0105ce<\/p>\n<p><strong>Zastosowania<\/strong><br \/>\n-Doskona\u0142y do klejenia tekstyli\u00f3w<\/p>\n","protected":false},"excerpt":{"rendered":"<p>Saint-Gobain\u00ae Biolink\u00ae netlink 150 hs to transferowa ta\u015bma samoprzylepna wzmocniona siatk\u0105. Zastosowana folia samoprzylepna jest trwa\u0142a, wra\u017cliwa na nacisk i nadaje si\u0119 do mocowania, monta\u017cu i laminowania pianek, niskoenergetycznych tworzyw sztucznych, gumy, EPDM i folii. Wbudowana siatka poliestrowa gwarantuje dobr\u0105 stabilno\u015b\u0107 wymiarow\u0105 i uproszczon\u0105 dalsz\u0105 obr\u00f3bk\u0119. W\u0142a\u015bciwo\u015bci &#8211; Dobra urabialno\u015b\u0107 &#8211; Wyj\u0105tkowa przyczepno\u015b\u0107 natychmiastowa &#8211; [&hellip;]<\/p>\n","protected":false},"featured_media":27606,"template":"","meta":{"_acf_changed":false},"pwb-brand":[2400,2513],"product_brand":[],"product_cat":[1814],"product_tag":[],"class_list":{"0":"post-37798","1":"product","2":"type-product","3":"status-publish","4":"has-post-thumbnail","6":"pwb-brand-saint-gobain-pl","7":"pwb-brand-biolink-pl","8":"product_cat-tasmy-dwustronnie-klejace","10":"first","11":"instock","12":"taxable","13":"shipping-taxable","14":"product-type-variable"},"acf":[],"yoast_head":"<!-- This site is optimized with the Yoast SEO plugin v27.3 - https:\/\/yoast.com\/product\/yoast-seo-wordpress\/ -->\n<title>Ta\u015bma transferowa NetLink 150 HX z siatk\u0105 | Cardinal TAPES<\/title>\n<meta name=\"description\" content=\"Saint-Gobain\u00ae Biolink\u00ae netlink 150 hs to transferowa ta\u015bma samoprzylepna wzmocniona siatk\u0105.\" \/>\n<meta name=\"robots\" content=\"index, follow, max-snippet:-1, max-image-preview:large, max-video-preview:-1\" \/>\n<link rel=\"canonical\" href=\"https:\/\/cardinal-tapes.com\/pl\/ta\u015bmy-samoprzylepne\/tasmy-dwustronnie-klejace\/netlink-150-hx-transfer-adhesive-tape-with-layers\/\" \/>\n<meta property=\"og:locale\" content=\"pl_PL\" \/>\n<meta property=\"og:type\" content=\"article\" \/>\n<meta property=\"og:title\" content=\"Ta\u015bma transferowa NetLink 150 HX z siatk\u0105 | Cardinal TAPES\" \/>\n<meta property=\"og:description\" content=\"Saint-Gobain\u00ae Biolink\u00ae netlink 150 hs to transferowa ta\u015bma samoprzylepna wzmocniona siatk\u0105.\" \/>\n<meta property=\"og:url\" content=\"https:\/\/cardinal-tapes.com\/pl\/ta\u015bmy-samoprzylepne\/tasmy-dwustronnie-klejace\/netlink-150-hx-transfer-adhesive-tape-with-layers\/\" \/>\n<meta property=\"og:site_name\" content=\"cardinal TAPES\" \/>\n<meta property=\"og:image\" content=\"https:\/\/cardinal-tapes.com\/wp-content\/uploads\/Biolink-7-3366-NetLINK90HXSi-gelb-breit.jpg\" \/>\n\t<meta property=\"og:image:width\" content=\"1854\" \/>\n\t<meta property=\"og:image:height\" content=\"2126\" \/>\n\t<meta property=\"og:image:type\" content=\"image\/jpeg\" \/>\n<meta name=\"twitter:card\" content=\"summary_large_image\" \/>\n<script type=\"application\/ld+json\" class=\"yoast-schema-graph\">{\"@context\":\"https:\\\/\\\/schema.org\",\"@graph\":[{\"@type\":\"WebPage\",\"@id\":\"https:\\\/\\\/cardinal-tapes.com\\\/pl\\\/ta\u015bmy-samoprzylepne\\\/tasmy-dwustronnie-klejace\\\/netlink-150-hx-transfer-adhesive-tape-with-layers\\\/\",\"url\":\"https:\\\/\\\/cardinal-tapes.com\\\/pl\\\/ta\u015bmy-samoprzylepne\\\/tasmy-dwustronnie-klejace\\\/netlink-150-hx-transfer-adhesive-tape-with-layers\\\/\",\"name\":\"Ta\u015bma transferowa NetLink 150 HX z siatk\u0105 | Cardinal TAPES\",\"isPartOf\":{\"@id\":\"https:\\\/\\\/cardinal-tapes.com\\\/#website\"},\"primaryImageOfPage\":{\"@id\":\"https:\\\/\\\/cardinal-tapes.com\\\/pl\\\/ta\u015bmy-samoprzylepne\\\/tasmy-dwustronnie-klejace\\\/netlink-150-hx-transfer-adhesive-tape-with-layers\\\/#primaryimage\"},\"image\":{\"@id\":\"https:\\\/\\\/cardinal-tapes.com\\\/pl\\\/ta\u015bmy-samoprzylepne\\\/tasmy-dwustronnie-klejace\\\/netlink-150-hx-transfer-adhesive-tape-with-layers\\\/#primaryimage\"},\"thumbnailUrl\":\"https:\\\/\\\/cardinal-tapes.com\\\/wp-content\\\/uploads\\\/Biolink-7-3366-NetLINK90HXSi-gelb-breit.jpg\",\"datePublished\":\"2023-06-05T14:37:47+00:00\",\"description\":\"Saint-Gobain\u00ae Biolink\u00ae netlink 150 hs to transferowa ta\u015bma samoprzylepna wzmocniona siatk\u0105.\",\"breadcrumb\":{\"@id\":\"https:\\\/\\\/cardinal-tapes.com\\\/pl\\\/ta\u015bmy-samoprzylepne\\\/tasmy-dwustronnie-klejace\\\/netlink-150-hx-transfer-adhesive-tape-with-layers\\\/#breadcrumb\"},\"inLanguage\":\"pl-PL\",\"potentialAction\":[{\"@type\":\"ReadAction\",\"target\":[\"https:\\\/\\\/cardinal-tapes.com\\\/pl\\\/ta\u015bmy-samoprzylepne\\\/tasmy-dwustronnie-klejace\\\/netlink-150-hx-transfer-adhesive-tape-with-layers\\\/\"]}]},{\"@type\":\"ImageObject\",\"inLanguage\":\"pl-PL\",\"@id\":\"https:\\\/\\\/cardinal-tapes.com\\\/pl\\\/ta\u015bmy-samoprzylepne\\\/tasmy-dwustronnie-klejace\\\/netlink-150-hx-transfer-adhesive-tape-with-layers\\\/#primaryimage\",\"url\":\"https:\\\/\\\/cardinal-tapes.com\\\/wp-content\\\/uploads\\\/Biolink-7-3366-NetLINK90HXSi-gelb-breit.jpg\",\"contentUrl\":\"https:\\\/\\\/cardinal-tapes.com\\\/wp-content\\\/uploads\\\/Biolink-7-3366-NetLINK90HXSi-gelb-breit.jpg\",\"width\":1854,\"height\":2126,\"caption\":\"Biolink NetLINK90HXSi \u017c\u00f3\u0142ty szeroki\"},{\"@type\":\"BreadcrumbList\",\"@id\":\"https:\\\/\\\/cardinal-tapes.com\\\/pl\\\/ta\u015bmy-samoprzylepne\\\/tasmy-dwustronnie-klejace\\\/netlink-150-hx-transfer-adhesive-tape-with-layers\\\/#breadcrumb\",\"itemListElement\":[{\"@type\":\"ListItem\",\"position\":1,\"name\":\"Startseite\",\"item\":\"https:\\\/\\\/cardinal-tapes.com\\\/pl\\\/strona-glowna\\\/\"},{\"@type\":\"ListItem\",\"position\":2,\"name\":\"Ta\u015bmy samoprzylepne\",\"item\":\"https:\\\/\\\/cardinal-tapes.com\\\/pl\\\/tasmy-samoprzylepne-pl\\\/\"},{\"@type\":\"ListItem\",\"position\":3,\"name\":\"Ta\u015bmy dwustronnie klej\u0105ce\",\"item\":\"https:\\\/\\\/cardinal-tapes.com\\\/pl\\\/kategoria\\\/tasmy-dwustronnie-klejace\\\/\"},{\"@type\":\"ListItem\",\"position\":4,\"name\":\"Ta\u015bma transferowa NetLink 150 HX z siatk\u0105\"}]},{\"@type\":\"WebSite\",\"@id\":\"https:\\\/\\\/cardinal-tapes.com\\\/#website\",\"url\":\"https:\\\/\\\/cardinal-tapes.com\\\/\",\"name\":\"cardinal TAPES\",\"description\":\"Klebetechnik aus Wuppertal\",\"potentialAction\":[{\"@type\":\"SearchAction\",\"target\":{\"@type\":\"EntryPoint\",\"urlTemplate\":\"https:\\\/\\\/cardinal-tapes.com\\\/?s={search_term_string}\"},\"query-input\":{\"@type\":\"PropertyValueSpecification\",\"valueRequired\":true,\"valueName\":\"search_term_string\"}}],\"inLanguage\":\"pl-PL\"}]}<\/script>\n<!-- \/ Yoast SEO plugin. -->","yoast_head_json":{"title":"Ta\u015bma transferowa NetLink 150 HX z siatk\u0105 | Cardinal TAPES","description":"Saint-Gobain\u00ae Biolink\u00ae netlink 150 hs to transferowa ta\u015bma samoprzylepna wzmocniona siatk\u0105.","robots":{"index":"index","follow":"follow","max-snippet":"max-snippet:-1","max-image-preview":"max-image-preview:large","max-video-preview":"max-video-preview:-1"},"canonical":"https:\/\/cardinal-tapes.com\/pl\/ta\u015bmy-samoprzylepne\/tasmy-dwustronnie-klejace\/netlink-150-hx-transfer-adhesive-tape-with-layers\/","og_locale":"pl_PL","og_type":"article","og_title":"Ta\u015bma transferowa NetLink 150 HX z siatk\u0105 | Cardinal TAPES","og_description":"Saint-Gobain\u00ae Biolink\u00ae netlink 150 hs to transferowa ta\u015bma samoprzylepna wzmocniona siatk\u0105.","og_url":"https:\/\/cardinal-tapes.com\/pl\/ta\u015bmy-samoprzylepne\/tasmy-dwustronnie-klejace\/netlink-150-hx-transfer-adhesive-tape-with-layers\/","og_site_name":"cardinal TAPES","og_image":[{"width":1854,"height":2126,"url":"https:\/\/cardinal-tapes.com\/wp-content\/uploads\/Biolink-7-3366-NetLINK90HXSi-gelb-breit.jpg","type":"image\/jpeg"}],"twitter_card":"summary_large_image","schema":{"@context":"https:\/\/schema.org","@graph":[{"@type":"WebPage","@id":"https:\/\/cardinal-tapes.com\/pl\/ta\u015bmy-samoprzylepne\/tasmy-dwustronnie-klejace\/netlink-150-hx-transfer-adhesive-tape-with-layers\/","url":"https:\/\/cardinal-tapes.com\/pl\/ta\u015bmy-samoprzylepne\/tasmy-dwustronnie-klejace\/netlink-150-hx-transfer-adhesive-tape-with-layers\/","name":"Ta\u015bma transferowa NetLink 150 HX z siatk\u0105 | Cardinal TAPES","isPartOf":{"@id":"https:\/\/cardinal-tapes.com\/#website"},"primaryImageOfPage":{"@id":"https:\/\/cardinal-tapes.com\/pl\/ta\u015bmy-samoprzylepne\/tasmy-dwustronnie-klejace\/netlink-150-hx-transfer-adhesive-tape-with-layers\/#primaryimage"},"image":{"@id":"https:\/\/cardinal-tapes.com\/pl\/ta\u015bmy-samoprzylepne\/tasmy-dwustronnie-klejace\/netlink-150-hx-transfer-adhesive-tape-with-layers\/#primaryimage"},"thumbnailUrl":"https:\/\/cardinal-tapes.com\/wp-content\/uploads\/Biolink-7-3366-NetLINK90HXSi-gelb-breit.jpg","datePublished":"2023-06-05T14:37:47+00:00","description":"Saint-Gobain\u00ae Biolink\u00ae netlink 150 hs to transferowa ta\u015bma samoprzylepna wzmocniona siatk\u0105.","breadcrumb":{"@id":"https:\/\/cardinal-tapes.com\/pl\/ta\u015bmy-samoprzylepne\/tasmy-dwustronnie-klejace\/netlink-150-hx-transfer-adhesive-tape-with-layers\/#breadcrumb"},"inLanguage":"pl-PL","potentialAction":[{"@type":"ReadAction","target":["https:\/\/cardinal-tapes.com\/pl\/ta\u015bmy-samoprzylepne\/tasmy-dwustronnie-klejace\/netlink-150-hx-transfer-adhesive-tape-with-layers\/"]}]},{"@type":"ImageObject","inLanguage":"pl-PL","@id":"https:\/\/cardinal-tapes.com\/pl\/ta\u015bmy-samoprzylepne\/tasmy-dwustronnie-klejace\/netlink-150-hx-transfer-adhesive-tape-with-layers\/#primaryimage","url":"https:\/\/cardinal-tapes.com\/wp-content\/uploads\/Biolink-7-3366-NetLINK90HXSi-gelb-breit.jpg","contentUrl":"https:\/\/cardinal-tapes.com\/wp-content\/uploads\/Biolink-7-3366-NetLINK90HXSi-gelb-breit.jpg","width":1854,"height":2126,"caption":"Biolink NetLINK90HXSi \u017c\u00f3\u0142ty szeroki"},{"@type":"BreadcrumbList","@id":"https:\/\/cardinal-tapes.com\/pl\/ta\u015bmy-samoprzylepne\/tasmy-dwustronnie-klejace\/netlink-150-hx-transfer-adhesive-tape-with-layers\/#breadcrumb","itemListElement":[{"@type":"ListItem","position":1,"name":"Startseite","item":"https:\/\/cardinal-tapes.com\/pl\/strona-glowna\/"},{"@type":"ListItem","position":2,"name":"Ta\u015bmy samoprzylepne","item":"https:\/\/cardinal-tapes.com\/pl\/tasmy-samoprzylepne-pl\/"},{"@type":"ListItem","position":3,"name":"Ta\u015bmy dwustronnie klej\u0105ce","item":"https:\/\/cardinal-tapes.com\/pl\/kategoria\/tasmy-dwustronnie-klejace\/"},{"@type":"ListItem","position":4,"name":"Ta\u015bma transferowa NetLink 150 HX z siatk\u0105"}]},{"@type":"WebSite","@id":"https:\/\/cardinal-tapes.com\/#website","url":"https:\/\/cardinal-tapes.com\/","name":"cardinal TAPES","description":"Klebetechnik aus Wuppertal","potentialAction":[{"@type":"SearchAction","target":{"@type":"EntryPoint","urlTemplate":"https:\/\/cardinal-tapes.com\/?s={search_term_string}"},"query-input":{"@type":"PropertyValueSpecification","valueRequired":true,"valueName":"search_term_string"}}],"inLanguage":"pl-PL"}]}},"brands":[{"id":2400,"name":"Saint-Gobain Performance Plastics","slug":"saint-gobain-pl"},{"id":2513,"name":"Saint-Gobain Biolink","slug":"biolink-pl"}],"_links":{"self":[{"href":"https:\/\/cardinal-tapes.com\/pl\/wp-json\/wp\/v2\/product\/37798","targetHints":{"allow":["GET"]}}],"collection":[{"href":"https:\/\/cardinal-tapes.com\/pl\/wp-json\/wp\/v2\/product"}],"about":[{"href":"https:\/\/cardinal-tapes.com\/pl\/wp-json\/wp\/v2\/types\/product"}],"wp:featuredmedia":[{"embeddable":true,"href":"https:\/\/cardinal-tapes.com\/pl\/wp-json\/wp\/v2\/media\/27606"}],"wp:attachment":[{"href":"https:\/\/cardinal-tapes.com\/pl\/wp-json\/wp\/v2\/media?parent=37798"}],"wp:term":[{"taxonomy":"pwb-brand","embeddable":true,"href":"https:\/\/cardinal-tapes.com\/pl\/wp-json\/wp\/v2\/pwb-brand?post=37798"},{"taxonomy":"product_brand","embeddable":true,"href":"https:\/\/cardinal-tapes.com\/pl\/wp-json\/wp\/v2\/product_brand?post=37798"},{"taxonomy":"product_cat","embeddable":true,"href":"https:\/\/cardinal-tapes.com\/pl\/wp-json\/wp\/v2\/product_cat?post=37798"},{"taxonomy":"product_tag","embeddable":true,"href":"https:\/\/cardinal-tapes.com\/pl\/wp-json\/wp\/v2\/product_tag?post=37798"}],"curies":[{"name":"wp","href":"https:\/\/api.w.org\/{rel}","templated":true}]}}