{"id":37684,"date":"2021-09-27T09:16:16","date_gmt":"2023-06-05T14:37:43","guid":{"rendered":"https:\/\/cardinal.pixel-tal.de\/klebebaender\/bez-kategorii\/tasma-samoprzylepna-h-old-6sl-pet\/"},"modified":"2025-07-02T12:34:57","modified_gmt":"2025-07-02T10:34:57","slug":"h-old-pet-6sl-a-tape","status":"publish","type":"product","link":"https:\/\/cardinal-tapes.com\/pl\/ta\u015bmy-samoprzylepne\/jednostronne-tasmy-samoprzylepne\/folia-pet\/h-old-pet-6sl-a-tape\/","title":{"rendered":"Ta\u015bma samoprzylepna h-old\u00ae 6SL PET"},"content":{"rendered":"<p><span id=\"[0,2]\" class=\"word\">Ta\u015bma samoprzylepna h-old\u00ae PET 6 SL sk\u0142ada si\u0119 z<\/span> <span id=\"[10,24]\" class=\"word\">folii poliestrowej<\/span>o grubo\u015bci 0,023 mm, kt\u00f3ra jest <span id=\"[26,35]\" class=\"word\">jednostronnie<\/span><span id=\"[77,87]\" class=\"word\">pokryta<\/span> <span id=\"[40,52]\" class=\"word\">wysokiej jako\u015bci<\/span> <span id=\"[53,75]\" class=\"word\">silikonowym systemem klej\u0105cym<\/span>. Ta\u015bma samoprzylepna jest<span id=\"[90,100]\" class=\"word\">przeznaczona<\/span> <span id=\"[115,118]\" class=\"word\">do<\/span> <span id=\"[105,114]\" class=\"word\">\u0142\u0105czenia<\/span> <span id=\"[119,134]\" class=\"word\">silikonowanych<\/span> <span id=\"[135,143]\" class=\"word\">papier\u00f3w<\/span><span id=\"[145,147]\" class=\"word\">i<\/span> <span id=\"[148,154]\" class=\"word\">folii<\/span>, do <span id=\"[156,171]\" class=\"word\">proces\u00f3w maskowania lub do <\/span><span id=\"[173,192]\" class=\"word\">urz\u0105dze\u0144 ochronnych<\/span><span id=\"[194,196]\" class=\"word\">itp.<\/span> Charakteryzuje si\u0119 r\u00f3wnie\u017c<span id=\"[199,203]\" class=\"word\">dobr\u0105<\/span> <span id=\"[204,211]\" class=\"word\">przyczepno\u015bci\u0105<\/span> <span id=\"[212,215]\" class=\"word\">do<\/span> <span id=\"[216,231]\" class=\"word\">Materia\u0142y LSE i wysoka odporno\u015b\u0107 na temperatur\u0119 do 200\u00b0C przez kr\u00f3tki czas. 6SL<\/span>  jest dost\u0119pny w <span id=\"[248,261]\" class=\"word\">r\u00f3\u017cnych<\/span> <span id=\"[262,268]\" class=\"word\">kolorach<\/span>.<\/p>\n<p><strong>W\u0142a\u015bciwo\u015bci<\/strong><br \/>\n&#8211; bardzo dobra odporno\u015b\u0107 na ciep\u0142o<br \/>\n&#8211; dobra odporno\u015b\u0107 na chemikalia<\/p>\n<p><strong>Zastosowania<\/strong><br \/>\n&#8211; do <span id=\"[156,171]\" class=\"word\">proces\u00f3w maskowania lub do <\/span><span id=\"[173,192]\" class=\"word\">urz\u0105dze\u0144 ochronnych<\/span><\/p>\n","protected":false},"excerpt":{"rendered":"<p>Ta\u015bma samoprzylepna h-old\u00ae PET 6 SL sk\u0142ada si\u0119 z folii poliestrowejo grubo\u015bci 0,023 mm, kt\u00f3ra jest jednostronniepokryta wysokiej jako\u015bci silikonowym systemem klej\u0105cym. Ta\u015bma samoprzylepna jestprzeznaczona do \u0142\u0105czenia silikonowanych papier\u00f3wi folii, do proces\u00f3w maskowania lub do urz\u0105dze\u0144 ochronnychitp. Charakteryzuje si\u0119 r\u00f3wnie\u017cdobr\u0105 przyczepno\u015bci\u0105 do Materia\u0142y LSE i wysoka odporno\u015b\u0107 na temperatur\u0119 do 200\u00b0C przez kr\u00f3tki czas. 6SL [&hellip;]<\/p>\n","protected":false},"featured_media":28886,"template":"","meta":{"_acf_changed":false},"pwb-brand":[2391,2400],"product_brand":[],"product_cat":[1816,1819],"product_tag":[],"class_list":{"0":"post-37684","1":"product","2":"type-product","3":"status-publish","4":"has-post-thumbnail","6":"pwb-brand-h-old-pl","7":"pwb-brand-saint-gobain-pl","8":"product_cat-jednostronne-tasmy-samoprzylepne","9":"product_cat-folia-pet","11":"first","12":"instock","13":"taxable","14":"shipping-taxable","15":"product-type-simple"},"acf":[],"yoast_head":"<!-- This site is optimized with the Yoast SEO plugin v27.3 - https:\/\/yoast.com\/product\/yoast-seo-wordpress\/ -->\n<title>Ta\u015bma samoprzylepna h-old PET 6SL PET | Cardinal TAPES<\/title>\n<meta name=\"description\" content=\"Ta\u015bma h-old PET sk\u0142ada si\u0119 z folii poliestrowej o grubo\u015bci 0,023 mm, kt\u00f3ra jest przeznaczona do \u0142\u0105czenia silikonowanych papier\u00f3w i folii.\" \/>\n<meta name=\"robots\" content=\"index, follow, max-snippet:-1, max-image-preview:large, max-video-preview:-1\" \/>\n<link rel=\"canonical\" href=\"https:\/\/cardinal-tapes.com\/pl\/ta\u015bmy-samoprzylepne\/jednostronne-tasmy-samoprzylepne\/folia-pet\/h-old-pet-6sl-a-tape\/\" \/>\n<meta property=\"og:locale\" content=\"pl_PL\" \/>\n<meta property=\"og:type\" content=\"article\" \/>\n<meta property=\"og:title\" content=\"Ta\u015bma samoprzylepna h-old PET 6SL PET | Cardinal TAPES\" \/>\n<meta property=\"og:description\" content=\"Ta\u015bma h-old PET sk\u0142ada si\u0119 z folii poliestrowej o grubo\u015bci 0,023 mm, kt\u00f3ra jest przeznaczona do \u0142\u0105czenia silikonowanych papier\u00f3w i folii.\" \/>\n<meta property=\"og:url\" content=\"https:\/\/cardinal-tapes.com\/pl\/ta\u015bmy-samoprzylepne\/jednostronne-tasmy-samoprzylepne\/folia-pet\/h-old-pet-6sl-a-tape\/\" \/>\n<meta property=\"og:site_name\" content=\"cardinal TAPES\" \/>\n<meta property=\"article:modified_time\" content=\"2025-07-02T10:34:57+00:00\" \/>\n<meta property=\"og:image\" content=\"https:\/\/cardinal-tapes.com\/wp-content\/uploads\/H-old-PET-Silicone-P40-Red-A_203772.png\" \/>\n\t<meta property=\"og:image:width\" content=\"415\" \/>\n\t<meta property=\"og:image:height\" content=\"415\" \/>\n\t<meta property=\"og:image:type\" content=\"image\/png\" \/>\n<meta name=\"twitter:card\" content=\"summary_large_image\" \/>\n<meta name=\"twitter:label1\" content=\"Szacowany czas czytania\" \/>\n\t<meta name=\"twitter:data1\" content=\"1 minuta\" \/>\n<script type=\"application\/ld+json\" class=\"yoast-schema-graph\">{\"@context\":\"https:\\\/\\\/schema.org\",\"@graph\":[{\"@type\":\"WebPage\",\"@id\":\"https:\\\/\\\/cardinal-tapes.com\\\/pl\\\/ta\u015bmy-samoprzylepne\\\/jednostronne-tasmy-samoprzylepne\\\/folia-pet\\\/h-old-pet-6sl-a-tape\\\/\",\"url\":\"https:\\\/\\\/cardinal-tapes.com\\\/pl\\\/ta\u015bmy-samoprzylepne\\\/jednostronne-tasmy-samoprzylepne\\\/folia-pet\\\/h-old-pet-6sl-a-tape\\\/\",\"name\":\"Ta\u015bma samoprzylepna h-old PET 6SL PET | Cardinal TAPES\",\"isPartOf\":{\"@id\":\"https:\\\/\\\/cardinal-tapes.com\\\/#website\"},\"primaryImageOfPage\":{\"@id\":\"https:\\\/\\\/cardinal-tapes.com\\\/pl\\\/ta\u015bmy-samoprzylepne\\\/jednostronne-tasmy-samoprzylepne\\\/folia-pet\\\/h-old-pet-6sl-a-tape\\\/#primaryimage\"},\"image\":{\"@id\":\"https:\\\/\\\/cardinal-tapes.com\\\/pl\\\/ta\u015bmy-samoprzylepne\\\/jednostronne-tasmy-samoprzylepne\\\/folia-pet\\\/h-old-pet-6sl-a-tape\\\/#primaryimage\"},\"thumbnailUrl\":\"https:\\\/\\\/cardinal-tapes.com\\\/wp-content\\\/uploads\\\/H-old-PET-Silicone-P40-Red-A_203772.png\",\"datePublished\":\"2023-06-05T14:37:43+00:00\",\"dateModified\":\"2025-07-02T10:34:57+00:00\",\"description\":\"Ta\u015bma h-old PET sk\u0142ada si\u0119 z folii poliestrowej o grubo\u015bci 0,023 mm, kt\u00f3ra jest przeznaczona do \u0142\u0105czenia silikonowanych papier\u00f3w i folii.\",\"breadcrumb\":{\"@id\":\"https:\\\/\\\/cardinal-tapes.com\\\/pl\\\/ta\u015bmy-samoprzylepne\\\/jednostronne-tasmy-samoprzylepne\\\/folia-pet\\\/h-old-pet-6sl-a-tape\\\/#breadcrumb\"},\"inLanguage\":\"pl-PL\",\"potentialAction\":[{\"@type\":\"ReadAction\",\"target\":[\"https:\\\/\\\/cardinal-tapes.com\\\/pl\\\/ta\u015bmy-samoprzylepne\\\/jednostronne-tasmy-samoprzylepne\\\/folia-pet\\\/h-old-pet-6sl-a-tape\\\/\"]}]},{\"@type\":\"ImageObject\",\"inLanguage\":\"pl-PL\",\"@id\":\"https:\\\/\\\/cardinal-tapes.com\\\/pl\\\/ta\u015bmy-samoprzylepne\\\/jednostronne-tasmy-samoprzylepne\\\/folia-pet\\\/h-old-pet-6sl-a-tape\\\/#primaryimage\",\"url\":\"https:\\\/\\\/cardinal-tapes.com\\\/wp-content\\\/uploads\\\/H-old-PET-Silicone-P40-Red-A_203772.png\",\"contentUrl\":\"https:\\\/\\\/cardinal-tapes.com\\\/wp-content\\\/uploads\\\/H-old-PET-Silicone-P40-Red-A_203772.png\",\"width\":415,\"height\":415},{\"@type\":\"BreadcrumbList\",\"@id\":\"https:\\\/\\\/cardinal-tapes.com\\\/pl\\\/ta\u015bmy-samoprzylepne\\\/jednostronne-tasmy-samoprzylepne\\\/folia-pet\\\/h-old-pet-6sl-a-tape\\\/#breadcrumb\",\"itemListElement\":[{\"@type\":\"ListItem\",\"position\":1,\"name\":\"Startseite\",\"item\":\"https:\\\/\\\/cardinal-tapes.com\\\/pl\\\/strona-glowna\\\/\"},{\"@type\":\"ListItem\",\"position\":2,\"name\":\"Ta\u015bmy samoprzylepne\",\"item\":\"https:\\\/\\\/cardinal-tapes.com\\\/pl\\\/tasmy-samoprzylepne-pl\\\/\"},{\"@type\":\"ListItem\",\"position\":3,\"name\":\"Jednostronne ta\u015bmy samoprzylepne\",\"item\":\"https:\\\/\\\/cardinal-tapes.com\\\/pl\\\/kategoria\\\/jednostronne-tasmy-samoprzylepne\\\/\"},{\"@type\":\"ListItem\",\"position\":4,\"name\":\"Folia PET\",\"item\":\"https:\\\/\\\/cardinal-tapes.com\\\/pl\\\/kategoria\\\/folia-pet\\\/\"},{\"@type\":\"ListItem\",\"position\":5,\"name\":\"Ta\u015bma samoprzylepna h-old\u00ae 6SL PET\"}]},{\"@type\":\"WebSite\",\"@id\":\"https:\\\/\\\/cardinal-tapes.com\\\/#website\",\"url\":\"https:\\\/\\\/cardinal-tapes.com\\\/\",\"name\":\"cardinal TAPES\",\"description\":\"Klebetechnik aus Wuppertal\",\"potentialAction\":[{\"@type\":\"SearchAction\",\"target\":{\"@type\":\"EntryPoint\",\"urlTemplate\":\"https:\\\/\\\/cardinal-tapes.com\\\/?s={search_term_string}\"},\"query-input\":{\"@type\":\"PropertyValueSpecification\",\"valueRequired\":true,\"valueName\":\"search_term_string\"}}],\"inLanguage\":\"pl-PL\"}]}<\/script>\n<!-- \/ Yoast SEO plugin. -->","yoast_head_json":{"title":"Ta\u015bma samoprzylepna h-old PET 6SL PET | Cardinal TAPES","description":"Ta\u015bma h-old PET sk\u0142ada si\u0119 z folii poliestrowej o grubo\u015bci 0,023 mm, kt\u00f3ra jest przeznaczona do \u0142\u0105czenia silikonowanych papier\u00f3w i folii.","robots":{"index":"index","follow":"follow","max-snippet":"max-snippet:-1","max-image-preview":"max-image-preview:large","max-video-preview":"max-video-preview:-1"},"canonical":"https:\/\/cardinal-tapes.com\/pl\/ta\u015bmy-samoprzylepne\/jednostronne-tasmy-samoprzylepne\/folia-pet\/h-old-pet-6sl-a-tape\/","og_locale":"pl_PL","og_type":"article","og_title":"Ta\u015bma samoprzylepna h-old PET 6SL PET | Cardinal TAPES","og_description":"Ta\u015bma h-old PET sk\u0142ada si\u0119 z folii poliestrowej o grubo\u015bci 0,023 mm, kt\u00f3ra jest przeznaczona do \u0142\u0105czenia silikonowanych papier\u00f3w i folii.","og_url":"https:\/\/cardinal-tapes.com\/pl\/ta\u015bmy-samoprzylepne\/jednostronne-tasmy-samoprzylepne\/folia-pet\/h-old-pet-6sl-a-tape\/","og_site_name":"cardinal TAPES","article_modified_time":"2025-07-02T10:34:57+00:00","og_image":[{"width":415,"height":415,"url":"https:\/\/cardinal-tapes.com\/wp-content\/uploads\/H-old-PET-Silicone-P40-Red-A_203772.png","type":"image\/png"}],"twitter_card":"summary_large_image","twitter_misc":{"Szacowany czas czytania":"1 minuta"},"schema":{"@context":"https:\/\/schema.org","@graph":[{"@type":"WebPage","@id":"https:\/\/cardinal-tapes.com\/pl\/ta\u015bmy-samoprzylepne\/jednostronne-tasmy-samoprzylepne\/folia-pet\/h-old-pet-6sl-a-tape\/","url":"https:\/\/cardinal-tapes.com\/pl\/ta\u015bmy-samoprzylepne\/jednostronne-tasmy-samoprzylepne\/folia-pet\/h-old-pet-6sl-a-tape\/","name":"Ta\u015bma samoprzylepna h-old PET 6SL PET | Cardinal TAPES","isPartOf":{"@id":"https:\/\/cardinal-tapes.com\/#website"},"primaryImageOfPage":{"@id":"https:\/\/cardinal-tapes.com\/pl\/ta\u015bmy-samoprzylepne\/jednostronne-tasmy-samoprzylepne\/folia-pet\/h-old-pet-6sl-a-tape\/#primaryimage"},"image":{"@id":"https:\/\/cardinal-tapes.com\/pl\/ta\u015bmy-samoprzylepne\/jednostronne-tasmy-samoprzylepne\/folia-pet\/h-old-pet-6sl-a-tape\/#primaryimage"},"thumbnailUrl":"https:\/\/cardinal-tapes.com\/wp-content\/uploads\/H-old-PET-Silicone-P40-Red-A_203772.png","datePublished":"2023-06-05T14:37:43+00:00","dateModified":"2025-07-02T10:34:57+00:00","description":"Ta\u015bma h-old PET sk\u0142ada si\u0119 z folii poliestrowej o grubo\u015bci 0,023 mm, kt\u00f3ra jest przeznaczona do \u0142\u0105czenia silikonowanych papier\u00f3w i folii.","breadcrumb":{"@id":"https:\/\/cardinal-tapes.com\/pl\/ta\u015bmy-samoprzylepne\/jednostronne-tasmy-samoprzylepne\/folia-pet\/h-old-pet-6sl-a-tape\/#breadcrumb"},"inLanguage":"pl-PL","potentialAction":[{"@type":"ReadAction","target":["https:\/\/cardinal-tapes.com\/pl\/ta\u015bmy-samoprzylepne\/jednostronne-tasmy-samoprzylepne\/folia-pet\/h-old-pet-6sl-a-tape\/"]}]},{"@type":"ImageObject","inLanguage":"pl-PL","@id":"https:\/\/cardinal-tapes.com\/pl\/ta\u015bmy-samoprzylepne\/jednostronne-tasmy-samoprzylepne\/folia-pet\/h-old-pet-6sl-a-tape\/#primaryimage","url":"https:\/\/cardinal-tapes.com\/wp-content\/uploads\/H-old-PET-Silicone-P40-Red-A_203772.png","contentUrl":"https:\/\/cardinal-tapes.com\/wp-content\/uploads\/H-old-PET-Silicone-P40-Red-A_203772.png","width":415,"height":415},{"@type":"BreadcrumbList","@id":"https:\/\/cardinal-tapes.com\/pl\/ta\u015bmy-samoprzylepne\/jednostronne-tasmy-samoprzylepne\/folia-pet\/h-old-pet-6sl-a-tape\/#breadcrumb","itemListElement":[{"@type":"ListItem","position":1,"name":"Startseite","item":"https:\/\/cardinal-tapes.com\/pl\/strona-glowna\/"},{"@type":"ListItem","position":2,"name":"Ta\u015bmy samoprzylepne","item":"https:\/\/cardinal-tapes.com\/pl\/tasmy-samoprzylepne-pl\/"},{"@type":"ListItem","position":3,"name":"Jednostronne ta\u015bmy samoprzylepne","item":"https:\/\/cardinal-tapes.com\/pl\/kategoria\/jednostronne-tasmy-samoprzylepne\/"},{"@type":"ListItem","position":4,"name":"Folia PET","item":"https:\/\/cardinal-tapes.com\/pl\/kategoria\/folia-pet\/"},{"@type":"ListItem","position":5,"name":"Ta\u015bma samoprzylepna h-old\u00ae 6SL PET"}]},{"@type":"WebSite","@id":"https:\/\/cardinal-tapes.com\/#website","url":"https:\/\/cardinal-tapes.com\/","name":"cardinal TAPES","description":"Klebetechnik aus Wuppertal","potentialAction":[{"@type":"SearchAction","target":{"@type":"EntryPoint","urlTemplate":"https:\/\/cardinal-tapes.com\/?s={search_term_string}"},"query-input":{"@type":"PropertyValueSpecification","valueRequired":true,"valueName":"search_term_string"}}],"inLanguage":"pl-PL"}]}},"brands":[{"id":2391,"name":"Saint-Gobain h-old","slug":"h-old-pl"},{"id":2400,"name":"Saint-Gobain Performance Plastics","slug":"saint-gobain-pl"}],"_links":{"self":[{"href":"https:\/\/cardinal-tapes.com\/pl\/wp-json\/wp\/v2\/product\/37684","targetHints":{"allow":["GET"]}}],"collection":[{"href":"https:\/\/cardinal-tapes.com\/pl\/wp-json\/wp\/v2\/product"}],"about":[{"href":"https:\/\/cardinal-tapes.com\/pl\/wp-json\/wp\/v2\/types\/product"}],"wp:featuredmedia":[{"embeddable":true,"href":"https:\/\/cardinal-tapes.com\/pl\/wp-json\/wp\/v2\/media\/28886"}],"wp:attachment":[{"href":"https:\/\/cardinal-tapes.com\/pl\/wp-json\/wp\/v2\/media?parent=37684"}],"wp:term":[{"taxonomy":"pwb-brand","embeddable":true,"href":"https:\/\/cardinal-tapes.com\/pl\/wp-json\/wp\/v2\/pwb-brand?post=37684"},{"taxonomy":"product_brand","embeddable":true,"href":"https:\/\/cardinal-tapes.com\/pl\/wp-json\/wp\/v2\/product_brand?post=37684"},{"taxonomy":"product_cat","embeddable":true,"href":"https:\/\/cardinal-tapes.com\/pl\/wp-json\/wp\/v2\/product_cat?post=37684"},{"taxonomy":"product_tag","embeddable":true,"href":"https:\/\/cardinal-tapes.com\/pl\/wp-json\/wp\/v2\/product_tag?post=37684"}],"curies":[{"name":"wp","href":"https:\/\/api.w.org\/{rel}","templated":true}]}}