{"id":37683,"date":"2021-09-27T09:39:17","date_gmt":"2023-06-05T14:37:43","guid":{"rendered":"https:\/\/cardinal.pixel-tal.de\/klebebaender\/bez-kategorii\/aluminiowa-tasma-samoprzylepna-h-old-ap030\/"},"modified":"2025-07-02T12:27:27","modified_gmt":"2025-07-02T10:27:27","slug":"h-old-aluminium-adhesive-tape-ap030","status":"publish","type":"product","link":"https:\/\/cardinal-tapes.com\/pl\/ta\u015bmy-samoprzylepne\/jednostronne-tasmy-samoprzylepne\/h-old-aluminium-adhesive-tape-ap030\/","title":{"rendered":"Aluminiowa ta\u015bma samoprzylepna h-old\u00ae AP030"},"content":{"rendered":"<p>Aluminiowa ta\u015bma samoprzylepna h-old\u00ae AP030 ma grubo\u015b\u0107 0,055 mm,  <span id=\"[39,48]\" class=\"word\">jednostronny<\/span> b<span id=\"[50,60]\" class=\"word\">Powlekana ta\u015bma samoprzylepna<\/span> <span id=\"[61,64]\" class=\"word\">z<\/span> <span id=\"[65,76]\" class=\"word\">agresywnym<\/span> <span id=\"[77,97]\" class=\"word\">akrylowym systemem klej\u0105cym<\/span>. Jest k<span id=\"[117,127]\" class=\"word\">zaprojektowane<\/span><span id=\"[132,135]\" class=\"word\">do<\/span><span id=\"[268,277]\" class=\"word\">\u0142\u0105czenia<\/span> <span id=\"[282,288]\" class=\"word\">folii, <\/span> <span id=\"[136,147]\" class=\"word\">mocowania<\/span> <span id=\"[152,161]\" class=\"word\">aluminium<\/span> i innych <span id=\"[148,151]\" class=\"word\">materia\u0142\u00f3w<\/span>.<span id=\"[164,166]\" class=\"word\">i<\/span> <span id=\"[167,179]\" class=\"word\">rury miedziane<\/span> b<span id=\"[181,183]\" class=\"word\">w<\/span> <span id=\"[188,199]\" class=\"word\">produkcji<\/span> <span id=\"[204,211]\" class=\"word\">mro\u017conek<\/span> i<span id=\"[214,216]\" class=\"word\">i<\/span> <span id=\"[217,230]\" class=\"word\">Lod\u00f3wki i <\/span><span id=\"[232,242]\" class=\"word\">uszczelnienie<\/span> <span id=\"[243,246]\" class=\"word\">folii<\/span> <span id=\"[247,266]\" class=\"word\">folii poliw\u0119glanowych.<\/span><\/p>\n","protected":false},"excerpt":{"rendered":"<p>Aluminiowa ta\u015bma samoprzylepna h-old\u00ae AP030 ma grubo\u015b\u0107 0,055 mm, jednostronny bPowlekana ta\u015bma samoprzylepna z agresywnym akrylowym systemem klej\u0105cym. Jest kzaprojektowanedo\u0142\u0105czenia folii, mocowania aluminium i innych materia\u0142\u00f3w.i rury miedziane bw produkcji mro\u017conek ii Lod\u00f3wki i uszczelnienie folii folii poliw\u0119glanowych.<\/p>\n","protected":false},"featured_media":29038,"template":"","meta":{"_acf_changed":false},"pwb-brand":[2391,2400],"product_brand":[],"product_cat":[1816],"product_tag":[],"class_list":{"0":"post-37683","1":"product","2":"type-product","3":"status-publish","4":"has-post-thumbnail","6":"pwb-brand-h-old-pl","7":"pwb-brand-saint-gobain-pl","8":"product_cat-jednostronne-tasmy-samoprzylepne","10":"first","11":"instock","12":"taxable","13":"shipping-taxable","14":"product-type-simple"},"acf":[],"yoast_head":"<!-- This site is optimized with the Yoast SEO plugin v27.3 - https:\/\/yoast.com\/product\/yoast-seo-wordpress\/ -->\n<title>Aluminiowa ta\u015bma samoprzylepna h-old\u00ae AP030<\/title>\n<meta name=\"robots\" content=\"index, follow, max-snippet:-1, max-image-preview:large, max-video-preview:-1\" \/>\n<link rel=\"canonical\" href=\"https:\/\/cardinal-tapes.com\/pl\/ta\u015bmy-samoprzylepne\/jednostronne-tasmy-samoprzylepne\/h-old-aluminium-adhesive-tape-ap030\/\" \/>\n<meta property=\"og:locale\" content=\"pl_PL\" \/>\n<meta property=\"og:type\" content=\"article\" \/>\n<meta property=\"og:title\" content=\"Aluminiowa ta\u015bma samoprzylepna h-old\u00ae AP030\" \/>\n<meta property=\"og:description\" content=\"Aluminiowa ta\u015bma samoprzylepna h-old\u00ae AP030 ma grubo\u015b\u0107 0,055 mm, jednostronny bPowlekana ta\u015bma samoprzylepna z agresywnym akrylowym systemem klej\u0105cym. Jest kzaprojektowanedo\u0142\u0105czenia folii, mocowania aluminium i innych materia\u0142\u00f3w.i rury miedziane bw produkcji mro\u017conek ii Lod\u00f3wki i uszczelnienie folii folii poliw\u0119glanowych.\" \/>\n<meta property=\"og:url\" content=\"https:\/\/cardinal-tapes.com\/pl\/ta\u015bmy-samoprzylepne\/jednostronne-tasmy-samoprzylepne\/h-old-aluminium-adhesive-tape-ap030\/\" \/>\n<meta property=\"og:site_name\" content=\"cardinal TAPES\" \/>\n<meta property=\"article:modified_time\" content=\"2025-07-02T10:27:27+00:00\" \/>\n<meta property=\"og:image\" content=\"https:\/\/cardinal-tapes.com\/wp-content\/uploads\/H-old-AP30-A_51.jpg\" \/>\n\t<meta property=\"og:image:width\" content=\"380\" \/>\n\t<meta property=\"og:image:height\" content=\"380\" \/>\n\t<meta property=\"og:image:type\" content=\"image\/jpeg\" \/>\n<meta name=\"twitter:card\" content=\"summary_large_image\" \/>\n<script type=\"application\/ld+json\" class=\"yoast-schema-graph\">{\"@context\":\"https:\\\/\\\/schema.org\",\"@graph\":[{\"@type\":\"WebPage\",\"@id\":\"https:\\\/\\\/cardinal-tapes.com\\\/pl\\\/ta\u015bmy-samoprzylepne\\\/jednostronne-tasmy-samoprzylepne\\\/h-old-aluminium-adhesive-tape-ap030\\\/\",\"url\":\"https:\\\/\\\/cardinal-tapes.com\\\/pl\\\/ta\u015bmy-samoprzylepne\\\/jednostronne-tasmy-samoprzylepne\\\/h-old-aluminium-adhesive-tape-ap030\\\/\",\"name\":\"Aluminiowa ta\u015bma samoprzylepna h-old\u00ae AP030\",\"isPartOf\":{\"@id\":\"https:\\\/\\\/cardinal-tapes.com\\\/#website\"},\"primaryImageOfPage\":{\"@id\":\"https:\\\/\\\/cardinal-tapes.com\\\/pl\\\/ta\u015bmy-samoprzylepne\\\/jednostronne-tasmy-samoprzylepne\\\/h-old-aluminium-adhesive-tape-ap030\\\/#primaryimage\"},\"image\":{\"@id\":\"https:\\\/\\\/cardinal-tapes.com\\\/pl\\\/ta\u015bmy-samoprzylepne\\\/jednostronne-tasmy-samoprzylepne\\\/h-old-aluminium-adhesive-tape-ap030\\\/#primaryimage\"},\"thumbnailUrl\":\"https:\\\/\\\/cardinal-tapes.com\\\/wp-content\\\/uploads\\\/H-old-AP30-A_51.jpg\",\"datePublished\":\"2023-06-05T14:37:43+00:00\",\"dateModified\":\"2025-07-02T10:27:27+00:00\",\"breadcrumb\":{\"@id\":\"https:\\\/\\\/cardinal-tapes.com\\\/pl\\\/ta\u015bmy-samoprzylepne\\\/jednostronne-tasmy-samoprzylepne\\\/h-old-aluminium-adhesive-tape-ap030\\\/#breadcrumb\"},\"inLanguage\":\"pl-PL\",\"potentialAction\":[{\"@type\":\"ReadAction\",\"target\":[\"https:\\\/\\\/cardinal-tapes.com\\\/pl\\\/ta\u015bmy-samoprzylepne\\\/jednostronne-tasmy-samoprzylepne\\\/h-old-aluminium-adhesive-tape-ap030\\\/\"]}]},{\"@type\":\"ImageObject\",\"inLanguage\":\"pl-PL\",\"@id\":\"https:\\\/\\\/cardinal-tapes.com\\\/pl\\\/ta\u015bmy-samoprzylepne\\\/jednostronne-tasmy-samoprzylepne\\\/h-old-aluminium-adhesive-tape-ap030\\\/#primaryimage\",\"url\":\"https:\\\/\\\/cardinal-tapes.com\\\/wp-content\\\/uploads\\\/H-old-AP30-A_51.jpg\",\"contentUrl\":\"https:\\\/\\\/cardinal-tapes.com\\\/wp-content\\\/uploads\\\/H-old-AP30-A_51.jpg\",\"width\":380,\"height\":380},{\"@type\":\"BreadcrumbList\",\"@id\":\"https:\\\/\\\/cardinal-tapes.com\\\/pl\\\/ta\u015bmy-samoprzylepne\\\/jednostronne-tasmy-samoprzylepne\\\/h-old-aluminium-adhesive-tape-ap030\\\/#breadcrumb\",\"itemListElement\":[{\"@type\":\"ListItem\",\"position\":1,\"name\":\"Startseite\",\"item\":\"https:\\\/\\\/cardinal-tapes.com\\\/pl\\\/strona-glowna\\\/\"},{\"@type\":\"ListItem\",\"position\":2,\"name\":\"Ta\u015bmy samoprzylepne\",\"item\":\"https:\\\/\\\/cardinal-tapes.com\\\/pl\\\/tasmy-samoprzylepne-pl\\\/\"},{\"@type\":\"ListItem\",\"position\":3,\"name\":\"Jednostronne ta\u015bmy samoprzylepne\",\"item\":\"https:\\\/\\\/cardinal-tapes.com\\\/pl\\\/kategoria\\\/jednostronne-tasmy-samoprzylepne\\\/\"},{\"@type\":\"ListItem\",\"position\":4,\"name\":\"Aluminiowa ta\u015bma samoprzylepna h-old\u00ae AP030\"}]},{\"@type\":\"WebSite\",\"@id\":\"https:\\\/\\\/cardinal-tapes.com\\\/#website\",\"url\":\"https:\\\/\\\/cardinal-tapes.com\\\/\",\"name\":\"cardinal TAPES\",\"description\":\"Klebetechnik aus Wuppertal\",\"potentialAction\":[{\"@type\":\"SearchAction\",\"target\":{\"@type\":\"EntryPoint\",\"urlTemplate\":\"https:\\\/\\\/cardinal-tapes.com\\\/?s={search_term_string}\"},\"query-input\":{\"@type\":\"PropertyValueSpecification\",\"valueRequired\":true,\"valueName\":\"search_term_string\"}}],\"inLanguage\":\"pl-PL\"}]}<\/script>\n<!-- \/ Yoast SEO plugin. -->","yoast_head_json":{"title":"Aluminiowa ta\u015bma samoprzylepna h-old\u00ae AP030","robots":{"index":"index","follow":"follow","max-snippet":"max-snippet:-1","max-image-preview":"max-image-preview:large","max-video-preview":"max-video-preview:-1"},"canonical":"https:\/\/cardinal-tapes.com\/pl\/ta\u015bmy-samoprzylepne\/jednostronne-tasmy-samoprzylepne\/h-old-aluminium-adhesive-tape-ap030\/","og_locale":"pl_PL","og_type":"article","og_title":"Aluminiowa ta\u015bma samoprzylepna h-old\u00ae AP030","og_description":"Aluminiowa ta\u015bma samoprzylepna h-old\u00ae AP030 ma grubo\u015b\u0107 0,055 mm, jednostronny bPowlekana ta\u015bma samoprzylepna z agresywnym akrylowym systemem klej\u0105cym. Jest kzaprojektowanedo\u0142\u0105czenia folii, mocowania aluminium i innych materia\u0142\u00f3w.i rury miedziane bw produkcji mro\u017conek ii Lod\u00f3wki i uszczelnienie folii folii poliw\u0119glanowych.","og_url":"https:\/\/cardinal-tapes.com\/pl\/ta\u015bmy-samoprzylepne\/jednostronne-tasmy-samoprzylepne\/h-old-aluminium-adhesive-tape-ap030\/","og_site_name":"cardinal TAPES","article_modified_time":"2025-07-02T10:27:27+00:00","og_image":[{"width":380,"height":380,"url":"https:\/\/cardinal-tapes.com\/wp-content\/uploads\/H-old-AP30-A_51.jpg","type":"image\/jpeg"}],"twitter_card":"summary_large_image","schema":{"@context":"https:\/\/schema.org","@graph":[{"@type":"WebPage","@id":"https:\/\/cardinal-tapes.com\/pl\/ta\u015bmy-samoprzylepne\/jednostronne-tasmy-samoprzylepne\/h-old-aluminium-adhesive-tape-ap030\/","url":"https:\/\/cardinal-tapes.com\/pl\/ta\u015bmy-samoprzylepne\/jednostronne-tasmy-samoprzylepne\/h-old-aluminium-adhesive-tape-ap030\/","name":"Aluminiowa ta\u015bma samoprzylepna h-old\u00ae AP030","isPartOf":{"@id":"https:\/\/cardinal-tapes.com\/#website"},"primaryImageOfPage":{"@id":"https:\/\/cardinal-tapes.com\/pl\/ta\u015bmy-samoprzylepne\/jednostronne-tasmy-samoprzylepne\/h-old-aluminium-adhesive-tape-ap030\/#primaryimage"},"image":{"@id":"https:\/\/cardinal-tapes.com\/pl\/ta\u015bmy-samoprzylepne\/jednostronne-tasmy-samoprzylepne\/h-old-aluminium-adhesive-tape-ap030\/#primaryimage"},"thumbnailUrl":"https:\/\/cardinal-tapes.com\/wp-content\/uploads\/H-old-AP30-A_51.jpg","datePublished":"2023-06-05T14:37:43+00:00","dateModified":"2025-07-02T10:27:27+00:00","breadcrumb":{"@id":"https:\/\/cardinal-tapes.com\/pl\/ta\u015bmy-samoprzylepne\/jednostronne-tasmy-samoprzylepne\/h-old-aluminium-adhesive-tape-ap030\/#breadcrumb"},"inLanguage":"pl-PL","potentialAction":[{"@type":"ReadAction","target":["https:\/\/cardinal-tapes.com\/pl\/ta\u015bmy-samoprzylepne\/jednostronne-tasmy-samoprzylepne\/h-old-aluminium-adhesive-tape-ap030\/"]}]},{"@type":"ImageObject","inLanguage":"pl-PL","@id":"https:\/\/cardinal-tapes.com\/pl\/ta\u015bmy-samoprzylepne\/jednostronne-tasmy-samoprzylepne\/h-old-aluminium-adhesive-tape-ap030\/#primaryimage","url":"https:\/\/cardinal-tapes.com\/wp-content\/uploads\/H-old-AP30-A_51.jpg","contentUrl":"https:\/\/cardinal-tapes.com\/wp-content\/uploads\/H-old-AP30-A_51.jpg","width":380,"height":380},{"@type":"BreadcrumbList","@id":"https:\/\/cardinal-tapes.com\/pl\/ta\u015bmy-samoprzylepne\/jednostronne-tasmy-samoprzylepne\/h-old-aluminium-adhesive-tape-ap030\/#breadcrumb","itemListElement":[{"@type":"ListItem","position":1,"name":"Startseite","item":"https:\/\/cardinal-tapes.com\/pl\/strona-glowna\/"},{"@type":"ListItem","position":2,"name":"Ta\u015bmy samoprzylepne","item":"https:\/\/cardinal-tapes.com\/pl\/tasmy-samoprzylepne-pl\/"},{"@type":"ListItem","position":3,"name":"Jednostronne ta\u015bmy samoprzylepne","item":"https:\/\/cardinal-tapes.com\/pl\/kategoria\/jednostronne-tasmy-samoprzylepne\/"},{"@type":"ListItem","position":4,"name":"Aluminiowa ta\u015bma samoprzylepna h-old\u00ae AP030"}]},{"@type":"WebSite","@id":"https:\/\/cardinal-tapes.com\/#website","url":"https:\/\/cardinal-tapes.com\/","name":"cardinal TAPES","description":"Klebetechnik aus Wuppertal","potentialAction":[{"@type":"SearchAction","target":{"@type":"EntryPoint","urlTemplate":"https:\/\/cardinal-tapes.com\/?s={search_term_string}"},"query-input":{"@type":"PropertyValueSpecification","valueRequired":true,"valueName":"search_term_string"}}],"inLanguage":"pl-PL"}]}},"brands":[{"id":2391,"name":"Saint-Gobain h-old","slug":"h-old-pl"},{"id":2400,"name":"Saint-Gobain Performance Plastics","slug":"saint-gobain-pl"}],"_links":{"self":[{"href":"https:\/\/cardinal-tapes.com\/pl\/wp-json\/wp\/v2\/product\/37683","targetHints":{"allow":["GET"]}}],"collection":[{"href":"https:\/\/cardinal-tapes.com\/pl\/wp-json\/wp\/v2\/product"}],"about":[{"href":"https:\/\/cardinal-tapes.com\/pl\/wp-json\/wp\/v2\/types\/product"}],"wp:featuredmedia":[{"embeddable":true,"href":"https:\/\/cardinal-tapes.com\/pl\/wp-json\/wp\/v2\/media\/29038"}],"wp:attachment":[{"href":"https:\/\/cardinal-tapes.com\/pl\/wp-json\/wp\/v2\/media?parent=37683"}],"wp:term":[{"taxonomy":"pwb-brand","embeddable":true,"href":"https:\/\/cardinal-tapes.com\/pl\/wp-json\/wp\/v2\/pwb-brand?post=37683"},{"taxonomy":"product_brand","embeddable":true,"href":"https:\/\/cardinal-tapes.com\/pl\/wp-json\/wp\/v2\/product_brand?post=37683"},{"taxonomy":"product_cat","embeddable":true,"href":"https:\/\/cardinal-tapes.com\/pl\/wp-json\/wp\/v2\/product_cat?post=37683"},{"taxonomy":"product_tag","embeddable":true,"href":"https:\/\/cardinal-tapes.com\/pl\/wp-json\/wp\/v2\/product_tag?post=37683"}],"curies":[{"name":"wp","href":"https:\/\/api.w.org\/{rel}","templated":true}]}}