{"id":37514,"date":"2020-08-05T14:44:30","date_gmt":"2020-08-05T12:44:30","guid":{"rendered":"https:\/\/cardinal.pixel-tal.de\/klebebaender\/bez-kategorii\/tasma-pakowa-tesapack-4024-pv4\/"},"modified":"2025-07-02T13:06:18","modified_gmt":"2025-07-02T11:06:18","slug":"tesa-pack-4024","status":"publish","type":"product","link":"https:\/\/cardinal-tapes.com\/pl\/ta\u015bmy-samoprzylepne\/jednostronne-tasmy-samoprzylepne\/folia-pp\/tesa-pack-4024\/","title":{"rendered":"Ta\u015bma pakowa tesapack\u00ae 4024 PV4"},"content":{"rendered":"<p><sup>tesapack\u00ae<\/sup> 4024 PV4 to samoprzylepna ta\u015bma opakowaniowa na bazie folii PP i specjalnego kleju na bazie dyspersji akrylowej. Produkt charakteryzuje si\u0119 zr\u00f3wnowa\u017conym stosunkiem wysokiej przyczepno\u015bci i wysokiej wytrzyma\u0142o\u015bci na \u015bcinanie. Uniwersalna ta\u015bma pakowa mo\u017ce by\u0107 u\u017cywana we wszystkich dost\u0119pnych na rynku dozownikach r\u0119cznych.<\/p>\n<section class=\"component js-toc-target\" data-style=\"components\/article-text\" data-toc-name=\"toc-pages-product-product-description\">\n<div class=\"row\">\n<div class=\"col-default-12 col-sm-9\">\n<p><strong>W\u0142a\u015bciwo\u015bci<br \/>\n<\/strong>&#8211; Ciche odwijanie<br \/>\n&#8211; Wysoka przezroczysto\u015b\u0107 zapewniaj\u0105ca atrakcyjny wygl\u0105d<br \/>\n&#8211; Wysoka odporno\u015b\u0107 na promieniowanie UV, starzenie i temperatur\u0119 zapewniaj\u0105ca d\u0142u\u017cszy okres przechowywania<\/p>\n<p><strong>Zastosowania<br \/>\n&#8211; <\/strong>Zamkni\u0119cie lekkich i \u015brednich pude\u0142 wysy\u0142kowych<\/p>\n<\/div>\n<\/div>\n<\/section>\n","protected":false},"excerpt":{"rendered":"<p>tesapack\u00ae 4024 PV4 to samoprzylepna ta\u015bma opakowaniowa na bazie folii PP i specjalnego kleju na bazie dyspersji akrylowej. Produkt charakteryzuje si\u0119 zr\u00f3wnowa\u017conym stosunkiem wysokiej przyczepno\u015bci i wysokiej wytrzyma\u0142o\u015bci na \u015bcinanie. Uniwersalna ta\u015bma pakowa mo\u017ce by\u0107 u\u017cywana we wszystkich dost\u0119pnych na rynku dozownikach r\u0119cznych. W\u0142a\u015bciwo\u015bci &#8211; Ciche odwijanie &#8211; Wysoka przezroczysto\u015b\u0107 zapewniaj\u0105ca atrakcyjny wygl\u0105d &#8211; Wysoka [&hellip;]<\/p>\n","protected":false},"featured_media":28306,"template":"","meta":{"_acf_changed":false},"pwb-brand":[2164],"product_brand":[],"product_cat":[1816,1820,1867],"product_tag":[],"class_list":{"0":"post-37514","1":"product","2":"type-product","3":"status-publish","4":"has-post-thumbnail","6":"pwb-brand-tesa-pl","7":"product_cat-jednostronne-tasmy-samoprzylepne","8":"product_cat-folia-pp","9":"product_cat-systemy-pakowania","11":"first","12":"instock","13":"taxable","14":"shipping-taxable","15":"purchasable","16":"product-type-variable"},"acf":[],"yoast_head":"<!-- This site is optimized with the Yoast SEO plugin v27.3 - https:\/\/yoast.com\/product\/yoast-seo-wordpress\/ -->\n<title>Ta\u015bmy tesa pack\u00ae 4024 | Cardinal TAPES<\/title>\n<meta name=\"description\" content=\"tesa pack\u00ae 4024 to ta\u015bma pakowa na bazie folii PP i specjalnego kleju na bazie dyspersji akrylowej (HiTack) o szczeg\u00f3lnie wysokiej przyczepno\u015bci pocz\u0105tkowej. Zapewnia to natychmiastowe i bezpieczne zamkni\u0119cie kartonu po sklejeniu.\" \/>\n<meta name=\"robots\" content=\"index, follow, max-snippet:-1, max-image-preview:large, max-video-preview:-1\" \/>\n<link rel=\"canonical\" href=\"https:\/\/cardinal-tapes.com\/pl\/ta\u015bmy-samoprzylepne\/jednostronne-tasmy-samoprzylepne\/folia-pp\/tesa-pack-4024\/\" \/>\n<meta property=\"og:locale\" content=\"pl_PL\" \/>\n<meta property=\"og:type\" content=\"article\" \/>\n<meta property=\"og:title\" content=\"Ta\u015bmy tesa pack\u00ae 4024 | Cardinal TAPES\" \/>\n<meta property=\"og:description\" content=\"tesa pack\u00ae 4024 to ta\u015bma pakowa na bazie folii PP i specjalnego kleju na bazie dyspersji akrylowej (HiTack) o szczeg\u00f3lnie wysokiej przyczepno\u015bci pocz\u0105tkowej. Zapewnia to natychmiastowe i bezpieczne zamkni\u0119cie kartonu po sklejeniu.\" \/>\n<meta property=\"og:url\" content=\"https:\/\/cardinal-tapes.com\/pl\/ta\u015bmy-samoprzylepne\/jednostronne-tasmy-samoprzylepne\/folia-pp\/tesa-pack-4024\/\" \/>\n<meta property=\"og:site_name\" content=\"cardinal TAPES\" \/>\n<meta property=\"article:modified_time\" content=\"2025-07-02T11:06:18+00:00\" \/>\n<meta property=\"og:image\" content=\"https:\/\/cardinal-tapes.com\/wp-content\/uploads\/tesa-04024mu84-15-pa-002-fullsize171322_canvas1x1_5.jpg\" \/>\n\t<meta property=\"og:image:width\" content=\"501\" \/>\n\t<meta property=\"og:image:height\" content=\"354\" \/>\n\t<meta property=\"og:image:type\" content=\"image\/jpeg\" \/>\n<meta name=\"twitter:card\" content=\"summary_large_image\" \/>\n<script type=\"application\/ld+json\" class=\"yoast-schema-graph\">{\"@context\":\"https:\\\/\\\/schema.org\",\"@graph\":[{\"@type\":\"WebPage\",\"@id\":\"https:\\\/\\\/cardinal-tapes.com\\\/pl\\\/ta\u015bmy-samoprzylepne\\\/jednostronne-tasmy-samoprzylepne\\\/folia-pp\\\/tesa-pack-4024\\\/\",\"url\":\"https:\\\/\\\/cardinal-tapes.com\\\/pl\\\/ta\u015bmy-samoprzylepne\\\/jednostronne-tasmy-samoprzylepne\\\/folia-pp\\\/tesa-pack-4024\\\/\",\"name\":\"Ta\u015bmy tesa pack\u00ae 4024 | Cardinal TAPES\",\"isPartOf\":{\"@id\":\"https:\\\/\\\/cardinal-tapes.com\\\/#website\"},\"primaryImageOfPage\":{\"@id\":\"https:\\\/\\\/cardinal-tapes.com\\\/pl\\\/ta\u015bmy-samoprzylepne\\\/jednostronne-tasmy-samoprzylepne\\\/folia-pp\\\/tesa-pack-4024\\\/#primaryimage\"},\"image\":{\"@id\":\"https:\\\/\\\/cardinal-tapes.com\\\/pl\\\/ta\u015bmy-samoprzylepne\\\/jednostronne-tasmy-samoprzylepne\\\/folia-pp\\\/tesa-pack-4024\\\/#primaryimage\"},\"thumbnailUrl\":\"https:\\\/\\\/cardinal-tapes.com\\\/wp-content\\\/uploads\\\/tesa-04024mu84-15-pa-002-fullsize171322_canvas1x1_5.jpg\",\"datePublished\":\"2020-08-05T12:44:30+00:00\",\"dateModified\":\"2025-07-02T11:06:18+00:00\",\"description\":\"tesa pack\u00ae 4024 to ta\u015bma pakowa na bazie folii PP i specjalnego kleju na bazie dyspersji akrylowej (HiTack) o szczeg\u00f3lnie wysokiej przyczepno\u015bci pocz\u0105tkowej. Zapewnia to natychmiastowe i bezpieczne zamkni\u0119cie kartonu po sklejeniu.\",\"breadcrumb\":{\"@id\":\"https:\\\/\\\/cardinal-tapes.com\\\/pl\\\/ta\u015bmy-samoprzylepne\\\/jednostronne-tasmy-samoprzylepne\\\/folia-pp\\\/tesa-pack-4024\\\/#breadcrumb\"},\"inLanguage\":\"pl-PL\",\"potentialAction\":[{\"@type\":\"ReadAction\",\"target\":[\"https:\\\/\\\/cardinal-tapes.com\\\/pl\\\/ta\u015bmy-samoprzylepne\\\/jednostronne-tasmy-samoprzylepne\\\/folia-pp\\\/tesa-pack-4024\\\/\"]}]},{\"@type\":\"ImageObject\",\"inLanguage\":\"pl-PL\",\"@id\":\"https:\\\/\\\/cardinal-tapes.com\\\/pl\\\/ta\u015bmy-samoprzylepne\\\/jednostronne-tasmy-samoprzylepne\\\/folia-pp\\\/tesa-pack-4024\\\/#primaryimage\",\"url\":\"https:\\\/\\\/cardinal-tapes.com\\\/wp-content\\\/uploads\\\/tesa-04024mu84-15-pa-002-fullsize171322_canvas1x1_5.jpg\",\"contentUrl\":\"https:\\\/\\\/cardinal-tapes.com\\\/wp-content\\\/uploads\\\/tesa-04024mu84-15-pa-002-fullsize171322_canvas1x1_5.jpg\",\"width\":501,\"height\":354},{\"@type\":\"BreadcrumbList\",\"@id\":\"https:\\\/\\\/cardinal-tapes.com\\\/pl\\\/ta\u015bmy-samoprzylepne\\\/jednostronne-tasmy-samoprzylepne\\\/folia-pp\\\/tesa-pack-4024\\\/#breadcrumb\",\"itemListElement\":[{\"@type\":\"ListItem\",\"position\":1,\"name\":\"Startseite\",\"item\":\"https:\\\/\\\/cardinal-tapes.com\\\/pl\\\/strona-glowna\\\/\"},{\"@type\":\"ListItem\",\"position\":2,\"name\":\"Ta\u015bmy samoprzylepne\",\"item\":\"https:\\\/\\\/cardinal-tapes.com\\\/pl\\\/tasmy-samoprzylepne-pl\\\/\"},{\"@type\":\"ListItem\",\"position\":3,\"name\":\"Single sided adhesive tapes\",\"item\":\"https:\\\/\\\/cardinal-tapes.com\\\/en\\\/category\\\/single-sided-adhesive-tapes\\\/\"},{\"@type\":\"ListItem\",\"position\":4,\"name\":\"Ta\u015bma pakowa tesapack\u00ae 4024 PV4\"}]},{\"@type\":\"WebSite\",\"@id\":\"https:\\\/\\\/cardinal-tapes.com\\\/#website\",\"url\":\"https:\\\/\\\/cardinal-tapes.com\\\/\",\"name\":\"cardinal TAPES\",\"description\":\"Klebetechnik aus Wuppertal\",\"potentialAction\":[{\"@type\":\"SearchAction\",\"target\":{\"@type\":\"EntryPoint\",\"urlTemplate\":\"https:\\\/\\\/cardinal-tapes.com\\\/?s={search_term_string}\"},\"query-input\":{\"@type\":\"PropertyValueSpecification\",\"valueRequired\":true,\"valueName\":\"search_term_string\"}}],\"inLanguage\":\"pl-PL\"}]}<\/script>\n<!-- \/ Yoast SEO plugin. -->","yoast_head_json":{"title":"Ta\u015bmy tesa pack\u00ae 4024 | Cardinal TAPES","description":"tesa pack\u00ae 4024 to ta\u015bma pakowa na bazie folii PP i specjalnego kleju na bazie dyspersji akrylowej (HiTack) o szczeg\u00f3lnie wysokiej przyczepno\u015bci pocz\u0105tkowej. Zapewnia to natychmiastowe i bezpieczne zamkni\u0119cie kartonu po sklejeniu.","robots":{"index":"index","follow":"follow","max-snippet":"max-snippet:-1","max-image-preview":"max-image-preview:large","max-video-preview":"max-video-preview:-1"},"canonical":"https:\/\/cardinal-tapes.com\/pl\/ta\u015bmy-samoprzylepne\/jednostronne-tasmy-samoprzylepne\/folia-pp\/tesa-pack-4024\/","og_locale":"pl_PL","og_type":"article","og_title":"Ta\u015bmy tesa pack\u00ae 4024 | Cardinal TAPES","og_description":"tesa pack\u00ae 4024 to ta\u015bma pakowa na bazie folii PP i specjalnego kleju na bazie dyspersji akrylowej (HiTack) o szczeg\u00f3lnie wysokiej przyczepno\u015bci pocz\u0105tkowej. Zapewnia to natychmiastowe i bezpieczne zamkni\u0119cie kartonu po sklejeniu.","og_url":"https:\/\/cardinal-tapes.com\/pl\/ta\u015bmy-samoprzylepne\/jednostronne-tasmy-samoprzylepne\/folia-pp\/tesa-pack-4024\/","og_site_name":"cardinal TAPES","article_modified_time":"2025-07-02T11:06:18+00:00","og_image":[{"width":501,"height":354,"url":"https:\/\/cardinal-tapes.com\/wp-content\/uploads\/tesa-04024mu84-15-pa-002-fullsize171322_canvas1x1_5.jpg","type":"image\/jpeg"}],"twitter_card":"summary_large_image","schema":{"@context":"https:\/\/schema.org","@graph":[{"@type":"WebPage","@id":"https:\/\/cardinal-tapes.com\/pl\/ta\u015bmy-samoprzylepne\/jednostronne-tasmy-samoprzylepne\/folia-pp\/tesa-pack-4024\/","url":"https:\/\/cardinal-tapes.com\/pl\/ta\u015bmy-samoprzylepne\/jednostronne-tasmy-samoprzylepne\/folia-pp\/tesa-pack-4024\/","name":"Ta\u015bmy tesa pack\u00ae 4024 | Cardinal TAPES","isPartOf":{"@id":"https:\/\/cardinal-tapes.com\/#website"},"primaryImageOfPage":{"@id":"https:\/\/cardinal-tapes.com\/pl\/ta\u015bmy-samoprzylepne\/jednostronne-tasmy-samoprzylepne\/folia-pp\/tesa-pack-4024\/#primaryimage"},"image":{"@id":"https:\/\/cardinal-tapes.com\/pl\/ta\u015bmy-samoprzylepne\/jednostronne-tasmy-samoprzylepne\/folia-pp\/tesa-pack-4024\/#primaryimage"},"thumbnailUrl":"https:\/\/cardinal-tapes.com\/wp-content\/uploads\/tesa-04024mu84-15-pa-002-fullsize171322_canvas1x1_5.jpg","datePublished":"2020-08-05T12:44:30+00:00","dateModified":"2025-07-02T11:06:18+00:00","description":"tesa pack\u00ae 4024 to ta\u015bma pakowa na bazie folii PP i specjalnego kleju na bazie dyspersji akrylowej (HiTack) o szczeg\u00f3lnie wysokiej przyczepno\u015bci pocz\u0105tkowej. Zapewnia to natychmiastowe i bezpieczne zamkni\u0119cie kartonu po sklejeniu.","breadcrumb":{"@id":"https:\/\/cardinal-tapes.com\/pl\/ta\u015bmy-samoprzylepne\/jednostronne-tasmy-samoprzylepne\/folia-pp\/tesa-pack-4024\/#breadcrumb"},"inLanguage":"pl-PL","potentialAction":[{"@type":"ReadAction","target":["https:\/\/cardinal-tapes.com\/pl\/ta\u015bmy-samoprzylepne\/jednostronne-tasmy-samoprzylepne\/folia-pp\/tesa-pack-4024\/"]}]},{"@type":"ImageObject","inLanguage":"pl-PL","@id":"https:\/\/cardinal-tapes.com\/pl\/ta\u015bmy-samoprzylepne\/jednostronne-tasmy-samoprzylepne\/folia-pp\/tesa-pack-4024\/#primaryimage","url":"https:\/\/cardinal-tapes.com\/wp-content\/uploads\/tesa-04024mu84-15-pa-002-fullsize171322_canvas1x1_5.jpg","contentUrl":"https:\/\/cardinal-tapes.com\/wp-content\/uploads\/tesa-04024mu84-15-pa-002-fullsize171322_canvas1x1_5.jpg","width":501,"height":354},{"@type":"BreadcrumbList","@id":"https:\/\/cardinal-tapes.com\/pl\/ta\u015bmy-samoprzylepne\/jednostronne-tasmy-samoprzylepne\/folia-pp\/tesa-pack-4024\/#breadcrumb","itemListElement":[{"@type":"ListItem","position":1,"name":"Startseite","item":"https:\/\/cardinal-tapes.com\/pl\/strona-glowna\/"},{"@type":"ListItem","position":2,"name":"Ta\u015bmy samoprzylepne","item":"https:\/\/cardinal-tapes.com\/pl\/tasmy-samoprzylepne-pl\/"},{"@type":"ListItem","position":3,"name":"Single sided adhesive tapes","item":"https:\/\/cardinal-tapes.com\/en\/category\/single-sided-adhesive-tapes\/"},{"@type":"ListItem","position":4,"name":"Ta\u015bma pakowa tesapack\u00ae 4024 PV4"}]},{"@type":"WebSite","@id":"https:\/\/cardinal-tapes.com\/#website","url":"https:\/\/cardinal-tapes.com\/","name":"cardinal TAPES","description":"Klebetechnik aus Wuppertal","potentialAction":[{"@type":"SearchAction","target":{"@type":"EntryPoint","urlTemplate":"https:\/\/cardinal-tapes.com\/?s={search_term_string}"},"query-input":{"@type":"PropertyValueSpecification","valueRequired":true,"valueName":"search_term_string"}}],"inLanguage":"pl-PL"}]}},"brands":[{"id":2164,"name":"tesa","slug":"tesa-pl"}],"_links":{"self":[{"href":"https:\/\/cardinal-tapes.com\/pl\/wp-json\/wp\/v2\/product\/37514","targetHints":{"allow":["GET"]}}],"collection":[{"href":"https:\/\/cardinal-tapes.com\/pl\/wp-json\/wp\/v2\/product"}],"about":[{"href":"https:\/\/cardinal-tapes.com\/pl\/wp-json\/wp\/v2\/types\/product"}],"wp:featuredmedia":[{"embeddable":true,"href":"https:\/\/cardinal-tapes.com\/pl\/wp-json\/wp\/v2\/media\/28306"}],"wp:attachment":[{"href":"https:\/\/cardinal-tapes.com\/pl\/wp-json\/wp\/v2\/media?parent=37514"}],"wp:term":[{"taxonomy":"pwb-brand","embeddable":true,"href":"https:\/\/cardinal-tapes.com\/pl\/wp-json\/wp\/v2\/pwb-brand?post=37514"},{"taxonomy":"product_brand","embeddable":true,"href":"https:\/\/cardinal-tapes.com\/pl\/wp-json\/wp\/v2\/product_brand?post=37514"},{"taxonomy":"product_cat","embeddable":true,"href":"https:\/\/cardinal-tapes.com\/pl\/wp-json\/wp\/v2\/product_cat?post=37514"},{"taxonomy":"product_tag","embeddable":true,"href":"https:\/\/cardinal-tapes.com\/pl\/wp-json\/wp\/v2\/product_tag?post=37514"}],"curies":[{"name":"wp","href":"https:\/\/api.w.org\/{rel}","templated":true}]}}